{"id":10538,"date":"2020-10-07T17:10:32","date_gmt":"2020-10-07T17:10:32","guid":{"rendered":"https:\/\/www.moltexbaby.com\/?page_id=10538"},"modified":"2025-07-08T14:37:09","modified_gmt":"2025-07-08T14:37:09","slug":"moltex-ubrousky","status":"publish","type":"page","link":"https:\/\/www.moltexbaby.com\/cs\/vyrobky\/ubrousky\/moltex-ubrousky\/","title":{"rendered":"EKO vlh\u010den\u00e9 ubrousky Moltex Pure &#038; Nature na b\u00e1zi vody"},"content":{"rendered":"<div class=\"wpb-content-wrapper\"><p>[vc_row row_height_percent=&#8220;0&#8243; overlay_alpha=&#8220;50&#8243; gutter_size=&#8220;2&#8243; column_width_percent=&#8220;100&#8243; shift_y=&#8220;0&#8243; z_index=&#8220;0&#8243; el_class=&#8220;mb-icons-small&#8220;][vc_column column_width_use_pixel=&#8220;yes&#8220; align_horizontal=&#8220;align_center&#8220; gutter_size=&#8220;3&#8243; override_padding=&#8220;yes&#8220; column_padding=&#8220;3&#8243; back_color=&#8220;color-lxmt&#8220; overlay_alpha=&#8220;50&#8243; radius=&#8220;xl&#8220; shift_x=&#8220;0&#8243; shift_y=&#8220;0&#8243; shift_y_down=&#8220;0&#8243; z_index=&#8220;0&#8243; medium_width=&#8220;0&#8243; mobile_width=&#8220;0&#8243; sticky=&#8220;yes&#8220; width=&#8220;5\/12&#8243; column_width_pixel=&#8220;250&#8243;][uncode_list el_class=&#8220;type-list&#8220;]<\/p>\n<ul>\n<li class=\"product-category\">Ubrousky<\/li>\n<\/ul>\n<p>[\/uncode_list][vc_row_inner limit_content=&#8220;&#8220;][vc_column_inner width=&#8220;1\/1&#8243;][uncode_block id=&#8220;23366&#8243; inside_column=&#8220;yes&#8220;][\/vc_column_inner][\/vc_row_inner][\/vc_column][vc_column column_width_percent=&#8220;80&#8243; gutter_size=&#8220;2&#8243; overlay_alpha=&#8220;50&#8243; shift_x=&#8220;0&#8243; shift_y=&#8220;0&#8243; shift_y_down=&#8220;0&#8243; z_index=&#8220;0&#8243; medium_width=&#8220;0&#8243; mobile_width=&#8220;0&#8243; width=&#8220;7\/12&#8243; el_class=&#8220;bloc-product&#8220;][vc_empty_space empty_h=&#8220;2&#8243; mobile_visibility=&#8220;yes&#8220;][vc_row_inner row_inner_height_percent=&#8220;0&#8243; overlay_alpha=&#8220;50&#8243; equal_height=&#8220;yes&#8220; gutter_size=&#8220;3&#8243; shift_y=&#8220;0&#8243; z_index=&#8220;0&#8243; limit_content=&#8220;&#8220;][vc_column_inner column_width_percent=&#8220;100&#8243; position_vertical=&#8220;middle&#8220; gutter_size=&#8220;3&#8243; overlay_alpha=&#8220;50&#8243; shift_x=&#8220;0&#8243; shift_y=&#8220;0&#8243; shift_y_down=&#8220;0&#8243; z_index=&#8220;0&#8243; medium_width=&#8220;0&#8243; mobile_width=&#8220;5&#8243; width=&#8220;2\/3&#8243;][vc_custom_heading heading_semantic=&#8220;h1&#8243; uncode_shortcode_id=&#8220;185807&#8243;]EKO vlh\u010den\u00e9 ubrousky Moltex Pure &amp; Nature na b\u00e1zi vody (60 ks)[\/vc_custom_heading][\/vc_column_inner][\/vc_row_inner][vc_column_text uncode_shortcode_id=&#8220;685029&#8243;]R\u00e1di dop\u0159\u00e1v\u00e1te va\u0161emu miminku to nejlep\u0161\u00ed? Pak ur\u010dit\u011b vsa\u010fte na vlh\u010den\u00e9 ubrousky Moltex Pure &amp; Nature. Jsou zcela p\u0159\u00edrodn\u00ed, snadno se rozlo\u017e\u00ed a obsahuj\u00ed 99 % \u010dist\u00e9 vody. Nav\u00edc jsou bez parfemace, tak\u017ee perfektn\u011b sednou i citliv\u00e9 d\u011btsk\u00e9 poko\u017ece.[\/vc_column_text][vc_button button_color=&#8220;color-849171&#8243; size=&#8220;btn-lg&#8220; radius=&#8220;btn-circle&#8220; hover_fx=&#8220;full-colored&#8220; outline=&#8220;yes&#8220; border_width=&#8220;0&#8243; width=&#8220;185&#8243; link=&#8220;url:https%3A%2F%2Fwww.moltexbaby.com%2Fcs%2Fkoupit-online%2F|||&#8220;]Koupit[\/vc_button][vc_empty_space empty_h=&#8220;2&#8243;][vc_empty_space empty_h=&#8220;2&#8243;][vc_custom_heading heading_semantic=&#8220;h4&#8243; text_size=&#8220;h3&#8243; text_weight=&#8220;400&#8243; uncode_shortcode_id=&#8220;474440&#8243;]Pro\u010d po\u0159\u00eddit pr\u00e1v\u011b vlh\u010den\u00e9 ubrousky Moltex?[\/vc_custom_heading][vc_empty_space empty_h=&#8220;0&#8243;][vc_icon position=&#8220;left&#8220; icon_image=&#8220;11194&#8243; icon_color=&#8220;color-wvjs&#8220; media_size=&#8220;50&#8243; text_size=&#8220;h4&#8243; title=&#8220;<b>99%<\/b> obsahu \u010dist\u00e9 vody&#8220; uncode_shortcode_id=&#8220;961620&#8243; icon_color_type=&#8220;uncode-palette&#8220;]Ubrousky Moltex obsahuj\u00ed 99 % \u010di\u0161t\u011bn\u00e9 vody. To znamen\u00e1 vodu, ze kter\u00e9 byly odstran\u011bny ve\u0161ker\u00e9 chemik\u00e1lie a ne\u010distoty, kter\u00e9 by mohly zp\u016fsobovat alergie. Poko\u017eku d\u011bt\u00ed nedr\u00e1\u017ed\u00ed.[\/vc_icon][vc_empty_space empty_h=&#8220;0&#8243;][vc_icon position=&#8220;left&#8220; icon_image=&#8220;1226&#8243; icon_color=&#8220;color-wvjs&#8220; media_size=&#8220;60&#8243; text_size=&#8220;h4&#8243; title=&#8220;<b>Kvalita<\/b> potvrzen\u00e1 certifikacemi&#8220; uncode_shortcode_id=&#8220;138855&#8243; icon_color_type=&#8220;uncode-palette&#8220;]Ubrousky Moltex jsou samoz\u0159ejm\u011b dermatologicky testovan\u00e9. Tak\u00e9 jsou certifikov\u00e1ny PEFC, co\u017e znamen\u00e1, \u017ee poch\u00e1z\u00ed z les\u016f obhospoda\u0159ovan\u00fdch trvale udr\u017eiteln\u00fdm zp\u016fsobem. Tato certifikace potvrzuje, \u017ee produkty lesa jsou produkov\u00e1ny za dodr\u017eov\u00e1n\u00ed nejvy\u0161\u0161\u00edch ekologick\u00fdch, soci\u00e1ln\u00edch a etick\u00fdch standard\u016f.[\/vc_icon][vc_empty_space empty_h=&#8220;0&#8243;][vc_icon position=&#8220;left&#8220; icon_image=&#8220;11176&#8243; icon_color=&#8220;color-wvjs&#8220; media_size=&#8220;50&#8243; text_size=&#8220;h4&#8243; title=&#8220;<b>100%<\/b>p\u0159\u00edrodn\u00ed p\u016fvod&#8220; uncode_shortcode_id=&#8220;184858&#8243; icon_color_type=&#8220;uncode-palette&#8220;]Jsou zcela p\u0159\u00edrodn\u00ed, ekologick\u00e9 a d\u00edky tomu pat\u0159\u00ed mezi hypoalergenn\u00ed kosmetick\u00e9 pom\u016fcky, kter\u00e9 se nav\u00edc v p\u0159\u00edrod\u011b mnohem sn\u00e1ze a rychleji rozkl\u00e1daj\u00ed. Obal nav\u00edc obsahuje o 63 % m\u00e9n\u011b plastu, ne\u017e b\u011b\u017en\u00e9 vlh\u010den\u00e9 ubrousky.[\/vc_icon][vc_empty_space empty_h=&#8220;0&#8243;][vc_icon position=&#8220;left&#8220; icon_image=&#8220;1178&#8243; icon_color=&#8220;color-wvjs&#8220; media_size=&#8220;60&#8243; text_size=&#8220;h4&#8243; title=&#8220;<b>Bezpe\u010dn\u00e9<\/b> slo\u017een\u00ed pro citlivou poko\u017eku&#8220; uncode_shortcode_id=&#8220;723186&#8243; icon_color_type=&#8220;uncode-palette&#8220;]Vlh\u010den\u00e9 ubrousky Moltex neobsahuj\u00ed \u017e\u00e1dn\u00e9 parf\u00e9my, kter\u00e9 by mohly zp\u016fsobovat opruzeniny \u010di podr\u00e1\u017ed\u011bn\u00ed d\u011btsk\u00e9ho zade\u010dku. Nenajdete v nich ani \u017e\u00e1dn\u00fd alkohol a jsou pH neutr\u00e1ln\u00ed. P\u0159edstavuj\u00ed ide\u00e1ln\u00ed volbu pro mimininka ji\u017e od narozen\u00ed.[\/vc_icon][vc_empty_space empty_h=&#8220;0&#8243;][vc_icon position=&#8220;left&#8220; icon_image=&#8220;10616&#8243; icon_color=&#8220;color-wvjs&#8220; media_size=&#8220;60&#8243; text_size=&#8220;h4&#8243; title=&#8220;<b>Dermatologicky<\/b> testovan\u00e9&#8220; uncode_shortcode_id=&#8220;126471&#8243; icon_color_type=&#8220;uncode-palette&#8220;][\/vc_icon][vc_empty_space empty_h=&#8220;0&#8243;][vc_button button_color=&#8220;accent&#8220; size=&#8220;btn-lg&#8220; radius=&#8220;btn-circle&#8220; outline=&#8220;yes&#8220; border_width=&#8220;0&#8243; el_class=&#8220;btn-full&#8220; link=&#8220;url:https%3A%2F%2Fwww.moltexbaby.com%2Fcs%2Fudrzitelnost%2F|||&#8220;]dozv\u011bd\u011bt se v\u00edce[\/vc_button][vc_empty_space empty_h=&#8220;2&#8243;][\/vc_column][\/vc_row]<\/p>\n<\/div>","protected":false},"excerpt":{"rendered":"<p>[vc_row row_height_percent=&#8220;0&#8243; overlay_alpha=&#8220;50&#8243; gutter_size=&#8220;2&#8243; column_width_percent=&#8220;100&#8243; shift_y=&#8220;0&#8243; z_index=&#8220;0&#8243; el_class=&#8220;mb-icons-small&#8220;][vc_column column_width_use_pixel=&#8220;yes&#8220; align_horizontal=&#8220;align_center&#8220; gutter_size=&#8220;3&#8243; override_padding=&#8220;yes&#8220; column_padding=&#8220;3&#8243; back_color=&#8220;color-lxmt&#8220; overlay_alpha=&#8220;50&#8243; radius=&#8220;xl&#8220; shift_x=&#8220;0&#8243; shift_y=&#8220;0&#8243; shift_y_down=&#8220;0&#8243; z_index=&#8220;0&#8243; [&hellip;]<\/p>\n","protected":false},"author":6,"featured_media":23348,"parent":11037,"menu_order":64,"comment_status":"closed","ping_status":"closed","template":"","meta":{"_acf_changed":false,"footnotes":""},"height":[],"weight":[],"class_list":["post-10538","page","type-page","status-publish","has-post-thumbnail","hentry","page_category-ubrousky"],"acf":[],"_links":{"self":[{"href":"https:\/\/www.moltexbaby.com\/cs\/wp-json\/wp\/v2\/pages\/10538","targetHints":{"allow":["GET"]}}],"collection":[{"href":"https:\/\/www.moltexbaby.com\/cs\/wp-json\/wp\/v2\/pages"}],"about":[{"href":"https:\/\/www.moltexbaby.com\/cs\/wp-json\/wp\/v2\/types\/page"}],"author":[{"embeddable":true,"href":"https:\/\/www.moltexbaby.com\/cs\/wp-json\/wp\/v2\/users\/6"}],"replies":[{"embeddable":true,"href":"https:\/\/www.moltexbaby.com\/cs\/wp-json\/wp\/v2\/comments?post=10538"}],"version-history":[{"count":0,"href":"https:\/\/www.moltexbaby.com\/cs\/wp-json\/wp\/v2\/pages\/10538\/revisions"}],"up":[{"embeddable":true,"href":"https:\/\/www.moltexbaby.com\/cs\/wp-json\/wp\/v2\/pages\/11037"}],"wp:featuredmedia":[{"embeddable":true,"href":"https:\/\/www.moltexbaby.com\/cs\/wp-json\/wp\/v2\/media\/23348"}],"wp:attachment":[{"href":"https:\/\/www.moltexbaby.com\/cs\/wp-json\/wp\/v2\/media?parent=10538"}],"wp:term":[{"taxonomy":"height","embeddable":true,"href":"https:\/\/www.moltexbaby.com\/cs\/wp-json\/wp\/v2\/height?post=10538"},{"taxonomy":"weight","embeddable":true,"href":"https:\/\/www.moltexbaby.com\/cs\/wp-json\/wp\/v2\/weight?post=10538"}],"curies":[{"name":"wp","href":"https:\/\/api.w.org\/{rel}","templated":true}]}}