{"id":3224,"date":"2020-07-10T21:19:26","date_gmt":"2020-07-10T21:19:26","guid":{"rendered":"https:\/\/www.moltexbaby.com\/?page_id=3224"},"modified":"2025-07-08T14:48:07","modified_gmt":"2025-07-08T14:48:07","slug":"udrzitelnost","status":"publish","type":"page","link":"https:\/\/www.moltexbaby.com\/cs\/udrzitelnost\/","title":{"rendered":"Udr\u017eitelnost"},"content":{"rendered":"<div class=\"wpb-content-wrapper\"><p>[vc_row row_height_percent=&#8220;0&#8243; override_padding=&#8220;yes&#8220; h_padding=&#8220;2&#8243; top_padding=&#8220;1&#8243; bottom_padding=&#8220;2&#8243; overlay_alpha=&#8220;50&#8243; gutter_size=&#8220;3&#8243; column_width_percent=&#8220;100&#8243; shift_y=&#8220;0&#8243; z_index=&#8220;0&#8243;][vc_column column_width_use_pixel=&#8220;yes&#8220; align_horizontal=&#8220;align_center&#8220; gutter_size=&#8220;2&#8243; overlay_alpha=&#8220;50&#8243; shift_x=&#8220;0&#8243; shift_y=&#8220;0&#8243; shift_y_down=&#8220;0&#8243; z_index=&#8220;0&#8243; medium_width=&#8220;0&#8243; mobile_width=&#8220;0&#8243; width=&#8220;1\/1&#8243; column_width_pixel=&#8220;840&#8243;][vc_custom_heading]<span class=\"TextRun SCXW80320876 BCX0\" lang=\"EN-US\" xml:lang=\"EN-US\" data-contrast=\"auto\"><span class=\"NormalTextRun SpellingErrorV2 SCXW80320876 BCX0\">Udr\u017eitelnost<\/span><\/span>[\/vc_custom_heading][vc_custom_heading text_color=&#8220;color-wvjs&#8220; heading_semantic=&#8220;p&#8220; text_size=&#8220;h4&#8243; text_weight=&#8220;400&#8243; uncode_shortcode_id=&#8220;581725&#8243; text_color_type=&#8220;uncode-palette&#8220;]MOLTEX Pure &amp; Nature m\u00e1 dlouholetou tradici nab\u00edzet spolehliv\u00e9 a vysoce v\u00fdkonn\u00e9 produkty p\u00e9\u010de o d\u011bti, kter\u00e9 jsou bezpe\u010dn\u00e9 pro poko\u017eku va\u0161eho d\u00edt\u011bte a \u0161etrn\u00e9 k \u017eivotn\u00edmu prost\u0159ed\u00ed. Plenky Moltex Pure &amp; Nature s vyu\u017eit\u00edm nejnov\u011bj\u0161\u00edch dostupn\u00fdch technologi\u00ed v\u00fdroby a kontroly kvality jsou vyr\u00e1b\u011bny v \u0160pan\u011blsku a \u010cesk\u00e9 republice s vyu\u017eit\u00edm 100% zelen\u00e9 elekt\u0159iny. Oba z\u00e1vody maj\u00ed certifik\u00e1t ISO14001 &amp; 50001, co\u017e dokazuje solidn\u00ed environment\u00e1ln\u00ed a energetick\u00fd management.[\/vc_custom_heading][vc_empty_space empty_h=&#8220;2&#8243;][vc_custom_heading text_color=&#8220;color-wvjs&#8220; heading_semantic=&#8220;p&#8220; text_size=&#8220;h4&#8243; text_weight=&#8220;400&#8243;]Jedin\u011b\u00a0tak\u00a0m\u016f\u017eeme\u00a0zajistit\u00a0budouc\u00edm\u00a0generac\u00edm\u00a0\u2013\u00a0sou\u010dasn\u00fdm\u00a0a\u00a0budouc\u00edm\u00a0mal\u00fdm\u00a0hrdin\u016fm\u00a0v\u00a0plenk\u00e1ch\u00a0&#8211;\u00a0ekologicky\u00a0bezpe\u010dnou\u00a0budoucnost.[\/vc_custom_heading][vc_empty_space empty_h=&#8220;2&#8243;][\/vc_column][\/vc_row][vc_row row_height_percent=&#8220;0&#8243; override_padding=&#8220;yes&#8220; h_padding=&#8220;2&#8243; top_padding=&#8220;2&#8243; bottom_padding=&#8220;2&#8243; back_image=&#8220;871&#8243; overlay_alpha=&#8220;20&#8243; gutter_size=&#8220;3&#8243; column_width_percent=&#8220;100&#8243; shift_y=&#8220;0&#8243; z_index=&#8220;0&#8243; back_size=&#8220;1280px&#8220; row_height_pixel=&#8220;420&#8243;][vc_column column_width_percent=&#8220;100&#8243; position_vertical=&#8220;middle&#8220; gutter_size=&#8220;3&#8243; override_padding=&#8220;yes&#8220; column_padding=&#8220;3&#8243; style=&#8220;light&#8220; overlay_alpha=&#8220;0&#8243; radius=&#8220;lg&#8220; shift_x=&#8220;0&#8243; shift_y=&#8220;0&#8243; shift_y_down=&#8220;0&#8243; z_index=&#8220;0&#8243; medium_width=&#8220;0&#8243; mobile_width=&#8220;0&#8243; width=&#8220;1\/1&#8243;][vc_custom_heading text_font=&#8220;font-153194&#8243; text_size=&#8220;h1&#8243;]\u201c<span class=\"TextRun BCX0 SCXW85671899\" lang=\"EN-US\" xml:lang=\"EN-US\" data-contrast=\"auto\"><span class=\"NormalTextRun BCX0 SCXW85671899\">P\u0159\u00edroda je v bezpe\u010d\u00ed,<br \/>\nstejn\u011b jako moje plenka<\/span><\/span>\u201d[\/vc_custom_heading][\/vc_column][\/vc_row][vc_row row_height_percent=&#8220;0&#8243; override_padding=&#8220;yes&#8220; h_padding=&#8220;2&#8243; top_padding=&#8220;2&#8243; bottom_padding=&#8220;3&#8243; overlay_alpha=&#8220;50&#8243; gutter_size=&#8220;3&#8243; column_width_percent=&#8220;100&#8243; shift_y=&#8220;0&#8243; z_index=&#8220;0&#8243;][vc_column width=&#8220;1\/6&#8243;][\/vc_column][vc_column width=&#8220;4\/6&#8243;][vc_custom_heading heading_semantic=&#8220;h3&#8243; text_size=&#8220;h3&#8243;]<strong><span class=\"TextRun Highlight SCXW45268086 BCX0\" lang=\"EN-US\" xml:lang=\"EN-US\" data-contrast=\"auto\"><span class=\"NormalTextRun SpellingErrorV2 SCXW45268086 BCX0\">Uhl\u00edkov\u00e1<\/span><span class=\"NormalTextRun SCXW45268086 BCX0\">\u00a0<\/span><span class=\"NormalTextRun SpellingErrorV2 SCXW45268086 BCX0\">neutralita<\/span><\/span><span class=\"EOP SCXW45268086 BCX0\" data-ccp-props=\"{&quot;201341983&quot;:0,&quot;335559740&quot;:240}\">\u00a0<\/span><\/strong>[\/vc_custom_heading][vc_column_text uncode_shortcode_id=&#8220;978653&#8243;]S ohledem na opat\u0159en\u00ed v oblasti klimatu (SDG 13) se Spole\u010dnost Ontex (pod kterou zna\u010dka Moltex p\u016fsob\u00ed) zam\u011b\u0159uje na energetickou \u00fa\u010dinnost, energii z obnoviteln\u00fdch zdroj\u016f a podporu odolnosti v\u016f\u010di zm\u011bn\u00e1m klimatu tak, aby se jejich \u010dinnost mohla do roku 2030 st\u00e1t uhl\u00edkov\u011b neutr\u00e1ln\u00ed.[\/vc_column_text][vc_custom_heading heading_semantic=&#8220;h3&#8243; text_size=&#8220;h3&#8243; subheading=&#8220;Na skl\u00e1dce neskon\u010d\u00ed \u017e\u00e1dn\u00fd v\u00fdrobn\u00ed odpad.&#8220; uncode_shortcode_id=&#8220;131142&#8243;]Nulov\u00fd odpad p\u0159i v\u00fdrob\u011b[\/vc_custom_heading][vc_custom_heading heading_semantic=&#8220;h3&#8243; text_size=&#8220;h3&#8243; subheading=&#8220;V Moltexu klademe velik\u00fd d\u016fraz na to, aby na\u0161e suroviny poch\u00e1zely z eticky a spole\u010densky p\u0159ijateln\u00fdch a odpov\u011bdn\u00fdch zdroj\u016f. Pou\u017e\u00edv\u00e1me p\u0159\u00edstup soci\u00e1ln\u00edho auditu, kter\u00fd n\u00e1m zaji\u0161\u0165uje soci\u00e1ln\u00ed shody v na\u0161em dodavatelsk\u00e9m \u0159et\u011bzci.&#8220; uncode_shortcode_id=&#8220;645279&#8243;]Etick\u00e9 z\u00edsk\u00e1v\u00e1n\u00ed zdroj\u016f[\/vc_custom_heading][vc_custom_heading heading_semantic=&#8220;h3&#8243; text_size=&#8220;h3&#8243; subheading=&#8220;Na\u0161e d\u011btsk\u00e9 plenky a kalhotky Moltex jsou vyr\u00e1b\u011bny v evropsk\u00fdch v\u00fdrobn\u00edch z\u00e1vodech v\u00fdhradn\u011b s vyu\u017eit\u00edm zelen\u00e9 elekt\u0159iny.<\/p>\n<p>Tyto z\u00e1vody jsou certifikov\u00e1ny ISO14001 a ISO50001.<br \/>\nISO 14001 je mezin\u00e1rodn\u011b uzn\u00e1van\u00e1 norma, kter\u00e1 stanovuje po\u017eadavky na syst\u00e9m environment\u00e1ln\u00edho managementu. S t\u00edmto environment\u00e1ln\u00edm syst\u00e9mem jsme schopni identifikovat a kontrolovat dopad na\u0161ich \u010dinnost\u00ed, produkt\u016f a slu\u017eeb na \u017eivotn\u00ed prost\u0159ed\u00ed a neust\u00e1le zlep\u0161ujeme na\u0161i environment\u00e1ln\u00ed v\u00fdkonnost.<br \/>\nNorma ISO 50001 poskytuje r\u00e1mec po\u017eadavk\u016f, kter\u00fd n\u00e1m umo\u017e\u0148uje rozv\u00edjet politiku efektivn\u011bj\u0161\u00edho vyu\u017e\u00edv\u00e1n\u00ed energie a neust\u00e1le zlep\u0161ovat na\u0161e hospoda\u0159en\u00ed s energi\u00ed.&#8220; uncode_shortcode_id=&#8220;147713&#8243; text_color_type=&#8220;uncode-palette&#8220; text_color_solid=&#8220;#ff0000&#8243;]Environment\u00e1ln\u00ed a energetick\u00fd management[\/vc_custom_heading][vc_custom_heading heading_semantic=&#8220;h3&#8243; text_size=&#8220;h3&#8243; subheading=&#8220;Zam\u011bstnanci spole\u010dnosti Moltex jsou na\u0161im srdcem a hnac\u00ed silou. Spol\u00e9h\u00e1me se na systematick\u00fd, praktick\u00fd p\u0159\u00edstup k rozvoji zam\u011bstnanc\u016f, jako\u017e i na povzbuzen\u00ed a podporu jejich aktu\u00e1ln\u00edho a dal\u0161\u00edho vzd\u011bl\u00e1v\u00e1n\u00ed. Zd\u016fraz\u0148ujeme v\u00fdznam podpory pokrokov\u00fdch vylep\u0161en\u00ed t\u00fdkaj\u00edc\u00edch se dosa\u017een\u00ed rovnov\u00e1hy mezi pracovn\u00edm a soukrom\u00fdm \u017eivotem prost\u0159ednictv\u00edm \u00fa\u010dinn\u00fdch opat\u0159en\u00ed. Je pro n\u00e1s tak\u00e9 d\u016fle\u017eit\u00e9 zv\u00fd\u0161it pov\u011bdom\u00ed o udr\u017eiteln\u00fdch hodnot\u00e1ch mezi celou na\u0161\u00ed pracovn\u00ed silou a sna\u017e\u00edme se j\u00edt dobr\u00fdm p\u0159\u00edkladem. Toto je proces, kter\u00fd lze prov\u00e9st pouze spole\u010dn\u011b a pomoc\u00ed mal\u00fdch krok\u016f. V na\u0161ich z\u00e1vodech nav\u00edc prov\u00e1d\u00edme soci\u00e1ln\u00ed audity t\u0159et\u00edch stran (BSCI), abychom zajistili spravedliv\u00e9 pracovn\u00ed podm\u00ednky.&#8220; uncode_shortcode_id=&#8220;197107&#8243;]Na\u0161i zam\u011bstnanci: srdce a hnac\u00ed s\u00edla spole\u010dnosti Moltex[\/vc_custom_heading][vc_custom_heading heading_semantic=&#8220;h3&#8243; text_size=&#8220;h3&#8243; subheading=&#8220;Moltex u\u017e pot\u0159et\u00ed v \u0159ad\u011b z\u00edskal ocen\u011bn\u00ed v podob\u011b certifikace kvality Green Brands. Jako Green Brands GREEN BRANDS jsou ozna\u010deny zna\u010dky, kter\u00e9 v\u00fdznamn\u011b p\u0159isp\u00edvaj\u00ed k ochran\u011b p\u0159\u00edrody a \u017eivotn\u00edho prost\u0159ed\u00ed.<\/p>\n<p>Plenky Moltex a dal\u0161\u00ed produkty zna\u010dky vyr\u00e1b\u00edme zp\u016fsobem \u0161etrn\u00fdm k \u017eivotn\u00edmu prost\u0159ed\u00ed a sna\u017e\u00edme se d\u016fsledn\u011b a odpov\u011bdn\u011b podporovat ochranu p\u0159\u00edrodn\u00edch biotop\u016f, zdroj\u016f, zachov\u00e1n\u00ed p\u0159\u00edrody a udr\u017eitelnou kvalitu \u017eivota. Toto ozna\u010den\u00ed pom\u00e1h\u00e1 spot\u0159ebitel\u016fm orentovat se ve v\u00fdb\u011bru produkt\u016f a zaji\u0161\u0165uje spolehlivou kvalitu.&#8220; uncode_shortcode_id=&#8220;174186&#8243; text_color_type=&#8220;uncode-palette&#8220; text_color_solid=&#8220;#ff0000&#8243;]<span class=\"TextRun SCXW38032422 BCX0\" lang=\"EN-US\" xml:lang=\"EN-US\" data-contrast=\"auto\"><span class=\"NormalTextRun SpellingErrorV2 SCXW38032422 BCX0\">Uzn\u00e1n\u00ed<\/span><span class=\"NormalTextRun SCXW38032422 BCX0\">\u00a0pro Moltex<\/span><\/span><span class=\"EOP SCXW38032422 BCX0\" data-ccp-props=\"{&quot;201341983&quot;:0,&quot;335559740&quot;:240}\">\u00a0<\/span>[\/vc_custom_heading][\/vc_column][vc_column width=&#8220;1\/6&#8243;][\/vc_column][\/vc_row][vc_row][vc_column width=&#8220;1\/1&#8243;][uncode_block id=&#8220;1870&#8243;][\/vc_column][\/vc_row][vc_row row_height_percent=&#8220;0&#8243; override_padding=&#8220;yes&#8220; h_padding=&#8220;2&#8243; top_padding=&#8220;3&#8243; bottom_padding=&#8220;2&#8243; overlay_alpha=&#8220;50&#8243; gutter_size=&#8220;3&#8243; column_width_percent=&#8220;100&#8243; shift_y=&#8220;0&#8243; z_index=&#8220;0&#8243;][vc_column width=&#8220;1\/6&#8243;][\/vc_column][vc_column width=&#8220;4\/6&#8243;][vc_custom_heading heading_semantic=&#8220;h3&#8243; text_size=&#8220;h3&#8243;]AllergyCertified[\/vc_custom_heading][vc_column_text uncode_shortcode_id=&#8220;140476&#8243;]AllergyCertified je mezin\u00e1rodn\u00ed zna\u010dka zaru\u010duj\u00edc\u00ed minim\u00e1ln\u00ed riziko v\u00fdskytu ko\u017en\u00ed alergie. Toxikolog nez\u00e1visl\u00e9ho institutu AllergyCertified prov\u00e1d\u00ed d\u016fkladn\u00e9 posouzen\u00ed rizik v\u0161ech slo\u017eek p\u0159\u00edtomn\u00fdch v produktu. Chemik\u00e1lie, kter\u00e9 nejsou povoleny, jsou slo\u017eky zn\u00e1m\u00e9 jako alergenn\u00ed, karcinogenn\u00ed a l\u00e1tky, kter\u00e9 naru\u0161uj\u00ed reproduk\u010dn\u00ed syst\u00e9m (endokrinn\u00ed disruptory).<\/p>\n<p>Pro dal\u0161\u00ed informace pros\u00edm nav\u0161tivte: <a href=\"http:\/\/allergycertified.com\/\" target=\"_blank\" rel=\"noopener\">http:\/\/allergycertified.com\/<\/a>[\/vc_column_text][vc_custom_heading heading_semantic=&#8220;h3&#8243; text_size=&#8220;h3&#8243; uncode_shortcode_id=&#8220;672868&#8243;]\u0160T\u00cdTEK KVALITY DERMATEST[\/vc_custom_heading][vc_column_text uncode_shortcode_id=&#8220;210063&#8243;]V\u00fdrobky Moltex se py\u0161n\u00ed ocen\u011bn\u00edm ozna\u010den\u00fdm jako p\u011bt hv\u011bzd. Znamen\u00e1 to, \u017ee jsou klinicky testov\u00e1ny nez\u00e1visl\u00fdm institutem DERMATEST\u00ae. Ten poskytuje nejvy\u0161\u0161\u00ed \u00farove\u0148 jistoty, \u017ee dan\u00e9 v\u00fdrobky nebudou kr\u00e1tkodob\u011b ani dlouhodob\u011b zp\u016fsobovat podr\u00e1\u017ed\u011bn\u00ed k\u016f\u017ee, ani alergie. Klinick\u00e9 testov\u00e1n\u00ed zahrnuje:<\/p>\n<p>\u2013 Zku\u0161ebn\u00ed obdob\u00ed nejm\u00e9n\u011b \u010dty\u0159 t\u00fddn\u016f<\/p>\n<p>\u2013 Aplikace na ur\u010den\u00e9 oblasti k\u016f\u017ee<\/p>\n<p>\u2013 M\u011b\u0159en\u00ed fyziologick\u00e9 charakteristiky k\u016f\u017ee<\/p>\n<p>\u2013 Z\u00e1v\u011bre\u010dn\u00fd \u201cn\u00e1plastov\u00fd\u201d test k vylou\u010den\u00ed alergie, kter\u00e1 se mohla vyvinout b\u011bhem zku\u0161ebn\u00edho obdob\u00ed<\/p>\n<p>Pro dal\u0161\u00ed informace pros\u00edm nav\u0161tivte: <a href=\"https:\/\/www.dermatest.de\/en\/about-us\/quality\/seal-of-approval\/five-star-seal\">www.5-star-guarantee.de<\/a>[\/vc_column_text][vc_custom_heading heading_semantic=&#8220;h3&#8243; text_size=&#8220;h3&#8243; uncode_shortcode_id=&#8220;117352&#8243;]OEKO-TEX\u00ae STANDARD 100[\/vc_custom_heading][vc_column_text uncode_shortcode_id=&#8220;997434&#8243;]OEKO-TEX\u00ae STANDARD 100 je jedn\u00edm z nejzn\u00e1m\u011bj\u0161\u00edch sv\u011btov\u00fdch ozna\u010den\u00ed produkt\u016f testovan\u00fdch na p\u0159\u00edtomnost \u0161kodliv\u00fdch l\u00e1tek.<\/p>\n<p>P\u0159i zkou\u0161k\u00e1ch je br\u00e1na v \u00favahu \u0159ada regulovan\u00fdch a neregulovan\u00fdch l\u00e1tek, kter\u00e9 mohou b\u00fdt \u0161kodliv\u00e9 pro lidsk\u00e9 zdrav\u00ed. V mnoha p\u0159\u00edpadech mezn\u00ed hodnoty pro STANDARD 100 p\u0159ekra\u010duj\u00ed n\u00e1rodn\u00ed a mezin\u00e1rodn\u00ed po\u017eadavky.<\/p>\n<p>D\u011bti pot\u0159ebuj\u00ed zvl\u00e1\u0161tn\u00ed ochranu. \u201eT\u0159\u00edda I\u201c v OEKO-TEX\u00ae je ozna\u010den\u00ed v\u00fdrobk\u016f pro p\u00e9\u010di o d\u011bti zast\u00e1vaj\u00edc\u00ed p\u0159\u00edsn\u00e1 krit\u00e9ria s ohledem na citlivou d\u011btskou poko\u017ekou. Na\u0161e v\u00fdrobky jsou nav\u00edc testov\u00e1ny a certifikov\u00e1ny podle roz\u0161\u00ed\u0159en\u00fdch po\u017eadavk\u016f \u201eP\u0159\u00edlohy 6\u201c, kter\u00e9 jsou ve srovn\u00e1n\u00ed s po\u017eadavky \u201eP\u0159\u00edlohy 4\u201c mnohem p\u0159\u00edsn\u011bj\u0161\u00ed.<\/p>\n<p>V\u00fdrobky Moltex jsou testov\u00e1ny na \u0161kodliv\u00e9 l\u00e1tky podle OEKO-TEX\u00ae STANDARD 100.<\/p>\n<p>Pro\u00a0dal\u0161\u00ed\u00a0informace\u00a0pros\u00edm\u00a0nav\u0161tivte: <a href=\"https:\/\/www.oeko-tex.com\/en\/our-standards\/standard-100-by-oeko-tex\">www.oeko-tex.com\/stardard100<\/a>[\/vc_column_text][vc_custom_heading heading_semantic=&#8220;h3&#8243; text_size=&#8220;h3&#8243;]Cotton enhanced\u2122[\/vc_custom_heading][vc_column_text uncode_shortcode_id=&#8220;128058&#8243;]Vn\u011bj\u0161\u00ed vrstva plenek Moltex je vyrobena z prvot\u0159\u00eddn\u00ed bavlny.<\/p>\n<p>Ochrann\u00e1 zn\u00e1mka Seal of Cotton usnad\u0148uje spot\u0159ebitel\u016fm identifikaci produkt\u016f obsahuj\u00edc\u00edch bavlnu. Ochrann\u00e9 zn\u00e1mky Seal of Cotton a cotton enhanced \u2122 jsou vlastnictv\u00edm neziskov\u00e9 organizace Cotton Incorporated od roku 1973.<\/p>\n<p>Pro dal\u0161\u00ed informace pros\u00edm nav\u0161tivte: <a href=\"https:\/\/www.cottoninc.com\/\">www.cottoninc.com<\/a>[\/vc_column_text][vc_custom_heading heading_semantic=&#8220;h3&#8243; text_size=&#8220;h3&#8243; uncode_shortcode_id=&#8220;117401&#8243;]Vn\u011bj\u0161\u00ed\u00a0vrstva\u00a0z\u00a0organick\u00e9\u00a0bavlny\u00a0[\/vc_custom_heading][vc_column_text uncode_shortcode_id=&#8220;178928&#8243;]Vn\u011bj\u0161\u00ed vrstva na\u0161ich plen obsahuje organickou bavlnu, kter\u00e1 je vyrobena a certifikov\u00e1na podle ekologick\u00fdch zem\u011bd\u011blsk\u00fdch norem, kter\u00e9 nepovoluj\u00ed pou\u017eit\u00ed toxick\u00fdch chemik\u00e1li\u00ed nebo GMO (&#8230;). To pom\u00e1h\u00e1 udr\u017eovat zdrav\u00ed p\u016fdy, ekosyst\u00e9m\u016f a lid\u00ed.[\/vc_column_text][vc_custom_heading heading_semantic=&#8220;h3&#8243; text_size=&#8220;h3&#8243; uncode_shortcode_id=&#8220;134834&#8243;]Vnit\u0159n\u00ed vrstva 100% p\u0159\u00edrodn\u00edho p\u016fvodu[\/vc_custom_heading][vc_column_text uncode_shortcode_id=&#8220;340833&#8243;]M\u011bkk\u00e1 vnit\u0159n\u00ed vrstva plenky, kter\u00e1 je ve styku s d\u011btskou poko\u017ekou, je vyrobena ze 100% obnoviteln\u00e9ho materi\u00e1lu na b\u00e1zi kuku\u0159ice a cukrov\u00e9 t\u0159tiny.[\/vc_column_text][vc_custom_heading heading_semantic=&#8220;h3&#8243; text_size=&#8220;h3&#8243;]EU Ecolabel[\/vc_custom_heading][vc_column_text]Plenky, kter\u00fdm byla ud\u011blena ofici\u00e1ln\u00ed z\u00e1ruka EU Ecolabel, spl\u0148uj\u00ed b\u011bhem sv\u00e9ho \u201c\u017eivotn\u00edho\u201d cyklu nejvy\u0161\u0161\u00ed ekologick\u00e9 standardy: od zaji\u0161\u0165ov\u00e1n\u00ed materi\u00e1l\u016f a\u017e po v\u00fdrobu, distribuci a likvidaci. V\u00fdrobek mus\u00ed rovn\u011b\u017e spl\u0148ovat p\u0159\u00edsn\u00e1 krit\u00e9ria kvality a proveden\u00ed, kter\u00e1 pom\u00e1haj\u00ed spot\u0159ebitel\u016fm p\u0159i v\u00fdb\u011bru ekologick\u00fdch mo\u017enost\u00ed, ani\u017e by museli slevit z kvality.<\/p>\n<p>Pro dal\u0161\u00ed informace pros\u00edm nav\u0161tivte: <a href=\"https:\/\/ec.europa.eu\/environment\/ecolabel\/\">https:\/\/ec.europa.eu\/environment\/ecolabel\/<\/a>[\/vc_column_text][vc_custom_heading heading_semantic=&#8220;h3&#8243; text_size=&#8220;h3&#8243;]FSC\u00ae[\/vc_custom_heading][vc_column_text uncode_shortcode_id=&#8220;121049&#8243;]V\u00fdb\u011brem plenek obsahuj\u00edc\u00edch materi\u00e1l vyroben\u00fd z buni\u010diny s ozna\u010den\u00edm FSC\u00ae pom\u00e1h\u00e1te chr\u00e1nit sv\u011btov\u00e9 lesy a bojovat proti odles\u0148ov\u00e1n\u00ed. Forest Stewardship Council (FSC\u00ae) usiluje o odpov\u011bdn\u00e9 hospoda\u0159en\u00ed s lesy po cel\u00e9m sv\u011bt\u011b podle p\u0159\u00edsn\u00fdch spole\u010densk\u00fdch, ekologick\u00fdch a ekonomick\u00fdch krit\u00e9ri\u00ed.<\/p>\n<p><span data-contrast=\"auto\">Webov\u00e1 str\u00e1nka: <\/span><a href=\"https:\/\/fsc.org\/en\">https:\/\/fsc.org\/en<\/a>[\/vc_column_text][vc_custom_heading heading_semantic=&#8220;h3&#8243; text_size=&#8220;h3&#8243;]OK biobased\u00ae[\/vc_custom_heading][vc_column_text uncode_shortcode_id=&#8220;189233&#8243;]Na\u0161e obaly jsou vyrobeny na b\u00e1zi biologick\u00e9ho plastu, kter\u00fd z\u00edskal certifik\u00e1t OK biobased. OK biobased je nez\u00e1visl\u00fd certifika\u010dn\u00ed syst\u00e9m t\u0159et\u00edch stran implementovan\u00fd spole\u010dnost\u00ed T\u00dcV AUSTRIA. Na z\u00e1klad\u011b v\u00fdsledk\u016f test\u016f ur\u010duje procentu\u00e1ln\u00ed pod\u00edl obnoviteln\u00e9 suroviny ve v\u00fdrobku t\u00edm, \u017ee j\u00ed ud\u011bluje jednu a\u017e \u010dty\u0159i hv\u011bzdi\u010dky.<\/p>\n<p>[\/vc_column_text][\/vc_column][vc_column width=&#8220;1\/6&#8243;][\/vc_column][\/vc_row]<\/p>\n<\/div>","protected":false},"excerpt":{"rendered":"<p>[vc_row row_height_percent=&#8220;0&#8243; override_padding=&#8220;yes&#8220; h_padding=&#8220;2&#8243; top_padding=&#8220;1&#8243; bottom_padding=&#8220;2&#8243; overlay_alpha=&#8220;50&#8243; gutter_size=&#8220;3&#8243; column_width_percent=&#8220;100&#8243; shift_y=&#8220;0&#8243; z_index=&#8220;0&#8243;][vc_column column_width_use_pixel=&#8220;yes&#8220; align_horizontal=&#8220;align_center&#8220; gutter_size=&#8220;2&#8243; overlay_alpha=&#8220;50&#8243; shift_x=&#8220;0&#8243; shift_y=&#8220;0&#8243; shift_y_down=&#8220;0&#8243; z_index=&#8220;0&#8243; medium_width=&#8220;0&#8243; [&hellip;]<\/p>\n","protected":false},"author":6,"featured_media":0,"parent":0,"menu_order":197,"comment_status":"closed","ping_status":"closed","template":"","meta":{"_acf_changed":false,"footnotes":""},"height":[],"weight":[],"class_list":["post-3224","page","type-page","status-publish","hentry"],"acf":[],"_links":{"self":[{"href":"https:\/\/www.moltexbaby.com\/cs\/wp-json\/wp\/v2\/pages\/3224","targetHints":{"allow":["GET"]}}],"collection":[{"href":"https:\/\/www.moltexbaby.com\/cs\/wp-json\/wp\/v2\/pages"}],"about":[{"href":"https:\/\/www.moltexbaby.com\/cs\/wp-json\/wp\/v2\/types\/page"}],"author":[{"embeddable":true,"href":"https:\/\/www.moltexbaby.com\/cs\/wp-json\/wp\/v2\/users\/6"}],"replies":[{"embeddable":true,"href":"https:\/\/www.moltexbaby.com\/cs\/wp-json\/wp\/v2\/comments?post=3224"}],"version-history":[{"count":0,"href":"https:\/\/www.moltexbaby.com\/cs\/wp-json\/wp\/v2\/pages\/3224\/revisions"}],"wp:attachment":[{"href":"https:\/\/www.moltexbaby.com\/cs\/wp-json\/wp\/v2\/media?parent=3224"}],"wp:term":[{"taxonomy":"height","embeddable":true,"href":"https:\/\/www.moltexbaby.com\/cs\/wp-json\/wp\/v2\/height?post=3224"},{"taxonomy":"weight","embeddable":true,"href":"https:\/\/www.moltexbaby.com\/cs\/wp-json\/wp\/v2\/weight?post=3224"}],"curies":[{"name":"wp","href":"https:\/\/api.w.org\/{rel}","templated":true}]}}