{"id":3713,"date":"2020-07-13T12:14:44","date_gmt":"2020-07-13T12:14:44","guid":{"rendered":"https:\/\/www.moltexbaby.com\/?page_id=3713"},"modified":"2022-05-31T13:12:59","modified_gmt":"2022-05-31T13:12:59","slug":"zasady-tykajici-se-souboru-cookie","status":"publish","type":"page","link":"https:\/\/www.moltexbaby.com\/cs\/zasady-tykajici-se-souboru-cookie\/","title":{"rendered":"Z\u00e1sady t\u00fdkaj\u00edc\u00ed se soubor\u016f cookies"},"content":{"rendered":"<div class=\"wpb-content-wrapper\"><p>[vc_row][vc_column width=&#8220;1\/1&#8243;][vc_column_text uncode_shortcode_id=&#8220;178395&#8243;]<\/p>\n<h1 class=\"entry-title\">Z\u00c1SADY COOKIES<\/h1>\n<p>Posledn\u00ed aktualizace : 25\/06\/2020<\/p>\n<p>Tento web pou\u017e\u00edv\u00e1 soubory cookie. Tyto z\u00e1sady v\u00e1s informuj\u00ed o \u00fa\u010delech, pro kter\u00e9 Ontex Sant\u00e9 France pou\u017e\u00edv\u00e1 tyto soubory cookie a jak je m\u016f\u017eete spravovat.<\/p>\n<p>&nbsp;<\/p>\n<p><strong>1.Co je to cookie?<\/strong><\/p>\n<p>\u201eCookie\u201c je soubor omezen\u00e9 velikosti, obecn\u011b sest\u00e1vaj\u00edc\u00ed z p\u00edsmen a \u010d\u00edslic, odeslan\u00fd webov\u00fdm serverem do souboru cookie prohl\u00ed\u017ee\u010de um\u00edst\u011bn\u00e9ho na pevn\u00e9m disku va\u0161eho po\u010d\u00edta\u010de (nebo jak\u00e9hokoli jin\u00e9ho za\u0159\u00edzen\u00ed p\u0159ipojen\u00e9ho k internetu, nap\u0159. smartphone nebo tablet), kdy\u017e nav\u0161t\u00edv\u00edte tento web.<br \/>\nSoubor cookie obvykle obsahuje n\u00e1zev webov\u00e9 str\u00e1nky, ze kter\u00e9 poch\u00e1z\u00ed, jej\u00ed \u017eivotnost (jak dlouho z\u016fst\u00e1v\u00e1 na va\u0161em za\u0159\u00edzen\u00ed) a hodnotu, co\u017e je obvykle n\u00e1hodn\u011b vygenerovan\u00e9 jedine\u010dn\u00e9 \u010d\u00edslo.<\/p>\n<p>Lze pou\u017e\u00edt dva typy soubor\u016f cookie: do\u010dasn\u00e9 soubory cookie a trval\u00e9 soubory cookie. Do\u010dasn\u00e9 soubory cookie se na konci relace prohl\u00ed\u017een\u00ed automaticky vyma\u017eou. Trval\u00e9 soubory cookie z\u016fst\u00e1vaj\u00ed ve va\u0161em za\u0159\u00edzen\u00ed d\u00e9le, po dobu specifickou pro ka\u017ed\u00fd soubor cookie, a z\u016fst\u00e1vaj\u00ed platn\u00e9 a\u017e do data vypr\u0161en\u00ed jejich platnosti (pokud je u\u017eivatel p\u0159edt\u00edm nevyma\u017ee).<\/p>\n<p>Soubory cookie mohou b\u00fdt pou\u017e\u00edv\u00e1ny webov\u00fdmi servery k identifikaci a sledov\u00e1n\u00ed u\u017eivatel\u016f p\u0159i proch\u00e1zen\u00ed r\u016fzn\u00fdmi str\u00e1nkami webu a k identifikaci u\u017eivatel\u016f, kte\u0159\u00ed se na web vracej\u00ed.<\/p>\n<p>Soubory cookie neobsahuj\u00ed informace, kter\u00e9 v\u00e1s osobn\u011b identifikuj\u00ed, ale n\u011bkter\u00e9 osobn\u00ed \u00fadaje, kter\u00e9 o v\u00e1s Ontex ukl\u00e1d\u00e1, mohou b\u00fdt spojeny s informacemi ulo\u017een\u00fdmi v souborech cookie a z\u00edskan\u00fdmi z nich. Pro v\u00edce informac\u00ed o zpracov\u00e1n\u00ed va\u0161ich osobn\u00edch \u00fadaj\u016f pros\u00edm nav\u0161tivte na\u0161e <a href=\"\/cs\/ochrany-webovych-strankach\/\">Z\u00e1sady ochrany osobn\u00edch \u00fadaj\u016f na webov\u00fdch str\u00e1nk\u00e1ch<\/a>.<\/p>\n<p><strong>2.Pro jak\u00e9 \u00fa\u010dely tento web pou\u017e\u00edv\u00e1 soubory cookie?<\/strong><\/p>\n<p>Mnoho soubor\u016f cookie na t\u00e9to webov\u00e9 str\u00e1nce prov\u00e1d\u00ed z\u00e1kladn\u00ed funkce nebo slu\u017eby, o kter\u00e9 jste po\u017e\u00e1dali, nebo pom\u00e1haj\u00ed zajistit bezpe\u010dnost, jak je zn\u00e1zorn\u011bno v tabulk\u00e1ch n\u00ed\u017ee.<\/p>\n<p>Spole\u010dnost Ontex a jej\u00ed poskytovatel\u00e9 slu\u017eeb mohou pou\u017e\u00edvat soubory cookie ke shroma\u017e\u010fov\u00e1n\u00ed souhrnn\u00fdch \u00fadaj\u016f, aby zajistili \u0159\u00e1dnou spr\u00e1vu sv\u00fdch webov\u00fdch str\u00e1nek a zlep\u0161ili navigaci na sv\u00fdch webov\u00fdch str\u00e1nk\u00e1ch. Takov\u00e1 za\u0159\u00edzen\u00ed m\u016f\u017eeme pou\u017e\u00edvat ke sledov\u00e1n\u00ed informac\u00ed v na\u0161ich syst\u00e9mech a identifikaci kategori\u00ed n\u00e1v\u0161t\u011bvn\u00edk\u016f na z\u00e1klad\u011b takov\u00fdch v\u011bc\u00ed, jako je IP adresa, dom\u00e9na, typ prohl\u00ed\u017ee\u010de a prohl\u00ed\u017een\u00e9 str\u00e1nky. Tyto informace jsou p\u0159ed\u00e1v\u00e1ny na\u0161im webmaster\u016fm, kte\u0159\u00ed je pou\u017e\u00edvaj\u00ed k anal\u00fdze po\u010dtu n\u00e1v\u0161t\u011bvn\u00edk\u016f na r\u016fzn\u00fdch \u010d\u00e1stech webu a k zaji\u0161t\u011bn\u00ed toho, \u017ee na\u0161e webov\u00e9 str\u00e1nky jsou u\u017eite\u010dn\u00fdm a efektivn\u00edm zdrojem informac\u00ed.<\/p>\n<p><strong>3. Jak\u00e9 typy soubor\u016f cookie tato str\u00e1nka pou\u017e\u00edv\u00e1?<\/strong><\/p>\n<p>V n\u00ed\u017ee uveden\u00fdch tabulk\u00e1ch jsou uvedeny r\u016fzn\u00e9 typy soubor\u016f cookie pou\u017e\u00edvan\u00e9 spole\u010dnost\u00ed Ontex na t\u00e9to webov\u00e9 str\u00e1nce, jako\u017e i jejich \u00fa\u010del (\u00fa\u010dely) a \u017eivotnost.<\/p>\n<p><em>1. Analytick\u00e9 cookies<\/em>[\/vc_column_text][vc_raw_html]JTNDZGl2JTIwY2xhc3MlM0QlMjJjdXN0b20tY29va2llLXRhYmxlJTIyJTNFJTBBJTNDZGl2JTIwY2xhc3MlM0QlMjJjdXN0b20tY29va2llLWhlYWRlcnMlMjBjdXN0b20tY29va2llLXJvdyUyMiUzRSUwQSUzQ2RpdiUzRU4lQzMlQTF6ZXYlMjBzb3Vib3J1JTIwY29va2llJTNDJTJGZGl2JTNFJTBBJTNDZGl2JTNFJUMzJTlBJUM0JThEZWwlMjBzb3Vib3J1JTIwY29va2llJTNDJTJGZGl2JTNFJTBBJTNDZGl2JTNFRG9iYSUyMHRydiVDMyVBMW4lQzMlQUQlMjBzb3Vib3J1JTIwY29va2llJTNDJTJGZGl2JTNFJTBBJTNDJTJGZGl2JTNFJTBBJTBBJTNDZGl2JTIwY2xhc3MlM0QlMjJjdXN0b20tY29va2llLXJvdyUyMiUzRSUwQSUzQ2RpdiUyMGNsYXNzJTNEJTIyY29va2llLW5hbWUlMjIlM0VfZ2ElM0MlMkZkaXYlM0UlMEElM0NkaXYlMjBjbGFzcyUzRCUyMmNvb2tpZS1wdXJwb3NlJTIyJTNFVG90byUyMGplJTIwaGxhdm4lQzMlQUQlMjBzb3Vib3IlMjBjb29raWUlMjBwb3UlQzUlQkUlQzMlQUR2YW4lQzMlQkQlMjBzbHUlQzUlQkVib3UlMjBHb29nbGUlMjBBbmFseXRpY3MuJTIwVW1vJUM1JUJFJUM1JTg4dWplJTIwc2x1JUM1JUJFYiVDNCU5QiUyMHJvemxpJUM1JUExaXQlMjBqZWRub2hvJTIwdSVDNSVCRWl2YXRlbGUlMjBvZCUyMGRydWglQzMlQTlobyUyMGElMjB0cnYlQzMlQTElMjAyJTIwcm9reS4lMjBQb3UlQzUlQkUlQzMlQUR2JUMzJUExJTIwamVqJTIwamFrJUMzJUJEa29saSUyMHdlYiUyQyUyMGt0ZXIlQzMlQkQlMjBpbXBsZW1lbnR1amUlMjBHb29nbGUlMjBBbmFseXRpY3MlMkMlMjB2JUM0JThEZXRuJUM0JTlCJTIwc2x1JUM1JUJFZWIlMjBHb29nbGUuJTNDJTJGZGl2JTNFJTBBJTNDZGl2JTIwY2xhc3MlM0QlMjJjb29raWUtZHVyYXRpb24lMjIlM0UyJTIwcm9reSUzQyUyRmRpdiUzRSUwQSUzQyUyRmRpdiUzRSUwQSUwQSUzQ2RpdiUyMGNsYXNzJTNEJTIyY3VzdG9tLWNvb2tpZS1yb3clMjIlM0UlMEElM0NkaXYlMjBjbGFzcyUzRCUyMmNvb2tpZS1uYW1lJTIyJTNFX2dhdCUzQyUyRmRpdiUzRSUwQSUzQ2RpdiUyMGNsYXNzJTNEJTIyY29va2llLXB1cnBvc2UlMjIlM0VTbG91JUM1JUJFJUMzJUFEJTIwayUyMG9tZXplbiVDMyVBRCUyMCVDNCU4RGV0bm9zdGklMjBwbyVDNSVCRWFkYXZrJUM1JUFGLiUyMFBva3VkJTIwamUlMjBzbHUlQzUlQkViYSUyMEdvb2dsZSUyMEFuYWx5dGljcyUyMGltcGxlbWVudG92JUMzJUExbmElMjBwcm9zdCVDNSU5OWVkbmljdHYlQzMlQURtJTIwU3ByJUMzJUExdmNlJTIwem5hJUM0JThEZWslMjBHb29nbGUlMkMlMjBidWRlJTIwdGVudG8lMjBzb3Vib3IlMjBjb29raWUlMjBwb2ptZW5vdiVDMyVBMW4lMjBfZGNfZ3RtXy4lM0MlMkZkaXYlM0UlMEElM0NkaXYlMjBjbGFzcyUzRCUyMmNvb2tpZS1kdXJhdGlvbiUyMiUzRTElMjBkZW4lM0MlMkZkaXYlM0UlMEElM0MlMkZkaXYlM0UlMEElMEElM0NkaXYlMjBjbGFzcyUzRCUyMmN1c3RvbS1jb29raWUtcm93JTIyJTNFJTBBJTNDZGl2JTIwY2xhc3MlM0QlMjJjb29raWUtbmFtZSUyMiUzRV91dG1iJTNDJTJGZGl2JTNFJTBBJTNDZGl2JTIwY2xhc3MlM0QlMjJjb29raWUtcHVycG9zZSUyMiUzRVRlbnRvJTIwc291Ym9yJTIwY29va2llJTIwc2UlMjBwb3UlQzUlQkUlQzMlQUR2JUMzJUExJTIwayUyMHZ5dHZvJUM1JTk5ZW4lQzMlQUQlMjBhJTIwcG9rcmElQzQlOERvdiVDMyVBMW4lQzMlQUQlMjB1JUM1JUJFaXZhdGVsc2slQzMlQTklMjByZWxhY2UuJTNDJTJGZGl2JTNFJTBBJTNDZGl2JTIwY2xhc3MlM0QlMjJjb29raWUtZHVyYXRpb24lMjIlM0VaYXNlZCVDMyVBMW4lQzMlQUQlM0MlMkZkaXYlM0UlMEElM0MlMkZkaXYlM0UlMEElMEElMEElM0NkaXYlMjBjbGFzcyUzRCUyMmN1c3RvbS1jb29raWUtcm93JTIyJTNFJTBBJTNDZGl2JTIwY2xhc3MlM0QlMjJjb29raWUtbmFtZSUyMiUzRV91dG1jJTNDJTJGZGl2JTNFJTBBJTNDZGl2JTIwY2xhc3MlM0QlMjJjb29raWUtcHVycG9zZSUyMiUzRVRlbnRvJTIwc291Ym9yJTIwY29va2llJTIwc2UlMjBwb3UlQzUlQkUlQzMlQUR2JUMzJUExJTIwayUyMHVyJUM0JThEZW4lQzMlQUQlMkMlMjB6ZGElMjBtJUMzJUExJTIwYiVDMyVCRHQlMjBwcm8lMjB1JUM1JUJFaXZhdGVsZSUyMHZ5dHZvJUM1JTk5ZW5hJTIwbm92JUMzJUExJTIwcmVsYWNlLiUzQyUyRmRpdiUzRSUwQSUzQ2RpdiUyMGNsYXNzJTNEJTIyY29va2llLWR1cmF0aW9uJTIyJTNFWmFzZWQlQzMlQTFuJUMzJUFEJTNDJTJGZGl2JTNFJTBBJTNDJTJGZGl2JTNFJTBBJTBBJTNDZGl2JTIwY2xhc3MlM0QlMjJjdXN0b20tY29va2llLXJvdyUyMiUzRSUwQSUzQ2RpdiUyMGNsYXNzJTNEJTIyY29va2llLW5hbWUlMjIlM0VfdXRtdCUzQyUyRmRpdiUzRSUwQSUzQ2RpdiUyMGNsYXNzJTNEJTIyY29va2llLXB1cnBvc2UlMjIlM0VUZW50byUyMHNvdWJvciUyMGNvb2tpZSUyMHNlJTIwcG91JUM1JUJFJUMzJUFEdiVDMyVBMSUyMGslMjBvem5hJUM0JThEZW4lQzMlQUQlMjB0eXB1JTIwcG8lQzUlQkVhZGF2a3UuJTNDJTJGZGl2JTNFJTBBJTNDZGl2JTIwY2xhc3MlM0QlMjJjb29raWUtZHVyYXRpb24lMjIlM0VaYXNlZCVDMyVBMW4lQzMlQUQlM0MlMkZkaXYlM0UlMEElM0MlMkZkaXYlM0UlMEElMEElM0NkaXYlMjBjbGFzcyUzRCUyMmN1c3RvbS1jb29raWUtcm93JTIyJTNFJTBBJTNDZGl2JTIwY2xhc3MlM0QlMjJjb29raWUtbmFtZSUyMiUzRV91dG16JTNDJTJGZGl2JTNFJTBBJTNDZGl2JTIwY2xhc3MlM0QlMjJjb29raWUtcHVycG9zZSUyMiUzRVRlbnRvJTIwc291Ym9yJTIwY29va2llJTIwc2UlMjBwb3UlQzUlQkUlQzMlQUR2JUMzJUExJTIwayUyMHVsbyVDNSVCRWVuJUMzJUFEJTIwdHlwdSUyMG9yaWVudGFjZSUyQyUyMGt0ZXJvdSUyMG4lQzMlQTF2JUM1JUExdCVDNCU5QnZuJUMzJUFEayUyMHBvdSVDNSVCRSVDMyVBRHYlQzMlQTElMjBrJTIwZG9zYSVDNSVCRWVuJUMzJUFEJTIwd2Vib3YlQzMlQTklMjBzdHIlQzMlQTFua3kuJTNDJTJGZGl2JTNFJTBBJTNDZGl2JTIwY2xhc3MlM0QlMjJjb29raWUtZHVyYXRpb24lMjIlM0U2JTIwbSVDNCU5QnMlQzMlQURjJUM1JUFGJTNDJTJGZGl2JTNFJTBBJTNDJTJGZGl2JTNFJTBBJTNDJTJGZGl2JTNF[\/vc_raw_html][vc_column_text uncode_shortcode_id=&#8220;127701&#8243;]<em>2. V\u00fdkonov\u00e9 soubory cookie<\/em>[\/vc_column_text][vc_raw_html]JTNDZGl2JTIwY2xhc3MlM0QlMjJjdXN0b20tY29va2llLXRhYmxlJTIyJTNFJTBBJTNDZGl2JTIwY2xhc3MlM0QlMjJjdXN0b20tY29va2llLWhlYWRlcnMlMjBjdXN0b20tY29va2llLXJvdyUyMiUzRSUwQSUzQ2RpdiUzRU4lQzMlQTF6ZXYlMjBzb3Vib3J1JTIwY29va2llJTNDJTJGZGl2JTNFJTBBJTNDZGl2JTNFJUMzJTlBJUM0JThEZWwlMjBzb3Vib3J1JTIwY29va2llJTNDJTJGZGl2JTNFJTBBJTNDZGl2JTNFRG9iYSUyMHRydiVDMyVBMW4lQzMlQUQlMjBzb3Vib3J1JTIwY29va2llJTNDJTJGZGl2JTNFJTBBJTNDJTJGZGl2JTNFJTBBJTNDZGl2JTIwY2xhc3MlM0QlMjJjdXN0b20tY29va2llLXJvdyUyMiUzRSUwQSUzQ2RpdiUyMGNsYXNzJTNEJTIyY29va2llLW5hbWUlMjIlM0VfaGppZCUzQyUyRmRpdiUzRSUwQSUzQ2RpdiUyMGNsYXNzJTNEJTIyY29va2llLXB1cnBvc2UlMjIlM0VTb3Vib3IlMjBjb29raWUlMjBIb3RqYXIlMjBuYXN0YXZlbiUyQyUyMGtkeSVDNSVCRSUyMHolQzMlQTFrYXpuJUMzJUFEayUyMHBvcHJ2JUMzJUE5JTIwdnN0b3VwJUMzJUFEJTIwbmElMjBzdHIlQzMlQTFua3UlMjBzZSUyMHNrcmlwdGVtJTIwSG90amFyLiUyMFBvdSVDNSVCRSVDMyVBRHYlQzMlQTElMjBzZSUyMGslMjB1bG8lQzUlQkVlbiVDMyVBRCUyMHUlQzUlQkVpdmF0ZWxzayVDMyVBOWhvJTIwSUQlMjBIb3RqYXIlMjBqZWRpbmUlQzQlOERuJUMzJUE5aG8lMjBwcm8lMjB0ZW50byUyMHdlYiUyMHYlMjBwcm9obCVDMyVBRCVDNSVCRWUlQzQlOERpLiUyMFRvJTIwemFqaSVDNSVBMSVDNSVBNXVqZSUyQyUyMCVDNSVCRWUlMjBjaG92JUMzJUExbiVDMyVBRCUyMHAlQzUlOTlpJTIwbiVDMyVBMXNsZWRuJUMzJUJEY2glMjBuJUMzJUExdiVDNSVBMXQlQzQlOUJ2JUMzJUExY2glMjBzdGVqbiVDMyVBOWhvJTIwd2VidSUyMGJ1ZGUlMjBwJUM1JTk5aSVDNSU5OWF6ZW5vJTIwc3Rlam4lQzMlQTltdSUyMElEJTIwdSVDNSVCRWl2YXRlbGUuJTNDJTJGZGl2JTNFJTBBJTNDZGl2JTIwY2xhc3MlM0QlMjJjb29raWUtZHVyYXRpb24lMjIlM0UxJTIwcm9rJTNDJTJGZGl2JTNFJTBBJTNDJTJGZGl2JTNFJTBBJTBBJTNDZGl2JTIwY2xhc3MlM0QlMjJjdXN0b20tY29va2llLXJvdyUyMiUzRSUwQSUzQ2RpdiUyMGNsYXNzJTNEJTIyY29va2llLW5hbWUlMjIlM0VfaGpSZWNvcmRpbmdFbmFibGVkJTNDJTJGZGl2JTNFJTBBJTNDZGl2JTIwY2xhc3MlM0QlMjJjb29raWUtcHVycG9zZSUyMiUzRVRvJTIwc2UlMjBwJUM1JTk5aWQlQzMlQTElMkMlMjBrZHklQzUlQkUlMjB6YSVDNCU4RG5lJTIwbmFociVDMyVBMXYlQzMlQTFuJUMzJUFEJTIwYSUyMHAlQzUlOTllaHJhamUlMjBzZSUyQyUyMGtkeSVDNSVCRSUyMGplJTIwaW5pY2lhbGl6b3YlQzMlQTFuJTIweiVDMyVBMXpuYW1vdiVDMyVCRCUyMG1vZHVsJTJDJTIwYWJ5JTIwc2UlMjB6amlzdGlsbyUyQyUyMHpkYSUyMGplJTIwdSVDNSVCRWl2YXRlbCUyMGppJUM1JUJFJTIwbmElMjBuYWhyJUMzJUExdmNlJTIwdiUyMGtvbmtyJUMzJUE5dG4lQzMlQUQlMjByZWxhY2kuJTNDJTJGZGl2JTNFJTBBJTNDZGl2JTIwY2xhc3MlM0QlMjJjb29raWUtZHVyYXRpb24lMjIlM0VaYXNlZCVDMyVBMW4lQzMlQUQlM0MlMkZkaXYlM0UlMEElM0MlMkZkaXYlM0UlMEElMEElM0NkaXYlMjBjbGFzcyUzRCUyMmN1c3RvbS1jb29raWUtcm93JTIyJTNFJTBBJTNDZGl2JTIwY2xhc3MlM0QlMjJjb29raWUtbmFtZSUyMiUzRV9oalJlY29yZGluZ0xhc3RBY3Rpdml0eSUzQyUyRmRpdiUzRSUwQSUzQ2RpdiUyMGNsYXNzJTNEJTIyY29va2llLXB1cnBvc2UlMjIlM0VUbyUyMGJ5JTIwbSVDNCU5QmxvJTIwYiVDMyVCRHQlMjBuYWxlemVubyUyMHYlMjAlQzMlQkFsbyVDNSVCRWklQzUlQTF0aSUyMHJlbGFjZSUyMCUyOG5hJTIwcm96ZCVDMyVBRGwlMjBvZCUyMHNvdWJvciVDNSVBRiUyMGNvb2tpZSUyOS4lMjBUb3RvJTIwc2UlMjBha3R1YWxpenVqZSUyQyUyMGtkeSVDNSVCRSUyMHNlJTIwc3B1c3QlQzMlQUQlMjBuYWhyJUMzJUExdiVDMyVBMW4lQzMlQUQlMjB1JUM1JUJFaXZhdGVsZSUyMGElMjBrZHklQzUlQkUlMjBqc291JTIwZGF0YSUyMG9kZXNsJUMzJUExbmElMjBwJUM1JTk5ZXMlMjBXZWJTb2NrZXQlMjAlMjh1JUM1JUJFaXZhdGVsJTIwcHJvdmVkZSUyMGFrY2klMkMlMjBrdGVyb3UlMjBIb3RqYXIlMjB6YXpuYW1lbiVDMyVBMXYlQzMlQTElMjkuJTNDJTJGZGl2JTNFJTBBJTNDZGl2JTIwY2xhc3MlM0QlMjJjb29raWUtZHVyYXRpb24lMjIlM0VaYXNlZCVDMyVBMW4lQzMlQUQlM0MlMkZkaXYlM0UlMEElM0MlMkZkaXYlM0UlMEElMEElM0NkaXYlMjBjbGFzcyUzRCUyMmN1c3RvbS1jb29raWUtcm93JTIyJTNFJTBBJTNDZGl2JTIwY2xhc3MlM0QlMjJjb29raWUtbmFtZSUyMiUzRV9oakluY2x1ZGVkSW5QYWdldmlld1NhbXBsZSUzQyUyRmRpdiUzRSUwQSUzQ2RpdiUyMGNsYXNzJTNEJTIyY29va2llLXB1cnBvc2UlMjIlM0VUZW50byUyMHNvdWJvciUyMGNvb2tpZSUyMGplJTIwbmFzdGF2ZW4lMjB0YWslMkMlMjBhYnklMjBzZCVDNCU5QmxpbCUyMHNwb2xlJUM0JThEbm9zdGklMjBIb3RqYXIlMkMlMjB6ZGElMjBqZSUyMHRlbnRvJTIwdSVDNSVCRWl2YXRlbCUyMHphaHJudXQlMjBkbyUyMHZ6b3Jrb3YlQzMlQTFuJUMzJUFEJTIwZGF0JTIwZGVmaW5vdmFuJUMzJUE5aG8lMjBsaW1pdGVtJTIwem9icmF6ZW4lQzMlQUQlMjBzdHIlQzMlQTFua3klMjB2YSVDNSVBMWVobyUyMHdlYnUuJTNDJTJGZGl2JTNFJTBBJTNDZGl2JTIwY2xhc3MlM0QlMjJjb29raWUtZHVyYXRpb24lMjIlM0UzMCUyMG1pbnV0JTNDJTJGZGl2JTNFJTBBJTNDJTJGZGl2JTNFJTBBJTBBJTNDZGl2JTIwY2xhc3MlM0QlMjJjdXN0b20tY29va2llLXJvdyUyMiUzRSUwQSUzQ2RpdiUyMGNsYXNzJTNEJTIyY29va2llLW5hbWUlMjIlM0VfaGpJbmNsdWRlZEluUGFnZXZpZXdTYW1wbGUlM0MlMkZkaXYlM0UlMEElM0NkaXYlMjBjbGFzcyUzRCUyMmNvb2tpZS1wdXJwb3NlJTIyJTNFVGVudG8lMjBzb3Vib3IlMjBjb29raWUlMjBqZSUyMG5hc3RhdmVuJTIwdGFrJTJDJTIwYWJ5JTIwc2QlQzQlOUJsaWwlMjBzcG9sZSVDNCU4RG5vc3RpJTIwSG90amFyJTJDJTIwemRhJTIwamUlMjB0ZW50byUyMHUlQzUlQkVpdmF0ZWwlMjB6YWhybnV0JTIwZG8lMjB2em9ya292JUMzJUExbiVDMyVBRCUyMGRhdCUyMGRlZmlub3ZhbiVDMyVBOWhvJTIwZGVubiVDMyVBRG0lMjBsaW1pdGVtJTIwbiVDMyVBMXYlQzUlQTF0JUM0JTlCdiUyMHZhJUM1JUExZWhvJTIwd2VidS4lM0MlMkZkaXYlM0UlMEElM0NkaXYlMjBjbGFzcyUzRCUyMmNvb2tpZS1kdXJhdGlvbiUyMiUzRVphc2VkJUMzJUExbiVDMyVBRCUzQyUyRmRpdiUzRSUwQSUzQyUyRmRpdiUzRSUwQSUwQSUzQ2RpdiUyMGNsYXNzJTNEJTIyY3VzdG9tLWNvb2tpZS1yb3clMjIlM0UlMEElM0NkaXYlMjBjbGFzcyUzRCUyMmNvb2tpZS1uYW1lJTIyJTNFX2hqRmlyc3RTZWVuJTNDJTJGZGl2JTNFJTBBJTNDZGl2JTIwY2xhc3MlM0QlMjJjb29raWUtcHVycG9zZSUyMiUzRVRvdG8lMjBqZSUyMG5hc3RhdmVubyUyMGslMjBpZGVudGlmaWthY2klMjBwcnZuJUMzJUFEJTIwcmVsYWNlJTIwbm92JUMzJUE5aG8lMjB1JUM1JUJFaXZhdGVsZS4lMjBVa2wlQzMlQTFkJUMzJUExJTIwaG9kbm90dSUyMHRydWUlMkZmYWxzZSUyQyUyMGt0ZXIlQzMlQTElMjBvem5hJUM0JThEdWplJTJDJTIwemRhJTIwdG8lMjBieWxvJTIwcG9wcnYlQzMlQTklMkMlMjBrZHklMjBIb3RqYXIlMjB2aWQlQzQlOUJsJTIwdG9ob3RvJTIwdSVDNSVCRWl2YXRlbGUuJTIwUG91JUM1JUJFJUMzJUFEdmFqJUMzJUFEJTIwamVqJTIwcmVnaXN0cmElQzQlOERuJUMzJUFEJTIwZmlsdHJ5JTIwayUyMGlkZW50aWZpa2FjaSUyMG5vdiVDMyVCRGNoJTIwdSVDNSVCRWl2YXRlbHNrJUMzJUJEY2glMjByZWxhYyVDMyVBRC4lM0MlMkZkaXYlM0UlMEElM0NkaXYlMjBjbGFzcyUzRCUyMmNvb2tpZS1kdXJhdGlvbiUyMiUzRVphc2VkJUMzJUExbiVDMyVBRCUzQyUyRmRpdiUzRSUwQSUzQyUyRmRpdiUzRSUwQSUwQSUzQ2RpdiUyMGNsYXNzJTNEJTIyY3VzdG9tLWNvb2tpZS1yb3clMjIlM0UlMEElM0NkaXYlMjBjbGFzcyUzRCUyMmNvb2tpZS1uYW1lJTIyJTNFX2hqUmVjb3JkaW5nRW5hYmxlZCUzQyUyRmRpdiUzRSUwQSUzQ2RpdiUyMGNsYXNzJTNEJTIyY29va2llLXB1cnBvc2UlMjIlM0VUbyUyMHNlJTIwcCVDNSU5OWlkJUMzJUExJTJDJTIwa2R5JUM1JUJFJTIwemElQzQlOERuZSUyMG5haHIlQzMlQTF2JUMzJUExbiVDMyVBRCUyMGElMjBwJUM1JTk5ZWhyYWplJTIwc2UlMkMlMjBrZHklQzUlQkUlMjBqZSUyMGluaWNpYWxpem92JUMzJUExbiUyMHolQzMlQTF6bmFtb3YlQzMlQkQlMjBtb2R1bCUyQyUyMGFieSUyMHNlJTIwemppc3RpbG8lMkMlMjB6ZGElMjBqZSUyMHUlQzUlQkVpdmF0ZWwlMjBqaSVDNSVCRSUyMG5hJTIwbmFociVDMyVBMXZjZSUyMHYlMjBrb25rciVDMyVBOXRuJUMzJUFEJTIwcmVsYWNpLiUzQyUyRmRpdiUzRSUwQSUzQ2RpdiUyMGNsYXNzJTNEJTIyY29va2llLWR1cmF0aW9uJTIyJTNFWmFzZWQlQzMlQTFuJUMzJUFEJTNDJTJGZGl2JTNFJTBBJTNDJTJGZGl2JTNFJTBBJTNDZGl2JTIwY2xhc3MlM0QlMjJjdXN0b20tY29va2llLXJvdyUyMiUzRSUwQSUzQ2RpdiUyMGNsYXNzJTNEJTIyY29va2llLW5hbWUlMjIlM0VWaW1lbyUyMHZpZGVvJTIwcGxheWVyJTNDJTJGZGl2JTNFJTBBJTNDZGl2JTIwY2xhc3MlM0QlMjJjb29raWUtcHVycG9zZSUyMiUzRVphYnVkb3ZhdGVsbiVDMyVCRCUyMHZpZGVvJTIwcCVDNSU5OWVociVDMyVBMXZhJUM0JThELiUyMFBybyUyMHYlQzMlQURjZSUyMGluZm9ybWFjJUMzJUFEJTIwbmF2JUM1JUExdGl2dGUlMjBwcm9zJUMzJUFEbSUyMHN0ciVDMyVBMW5rdSUyMCUzQ2ElMjB0YXJnZXQlM0QlMjJfYmxhbmslMjIlMjBocmVmJTNEJTIyaHR0cHMlM0ElMkYlMkZ2aW1lby5jb20lMkZjb29raWVfcG9saWN5JTIyJTNFVmltZW8uJTNDJTJGYSUzRSUzQyUyRmRpdiUzRSUwQSUzQ2RpdiUyMGNsYXNzJTNEJTIyY29va2llLWR1cmF0aW9uJTIyJTNFWmFzZWQlQzMlQTFuJUMzJUFEJTNDJTJGZGl2JTNFJTBBJTNDJTJGZGl2JTNFJTBBJTBBJTNDJTJGZGl2JTNF[\/vc_raw_html][vc_column_text uncode_shortcode_id=&#8220;214109&#8243;]<strong>4. Pou\u017e\u00edv\u00e1 web cookies t\u0159et\u00edch stran?<\/strong><\/p>\n<p>Ontex vyu\u017e\u00edv\u00e1 \u0159adu prodejc\u016f, kte\u0159\u00ed mohou tak\u00e9 um\u00edstit soubory cookie do va\u0161eho za\u0159\u00edzen\u00ed, kdy\u017e nav\u0161t\u00edv\u00edte webovou str\u00e1nku, aby jim umo\u017enili poskytovat jejich slu\u017eby. V tomto p\u0159\u00edpad\u011b jsou tyto t\u0159et\u00ed strany odpov\u011bdn\u00e9 za zpracov\u00e1n\u00ed \u00fadaj\u016f, kter\u00e9 shroma\u017e\u010fuj\u00ed prost\u0159ednictv\u00edm sv\u00fdch soubor\u016f cookie. Pokud byste cht\u011bli dal\u0161\u00ed informace o t\u011bchto souborech cookie, abyste souhlasili s jejich instalac\u00ed nebo s postupem pro odhl\u00e1\u0161en\u00ed z p\u0159ij\u00edm\u00e1n\u00ed t\u011bchto soubor\u016f cookie, p\u0159e\u010dt\u011bte si pros\u00edm z\u00e1sady ochrany osobn\u00edch \u00fadaj\u016f t\u0159et\u00edch stran uveden\u00e9 n\u00ed\u017ee a banner soubor\u016f cookie dostupn\u00fd na na\u0161em webu, kter\u00fd umo\u017e\u0148uje m\u016f\u017eete uplatnit sv\u00e9 volby:[\/vc_column_text][vc_raw_html]JTNDZGl2JTIwY2xhc3MlM0QlMjJjdXN0b20tY29va2llLXRhYmxlJTIyJTNFJTBBJTNDZGl2JTIwY2xhc3MlM0QlMjJjdXN0b20tY29va2llLWhlYWRlcnMlMjBjdXN0b20tY29va2llLXJvdyUyMiUzRSUwQSUzQ2RpdiUzRU4lQzMlQTF6ZXYlMjBzb3Vib3J1JTIwY29va2llJTNDJTJGZGl2JTNFJTBBJTNDZGl2JTNFJUMzJTlBJUM0JThEZWwlMjBzb3Vib3J1JTIwY29va2llJTNDJTJGZGl2JTNFJTBBJTNDZGl2JTNFRG9iYSUyMHRydiVDMyVBMW4lQzMlQUQlMjBzb3Vib3J1JTIwY29va2llJTNDJTJGZGl2JTNFJTBBJTNDJTJGZGl2JTNFJTBBJTBBJTNDZGl2JTIwY2xhc3MlM0QlMjJjdXN0b20tY29va2llLXJvdyUyMiUzRSUwQSUzQ2RpdiUyMGNsYXNzJTNEJTIyY29va2llLW5hbWUlMjIlM0VHb29nbGUlMjBBZFdvcmRzJTIwQ29udmVyc2lvbiUyMFRyYWNraW5nJTNDJTJGZGl2JTNFJTBBJTNDZGl2JTIwY2xhc3MlM0QlMjJjb29raWUtcHVycG9zZSUyMiUzRUdvb2dsZSUyMHBvdSVDNSVCRSVDMyVBRHYlQzMlQTElMjBzb3Vib3J5JTIwY29va2llJTJDJTIwYWJ5JTIwcG9tb2hsJTIwc3BvbGUlQzQlOERub3N0ZW0lMkMlMjBrdGVyJUMzJUE5JTIwbmFrdXB1aiVDMyVBRCUyMHJla2xhbXklMjBvZCUyMHNwb2xlJUM0JThEbm9zdGklMjBHb29nbGUlMkMlMjB1ciVDNCU4RGl0JTJDJTIwa29saWslMjBsaWQlQzMlQUQlMkMlMjBrdGUlQzUlOTklQzMlQUQlMjBrbGlrbm91JTIwbmElMjBqZWppY2glMjByZWtsYW11JTJDJTIwbmFrb25lYyUyMGtvdXAlQzMlQUQlMjBqZWppY2glMjBwcm9kdWt0eS4lMjBTb3Vib3IlMjBjb29raWUlMjBwcm8lMjBzbGVkb3YlQzMlQTFuJUMzJUFEJTIwa29udmVyeiVDMyVBRCUyMHNlJTIwZG8lMjB2YSVDNSVBMWVobyUyMHByb2hsJUMzJUFEJUM1JUJFZSVDNCU4RGUlMjBwJUM1JTk5aWQlQzMlQTElMjBwb3V6ZSUyMHRlaGR5JTJDJTIwa2R5JUM1JUJFJTIwa2xpa25ldGUlMjBuYSUyMHJla2xhbXUlMjB6dmUlQzUlOTllam4lQzQlOUJub3UlMjBzcG9sZSVDNCU4RG5vc3QlQzMlQUQlMjBHb29nbGUlMkMlMjBwcm8lMjBrdGVyb3UlMjBzZSUyMGluemVyZW50JTIwcm96aG9kbCUyMHBybyUyMHNsZWRvdiVDMyVBMW4lQzMlQUQlMjBrb252ZXJ6JUMzJUFELiUyMFR5dG8lMjBzb3Vib3J5JTIwY29va2llJTIwbmVvYnNhaHVqJUMzJUFEJTIwaW5mb3JtYWNlJTJDJTIwa3RlciVDMyVBOSUyMHYlQzMlQTFzJTIwb3NvYm4lQzQlOUIlMjBpZGVudGlmaWt1aiVDMyVBRC4lMjBQb2t1ZCUyMHBsYXRub3N0JTIwdG9ob3RvJTIwc291Ym9ydSUyMGNvb2tpZSUyMGplJUM1JUExdCVDNCU5QiUyMG5ldnlwciVDNSVBMWVsYSUyQyUyMGtkeSVDNSVCRSUyMG5hdiVDNSVBMXQlQzMlQUR2JUMzJUFEdGUlMjB1ciVDNCU4RGl0JUMzJUE5JTIwc3RyJUMzJUExbmt5JTIwd2VidSUyMGluemVyZW50YSUyQyUyMGluemVyZW50JTIwYnVkZSUyMG1vY2klMjBrbGlrbnV0JUMzJUFEbSUyMG5hJTIwcmVrbGFtdSUyMHpqaXN0aXQlMkMlMjAlQzUlQkVlJTIwanN0ZSUyMHNlJTIwbmElMjB0dXRvJTIwc3RyJUMzJUExbmt1JTIwZG9zdGFsaS4lMjBLYSVDNSVCRWQlQzMlQkQlMjBpbnplcmVudCUyMG9iZHIlQzUlQkUlQzMlQUQlMjBqaW4lQzMlQkQlMjBzb3Vib3IlMjBjb29raWUlMkMlMjB0YWslQzUlQkVlJTIwd2Vib3YlQzMlQTklMjBzdHIlQzMlQTFua3klMjBpbnplcmVudCVDNSVBRiUyMCVDNSVCRSVDMyVBMWRuJUMzJUE5JTIwc291Ym9yeSUyMGNvb2tpZSUyMG5lc2QlQzMlQURsZWolQzMlQUQuJTIwUG9rdWQlMjBzaSUyMHAlQzUlOTllamV0ZSUyMHphayVDMyVBMXphdCUyMHNvdWJvcnklMjBjb29raWUlMjBzbGVkb3YlQzMlQTFuJUMzJUFEJTIwa29udmVyeiVDMyVBRCUyQyUyMG0lQzUlQUYlQzUlQkVldGUlMjBzdiVDNSVBRmolMjBwcm9obCVDMyVBRCVDNSVCRWUlQzQlOEQlMjBuYWtvbmZpZ3Vyb3ZhdCUyMHRhayUyQyUyMGFieSUyMGJsb2tvdmFsJTIwc291Ym9yeSUyMGNvb2tpZSUyMHolMjBkb20lQzMlQTlueSUyMGdvb2dsZWFkc2VydmljZXMuY29tLiUyMENoY2V0ZS1saSUyMHNlJTIwb2RobCVDMyVBMXNpdCUyMHplJTIwc2xlZG92JUMzJUExbiVDMyVBRCUyMG1vYmlsbiVDMyVBRGNoJTIwa29udmVyeiVDMyVBRCUyQyUyMG11cyVDMyVBRHRlJTIwdGFrJUMzJUE5JTIwemFrJUMzJUExemF0JTIwdiVDNSVBMWVjaG55JTIwc291Ym9yeSUyMGNvb2tpZS4lMjBWJTIwbW9iaWxuJUMzJUFEY2glMjBwcm9obCVDMyVBRCVDNSVCRWUlQzQlOEQlQzMlQURjaCUyMGlPUyUyMGElMjBBbmRyb2lkJTIwdiUyMHNvdSVDNCU4RGFzbm9zdGklMjBza3V0ZSVDNCU4RG4lQzQlOUIlMjBuZWV4aXN0dWolQzMlQUQlMjAlQzUlQkUlQzMlQTFkbiVDMyVBMSUyMG5hc3RhdmVuJUMzJUFEJTIwcHJvJTIwamVkbm90bGl2JUMzJUE5JTIwZG9tJUMzJUE5bnkuJTIwViVDMyVBRGNlJTIwaW5mb3JtYWMlQzMlQUQlMjBvJTIwdG9tJTIwamUlMjBrJTIwZGlzcG96aWNpJTIwbmElM0ElMkYlMkZ3d3cuZ29vZ2xlLmNvbSUyRnByaXZhY3lfYWRzLmh0bWwuJTNDJTJGZGl2JTNFJTBBJTNDZGl2JTIwY2xhc3MlM0QlMjJjb29raWUtZHVyYXRpb24lMjIlM0UzMCUyMGRuaSUzQyUyRmRpdiUzRSUwQSUzQyUyRmRpdiUzRSUwQSUwQSUwQSUzQyUyRmRpdiUzRQ==[\/vc_raw_html][vc_column_text uncode_shortcode_id=&#8220;186481&#8243;]Kdy\u017e nav\u0161t\u00edv\u00edte webovou str\u00e1nku, m\u016f\u017eete p\u0159ij\u00edmat soubory cookie z dom\u00e9n nebo webov\u00fdch str\u00e1nek t\u0159et\u00edch stran, pokud jste s t\u011bmito soubory cookie souhlasili prost\u0159ednictv\u00edm na\u0161eho banneru cookie. Ontex nekontroluje nastaven\u00ed t\u011bchto soubor\u016f cookie. M\u011bli byste se proto pod\u00edvat na banner soubor\u016f cookie na webov\u00fdch str\u00e1nk\u00e1ch, abyste si mohli vybrat po prostudov\u00e1n\u00ed z\u00e1sad ochrany osobn\u00edch \u00fadaj\u016f p\u0159\u00edslu\u0161n\u00e9 webov\u00e9 str\u00e1nky t\u0159et\u00ed strany, kde naleznete dal\u0161\u00ed informace o t\u011bchto souborech cookie. P\u0159\u00edslu\u0161n\u00e1 t\u0159et\u00ed strana v\u00e1m mus\u00ed poskytnout informace t\u00fdkaj\u00edc\u00ed se p\u0159idan\u00fdch soubor\u016f cookie a z\u00edskat va\u0161e povolen\u00ed p\u0159ed p\u0159id\u00e1n\u00edm soubor\u016f cookie do va\u0161eho za\u0159\u00edzen\u00ed.<\/p>\n<p><strong>5. Jak m\u016f\u017eete spravovat soubory cookie pou\u017e\u00edvan\u00e9 webem?<\/strong><\/p>\n<p>Pokud jste souhlasili se souborem cookie, m\u016f\u017eete sv\u016fj souhlas kdykoli odvolat.<\/p>\n<p>Konkr\u00e9tn\u011b m\u016f\u017eete zm\u011bnit nastaven\u00ed soubor\u016f cookie v Centru p\u0159edvoleb soubor\u016f cookie nebo na banneru soubor\u016f cookie, kter\u00fd je p\u0159\u00edstupn\u00fd na webov\u00e9 str\u00e1nce.<\/p>\n<p>Pokud si p\u0159ejete vzn\u00e9st n\u00e1mitku proti pou\u017e\u00edv\u00e1n\u00ed soubor\u016f cookie pomoc\u00ed banneru cookie na webov\u00fdch str\u00e1nk\u00e1ch nebo pokud si p\u0159ejete smazat nebo povolit nov\u00e9 soubory cookie na sv\u00e9m za\u0159\u00edzen\u00ed, m\u016f\u017eete tak\u00e9 zm\u011bnit nastaven\u00ed v banneru cookie tak, aby blokoval soubory cookie nebo aby v\u00e1s upozornil na soubory cookie jsou odesl\u00e1ny do va\u0161eho za\u0159\u00edzen\u00ed. Soubory cookie lze spravovat r\u016fzn\u00fdmi zp\u016fsoby. P\u0159e\u010dt\u011bte si pros\u00edm pokyny k banneru cookie. U soubor\u016f cookie, kter\u00e9 to umo\u017e\u0148uj\u00ed, m\u016f\u017eete tak\u00e9 pou\u017e\u00edt sv\u016fj prohl\u00ed\u017ee\u010d nebo n\u00e1pov\u011bdu na obrazovce, abyste se dozv\u011bd\u011bli v\u00edce o tom, jak upravit nebo zm\u011bnit nastaven\u00ed prohl\u00ed\u017ee\u010de na:<\/p>\n<p>&#8211; Internet Explorer :\u00a0<a href=\"http:\/\/windows.microsoft.com\/en-US\/windows-vista\/How-to-manage-cookies-in-Internet-Explorer-9\">http:\/\/windows.microsoft.com\/en-US\/windows-vista\/How-to-manage-cookies-in-Internet-Explorer-9<\/a><br \/>\n&#8211; Chrome :\u00a0<a href=\"http:\/\/support.google.com\/chrome\/bin\/answer.py?hl=en-GB&amp;hlrm=nl&amp;answer=95647\">http:\/\/support.google.com\/chrome\/bin\/answer.py?hl=en-GB&amp;hlrm=nl&amp;answer=95647<\/a><br \/>\n&#8211; Firefox :\u00a0<a href=\"http:\/\/support.mozilla.org\/en-US\/kb\/enable-and-disable-cookies-website-preferences?s=cookies&amp;r=5&amp;as=s\">http:\/\/support.mozilla.org\/en-US\/kb\/enable-and-disable-cookies-website-preferences?s=cookies&amp;r=5&amp;as=s<\/a><br \/>\n&#8211; Safari :\u00a0<a href=\"http:\/\/support.apple.com\/kb\/PH5042\">http:\/\/support.apple.com\/kb\/PH5042<\/a><\/p>\n<p>Pokud zak\u00e1\u017eete soubory cookie nezbytn\u00e9 pro provoz nebo funkce pou\u017e\u00edvan\u00e9 webem nebo pokud sma\u017eete tyto soubory cookie ji\u017e nainstalovan\u00e9 webem na va\u0161em za\u0159\u00edzen\u00ed, m\u016f\u017ee to m\u00edt vliv na proch\u00e1zen\u00ed webu (je mo\u017en\u00e9, \u017ee nap\u0159. nemus\u00ed b\u00fdt mo\u017en\u00e9 zobrazit ur\u010dit\u00e9 \u010d\u00e1sti webu nebo p\u0159ij\u00edmat personalizovan\u00e9 informace, kdy\u017e nav\u0161t\u00edv\u00edte web).<\/p>\n<p><strong>6. Aktualizace t\u011bchto Z\u00e1sad pou\u017e\u00edv\u00e1n\u00ed soubor\u016f cookie<\/strong><\/p>\n<p>Pokud spole\u010dnost Ontex provede zm\u011bny ve sv\u00fdch postupech pou\u017e\u00edv\u00e1n\u00ed soubor\u016f cookie, budou tyto zm\u011bny za\u010dlen\u011bny do aktualizovan\u00e9 verze t\u011bchto z\u00e1sad. Na takov\u00e9 zm\u011bny v\u00e1s tak\u00e9 upozorn\u00edme aktualizac\u00ed data \u00fa\u010dinnosti v horn\u00ed \u010d\u00e1sti t\u011bchto z\u00e1sad. Ani\u017e by byla dot\u010dena va\u0161e pr\u00e1va podle platn\u00fdch z\u00e1kon\u016f, spole\u010dnost Ontex si vyhrazuje pr\u00e1vo tyto z\u00e1sady \u010das od \u010dasu upravit, aby zohlednila technologick\u00fd pokrok, pr\u00e1vn\u00ed a regula\u010dn\u00ed zm\u011bny a osv\u011bd\u010den\u00e9 obchodn\u00ed postupy.<\/p>\n<p>Dal\u0161\u00ed informace t\u00fdkaj\u00edc\u00ed se va\u0161ich osobn\u00edch \u00fadaj\u016f a podm\u00ednek pro uplatn\u011bn\u00ed va\u0161ich pr\u00e1v naleznete na <a href=\"\/cs\/ochrany-webovych-strankach\/\">Z\u00e1sady ochrany osobn\u00edch \u00fadaj\u016f na webov\u00fdch str\u00e1nk\u00e1ch<\/a>.[\/vc_column_text][\/vc_column][\/vc_row]<\/p>\n<\/div>","protected":false},"excerpt":{"rendered":"<p>[vc_row][vc_column width=&#8220;1\/1&#8243;][vc_column_text uncode_shortcode_id=&#8220;178395&#8243;] Z\u00c1SADY COOKIES Posledn\u00ed aktualizace : 25\/06\/2020 Tento web pou\u017e\u00edv\u00e1 soubory cookie. Tyto z\u00e1sady v\u00e1s informuj\u00ed o \u00fa\u010delech, [&hellip;]<\/p>\n","protected":false},"author":6,"featured_media":0,"parent":0,"menu_order":242,"comment_status":"closed","ping_status":"closed","template":"","meta":{"_acf_changed":false,"footnotes":""},"height":[],"weight":[],"class_list":["post-3713","page","type-page","status-publish","hentry"],"acf":[],"_links":{"self":[{"href":"https:\/\/www.moltexbaby.com\/cs\/wp-json\/wp\/v2\/pages\/3713","targetHints":{"allow":["GET"]}}],"collection":[{"href":"https:\/\/www.moltexbaby.com\/cs\/wp-json\/wp\/v2\/pages"}],"about":[{"href":"https:\/\/www.moltexbaby.com\/cs\/wp-json\/wp\/v2\/types\/page"}],"author":[{"embeddable":true,"href":"https:\/\/www.moltexbaby.com\/cs\/wp-json\/wp\/v2\/users\/6"}],"replies":[{"embeddable":true,"href":"https:\/\/www.moltexbaby.com\/cs\/wp-json\/wp\/v2\/comments?post=3713"}],"version-history":[{"count":0,"href":"https:\/\/www.moltexbaby.com\/cs\/wp-json\/wp\/v2\/pages\/3713\/revisions"}],"wp:attachment":[{"href":"https:\/\/www.moltexbaby.com\/cs\/wp-json\/wp\/v2\/media?parent=3713"}],"wp:term":[{"taxonomy":"height","embeddable":true,"href":"https:\/\/www.moltexbaby.com\/cs\/wp-json\/wp\/v2\/height?post=3713"},{"taxonomy":"weight","embeddable":true,"href":"https:\/\/www.moltexbaby.com\/cs\/wp-json\/wp\/v2\/weight?post=3713"}],"curies":[{"name":"wp","href":"https:\/\/api.w.org\/{rel}","templated":true}]}}