{"id":3716,"date":"2020-07-13T13:22:32","date_gmt":"2020-07-13T13:22:32","guid":{"rendered":"https:\/\/www.moltexbaby.com\/?page_id=3716"},"modified":"2021-06-08T15:13:12","modified_gmt":"2021-06-08T15:13:12","slug":"pravni-upozorneni","status":"publish","type":"page","link":"https:\/\/www.moltexbaby.com\/cs\/pravni-upozorneni\/","title":{"rendered":"Pr\u00e1vn\u00ed upozorn\u011bn\u00ed"},"content":{"rendered":"<div class=\"wpb-content-wrapper\"><p>[vc_row][vc_column][vc_column_text]<\/p>\n<h2>Pr\u00e1vn\u00ed upozorn\u011bn\u00ed<\/h2>\n<div class=\"page-wrapper\">\n<div class=\"sections-container\">\n<article id=\"post-64\" class=\"page-body style-light-bg post-64 page type-page status-publish hentry\">\n<div class=\"post-wrapper\">\n<div class=\"post-body\">\n<div class=\"post-content un-no-sidebar-layout\">\n<div class=\"row-container\">\n<div class=\"row row-parent style-light limit-width double-top-padding double-bottom-padding\">\n<p><strong>N\u00e1zev entity Ontex, Pr\u00e1vn\u00ed forma entity Ontex :<\/strong>Moltex Baby-Hygiene GmbH<\/p>\n<p><strong>Registration number:<\/strong>HRB 5260<strong>Registra\u010dn\u00ed zna\u010dka:<\/strong>Robert-Bosch-Str. 8<br \/>\n56727 Mayen<\/p>\n<p>&nbsp;<\/p>\n<p><strong>\u010c\u00edslo pro \u00fa\u010dely DPH:<\/strong>\u00a0DE248 670006<\/p>\n<p><strong>E-mail:<\/strong>\u00a0<a href=\"mailto:info@moltex.de\">info@moltex.de\u00a0<\/a><\/p>\n<p>&nbsp;<\/p>\n<p><strong>\u0158editel<\/strong>: Ay\u015feg\u00fcl \u00d6zcan, Marketing Manager Ontex Brands Europe<\/p>\n<p>&nbsp;<\/p>\n<p><strong>Hostitel webu:<\/strong><\/p>\n<p>WP Engine<br \/>\nIrongate House, 22-30 Duke\u2019s Place<br \/>\nLondon, EC3A 7LP United Kingdom<\/p>\n<\/div>\n<\/div>\n<\/div>\n<\/div>\n<\/div>\n<\/article>\n<\/div>\n<\/div>\n<p>[\/vc_column_text][\/vc_column][\/vc_row]<\/p>\n<\/div>","protected":false},"excerpt":{"rendered":"<p>[vc_row][vc_column][vc_column_text] Pr\u00e1vn\u00ed upozorn\u011bn\u00ed N\u00e1zev entity Ontex, Pr\u00e1vn\u00ed forma entity Ontex :Moltex Baby-Hygiene GmbH Registration number:HRB 5260Registra\u010dn\u00ed zna\u010dka:Robert-Bosch-Str. 8 56727 Mayen [&hellip;]<\/p>\n","protected":false},"author":6,"featured_media":0,"parent":0,"menu_order":234,"comment_status":"closed","ping_status":"closed","template":"","meta":{"_acf_changed":false,"footnotes":""},"height":[],"weight":[],"class_list":["post-3716","page","type-page","status-publish","hentry"],"acf":[],"_links":{"self":[{"href":"https:\/\/www.moltexbaby.com\/cs\/wp-json\/wp\/v2\/pages\/3716","targetHints":{"allow":["GET"]}}],"collection":[{"href":"https:\/\/www.moltexbaby.com\/cs\/wp-json\/wp\/v2\/pages"}],"about":[{"href":"https:\/\/www.moltexbaby.com\/cs\/wp-json\/wp\/v2\/types\/page"}],"author":[{"embeddable":true,"href":"https:\/\/www.moltexbaby.com\/cs\/wp-json\/wp\/v2\/users\/6"}],"replies":[{"embeddable":true,"href":"https:\/\/www.moltexbaby.com\/cs\/wp-json\/wp\/v2\/comments?post=3716"}],"version-history":[{"count":0,"href":"https:\/\/www.moltexbaby.com\/cs\/wp-json\/wp\/v2\/pages\/3716\/revisions"}],"wp:attachment":[{"href":"https:\/\/www.moltexbaby.com\/cs\/wp-json\/wp\/v2\/media?parent=3716"}],"wp:term":[{"taxonomy":"height","embeddable":true,"href":"https:\/\/www.moltexbaby.com\/cs\/wp-json\/wp\/v2\/height?post=3716"},{"taxonomy":"weight","embeddable":true,"href":"https:\/\/www.moltexbaby.com\/cs\/wp-json\/wp\/v2\/weight?post=3716"}],"curies":[{"name":"wp","href":"https:\/\/api.w.org\/{rel}","templated":true}]}}