{"id":6852,"date":"2020-07-21T12:42:44","date_gmt":"2020-07-21T12:42:44","guid":{"rendered":"https:\/\/www.moltexbaby.com\/?page_id=6852"},"modified":"2021-06-08T15:10:37","modified_gmt":"2021-06-08T15:10:37","slug":"vseobecne-podminky-uzivani","status":"publish","type":"page","link":"https:\/\/www.moltexbaby.com\/cs\/vseobecne-podminky-uzivani\/","title":{"rendered":"V\u0161eobecn\u00e9 podm\u00ednky u\u017e\u00edv\u00e1n\u00ed"},"content":{"rendered":"<div class=\"wpb-content-wrapper\"><p>[vc_row][vc_column width=&#8220;1\/1&#8243;][vc_column_text]<\/p>\n<h2>V\u0161eobecn\u00e9 podm\u00ednky u\u017e\u00edv\u00e1n\u00ed<\/h2>\n<p><strong>Obsah<\/strong><\/p>\n<p>&#8211; P\u0159ijet\u00ed v\u0161eobecn\u00fdch podm\u00ednek pou\u017e\u00edv\u00e1n\u00ed a jejich \u00fapravy<br \/>\n&#8211; P\u0159\u00edstup na Str\u00e1nku \u2013 Obsah Str\u00e1nky<br \/>\n&#8211; Pou\u017e\u00edv\u00e1n\u00ed Str\u00e1nky<br \/>\n&#8211; N\u00e1kup produkt\u016f na Str\u00e1nce<br \/>\n&#8211; Pr\u00e1va du\u0161evn\u00edho vlastnictv\u00ed<br \/>\n&#8211; Odkazy na webov\u00e9 str\u00e1nky a slu\u017eby t\u0159et\u00edch stran<br \/>\n&#8211; Platnost a zru\u0161en\u00ed p\u0159\u00edstupu<br \/>\n&#8211; Odpov\u011bdnost<br \/>\n&#8211; Obecn\u00e9<br \/>\n&#8211; Rozhodn\u00e9 pr\u00e1vo \u2013 \u0158e\u0161en\u00ed pr\u00e1vn\u00edch spor\u016f<br \/>\n&#8211; P\u0159ijet\u00ed v\u0161eobecn\u00fdch podm\u00ednek pou\u017e\u00edv\u00e1n\u00ed a jejich \u00fapravy<\/p>\n<p><strong>P\u0159ij\u00edm\u00e1n\u00ed a \u00faprava Podm\u00ednek pou\u017e\u00edv\u00e1n\u00ed<\/strong><\/p>\n<p>Tyto podm\u00ednky pou\u017e\u00edv\u00e1n\u00ed (\u201ePodm\u00ednky pou\u017e\u00edv\u00e1n\u00ed\u201c) stanovuj\u00ed pr\u00e1vn\u00ed r\u00e1mec, kter\u00fdm se \u0159\u00edd\u00ed p\u0159\u00edstup a vyu\u017e\u00edv\u00e1n\u00ed webov\u00fdch str\u00e1nek [vlo\u017eit n\u00e1zev webov\u00e9 str\u00e1nky] (\u201eWebov\u00e1 str\u00e1nka\u201c), kter\u00e9 vlastn\u00ed a pou\u017e\u00edv\u00e1 spole\u010dnost Moltex Baby-Hygiene GmbH, zapsan\u00e1 pod \u010d\u00edslem HRB 11699 , s registrovanou obchodn\u00ed adresou Robert-Bosch-Str. 8 \u2013 56727 Mayen,\u00a0(\u201eOntex\u201c nebo \u201emy\u201c).<\/p>\n<p>P\u0159\u00edstup na Str\u00e1nku a jej\u00ed pou\u017e\u00edv\u00e1n\u00ed je podm\u00edn\u011bno va\u0161\u00edm p\u0159ijet\u00edm Podm\u00ednek pou\u017e\u00edv\u00e1n\u00ed platn\u00fdch v okam\u017eiku va\u0161eho p\u0159\u00edstupu na Str\u00e1nku. Tyto Podm\u00ednky m\u016f\u017ee spole\u010dnost Ontex kdykoli upravit. P\u0159\u00edstupem na Str\u00e1nku a jej\u00edm pou\u017e\u00edv\u00e1n\u00edm automaticky p\u0159ij\u00edm\u00e1te Podm\u00ednky pou\u017e\u00edv\u00e1n\u00ed a jejich \u00fapravy platn\u00e9 v okam\u017eiku va\u0161eho p\u0159\u00edstupu na Str\u00e1nku nebo jej\u00edho pou\u017e\u00edv\u00e1n\u00ed. Souhlas\u00edte s t\u00edm, \u017ee takov\u00e9 p\u0159ijet\u00ed m\u00e1 stejnou pr\u00e1vn\u00ed hodnotu jako v\u00fdslovn\u00e9 p\u00edsemn\u00e9 p\u0159ijet\u00ed. Pokud s Podm\u00ednkami pou\u017e\u00edv\u00e1n\u00ed nesouhlas\u00edte, nep\u0159istupujte na Str\u00e1nku a nepou\u017e\u00edvejte ji. P\u0159ed pou\u017eit\u00edm Webov\u00e9 str\u00e1nky si pozorn\u011b p\u0159e\u010dt\u011bte Podm\u00ednky pou\u017e\u00edv\u00e1n\u00ed a Z\u00e1sady ochrany osobn\u00edch \u00fadaj\u016f, kter\u00e9 naleznete <a href=\"https:\/\/www.moltexbaby.com\/cs\/ochrany-webovych-strankach\/\">zde<\/a> Doporu\u010dujeme v\u00e1m si Podm\u00ednky pou\u017e\u00edv\u00e1n\u00ed p\u0159e\u010d\u00edst p\u0159ed ka\u017edou n\u00e1v\u0161t\u011bvou Str\u00e1nky.<\/p>\n<p><strong>P\u0159\u00edstup na Str\u00e1nku <\/strong>\u2013<strong> Obsah Str\u00e1nky<\/strong><\/p>\n<p>Za podm\u00ednky pou\u017e\u00edv\u00e1n\u00ed v naprost\u00e9m souladu s Podm\u00ednkami pou\u017e\u00edv\u00e1n\u00ed v\u00e1m ud\u011blujeme osobn\u00ed, nev\u00fdlu\u010dn\u00e9, nep\u0159evediteln\u00e9 a odvolateln\u00e9 pr\u00e1vo na p\u0159\u00edstup k obsahu Str\u00e1nky (\u201eObsah\u201c) v\u00fdhradn\u011b za \u00fa\u010delem pou\u017e\u00edv\u00e1n\u00ed Str\u00e1nky v souladu s Podm\u00ednkami pou\u017e\u00edv\u00e1n\u00ed. Ve\u0161ker\u00e1 ostatn\u00ed pr\u00e1va jsou v\u00fdslovn\u011b vylou\u010dena.<\/p>\n<p>Spole\u010dnost Ontex si vyhrazuje pr\u00e1vo kdykoli prov\u00e9st dopln\u011bn\u00ed, odstran\u011bn\u00ed nebo \u00fapravy Obsahu, zablokovat (do\u010dasn\u011b nebo trvale) p\u0159\u00edstup na Str\u00e1nku nebo ukon\u010dit provoz Str\u00e1nky bez p\u0159edchoz\u00edho ozn\u00e1men\u00ed za \u00fa\u010delem zaji\u0161t\u011bn\u00ed \u00fadr\u017eby a\/nebo proveden\u00ed zlep\u0161en\u00ed a\/nebo \u00faprav Str\u00e1nky.<\/p>\n<p>Potvrzujete, \u017ee jste si v\u011bdomi toho, \u017ee Str\u00e1nku je mo\u017en\u00e9 pou\u017e\u00edvat pouze v p\u0159\u00edpad\u011b, \u017ee je va\u0161e za\u0159\u00edzen\u00ed p\u0159ipojeno k internetu. Poplatky za p\u0159ipojen\u00ed nebo p\u0159\u00edstup, kter\u00e9 v\u00e1m jsou fakturov\u00e1ny z d\u016fvodu pou\u017e\u00edv\u00e1n\u00ed Str\u00e1nky, se \u0159\u00edd\u00ed podm\u00ednkami dohodnut\u00fdmi s va\u0161\u00edm poskytovatelem internetov\u00e9ho p\u0159ipojen\u00ed nebo s va\u0161\u00edm mobiln\u00edm oper\u00e1torem. Jste si pln\u011b v\u011bdomi rizik souvisej\u00edc\u00edch s pou\u017e\u00edv\u00e1n\u00edm internetu, v\u010detn\u011b, ne v\u0161ak pouze, rizik nedostupnosti Str\u00e1nky, ztr\u00e1ty d\u016fv\u011brnosti nebo integrity p\u0159en\u00e1\u0161en\u00fdch \u00fadaj\u016f, potenci\u00e1ln\u00edch hackersk\u00fdch \u00fatok\u016f atd. Spole\u010dnost Ontex vynakl\u00e1d\u00e1 maxim\u00e1ln\u00ed \u00fasil\u00ed k vylou\u010den\u00ed toho, aby byla Str\u00e1nka napadena po\u010d\u00edta\u010dov\u00fdmi viry, nem\u016f\u017ee v\u0161ak zaru\u010dit jejich naprostou absenci nebo v tomto ohledu p\u0159ijmout jakoukoli odpov\u011bdnost. P\u0159ed pou\u017eit\u00edm Str\u00e1nky a\/nebo stahov\u00e1n\u00edm informac\u00ed ze Str\u00e1nky v\u00e1m doporu\u010dujeme p\u0159ijmout ve\u0161ker\u00e1 n\u00e1le\u017eit\u00e1 bezpe\u010dnostn\u00ed opat\u0159en\u00ed.<br \/>\nPokud se rozhodnete se na Str\u00e1nce zaregistrovat, zavazujete se, \u017ee nikomu nesd\u011bl\u00edte sv\u00e9 heslo a informace t\u00fdkaj\u00edc\u00ed se va\u0161e \u00fa\u010dtu a neumo\u017en\u00edte p\u0159\u00edstup na Str\u00e1nku t\u0159et\u00edm stran\u00e1m. \u00da\u010det je osobn\u00ed a je ur\u010den pouze pro fyzickou osobu. Va\u0161e heslo a informace t\u00fdkaj\u00edc\u00ed se va\u0161eho \u00fa\u010dtu jste povinni uchov\u00e1vat v d\u016fv\u011brnosti. Nesete odpov\u011bdnost za ve\u0161ker\u00e9 aktivity prov\u00e1d\u011bn\u00e9 pomoc\u00ed va\u0161eho hesla, \u00fa\u010dtu nebo v pr\u016fb\u011bhu va\u0161eho p\u0159\u00edstupu na Str\u00e1nku.<\/p>\n<p><strong>Pou\u017e\u00edv\u00e1n\u00ed Str\u00e1nky<\/strong><\/p>\n<p>Str\u00e1nku nesm\u00edte nav\u0161t\u011bvovat nebo pou\u017e\u00edvat zp\u016fsobem, kter\u00fd by mohl po\u0161kodit, deaktivovat, p\u0159et\u00ed\u017eit nebo ohrozit \u00fa\u010dty, informa\u010dn\u00ed syst\u00e9my nebo s\u00edt\u011b spole\u010dnosti Ontex. Nesm\u00edte se pokou\u0161et z\u00edskat neopr\u00e1vn\u011bn\u00fd p\u0159\u00edstup k \u00fa\u010dt\u016fm, informa\u010dn\u00edm syst\u00e9m\u016fm nebo s\u00edt\u00edm spole\u010dnosti Ontex. Nesm\u00edte pou\u017e\u00edvat (indexa\u010dn\u00ed) roboty, scrapingov\u00e9 programy nebo jin\u00e9 automatizovan\u00e9 prost\u0159edky za \u00fa\u010delem z\u00edsk\u00e1n\u00ed p\u0159\u00edstupu na Str\u00e1nku nebo k \u00fa\u010dt\u016fm, informa\u010dn\u00edm syst\u00e9m\u016fm nebo s\u00edt\u00edm spole\u010dnosti Ontex. Str\u00e1nku nebo Obsah nesm\u00edte pou\u017e\u00edvat, stahovat nebo exportovat v rozporu se z\u00e1kony a dal\u0161\u00edmi pr\u00e1vn\u00edmi p\u0159edpisy t\u00fdkaj\u00edc\u00edmi se exportu nebo v rozporu s dal\u0161\u00edmi platn\u00fdmi z\u00e1kony a pr\u00e1vn\u00edmi p\u0159edpisy.<\/p>\n<p>Nesm\u00edte (a nesm\u00edte dovolit t\u0159et\u00ed osob\u011b) (i) upravovat, reprodukovat, zachycovat, uzp\u016fsobovat a\/nebo p\u0159ekl\u00e1dat Str\u00e1nku a\/nebo Obsah nebo jejich \u010d\u00e1sti, (ii) extrahovat Str\u00e1nku nebo jej\u00ed \u010d\u00e1sti nebo (iii) publikovat a\/nebo pou\u017e\u00edvat Obsah na str\u00e1nk\u00e1ch, v m\u00e9di\u00edch nebo na s\u00edti.<br \/>\nV p\u0159\u00edpad\u011b, \u017ee budete opr\u00e1vn\u011bni k publikov\u00e1n\u00ed obsahu na Str\u00e1nce (zejm\u00e9na, ne v\u0161ak v\u00fdhradn\u011b, n\u00e1zor\u016f na produkty nebo slu\u017eby poskytovan\u00e9 spole\u010dnost\u00ed Ontex) (\u201ePublikace\u201c), zaru\u010dujete, \u017ee (i) jste dr\u017eitelem ve\u0161ker\u00fdch licenc\u00ed, pr\u00e1v, souhlas\u016f a opr\u00e1vn\u011bn\u00ed nezbytn\u00fdch k pou\u017e\u00edv\u00e1n\u00ed a k opr\u00e1vn\u011bn\u00ed spole\u010dnosti Ontex k pou\u017e\u00edv\u00e1n\u00ed ve\u0161ker\u00fdch autorsk\u00fdch pr\u00e1v, ochrann\u00fdch zn\u00e1mek a dal\u0161\u00edch vlastnick\u00fdch pr\u00e1v souvisej\u00edc\u00edch s Publikacemi, a (ii) \u017ee jste pro ka\u017edou Publikaci z\u00edskali p\u00edsemn\u00fd souhlas v\u0161ech identifikovateln\u00fdch fyzick\u00fdch osob s pou\u017eit\u00edm jm\u00e9na a podobizny t\u011bchto osob v ka\u017ed\u00e9 t\u00e9to Publikaci. Souhlas\u00edte, \u017ee nebudete zve\u0159ej\u0148ovat Publikace, kter\u00e9 jsou nez\u00e1konn\u00e9, nemor\u00e1ln\u00ed, obsc\u00e9nn\u00ed, pomlouva\u010dn\u00e9, v\u00fdhru\u017en\u00e9, pornografick\u00e9, pedofiln\u00ed, revizionistick\u00e9 (pop\u00edraj\u00edc\u00ed existenci holokaustu), poni\u017euj\u00edc\u00ed, hanliv\u00e9, rasistick\u00e9, ur\u00e1\u017eliv\u00e9, podn\u011bcuj\u00edc\u00ed politick\u00e9, rasov\u00e9 nebo xenofobn\u00ed n\u00e1sil\u00ed, poru\u0161uj\u00edc\u00ed z\u00e1kon nebo p\u0159edpisy, \u010di jinak nevhodn\u00e9. Zve\u0159ejn\u011bn\u00edm Publikace na Str\u00e1nce ud\u011blujete spole\u010dnosti Ontex pr\u00e1vo pou\u017e\u00edvat, reprodukovat a zobrazovat va\u0161i Publikaci nebo jej\u00ed \u010d\u00e1st, a to bezplatn\u011b, celosv\u011btov\u011b, po celou dobu pr\u00e1vn\u00ed ochrany pr\u00e1v du\u0161evn\u00edho vlastnictv\u00ed k t\u00e9to Publikaci, pro pot\u0159eby Str\u00e1nky a jej\u00ed propagace, zejm\u00e9na za reklamn\u00edmi nebo komer\u010dn\u00edmi \u00fa\u010dely.<\/p>\n<p><strong>Pr\u00e1va du\u0161evn\u00edho vlastnictv\u00ed<\/strong><\/p>\n<p>Str\u00e1nka a jej\u00ed Obsah a ve\u0161ker\u00e1 autorsk\u00e1 pr\u00e1va, ochrann\u00e9 zn\u00e1mky, obchodn\u00ed n\u00e1zvy, v\u00fdkresy, obr\u00e1zky, datab\u00e1ze, informace, \u00fadaje, texty, zvuky, fotografie a grafika a ve\u0161ker\u00e9 zdrojov\u00e9 k\u00f3dy, programy a dal\u0161\u00ed obsah jsou majetkem spole\u010dnosti Ontex nebo dr\u017eitel\u016f licence ud\u011blen\u00e9 spole\u010dnost\u00ed Ontex a jsou chr\u00e1n\u011bny pr\u00e1vy du\u0161evn\u00edho vlastnictv\u00ed a dal\u0161\u00edmi n\u00e1rodn\u00edmi a mezin\u00e1rodn\u00edmi pr\u00e1vy v\u010detn\u011b, ne v\u0161ak pouze, autorsk\u00fdch pr\u00e1v a pr\u00e1v k um\u011bleck\u00fdm v\u00fdkon\u016fm, pr\u00e1v k datab\u00e1z\u00edm, u\u017eitn\u00fdm vzor\u016fm, ochrann\u00fdm zn\u00e1mk\u00e1m a obchodn\u00edm n\u00e1zv\u016fm, patent\u016fm atd. Zavazujete se, \u017ee bez na\u0161eho p\u0159edchoz\u00edho p\u00edsemn\u00e9ho souhlasu nebudete zobrazovat \u010di jinak pou\u017e\u00edvat logo nebo zna\u010dky spole\u010dnosti Ontex.<\/p>\n<p>Poskytnut\u00ed p\u0159\u00edstupu ke Str\u00e1nce a\/nebo Obsahu a jejich pou\u017e\u00edv\u00e1n\u00ed nelze vykl\u00e1dat jako poskytnut\u00ed licence k t\u011bmto pr\u00e1v\u016fm du\u0161evn\u00edho vlastnictv\u00ed. Vyhrazujeme si ve\u0161ker\u00e1 pr\u00e1va souvisej\u00edc\u00ed se Str\u00e1nkou a Obsahem, kter\u00e1 v\u00e1m nejsou v\u00fdslovn\u011b ud\u011blena.<br \/>\nPokud s Podm\u00ednkami pou\u017e\u00edv\u00e1n\u00ed nesouhlas\u00edte, nep\u0159istupujte na Str\u00e1nku a k Obsahu a nepou\u017e\u00edvejte je.<\/p>\n<p>Pokud Obsah, Str\u00e1nku nebo prvky, jejich\u017e je spole\u010dnost Ontex vlastn\u00edkem nebo dr\u017eitelem licence, budete pou\u017e\u00edvat bez opr\u00e1vn\u011bn\u00ed spole\u010dnosti Ontex nebo zp\u016fsobem, kter\u00fd Podm\u00ednky pou\u017e\u00edv\u00e1n\u00ed nedovoluj\u00ed, je mo\u017en\u00e9, \u017ee mo\u017en\u00e9, \u017ee se dopust\u00edte poru\u0161en\u00ed na\u0161ich pr\u00e1v du\u0161evn\u00edho vlastnictv\u00ed nebo pr\u00e1v du\u0161evn\u00edho vlastnictv\u00ed t\u0159et\u00edch stran, v\u010detn\u011b, ne v\u0161ak pouze, autorsk\u00fdch pr\u00e1v a pr\u00e1v k um\u011bleck\u00fdm v\u00fdkon\u016fm, pr\u00e1v k datab\u00e1z\u00edm, koncept\u016fm a u\u017eitn\u00fdm vzor\u016fm, ochrann\u00fdm zn\u00e1mk\u00e1m a obchodn\u00edm n\u00e1zv\u016fm, patent\u016fm, \u010di jin\u00fdch pr\u00e1v. Na z\u00e1klad\u011b stejn\u00e9 hypot\u00e9zy si vyhrazujeme pr\u00e1vo automaticky a zcela pr\u00e1vem ukon\u010dit v\u00e1\u0161 p\u0159\u00edstup na Str\u00e1nku a p\u0159ijmout ve\u0161ker\u00e1 opat\u0159en\u00ed, kter\u00e1 budeme pova\u017eovat za n\u00e1le\u017eit\u00e1 k zabr\u00e1n\u011bn\u00ed a ukon\u010den\u00ed poru\u0161ov\u00e1n\u00ed pr\u00e1v du\u0161evn\u00edho vlastnictv\u00ed a k z\u00edsk\u00e1n\u00ed od\u0161kodn\u011bn\u00ed za takov\u00e9 poru\u0161en\u00ed. Osob\u00e1m p\u0159istupuj\u00edc\u00edm na Str\u00e1nku a\/nebo pou\u017e\u00edvaj\u00edc\u00edm Obsah nen\u00ed p\u0159izn\u00e1n ani p\u0159eveden \u017e\u00e1dn\u00fd jin\u00fd typ pr\u00e1va nebo licence.<\/p>\n<p><strong>Odkazy na webov\u00e9 str\u00e1nky a slu\u017eby t\u0159et\u00edch stran<\/strong><\/p>\n<p>Str\u00e1nka obsahuje hypertextov\u00e9 odkazy na webov\u00e9 str\u00e1nky spravovan\u00e9 t\u0159et\u00edmi osobami a odkazy na dal\u0161\u00ed zdroje informac\u00ed. Tyto odkazy a zdroje informac\u00ed jsou poskytov\u00e1ny pouze za informa\u010dn\u00edmi \u00fa\u010dely. Tyto webov\u00e9 str\u00e1nky a informace obsa\u017een\u00e9 na t\u011bchto webov\u00fdch str\u00e1nk\u00e1ch jsou zcela mimo kontrolu spole\u010dnosti Ontex. Jeliko\u017e nad t\u011bmito slu\u017ebami nem\u00e1me \u017e\u00e1dnou kontrolu, v\u00fdslovn\u011b uzn\u00e1v\u00e1te a p\u0159ij\u00edm\u00e1te, \u017ee neneseme jakoukoli odpov\u011bdnost (i) za dostupnost, obsah, p\u0159esnost, kvalitu, reklamu a produkty t\u011bchto extern\u00edch slu\u017eeb a za jak\u00e9koli dal\u0161\u00ed prvky dostupn\u00e9 pomoc\u00ed nebo prost\u0159ednictv\u00edm t\u011bchto slu\u017eeb, (ii) za ochranu osobn\u00edch \u00fadaj\u016f nebo jin\u00fdch praktik a postup\u016f na t\u011bchto webov\u00fdch str\u00e1nk\u00e1ch.<\/p>\n<p><strong>Platnost a zru\u0161en\u00ed p\u0159\u00edstupu<\/strong><\/p>\n<p>B\u011bhem va\u0161eho pou\u017e\u00edv\u00e1n\u00ed Str\u00e1nky se n\u00e1\u0161 vztah \u0159\u00edd\u00ed Podm\u00ednkami pou\u017e\u00edv\u00e1n\u00ed.<br \/>\nV p\u0159\u00edpad\u011b, \u017ee se budeme domn\u00edvat, \u017ee va\u0161e pou\u017e\u00edv\u00e1n\u00ed Str\u00e1nky je neleg\u00e1ln\u00ed a\/nebo neopr\u00e1vn\u011bn\u00e9 a\/nebo poru\u0161uje Podm\u00ednky pou\u017e\u00edv\u00e1n\u00ed, vyhrazujeme si pr\u00e1vo podniknout ve\u0161ker\u00e9 kroky, zejm\u00e9na pr\u00e1vn\u00ed, kter\u00e9 budeme pova\u017eovat za nezbytn\u00e9 k ukon\u010den\u00ed va\u0161eho p\u0159\u00edstupu na Str\u00e1nku.<\/p>\n<p><strong>Odpov\u011bdnost<\/strong><\/p>\n<p>\u00dadaje sd\u011blovan\u00e9 na Str\u00e1nce t\u00fdkaj\u00edc\u00ed se zejm\u00e9na marketingov\u00fdch aktivit nebo finan\u010dn\u00edch \u00fadaj\u016f spole\u010dnosti Ontex a\/nebo p\u0159idru\u017een\u00fdch spole\u010dnost\u00ed jsou poskytov\u00e1ny pouze pro informa\u010dn\u00ed \u00fa\u010dely a pro spole\u010dnost Ontex a\/nebo jej\u00ed p\u0159idru\u017een\u00e9 spole\u010dnosti nevytv\u00e1\u0159ej\u00ed jak\u00fdkoli z\u00e1vazek.<br \/>\nPou\u017e\u00edv\u00e1n\u00ed Str\u00e1nky a ve\u0161ker\u00e1 rozhodnut\u00ed u\u010din\u011bn\u00e1 na z\u00e1klad\u011b \u00fadaj\u016f a\/nebo informac\u00ed uveden\u00fdch na Str\u00e1nce jsou v\u00fdhradn\u011b na va\u0161i vlastn\u00ed odpov\u011bdnost.<\/p>\n<p><strong>Obecn\u00e9<\/strong><\/p>\n<p>Podm\u00ednky pou\u017e\u00edv\u00e1n\u00ed p\u0159edstavuj\u00ed ucelenou dohodu mezi v\u00e1mi a n\u00e1mi ohledn\u011b pou\u017e\u00edv\u00e1n\u00ed Str\u00e1nky a nahrazuj\u00ed podm\u00ednky jin\u00e9 komunikace a\/nebo reklamy t\u00fdkaj\u00edc\u00ed se Str\u00e1nky.<br \/>\nPokud bude n\u011bkter\u00e9 ustanoven\u00ed Podm\u00ednek pou\u017e\u00edv\u00e1n\u00ed p\u0159\u00edslu\u0161n\u00fdm soudem prohl\u00e1\u0161eno za nez\u00e1konn\u00e9, neplatn\u00e9 nebo ne\u00fa\u010dinn\u00e9, neplatnost tohoto ustanoven\u00ed nikterak neovlivn\u00ed platnost zb\u00fdvaj\u00edc\u00edch ustanoven\u00ed Podm\u00ednek pou\u017e\u00edv\u00e1n\u00ed, kter\u00e1 d\u00e1le z\u016fstanou v platnosti.<br \/>\nNevym\u00e1h\u00e1n\u00ed pr\u00e1va nebo ustanoven\u00ed t\u011bchto Podm\u00ednek pou\u017e\u00edv\u00e1n\u00ed jednou stran nep\u0159edstavuje vzd\u00e1n\u00ed se takov\u00e9ho pr\u00e1va nebo ustanoven\u00ed.<\/p>\n<p>Zavazujete se, \u017ee spole\u010dnost Ontex a jej\u00ed z\u00e1stupce, \u0159editele, zam\u011bstnance, subdodavatele a prodejce ochr\u00e1n\u00edte p\u0159ed reklamacemi, \u017ealobami, pr\u00e1vn\u00edmi spory, \u0161kodami a n\u00e1klady vypl\u00fdvaj\u00edc\u00edmi z va\u0161eho poru\u0161en\u00ed Podm\u00ednek pou\u017e\u00edv\u00e1n\u00ed, a za tyto je p\u0159\u00edpadn\u011b od\u0161kodn\u00edte.<\/p>\n<p><strong>Rozhodn\u00e9 pr\u00e1vo \u2013 \u0158e\u0161en\u00ed pr\u00e1vn\u00edch spor\u016f<\/strong><\/p>\n<p>Podm\u00ednky pou\u017e\u00edv\u00e1n\u00ed se \u0159\u00edd\u00ed n\u011bmeck\u00fdm pr\u00e1vem.<\/p>\n<p>V p\u0159\u00edpad\u011b sporu m\u016f\u017eete sv\u016fj n\u00e1rok \u0159e\u0161it p\u00edsemn\u011b prost\u0159ednictv\u00edm sekce Kontakt na t\u00e9to Webov\u00e9 str\u00e1nce a pokusit se nal\u00e9zt sm\u00edrn\u00e9 \u0159e\u0161en\u00ed sporu.<\/p>\n<p>Rovn\u011b\u017e se m\u016f\u017eete obr\u00e1tit na slu\u017ebu \u0159e\u0161en\u00ed spor\u016f online v souladu s \u010dl\u00e1nkem 14 na\u0159\u00edzen\u00ed Komise (EU) \u010d. 524\/2013. Tato platforma je k dispozici prost\u0159ednictv\u00edm n\u00e1sleduj\u00edc\u00edho odkazu: <a href=\"https:\/\/webgate.ec.europa.eu\/odr\/\">https:\/\/webgate.ec.europa.eu\/odr\/<\/a>.<\/p>\n<p>Ve\u0161ker\u00e9 spory t\u00fdkaj\u00edc\u00ed se ujedn\u00e1n\u00ed, platnosti, v\u00fdkladu, vym\u00e1h\u00e1n\u00ed nebo pozbyt\u00ed platnosti Podm\u00ednek pou\u017e\u00edv\u00e1n\u00ed budou p\u0159edlo\u017eeny soudu p\u0159\u00edslu\u0161n\u00e9mu podle (i) s\u00eddla spole\u010dnosti Ontex nebo (ii) m\u00edsta va\u0161eho bydli\u0161t\u011b nebo (iii) m\u00edsta poskytnut\u00ed slu\u017eby p\u0159\u00edstupu na Str\u00e1nku.[\/vc_column_text][\/vc_column][\/vc_row]<\/p>\n<\/div>","protected":false},"excerpt":{"rendered":"<p>[vc_row][vc_column width=&#8220;1\/1&#8243;][vc_column_text] V\u0161eobecn\u00e9 podm\u00ednky u\u017e\u00edv\u00e1n\u00ed Obsah &#8211; P\u0159ijet\u00ed v\u0161eobecn\u00fdch podm\u00ednek pou\u017e\u00edv\u00e1n\u00ed a jejich \u00fapravy &#8211; P\u0159\u00edstup na Str\u00e1nku \u2013 Obsah [&hellip;]<\/p>\n","protected":false},"author":6,"featured_media":0,"parent":0,"menu_order":225,"comment_status":"closed","ping_status":"closed","template":"","meta":{"_acf_changed":false,"footnotes":""},"height":[],"weight":[],"class_list":["post-6852","page","type-page","status-publish","hentry"],"acf":[],"_links":{"self":[{"href":"https:\/\/www.moltexbaby.com\/cs\/wp-json\/wp\/v2\/pages\/6852","targetHints":{"allow":["GET"]}}],"collection":[{"href":"https:\/\/www.moltexbaby.com\/cs\/wp-json\/wp\/v2\/pages"}],"about":[{"href":"https:\/\/www.moltexbaby.com\/cs\/wp-json\/wp\/v2\/types\/page"}],"author":[{"embeddable":true,"href":"https:\/\/www.moltexbaby.com\/cs\/wp-json\/wp\/v2\/users\/6"}],"replies":[{"embeddable":true,"href":"https:\/\/www.moltexbaby.com\/cs\/wp-json\/wp\/v2\/comments?post=6852"}],"version-history":[{"count":0,"href":"https:\/\/www.moltexbaby.com\/cs\/wp-json\/wp\/v2\/pages\/6852\/revisions"}],"wp:attachment":[{"href":"https:\/\/www.moltexbaby.com\/cs\/wp-json\/wp\/v2\/media?parent=6852"}],"wp:term":[{"taxonomy":"height","embeddable":true,"href":"https:\/\/www.moltexbaby.com\/cs\/wp-json\/wp\/v2\/height?post=6852"},{"taxonomy":"weight","embeddable":true,"href":"https:\/\/www.moltexbaby.com\/cs\/wp-json\/wp\/v2\/weight?post=6852"}],"curies":[{"name":"wp","href":"https:\/\/api.w.org\/{rel}","templated":true}]}}