{"id":6855,"date":"2020-07-21T12:57:29","date_gmt":"2020-07-21T12:57:29","guid":{"rendered":"https:\/\/www.moltexbaby.com\/?page_id=6855"},"modified":"2025-08-11T11:20:48","modified_gmt":"2025-08-11T11:20:48","slug":"pleny-pro-novorozence","status":"publish","type":"page","link":"https:\/\/www.moltexbaby.com\/cs\/vyrobky\/pleny\/pleny-pro-novorozence\/","title":{"rendered":"Plenky Moltex Pure &#038; Nature Newborn 2-5 kg"},"content":{"rendered":"<div class=\"wpb-content-wrapper\"><p>[vc_row row_height_percent=&#8220;0&#8243; overlay_alpha=&#8220;50&#8243; gutter_size=&#8220;2&#8243; column_width_percent=&#8220;100&#8243; shift_y=&#8220;0&#8243; z_index=&#8220;0&#8243;][vc_column column_width_use_pixel=&#8220;yes&#8220; align_horizontal=&#8220;align_center&#8220; gutter_size=&#8220;3&#8243; override_padding=&#8220;yes&#8220; column_padding=&#8220;3&#8243; back_color=&#8220;color-lxmt&#8220; overlay_alpha=&#8220;50&#8243; radius=&#8220;xl&#8220; shift_x=&#8220;0&#8243; shift_y=&#8220;0&#8243; shift_y_down=&#8220;0&#8243; z_index=&#8220;0&#8243; medium_width=&#8220;0&#8243; mobile_width=&#8220;0&#8243; sticky=&#8220;yes&#8220; width=&#8220;5\/12&#8243; column_width_pixel=&#8220;250&#8243;][uncode_list el_class=&#8220;type-list&#8220;]<\/p>\n<ul>\n<li class=\"product-category\">pleny<\/li>\n<li class=\"newborn\">novorozence<\/li>\n<\/ul>\n<p>[\/uncode_list][vc_row_inner limit_content=&#8220;&#8220;][vc_column_inner width=&#8220;1\/1&#8243;][vc_gallery el_id=&#8220;gallery-454102&#8243; type=&#8220;carousel&#8220; medias=&#8220;24133,24142&#8243; carousel_lg=&#8220;1&#8243; carousel_md=&#8220;1&#8243; carousel_sm=&#8220;1&#8243; thumb_size=&#8220;one-one&#8220; gutter_size=&#8220;3&#8243; media_items=&#8220;media|lightbox|original&#8220; carousel_v_align=&#8220;middle&#8220; carousel_interval=&#8220;3000&#8243; carousel_navspeed=&#8220;400&#8243; carousel_dots=&#8220;yes&#8220; carousel_dots_mobile=&#8220;yes&#8220; stage_padding=&#8220;0&#8243; single_overlay_opacity=&#8220;50&#8243; single_overlay_anim=&#8220;no&#8220; single_text_anim=&#8220;no&#8220; single_image_anim=&#8220;no&#8220; single_padding=&#8220;2&#8243; single_border=&#8220;yes&#8220; uncode_shortcode_id=&#8220;511753&#8243;][\/vc_column_inner][\/vc_row_inner][\/vc_column][vc_column column_width_percent=&#8220;80&#8243; gutter_size=&#8220;2&#8243; overlay_alpha=&#8220;50&#8243; shift_x=&#8220;0&#8243; shift_y=&#8220;0&#8243; shift_y_down=&#8220;0&#8243; z_index=&#8220;0&#8243; medium_width=&#8220;0&#8243; mobile_width=&#8220;0&#8243; width=&#8220;7\/12&#8243; el_class=&#8220;bloc-product&#8220;][vc_empty_space empty_h=&#8220;2&#8243; mobile_visibility=&#8220;yes&#8220;][vc_row_inner row_inner_height_percent=&#8220;0&#8243; overlay_alpha=&#8220;50&#8243; equal_height=&#8220;yes&#8220; gutter_size=&#8220;3&#8243; shift_y=&#8220;0&#8243; z_index=&#8220;0&#8243; limit_content=&#8220;&#8220;][vc_column_inner column_width_percent=&#8220;100&#8243; position_vertical=&#8220;middle&#8220; gutter_size=&#8220;3&#8243; overlay_alpha=&#8220;50&#8243; shift_x=&#8220;0&#8243; shift_y=&#8220;0&#8243; shift_y_down=&#8220;0&#8243; z_index=&#8220;0&#8243; medium_width=&#8220;0&#8243; mobile_width=&#8220;5&#8243; width=&#8220;2\/3&#8243;][vc_custom_heading heading_semantic=&#8220;h1&#8243; uncode_shortcode_id=&#8220;157762&#8243;]Plenky Moltex Pure &amp; Nature Newborn 2-5 kg[\/vc_custom_heading][\/vc_column_inner][vc_column_inner column_width_percent=&#8220;100&#8243; position_vertical=&#8220;middle&#8220; gutter_size=&#8220;3&#8243; overlay_alpha=&#8220;50&#8243; shift_x=&#8220;0&#8243; shift_y=&#8220;0&#8243; shift_y_down=&#8220;0&#8243; z_index=&#8220;0&#8243; medium_width=&#8220;0&#8243; mobile_width=&#8220;3&#8243; width=&#8220;1\/3&#8243;][vc_single_image media=&#8220;1244&#8243; media_width_use_pixel=&#8220;yes&#8220; alignment=&#8220;right&#8220; media_width_pixel=&#8220;60&#8243;][\/vc_column_inner][\/vc_row_inner][vc_column_text uncode_shortcode_id=&#8220;190240&#8243;]Plenky Moltex Newborn jsou vhodn\u00e9 pro miminka od 2 do 5 kg.<\/p>\n<p>Gratulujeme, po dlouh\u00fdch m\u011bs\u00edc\u00edch kone\u010dn\u011b dr\u017e\u00edte v rukou va\u0161e miminko. Novoroze\u0148\u00e1tka maj\u00ed poko\u017eku velmi citlivou a k\u0159ehkou, proto je dobr\u00e9 zvolit plenku s organickou bavlnou a super m\u011bkkou vnit\u0159n\u00ed vrstvu p\u0159\u00edrodn\u00edho p\u016fvodu, kter\u00e1 k\u016f\u017ei nedr\u00e1\u017ed\u00ed. P\u0159esn\u011b takov\u00e9 jsou i eko plenky Moltex v novorozeneck\u00e9 velikosti.<\/p>\n<p>Plenky ve velikosti Newborn maj\u00ed tak\u00e9 speci\u00e1ln\u011b uzp\u016fsoben\u00e9 m\u00edsto na d\u011btsk\u00fd citliv\u00fd pup\u00ed\u010dek. Materi\u00e1l plenky je v tomto m\u00edst\u011b u\u017e\u0161\u00ed, aby pup\u00ed\u010dek nedr\u00e1\u017edil.<\/p>\n<p>V nov\u00e9 kvalit\u011b jsou plenky Moltex nav\u00edc m\u011bk\u010d\u00ed, jemn\u011bj\u0161\u00ed a tak\u00e9 modern\u00ed a veselej\u0161\u00ed. To v\u0161e p\u0159i zachov\u00e1n\u00ed \u0161etrnosti ke zdrav\u00ed a \u017eivotn\u00edmu prost\u0159ed\u00ed, co\u017e potvrzuj\u00ed i v\u0161echny z\u00edskan\u00e9 certifikace. Plenky jsou vyr\u00e1b\u011bny v \u010cesk\u00e9 republice pod dohledem n\u011bmeck\u00fdch technolog\u016f.[\/vc_column_text][vc_empty_space empty_h=&#8220;2&#8243;][vc_custom_heading heading_semantic=&#8220;h4&#8243; text_size=&#8220;h4&#8243; uncode_shortcode_id=&#8220;151217&#8243;]K dispozici tak\u00e9 v jin\u00fdch velikostech:[\/vc_custom_heading][uncode_list el_class=&#8220;type-list&#8220;]<\/p>\n<ul>\n<li class=\"mini\">mini<\/li>\n<li class=\"midi\">midi<\/li>\n<li class=\"maxi\">maxi<\/li>\n<li class=\"junior\">junior<\/li>\n<li class=\"XL\">XL<\/li>\n<\/ul>\n<p>[\/uncode_list][vc_empty_space empty_h=&#8220;2&#8243;][vc_single_image media=&#8220;1631&#8243; media_width_percent=&#8220;100&#8243;][vc_empty_space empty_h=&#8220;2&#8243;][vc_custom_heading heading_semantic=&#8220;h4&#8243; text_size=&#8220;h3&#8243; text_weight=&#8220;400&#8243; uncode_shortcode_id=&#8220;594494&#8243;]Pro\u010d po\u0159\u00eddit pr\u00e1v\u011b plenky Moltex Pure &amp; Nature?[\/vc_custom_heading][vc_empty_space empty_h=&#8220;0&#8243;][vc_icon position=&#8220;left&#8220; icon_image=&#8220;1226&#8243; icon_color=&#8220;color-wvjs&#8220; media_size=&#8220;60&#8243; text_size=&#8220;h4&#8243; title=&#8220;<b>100%<\/b> p\u0159\u00edrodn\u00ed p\u016fvod&#8220; uncode_shortcode_id=&#8220;914121&#8243; icon_color_type=&#8220;uncode-palette&#8220;]Super m\u011bkk\u00e1 vnit\u0159n\u00ed sko\u0159epina 100% p\u0159\u00edrodn\u00ed p\u016fvod[\/vc_icon][vc_empty_space empty_h=&#8220;0&#8243;][vc_icon position=&#8220;left&#8220; icon_image=&#8220;1210&#8243; icon_color=&#8220;color-wvjs&#8220; media_size=&#8220;60&#8243; text_size=&#8220;h4&#8243; title=&#8220;<b>Okam\u017eit\u00fd<\/b> pocit sucha&#8220; uncode_shortcode_id=&#8220;867372&#8243; icon_color_type=&#8220;uncode-palette&#8220;]Perfektn\u011b saj\u00ed d\u00edky speci\u00e1ln\u00ed technologii kan\u00e1lk\u016f v plence, kter\u00e1 zrychluje vs\u00e1knut\u00ed tekutiny do j\u00e1dra plenky. Nemus\u00edte tak d\u011blat \u017e\u00e1dn\u00e9 kompromisy mezi zdrav\u00edm a funk\u010dnost\u00ed.[\/vc_icon][vc_empty_space empty_h=&#8220;0&#8243;][vc_icon position=&#8220;left&#8220; icon_image=&#8220;1178&#8243; icon_color=&#8220;color-wvjs&#8220; media_size=&#8220;60&#8243; text_size=&#8220;h4&#8243; title=&#8220;<b>\u0160etrn\u00e9 <\/b> k poko\u017ece&#8220; uncode_shortcode_id=&#8220;180614&#8243; icon_color_type=&#8220;uncode-palette&#8220;]D\u00edky p\u0159\u00edrodn\u00edm materi\u00e1l\u016fm jsou eko plenky Moltex naprosto bezpe\u010dn\u00e9 a hypoalergenn\u00ed. V plenk\u00e1ch nenajdete \u017e\u00e1dn\u00e9 parf\u00e9my, balz\u00e1my ani latex.[\/vc_icon][vc_empty_space empty_h=&#8220;0&#8243;][vc_icon position=&#8220;left&#8220; icon_image=&#8220;1785&#8243; icon_color=&#8220;color-wvjs&#8220; media_size=&#8220;60&#8243; heading_semantic=&#8220;h4&#8243; text_size=&#8220;h4&#8243; title=&#8220;<b>Poko\u017eka<\/b>, kter\u00e1 d\u00fdch\u00e1&#8220; uncode_shortcode_id=&#8220;143380&#8243; icon_color_type=&#8220;uncode-palette&#8220;]Plenka je z prody\u0161n\u00e9ho materi\u00e1lu, kter\u00fd napom\u00e1h\u00e1 proud\u011bn\u00ed vzduchu. Poko\u017eka se pod plenkou nezapa\u0159uje a m\u016f\u017ee d\u00fdchat[\/vc_icon][vc_empty_space empty_h=&#8220;0&#8243;][vc_icon position=&#8220;left&#8220; icon_image=&#8220;1218&#8243; icon_color=&#8220;color-wvjs&#8220; media_size=&#8220;60&#8243; text_size=&#8220;h4&#8243; title=&#8220;<b>Bez<\/b> obsahu chl\u00f3ru&#8220; uncode_shortcode_id=&#8220;182285&#8243; icon_color_type=&#8220;uncode-palette&#8220;]Plenka nen\u00ed b\u011blen\u00e1 chl\u00f3rem a buni\u010dina je certifikovan\u00e1 FSC\u00ae, tj. poch\u00e1z\u00ed z udr\u017eiteln\u00e9ho lesn\u00edho hospod\u00e1\u0159stv\u00ed.[\/vc_icon][vc_empty_space empty_h=&#8220;0&#8243;][vc_icon position=&#8220;left&#8220; icon_image=&#8220;1194&#8243; icon_color=&#8220;color-wvjs&#8220; media_size=&#8220;60&#8243; text_size=&#8220;h4&#8243; title=&#8220;<b>M\u011bkk\u00e1<\/b> bavlna&#8220; uncode_shortcode_id=&#8220;109099&#8243; icon_color_type=&#8220;uncode-palette&#8220;]D\u00edky p\u0159idan\u00e9 bavln\u011b jsou plenky je\u0161t\u011b m\u011bk\u010d\u00ed a pohodln\u011bj\u0161\u00ed pro no\u0161en\u00ed. Vn\u011bj\u0161\u00ed vrstva obsahuje 15% super m\u011bkk\u00e9 organick\u00e9 bavlny. Plenka m\u00e1 ochrannou zn\u00e1mku The Seal of Cotton and cotton enhanced.[\/vc_icon][vc_empty_space empty_h=&#8220;0&#8243;][vc_icon position=&#8220;left&#8220; icon_image=&#8220;1202&#8243; icon_color=&#8220;color-wvjs&#8220; media_size=&#8220;60&#8243; text_size=&#8220;h4&#8243; title=&#8220;<b>Modern\u00ed<\/b> design&#8220; uncode_shortcode_id=&#8220;183111&#8243; icon_color_type=&#8220;uncode-palette&#8220;]Trendy design s barevn\u00fdmi obr\u00e1zky bude bavit nejen d\u011bti, ale i v\u00e1s, dosp\u011bl\u00e9. Ekologick\u00e9 plenky nemusej\u00ed b\u00fdt nudn\u00e9! Potisk je samoz\u0159ejm\u011b proveden\u00fd bezpe\u010dn\u00fdm, certifikovan\u00fdm inkoustem.[\/vc_icon][vc_empty_space empty_h=&#8220;0&#8243;][vc_icon position=&#8220;left&#8220; icon_image=&#8220;23267&#8243; icon_color=&#8220;color-wvjs&#8220; text_size=&#8220;h4&#8243; title=&#8220;<b>Tvar<\/b>, kter\u00fd padne&#8220; uncode_shortcode_id=&#8220;141283&#8243; icon_color_type=&#8220;uncode-palette&#8220;]Maj\u00ed dob\u0159e padnouc\u00ed tvar, kter\u00fd d\u011bti neomezuje v pohybu. Elastick\u00e9 p\u00e1sky se syst\u00e9mem &#8222;Comfort Stretch&#8220; zaru\u010duj\u00ed, \u017ee plenka va\u0161emu d\u00edt\u011bti opravdu padne.[\/vc_icon][vc_empty_space empty_h=&#8220;0&#8243;][vc_icon position=&#8220;left&#8220; icon_image=&#8220;23245&#8243; icon_color=&#8220;color-wvjs&#8220; text_size=&#8220;h4&#8243; title=&#8220;<b>Vyrobeno<\/b> v \u010cR&#8220; uncode_shortcode_id=&#8220;157196&#8243; icon_color_type=&#8220;uncode-palette&#8220;]Plenky jsou vyr\u00e1b\u011bny za pou\u017eit\u00ed 100% obnoviteln\u00e9 energie v \u010cesk\u00e9 republice \u2013 pod dohledem n\u011bmeck\u00fdch technolog\u016f. Balen\u00ed plenek je vyrobeno z plastu z cukrov\u00e9 t\u0159tiny nam\u00edsto ropn\u00fdch plast\u016f.[\/vc_icon][vc_empty_space empty_h=&#8220;0&#8243;][vc_button button_color=&#8220;accent&#8220; size=&#8220;btn-lg&#8220; radius=&#8220;btn-circle&#8220; outline=&#8220;yes&#8220; border_width=&#8220;0&#8243; el_class=&#8220;btn-full&#8220; link=&#8220;url:..%2Fsustainability%2F%23certifications|||&#8220;]Dozv\u011bd\u011bt se v\u00edce[\/vc_button][vc_empty_space empty_h=&#8220;2&#8243;][vc_custom_heading heading_semantic=&#8220;h4&#8243; text_size=&#8220;h3&#8243; text_weight=&#8220;400&#8243;]Jedine\u010dn\u00fd design[\/vc_custom_heading][vc_single_image media=&#8220;1679&#8243; media_width_percent=&#8220;100&#8243;][\/vc_column][\/vc_row]<\/p>\n<\/div>","protected":false},"excerpt":{"rendered":"<p>2-5 KG<\/p>\n","protected":false},"author":6,"featured_media":24133,"parent":5806,"menu_order":1,"comment_status":"closed","ping_status":"closed","template":"","meta":{"_acf_changed":false,"footnotes":""},"height":[],"weight":[],"class_list":["post-6855","page","type-page","status-publish","has-post-thumbnail","hentry","page_category-pleny"],"acf":[],"_links":{"self":[{"href":"https:\/\/www.moltexbaby.com\/cs\/wp-json\/wp\/v2\/pages\/6855","targetHints":{"allow":["GET"]}}],"collection":[{"href":"https:\/\/www.moltexbaby.com\/cs\/wp-json\/wp\/v2\/pages"}],"about":[{"href":"https:\/\/www.moltexbaby.com\/cs\/wp-json\/wp\/v2\/types\/page"}],"author":[{"embeddable":true,"href":"https:\/\/www.moltexbaby.com\/cs\/wp-json\/wp\/v2\/users\/6"}],"replies":[{"embeddable":true,"href":"https:\/\/www.moltexbaby.com\/cs\/wp-json\/wp\/v2\/comments?post=6855"}],"version-history":[{"count":0,"href":"https:\/\/www.moltexbaby.com\/cs\/wp-json\/wp\/v2\/pages\/6855\/revisions"}],"up":[{"embeddable":true,"href":"https:\/\/www.moltexbaby.com\/cs\/wp-json\/wp\/v2\/pages\/5806"}],"wp:featuredmedia":[{"embeddable":true,"href":"https:\/\/www.moltexbaby.com\/cs\/wp-json\/wp\/v2\/media\/24133"}],"wp:attachment":[{"href":"https:\/\/www.moltexbaby.com\/cs\/wp-json\/wp\/v2\/media?parent=6855"}],"wp:term":[{"taxonomy":"height","embeddable":true,"href":"https:\/\/www.moltexbaby.com\/cs\/wp-json\/wp\/v2\/height?post=6855"},{"taxonomy":"weight","embeddable":true,"href":"https:\/\/www.moltexbaby.com\/cs\/wp-json\/wp\/v2\/weight?post=6855"}],"curies":[{"name":"wp","href":"https:\/\/api.w.org\/{rel}","templated":true}]}}