{"id":3008,"date":"2020-07-09T08:40:11","date_gmt":"2020-07-09T08:40:11","guid":{"rendered":"https:\/\/www.moltexbaby.com\/?page_id=3008"},"modified":"2021-06-08T14:47:37","modified_gmt":"2021-06-08T14:47:37","slug":"impressum","status":"publish","type":"page","link":"https:\/\/www.moltexbaby.com\/de\/impressum\/","title":{"rendered":"Impressum"},"content":{"rendered":"<div class=\"wpb-content-wrapper\"><p>[vc_row][vc_column][vc_column_text]<\/p>\n<h2>Impressum<\/h2>\n<p><strong>Name der Ontex-Einheit, <\/strong><strong>Rechtsform:<\/strong><\/p>\n<p>Moltex Baby-Hygiene GmbH<\/p>\n<p><strong>Registrationsnummer:<\/strong><\/p>\n<p>HRB 5260<\/p>\n<p><strong>Gesch\u00e4ftssitz:<\/strong><\/p>\n<p>Robert-Bosch-Str. 8<br \/>\n56727 Mayen<\/p>\n<p>&nbsp;<\/p>\n<p><strong><br \/>\nUmsatzsteuer-Identifikationsnummer:<\/strong>\u00a0DE248 670006<\/p>\n<p><strong>E-mail:<\/strong>\u00a0<a href=\"mailto:info@moltex.de\">info@moltex.de\u00a0<\/a><\/p>\n<p>&nbsp;<\/p>\n<p><strong>Publikationsdirektor<\/strong>: Ay\u015feg\u00fcl \u00d6zcan, Marketing Manager Ontex Brands Europe<\/p>\n<p>&nbsp;<\/p>\n<p><strong>Web host:<\/strong><\/p>\n<p>WP Engine<br \/>\nIrongate House, 22-30 Duke\u2019s Place<br \/>\nLondon, EC3A 7LP United Kingdom[\/vc_column_text][\/vc_column][\/vc_row]<\/p>\n<\/div>","protected":false},"excerpt":{"rendered":"<p>[vc_row][vc_column][vc_column_text] Impressum Name der Ontex-Einheit, Rechtsform: Moltex Baby-Hygiene GmbH Registrationsnummer: HRB 5260 Gesch\u00e4ftssitz: Robert-Bosch-Str. 8 56727 Mayen &nbsp; Umsatzsteuer-Identifikationsnummer:\u00a0DE248 670006 [&hellip;]<\/p>\n","protected":false},"author":6,"featured_media":0,"parent":0,"menu_order":234,"comment_status":"closed","ping_status":"closed","template":"","meta":{"_acf_changed":false,"footnotes":""},"height":[],"weight":[],"class_list":["post-3008","page","type-page","status-publish","hentry"],"acf":[],"_links":{"self":[{"href":"https:\/\/www.moltexbaby.com\/de\/wp-json\/wp\/v2\/pages\/3008","targetHints":{"allow":["GET"]}}],"collection":[{"href":"https:\/\/www.moltexbaby.com\/de\/wp-json\/wp\/v2\/pages"}],"about":[{"href":"https:\/\/www.moltexbaby.com\/de\/wp-json\/wp\/v2\/types\/page"}],"author":[{"embeddable":true,"href":"https:\/\/www.moltexbaby.com\/de\/wp-json\/wp\/v2\/users\/6"}],"replies":[{"embeddable":true,"href":"https:\/\/www.moltexbaby.com\/de\/wp-json\/wp\/v2\/comments?post=3008"}],"version-history":[{"count":0,"href":"https:\/\/www.moltexbaby.com\/de\/wp-json\/wp\/v2\/pages\/3008\/revisions"}],"wp:attachment":[{"href":"https:\/\/www.moltexbaby.com\/de\/wp-json\/wp\/v2\/media?parent=3008"}],"wp:term":[{"taxonomy":"height","embeddable":true,"href":"https:\/\/www.moltexbaby.com\/de\/wp-json\/wp\/v2\/height?post=3008"},{"taxonomy":"weight","embeddable":true,"href":"https:\/\/www.moltexbaby.com\/de\/wp-json\/wp\/v2\/weight?post=3008"}],"curies":[{"name":"wp","href":"https:\/\/api.w.org\/{rel}","templated":true}]}}