{"id":5814,"date":"2020-07-16T08:20:26","date_gmt":"2020-07-16T08:20:26","guid":{"rendered":"https:\/\/www.moltexbaby.com\/?page_id=5814"},"modified":"2023-12-04T14:22:48","modified_gmt":"2023-12-04T14:22:48","slug":"faq-kontakt","status":"publish","type":"page","link":"https:\/\/www.moltexbaby.com\/de\/faq-kontakt\/","title":{"rendered":"FAQ Kontakt"},"content":{"rendered":"<div class=\"wpb-content-wrapper\"><p>[vc_row row_height_percent=&#8220;0&#8243; override_padding=&#8220;yes&#8220; h_padding=&#8220;2&#8243; top_padding=&#8220;1&#8243; bottom_padding=&#8220;2&#8243; overlay_alpha=&#8220;50&#8243; gutter_size=&#8220;3&#8243; column_width_percent=&#8220;100&#8243; shift_y=&#8220;0&#8243; z_index=&#8220;0&#8243;][vc_column column_width_use_pixel=&#8220;yes&#8220; align_horizontal=&#8220;align_center&#8220; gutter_size=&#8220;2&#8243; overlay_alpha=&#8220;50&#8243; shift_x=&#8220;0&#8243; shift_y=&#8220;0&#8243; shift_y_down=&#8220;0&#8243; z_index=&#8220;0&#8243; medium_width=&#8220;0&#8243; mobile_width=&#8220;0&#8243; width=&#8220;1\/1&#8243; column_width_pixel=&#8220;730&#8243;][vc_custom_heading]<\/p>\n<h1 id=\"tw-target-text\" class=\"tw-data-text tw-text-large XcVN5d tw-ta\" dir=\"ltr\" data-placeholder=\"Traduction\"><span lang=\"de\">FAQ<\/span><\/h1>\n<p>[\/vc_custom_heading][vc_custom_heading text_color=&#8220;color-wvjs&#8220; heading_semantic=&#8220;p&#8220; text_size=&#8220;h4&#8243; text_weight=&#8220;400&#8243;]Fragen und Antworten zu unseren Produkten und der Marke Moltex[\/vc_custom_heading][vc_empty_space empty_h=&#8220;0&#8243;][vc_button button_color=&#8220;accent&#8220; size=&#8220;btn-lg&#8220; radius=&#8220;btn-circle&#8220; outline=&#8220;yes&#8220; border_width=&#8220;0&#8243; link=&#8220;url:%23contact|||&#8220;]kontaktiere uns[\/vc_button][\/vc_column][\/vc_row][vc_row row_height_percent=&#8220;0&#8243; override_padding=&#8220;yes&#8220; h_padding=&#8220;2&#8243; top_padding=&#8220;2&#8243; bottom_padding=&#8220;3&#8243; back_image=&#8220;821&#8243; back_repeat=&#8220;no-repeat&#8220; back_position=&#8220;center top&#8220; overlay_alpha=&#8220;50&#8243; gutter_size=&#8220;3&#8243; column_width_percent=&#8220;100&#8243; shift_y=&#8220;0&#8243; z_index=&#8220;0&#8243; back_size=&#8220;initial&#8220;][vc_column column_width_use_pixel=&#8220;yes&#8220; gutter_size=&#8220;3&#8243; overlay_alpha=&#8220;50&#8243; shift_x=&#8220;0&#8243; shift_y=&#8220;0&#8243; shift_y_down=&#8220;0&#8243; z_index=&#8220;0&#8243; medium_width=&#8220;0&#8243; mobile_width=&#8220;0&#8243; width=&#8220;1\/1&#8243; column_width_pixel=&#8220;720&#8243;][vc_accordion active_tab=&#8220;0&#8243;][vc_accordion_tab title=&#8220;Welche Gr\u00f6\u00dfe passt zu meinem Baby?&#8220; tab_id=&#8220;1592322998-2-16&#8243; slug=&#8220;slug1&#8243;][vc_column_text uncode_shortcode_id=&#8220;925997&#8243;]<\/p>\n<div class=\"jhH5U\">\n<div id=\"tw-ob\" class=\"tw-src-ltr\">\n<div class=\"oSioSc\">\n<div id=\"tw-target\">\n<div id=\"kAz1tf\" class=\"g9WsWb\">\n<div id=\"tw-target-text-container\" class=\"tw-ta-container hide-focus-ring tw-nfl\" tabindex=\"0\">\n<p id=\"tw-target-text\" class=\"tw-data-text tw-text-large XcVN5d tw-ta\" dir=\"ltr\" data-placeholder=\"Traduction\"><span lang=\"de\">Die folgende Tabelle hilft Ihnen bei der Auswahl einer Windelgr\u00f6\u00dfe basierend auf dem Gewicht Ihres Kindes. Wenn es Anzeichen f\u00fcr eine falsche Passform gibt, wie z. B. Leckage, Hautausschlag oder rote Markierungen an den Seiten der H\u00fcften Ihres Kindes, sollten Sie eine gr\u00f6\u00dfere Gr\u00f6\u00dfe in Betracht ziehen. <\/span><\/p>\n<ul>\n<li>Newborn : 2-5 kg<\/li>\n<li>Mini : 3-6 kg<\/li>\n<li>Midi : 4-9 kg<\/li>\n<li>Maxi : 7-14 kg<\/li>\n<li>Junior : 11-16 kg<\/li>\n<li>XL :13-18 kg<\/li>\n<\/ul>\n<p>[\/vc_column_text][\/vc_accordion_tab][vc_accordion_tab title=&#8220;Wie entsteht Windelausschlag bei Babys?&#8220; tab_id=&#8220;1592322998-1-19&#8243; slug=&#8220;slug2&#8243;][vc_column_text]Es gibt viele Ursachen f\u00fcr Windelausschlag. Zu den h\u00e4ufigsten geh\u00f6ren:<br \/>\n\u2022 eine nasse oder schmutzige Windel, die das Kind zu lange tr\u00e4gt<br \/>\n\u2022 Reiben oder Scheuern gegen die Windel selbst<br \/>\n\u2022 Bakterielle Infektion<br \/>\n\u2022 Allergische Reaktion auf Windeln<br \/>\n\u2022 Wenn das Kind \u00e4lter wird \u2013 insbesondere im Alter von 9 bis 12 Monaten<br \/>\n\u2022 Beginn der Aufnahme fester Nahrung<br \/>\n\u2022 Einnahme von Antibiotika oder wenn Sie selbst Antibiotika einnehmen und stillen<br \/>\nF\u00fcr weitere Informationen lesen Sie die Ratschl\u00e4gen auf unserer Website, wo Sie zudem viele weitere Tipps zur Babypflege finden.[\/vc_column_text][\/vc_accordion_tab][vc_accordion_tab title=&#8220;Was bedeutet biobasiert? Biologisch abbaubar? Kompostierbar?&#8220; tab_id=&#8220;1592322998-1-19&#8243; slug=&#8220;slug3&#8243;][vc_column_text]<strong>Biobasiert<\/strong> oder \u201eerneuerbar\/nachwachsend\u201c \u2013 Dieses Konzept bezieht sich auf den <em>Anfang<\/em> der Produktionskette: Die Produkte werden aus Pflanzen und nicht aus Erd\u00f6l hergestellt. Die biobasierten Produktbestandteile sind Zellstoffwatte aus Holz, Baumwolle und die biobasierte Innenschicht aus Zuckerrohr und Zuckerr\u00fcbe. Die Verpackung wird aus Zuckerrohr hergestellt.<\/p>\n<p><strong>Biologisch abbaubar <\/strong>\u2013 Dieses Konzept bezieht sich auf das <em>Ende<\/em> des Lebenszyklus des Produkts nach der Entsorgung: Das Material wird zersetzt und Bakterien, Schimmelpilze usw. verwandeln es in Wasser, Kohlenstoffdioxid, Methan und andere Nebenprodukte. Der im Produkt enthaltene Zellstoff und die Baumwolle sind biologisch abbaubar. Die in unseren Produkten verwendeten biobasierten Kunststoffe und die Verpackungen sind nicht biologisch abbaubar.<\/p>\n<p><strong>Kompostierbar <\/strong>\u2013 Manche Materialien sind nur in industriellen Kompostieranlagen und nicht in der Natur (d.\u00a0h. im Boden oder Wasser) biologisch abbaubar. Ferner zersetzen sich manche Materialien \u2013 selbst nat\u00fcrliche \u2013 in M\u00fclldeponien nur langsam, da die Produkte zusammengepresst und nass sind und nicht von Luft und Licht erreicht werden.<\/p>\n<p><strong>Biologisch abbaubarer Kunststoff ist KEIN geeignetes Material f\u00fcr Windelverpackungen.<\/strong> Das Ziel sollte sein, Au\u00dfenverpackungen zu sammeln und zu recyceln. Wenn biologisch abbaubare Kunststoffe recycelt werden, besteht die Gefahr, dass sich die Qualit\u00e4t des recycelten Materials verschlechtert. Aus diesem Grund ist unser Beutel biobasiert, aber nicht biologisch abbaubar.[\/vc_column_text][\/vc_accordion_tab][vc_accordion_tab title=&#8220;Bedeutet das \u201eSeal of Cotton\u201c, dass die Baumwolle biologisch ist (Bio-Baumwolle)?&#8220; tab_id=&#8220;1592322998-1-19&#8243; slug=&#8220;slug5&#8243;][vc_column_text]Nein. Das Label besagt lediglich, dass 15\u00a0% mehr Baumwolle auf der R\u00fcckseite enthalten sind.[\/vc_column_text][\/vc_accordion_tab][\/vc_accordion][vc_empty_space empty_h=&#8220;0&#8243;][\/vc_column][\/vc_row][vc_row row_height_percent=&#8220;0&#8243; override_padding=&#8220;yes&#8220; h_padding=&#8220;2&#8243; top_padding=&#8220;3&#8243; bottom_padding=&#8220;3&#8243; back_color=&#8220;color-833138&#8243; back_image=&#8220;844&#8243; back_position=&#8220;right center&#8220; overlay_alpha=&#8220;50&#8243; gutter_size=&#8220;3&#8243; column_width_percent=&#8220;100&#8243; shift_y=&#8220;0&#8243; z_index=&#8220;0&#8243; row_name=&#8220;contact&#8220; back_size=&#8220;initial&#8220;][vc_column column_width_use_pixel=&#8220;yes&#8220; align_horizontal=&#8220;align_center&#8220; gutter_size=&#8220;2&#8243; overlay_alpha=&#8220;50&#8243; shift_x=&#8220;0&#8243; shift_y=&#8220;0&#8243; shift_y_down=&#8220;0&#8243; z_index=&#8220;0&#8243; medium_width=&#8220;0&#8243; mobile_width=&#8220;0&#8243; width=&#8220;1\/1&#8243; column_width_pixel=&#8220;720&#8243;][vc_custom_heading uncode_shortcode_id=&#8220;179825&#8243;]Kontaktiere uns[\/vc_custom_heading][vc_custom_heading text_color=&#8220;color-wvjs&#8220; heading_semantic=&#8220;p&#8220; text_size=&#8220;h5&#8243; text_weight=&#8220;400&#8243;]<\/p>\n<p id=\"tw-target-text\" class=\"tw-data-text tw-text-large XcVN5d tw-ta\" dir=\"ltr\" data-placeholder=\"Traduction\"><span lang=\"de\">Bitte kontaktieren Sie uns, wenn Sie Fragen zu unseren Produkten haben.<\/span><\/p>\n<p>[\/vc_custom_heading][vc_column_text]F\u00fcr alle PR-, Medien- und andere Marketing-Anfragen wenden Sie sich bitte per E-Mail an <a href=\"mailto:press@moltex.de\">press@moltex.de<\/a>.[\/vc_column_text][vc_empty_space empty_h=&#8220;0&#8243;]<script type=\"text\/javascript\">\n\/* <![CDATA[ *\/\nvar gform;gform||(document.addEventListener(\"gform_main_scripts_loaded\",function(){gform.scriptsLoaded=!0}),document.addEventListener(\"gform\/theme\/scripts_loaded\",function(){gform.themeScriptsLoaded=!0}),window.addEventListener(\"DOMContentLoaded\",function(){gform.domLoaded=!0}),gform={domLoaded:!1,scriptsLoaded:!1,themeScriptsLoaded:!1,isFormEditor:()=>\"function\"==typeof InitializeEditor,callIfLoaded:function(o){return!(!gform.domLoaded||!gform.scriptsLoaded||!gform.themeScriptsLoaded&&!gform.isFormEditor()||(gform.isFormEditor()&&console.warn(\"The use of gform.initializeOnLoaded() is deprecated in the form editor context and will be removed in Gravity Forms 3.1.\"),o(),0))},initializeOnLoaded:function(o){gform.callIfLoaded(o)||(document.addEventListener(\"gform_main_scripts_loaded\",()=>{gform.scriptsLoaded=!0,gform.callIfLoaded(o)}),document.addEventListener(\"gform\/theme\/scripts_loaded\",()=>{gform.themeScriptsLoaded=!0,gform.callIfLoaded(o)}),window.addEventListener(\"DOMContentLoaded\",()=>{gform.domLoaded=!0,gform.callIfLoaded(o)}))},hooks:{action:{},filter:{}},addAction:function(o,r,e,t){gform.addHook(\"action\",o,r,e,t)},addFilter:function(o,r,e,t){gform.addHook(\"filter\",o,r,e,t)},doAction:function(o){gform.doHook(\"action\",o,arguments)},applyFilters:function(o){return gform.doHook(\"filter\",o,arguments)},removeAction:function(o,r){gform.removeHook(\"action\",o,r)},removeFilter:function(o,r,e){gform.removeHook(\"filter\",o,r,e)},addHook:function(o,r,e,t,n){null==gform.hooks[o][r]&&(gform.hooks[o][r]=[]);var d=gform.hooks[o][r];null==n&&(n=r+\"_\"+d.length),gform.hooks[o][r].push({tag:n,callable:e,priority:t=null==t?10:t})},doHook:function(r,o,e){var t;if(e=Array.prototype.slice.call(e,1),null!=gform.hooks[r][o]&&((o=gform.hooks[r][o]).sort(function(o,r){return o.priority-r.priority}),o.forEach(function(o){\"function\"!=typeof(t=o.callable)&&(t=window[t]),\"action\"==r?t.apply(null,e):e[0]=t.apply(null,e)})),\"filter\"==r)return e[0]},removeHook:function(o,r,t,n){var e;null!=gform.hooks[o][r]&&(e=(e=gform.hooks[o][r]).filter(function(o,r,e){return!!(null!=n&&n!=o.tag||null!=t&&t!=o.priority)}),gform.hooks[o][r]=e)}});\n\/* ]]> *\/\n<\/script>\n\n                <div class='gf_browser_gecko gform_wrapper gravity-theme gform-theme--no-framework clean-form_wrapper contact-form_wrapper' data-form-theme='gravity-theme' data-form-index='0' id='gform_wrapper_1' ><div id='gf_1' class='gform_anchor' tabindex='-1'><\/div><form method='post' enctype='multipart\/form-data' target='gform_ajax_frame_1' id='gform_1' class='clean-form contact-form' action='\/de\/wp-json\/wp\/v2\/pages\/5814#gf_1' data-formid='1' novalidate>\n                        <div class='gform-body gform_body'><div id='gform_fields_1' class='gform_fields top_label form_sublabel_below description_below validation_below'><div id=\"field_1_1\" class=\"gfield gfield--type-select gfield_contains_required field_sublabel_below gfield--no-description field_description_below hidden_label field_validation_below gfield_visibility_visible\"  ><label class='gfield_label gform-field-label' for='input_1_1'>Land<span class=\"gfield_required\"><span class=\"gfield_required gfield_required_text\">(erforderlich)<\/span><\/span><\/label><div class='ginput_container ginput_container_select'><select name='input_1' id='input_1_1' class='large gfield_select'    aria-required=\"true\" aria-invalid=\"false\" ><option value='' selected='selected' class='gf_placeholder'>Land<\/option><option value='Albania' >Albanien<\/option><option value='Czech Republic' >Czech Republic<\/option><option value='France' >France<\/option><option value='Germany' >Germany<\/option><option value='Hungary' >Hungary<\/option><option value='Italy' >Italy<\/option><option value='Korea' >Korea<\/option><option value='Poland' >Poland<\/option><option value='Portugal' >Portugal<\/option><option value='Spain' >Spain<\/option><\/select><\/div><\/div><div id=\"field_1_2\" class=\"gfield gfield--type-text gfield--width-half half-field gfield_contains_required field_sublabel_below gfield--no-description field_description_below hidden_label field_validation_below gfield_visibility_visible\"  ><label class='gfield_label gform-field-label' for='input_1_2'>Vorname, Nachname<span class=\"gfield_required\"><span class=\"gfield_required gfield_required_text\">(erforderlich)<\/span><\/span><\/label><div class='ginput_container ginput_container_text'><input name='input_2' id='input_1_2' type='text' value='' class='large'    placeholder='Vorname, Nachname' aria-required=\"true\" aria-invalid=\"false\"   \/><\/div><\/div><div id=\"field_1_3\" class=\"gfield gfield--type-email gfield--width-half half-field gfield_contains_required field_sublabel_below gfield--no-description field_description_below hidden_label field_validation_below gfield_visibility_visible\"  ><label class='gfield_label gform-field-label' for='input_1_3'>E-Mail<span class=\"gfield_required\"><span class=\"gfield_required gfield_required_text\">(erforderlich)<\/span><\/span><\/label><div class='ginput_container ginput_container_email'>\n                            <input name='input_3' id='input_1_3' type='email' value='' class='large'   placeholder='E-Mail' aria-required=\"true\" aria-invalid=\"false\"  \/>\n                        <\/div><\/div><div id=\"field_1_4\" class=\"gfield gfield--type-text gfield_contains_required field_sublabel_below gfield--no-description field_description_below hidden_label field_validation_below gfield_visibility_visible\"  ><label class='gfield_label gform-field-label' for='input_1_4'>Thema<span class=\"gfield_required\"><span class=\"gfield_required gfield_required_text\">(erforderlich)<\/span><\/span><\/label><div class='ginput_container ginput_container_text'><input name='input_4' id='input_1_4' type='text' value='' class='large'    placeholder='Thema' aria-required=\"true\" aria-invalid=\"false\"   \/><\/div><\/div><div id=\"field_1_5\" class=\"gfield gfield--type-textarea gfield_contains_required field_sublabel_below gfield--no-description field_description_below hidden_label field_validation_below gfield_visibility_visible\"  ><label class='gfield_label gform-field-label' for='input_1_5'>Schreiben Sie ihre Nachricht hier<span class=\"gfield_required\"><span class=\"gfield_required gfield_required_text\">(erforderlich)<\/span><\/span><\/label><div class='ginput_container ginput_container_textarea'><textarea name='input_5' id='input_1_5' class='textarea medium'    placeholder='Schreiben Sie ihre Nachricht hier' aria-required=\"true\" aria-invalid=\"false\"   rows='10' cols='50'><\/textarea><\/div><\/div><fieldset id=\"field_1_6\" class=\"gfield gfield--type-consent gfield--type-choice gfield_contains_required field_sublabel_below gfield--no-description field_description_below hidden_label field_validation_below gfield_visibility_visible\"  ><legend class='gfield_label gform-field-label gfield_label_before_complex' >Consent<span class=\"gfield_required\"><span class=\"gfield_required gfield_required_text\">(erforderlich)<\/span><\/span><\/legend><div class='ginput_container ginput_container_consent'><input name='input_6.1' id='input_1_6_1' type='checkbox' value='1'   aria-required=\"true\" aria-invalid=\"false\"   \/> <label class=\"gform-field-label gform-field-label--type-inline gfield_consent_label\" for='input_1_6_1' >Ich erkl\u00e4re mich damit einverstanden, dass meine Daten im Rahmen der Datenschutzerkl\u00e4rung verarbeitet werden.<span class=\"gfield_required gfield_required_text\">(erforderlich)<\/span><\/label><input type='hidden' name='input_6.2' value='Ich erkl\u00e4re mich damit einverstanden, dass meine Daten im Rahmen der Datenschutzerkl\u00e4rung verarbeitet werden.' class='gform_hidden' \/><input type='hidden' name='input_6.3' value='1' class='gform_hidden' \/><\/div><\/fieldset><div id=\"field_1_7\" class=\"gfield gfield--type-html gfield_html gfield_html_formatted gfield_no_follows_desc field_sublabel_below gfield--no-description field_description_below field_validation_below gfield_visibility_visible\"  >In unserer Datenschutzerkl\u00e4rung erfahren Sie, wie wir mit Ihren pers\u00f6nlichen Daten umgehen. Wenn Sie Fragen zum Schutz Ihrer pers\u00f6nlichen Daten haben, kontaktieren Sie uns unter <a href=\"mailto:dataprotection.de@ontexglobal.com\">dataprotection.de@ontexglobal.com<\/a><\/div><\/div><\/div>\n        <div class='gform-footer gform_footer top_label'> <input type='submit' id='gform_submit_button_1' class='gform_button button' onclick='gform.submission.handleButtonClick(this);' data-submission-type='submit' value='Senden'  \/> <input type='hidden' name='gform_ajax' value='form_id=1&amp;title=&amp;description=&amp;tabindex=0&amp;theme=gravity-theme&amp;styles=[]&amp;hash=bb221c729a09fcc11b3cd6709e059cbe' \/>\n            <input type='hidden' class='gform_hidden' name='gform_submission_method' data-js='gform_submission_method_1' value='iframe' \/>\n            <input type='hidden' class='gform_hidden' name='gform_theme' data-js='gform_theme_1' id='gform_theme_1' value='gravity-theme' \/>\n            <input type='hidden' class='gform_hidden' name='gform_style_settings' data-js='gform_style_settings_1' id='gform_style_settings_1' value='[]' \/>\n            <input type='hidden' class='gform_hidden' name='is_submit_1' value='1' \/>\n            <input type='hidden' class='gform_hidden' name='gform_submit' value='1' \/>\n            \n            <input type='hidden' class='gform_hidden' name='gform_unique_id' value='' \/>\n            <input type='hidden' class='gform_hidden' name='state_1' value='WyJ7XCI2LjFcIjpcIjBjOTgyOWE0Zjg1MjY1MDhmNTNlMWE2NWM5NTRjYjY3XCIsXCI2LjJcIjpcIjlmMmYwNTMwNjZiNjMxNWJlNTRiOWEyZThkMTVkMWU2XCIsXCI2LjNcIjpcIjBjOTgyOWE0Zjg1MjY1MDhmNTNlMWE2NWM5NTRjYjY3XCJ9IiwiN2U2OTg5NGJkNmRlMzg5Y2ZhMTM4NDlhYTQ4YjcxMWYiXQ==' \/>\n            <input type='hidden' autocomplete='off' class='gform_hidden' name='gform_target_page_number_1' id='gform_target_page_number_1' value='0' \/>\n            <input type='hidden' autocomplete='off' class='gform_hidden' name='gform_source_page_number_1' id='gform_source_page_number_1' value='1' \/>\n            <input type='hidden' name='gform_field_values' value='' \/>\n            \n        <\/div>\n                        <\/form>\n                        <\/div>\n\t\t                <iframe style='display:none;width:0px;height:0px;' src='about:blank' name='gform_ajax_frame_1' id='gform_ajax_frame_1' title='Dieser iframe enth\u00e4lt die erforderliche Logik um Gravity Forms Formulare mit AJAX zu handhaben.'><\/iframe>\n\t\t                <script type=\"text\/javascript\">\n\/* <![CDATA[ *\/\n gform.initializeOnLoaded( function() {gformInitSpinner( 1, 'https:\/\/www.moltexbaby.com\/wp-content\/plugins\/gravityforms\/images\/spinner.svg', true );jQuery('#gform_ajax_frame_1').on('load',function(){var contents = jQuery(this).contents().find('*').html();var is_postback = contents.indexOf('GF_AJAX_POSTBACK') >= 0;if(!is_postback){return;}var form_content = jQuery(this).contents().find('#gform_wrapper_1');var is_confirmation = jQuery(this).contents().find('#gform_confirmation_wrapper_1').length > 0;var is_redirect = contents.indexOf('gformRedirect(){') >= 0;var is_form = form_content.length > 0 && ! is_redirect && ! is_confirmation;var mt = parseInt(jQuery('html').css('margin-top'), 10) + parseInt(jQuery('body').css('margin-top'), 10) + 100;if(is_form){jQuery('#gform_wrapper_1').html(form_content.html());if(form_content.hasClass('gform_validation_error')){jQuery('#gform_wrapper_1').addClass('gform_validation_error');} else {jQuery('#gform_wrapper_1').removeClass('gform_validation_error');}setTimeout( function() { \/* delay the scroll by 50 milliseconds to fix a bug in chrome *\/ jQuery(document).scrollTop(jQuery('#gform_wrapper_1').offset().top - mt); }, 50 );if(window['gformInitDatepicker']) {gformInitDatepicker();}if(window['gformInitPriceFields']) {gformInitPriceFields();}var current_page = jQuery('#gform_source_page_number_1').val();gformInitSpinner( 1, 'https:\/\/www.moltexbaby.com\/wp-content\/plugins\/gravityforms\/images\/spinner.svg', true );jQuery(document).trigger('gform_page_loaded', [1, current_page]);window['gf_submitting_1'] = false;}else if(!is_redirect){var confirmation_content = jQuery(this).contents().find('.GF_AJAX_POSTBACK').html();if(!confirmation_content){confirmation_content = contents;}jQuery('#gform_wrapper_1').replaceWith(confirmation_content);jQuery(document).scrollTop(jQuery('#gf_1').offset().top - mt);jQuery(document).trigger('gform_confirmation_loaded', [1]);window['gf_submitting_1'] = false;wp.a11y.speak(jQuery('#gform_confirmation_message_1').text());}else{jQuery('#gform_1').append(contents);if(window['gformRedirect']) {gformRedirect();}}jQuery(document).trigger(\"gform_pre_post_render\", [{ formId: \"1\", currentPage: \"current_page\", abort: function() { this.preventDefault(); } }]);        if (event && event.defaultPrevented) {                return;        }        const gformWrapperDiv = document.getElementById( \"gform_wrapper_1\" );        if ( gformWrapperDiv ) {            const visibilitySpan = document.createElement( \"span\" );            visibilitySpan.id = \"gform_visibility_test_1\";            gformWrapperDiv.insertAdjacentElement( \"afterend\", visibilitySpan );        }        const visibilityTestDiv = document.getElementById( \"gform_visibility_test_1\" );        let postRenderFired = false;        function triggerPostRender() {            if ( postRenderFired ) {                return;            }            postRenderFired = true;            gform.core.triggerPostRenderEvents( 1, current_page );            if ( visibilityTestDiv ) {                visibilityTestDiv.parentNode.removeChild( visibilityTestDiv );            }        }        function debounce( func, wait, immediate ) {            var timeout;            return function() {                var context = this, args = arguments;                var later = function() {                    timeout = null;                    if ( !immediate ) func.apply( context, args );                };                var callNow = immediate && !timeout;                clearTimeout( timeout );                timeout = setTimeout( later, wait );                if ( callNow ) func.apply( context, args );            };        }        const debouncedTriggerPostRender = debounce( function() {            triggerPostRender();        }, 200 );        if ( visibilityTestDiv && visibilityTestDiv.offsetParent === null ) {            const observer = new MutationObserver( ( mutations ) => {                mutations.forEach( ( mutation ) => {                    if ( mutation.type === 'attributes' && visibilityTestDiv.offsetParent !== null ) {                        debouncedTriggerPostRender();                        observer.disconnect();                    }                });            });            observer.observe( document.body, {                attributes: true,                childList: false,                subtree: true,                attributeFilter: [ 'style', 'class' ],            });        } else {            triggerPostRender();        }    } );} ); \n\/* ]]> *\/\n<\/script>\n[\/vc_column][\/vc_row][vc_row][vc_column][vc_column_text]<\/p>\n<\/div>\n<\/div>\n<\/div>\n<\/div>\n<\/div>\n<\/div>\n<p>[\/vc_column_text][\/vc_column][\/vc_row]<\/p>\n<\/div>","protected":false},"excerpt":{"rendered":"<p>[vc_row row_height_percent=&#8220;0&#8243; override_padding=&#8220;yes&#8220; h_padding=&#8220;2&#8243; top_padding=&#8220;1&#8243; bottom_padding=&#8220;2&#8243; overlay_alpha=&#8220;50&#8243; gutter_size=&#8220;3&#8243; column_width_percent=&#8220;100&#8243; shift_y=&#8220;0&#8243; z_index=&#8220;0&#8243;][vc_column column_width_use_pixel=&#8220;yes&#8220; align_horizontal=&#8220;align_center&#8220; gutter_size=&#8220;2&#8243; overlay_alpha=&#8220;50&#8243; shift_x=&#8220;0&#8243; shift_y=&#8220;0&#8243; shift_y_down=&#8220;0&#8243; z_index=&#8220;0&#8243; medium_width=&#8220;0&#8243; [&hellip;]<\/p>\n","protected":false},"author":6,"featured_media":0,"parent":0,"menu_order":215,"comment_status":"closed","ping_status":"closed","template":"","meta":{"_acf_changed":false,"footnotes":""},"height":[],"weight":[],"class_list":["post-5814","page","type-page","status-publish","hentry"],"acf":[],"_links":{"self":[{"href":"https:\/\/www.moltexbaby.com\/de\/wp-json\/wp\/v2\/pages\/5814","targetHints":{"allow":["GET"]}}],"collection":[{"href":"https:\/\/www.moltexbaby.com\/de\/wp-json\/wp\/v2\/pages"}],"about":[{"href":"https:\/\/www.moltexbaby.com\/de\/wp-json\/wp\/v2\/types\/page"}],"author":[{"embeddable":true,"href":"https:\/\/www.moltexbaby.com\/de\/wp-json\/wp\/v2\/users\/6"}],"replies":[{"embeddable":true,"href":"https:\/\/www.moltexbaby.com\/de\/wp-json\/wp\/v2\/comments?post=5814"}],"version-history":[{"count":0,"href":"https:\/\/www.moltexbaby.com\/de\/wp-json\/wp\/v2\/pages\/5814\/revisions"}],"wp:attachment":[{"href":"https:\/\/www.moltexbaby.com\/de\/wp-json\/wp\/v2\/media?parent=5814"}],"wp:term":[{"taxonomy":"height","embeddable":true,"href":"https:\/\/www.moltexbaby.com\/de\/wp-json\/wp\/v2\/height?post=5814"},{"taxonomy":"weight","embeddable":true,"href":"https:\/\/www.moltexbaby.com\/de\/wp-json\/wp\/v2\/weight?post=5814"}],"curies":[{"name":"wp","href":"https:\/\/api.w.org\/{rel}","templated":true}]}}