{"id":5840,"date":"2020-07-16T08:30:20","date_gmt":"2020-07-16T08:30:20","guid":{"rendered":"https:\/\/www.moltexbaby.com\/?page_id=5840"},"modified":"2025-07-29T10:22:56","modified_gmt":"2025-07-29T10:22:56","slug":"produkte","status":"publish","type":"page","link":"https:\/\/www.moltexbaby.com\/de\/produkte\/","title":{"rendered":"Produkte"},"content":{"rendered":"<div class=\"wpb-content-wrapper\"><p>[vc_row row_height_percent=&#8220;0&#8243; override_padding=&#8220;yes&#8220; h_padding=&#8220;2&#8243; top_padding=&#8220;1&#8243; bottom_padding=&#8220;1&#8243; overlay_alpha=&#8220;50&#8243; gutter_size=&#8220;2&#8243; column_width_percent=&#8220;100&#8243; shift_y=&#8220;0&#8243; z_index=&#8220;0&#8243;][vc_column column_width_use_pixel=&#8220;yes&#8220; align_horizontal=&#8220;align_center&#8220; gutter_size=&#8220;2&#8243; overlay_alpha=&#8220;50&#8243; shift_x=&#8220;0&#8243; shift_y=&#8220;0&#8243; shift_y_down=&#8220;0&#8243; z_index=&#8220;0&#8243; medium_width=&#8220;0&#8243; mobile_width=&#8220;0&#8243; width=&#8220;1\/1&#8243; column_width_pixel=&#8220;820&#8243;][vc_custom_heading]<\/p>\n<h1 class=\"elementor-heading-title elementor-size-default\">Produkte<\/h1>\n<p>[\/vc_custom_heading][vc_custom_heading text_color=&#8220;color-wvjs&#8220; heading_semantic=&#8220;p&#8220; text_size=&#8220;h4&#8243; text_weight=&#8220;400&#8243; uncode_shortcode_id=&#8220;646571&#8243; text_color_type=&#8220;uncode-palette&#8220;]Die Pure &amp; Nature Windeln von MOLTEX werden mit 100% \u00d6kostrom produziert, haben eine weiche Innenschicht nat\u00fcrlichen Ursprungs und sind 100% frei von Schadstoffen. Sie sch\u00fctzen nicht nur die Haut ihres Babys, sondenr auch die Umwelt.[\/vc_custom_heading][vc_empty_space empty_h=&#8220;2&#8243;][\/vc_column][\/vc_row][vc_row row_height_percent=&#8220;0&#8243; override_padding=&#8220;yes&#8220; h_padding=&#8220;2&#8243; top_padding=&#8220;2&#8243; bottom_padding=&#8220;2&#8243; back_image=&#8220;1274&#8243; back_repeat=&#8220;no-repeat&#8220; back_position=&#8220;left top&#8220; overlay_alpha=&#8220;50&#8243; gutter_size=&#8220;3&#8243; column_width_percent=&#8220;100&#8243; shift_y=&#8220;0&#8243; z_index=&#8220;0&#8243; back_size=&#8220;300px&#8220; row_name=&#8220;diapers&#8220;][vc_column width=&#8220;1\/1&#8243;][vc_custom_heading text_size=&#8220;h3&#8243; text_weight=&#8220;400&#8243;]Windeln[\/vc_custom_heading][uncode_index el_id=&#8220;index-156007D&#8220; index_type=&#8220;carousel&#8220; loop=&#8220;size:10|order_by:modified|post_type:page|tax_query:2141|taxonomy_count:10&#8243; carousel_lg=&#8220;4&#8243; carousel_md=&#8220;4&#8243; carousel_sm=&#8220;1&#8243; gutter_size=&#8220;2&#8243; page_items=&#8220;media|featured|onpost|original,title,text|excerpt&#8220; carousel_interval=&#8220;0&#8243; carousel_navspeed=&#8220;400&#8243; carousel_nav=&#8220;yes&#8220; carousel_nav_mobile=&#8220;yes&#8220; carousel_dots_mobile=&#8220;yes&#8220; stage_padding=&#8220;0&#8243; single_overlay_opacity=&#8220;50&#8243; single_overlay_anim=&#8220;no&#8220; single_padding=&#8220;1&#8243; single_text_reduced=&#8220;yes&#8220; single_title_dimension=&#8220;h4&#8243; single_border=&#8220;yes&#8220; custom_order=&#8220;yes&#8220; no_double_tap=&#8220;yes&#8220; order_ids=&#8220;6201,6198,6157,6087,6033,6159&#8243; el_class=&#8220;carousel-overflow-visible diapers&#8220;][\/vc_column][\/vc_row][vc_row row_height_percent=&#8220;0&#8243; override_padding=&#8220;yes&#8220; h_padding=&#8220;2&#8243; top_padding=&#8220;2&#8243; bottom_padding=&#8220;1&#8243; overlay_alpha=&#8220;50&#8243; gutter_size=&#8220;3&#8243; column_width_percent=&#8220;100&#8243; shift_y=&#8220;0&#8243; z_index=&#8220;0&#8243;][vc_column width=&#8220;1\/1&#8243;][vc_empty_space empty_h=&#8220;2&#8243;][\/vc_column][\/vc_row][vc_row row_height_percent=&#8220;0&#8243; override_padding=&#8220;yes&#8220; h_padding=&#8220;2&#8243; top_padding=&#8220;2&#8243; bottom_padding=&#8220;2&#8243; back_image=&#8220;1274&#8243; back_repeat=&#8220;no-repeat&#8220; back_position=&#8220;left top&#8220; overlay_alpha=&#8220;50&#8243; gutter_size=&#8220;3&#8243; column_width_percent=&#8220;100&#8243; shift_y=&#8220;0&#8243; z_index=&#8220;0&#8243; back_size=&#8220;300px&#8220; row_name=&#8220;pants&#8220;][vc_column width=&#8220;1\/1&#8243;][vc_custom_heading text_size=&#8220;h3&#8243; text_weight=&#8220;400&#8243;]Pants[\/vc_custom_heading][uncode_index el_id=&#8220;index-156007pants&#8220; index_type=&#8220;carousel&#8220; loop=&#8220;size:10|order_by:date|order:ASC|post_type:page|tax_query:2140|taxonomy_count:10&#8243; carousel_lg=&#8220;4&#8243; carousel_md=&#8220;4&#8243; carousel_sm=&#8220;1&#8243; thumb_size=&#8220;one-one&#8220; gutter_size=&#8220;2&#8243; page_items=&#8220;media|featured|onpost|original,title,text|excerpt&#8220; carousel_interval=&#8220;3000&#8243; carousel_navspeed=&#8220;400&#8243; carousel_nav=&#8220;yes&#8220; carousel_nav_mobile=&#8220;yes&#8220; carousel_dots=&#8220;yes&#8220; carousel_dots_mobile=&#8220;yes&#8220; stage_padding=&#8220;0&#8243; single_overlay_opacity=&#8220;50&#8243; single_overlay_anim=&#8220;no&#8220; single_padding=&#8220;1&#8243; single_text_reduced=&#8220;yes&#8220; single_title_dimension=&#8220;h4&#8243; single_border=&#8220;yes&#8220; custom_order=&#8220;yes&#8220; no_double_tap=&#8220;yes&#8220; el_class=&#8220;pants&#8220; order_ids=&#8220;6570,6590,6578&#8243; uncode_shortcode_id=&#8220;242697&#8243;][\/vc_column][\/vc_row][vc_row row_height_percent=&#8220;0&#8243; override_padding=&#8220;yes&#8220; h_padding=&#8220;2&#8243; top_padding=&#8220;2&#8243; bottom_padding=&#8220;1&#8243; overlay_alpha=&#8220;50&#8243; gutter_size=&#8220;3&#8243; column_width_percent=&#8220;100&#8243; shift_y=&#8220;0&#8243; z_index=&#8220;0&#8243;][vc_column width=&#8220;1\/1&#8243;][vc_empty_space empty_h=&#8220;2&#8243;][\/vc_column][\/vc_row][vc_row row_height_percent=&#8220;0&#8243; override_padding=&#8220;yes&#8220; h_padding=&#8220;2&#8243; top_padding=&#8220;2&#8243; bottom_padding=&#8220;2&#8243; back_image=&#8220;1274&#8243; back_repeat=&#8220;no-repeat&#8220; back_position=&#8220;left top&#8220; overlay_alpha=&#8220;50&#8243; gutter_size=&#8220;3&#8243; column_width_percent=&#8220;100&#8243; shift_y=&#8220;0&#8243; z_index=&#8220;0&#8243; back_size=&#8220;300px&#8220; row_name=&#8220;Feuchtt\u00fccher&#8220;][vc_column width=&#8220;1\/1&#8243;][vc_custom_heading text_size=&#8220;h3&#8243; text_weight=&#8220;400&#8243;]Feuchtt\u00fccher[\/vc_custom_heading][uncode_index el_id=&#8220;de-products-wipes&#8220; index_type=&#8220;carousel&#8220; loop=&#8220;size:10|order_by:date|order:ASC|post_type:page|tax_query:6348&#8243; carousel_lg=&#8220;4&#8243; carousel_md=&#8220;4&#8243; carousel_sm=&#8220;1&#8243; gutter_size=&#8220;2&#8243; page_items=&#8220;media|featured|onpost|original,title,text|excerpt&#8220; carousel_interval=&#8220;3000&#8243; carousel_navspeed=&#8220;400&#8243; carousel_dots=&#8220;yes&#8220; carousel_dots_mobile=&#8220;yes&#8220; stage_padding=&#8220;0&#8243; single_overlay_opacity=&#8220;50&#8243; single_overlay_anim=&#8220;no&#8220; single_padding=&#8220;1&#8243; single_text_reduced=&#8220;yes&#8220; single_title_dimension=&#8220;h4&#8243; single_border=&#8220;yes&#8220; custom_order=&#8220;yes&#8220; no_double_tap=&#8220;yes&#8220; el_class=&#8220;wipes&#8220; order_ids=&#8220;6570,6590,6578&#8243;][\/vc_column][\/vc_row]<\/p>\n<\/div>","protected":false},"excerpt":{"rendered":"<p>[vc_row row_height_percent=&#8220;0&#8243; override_padding=&#8220;yes&#8220; h_padding=&#8220;2&#8243; top_padding=&#8220;1&#8243; bottom_padding=&#8220;1&#8243; overlay_alpha=&#8220;50&#8243; gutter_size=&#8220;2&#8243; column_width_percent=&#8220;100&#8243; shift_y=&#8220;0&#8243; z_index=&#8220;0&#8243;][vc_column column_width_use_pixel=&#8220;yes&#8220; align_horizontal=&#8220;align_center&#8220; gutter_size=&#8220;2&#8243; overlay_alpha=&#8220;50&#8243; shift_x=&#8220;0&#8243; shift_y=&#8220;0&#8243; shift_y_down=&#8220;0&#8243; z_index=&#8220;0&#8243; medium_width=&#8220;0&#8243; [&hellip;]<\/p>\n","protected":false},"author":6,"featured_media":0,"parent":0,"menu_order":21,"comment_status":"closed","ping_status":"closed","template":"","meta":{"_acf_changed":false,"footnotes":""},"height":[],"weight":[],"class_list":["post-5840","page","type-page","status-publish","hentry"],"acf":[],"_links":{"self":[{"href":"https:\/\/www.moltexbaby.com\/de\/wp-json\/wp\/v2\/pages\/5840","targetHints":{"allow":["GET"]}}],"collection":[{"href":"https:\/\/www.moltexbaby.com\/de\/wp-json\/wp\/v2\/pages"}],"about":[{"href":"https:\/\/www.moltexbaby.com\/de\/wp-json\/wp\/v2\/types\/page"}],"author":[{"embeddable":true,"href":"https:\/\/www.moltexbaby.com\/de\/wp-json\/wp\/v2\/users\/6"}],"replies":[{"embeddable":true,"href":"https:\/\/www.moltexbaby.com\/de\/wp-json\/wp\/v2\/comments?post=5840"}],"version-history":[{"count":0,"href":"https:\/\/www.moltexbaby.com\/de\/wp-json\/wp\/v2\/pages\/5840\/revisions"}],"wp:attachment":[{"href":"https:\/\/www.moltexbaby.com\/de\/wp-json\/wp\/v2\/media?parent=5840"}],"wp:term":[{"taxonomy":"height","embeddable":true,"href":"https:\/\/www.moltexbaby.com\/de\/wp-json\/wp\/v2\/height?post=5840"},{"taxonomy":"weight","embeddable":true,"href":"https:\/\/www.moltexbaby.com\/de\/wp-json\/wp\/v2\/weight?post=5840"}],"curies":[{"name":"wp","href":"https:\/\/api.w.org\/{rel}","templated":true}]}}