{"id":5850,"date":"2020-07-16T09:37:15","date_gmt":"2020-07-16T09:37:15","guid":{"rendered":"https:\/\/www.moltexbaby.com\/?page_id=5850"},"modified":"2025-07-08T09:41:57","modified_gmt":"2025-07-08T09:41:57","slug":"homepage","status":"publish","type":"page","link":"https:\/\/www.moltexbaby.com\/de\/","title":{"rendered":"Homepage"},"content":{"rendered":"<div class=\"wpb-content-wrapper\"><p>[vc_row row_height_percent=&#8220;0&#8243; override_padding=&#8220;yes&#8220; h_padding=&#8220;2&#8243; top_padding=&#8220;2&#8243; bottom_padding=&#8220;3&#8243; overlay_alpha=&#8220;50&#8243; gutter_size=&#8220;4&#8243; column_width_percent=&#8220;100&#8243; shift_y=&#8220;0&#8243; z_index=&#8220;0&#8243; el_class=&#8220;padding-side-mobile&#8220;][vc_column column_width_percent=&#8220;100&#8243; gutter_size=&#8220;1&#8243; overlay_alpha=&#8220;20&#8243; shift_x=&#8220;0&#8243; shift_y=&#8220;0&#8243; shift_y_down=&#8220;0&#8243; z_index=&#8220;0&#8243; medium_width=&#8220;0&#8243; mobile_width=&#8220;0&#8243; width=&#8220;1\/3&#8243;][vc_single_image media=&#8220;294&#8243; media_width_percent=&#8220;100&#8243;][vc_custom_heading heading_semantic=&#8220;h3&#8243; text_size=&#8220;h3&#8243; sub_reduced=&#8220;yes&#8220; subheading=&#8220;0 % Chlor, Latex oder Lotion,<br \/>\nSchadstoffgepr\u00fcft&#8220;]Ich bin<span class=\"text-accent-color\">\u00a0Pure<\/span>[\/vc_custom_heading][vc_empty_space empty_h=&#8220;2&#8243; desktop_visibility=&#8220;yes&#8220; medium_visibility=&#8220;yes&#8220;][\/vc_column][vc_column column_width_percent=&#8220;100&#8243; gutter_size=&#8220;1&#8243; overlay_alpha=&#8220;50&#8243; shift_x=&#8220;0&#8243; shift_y=&#8220;0&#8243; shift_y_down=&#8220;0&#8243; z_index=&#8220;0&#8243; medium_width=&#8220;0&#8243; mobile_width=&#8220;0&#8243; width=&#8220;1\/3&#8243;][vc_single_image media=&#8220;337&#8243; media_width_percent=&#8220;100&#8243;][vc_custom_heading heading_semantic=&#8220;h3&#8243; text_size=&#8220;h3&#8243; sub_reduced=&#8220;yes&#8220; subheading=&#8220;Mit weicher \u00d6ko-Baumwolle<br \/>\nInnenschicht zu 100% nat\u00fcrlichen Urpsrungs&#8220; uncode_shortcode_id=&#8220;112277&#8243; text_color_type=&#8220;uncode-palette&#8220; text_color_solid=&#8220;#ff0000&#8243;]Ich bin <span class=\"text-accent-color\">Zart<\/span>[\/vc_custom_heading][vc_empty_space empty_h=&#8220;2&#8243; desktop_visibility=&#8220;yes&#8220; medium_visibility=&#8220;yes&#8220;][\/vc_column][vc_column column_width_percent=&#8220;100&#8243; gutter_size=&#8220;1&#8243; overlay_alpha=&#8220;50&#8243; shift_x=&#8220;0&#8243; shift_y=&#8220;0&#8243; shift_y_down=&#8220;0&#8243; z_index=&#8220;0&#8243; medium_width=&#8220;0&#8243; mobile_width=&#8220;0&#8243; width=&#8220;1\/3&#8243;][vc_single_image media=&#8220;329&#8243; media_width_percent=&#8220;100&#8243;][vc_custom_heading heading_semantic=&#8220;h3&#8243; text_size=&#8220;h3&#8243; sub_reduced=&#8220;yes&#8220; subheading=&#8220;Hergestellt mit 100 % \u00d6kostrom<br \/>\nBeutel ist 100% aus recycltem Material&#8220; uncode_shortcode_id=&#8220;554603&#8243; text_color_type=&#8220;uncode-palette&#8220; text_color_solid=&#8220;#ff0000&#8243;]Ich bin <span class=\"text-accent-color\">\u00f6ko<\/span>[\/vc_custom_heading][vc_empty_space empty_h=&#8220;2&#8243; desktop_visibility=&#8220;yes&#8220; medium_visibility=&#8220;yes&#8220;][\/vc_column][\/vc_row][vc_row row_height_percent=&#8220;0&#8243; override_padding=&#8220;yes&#8220; h_padding=&#8220;2&#8243; top_padding=&#8220;3&#8243; bottom_padding=&#8220;2&#8243; back_color=&#8220;color-790432&#8243; back_image=&#8220;738&#8243; back_position=&#8220;center top&#8220; overlay_alpha=&#8220;50&#8243; gutter_size=&#8220;3&#8243; column_width_percent=&#8220;100&#8243; shift_y=&#8220;0&#8243; z_index=&#8220;0&#8243; back_size=&#8220;1300px&#8220; el_class=&#8220;bg-green&#8220;][vc_column width=&#8220;1\/1&#8243;][vc_empty_space empty_h=&#8220;0&#8243; mobile_visibility=&#8220;yes&#8220;][vc_row_inner row_inner_height_percent=&#8220;0&#8243; overlay_alpha=&#8220;50&#8243; equal_height=&#8220;yes&#8220; gutter_size=&#8220;3&#8243; shift_y=&#8220;0&#8243; z_index=&#8220;0&#8243; limit_content=&#8220;&#8220;][vc_column_inner column_width_percent=&#8220;100&#8243; position_vertical=&#8220;bottom&#8220; align_horizontal=&#8220;align_center&#8220; gutter_size=&#8220;2&#8243; back_color=&#8220;color-xsdn&#8220; overlay_alpha=&#8220;50&#8243; radius=&#8220;xl&#8220; shift_x=&#8220;0&#8243; shift_y=&#8220;0&#8243; shift_y_down=&#8220;0&#8243; z_index=&#8220;0&#8243; medium_width=&#8220;0&#8243; mobile_width=&#8220;0&#8243; width=&#8220;1\/2&#8243; el_class=&#8220;mobile-padding&#8220;][vc_single_image media=&#8220;23316&#8243; media_width_use_pixel=&#8220;yes&#8220; alignment=&#8220;center&#8220; media_width_pixel=&#8220;240&#8243; uncode_shortcode_id=&#8220;200501&#8243;][vc_custom_heading sub_reduced=&#8220;yes&#8220;]Windeln[\/vc_custom_heading][uncode_list el_class=&#8220;type-list&#8220;]<\/p>\n<ul>\n<li class=\"newborn\">Neugeborene<\/li>\n<li class=\"mini\">Mini<\/li>\n<li class=\"midi\">Midi<\/li>\n<li class=\"maxi\">MAXI<\/li>\n<li class=\"junior\">junior<\/li>\n<li class=\"xl\">XL<\/li>\n<\/ul>\n<p>[\/uncode_list][vc_empty_space empty_h=&#8220;0&#8243;][vc_button button_color=&#8220;accent&#8220; size=&#8220;btn-lg&#8220; radius=&#8220;btn-circle&#8220; outline=&#8220;yes&#8220; border_width=&#8220;0&#8243; link=&#8220;url:https%3A%2F%2Fwww.moltexbaby.com%2Fde%2Fprodukte%2F%23diapers|||&#8220;]Alle Windeln anzeigen[\/vc_button][\/vc_column_inner][vc_column_inner column_width_percent=&#8220;100&#8243; position_vertical=&#8220;bottom&#8220; align_horizontal=&#8220;align_center&#8220; gutter_size=&#8220;2&#8243; back_color=&#8220;color-xsdn&#8220; overlay_alpha=&#8220;50&#8243; radius=&#8220;xl&#8220; shift_x=&#8220;0&#8243; shift_y=&#8220;0&#8243; shift_y_down=&#8220;0&#8243; z_index=&#8220;0&#8243; medium_width=&#8220;0&#8243; mobile_width=&#8220;0&#8243; width=&#8220;1\/2&#8243;][vc_single_image media=&#8220;23338&#8243; media_width_use_pixel=&#8220;yes&#8220; alignment=&#8220;center&#8220; media_width_pixel=&#8220;204&#8243; uncode_shortcode_id=&#8220;903760&#8243;][vc_custom_heading sub_reduced=&#8220;yes&#8220;]Pants[\/vc_custom_heading][uncode_list el_class=&#8220;type-list&#8220;]<\/p>\n<ul>\n<li class=\"maxi\">MAXI<\/li>\n<li class=\"junior\">junior<\/li>\n<li class=\"xl\">XL<\/li>\n<\/ul>\n<p>[\/uncode_list][vc_empty_space empty_h=&#8220;0&#8243;][vc_button button_color=&#8220;accent&#8220; size=&#8220;btn-lg&#8220; radius=&#8220;btn-circle&#8220; outline=&#8220;yes&#8220; border_width=&#8220;0&#8243; link=&#8220;url:https%3A%2F%2Fwww.moltexbaby.com%2Fde%2Fprodukte%2F%23pants|||&#8220;]Alle Pants anzeigen[\/vc_button][\/vc_column_inner][\/vc_row_inner][vc_empty_space empty_h=&#8220;0&#8243; desktop_visibility=&#8220;yes&#8220; medium_visibility=&#8220;yes&#8220;][vc_single_image media=&#8220;355&#8243; media_width_use_pixel=&#8220;yes&#8220; alignment=&#8220;center&#8220; media_width_pixel=&#8220;177&#8243; el_class=&#8220;mobile-hidden&#8220;][\/vc_column][\/vc_row][vc_row row_height_percent=&#8220;0&#8243; override_padding=&#8220;yes&#8220; h_padding=&#8220;2&#8243; top_padding=&#8220;2&#8243; bottom_padding=&#8220;0&#8243; overlay_alpha=&#8220;50&#8243; gutter_size=&#8220;3&#8243; column_width_percent=&#8220;100&#8243; shift_y=&#8220;0&#8243; z_index=&#8220;0&#8243;][vc_column width=&#8220;1\/1&#8243;][vc_empty_space empty_h=&#8220;2&#8243; mobile_visibility=&#8220;yes&#8220;][vc_custom_heading sub_reduced=&#8220;yes&#8220;]<a href=\"https:\/\/www.moltexbaby.com\/de\/ratschlaege\/\">Ratschl\u00e4ge<\/a>[\/vc_custom_heading][\/vc_column][\/vc_row][vc_row row_height_percent=&#8220;0&#8243; override_padding=&#8220;yes&#8220; h_padding=&#8220;2&#8243; top_padding=&#8220;2&#8243; bottom_padding=&#8220;2&#8243; overlay_alpha=&#8220;50&#8243; gutter_size=&#8220;3&#8243; column_width_percent=&#8220;100&#8243; shift_y=&#8220;0&#8243; z_index=&#8220;0&#8243;][vc_column width=&#8220;7\/12&#8243;][uncode_index el_id=&#8220;index-main-de&#8220; loop=&#8220;size:1|order_by:date|post_type:post&#8220; screen_lg=&#8220;1000&#8243; screen_md=&#8220;600&#8243; screen_sm=&#8220;480&#8243; gutter_size=&#8220;0&#8243; post_items=&#8220;media|featured|onpost|original,title,text|excerpt|170,category|nobg|relative|hide-icon&#8220; single_width=&#8220;12&#8243; images_size=&#8220;sixteen-nine&#8220; single_shape=&#8220;round&#8220; radius=&#8220;xl&#8220; single_overlay_opacity=&#8220;50&#8243; single_overlay_anim=&#8220;no&#8220; single_padding=&#8220;1&#8243; single_text_reduced=&#8220;yes&#8220; single_title_dimension=&#8220;h4&#8243; single_border=&#8220;yes&#8220; items=&#8220;eyIzN19pIjp7InNpbmdsZV93aWR0aCI6IjYifX0=&#8220;][vc_empty_space empty_h=&#8220;2&#8243; desktop_visibility=&#8220;yes&#8220; medium_visibility=&#8220;yes&#8220;][\/vc_column][vc_column width=&#8220;5\/12&#8243;][uncode_index el_id=&#8220;index-261159-DE&#8220; loop=&#8220;size:3|order_by:date|post_type:post|taxonomy_count:10&#8243; screen_lg=&#8220;1000&#8243; screen_md=&#8220;600&#8243; screen_sm=&#8220;480&#8243; gutter_size=&#8220;3&#8243; post_items=&#8220;media|featured|onpost|original,title,category|nobg|relative|hide-icon&#8220; single_text=&#8220;lateral&#8220; single_width=&#8220;12&#8243; images_size=&#8220;four-three&#8220; single_image_size=&#8220;5&#8243; single_shape=&#8220;round&#8220; radius=&#8220;xl&#8220; single_overlay_opacity=&#8220;50&#8243; single_overlay_anim=&#8220;no&#8220; single_padding=&#8220;2&#8243; single_text_reduced=&#8220;yes&#8220; single_title_dimension=&#8220;h4&#8243; single_border=&#8220;yes&#8220; items=&#8220;eyIzN19pIjp7InNpbmdsZV93aWR0aCI6IjYifX0=&#8220; offset=&#8220;1&#8243;][\/vc_column][\/vc_row][vc_row row_height_percent=&#8220;0&#8243; override_padding=&#8220;yes&#8220; h_padding=&#8220;2&#8243; top_padding=&#8220;2&#8243; bottom_padding=&#8220;3&#8243; overlay_alpha=&#8220;50&#8243; gutter_size=&#8220;3&#8243; column_width_percent=&#8220;100&#8243; shift_y=&#8220;0&#8243; z_index=&#8220;0&#8243;][vc_column column_width_percent=&#8220;100&#8243; align_horizontal=&#8220;align_center&#8220; gutter_size=&#8220;3&#8243; overlay_alpha=&#8220;50&#8243; shift_x=&#8220;0&#8243; shift_y=&#8220;0&#8243; shift_y_down=&#8220;0&#8243; z_index=&#8220;0&#8243; medium_width=&#8220;0&#8243; mobile_width=&#8220;0&#8243; width=&#8220;1\/1&#8243;][vc_button button_color=&#8220;accent&#8220; size=&#8220;btn-lg&#8220; radius=&#8220;btn-circle&#8220; outline=&#8220;yes&#8220; border_width=&#8220;0&#8243; link=&#8220;url:https%3A%2F%2Fwww.moltexbaby.com%2Fde%2FRatschlage%2F|title:Advice||&#8220;]alle Ratschl\u00e4ge[\/vc_button][vc_empty_space empty_h=&#8220;2&#8243; mobile_visibility=&#8220;yes&#8220;][\/vc_column][\/vc_row][vc_row][vc_column column_width_percent=&#8220;100&#8243; gutter_size=&#8220;3&#8243; overlay_alpha=&#8220;50&#8243; shift_x=&#8220;0&#8243; shift_y=&#8220;0&#8243; shift_y_down=&#8220;0&#8243; z_index=&#8220;0&#8243; medium_width=&#8220;0&#8243; mobile_width=&#8220;0&#8243; width=&#8220;1\/1&#8243;][uncode_block id=&#8220;1870&#8243;][\/vc_column][\/vc_row][vc_row row_height_percent=&#8220;0&#8243; overlay_alpha=&#8220;50&#8243; gutter_size=&#8220;3&#8243; column_width_percent=&#8220;100&#8243; shift_y=&#8220;0&#8243; z_index=&#8220;0&#8243; mobile_visibility=&#8220;yes&#8220;][vc_column width=&#8220;1\/1&#8243;][vc_empty_space empty_h=&#8220;2&#8243;][\/vc_column][\/vc_row][vc_row row_height_percent=&#8220;0&#8243; back_image=&#8220;1902&#8243; back_repeat=&#8220;no-repeat&#8220; back_position=&#8220;left bottom&#8220; overlay_alpha=&#8220;50&#8243; gutter_size=&#8220;3&#8243; column_width_percent=&#8220;100&#8243; shift_y=&#8220;0&#8243; z_index=&#8220;0&#8243; front_end_with_slider=&#8220;true&#8220; back_size=&#8220;inherit&#8220; el_class=&#8220;testimonial&#8220;][vc_column width=&#8220;1\/1&#8243;][uncode_slider slider_interval=&#8220;0&#8243; slider_navspeed=&#8220;400&#8243; slider_loop=&#8220;yes&#8220; slider_hide_dots=&#8220;yes&#8220;][vc_row_inner row_inner_height_percent=&#8220;0&#8243; overlay_alpha=&#8220;50&#8243; equal_height=&#8220;yes&#8220; gutter_size=&#8220;3&#8243; shift_y=&#8220;0&#8243; z_index=&#8220;0&#8243; limit_content=&#8220;yes&#8220; front_end_with_slider=&#8220;true&#8220;][vc_column_inner width=&#8220;1\/2&#8243;][vc_single_image media=&#8220;1818&#8243; media_width_percent=&#8220;100&#8243;][\/vc_column_inner][vc_column_inner column_width_percent=&#8220;100&#8243; position_vertical=&#8220;middle&#8220; gutter_size=&#8220;3&#8243; back_image=&#8220;1845&#8243; back_repeat=&#8220;no-repeat&#8220; back_position=&#8220;center center&#8220; overlay_alpha=&#8220;50&#8243; shift_x=&#8220;0&#8243; shift_y=&#8220;0&#8243; shift_y_down=&#8220;0&#8243; z_index=&#8220;0&#8243; medium_width=&#8220;0&#8243; mobile_width=&#8220;0&#8243; width=&#8220;1\/2&#8243; back_size=&#8220;contain&#8220;][vc_column_text]Sicher und rein. Als ich die Windel zum ersten Mal im Regal sah, schnappte ich mir eine Packung und entdeckte, dass die Windel frei von sch\u00e4dlichen Substanzen ist, was ein minimales Risiko einer Hautallergie garantiert und auch klinisch erwiesen ist. Ich bin \u00fcberzeugt, dass ich der Haut meines M\u00e4dchens eine sanfte Behandlung zukommen lasse.[\/vc_column_text][vc_custom_heading text_color=&#8220;accent&#8220; heading_semantic=&#8220;p&#8220; text_font=&#8220;font-719727&#8243; text_size=&#8220;&#8220; text_weight=&#8220;800&#8243;]Marias Mutter &#8211; 9 Monate alt[\/vc_custom_heading][\/vc_column_inner][\/vc_row_inner][vc_row_inner row_inner_height_percent=&#8220;0&#8243; overlay_alpha=&#8220;50&#8243; equal_height=&#8220;yes&#8220; gutter_size=&#8220;3&#8243; shift_y=&#8220;0&#8243; z_index=&#8220;0&#8243; limit_content=&#8220;yes&#8220; front_end_with_slider=&#8220;true&#8220;][vc_column_inner width=&#8220;1\/2&#8243;][vc_single_image media=&#8220;3030&#8243; media_width_percent=&#8220;100&#8243;][\/vc_column_inner][vc_column_inner column_width_percent=&#8220;100&#8243; position_vertical=&#8220;middle&#8220; gutter_size=&#8220;3&#8243; back_image=&#8220;1845&#8243; back_repeat=&#8220;no-repeat&#8220; back_position=&#8220;center center&#8220; overlay_alpha=&#8220;50&#8243; shift_x=&#8220;0&#8243; shift_y=&#8220;0&#8243; shift_y_down=&#8220;0&#8243; z_index=&#8220;0&#8243; medium_width=&#8220;0&#8243; mobile_width=&#8220;0&#8243; width=&#8220;1\/2&#8243; back_size=&#8220;contain&#8220;][vc_column_text uncode_shortcode_id=&#8220;126402&#8243;]Wir waren beeindruckt eine Windel gefunden zu haben, die mit 100% \u00d6kostrom hergestellt wird und die Natur w\u00e4hrend des Herstellungsprozesses voll respektiert. Sanft und sicher f\u00fcr die Haut des Babys und mit Respekt vor unserem Planeten![\/vc_column_text][vc_custom_heading text_color=&#8220;accent&#8220; heading_semantic=&#8220;p&#8220; text_font=&#8220;font-719727&#8243; text_size=&#8220;&#8220; text_weight=&#8220;800&#8243;]Eltern von zwei &#8211; 6 Monaten und 2 Jahren[\/vc_custom_heading][\/vc_column_inner][\/vc_row_inner][vc_row_inner row_inner_height_percent=&#8220;0&#8243; overlay_alpha=&#8220;50&#8243; equal_height=&#8220;yes&#8220; gutter_size=&#8220;3&#8243; shift_y=&#8220;0&#8243; z_index=&#8220;0&#8243; limit_content=&#8220;yes&#8220; front_end_with_slider=&#8220;true&#8220;][vc_column_inner width=&#8220;1\/2&#8243;][vc_single_image media=&#8220;3038&#8243; media_width_percent=&#8220;100&#8243;][\/vc_column_inner][vc_column_inner column_width_percent=&#8220;100&#8243; position_vertical=&#8220;middle&#8220; gutter_size=&#8220;3&#8243; back_image=&#8220;1845&#8243; back_repeat=&#8220;no-repeat&#8220; back_position=&#8220;center center&#8220; overlay_alpha=&#8220;50&#8243; shift_x=&#8220;0&#8243; shift_y=&#8220;0&#8243; shift_y_down=&#8220;0&#8243; z_index=&#8220;0&#8243; medium_width=&#8220;0&#8243; mobile_width=&#8220;0&#8243; width=&#8220;1\/2&#8243; back_size=&#8220;contain&#8220;][vc_column_text]Nat\u00fcrlicher Komfort! Als Mutter, die immer auf der Suche nach den besten Produkten ist, bin ich auf diese Marke gesto\u00dfen, die eine Sicherheit von 12 Stunden bietet mit einer 100% nat\u00fcrlichen und super weichen inneren Schicht. Genau das habe ich gesucht, ich bin sehr zufrieden und mein Baby auch.[\/vc_column_text][vc_custom_heading text_color=&#8220;accent&#8220; heading_semantic=&#8220;p&#8220; text_font=&#8220;font-719727&#8243; text_size=&#8220;&#8220; text_weight=&#8220;800&#8243;]Lucies Mutter &#8211; 1,5 Jahre alt[\/vc_custom_heading][\/vc_column_inner][\/vc_row_inner][\/uncode_slider][vc_empty_space empty_h=&#8220;2&#8243; mobile_visibility=&#8220;yes&#8220;][\/vc_column][\/vc_row]<\/p>\n<\/div>","protected":false},"excerpt":{"rendered":"<p>[vc_row row_height_percent=&#8220;0&#8243; override_padding=&#8220;yes&#8220; h_padding=&#8220;2&#8243; top_padding=&#8220;2&#8243; bottom_padding=&#8220;3&#8243; overlay_alpha=&#8220;50&#8243; gutter_size=&#8220;4&#8243; column_width_percent=&#8220;100&#8243; shift_y=&#8220;0&#8243; z_index=&#8220;0&#8243; el_class=&#8220;padding-side-mobile&#8220;][vc_column column_width_percent=&#8220;100&#8243; gutter_size=&#8220;1&#8243; overlay_alpha=&#8220;20&#8243; shift_x=&#8220;0&#8243; shift_y=&#8220;0&#8243; shift_y_down=&#8220;0&#8243; z_index=&#8220;0&#8243; medium_width=&#8220;0&#8243; [&hellip;]<\/p>\n","protected":false},"author":6,"featured_media":0,"parent":0,"menu_order":188,"comment_status":"closed","ping_status":"closed","template":"","meta":{"_acf_changed":false,"footnotes":""},"height":[],"weight":[],"class_list":["post-5850","page","type-page","status-publish","hentry"],"acf":[],"_links":{"self":[{"href":"https:\/\/www.moltexbaby.com\/de\/wp-json\/wp\/v2\/pages\/5850","targetHints":{"allow":["GET"]}}],"collection":[{"href":"https:\/\/www.moltexbaby.com\/de\/wp-json\/wp\/v2\/pages"}],"about":[{"href":"https:\/\/www.moltexbaby.com\/de\/wp-json\/wp\/v2\/types\/page"}],"author":[{"embeddable":true,"href":"https:\/\/www.moltexbaby.com\/de\/wp-json\/wp\/v2\/users\/6"}],"replies":[{"embeddable":true,"href":"https:\/\/www.moltexbaby.com\/de\/wp-json\/wp\/v2\/comments?post=5850"}],"version-history":[{"count":0,"href":"https:\/\/www.moltexbaby.com\/de\/wp-json\/wp\/v2\/pages\/5850\/revisions"}],"wp:attachment":[{"href":"https:\/\/www.moltexbaby.com\/de\/wp-json\/wp\/v2\/media?parent=5850"}],"wp:term":[{"taxonomy":"height","embeddable":true,"href":"https:\/\/www.moltexbaby.com\/de\/wp-json\/wp\/v2\/height?post=5850"},{"taxonomy":"weight","embeddable":true,"href":"https:\/\/www.moltexbaby.com\/de\/wp-json\/wp\/v2\/weight?post=5850"}],"curies":[{"name":"wp","href":"https:\/\/api.w.org\/{rel}","templated":true}]}}