{"id":6198,"date":"2020-07-16T15:49:33","date_gmt":"2020-07-16T15:49:33","guid":{"rendered":"https:\/\/www.moltexbaby.com\/?page_id=6198"},"modified":"2025-08-11T11:28:57","modified_gmt":"2025-08-11T11:28:57","slug":"mini","status":"publish","type":"page","link":"https:\/\/www.moltexbaby.com\/de\/produkte\/windeln\/mini\/","title":{"rendered":"Mini"},"content":{"rendered":"<div class=\"wpb-content-wrapper\"><p>[vc_row row_height_percent=&#8220;0&#8243; overlay_alpha=&#8220;50&#8243; gutter_size=&#8220;2&#8243; column_width_percent=&#8220;100&#8243; shift_y=&#8220;0&#8243; z_index=&#8220;0&#8243;][vc_column column_width_use_pixel=&#8220;yes&#8220; align_horizontal=&#8220;align_center&#8220; gutter_size=&#8220;3&#8243; override_padding=&#8220;yes&#8220; column_padding=&#8220;3&#8243; back_color=&#8220;color-lxmt&#8220; overlay_alpha=&#8220;50&#8243; radius=&#8220;xl&#8220; shift_x=&#8220;0&#8243; shift_y=&#8220;0&#8243; shift_y_down=&#8220;0&#8243; z_index=&#8220;0&#8243; medium_width=&#8220;0&#8243; mobile_width=&#8220;0&#8243; sticky=&#8220;yes&#8220; width=&#8220;5\/12&#8243; column_width_pixel=&#8220;250&#8243;][uncode_list el_class=&#8220;type-list&#8220;]<\/p>\n<ul>\n<li class=\"product-category\">windeln<\/li>\n<li class=\"mini\">mini<\/li>\n<\/ul>\n<p>[\/uncode_list][vc_row_inner limit_content=&#8220;&#8220;][vc_column_inner width=&#8220;1\/1&#8243;][vc_gallery el_id=&#8220;gallery-454102&#8243; type=&#8220;carousel&#8220; medias=&#8220;24157,24168&#8243; carousel_lg=&#8220;1&#8243; carousel_md=&#8220;1&#8243; carousel_sm=&#8220;1&#8243; thumb_size=&#8220;one-one&#8220; gutter_size=&#8220;3&#8243; media_items=&#8220;media|lightbox|original&#8220; carousel_v_align=&#8220;middle&#8220; carousel_interval=&#8220;3000&#8243; carousel_navspeed=&#8220;400&#8243; carousel_dots=&#8220;yes&#8220; carousel_dots_mobile=&#8220;yes&#8220; stage_padding=&#8220;0&#8243; single_overlay_opacity=&#8220;50&#8243; single_overlay_anim=&#8220;no&#8220; single_text_anim=&#8220;no&#8220; single_image_anim=&#8220;no&#8220; single_padding=&#8220;2&#8243; single_border=&#8220;yes&#8220; uncode_shortcode_id=&#8220;208322&#8243;][\/vc_column_inner][\/vc_row_inner][\/vc_column][vc_column column_width_percent=&#8220;80&#8243; gutter_size=&#8220;2&#8243; overlay_alpha=&#8220;50&#8243; shift_x=&#8220;0&#8243; shift_y=&#8220;0&#8243; shift_y_down=&#8220;0&#8243; z_index=&#8220;0&#8243; medium_width=&#8220;0&#8243; mobile_width=&#8220;0&#8243; width=&#8220;7\/12&#8243; el_class=&#8220;bloc-product&#8220;][vc_empty_space empty_h=&#8220;2&#8243; mobile_visibility=&#8220;yes&#8220;][vc_row_inner row_inner_height_percent=&#8220;0&#8243; overlay_alpha=&#8220;50&#8243; equal_height=&#8220;yes&#8220; gutter_size=&#8220;3&#8243; shift_y=&#8220;0&#8243; z_index=&#8220;0&#8243; limit_content=&#8220;&#8220;][vc_column_inner column_width_percent=&#8220;100&#8243; position_vertical=&#8220;middle&#8220; gutter_size=&#8220;3&#8243; overlay_alpha=&#8220;50&#8243; shift_x=&#8220;0&#8243; shift_y=&#8220;0&#8243; shift_y_down=&#8220;0&#8243; z_index=&#8220;0&#8243; medium_width=&#8220;0&#8243; mobile_width=&#8220;5&#8243; width=&#8220;2\/3&#8243;][vc_custom_heading heading_semantic=&#8220;h1&#8243;]Mini[\/vc_custom_heading][\/vc_column_inner][vc_column_inner column_width_percent=&#8220;100&#8243; position_vertical=&#8220;middle&#8220; gutter_size=&#8220;3&#8243; overlay_alpha=&#8220;50&#8243; shift_x=&#8220;0&#8243; shift_y=&#8220;0&#8243; shift_y_down=&#8220;0&#8243; z_index=&#8220;0&#8243; medium_width=&#8220;0&#8243; mobile_width=&#8220;3&#8243; width=&#8220;1\/3&#8243;][vc_single_image media=&#8220;1244&#8243; media_width_use_pixel=&#8220;yes&#8220; alignment=&#8220;right&#8220; media_width_pixel=&#8220;60&#8243;][\/vc_column_inner][\/vc_row_inner][vc_column_text]Unsere Mini Produkte sind f\u00fcr Babys mit einem Gewicht von 3 bis 6\u00a0kg geeignet.<br \/>\nIhr Baby w\u00e4chst und ist schon ein paar Wochen alt. Es wird nun damit beginnen, die Welt zu entdecken. Es l\u00e4sst sich immer st\u00e4rker von dem stimulieren, was es in der unmittelbaren Umgebung sieht.<br \/>\nDank unserer \u00d6ko-Windeln, die bis zu 12 Stunden Schutz bieten, bleibt die zarte Haut Ihres kleinen Engels Tag und Nacht frisch und trocken.[\/vc_column_text][vc_empty_space empty_h=&#8220;2&#8243;][vc_custom_heading heading_semantic=&#8220;h4&#8243; text_size=&#8220;h4&#8243;]Auch in anderen Gr\u00f6\u00dfen erh\u00e4ltlich :[\/vc_custom_heading][uncode_list el_class=&#8220;type-list&#8220;]<\/p>\n<ul>\n<li class=\"midi\">midi<\/li>\n<li class=\"maxi\">maxi<\/li>\n<li class=\"junior\">junior<\/li>\n<li class=\"XL\">XL<\/li>\n<\/ul>\n<p>[\/uncode_list][uncode_block id=&#8220;12093&#8243; inside_column=&#8220;yes&#8220;][vc_empty_space empty_h=&#8220;2&#8243;][vc_single_image media=&#8220;1623&#8243; media_width_percent=&#8220;100&#8243;][vc_empty_space empty_h=&#8220;2&#8243;][vc_custom_heading heading_semantic=&#8220;h4&#8243; text_size=&#8220;h3&#8243; text_weight=&#8220;400&#8243;]Komposition[\/vc_custom_heading][vc_empty_space empty_h=&#8220;0&#8243;][vc_icon position=&#8220;left&#8220; icon_image=&#8220;1226&#8243; icon_color=&#8220;color-wvjs&#8220; media_size=&#8220;60&#8243; text_size=&#8220;h4&#8243; title=&#8220;<b>100%<\/b> nat\u00fcrlichen Ursprungs&#8220; uncode_shortcode_id=&#8220;208636&#8243; icon_color_type=&#8220;uncode-palette&#8220;]Super weiche Innenschicht zu 100% nat\u00fcrlichen Ursprungs[\/vc_icon][vc_empty_space empty_h=&#8220;0&#8243;][vc_icon position=&#8220;left&#8220; icon_image=&#8220;1210&#8243; icon_color=&#8220;color-wvjs&#8220; media_size=&#8220;60&#8243; text_size=&#8220;h4&#8243; title=&#8220;<b>Sofortiger<\/b> Hautkomfort&#8220;]<\/p>\n<div id=\"KnM9nf\">\n<div id=\"tw-smenu\" class=\"tw-menu\">Dank der Kombination unserer patentierten Kanaltechnologie mit einem einzigartigen Instant-Dry-System<\/div>\n<\/div>\n<p>[\/vc_icon][vc_empty_space empty_h=&#8220;0&#8243;][vc_icon position=&#8220;left&#8220; icon_image=&#8220;1178&#8243; icon_color=&#8220;color-wvjs&#8220; media_size=&#8220;60&#8243; text_size=&#8220;h4&#8243; title=&#8220;<b>Sanft<\/b> zur Haut&#8220;]mit nat\u00fcrlichen Inhaltsstoffen, die frei von nat\u00fcrlichem Latex, Lotionen oder Duftstoffen sind[\/vc_icon][vc_empty_space empty_h=&#8220;0&#8243;][vc_icon position=&#8220;left&#8220; icon_image=&#8220;1785&#8243; icon_color=&#8220;color-wvjs&#8220; media_size=&#8220;60&#8243; text_size=&#8220;h4&#8243; title=&#8220;<b>Frische<\/b> Haut&#8220;]Unsere rundum dehnbare und leicht zu wechselnde \u00d6ko-Hose bietet die Unabh\u00e4ngigkeit, die Ihr Kind braucht.[\/vc_icon][vc_empty_space empty_h=&#8220;0&#8243;][vc_icon position=&#8220;left&#8220; icon_image=&#8220;1218&#8243; icon_color=&#8220;color-wvjs&#8220; media_size=&#8220;60&#8243; text_size=&#8220;h4&#8243; title=&#8220;<b>100%<\/b> chlorfrei&#8220;]FSC\u00ae-zertifizierte Zellstoffwatte aus nachhaltiger Forstwirtschaft[\/vc_icon][vc_empty_space empty_h=&#8220;0&#8243;][vc_icon position=&#8220;left&#8220; icon_image=&#8220;1194&#8243; icon_color=&#8220;color-wvjs&#8220; media_size=&#8220;60&#8243; text_size=&#8220;h4&#8243; title=&#8220;<b>Weiche<\/b> Baumwolle&#8220;]Die Handelsmarken \u201eSeal of Cotton\u201c und \u201ecotton enhanced\u2122\u201c sind Eigentum von Cotton Incorporated. Die Au\u00dfenschicht der Windel enth\u00e4lt 15 % besonders weiche Bio-Baumwolle.[\/vc_icon][vc_empty_space empty_h=&#8220;0&#8243;][vc_icon position=&#8220;left&#8220; icon_image=&#8220;1202&#8243; icon_color=&#8220;color-wvjs&#8220; media_size=&#8220;60&#8243; text_size=&#8220;h4&#8243; title=&#8220;<b>Modernes<\/b> Design&#8220;]mit umweltfreundlicher Tinte bedruckt[\/vc_icon][vc_empty_space empty_h=&#8220;0&#8243;][vc_button button_color=&#8220;accent&#8220; size=&#8220;btn-lg&#8220; radius=&#8220;btn-circle&#8220; outline=&#8220;yes&#8220; border_width=&#8220;0&#8243; el_class=&#8220;btn-full&#8220; link=&#8220;url:..%2Fsustainability%2F%23certifications|||&#8220;]Mehr erfahren[\/vc_button][vc_empty_space empty_h=&#8220;2&#8243;][vc_custom_heading heading_semantic=&#8220;h4&#8243; text_size=&#8220;h3&#8243; text_weight=&#8220;400&#8243;]<\/p>\n<h3 id=\"tw-target-text\" class=\"tw-data-text tw-text-large XcVN5d tw-ta\" dir=\"ltr\" data-placeholder=\"Traduction\"><strong><span lang=\"de\">Einzigartiges Design<\/span><\/strong><\/h3>\n<p>[\/vc_custom_heading][vc_single_image media=&#8220;1671&#8243; media_width_percent=&#8220;100&#8243;][\/vc_column][\/vc_row]<\/p>\n<\/div>","protected":false},"excerpt":{"rendered":"<p>3-6 KG<\/p>\n","protected":false},"author":6,"featured_media":24157,"parent":6562,"menu_order":2,"comment_status":"closed","ping_status":"closed","template":"","meta":{"_acf_changed":false,"footnotes":""},"height":[],"weight":[],"class_list":["post-6198","page","type-page","status-publish","has-post-thumbnail","hentry","page_category-windeln"],"acf":[],"_links":{"self":[{"href":"https:\/\/www.moltexbaby.com\/de\/wp-json\/wp\/v2\/pages\/6198","targetHints":{"allow":["GET"]}}],"collection":[{"href":"https:\/\/www.moltexbaby.com\/de\/wp-json\/wp\/v2\/pages"}],"about":[{"href":"https:\/\/www.moltexbaby.com\/de\/wp-json\/wp\/v2\/types\/page"}],"author":[{"embeddable":true,"href":"https:\/\/www.moltexbaby.com\/de\/wp-json\/wp\/v2\/users\/6"}],"replies":[{"embeddable":true,"href":"https:\/\/www.moltexbaby.com\/de\/wp-json\/wp\/v2\/comments?post=6198"}],"version-history":[{"count":0,"href":"https:\/\/www.moltexbaby.com\/de\/wp-json\/wp\/v2\/pages\/6198\/revisions"}],"up":[{"embeddable":true,"href":"https:\/\/www.moltexbaby.com\/de\/wp-json\/wp\/v2\/pages\/6562"}],"wp:featuredmedia":[{"embeddable":true,"href":"https:\/\/www.moltexbaby.com\/de\/wp-json\/wp\/v2\/media\/24157"}],"wp:attachment":[{"href":"https:\/\/www.moltexbaby.com\/de\/wp-json\/wp\/v2\/media?parent=6198"}],"wp:term":[{"taxonomy":"height","embeddable":true,"href":"https:\/\/www.moltexbaby.com\/de\/wp-json\/wp\/v2\/height?post=6198"},{"taxonomy":"weight","embeddable":true,"href":"https:\/\/www.moltexbaby.com\/de\/wp-json\/wp\/v2\/weight?post=6198"}],"curies":[{"name":"wp","href":"https:\/\/api.w.org\/{rel}","templated":true}]}}