{"id":12039,"date":"2020-11-19T14:22:10","date_gmt":"2020-11-19T14:22:10","guid":{"rendered":"https:\/\/www.moltexbaby.com\/?page_id=12039"},"modified":"2020-11-19T14:28:02","modified_gmt":"2020-11-19T14:28:02","slug":"bienvenid-a-club-moltex","status":"publish","type":"page","link":"https:\/\/www.moltexbaby.com\/es\/bienvenid-a-club-moltex\/","title":{"rendered":"Bienvenid@ a Club Moltex"},"content":{"rendered":"<div class=\"wpb-content-wrapper\"><p>[vc_row unlock_row=\u00bb\u00bb row_height_percent=\u00bb0&#8243; override_padding=\u00bbyes\u00bb h_padding=\u00bb4&#8243; top_padding=\u00bb3&#8243; bottom_padding=\u00bb3&#8243; back_image=\u00bb12060&#8243; overlay_alpha=\u00bb50&#8243; gutter_size=\u00bb3&#8243; column_width_percent=\u00bb100&#8243; shift_y=\u00bb0&#8243; z_index=\u00bb0&#8243; back_size=\u00bbcontain\u00bb el_class=\u00bbbg-hidden-mobile\u00bb shape_dividers=\u00bb\u00bb][vc_column column_width_percent=\u00bb100&#8243; align_horizontal=\u00bbalign_center\u00bb gutter_size=\u00bb3&#8243; overlay_alpha=\u00bb50&#8243; shift_x=\u00bb0&#8243; shift_y=\u00bb0&#8243; shift_y_down=\u00bb0&#8243; z_index=\u00bb0&#8243; medium_width=\u00bb0&#8243; mobile_width=\u00bb0&#8243; width=\u00bb1\/1&#8243; css=\u00bb.vc_custom_1605792464540{padding-top: 40px !important;}\u00bb][vc_custom_heading heading_semantic=\u00bbh3&#8243;]Bienvenid@ a Club Moltex[\/vc_custom_heading][vc_single_image media=\u00bb12051&#8243; media_width_percent=\u00bb100&#8243; alignment=\u00bbcenter\u00bb el_class=\u00bbdesktop-hidden\u00bb][vc_column_text]Gracias por tu confianza e inter\u00e9s por conocer nuestra gama de productos para el cuidado de tu beb\u00e9 ????<\/p>\n<p>\u00a1A\u00fan tenemos mucho m\u00e1s que ofrecerte! En Club Moltex podr\u00e1s disfrutar de un mundo de ventajas pensadas para ti y tu peque: informaci\u00f3n sobre el embarazo y desarrollo del beb\u00e9, trucos y consejos para disfrutar de la crianza, concursos, promociones\u2026<\/p>\n<p>Muy pronto recibir\u00e1s m\u00e1s noticias nuestras ????<\/p>\n<p><a href=\"https:\/\/www.moltexbaby.com\">https:\/\/www.moltexbaby.com<\/a>[\/vc_column_text][\/vc_column][\/vc_row]<\/p>\n<\/div>","protected":false},"excerpt":{"rendered":"<p>[vc_row unlock_row=\u00bb\u00bb row_height_percent=\u00bb0&#8243; override_padding=\u00bbyes\u00bb h_padding=\u00bb4&#8243; top_padding=\u00bb3&#8243; bottom_padding=\u00bb3&#8243; back_image=\u00bb12060&#8243; overlay_alpha=\u00bb50&#8243; gutter_size=\u00bb3&#8243; column_width_percent=\u00bb100&#8243; shift_y=\u00bb0&#8243; z_index=\u00bb0&#8243; back_size=\u00bbcontain\u00bb el_class=\u00bbbg-hidden-mobile\u00bb shape_dividers=\u00bb\u00bb][vc_column column_width_percent=\u00bb100&#8243; align_horizontal=\u00bbalign_center\u00bb gutter_size=\u00bb3&#8243; overlay_alpha=\u00bb50&#8243; [&hellip;]<\/p>\n","protected":false},"author":6,"featured_media":0,"parent":0,"menu_order":0,"comment_status":"closed","ping_status":"closed","template":"","meta":{"_acf_changed":false,"footnotes":""},"height":[],"weight":[],"class_list":["post-12039","page","type-page","status-publish","hentry"],"acf":[],"_links":{"self":[{"href":"https:\/\/www.moltexbaby.com\/es\/wp-json\/wp\/v2\/pages\/12039","targetHints":{"allow":["GET"]}}],"collection":[{"href":"https:\/\/www.moltexbaby.com\/es\/wp-json\/wp\/v2\/pages"}],"about":[{"href":"https:\/\/www.moltexbaby.com\/es\/wp-json\/wp\/v2\/types\/page"}],"author":[{"embeddable":true,"href":"https:\/\/www.moltexbaby.com\/es\/wp-json\/wp\/v2\/users\/6"}],"replies":[{"embeddable":true,"href":"https:\/\/www.moltexbaby.com\/es\/wp-json\/wp\/v2\/comments?post=12039"}],"version-history":[{"count":0,"href":"https:\/\/www.moltexbaby.com\/es\/wp-json\/wp\/v2\/pages\/12039\/revisions"}],"wp:attachment":[{"href":"https:\/\/www.moltexbaby.com\/es\/wp-json\/wp\/v2\/media?parent=12039"}],"wp:term":[{"taxonomy":"height","embeddable":true,"href":"https:\/\/www.moltexbaby.com\/es\/wp-json\/wp\/v2\/height?post=12039"},{"taxonomy":"weight","embeddable":true,"href":"https:\/\/www.moltexbaby.com\/es\/wp-json\/wp\/v2\/weight?post=12039"}],"curies":[{"name":"wp","href":"https:\/\/api.w.org\/{rel}","templated":true}]}}