{"id":2116,"date":"2020-07-02T14:06:03","date_gmt":"2020-07-02T14:06:03","guid":{"rendered":"https:\/\/www.moltexbaby.com\/?page_id=2116"},"modified":"2021-05-31T08:57:18","modified_gmt":"2021-05-31T08:57:18","slug":"infografias","status":"publish","type":"page","link":"https:\/\/www.moltexbaby.com\/es\/consejos-animados\/infografias\/","title":{"rendered":"Infografias"},"content":{"rendered":"<div class=\"wpb-content-wrapper\"><p>[vc_row row_height_percent=\u00bb0&#8243; override_padding=\u00bbyes\u00bb h_padding=\u00bb2&#8243; top_padding=\u00bb1&#8243; bottom_padding=\u00bb2&#8243; overlay_alpha=\u00bb50&#8243; gutter_size=\u00bb3&#8243; column_width_percent=\u00bb100&#8243; shift_y=\u00bb0&#8243; z_index=\u00bb0&#8243;][vc_column column_width_use_pixel=\u00bbyes\u00bb align_horizontal=\u00bbalign_center\u00bb gutter_size=\u00bb2&#8243; overlay_alpha=\u00bb50&#8243; shift_x=\u00bb0&#8243; shift_y=\u00bb0&#8243; shift_y_down=\u00bb0&#8243; z_index=\u00bb0&#8243; medium_width=\u00bb0&#8243; mobile_width=\u00bb0&#8243; width=\u00bb1\/1&#8243; column_width_pixel=\u00bb730&#8243;][vc_custom_heading]Infograf\u00edas[\/vc_custom_heading][\/vc_column][\/vc_row][vc_row row_height_percent=\u00bb0&#8243; overlay_alpha=\u00bb50&#8243; gutter_size=\u00bb3&#8243; column_width_percent=\u00bb100&#8243; shift_y=\u00bb0&#8243; z_index=\u00bb0&#8243;][vc_column column_width_percent=\u00bb100&#8243; gutter_size=\u00bb1&#8243; overlay_alpha=\u00bb50&#8243; shift_x=\u00bb0&#8243; shift_y=\u00bb0&#8243; shift_y_down=\u00bb0&#8243; z_index=\u00bb0&#8243; medium_width=\u00bb0&#8243; mobile_width=\u00bb0&#8243; width=\u00bb1\/4&#8243;][vc_single_image media=\u00bb15486&#8243; media_width_percent=\u00bb100&#8243; alignment=\u00bbcenter\u00bb][vc_custom_heading heading_semantic=\u00bbh3&#8243; text_size=\u00bbh4&#8243; sub_reduced=\u00bbyes\u00bb subheading=\u00bbComienza su segundo a\u00f1o de vida, un a\u00f1o muy importante en su desarrollo en el que aprender\u00e1 a andar bien, correr, hablar y relacionarse. Estos son algunos consejos esenciales para esta etapa.\u00bb]Consejos para el segundo a\u00f1o de vida[\/vc_custom_heading][vc_button button_color=\u00bbcolor-293417&#8243; size=\u00bbbtn-link\u00bb outline=\u00bbyes\u00bb text_skin=\u00bbyes\u00bb border_width=\u00bb0&#8243; icon_position=\u00bbright\u00bb icon=\u00bbfa fa-download3&#8243; media_lightbox=\u00bb2238&#8243; el_class=\u00bbdownload-btn\u00bb link=\u00bburl:https%3A%2F%2Fwww.moltexbaby.com%2Fwp-content%2Fuploads%2F2020%2F07%2Farchivo-1590656439.jpg|||\u00bb]DESCARGAR[\/vc_button][\/vc_column][vc_column column_width_percent=\u00bb100&#8243; gutter_size=\u00bb1&#8243; overlay_alpha=\u00bb50&#8243; shift_x=\u00bb0&#8243; shift_y=\u00bb0&#8243; shift_y_down=\u00bb0&#8243; z_index=\u00bb0&#8243; medium_width=\u00bb0&#8243; mobile_width=\u00bb0&#8243; width=\u00bb1\/4&#8243;][vc_single_image media=\u00bb2117&#8243; media_width_percent=\u00bb100&#8243; alignment=\u00bbcenter\u00bb][vc_custom_heading heading_semantic=\u00bbh3&#8243; text_size=\u00bbh4&#8243; sub_reduced=\u00bbyes\u00bb subheading=\u00bbEl primer a\u00f1o de vida es muy importante para el desarrollo y crecimiento del beb\u00e9. En esta infograf\u00eda te damos los consejos m\u00e1s importantes que debes seguir en este primer a\u00f1o. \u00a1Dec\u00e1rgatela gratis!\u00bb]Consejos para el primer a\u00f1o de vida[\/vc_custom_heading][vc_button button_color=\u00bbcolor-293417&#8243; size=\u00bbbtn-link\u00bb outline=\u00bbyes\u00bb text_skin=\u00bbyes\u00bb border_width=\u00bb0&#8243; icon_position=\u00bbright\u00bb icon=\u00bbfa fa-download3&#8243; media_lightbox=\u00bb15497&#8243; el_class=\u00bbdownload-btn\u00bb link=\u00bburl:https%3A%2F%2Fwww.moltexbaby.com%2Fwp-content%2Fuploads%2F2020%2F07%2Farchivo-1587037208.jpg|||\u00bb]DESCARGAR[\/vc_button][\/vc_column][vc_column column_width_percent=\u00bb100&#8243; gutter_size=\u00bb1&#8243; overlay_alpha=\u00bb50&#8243; shift_x=\u00bb0&#8243; shift_y=\u00bb0&#8243; shift_y_down=\u00bb0&#8243; z_index=\u00bb0&#8243; medium_width=\u00bb0&#8243; mobile_width=\u00bb0&#8243; width=\u00bb1\/4&#8243;][vc_single_image media=\u00bb2125&#8243; media_width_percent=\u00bb100&#8243; alignment=\u00bbcenter\u00bb][vc_custom_heading heading_semantic=\u00bbh3&#8243; text_size=\u00bbh4&#8243; sub_reduced=\u00bbyes\u00bb subheading=\u00bbAunque es normal que los padres, sobre todo primerizos, se preocupen en cuanto detecten algo raro en la salud de su hijo y quieran salir corriendo para el hospital, lo cierto es que solo se recomienda ir a urgencias en ciertos casos.\u00bb]\u00bfCu\u00e1ndo llevar a un beb\u00e9 a urgencias?[\/vc_custom_heading][vc_button button_color=\u00bbcolor-293417&#8243; size=\u00bbbtn-link\u00bb outline=\u00bbyes\u00bb text_skin=\u00bbyes\u00bb border_width=\u00bb0&#8243; icon_position=\u00bbright\u00bb icon=\u00bbfa fa-download3&#8243; media_lightbox=\u00bb15507&#8243; el_class=\u00bbdownload-btn\u00bb link=\u00bburl:https%3A%2F%2Fwww.moltexbaby.com%2Fwp-content%2Fuploads%2F2020%2F07%2Farchivo-1584441834.jpg|||\u00bb]DESCARGAR[\/vc_button][\/vc_column][vc_column column_width_percent=\u00bb100&#8243; gutter_size=\u00bb1&#8243; overlay_alpha=\u00bb50&#8243; shift_x=\u00bb0&#8243; shift_y=\u00bb0&#8243; shift_y_down=\u00bb0&#8243; z_index=\u00bb0&#8243; medium_width=\u00bb0&#8243; mobile_width=\u00bb0&#8243; width=\u00bb1\/4&#8243;][vc_single_image media=\u00bb2133&#8243; media_width_percent=\u00bb100&#8243; alignment=\u00bbcenter\u00bb][vc_custom_heading heading_semantic=\u00bbh3&#8243; text_size=\u00bbh4&#8243; sub_reduced=\u00bbyes\u00bb subheading=\u00bbLa alimentaci\u00f3n complementaria es proceso por el cual se ofrecen al lactante alimentos distintos de la leche materna o de f\u00f3rmula. En los \u00faltimos a\u00f1os las recomendaciones han cambiado, por lo que es normal que tengas dudas.\u00bb]Introducci\u00f3n de alimentos por edad[\/vc_custom_heading][vc_button button_color=\u00bbcolor-293417&#8243; size=\u00bbbtn-link\u00bb outline=\u00bbyes\u00bb text_skin=\u00bbyes\u00bb border_width=\u00bb0&#8243; icon_position=\u00bbright\u00bb icon=\u00bbfa fa-download3&#8243; media_lightbox=\u00bb15517&#8243; el_class=\u00bbdownload-btn\u00bb link=\u00bburl:https%3A%2F%2Fwww.moltexbaby.com%2Fwp-content%2Fuploads%2F2020%2F07%2Farchivo-1582125129-scaled.jpg|||\u00bb]DESCARGAR[\/vc_button][\/vc_column][\/vc_row][vc_row row_height_percent=\u00bb0&#8243; overlay_alpha=\u00bb50&#8243; gutter_size=\u00bb3&#8243; column_width_percent=\u00bb100&#8243; shift_y=\u00bb0&#8243; z_index=\u00bb0&#8243;][vc_column column_width_percent=\u00bb100&#8243; gutter_size=\u00bb1&#8243; overlay_alpha=\u00bb50&#8243; shift_x=\u00bb0&#8243; shift_y=\u00bb0&#8243; shift_y_down=\u00bb0&#8243; z_index=\u00bb0&#8243; medium_width=\u00bb0&#8243; mobile_width=\u00bb0&#8243; width=\u00bb1\/4&#8243;][vc_single_image media=\u00bb2141&#8243; media_width_percent=\u00bb100&#8243; alignment=\u00bbcenter\u00bb][vc_custom_heading heading_semantic=\u00bbh3&#8243; text_size=\u00bbh4&#8243; sub_reduced=\u00bbyes\u00bb subheading=\u00bbLas verduras deben formar parte de la dieta diaria de cualquier ni\u00f1o por su alto aporte en nutrientes esenciales como vitaminas, minerales o fibra. Si tu hijo es de los que rechazan las verduras, echa un ojo a los truquitos que te mostramos.\u00bb]Trucos para tus hijos coman verduras[\/vc_custom_heading][vc_button button_color=\u00bbcolor-293417&#8243; size=\u00bbbtn-link\u00bb outline=\u00bbyes\u00bb text_skin=\u00bbyes\u00bb border_width=\u00bb0&#8243; icon_position=\u00bbright\u00bb icon=\u00bbfa fa-download3&#8243; media_lightbox=\u00bb15527&#8243; el_class=\u00bbdownload-btn\u00bb link=\u00bburl:https%3A%2F%2Fwww.moltexbaby.com%2Fwp-content%2Fuploads%2F2020%2F07%2Farchivo-1580725592-scaled.jpg|||\u00bb]DESCARGAR[\/vc_button][\/vc_column][vc_column column_width_percent=\u00bb100&#8243; gutter_size=\u00bb1&#8243; overlay_alpha=\u00bb50&#8243; shift_x=\u00bb0&#8243; shift_y=\u00bb0&#8243; shift_y_down=\u00bb0&#8243; z_index=\u00bb0&#8243; medium_width=\u00bb0&#8243; mobile_width=\u00bb0&#8243; width=\u00bb1\/4&#8243;][vc_single_image media=\u00bb2149&#8243; media_width_percent=\u00bb100&#8243; alignment=\u00bbcenter\u00bb][vc_custom_heading heading_semantic=\u00bbh3&#8243; text_size=\u00bbh4&#8243; sub_reduced=\u00bbyes\u00bb subheading=\u00bb\u00bfSabes c\u00f3mo ponerle el pa\u00f1al a tu beb\u00e9? Si eres padre primerizo puede que te resulte un poco complicado, por eso deber\u00edas echar un ojo a estos consejos sencillos que te resolver\u00e1n tus dudas.\u00bb]Consejos para colocar el pa\u00f1al[\/vc_custom_heading][vc_button button_color=\u00bbcolor-293417&#8243; size=\u00bbbtn-link\u00bb outline=\u00bbyes\u00bb text_skin=\u00bbyes\u00bb border_width=\u00bb0&#8243; icon_position=\u00bbright\u00bb icon=\u00bbfa fa-download3&#8243; media_lightbox=\u00bb15537&#8243; el_class=\u00bbdownload-btn\u00bb link=\u00bburl:https%3A%2F%2Fwww.moltexbaby.com%2Fwp-content%2Fuploads%2F2020%2F07%2Farchivo-1553524525.jpg|||\u00bb]DESCARGAR[\/vc_button][\/vc_column][vc_column column_width_percent=\u00bb100&#8243; gutter_size=\u00bb1&#8243; overlay_alpha=\u00bb50&#8243; shift_x=\u00bb0&#8243; shift_y=\u00bb0&#8243; shift_y_down=\u00bb0&#8243; z_index=\u00bb0&#8243; medium_width=\u00bb0&#8243; mobile_width=\u00bb0&#8243; width=\u00bb1\/4&#8243;][vc_single_image media=\u00bb2157&#8243; media_width_percent=\u00bb100&#8243; alignment=\u00bbcenter\u00bb][vc_custom_heading heading_semantic=\u00bbh3&#8243; text_size=\u00bbh4&#8243; sub_reduced=\u00bbyes\u00bb subheading=\u00bbPara que el beb\u00e9 est\u00e9 c\u00f3modo y a gusto, as\u00ed como para evitar rojeces en el culito, es importante elegir un pa\u00f1al de la talla adecuada y muy absorbente.\u00bb]Claves para elegir el pa\u00f1al adecuado[\/vc_custom_heading][vc_button button_color=\u00bbcolor-293417&#8243; size=\u00bbbtn-link\u00bb outline=\u00bbyes\u00bb text_skin=\u00bbyes\u00bb border_width=\u00bb0&#8243; icon_position=\u00bbright\u00bb icon=\u00bbfa fa-download3&#8243; media_lightbox=\u00bb15547&#8243; el_class=\u00bbdownload-btn\u00bb link=\u00bburl:https%3A%2F%2Fwww.moltexbaby.com%2Fwp-content%2Fuploads%2F2020%2F07%2Farchivo-1553524439.jpg|||\u00bb]DESCARGAR[\/vc_button][\/vc_column][vc_column column_width_percent=\u00bb100&#8243; gutter_size=\u00bb1&#8243; overlay_alpha=\u00bb50&#8243; shift_x=\u00bb0&#8243; shift_y=\u00bb0&#8243; shift_y_down=\u00bb0&#8243; z_index=\u00bb0&#8243; medium_width=\u00bb0&#8243; mobile_width=\u00bb0&#8243; width=\u00bb1\/4&#8243;][vc_single_image media=\u00bb2165&#8243; media_width_percent=\u00bb100&#8243; alignment=\u00bbcenter\u00bb][vc_custom_heading heading_semantic=\u00bbh3&#8243; text_size=\u00bbh4&#8243; sub_reduced=\u00bbyes\u00bb subheading=\u00bbLa dermatitis del pa\u00f1al es una afecci\u00f3n muy habitual en los beb\u00e9s, sin embargo, no tiene por qu\u00e9 serlo si sabes c\u00f3mo cuidar su culito y qu\u00e9 consejos seguir para extremar la higiene de la zona.\u00bb]C\u00f3mo evitar la dermatitis del pa\u00f1al[\/vc_custom_heading][vc_button button_color=\u00bbcolor-293417&#8243; size=\u00bbbtn-link\u00bb outline=\u00bbyes\u00bb text_skin=\u00bbyes\u00bb border_width=\u00bb0&#8243; icon_position=\u00bbright\u00bb icon=\u00bbfa fa-download3&#8243; media_lightbox=\u00bb15557&#8243; el_class=\u00bbdownload-btn\u00bb link=\u00bburl:https%3A%2F%2Fwww.moltexbaby.com%2Fwp-content%2Fuploads%2F2020%2F07%2Farchivo-1553524439.jpg|||\u00bb]DESCARGAR[\/vc_button][\/vc_column][\/vc_row][vc_row][vc_column column_width_percent=\u00bb100&#8243; gutter_size=\u00bb1&#8243; overlay_alpha=\u00bb50&#8243; shift_x=\u00bb0&#8243; shift_y=\u00bb0&#8243; shift_y_down=\u00bb0&#8243; z_index=\u00bb0&#8243; medium_width=\u00bb0&#8243; mobile_width=\u00bb0&#8243; width=\u00bb1\/4&#8243;][vc_single_image media=\u00bb2173&#8243; media_width_percent=\u00bb100&#8243; alignment=\u00bbcenter\u00bb][vc_custom_heading heading_semantic=\u00bbh3&#8243; text_size=\u00bbh4&#8243; sub_reduced=\u00bbyes\u00bb subheading=\u00bbPara los pap\u00e1s primerizos el cuidado del cord\u00f3n umbilical puede resultar muy complicado ya que es un ap\u00e9ndice un tanto extra\u00f1o que debe caerse solo en unos 7 o 10 d\u00edas sin causar infecci\u00f3n. Sin embargo, es mucho m\u00e1s sencillo de lo que pensamos.\u00bb]Cuidado del ombligo[\/vc_custom_heading][vc_button button_color=\u00bbcolor-293417&#8243; size=\u00bbbtn-link\u00bb outline=\u00bbyes\u00bb text_skin=\u00bbyes\u00bb border_width=\u00bb0&#8243; icon_position=\u00bbright\u00bb icon=\u00bbfa fa-download3&#8243; media_lightbox=\u00bb15567&#8243; el_class=\u00bbdownload-btn\u00bb link=\u00bburl:https%3A%2F%2Fwww.moltexbaby.com%2Fwp-content%2Fuploads%2F2020%2F07%2Farchivo-1553524248.jpg|||\u00bb]DESCARGAR[\/vc_button][\/vc_column][vc_column column_width_percent=\u00bb100&#8243; gutter_size=\u00bb1&#8243; overlay_alpha=\u00bb50&#8243; shift_x=\u00bb0&#8243; shift_y=\u00bb0&#8243; shift_y_down=\u00bb0&#8243; z_index=\u00bb0&#8243; medium_width=\u00bb0&#8243; mobile_width=\u00bb0&#8243; width=\u00bb1\/4&#8243;][vc_single_image media=\u00bb2181&#8243; media_width_percent=\u00bb100&#8243; alignment=\u00bbcenter\u00bb][vc_custom_heading heading_semantic=\u00bbh3&#8243; text_size=\u00bbh4&#8243; sub_reduced=\u00bbyes\u00bb subheading=\u00bb\u00bfHa llegado el momento de dejar el pa\u00f1al? Si piensas que tu hijo ya est\u00e1 listo para controlar sus esf\u00ednteres y empezar a usar el ba\u00f1o, pero no sabes c\u00f3mo hacerlo, estos consejos te ayudar\u00e1n.\u00bb]\u00bfPreparado para dejar el pa\u00f1al?[\/vc_custom_heading][vc_button button_color=\u00bbcolor-293417&#8243; size=\u00bbbtn-link\u00bb outline=\u00bbyes\u00bb text_skin=\u00bbyes\u00bb border_width=\u00bb0&#8243; icon_position=\u00bbright\u00bb icon=\u00bbfa fa-download3&#8243; media_lightbox=\u00bb15577&#8243; el_class=\u00bbdownload-btn\u00bb link=\u00bburl:https%3A%2F%2Fwww.moltexbaby.com%2Fwp-content%2Fuploads%2F2020%2F07%2Farchivo-1553524090-scaled.jpg|||\u00bb]DESCARGAR[\/vc_button][\/vc_column][vc_column column_width_percent=\u00bb100&#8243; gutter_size=\u00bb1&#8243; overlay_alpha=\u00bb50&#8243; shift_x=\u00bb0&#8243; shift_y=\u00bb0&#8243; shift_y_down=\u00bb0&#8243; z_index=\u00bb0&#8243; medium_width=\u00bb0&#8243; mobile_width=\u00bb0&#8243; width=\u00bb1\/4&#8243;][vc_single_image media=\u00bb2189&#8243; media_width_percent=\u00bb100&#8243; alignment=\u00bbcenter\u00bb][vc_custom_heading heading_semantic=\u00bbh3&#8243; text_size=\u00bbh4&#8243; sub_reduced=\u00bbyes\u00bb subheading=\u00bb\u00bfHa llegado el momento de dejar el pa\u00f1al? Si piensas que tu hijo ya est\u00e1 listo para controlar sus esf\u00ednteres y empezar a usar el ba\u00f1o, pero no sabes c\u00f3mo hacerlo, estos consejos te ayudar\u00e1n.\u00bb]Consejos para tomar el sol este verano[\/vc_custom_heading][vc_button button_color=\u00bbcolor-293417&#8243; size=\u00bbbtn-link\u00bb outline=\u00bbyes\u00bb text_skin=\u00bbyes\u00bb border_width=\u00bb0&#8243; icon_position=\u00bbright\u00bb icon=\u00bbfa fa-download3&#8243; media_lightbox=\u00bb15587&#8243; el_class=\u00bbdownload-btn\u00bb link=\u00bburl:https%3A%2F%2Fwww.moltexbaby.com%2Fwp-content%2Fuploads%2F2020%2F07%2FcuidadoSol-scaled.jpg|||\u00bb]DESCARGAR[\/vc_button][\/vc_column][vc_column column_width_percent=\u00bb100&#8243; gutter_size=\u00bb1&#8243; overlay_alpha=\u00bb50&#8243; shift_x=\u00bb0&#8243; shift_y=\u00bb0&#8243; shift_y_down=\u00bb0&#8243; z_index=\u00bb0&#8243; medium_width=\u00bb0&#8243; mobile_width=\u00bb0&#8243; width=\u00bb1\/4&#8243;][vc_single_image media=\u00bb2197&#8243; media_width_percent=\u00bb100&#8243; alignment=\u00bbcenter\u00bb][vc_custom_heading heading_semantic=\u00bbh3&#8243; text_size=\u00bbh4&#8243; sub_reduced=\u00bbyes\u00bb subheading=\u00bbCasi todos los a\u00f1os se escuchan noticias de ahogamientos de ni\u00f1os en mares, r\u00edos y piscinas. Por eso, debes tener en cuenta estos consejos para evitar una desgracia.\u00bb]Cuidado con los accidentes en el agua[\/vc_custom_heading][vc_button button_color=\u00bbcolor-293417&#8243; size=\u00bbbtn-link\u00bb outline=\u00bbyes\u00bb text_skin=\u00bbyes\u00bb border_width=\u00bb0&#8243; icon_position=\u00bbright\u00bb icon=\u00bbfa fa-download3&#8243; media_lightbox=\u00bb15597&#8243; el_class=\u00bbdownload-btn\u00bb link=\u00bburl:https%3A%2F%2Fwww.moltexbaby.com%2Fwp-content%2Fuploads%2F2020%2F07%2Farchivo-1553523827-scaled.jpg|||\u00bb]DESCARGAR[\/vc_button][\/vc_column][\/vc_row][vc_row][vc_column column_width_percent=\u00bb100&#8243; gutter_size=\u00bb1&#8243; overlay_alpha=\u00bb50&#8243; shift_x=\u00bb0&#8243; shift_y=\u00bb0&#8243; shift_y_down=\u00bb0&#8243; z_index=\u00bb0&#8243; medium_width=\u00bb0&#8243; mobile_width=\u00bb0&#8243; width=\u00bb1\/4&#8243;][vc_single_image media=\u00bb2205&#8243; media_width_percent=\u00bb100&#8243; alignment=\u00bbcenter\u00bb][vc_custom_heading heading_semantic=\u00bbh3&#8243; text_size=\u00bbh4&#8243; sub_reduced=\u00bbyes\u00bb subheading=\u00bbLa vuelta al cole puede resultar bastante dram\u00e1tica para los m\u00e1s peque\u00f1os de la casa quienes, tras m\u00e1s de dos meses de vacaciones, tienen que volver a la rutina y no entiended por qu\u00e9. Con estos consejos ser\u00e1 todo mucho m\u00e1s sencillo.\u00bb]Una vuelta al cole sin l\u00e1grimas[\/vc_custom_heading][vc_button button_color=\u00bbcolor-293417&#8243; size=\u00bbbtn-link\u00bb outline=\u00bbyes\u00bb text_skin=\u00bbyes\u00bb border_width=\u00bb0&#8243; icon_position=\u00bbright\u00bb icon=\u00bbfa fa-download3&#8243; media_lightbox=\u00bb15607&#8243; el_class=\u00bbdownload-btn\u00bb link=\u00bburl:https%3A%2F%2Fwww.moltexbaby.com%2Fwp-content%2Fuploads%2F2020%2F07%2Farchivo-1553523713-scaled.jpg|||\u00bb]DESCARGAR[\/vc_button][\/vc_column][vc_column column_width_percent=\u00bb100&#8243; gutter_size=\u00bb1&#8243; overlay_alpha=\u00bb50&#8243; shift_x=\u00bb0&#8243; shift_y=\u00bb0&#8243; shift_y_down=\u00bb0&#8243; z_index=\u00bb0&#8243; medium_width=\u00bb0&#8243; mobile_width=\u00bb0&#8243; width=\u00bb1\/4&#8243;][vc_single_image media=\u00bb2213&#8243; media_width_percent=\u00bb100&#8243; alignment=\u00bbcenter\u00bb][vc_custom_heading heading_semantic=\u00bbh3&#8243; text_size=\u00bbh4&#8243; sub_reduced=\u00bbyes\u00bb subheading=\u00bbLa piel del beb\u00e9 es m\u00e1s delicada que la de un adulto ya que es m\u00e1s fina y, debido a su gran permeabilidad, es muy sensible a la toxicidad de ciertos ingredientes que se encuentran en cremas, ung\u00fcentos y pomadas.\u00bb]\u00bfC\u00f3mo cuidar la piel del beb\u00e9?[\/vc_custom_heading][vc_button button_color=\u00bbcolor-293417&#8243; size=\u00bbbtn-link\u00bb outline=\u00bbyes\u00bb text_skin=\u00bbyes\u00bb border_width=\u00bb0&#8243; icon_position=\u00bbright\u00bb icon=\u00bbfa fa-download3&#8243; media_lightbox=\u00bb15617&#8243; el_class=\u00bbdownload-btn\u00bb link=\u00bburl:https%3A%2F%2Fwww.moltexbaby.com%2Fwp-content%2Fuploads%2F2020%2F07%2Farchivo-1553523586.jpg|||\u00bb]DESCARGAR[\/vc_button][\/vc_column][vc_column column_width_percent=\u00bb100&#8243; gutter_size=\u00bb1&#8243; overlay_alpha=\u00bb50&#8243; shift_x=\u00bb0&#8243; shift_y=\u00bb0&#8243; shift_y_down=\u00bb0&#8243; z_index=\u00bb0&#8243; medium_width=\u00bb0&#8243; mobile_width=\u00bb0&#8243; width=\u00bb1\/4&#8243;][vc_single_image media=\u00bb2221&#8243; media_width_percent=\u00bb100&#8243; alignment=\u00bbcenter\u00bb][vc_custom_heading heading_semantic=\u00bbh3&#8243; text_size=\u00bbh4&#8243; sub_reduced=\u00bbyes\u00bb subheading=\u00bbPara potenciar la autonom\u00eda de los ni\u00f1os desde peque\u00f1os y ense\u00f1arles a colaborar en casa, es importante asignarles una serie de tareas acordes a su edad y capacidades.\u00bb]Tareas apropiadas para cada edad[\/vc_custom_heading][vc_button button_color=\u00bbcolor-293417&#8243; size=\u00bbbtn-link\u00bb outline=\u00bbyes\u00bb text_skin=\u00bbyes\u00bb border_width=\u00bb0&#8243; icon_position=\u00bbright\u00bb icon=\u00bbfa fa-download3&#8243; media_lightbox=\u00bb15627&#8243; el_class=\u00bbdownload-btn\u00bb link=\u00bburl:https%3A%2F%2Fwww.moltexbaby.com%2Fwp-content%2Fuploads%2F2020%2F07%2Farchivo-1553523361.jpg|||\u00bb]DESCARGAR[\/vc_button][\/vc_column][vc_column column_width_percent=\u00bb100&#8243; gutter_size=\u00bb1&#8243; overlay_alpha=\u00bb50&#8243; shift_x=\u00bb0&#8243; shift_y=\u00bb0&#8243; shift_y_down=\u00bb0&#8243; z_index=\u00bb0&#8243; medium_width=\u00bb0&#8243; mobile_width=\u00bb0&#8243; width=\u00bb1\/4&#8243;][vc_single_image media=\u00bb12353&#8243; media_width_percent=\u00bb100&#8243; alignment=\u00bbcenter\u00bb][vc_custom_heading heading_semantic=\u00bbh3&#8243; text_size=\u00bbh4&#8243; sub_reduced=\u00bbyes\u00bb subheading=\u00bbEl pa\u00f1al ecol\u00f3gico es la mejor alternativa para cuidar la piel de tu beb\u00e9 y, a su vez, del medio ambiente. \u00a1Os animamos a que las descubr\u00e1is!\u00bb]\u00bfQu\u00e9 es un Pa\u00f1al ecol\u00f3gico?[\/vc_custom_heading][vc_button button_color=\u00bbcolor-293417&#8243; size=\u00bbbtn-link\u00bb outline=\u00bbyes\u00bb text_skin=\u00bbyes\u00bb border_width=\u00bb0&#8243; icon_position=\u00bbright\u00bb icon=\u00bbfa fa-download3&#8243; media_lightbox=\u00bb12362&#8243; el_class=\u00bbdownload-btn\u00bb link=\u00bburl:https%3A%2F%2Fwww.moltexbaby.com%2Fwp-content%2Fuploads%2F2020%2F07%2Farchivo-1553523361.jpg|||\u00bb]DESCARGAR[\/vc_button][\/vc_column][\/vc_row][vc_row][vc_column width=\u00bb1\/4&#8243;][vc_single_image media=\u00bb12371&#8243; media_width_percent=\u00bb100&#8243; alignment=\u00bbcenter\u00bb][vc_custom_heading heading_semantic=\u00bbh3&#8243; text_size=\u00bbh4&#8243; sub_reduced=\u00bbyes\u00bb subheading=\u00bbLa enuresis o incontinencia urinaria es la persistencia de micciones incontroladas m\u00e1s all\u00e1 de la edad en la que se alcanza el control vesical (de cuatro a seis a\u00f1os como edad extrema). Puede ser diurna o nocturna.\u00bb]\u00bfPor qu\u00e9 aparece la enuresis en ni\u00f1os y c\u00f3mo tratarla?[\/vc_custom_heading][vc_button button_color=\u00bbcolor-293417&#8243; size=\u00bbbtn-link\u00bb outline=\u00bbyes\u00bb text_skin=\u00bbyes\u00bb border_width=\u00bb0&#8243; icon_position=\u00bbright\u00bb icon=\u00bbfa fa-download3&#8243; media_lightbox=\u00bb12380&#8243; el_class=\u00bbdownload-btn\u00bb link=\u00bburl:https%3A%2F%2Fwww.moltexbaby.com%2Fwp-content%2Fuploads%2F2020%2F07%2Farchivo-1553523713-scaled.jpg|||\u00bb]DESCARGAR[\/vc_button][\/vc_column][vc_column width=\u00bb1\/4&#8243;][vc_single_image media=\u00bb12389&#8243; media_width_percent=\u00bb100&#8243; alignment=\u00bbcenter\u00bb][vc_custom_heading heading_semantic=\u00bbh3&#8243; text_size=\u00bbh4&#8243; sub_reduced=\u00bbyes\u00bb subheading=\u00bbLa regla de las 3 R de la ecolog\u00eda nos ense\u00f1a los principios b\u00e1sicos para cuidar el medio ambiente: Reducir, Reutilizar y Reciclar. \u00bfC\u00f3mo explic\u00e1rselo a los ni\u00f1os?\u00bb]Las 3 R de la ecolog\u00eda[\/vc_custom_heading][vc_button button_color=\u00bbcolor-293417&#8243; size=\u00bbbtn-link\u00bb outline=\u00bbyes\u00bb text_skin=\u00bbyes\u00bb border_width=\u00bb0&#8243; icon_position=\u00bbright\u00bb icon=\u00bbfa fa-download3&#8243; media_lightbox=\u00bb12398&#8243; el_class=\u00bbdownload-btn\u00bb link=\u00bburl:https%3A%2F%2Fwww.moltexbaby.com%2Fwp-content%2Fuploads%2F2020%2F07%2Farchivo-1553523586.jpg|||\u00bb]DESCARGAR[\/vc_button][\/vc_column][vc_column width=\u00bb1\/4&#8243;][vc_single_image media=\u00bb13097&#8243; media_width_percent=\u00bb100&#8243; alignment=\u00bbcenter\u00bb][vc_custom_heading heading_semantic=\u00bbh3&#8243; text_size=\u00bbh4&#8243; sub_reduced=\u00bbyes\u00bb subheading=\u00bb\u00bfHas o\u00eddo hablar del Baby Led Weaning, pero no sabes qu\u00e9 es ni en qu\u00e9 consiste? Te aclaramos las ideas principales sobre esta forma de alimentaci\u00f3n dirigida por el beb\u00e9.\u00bb]Baby Led Weaning[\/vc_custom_heading][vc_button button_color=\u00bbcolor-293417&#8243; size=\u00bbbtn-link\u00bb outline=\u00bbyes\u00bb text_skin=\u00bbyes\u00bb border_width=\u00bb0&#8243; icon_position=\u00bbright\u00bb icon=\u00bbfa fa-download3&#8243; media_lightbox=\u00bb13106&#8243; el_class=\u00bbdownload-btn\u00bb link=\u00bburl:https%3A%2F%2Fwww.moltexbaby.com%2Fwp-content%2Fuploads%2F2020%2F07%2Farchivo-1553523586.jpg|||\u00bb]DESCARGAR[\/vc_button][\/vc_column][vc_column width=\u00bb1\/4&#8243;][\/vc_column][\/vc_row]<\/p>\n<\/div>","protected":false},"excerpt":{"rendered":"<p>[vc_row row_height_percent=\u00bb0&#8243; override_padding=\u00bbyes\u00bb h_padding=\u00bb2&#8243; top_padding=\u00bb1&#8243; bottom_padding=\u00bb2&#8243; overlay_alpha=\u00bb50&#8243; gutter_size=\u00bb3&#8243; column_width_percent=\u00bb100&#8243; shift_y=\u00bb0&#8243; z_index=\u00bb0&#8243;][vc_column column_width_use_pixel=\u00bbyes\u00bb align_horizontal=\u00bbalign_center\u00bb gutter_size=\u00bb2&#8243; overlay_alpha=\u00bb50&#8243; shift_x=\u00bb0&#8243; shift_y=\u00bb0&#8243; shift_y_down=\u00bb0&#8243; z_index=\u00bb0&#8243; medium_width=\u00bb0&#8243; [&hellip;]<\/p>\n","protected":false},"author":6,"featured_media":0,"parent":2032,"menu_order":23,"comment_status":"closed","ping_status":"closed","template":"","meta":{"_acf_changed":false,"footnotes":""},"height":[],"weight":[],"class_list":["post-2116","page","type-page","status-publish","hentry"],"acf":[],"_links":{"self":[{"href":"https:\/\/www.moltexbaby.com\/es\/wp-json\/wp\/v2\/pages\/2116","targetHints":{"allow":["GET"]}}],"collection":[{"href":"https:\/\/www.moltexbaby.com\/es\/wp-json\/wp\/v2\/pages"}],"about":[{"href":"https:\/\/www.moltexbaby.com\/es\/wp-json\/wp\/v2\/types\/page"}],"author":[{"embeddable":true,"href":"https:\/\/www.moltexbaby.com\/es\/wp-json\/wp\/v2\/users\/6"}],"replies":[{"embeddable":true,"href":"https:\/\/www.moltexbaby.com\/es\/wp-json\/wp\/v2\/comments?post=2116"}],"version-history":[{"count":0,"href":"https:\/\/www.moltexbaby.com\/es\/wp-json\/wp\/v2\/pages\/2116\/revisions"}],"up":[{"embeddable":true,"href":"https:\/\/www.moltexbaby.com\/es\/wp-json\/wp\/v2\/pages\/2032"}],"wp:attachment":[{"href":"https:\/\/www.moltexbaby.com\/es\/wp-json\/wp\/v2\/media?parent=2116"}],"wp:term":[{"taxonomy":"height","embeddable":true,"href":"https:\/\/www.moltexbaby.com\/es\/wp-json\/wp\/v2\/height?post=2116"},{"taxonomy":"weight","embeddable":true,"href":"https:\/\/www.moltexbaby.com\/es\/wp-json\/wp\/v2\/weight?post=2116"}],"curies":[{"name":"wp","href":"https:\/\/api.w.org\/{rel}","templated":true}]}}