{"id":2413,"date":"2020-07-06T08:47:48","date_gmt":"2020-07-06T08:47:48","guid":{"rendered":"https:\/\/www.moltexbaby.com\/?page_id=2413"},"modified":"2020-11-26T10:14:30","modified_gmt":"2020-11-26T10:14:30","slug":"ebooks","status":"publish","type":"page","link":"https:\/\/www.moltexbaby.com\/es\/consejos-animados\/ebooks\/","title":{"rendered":"Ebooks"},"content":{"rendered":"<div class=\"wpb-content-wrapper\"><p>[vc_row row_height_percent=\u00bb0&#8243; override_padding=\u00bbyes\u00bb h_padding=\u00bb2&#8243; top_padding=\u00bb1&#8243; bottom_padding=\u00bb2&#8243; overlay_alpha=\u00bb50&#8243; gutter_size=\u00bb3&#8243; column_width_percent=\u00bb100&#8243; shift_y=\u00bb0&#8243; z_index=\u00bb0&#8243;][vc_column column_width_use_pixel=\u00bbyes\u00bb align_horizontal=\u00bbalign_center\u00bb gutter_size=\u00bb2&#8243; overlay_alpha=\u00bb50&#8243; shift_x=\u00bb0&#8243; shift_y=\u00bb0&#8243; shift_y_down=\u00bb0&#8243; z_index=\u00bb0&#8243; medium_width=\u00bb0&#8243; mobile_width=\u00bb0&#8243; width=\u00bb1\/1&#8243; column_width_pixel=\u00bb730&#8243;][vc_custom_heading]Ebooks[\/vc_custom_heading][\/vc_column][\/vc_row][vc_row row_height_percent=\u00bb0&#8243; override_padding=\u00bbyes\u00bb h_padding=\u00bb2&#8243; top_padding=\u00bb1&#8243; bottom_padding=\u00bb2&#8243; overlay_alpha=\u00bb50&#8243; gutter_size=\u00bb3&#8243; column_width_percent=\u00bb100&#8243; shift_y=\u00bb0&#8243; z_index=\u00bb0&#8243;][vc_column column_width_use_pixel=\u00bbyes\u00bb align_horizontal=\u00bbalign_center\u00bb gutter_size=\u00bb2&#8243; overlay_alpha=\u00bb50&#8243; shift_x=\u00bb0&#8243; shift_y=\u00bb0&#8243; shift_y_down=\u00bb0&#8243; z_index=\u00bb0&#8243; medium_width=\u00bb0&#8243; mobile_width=\u00bb3&#8243; width=\u00bb1\/6&#8243; column_width_pixel=\u00bb730&#8243;][vc_single_image media=\u00bb2423&#8243; media_width_percent=\u00bb100&#8243; shape=\u00bbimg-round\u00bb radius=\u00bblg\u00bb][\/vc_column][vc_column column_width_percent=\u00bb100&#8243; gutter_size=\u00bb3&#8243; overlay_alpha=\u00bb50&#8243; shift_x=\u00bb0&#8243; shift_y=\u00bb0&#8243; shift_y_down=\u00bb0&#8243; z_index=\u00bb0&#8243; medium_width=\u00bb0&#8243; mobile_width=\u00bb5&#8243; width=\u00bb4\/6&#8243;][vc_custom_heading heading_semantic=\u00bbh3&#8243; text_size=\u00bbh4&#8243; sub_reduced=\u00bbyes\u00bb subheading=\u00bbLa higiene y el cuidado del beb\u00e9 son fundamentales para mantener su salud y asegurar su desarrollo. El ba\u00f1o, el cambio del pa\u00f1al o el cuidado de la piel son algunas de las medidas de higiene que debes adoptar.\u00bb]Higiene y cuidados del reci\u00e9n nacido[\/vc_custom_heading][\/vc_column][vc_column column_width_percent=\u00bb100&#8243; position_vertical=\u00bbmiddle\u00bb gutter_size=\u00bb3&#8243; overlay_alpha=\u00bb50&#8243; shift_x=\u00bb0&#8243; shift_y=\u00bb0&#8243; shift_y_down=\u00bb0&#8243; z_index=\u00bb0&#8243; medium_width=\u00bb0&#8243; align_mobile=\u00bbalign_center_mobile\u00bb mobile_width=\u00bb0&#8243; width=\u00bb1\/6&#8243;][vc_button button_color=\u00bbcolor-293417&#8243; size=\u00bbbtn-link\u00bb outline=\u00bbyes\u00bb text_skin=\u00bbyes\u00bb border_width=\u00bb0&#8243; icon_position=\u00bbright\u00bb icon=\u00bbfa fa-download3&#8243; el_class=\u00bbdownload-btn\u00bb link=\u00bburl:https%3A%2F%2Fwww.moltexbaby.com%2Fwp-content%2Fuploads%2F2020%2F07%2Farchivo-1587037623.pdf|||\u00bb]DESCARGAR[\/vc_button][\/vc_column][\/vc_row][vc_row row_height_percent=\u00bb0&#8243; override_padding=\u00bbyes\u00bb h_padding=\u00bb2&#8243; top_padding=\u00bb1&#8243; bottom_padding=\u00bb2&#8243; overlay_alpha=\u00bb50&#8243; gutter_size=\u00bb3&#8243; column_width_percent=\u00bb100&#8243; shift_y=\u00bb0&#8243; z_index=\u00bb0&#8243;][vc_column column_width_use_pixel=\u00bbyes\u00bb align_horizontal=\u00bbalign_center\u00bb gutter_size=\u00bb2&#8243; overlay_alpha=\u00bb50&#8243; shift_x=\u00bb0&#8243; shift_y=\u00bb0&#8243; shift_y_down=\u00bb0&#8243; z_index=\u00bb0&#8243; medium_width=\u00bb0&#8243; mobile_width=\u00bb3&#8243; width=\u00bb1\/6&#8243; column_width_pixel=\u00bb730&#8243;][vc_single_image media=\u00bb2431&#8243; media_width_percent=\u00bb100&#8243; alignment=\u00bbcenter\u00bb shape=\u00bbimg-round\u00bb radius=\u00bblg\u00bb][\/vc_column][vc_column column_width_percent=\u00bb100&#8243; gutter_size=\u00bb3&#8243; overlay_alpha=\u00bb50&#8243; shift_x=\u00bb0&#8243; shift_y=\u00bb0&#8243; shift_y_down=\u00bb0&#8243; z_index=\u00bb0&#8243; medium_width=\u00bb0&#8243; mobile_width=\u00bb5&#8243; width=\u00bb4\/6&#8243;][vc_custom_heading heading_semantic=\u00bbh3&#8243; text_size=\u00bbh4&#8243; sub_reduced=\u00bbyes\u00bb subheading=\u00bbEstimular a tu beb\u00e9 es muy importante para ayudarle en su desarrollo, consiguiendo que vaya alcanzando hitos tan importantes en este segundo a\u00f1o de vida como andar, correr o hablar. \u00bfQuieres saber c\u00f3mo?\u00bb]Estimulaci\u00f3n y desarrollo del beb\u00e9 de 12 a 24 meses[\/vc_custom_heading][\/vc_column][vc_column column_width_percent=\u00bb100&#8243; position_vertical=\u00bbmiddle\u00bb gutter_size=\u00bb3&#8243; overlay_alpha=\u00bb50&#8243; shift_x=\u00bb0&#8243; shift_y=\u00bb0&#8243; shift_y_down=\u00bb0&#8243; z_index=\u00bb0&#8243; medium_width=\u00bb0&#8243; align_mobile=\u00bbalign_center_mobile\u00bb mobile_width=\u00bb0&#8243; width=\u00bb1\/6&#8243;][vc_button button_color=\u00bbcolor-293417&#8243; size=\u00bbbtn-link\u00bb outline=\u00bbyes\u00bb text_skin=\u00bbyes\u00bb border_width=\u00bb0&#8243; icon_position=\u00bbright\u00bb icon=\u00bbfa fa-download3&#8243; el_class=\u00bbdownload-btn\u00bb link=\u00bburl:https%3A%2F%2Fwww.moltexbaby.com%2Fwp-content%2Fuploads%2F2020%2F07%2Farchivo-1582186991.pdf|||\u00bb]DESCARGAR[\/vc_button][\/vc_column][\/vc_row][vc_row row_height_percent=\u00bb0&#8243; override_padding=\u00bbyes\u00bb h_padding=\u00bb2&#8243; top_padding=\u00bb1&#8243; bottom_padding=\u00bb2&#8243; overlay_alpha=\u00bb50&#8243; gutter_size=\u00bb3&#8243; column_width_percent=\u00bb100&#8243; shift_y=\u00bb0&#8243; z_index=\u00bb0&#8243;][vc_column column_width_use_pixel=\u00bbyes\u00bb align_horizontal=\u00bbalign_center\u00bb gutter_size=\u00bb2&#8243; overlay_alpha=\u00bb50&#8243; shift_x=\u00bb0&#8243; shift_y=\u00bb0&#8243; shift_y_down=\u00bb0&#8243; z_index=\u00bb0&#8243; medium_width=\u00bb0&#8243; mobile_width=\u00bb3&#8243; width=\u00bb1\/6&#8243; column_width_pixel=\u00bb730&#8243;][vc_single_image media=\u00bb2439&#8243; media_width_percent=\u00bb100&#8243; alignment=\u00bbcenter\u00bb shape=\u00bbimg-round\u00bb radius=\u00bblg\u00bb][\/vc_column][vc_column column_width_percent=\u00bb100&#8243; gutter_size=\u00bb3&#8243; overlay_alpha=\u00bb50&#8243; shift_x=\u00bb0&#8243; shift_y=\u00bb0&#8243; shift_y_down=\u00bb0&#8243; z_index=\u00bb0&#8243; medium_width=\u00bb0&#8243; mobile_width=\u00bb5&#8243; width=\u00bb4\/6&#8243;][vc_custom_heading heading_semantic=\u00bbh3&#8243; text_size=\u00bbh4&#8243; sub_reduced=\u00bbyes\u00bb subheading=\u00bbLa enuresis infantil es la micci\u00f3n involuntaria en ni\u00f1os de m\u00e1s de 5 a\u00f1os durante al menos 3 o 4 veces al mes. En menores de 5 a\u00f1os se considera algo normal y no supone un problema. Si tu hijo tiene m\u00e1s de esta edad hay muchas cosas que puedes hacer para ayudarle.\u00bb]Enuresis infantil. Mi hijo moja la cama[\/vc_custom_heading][\/vc_column][vc_column column_width_percent=\u00bb100&#8243; position_vertical=\u00bbmiddle\u00bb gutter_size=\u00bb3&#8243; overlay_alpha=\u00bb50&#8243; shift_x=\u00bb0&#8243; shift_y=\u00bb0&#8243; shift_y_down=\u00bb0&#8243; z_index=\u00bb0&#8243; medium_width=\u00bb0&#8243; align_mobile=\u00bbalign_center_mobile\u00bb mobile_width=\u00bb0&#8243; width=\u00bb1\/6&#8243;][vc_button button_color=\u00bbcolor-293417&#8243; size=\u00bbbtn-link\u00bb outline=\u00bbyes\u00bb text_skin=\u00bbyes\u00bb border_width=\u00bb0&#8243; icon_position=\u00bbright\u00bb icon=\u00bbfa fa-download3&#8243; el_class=\u00bbdownload-btn\u00bb link=\u00bburl:https%3A%2F%2Fwww.moltexbaby.com%2Fwp-content%2Fuploads%2F2020%2F07%2Farchivo-1555938336.pdf|||\u00bb]DESCARGAR[\/vc_button][\/vc_column][\/vc_row][vc_row row_height_percent=\u00bb0&#8243; override_padding=\u00bbyes\u00bb h_padding=\u00bb2&#8243; top_padding=\u00bb1&#8243; bottom_padding=\u00bb2&#8243; overlay_alpha=\u00bb50&#8243; gutter_size=\u00bb3&#8243; column_width_percent=\u00bb100&#8243; shift_y=\u00bb0&#8243; z_index=\u00bb0&#8243;][vc_column column_width_use_pixel=\u00bbyes\u00bb align_horizontal=\u00bbalign_center\u00bb gutter_size=\u00bb2&#8243; overlay_alpha=\u00bb50&#8243; shift_x=\u00bb0&#8243; shift_y=\u00bb0&#8243; shift_y_down=\u00bb0&#8243; z_index=\u00bb0&#8243; medium_width=\u00bb0&#8243; mobile_width=\u00bb3&#8243; width=\u00bb1\/6&#8243; column_width_pixel=\u00bb730&#8243;][vc_single_image media=\u00bb2447&#8243; media_width_percent=\u00bb100&#8243; alignment=\u00bbcenter\u00bb shape=\u00bbimg-round\u00bb radius=\u00bblg\u00bb][\/vc_column][vc_column column_width_percent=\u00bb100&#8243; gutter_size=\u00bb3&#8243; overlay_alpha=\u00bb50&#8243; shift_x=\u00bb0&#8243; shift_y=\u00bb0&#8243; shift_y_down=\u00bb0&#8243; z_index=\u00bb0&#8243; medium_width=\u00bb0&#8243; mobile_width=\u00bb5&#8243; width=\u00bb4\/6&#8243;][vc_custom_heading heading_semantic=\u00bbh3&#8243; text_size=\u00bbh4&#8243; sub_reduced=\u00bbyes\u00bb subheading=\u00bbDurante el primer a\u00f1o de vida el beb\u00e9 crece y se desarrolla a un ritmo trepidante, logrando grandes hitos para su futuro como balbucear sus primeros sonidos, gatear o ponerse de pie solito. En este proceso, los pap\u00e1s deben ayudarlo y estimularlo.\u00bb]Estimulaci\u00f3n y desarrollo del beb\u00e9 en el primer a\u00f1o de vida[\/vc_custom_heading][\/vc_column][vc_column column_width_percent=\u00bb100&#8243; position_vertical=\u00bbmiddle\u00bb gutter_size=\u00bb3&#8243; overlay_alpha=\u00bb50&#8243; shift_x=\u00bb0&#8243; shift_y=\u00bb0&#8243; shift_y_down=\u00bb0&#8243; z_index=\u00bb0&#8243; medium_width=\u00bb0&#8243; align_mobile=\u00bbalign_center_mobile\u00bb mobile_width=\u00bb0&#8243; width=\u00bb1\/6&#8243;][vc_button button_color=\u00bbcolor-293417&#8243; size=\u00bbbtn-link\u00bb outline=\u00bbyes\u00bb text_skin=\u00bbyes\u00bb border_width=\u00bb0&#8243; icon_position=\u00bbright\u00bb icon=\u00bbfa fa-download3&#8243; el_class=\u00bbdownload-btn\u00bb link=\u00bburl:https%3A%2F%2Fwww.moltexbaby.com%2Fwp-content%2Fuploads%2F2020%2F07%2Farchivo-1553518234.pdf|||\u00bb]DESCARGAR[\/vc_button][\/vc_column][\/vc_row][vc_row row_height_percent=\u00bb0&#8243; override_padding=\u00bbyes\u00bb h_padding=\u00bb2&#8243; top_padding=\u00bb1&#8243; bottom_padding=\u00bb2&#8243; overlay_alpha=\u00bb50&#8243; gutter_size=\u00bb3&#8243; column_width_percent=\u00bb100&#8243; shift_y=\u00bb0&#8243; z_index=\u00bb0&#8243;][vc_column column_width_use_pixel=\u00bbyes\u00bb align_horizontal=\u00bbalign_center\u00bb gutter_size=\u00bb2&#8243; overlay_alpha=\u00bb50&#8243; shift_x=\u00bb0&#8243; shift_y=\u00bb0&#8243; shift_y_down=\u00bb0&#8243; z_index=\u00bb0&#8243; medium_width=\u00bb0&#8243; mobile_width=\u00bb3&#8243; width=\u00bb1\/6&#8243; column_width_pixel=\u00bb730&#8243;][vc_single_image media=\u00bb2455&#8243; media_width_percent=\u00bb100&#8243; alignment=\u00bbcenter\u00bb shape=\u00bbimg-round\u00bb radius=\u00bblg\u00bb][\/vc_column][vc_column column_width_percent=\u00bb100&#8243; gutter_size=\u00bb3&#8243; overlay_alpha=\u00bb50&#8243; shift_x=\u00bb0&#8243; shift_y=\u00bb0&#8243; shift_y_down=\u00bb0&#8243; z_index=\u00bb0&#8243; medium_width=\u00bb0&#8243; mobile_width=\u00bb5&#8243; width=\u00bb4\/6&#8243;][vc_custom_heading heading_semantic=\u00bbh3&#8243; text_size=\u00bbh4&#8243; sub_reduced=\u00bbyes\u00bb subheading=\u00bb\u00bfQu\u00e9 puede comer el beb\u00e9 de 0 a 6 meses? \u00bfCu\u00e1les son los beneficios de la lactancia materna? \u00bfY si le tengo que dar biber\u00f3n? \u00bfC\u00f3mo resolver las dudas m\u00e1s frecuentes en estos meses de lactancia exclusiva? Todo esto y mucho m\u00e1s encontrar\u00e1s en este ebook.\u00bb]Alimentaci\u00f3n de 0 a 6 meses[\/vc_custom_heading][\/vc_column][vc_column column_width_percent=\u00bb100&#8243; position_vertical=\u00bbmiddle\u00bb gutter_size=\u00bb3&#8243; overlay_alpha=\u00bb50&#8243; shift_x=\u00bb0&#8243; shift_y=\u00bb0&#8243; shift_y_down=\u00bb0&#8243; z_index=\u00bb0&#8243; medium_width=\u00bb0&#8243; align_mobile=\u00bbalign_center_mobile\u00bb mobile_width=\u00bb0&#8243; width=\u00bb1\/6&#8243;][vc_button button_color=\u00bbcolor-293417&#8243; size=\u00bbbtn-link\u00bb outline=\u00bbyes\u00bb text_skin=\u00bbyes\u00bb border_width=\u00bb0&#8243; icon_position=\u00bbright\u00bb icon=\u00bbfa fa-download3&#8243; el_class=\u00bbdownload-btn\u00bb link=\u00bburl:https%3A%2F%2Fwww.moltexbaby.com%2Fwp-content%2Fuploads%2F2020%2F07%2Farchivo-1553518048.pdf|||\u00bb]DESCARGAR[\/vc_button][\/vc_column][\/vc_row][vc_row row_height_percent=\u00bb0&#8243; override_padding=\u00bbyes\u00bb h_padding=\u00bb2&#8243; top_padding=\u00bb1&#8243; bottom_padding=\u00bb2&#8243; overlay_alpha=\u00bb50&#8243; gutter_size=\u00bb3&#8243; column_width_percent=\u00bb100&#8243; shift_y=\u00bb0&#8243; z_index=\u00bb0&#8243;][vc_column column_width_use_pixel=\u00bbyes\u00bb align_horizontal=\u00bbalign_center\u00bb gutter_size=\u00bb2&#8243; overlay_alpha=\u00bb50&#8243; shift_x=\u00bb0&#8243; shift_y=\u00bb0&#8243; shift_y_down=\u00bb0&#8243; z_index=\u00bb0&#8243; medium_width=\u00bb0&#8243; mobile_width=\u00bb3&#8243; width=\u00bb1\/6&#8243; column_width_pixel=\u00bb730&#8243;][vc_single_image media=\u00bb2463&#8243; media_width_percent=\u00bb100&#8243; alignment=\u00bbcenter\u00bb shape=\u00bbimg-round\u00bb radius=\u00bblg\u00bb][\/vc_column][vc_column column_width_percent=\u00bb100&#8243; gutter_size=\u00bb3&#8243; overlay_alpha=\u00bb50&#8243; shift_x=\u00bb0&#8243; shift_y=\u00bb0&#8243; shift_y_down=\u00bb0&#8243; z_index=\u00bb0&#8243; medium_width=\u00bb0&#8243; mobile_width=\u00bb5&#8243; width=\u00bb4\/6&#8243;][vc_custom_heading heading_semantic=\u00bbh3&#8243; text_size=\u00bbh4&#8243; sub_reduced=\u00bbyes\u00bb subheading=\u00bbA partir de los 6 meses se inicia la alimentaci\u00f3n complementaria, que empieza cuando se introduce cualquier tipo de alimento no l\u00e1cteo y termina cuando el ni\u00f1o recibe una alimentaci\u00f3n semejante a la del resto de la familia.\u00bb]Alimentaci\u00f3n del beb\u00e9 de 6 meses a 2 a\u00f1os[\/vc_custom_heading][\/vc_column][vc_column column_width_percent=\u00bb100&#8243; position_vertical=\u00bbmiddle\u00bb gutter_size=\u00bb3&#8243; overlay_alpha=\u00bb50&#8243; shift_x=\u00bb0&#8243; shift_y=\u00bb0&#8243; shift_y_down=\u00bb0&#8243; z_index=\u00bb0&#8243; medium_width=\u00bb0&#8243; align_mobile=\u00bbalign_center_mobile\u00bb mobile_width=\u00bb0&#8243; width=\u00bb1\/6&#8243;][vc_button button_color=\u00bbcolor-293417&#8243; size=\u00bbbtn-link\u00bb outline=\u00bbyes\u00bb text_skin=\u00bbyes\u00bb border_width=\u00bb0&#8243; icon_position=\u00bbright\u00bb icon=\u00bbfa fa-download3&#8243; el_class=\u00bbdownload-btn\u00bb link=\u00bburl:https%3A%2F%2Fwww.moltexbaby.com%2Fwp-content%2Fuploads%2F2020%2F07%2Farchivo-1553517838.pdf|||\u00bb]DESCARGAR[\/vc_button][\/vc_column][\/vc_row][vc_row row_height_percent=\u00bb0&#8243; override_padding=\u00bbyes\u00bb h_padding=\u00bb2&#8243; top_padding=\u00bb1&#8243; bottom_padding=\u00bb2&#8243; overlay_alpha=\u00bb50&#8243; gutter_size=\u00bb3&#8243; column_width_percent=\u00bb100&#8243; shift_y=\u00bb0&#8243; z_index=\u00bb0&#8243;][vc_column column_width_use_pixel=\u00bbyes\u00bb align_horizontal=\u00bbalign_center\u00bb gutter_size=\u00bb2&#8243; overlay_alpha=\u00bb50&#8243; shift_x=\u00bb0&#8243; shift_y=\u00bb0&#8243; shift_y_down=\u00bb0&#8243; z_index=\u00bb0&#8243; medium_width=\u00bb0&#8243; mobile_width=\u00bb3&#8243; width=\u00bb1\/6&#8243; column_width_pixel=\u00bb730&#8243;][vc_single_image media=\u00bb2471&#8243; media_width_percent=\u00bb100&#8243; alignment=\u00bbcenter\u00bb shape=\u00bbimg-round\u00bb radius=\u00bblg\u00bb][\/vc_column][vc_column column_width_percent=\u00bb100&#8243; gutter_size=\u00bb3&#8243; overlay_alpha=\u00bb50&#8243; shift_x=\u00bb0&#8243; shift_y=\u00bb0&#8243; shift_y_down=\u00bb0&#8243; z_index=\u00bb0&#8243; medium_width=\u00bb0&#8243; mobile_width=\u00bb5&#8243; width=\u00bb4\/6&#8243;][vc_custom_heading heading_semantic=\u00bbh3&#8243; text_size=\u00bbh4&#8243; sub_reduced=\u00bbyes\u00bb subheading=\u00bbEl sue\u00f1o es fundamental para descansar y reponer las energ\u00edas gastadas, por lo que si nuestro beb\u00e9 no duerme bien y no nos deja descansar, nos sentiremos agotados y de mal humor. Las rutinas son la clave para favorecer el sue\u00f1o del peque\u00f1o. \u00bfQuieres saber m\u00e1s?.\u00bb]El sue\u00f1o del beb\u00e9[\/vc_custom_heading][\/vc_column][vc_column column_width_percent=\u00bb100&#8243; position_vertical=\u00bbmiddle\u00bb gutter_size=\u00bb3&#8243; overlay_alpha=\u00bb50&#8243; shift_x=\u00bb0&#8243; shift_y=\u00bb0&#8243; shift_y_down=\u00bb0&#8243; z_index=\u00bb0&#8243; medium_width=\u00bb0&#8243; align_mobile=\u00bbalign_center_mobile\u00bb mobile_width=\u00bb0&#8243; width=\u00bb1\/6&#8243;][vc_button button_color=\u00bbcolor-293417&#8243; size=\u00bbbtn-link\u00bb outline=\u00bbyes\u00bb text_skin=\u00bbyes\u00bb border_width=\u00bb0&#8243; icon_position=\u00bbright\u00bb icon=\u00bbfa fa-download3&#8243; el_class=\u00bbdownload-btn\u00bb link=\u00bburl:https%3A%2F%2Fwww.moltexbaby.com%2Fwp-content%2Fuploads%2F2020%2F07%2Farchivo-1553517604.pdf|||\u00bb]DESCARGAR[\/vc_button][\/vc_column][\/vc_row][vc_row row_height_percent=\u00bb0&#8243; override_padding=\u00bbyes\u00bb h_padding=\u00bb2&#8243; top_padding=\u00bb1&#8243; bottom_padding=\u00bb2&#8243; overlay_alpha=\u00bb50&#8243; gutter_size=\u00bb3&#8243; column_width_percent=\u00bb100&#8243; shift_y=\u00bb0&#8243; z_index=\u00bb0&#8243;][vc_column column_width_use_pixel=\u00bbyes\u00bb align_horizontal=\u00bbalign_center\u00bb gutter_size=\u00bb2&#8243; overlay_alpha=\u00bb50&#8243; shift_x=\u00bb0&#8243; shift_y=\u00bb0&#8243; shift_y_down=\u00bb0&#8243; z_index=\u00bb0&#8243; medium_width=\u00bb0&#8243; mobile_width=\u00bb3&#8243; width=\u00bb1\/6&#8243; column_width_pixel=\u00bb730&#8243;][vc_single_image media=\u00bb2479&#8243; media_width_percent=\u00bb100&#8243; alignment=\u00bbcenter\u00bb shape=\u00bbimg-round\u00bb radius=\u00bblg\u00bb][\/vc_column][vc_column column_width_percent=\u00bb100&#8243; gutter_size=\u00bb3&#8243; overlay_alpha=\u00bb50&#8243; shift_x=\u00bb0&#8243; shift_y=\u00bb0&#8243; shift_y_down=\u00bb0&#8243; z_index=\u00bb0&#8243; medium_width=\u00bb0&#8243; mobile_width=\u00bb5&#8243; width=\u00bb4\/6&#8243;][vc_custom_heading heading_semantic=\u00bbh3&#8243; text_size=\u00bbh4&#8243; sub_reduced=\u00bbyes\u00bb subheading=\u00bbEl control de esf\u00ednteres es uno de los hitos m\u00e1s importantes en el desarrollo de un ni\u00f1o ya que implica dejar de usar pa\u00f1al y aprender a usar el v\u00e1ter. Es tambi\u00e9n un momento importante para los padres que puede resultar complicado, pero es mucho m\u00e1s f\u00e1cil si el ni\u00f1o ya est\u00e1 preparado.\u00bb]\u00bfC\u00f3mo dejar el pa\u00f1al?[\/vc_custom_heading][\/vc_column][vc_column column_width_percent=\u00bb100&#8243; position_vertical=\u00bbmiddle\u00bb gutter_size=\u00bb3&#8243; overlay_alpha=\u00bb50&#8243; shift_x=\u00bb0&#8243; shift_y=\u00bb0&#8243; shift_y_down=\u00bb0&#8243; z_index=\u00bb0&#8243; medium_width=\u00bb0&#8243; align_mobile=\u00bbalign_center_mobile\u00bb mobile_width=\u00bb0&#8243; width=\u00bb1\/6&#8243;][vc_button button_color=\u00bbcolor-293417&#8243; size=\u00bbbtn-link\u00bb outline=\u00bbyes\u00bb text_skin=\u00bbyes\u00bb border_width=\u00bb0&#8243; icon_position=\u00bbright\u00bb icon=\u00bbfa fa-download3&#8243; el_class=\u00bbdownload-btn\u00bb link=\u00bburl:https%3A%2F%2Fwww.moltexbaby.com%2Fwp-content%2Fuploads%2F2020%2F07%2Farchivo-1553517178.pdf|||\u00bb]DESCARGAR[\/vc_button][\/vc_column][\/vc_row][vc_row row_height_percent=\u00bb0&#8243; override_padding=\u00bbyes\u00bb h_padding=\u00bb2&#8243; top_padding=\u00bb1&#8243; bottom_padding=\u00bb2&#8243; overlay_alpha=\u00bb50&#8243; gutter_size=\u00bb3&#8243; column_width_percent=\u00bb100&#8243; shift_y=\u00bb0&#8243; z_index=\u00bb0&#8243;][vc_column column_width_use_pixel=\u00bbyes\u00bb align_horizontal=\u00bbalign_center\u00bb gutter_size=\u00bb2&#8243; overlay_alpha=\u00bb50&#8243; shift_x=\u00bb0&#8243; shift_y=\u00bb0&#8243; shift_y_down=\u00bb0&#8243; z_index=\u00bb0&#8243; medium_width=\u00bb0&#8243; mobile_width=\u00bb3&#8243; width=\u00bb1\/6&#8243; column_width_pixel=\u00bb730&#8243;][vc_single_image media=\u00bb2415&#8243; media_width_percent=\u00bb100&#8243; alignment=\u00bbcenter\u00bb][\/vc_column][vc_column column_width_percent=\u00bb100&#8243; gutter_size=\u00bb3&#8243; overlay_alpha=\u00bb50&#8243; shift_x=\u00bb0&#8243; shift_y=\u00bb0&#8243; shift_y_down=\u00bb0&#8243; z_index=\u00bb0&#8243; medium_width=\u00bb0&#8243; mobile_width=\u00bb5&#8243; width=\u00bb4\/6&#8243;][vc_custom_heading heading_semantic=\u00bbh3&#8243; text_size=\u00bbh4&#8243; sub_reduced=\u00bbyes\u00bb subheading=\u00bbLos h\u00e1bitos de higiene no solo nos ayudan a evitar algunas enfermedades, sino que tambi\u00e9n favorecen la aceptaci\u00f3n social. Por eso, es fundamental ense\u00f1ar a nuestros hijos cu\u00e1les son los principales h\u00e1bitos de higiene que se deben seguir y c\u00f3mo se llevan a cabo para que puedan acerlo ellos solos.\u00bb]C\u00f3mo ense\u00f1ar h\u00e1bitos de higiene[\/vc_custom_heading][\/vc_column][vc_column column_width_percent=\u00bb100&#8243; position_vertical=\u00bbmiddle\u00bb gutter_size=\u00bb3&#8243; overlay_alpha=\u00bb50&#8243; shift_x=\u00bb0&#8243; shift_y=\u00bb0&#8243; shift_y_down=\u00bb0&#8243; z_index=\u00bb0&#8243; medium_width=\u00bb0&#8243; align_mobile=\u00bbalign_center_mobile\u00bb mobile_width=\u00bb0&#8243; width=\u00bb1\/6&#8243;][vc_button button_color=\u00bbcolor-293417&#8243; size=\u00bbbtn-link\u00bb outline=\u00bbyes\u00bb text_skin=\u00bbyes\u00bb border_width=\u00bb0&#8243; icon_position=\u00bbright\u00bb icon=\u00bbfa fa-download3&#8243; el_class=\u00bbdownload-btn\u00bb link=\u00bburl:https%3A%2F%2Fwww.moltexbaby.com%2Fwp-content%2Fuploads%2F2020%2F07%2Farchivo-1553515932.pdf|||\u00bb]DESCARGAR[\/vc_button][\/vc_column][\/vc_row][vc_row row_height_percent=\u00bb0&#8243; override_padding=\u00bbyes\u00bb h_padding=\u00bb2&#8243; top_padding=\u00bb1&#8243; bottom_padding=\u00bb2&#8243; overlay_alpha=\u00bb50&#8243; gutter_size=\u00bb3&#8243; column_width_percent=\u00bb100&#8243; shift_y=\u00bb0&#8243; z_index=\u00bb0&#8243;][vc_column column_width_use_pixel=\u00bbyes\u00bb align_horizontal=\u00bbalign_center\u00bb gutter_size=\u00bb2&#8243; overlay_alpha=\u00bb50&#8243; shift_x=\u00bb0&#8243; shift_y=\u00bb0&#8243; shift_y_down=\u00bb0&#8243; z_index=\u00bb0&#8243; medium_width=\u00bb0&#8243; mobile_width=\u00bb3&#8243; width=\u00bb1\/6&#8243; column_width_pixel=\u00bb730&#8243;][vc_single_image media=\u00bb12333&#8243; media_width_percent=\u00bb100&#8243; alignment=\u00bbcenter\u00bb][\/vc_column][vc_column column_width_percent=\u00bb100&#8243; gutter_size=\u00bb3&#8243; overlay_alpha=\u00bb50&#8243; shift_x=\u00bb0&#8243; shift_y=\u00bb0&#8243; shift_y_down=\u00bb0&#8243; z_index=\u00bb0&#8243; medium_width=\u00bb0&#8243; mobile_width=\u00bb5&#8243; width=\u00bb4\/6&#8243;][vc_custom_heading heading_semantic=\u00bbh3&#8243; text_size=\u00bbh4&#8243; sub_reduced=\u00bbyes\u00bb subheading=\u00bbLa crianza ecol\u00f3gica es aquella que busca potenciar los productos ecol\u00f3gicos y respetuosos con el medio ambiente en el cuidado de los ni\u00f1os, adem\u00e1s de educar y concienciar el ni\u00f1o desde beb\u00e9 en respetar y cuidar la naturaleza, evitando la contaminaci\u00f3n, el derroche, los qu\u00edmicos, los pl\u00e1sticos, etc.\u00bb]Crianza ecol\u00f3gica[\/vc_custom_heading][\/vc_column][vc_column column_width_percent=\u00bb100&#8243; position_vertical=\u00bbmiddle\u00bb gutter_size=\u00bb3&#8243; overlay_alpha=\u00bb50&#8243; shift_x=\u00bb0&#8243; shift_y=\u00bb0&#8243; shift_y_down=\u00bb0&#8243; z_index=\u00bb0&#8243; medium_width=\u00bb0&#8243; align_mobile=\u00bbalign_center_mobile\u00bb mobile_width=\u00bb0&#8243; width=\u00bb1\/6&#8243;][vc_button button_color=\u00bbcolor-293417&#8243; size=\u00bbbtn-link\u00bb outline=\u00bbyes\u00bb text_skin=\u00bbyes\u00bb border_width=\u00bb0&#8243; icon_position=\u00bbright\u00bb icon=\u00bbfa fa-download3&#8243; el_class=\u00bbdownload-btn\u00bb link=\u00bburl:https%3A%2F%2Fwww.moltexbaby.com%2Fwp-content%2Fuploads%2F2020%2F11%2Fcrianza-eco.pdf\u00bb]DESCARGAR[\/vc_button][\/vc_column][\/vc_row]<\/p>\n<\/div>","protected":false},"excerpt":{"rendered":"<p>[vc_row row_height_percent=\u00bb0&#8243; override_padding=\u00bbyes\u00bb h_padding=\u00bb2&#8243; top_padding=\u00bb1&#8243; bottom_padding=\u00bb2&#8243; overlay_alpha=\u00bb50&#8243; gutter_size=\u00bb3&#8243; column_width_percent=\u00bb100&#8243; shift_y=\u00bb0&#8243; z_index=\u00bb0&#8243;][vc_column column_width_use_pixel=\u00bbyes\u00bb align_horizontal=\u00bbalign_center\u00bb gutter_size=\u00bb2&#8243; overlay_alpha=\u00bb50&#8243; shift_x=\u00bb0&#8243; shift_y=\u00bb0&#8243; shift_y_down=\u00bb0&#8243; z_index=\u00bb0&#8243; medium_width=\u00bb0&#8243; [&hellip;]<\/p>\n","protected":false},"author":6,"featured_media":0,"parent":2032,"menu_order":20,"comment_status":"closed","ping_status":"closed","template":"","meta":{"_acf_changed":false,"footnotes":""},"height":[],"weight":[],"class_list":["post-2413","page","type-page","status-publish","hentry"],"acf":[],"_links":{"self":[{"href":"https:\/\/www.moltexbaby.com\/es\/wp-json\/wp\/v2\/pages\/2413","targetHints":{"allow":["GET"]}}],"collection":[{"href":"https:\/\/www.moltexbaby.com\/es\/wp-json\/wp\/v2\/pages"}],"about":[{"href":"https:\/\/www.moltexbaby.com\/es\/wp-json\/wp\/v2\/types\/page"}],"author":[{"embeddable":true,"href":"https:\/\/www.moltexbaby.com\/es\/wp-json\/wp\/v2\/users\/6"}],"replies":[{"embeddable":true,"href":"https:\/\/www.moltexbaby.com\/es\/wp-json\/wp\/v2\/comments?post=2413"}],"version-history":[{"count":0,"href":"https:\/\/www.moltexbaby.com\/es\/wp-json\/wp\/v2\/pages\/2413\/revisions"}],"up":[{"embeddable":true,"href":"https:\/\/www.moltexbaby.com\/es\/wp-json\/wp\/v2\/pages\/2032"}],"wp:attachment":[{"href":"https:\/\/www.moltexbaby.com\/es\/wp-json\/wp\/v2\/media?parent=2413"}],"wp:term":[{"taxonomy":"height","embeddable":true,"href":"https:\/\/www.moltexbaby.com\/es\/wp-json\/wp\/v2\/height?post=2413"},{"taxonomy":"weight","embeddable":true,"href":"https:\/\/www.moltexbaby.com\/es\/wp-json\/wp\/v2\/weight?post=2413"}],"curies":[{"name":"wp","href":"https:\/\/api.w.org\/{rel}","templated":true}]}}