{"id":2623,"date":"2020-07-07T14:47:23","date_gmt":"2020-07-07T14:47:23","guid":{"rendered":"https:\/\/www.moltexbaby.com\/?page_id=2623"},"modified":"2025-07-08T14:42:32","modified_gmt":"2025-07-08T14:42:32","slug":"sostenibilidad","status":"publish","type":"page","link":"https:\/\/www.moltexbaby.com\/es\/sostenibilidad\/","title":{"rendered":"Sostenibilidad"},"content":{"rendered":"<div class=\"wpb-content-wrapper\"><p>[vc_row row_height_percent=\u00bb0&#8243; override_padding=\u00bbyes\u00bb h_padding=\u00bb2&#8243; top_padding=\u00bb1&#8243; bottom_padding=\u00bb2&#8243; overlay_alpha=\u00bb50&#8243; gutter_size=\u00bb3&#8243; column_width_percent=\u00bb100&#8243; shift_y=\u00bb0&#8243; z_index=\u00bb0&#8243;][vc_column column_width_use_pixel=\u00bbyes\u00bb align_horizontal=\u00bbalign_center\u00bb gutter_size=\u00bb2&#8243; overlay_alpha=\u00bb50&#8243; shift_x=\u00bb0&#8243; shift_y=\u00bb0&#8243; shift_y_down=\u00bb0&#8243; z_index=\u00bb0&#8243; medium_width=\u00bb0&#8243; mobile_width=\u00bb0&#8243; width=\u00bb1\/1&#8243; column_width_pixel=\u00bb840&#8243;][vc_custom_heading]Sostenibilidad[\/vc_custom_heading][vc_custom_heading text_color=\u00bbcolor-wvjs\u00bb heading_semantic=\u00bbp\u00bb text_size=\u00bbh4&#8243; text_weight=\u00bb400&#8243; uncode_shortcode_id=\u00bb104774&#8243; text_color_type=\u00bbuncode-palette\u00bb]Moltex tiene un larga tradici\u00f3n de ofrecer productos de confianza para el cuidado de la piel, seguros para su piel y respetuosos con el medio ambiente[\/vc_custom_heading][vc_custom_heading text_color=\u00bbcolor-wvjs\u00bb heading_semantic=\u00bbp\u00bb text_size=\u00bbh4&#8243; text_weight=\u00bb400&#8243;]En Espa\u00f1a, ofrecemos nuestra gama <strong>Moltex Premium Comfort<\/strong>, que posee el sello <strong>PEFC \u2122<\/strong>, que certifica que la celulosa utilizada en nuestros pa\u00f1ales proviene de bosques gestionados de forma sostenible y fuentes controladas.[\/vc_custom_heading][vc_custom_heading text_color=\u00bbcolor-wvjs\u00bb heading_semantic=\u00bbp\u00bb text_size=\u00bbh4&#8243; text_weight=\u00bb400&#8243; uncode_shortcode_id=\u00bb129800&#8243; text_color_type=\u00bbuncode-palette\u00bb]Aprovechando las \u00faltimas tecnolog\u00edas disponibles de producci\u00f3n y control de calidad, los pa\u00f1ales <strong>Moltex Pure &amp; Nature<\/strong> se fabrican en Espa\u00f1a y la Rep\u00fablica Checa, utilizando electricidad 100% verde. Ambas plantas cuentan con los certificados ISO14001 y 50001, que acreditan una s\u00f3lida gesti\u00f3n medioambiental y energ\u00e9tica.[\/vc_custom_heading][vc_custom_heading text_color=\u00bbcolor-wvjs\u00bb heading_semantic=\u00bbp\u00bb text_size=\u00bbh4&#8243; text_weight=\u00bb400&#8243;]Solo as\u00ed podemos garantizar a las pr\u00f3ximas generaciones, los peque\u00f1os h\u00e9roes del pa\u00f1al de hoy y de ma\u00f1ana, un futuro ecol\u00f3gico. Descubre las diferencias en la producci\u00f3n de nuestro pa\u00f1al ecol\u00f3gico.[\/vc_custom_heading][vc_empty_space empty_h=\u00bb0&#8243;][vc_empty_space empty_h=\u00bb2&#8243;][\/vc_column][\/vc_row][vc_row row_height_percent=\u00bb0&#8243; override_padding=\u00bbyes\u00bb h_padding=\u00bb2&#8243; top_padding=\u00bb2&#8243; bottom_padding=\u00bb2&#8243; back_image=\u00bb871&#8243; overlay_alpha=\u00bb20&#8243; gutter_size=\u00bb3&#8243; column_width_percent=\u00bb100&#8243; shift_y=\u00bb0&#8243; z_index=\u00bb0&#8243; back_size=\u00bb1280px\u00bb row_height_pixel=\u00bb420&#8243;][vc_column column_width_percent=\u00bb100&#8243; position_vertical=\u00bbmiddle\u00bb gutter_size=\u00bb3&#8243; override_padding=\u00bbyes\u00bb column_padding=\u00bb3&#8243; style=\u00bblight\u00bb overlay_alpha=\u00bb0&#8243; radius=\u00bblg\u00bb shift_x=\u00bb0&#8243; shift_y=\u00bb0&#8243; shift_y_down=\u00bb0&#8243; z_index=\u00bb0&#8243; medium_width=\u00bb0&#8243; mobile_width=\u00bb0&#8243; width=\u00bb1\/1&#8243;][vc_custom_heading text_font=\u00bbfont-182225&#8243;]\u201cLa soluci\u00f3n m\u00e1s segura<br \/>\npara tu beb\u00e9 y el planeta\u201d[\/vc_custom_heading][vc_single_image media=\u00bb7514&#8243; media_width_use_pixel=\u00bbyes\u00bb media_width_pixel=\u00bb120&#8243;][\/vc_column][\/vc_row][vc_row row_height_percent=\u00bb0&#8243; override_padding=\u00bbyes\u00bb h_padding=\u00bb2&#8243; top_padding=\u00bb2&#8243; bottom_padding=\u00bb3&#8243; overlay_alpha=\u00bb50&#8243; gutter_size=\u00bb3&#8243; column_width_percent=\u00bb100&#8243; shift_y=\u00bb0&#8243; z_index=\u00bb0&#8243;][vc_column width=\u00bb1\/6&#8243;][\/vc_column][vc_column width=\u00bb4\/6&#8243;][vc_column_text uncode_shortcode_id=\u00bb447706&#8243;]Con respecto a la acci\u00f3n clim\u00e1tica (SDG13), el enfoque de Ontex est\u00e1 en la eficiencia energ\u00e9tica, las energ\u00edas renovables y el apoyo a la resiliencia clim\u00e1tica para que sus operaciones puedan volverse neutras en carbono para 2.030.<\/p>\n<p>M\u00e1s all\u00e1 de comprar electricidad 100% verde, las plantas compensan sus inevitables emisiones de CO2 apoyando proyectos clim\u00e1ticos con el objetivo de instalar TURBINAS E\u00d3LICAS en India que producir\u00e1n 54.000 MWh de electricidad por a\u00f1o para suministrar electricidad renovable a 50.000 hogares.[\/vc_column_text][vc_custom_heading heading_semantic=\u00bbh3&#8243; text_size=\u00bbh3&#8243; subheading=\u00bbHacemos hincapi\u00e9 en la importancia de garantizar que nuestras materias primas procedan de fuentes \u00e9ticas, socialmente aceptables y responsables. Utilizamos un enfoque de auditor\u00eda social basado en el riesgo para garantizar el cumplimiento social en nuestra cadena de suministro.\u00bb]<span class=\"TextRun Highlight BCX0 SCXW205121322\" lang=\"ES\" xml:lang=\"ES\" data-contrast=\"auto\"><span class=\"NormalTextRun BCX0 SCXW205121322\">Abastecimiento \u00e9tico<\/span><\/span>[\/vc_custom_heading][vc_custom_heading heading_semantic=\u00bbh3&#8243; text_size=\u00bbh3&#8243; subheading=\u00bbA trav\u00e9s de un proceso basado en los principios de conciencia y responsabilidad ambiental. La necesidad de una producci\u00f3n continua y un seguimiento de los productos plantea un desaf\u00edo en este contexto. Esto implica evaluar las consecuencias ambientales y sociales, y adaptarlas continuamente a los est\u00e1ndares m\u00e1s recientes (ISO14001, ISO50001).\u00bb uncode_shortcode_id=\u00bb231221&#8243;]\u00bfC\u00f3mo controlamos la calidad?[\/vc_custom_heading][vc_custom_heading heading_semantic=\u00bbh3&#8243; text_size=\u00bbh3&#8243; subheading=\u00bbNuestros pa\u00f1ales y pants Moltex se fabrican en plantas de produci\u00f3n Europeas que utilizan exclusivamente electricidad verde.<br \/>\nEstas plantas cuentan con las certificaciones ISO14001 e ISO50001.<br \/>\nISO 14001 es una norma internacional que establece los requisitos de un sistema de gesti\u00f3n medioambiental. Con este sistema medioambiental podemos identificar y controlar el impacto ambiental de nuestras actividades, productos y servicios y mejorar continuamente nuestro comportamiento medioambiental.<br \/>\nLa norma ISO 50001 proporciona un marco de requisitos que nos permite desarrollar una pol\u00edtica de uso m\u00e1s eficiente de la energ\u00eda y mejorar continuamente nuestra gesti\u00f3n energ\u00e9tica.\u00bb uncode_shortcode_id=\u00bb758745&#8243; text_color_type=\u00bbuncode-palette\u00bb text_color_solid=\u00bb#ff0000&#8243;]Gesti\u00f3n medioambiental y energ\u00e9tica[\/vc_custom_heading][vc_custom_heading heading_semantic=\u00bbh3&#8243; text_size=\u00bbh3&#8243; subheading=\u00bbNuestros empleados son, por supuesto, el alma y la fuerza motriz de la empresa. Contamos con un enfoque sistem\u00e1tico y orientado a la pr\u00e1ctica para el desarrollo del personal, as\u00ed como medidas de capacitaci\u00f3n y formaci\u00f3n continua. Hacemos hincapi\u00e9 en la importancia de promover mejoras progresivas para la conciliaci\u00f3n de la vida profesional y personal a trav\u00e9s de medidas eficaces. Para nosotros tambi\u00e9n es importante difundir entre el personal los valores sostenibles y, naturalmente, nos esforzamos por dar un buen ejemplo. Se trata de un proceso que solamente se puede llevar a cabo de forma conjunta y paso a paso. Adem\u00e1s, realizamos auditor\u00edas sociales de terceros (BSCI) en nuestras plantas para garantizar condiciones de trabajo justas.\u00bb]Nuestra alma y fuerza motriz: los empleados[\/vc_custom_heading][vc_custom_heading heading_semantic=\u00bbh3&#8243; text_size=\u00bbh3&#8243; subheading=\u00bbMoltex Pure &amp; Nature: galardonado con el sello de calidad GREEN BRANDS por tercera vez consecutiva. Las GREEN BRANDS son aquellas marcas que contribuyen de forma significativa a la protecci\u00f3n de la naturaleza y el medio ambiente. Sus productos se fabrican de forma segura desde el punto de vista medioambiental y apoyan de forma constante y responsable la conservaci\u00f3n de los h\u00e1bitats y recursos naturales, la conservaci\u00f3n de la naturaleza y una calidad de vida sostenible. El sello ofrece a los consumidores un est\u00e1ndar fiable y les ayuda a orientarse a la hora de seleccionar los productos.\u00bb]<span class=\"TextRun Highlight SCXW27891992 BCX0\" lang=\"ES\" xml:lang=\"ES\" data-contrast=\"auto\"><span class=\"NormalTextRun SCXW27891992 BCX0\">Reconocimiento para\u00a0<\/span><\/span><span class=\"TextRun Highlight SCXW27891992 BCX0\" lang=\"ES\" xml:lang=\"ES\" data-contrast=\"auto\"><span class=\"NormalTextRun SpellingErrorV2 SpellingErrorHighlight SCXW27891992 BCX0\">Moltex<\/span><\/span><span class=\"TextRun SCXW27891992 BCX0\" lang=\"ES\" xml:lang=\"ES\" data-contrast=\"auto\"><span class=\"NormalTextRun SCXW27891992 BCX0\">\u00a0<\/span><\/span>[\/vc_custom_heading][\/vc_column][vc_column width=\u00bb1\/6&#8243;][\/vc_column][\/vc_row][vc_row][vc_column width=\u00bb1\/1&#8243;][uncode_block id=\u00bb1870&#8243;][\/vc_column][\/vc_row][vc_row row_height_percent=\u00bb0&#8243; override_padding=\u00bbyes\u00bb h_padding=\u00bb2&#8243; top_padding=\u00bb3&#8243; bottom_padding=\u00bb2&#8243; overlay_alpha=\u00bb50&#8243; gutter_size=\u00bb3&#8243; column_width_percent=\u00bb100&#8243; shift_y=\u00bb0&#8243; z_index=\u00bb0&#8243;][vc_column width=\u00bb1\/6&#8243;][\/vc_column][vc_column width=\u00bb4\/6&#8243;][vc_custom_heading heading_semantic=\u00bbh3&#8243; text_size=\u00bbh3&#8243;]AllergyCertified[\/vc_custom_heading][vc_column_text]AllergyCertified es la etiqueta internacional que garantiza un riesgo m\u00ednimo de alergias cut\u00e1neas. Un toxic\u00f3logo del instituto independiente AllergyCertified realiz\u00f3 una evaluaci\u00f3n exhaustiva de riesgos con todos los ingredientes presentes en el producto. Las sustancias qu\u00edmicas no permitidas son sustancias alerg\u00e9nicas, cancer\u00edgenas o sustancias que alteran el sistema reproductivo (disruptores endocrinos).<\/p>\n<p>M\u00e1s informaci\u00f3n en: <a href=\"https:\/\/allergycertified.com\/\">http:\/\/allergycertified.com\/<\/a>[\/vc_column_text][vc_custom_heading heading_semantic=\u00bbh3&#8243; text_size=\u00bbh3&#8243; uncode_shortcode_id=\u00bb625046&#8243;]SELLO DE CALIDAD DERMATEST\u00ae[\/vc_custom_heading][vc_column_text uncode_shortcode_id=\u00bb148590&#8243;]Los productos premiados con \u00e9ste sello de calidad han sido cl\u00ednicamente probados por el instituto independiente DERMATEST\u00ae, que ofrece la m\u00e1xima garant\u00eda de que nuestros productos no causar\u00e1n irritaciones o alergias cut\u00e1neas a corto o largo plazo.<\/p>\n<p>\u2013 Per\u00edodo de prueba de al menos cuatro semanas<\/p>\n<p>\u2013 Aplicaci\u00f3n en determinadas \u00e1reas de la piel<\/p>\n<p>\u2013 Medici\u00f3n de los par\u00e1metros fisiol\u00f3gicos de la piel<\/p>\n<p>\u2013 Prueba final de parche para descartar cualquier alergia que pudiera haberse desarrollado durante el per\u00edodo de prueba<\/p>\n<p>Para m\u00e1s informaci\u00f3n: <a href=\"https:\/\/dermatest.com\/\">https:\/\/dermatest.com<\/a>[\/vc_column_text][vc_custom_heading heading_semantic=\u00bbh3&#8243; text_size=\u00bbh3&#8243; uncode_shortcode_id=\u00bb582071&#8243;]OEKO-TEX\u00ae STANDARD 100[\/vc_custom_heading][vc_column_text uncode_shortcode_id=\u00bb529704&#8243;]La certificaci\u00f3n OEKO-TEX\u00ae STANDARD 100 es una de las etiquetas internacionales m\u00e1s reconocidas en productos que han sido probados contra sustancias nocivas.<\/p>\n<p>En las pruebas se tienen en cuenta numerosas sustancias reguladas y no reguladas que podr\u00edan ser perjudiciales para la salud humana. En muchos casos, los valores l\u00edmite del STANDARD 100 son a\u00fan m\u00e1s estrictos que los requisitos nacionales e internacionales.<\/p>\n<p>Los beb\u00e9s necesitan una protecci\u00f3n especial. Por ello, los art\u00edculos para beb\u00e9s \u00abProduct class I\u00bb de OEKO-TEX\u00ae siguen los m\u00e1s estrictos criterios, en l\u00ednea con la piel sensible de los beb\u00e9s. Adem\u00e1s, nuestros productos han sido probados y certificados de acuerdo con los requisitos ampliados del \u00abAnexo 6\u00bb, a\u00fan m\u00e1s estricto en comparaci\u00f3n con los requisitos del \u00abAnexo 4\u00bb.<\/p>\n<p>Para m\u00e1s informaci\u00f3n: <a href=\"https:\/\/www.oeko-tex.com\/en\/our-standards\/standard-100-by-oeko-tex\">www.oeko-tex.com\/stardard100<\/a>[\/vc_column_text][vc_custom_heading heading_semantic=\u00bbh3&#8243; text_size=\u00bbh3&#8243;]Cotton enhanced\u2122[\/vc_custom_heading][vc_column_text]La cubierta externa de los pa\u00f1ales Moltex est\u00e1 fabricada con algod\u00f3n de la m\u00e1s alta calidad.<\/p>\n<p>La marca registrada Sello de algod\u00f3n facilita a los consumidores identificar los productos que contienen algod\u00f3n. El Sello de algod\u00f3n y Cotton enhanced\u2122 (algod\u00f3n mejorado) son marcas propiedad de Cotton Incorporated, organizaci\u00f3n sin \u00e1nimo de lucro, desde 1973.<\/p>\n<p>Para m\u00e1s informaci\u00f3n: <a href=\"http:\/\/www.cottoninc.com\">www.cottoninc.com<\/a>[\/vc_column_text][vc_custom_heading heading_semantic=\u00bbh3&#8243; text_size=\u00bbh3&#8243; subheading=\u00bbLa capa exterior de nuestros pa\u00f1ales est\u00e1 hecha de algod\u00f3n org\u00e1nico producido y certificado seg\u00fan est\u00e1ndares agr\u00edcolas org\u00e1nicos que no permiten el uso de productos qu\u00edmicos t\u00f3xicos ni GMOs (organismo gen\u00e9ticamente modificado). Esto ayuda a mantener la salud de los suelos, los ecosistemas y las personas.\u00bb uncode_shortcode_id=\u00bb186943&#8243;]Algod\u00f3n org\u00e1nico en la cubierta externa[\/vc_custom_heading][vc_custom_heading heading_semantic=\u00bbh3&#8243; text_size=\u00bbh3&#8243; subheading=\u00bbEl velo interior suave que toca la piel de tu beb\u00e9 est\u00e1 fabricado con materiales 100% de origen natural.\u00bb uncode_shortcode_id=\u00bb847837&#8243;]Velo interior 100% origen natural[\/vc_custom_heading][vc_custom_heading heading_semantic=\u00bbh3&#8243; text_size=\u00bbh3&#8243;]Etiqueta ecol\u00f3gica de la UE[\/vc_custom_heading][vc_column_text]Los pa\u00f1ales premiados con la etiqueta ecol\u00f3gica oficial de la UE garantizan altos est\u00e1ndares medioambientales durante todo su ciclo de vida: desde la extracci\u00f3n de la materia prima hasta su fabricaci\u00f3n, distribuci\u00f3n y eliminaci\u00f3n. El producto tambi\u00e9n debe cumplir estrictos criterios de calidad y resultado que ayuden a los consumidores a hacer una elecci\u00f3n consciente sin compromiso.<\/p>\n<p>M\u00e1s informaci\u00f3n en: <a href=\"https:\/\/ec.europa.eu\/environment\/ecolabel\/\">https:\/\/ec.europa.eu\/environment\/ecolabel\/<\/a>[\/vc_column_text][vc_custom_heading heading_semantic=\u00bbh3&#8243; text_size=\u00bbh3&#8243;]FSC\u00ae[\/vc_custom_heading][vc_column_text]Al elegir pa\u00f1ales que contienen pulpa de celulosa con la etiqueta FSC\u00ae, est\u00e1 ayudando a cuidar los bosques del mundo y a luchar contra la deforestaci\u00f3n. El Consejo de Administraci\u00f3n Forestal (FSC\u00ae) se esfuerza por lograr una gesti\u00f3n forestal responsable en todo el mundo, de acuerdo con estrictos criterios sociales, ecol\u00f3gicos y econ\u00f3micos.<\/p>\n<p>Sitio web: <a href=\"https:\/\/fsc.org\/en\">https:\/\/fsc.org\/en<\/a>[\/vc_column_text][vc_custom_heading heading_semantic=\u00bbh3&#8243; text_size=\u00bbh3&#8243; uncode_shortcode_id=\u00bb796194&#8243;]Bolsas 100% de material reciclado[\/vc_custom_heading][vc_column_text uncode_shortcode_id=\u00bb921381&#8243;]Respeto por la naturaleza \u2013 Bolsas elaboradas de material 100% reciclado.[\/vc_column_text][\/vc_column][vc_column width=\u00bb1\/6&#8243;][\/vc_column][\/vc_row]<\/p>\n<\/div>","protected":false},"excerpt":{"rendered":"<p>[vc_row row_height_percent=\u00bb0&#8243; override_padding=\u00bbyes\u00bb h_padding=\u00bb2&#8243; top_padding=\u00bb1&#8243; bottom_padding=\u00bb2&#8243; overlay_alpha=\u00bb50&#8243; gutter_size=\u00bb3&#8243; column_width_percent=\u00bb100&#8243; shift_y=\u00bb0&#8243; z_index=\u00bb0&#8243;][vc_column column_width_use_pixel=\u00bbyes\u00bb align_horizontal=\u00bbalign_center\u00bb gutter_size=\u00bb2&#8243; overlay_alpha=\u00bb50&#8243; shift_x=\u00bb0&#8243; shift_y=\u00bb0&#8243; shift_y_down=\u00bb0&#8243; z_index=\u00bb0&#8243; medium_width=\u00bb0&#8243; [&hellip;]<\/p>\n","protected":false},"author":6,"featured_media":0,"parent":0,"menu_order":197,"comment_status":"closed","ping_status":"closed","template":"","meta":{"_acf_changed":false,"footnotes":""},"height":[],"weight":[],"class_list":["post-2623","page","type-page","status-publish","hentry"],"acf":[],"_links":{"self":[{"href":"https:\/\/www.moltexbaby.com\/es\/wp-json\/wp\/v2\/pages\/2623","targetHints":{"allow":["GET"]}}],"collection":[{"href":"https:\/\/www.moltexbaby.com\/es\/wp-json\/wp\/v2\/pages"}],"about":[{"href":"https:\/\/www.moltexbaby.com\/es\/wp-json\/wp\/v2\/types\/page"}],"author":[{"embeddable":true,"href":"https:\/\/www.moltexbaby.com\/es\/wp-json\/wp\/v2\/users\/6"}],"replies":[{"embeddable":true,"href":"https:\/\/www.moltexbaby.com\/es\/wp-json\/wp\/v2\/comments?post=2623"}],"version-history":[{"count":0,"href":"https:\/\/www.moltexbaby.com\/es\/wp-json\/wp\/v2\/pages\/2623\/revisions"}],"wp:attachment":[{"href":"https:\/\/www.moltexbaby.com\/es\/wp-json\/wp\/v2\/media?parent=2623"}],"wp:term":[{"taxonomy":"height","embeddable":true,"href":"https:\/\/www.moltexbaby.com\/es\/wp-json\/wp\/v2\/height?post=2623"},{"taxonomy":"weight","embeddable":true,"href":"https:\/\/www.moltexbaby.com\/es\/wp-json\/wp\/v2\/weight?post=2623"}],"curies":[{"name":"wp","href":"https:\/\/api.w.org\/{rel}","templated":true}]}}