{"id":2793,"date":"2020-07-08T11:04:52","date_gmt":"2020-07-08T11:04:52","guid":{"rendered":"https:\/\/www.moltexbaby.com\/?page_id=2793"},"modified":"2025-07-29T09:37:33","modified_gmt":"2025-07-29T09:37:33","slug":"productos-pure-nature","status":"publish","type":"page","link":"https:\/\/www.moltexbaby.com\/es\/productos-pure-nature\/","title":{"rendered":"Productos Pure &#038; Nature"},"content":{"rendered":"<div class=\"wpb-content-wrapper\"><p>[vc_row row_height_percent=\u00bb0&#8243; override_padding=\u00bbyes\u00bb h_padding=\u00bb2&#8243; top_padding=\u00bb1&#8243; bottom_padding=\u00bb1&#8243; overlay_alpha=\u00bb50&#8243; gutter_size=\u00bb2&#8243; column_width_percent=\u00bb100&#8243; shift_y=\u00bb0&#8243; z_index=\u00bb0&#8243;][vc_column column_width_use_pixel=\u00bbyes\u00bb align_horizontal=\u00bbalign_center\u00bb gutter_size=\u00bb2&#8243; overlay_alpha=\u00bb50&#8243; shift_x=\u00bb0&#8243; shift_y=\u00bb0&#8243; shift_y_down=\u00bb0&#8243; z_index=\u00bb0&#8243; medium_width=\u00bb0&#8243; mobile_width=\u00bb0&#8243; width=\u00bb1\/1&#8243; column_width_pixel=\u00bb820&#8243;][vc_single_image media=\u00bb2840&#8243; media_width_percent=\u00bb30&#8243; alignment=\u00bbcenter\u00bb][vc_custom_heading text_color=\u00bbcolor-wvjs\u00bb heading_semantic=\u00bbp\u00bb text_size=\u00bbh4&#8243; text_weight=\u00bb400&#8243;]La gama ecol\u00f3gica Moltex Pure &amp; Nature est\u00e1 fabricada con materiales seguros para tu beb\u00e9 y el planeta. Fiel al medio ambiente y la naturaleza del beb\u00e9. \u00a1No te pierdas nuestra \u00faltima innovaci\u00f3n en productos ecol\u00f3gicos![\/vc_custom_heading][vc_empty_space empty_h=\u00bb2&#8243;][\/vc_column][\/vc_row][vc_row row_height_percent=\u00bb0&#8243; override_padding=\u00bbyes\u00bb h_padding=\u00bb2&#8243; top_padding=\u00bb2&#8243; bottom_padding=\u00bb2&#8243; overlay_alpha=\u00bb50&#8243; gutter_size=\u00bb3&#8243; column_width_percent=\u00bb100&#8243; shift_y=\u00bb0&#8243; z_index=\u00bb0&#8243; row_name=\u00bbdiapers\u00bb][vc_column width=\u00bb1\/1&#8243;][vc_row_inner limit_content=\u00bb\u00bb][vc_column_inner column_width_percent=\u00bb100&#8243; position_vertical=\u00bbmiddle\u00bb gutter_size=\u00bb3&#8243; overlay_alpha=\u00bb50&#8243; shift_x=\u00bb0&#8243; shift_y=\u00bb0&#8243; shift_y_down=\u00bb0&#8243; z_index=\u00bb0&#8243; medium_width=\u00bb0&#8243; mobile_width=\u00bb0&#8243; width=\u00bb1\/4&#8243;][vc_icon position=\u00bbleft\u00bb icon_image=\u00bb3146&#8243; heading_semantic=\u00bbh2&#8243; text_weight=\u00bb400&#8243; title=\u00bbPa\u00f1ales\u00bb][\/vc_icon][\/vc_column_inner][vc_column_inner column_width_use_pixel=\u00bbyes\u00bb position_horizontal=\u00bbleft\u00bb position_vertical=\u00bbmiddle\u00bb gutter_size=\u00bb3&#8243; overlay_alpha=\u00bb50&#8243; shift_x=\u00bb0&#8243; shift_y=\u00bb0&#8243; shift_y_down=\u00bb0&#8243; z_index=\u00bb0&#8243; medium_width=\u00bb0&#8243; mobile_width=\u00bb0&#8243; width=\u00bb3\/4&#8243; column_width_pixel=\u00bb530&#8243;][vc_column_text uncode_shortcode_id=\u00bb579290&#8243;]Los pa\u00f1ales Moltex Pure &amp; Nature son producidos con electricidad 100% verde, materiales de origen natural y algod\u00f3n org\u00e1nico[\/vc_column_text][\/vc_column_inner][\/vc_row_inner][uncode_index el_id=\u00bbindex-156007newtag\u00bb index_type=\u00bbcarousel\u00bb loop=\u00bbsize:10|order_by:modified|order:ASC|post_type:page|tax_query:3001|taxonomy_count:10&#8243; carousel_lg=\u00bb4&#8243; carousel_md=\u00bb4&#8243; carousel_sm=\u00bb1&#8243; thumb_size=\u00bbone-one\u00bb gutter_size=\u00bb2&#8243; page_items=\u00bbmedia|featured|onpost|original,title,text|excerpt\u00bb carousel_interval=\u00bb0&#8243; carousel_navspeed=\u00bb400&#8243; carousel_nav=\u00bbyes\u00bb carousel_nav_mobile=\u00bbyes\u00bb carousel_dots_mobile=\u00bbyes\u00bb stage_padding=\u00bb0&#8243; single_overlay_opacity=\u00bb50&#8243; single_overlay_anim=\u00bbno\u00bb single_padding=\u00bb1&#8243; single_text_reduced=\u00bbyes\u00bb single_title_dimension=\u00bbh4&#8243; single_border=\u00bbyes\u00bb custom_order=\u00bbyes\u00bb no_double_tap=\u00bbyes\u00bb order_ids=\u00bb7091,5641,5666,5947,5953,5964&#8243; el_class=\u00bbcarousel-overflow-visible diapers\u00bb uncode_shortcode_id=\u00bb175333&#8243;][\/vc_column][\/vc_row][vc_row row_height_percent=\u00bb0&#8243; override_padding=\u00bbyes\u00bb h_padding=\u00bb2&#8243; top_padding=\u00bb2&#8243; bottom_padding=\u00bb1&#8243; overlay_alpha=\u00bb50&#8243; gutter_size=\u00bb3&#8243; column_width_percent=\u00bb100&#8243; shift_y=\u00bb0&#8243; z_index=\u00bb0&#8243;][vc_column width=\u00bb1\/1&#8243;][vc_empty_space empty_h=\u00bb2&#8243;][\/vc_column][\/vc_row][vc_row row_height_percent=\u00bb0&#8243; override_padding=\u00bbyes\u00bb h_padding=\u00bb2&#8243; top_padding=\u00bb2&#8243; bottom_padding=\u00bb2&#8243; overlay_alpha=\u00bb50&#8243; gutter_size=\u00bb3&#8243; column_width_percent=\u00bb100&#8243; shift_y=\u00bb0&#8243; z_index=\u00bb0&#8243; row_name=\u00bbdiapers\u00bb][vc_column width=\u00bb1\/1&#8243;][vc_row_inner limit_content=\u00bb\u00bb][vc_column_inner column_width_percent=\u00bb100&#8243; position_vertical=\u00bbmiddle\u00bb gutter_size=\u00bb3&#8243; overlay_alpha=\u00bb50&#8243; shift_x=\u00bb0&#8243; shift_y=\u00bb0&#8243; shift_y_down=\u00bb0&#8243; z_index=\u00bb0&#8243; medium_width=\u00bb0&#8243; mobile_width=\u00bb0&#8243; width=\u00bb1\/4&#8243;][vc_icon position=\u00bbleft\u00bb icon_image=\u00bb7070&#8243; heading_semantic=\u00bbh2&#8243; text_weight=\u00bb400&#8243; title=\u00bbPants\u00bb][\/vc_icon][\/vc_column_inner][vc_column_inner column_width_use_pixel=\u00bbyes\u00bb position_horizontal=\u00bbleft\u00bb position_vertical=\u00bbmiddle\u00bb gutter_size=\u00bb3&#8243; overlay_alpha=\u00bb50&#8243; shift_x=\u00bb0&#8243; shift_y=\u00bb0&#8243; shift_y_down=\u00bb0&#8243; z_index=\u00bb0&#8243; medium_width=\u00bb0&#8243; mobile_width=\u00bb0&#8243; width=\u00bb3\/4&#8243; column_width_pixel=\u00bb530&#8243;][vc_column_text uncode_shortcode_id=\u00bb149807&#8243;]F\u00e1ciles de poner y quitar, los pants Moltex Pure &amp; Nature est\u00e1n fabricados con materiales de origen natural y algod\u00f3n org\u00e1nico[\/vc_column_text][\/vc_column_inner][\/vc_row_inner][uncode_index el_id=\u00bbindex-156007pants\u00bb index_type=\u00bbcarousel\u00bb loop=\u00bbsize:10|order_by:modified|post_type:page|tax_query:3002|taxonomy_count:10&#8243; carousel_lg=\u00bb4&#8243; carousel_md=\u00bb4&#8243; carousel_sm=\u00bb1&#8243; gutter_size=\u00bb2&#8243; page_items=\u00bbmedia|featured|onpost|original,title,text|excerpt\u00bb carousel_interval=\u00bb0&#8243; carousel_navspeed=\u00bb400&#8243; carousel_nav_mobile=\u00bbyes\u00bb carousel_dots_mobile=\u00bbyes\u00bb stage_padding=\u00bb0&#8243; single_overlay_opacity=\u00bb50&#8243; single_overlay_anim=\u00bbno\u00bb single_padding=\u00bb1&#8243; single_text_reduced=\u00bbyes\u00bb single_title_dimension=\u00bbh4&#8243; single_border=\u00bbyes\u00bb custom_order=\u00bbyes\u00bb no_double_tap=\u00bbyes\u00bb order_ids=\u00bb5974,6175&#8243; el_class=\u00bbcarousel-overflow-visible underpads\u00bb uncode_shortcode_id=\u00bb106544&#8243;][\/vc_column][\/vc_row][vc_row row_height_percent=\u00bb0&#8243; override_padding=\u00bbyes\u00bb h_padding=\u00bb2&#8243; top_padding=\u00bb2&#8243; bottom_padding=\u00bb1&#8243; overlay_alpha=\u00bb50&#8243; gutter_size=\u00bb3&#8243; column_width_percent=\u00bb100&#8243; shift_y=\u00bb0&#8243; z_index=\u00bb0&#8243;][vc_column width=\u00bb1\/1&#8243;][vc_empty_space empty_h=\u00bb2&#8243;][\/vc_column][\/vc_row][vc_row row_height_percent=\u00bb0&#8243; override_padding=\u00bbyes\u00bb h_padding=\u00bb2&#8243; top_padding=\u00bb2&#8243; bottom_padding=\u00bb2&#8243; overlay_alpha=\u00bb50&#8243; gutter_size=\u00bb3&#8243; column_width_percent=\u00bb100&#8243; shift_y=\u00bb0&#8243; z_index=\u00bb0&#8243; row_name=\u00bbdiapers\u00bb][vc_column width=\u00bb1\/1&#8243;][vc_row_inner limit_content=\u00bb\u00bb][vc_column_inner column_width_percent=\u00bb100&#8243; position_vertical=\u00bbmiddle\u00bb gutter_size=\u00bb3&#8243; overlay_alpha=\u00bb50&#8243; shift_x=\u00bb0&#8243; shift_y=\u00bb0&#8243; shift_y_down=\u00bb0&#8243; z_index=\u00bb0&#8243; medium_width=\u00bb0&#8243; mobile_width=\u00bb0&#8243; width=\u00bb1\/4&#8243;][vc_icon position=\u00bbleft\u00bb icon_image=\u00bb11061&#8243; heading_semantic=\u00bbh2&#8243; text_weight=\u00bb400&#8243; title=\u00bbToallitas H\u00famedas\u00bb][\/vc_icon][\/vc_column_inner][vc_column_inner column_width_use_pixel=\u00bbyes\u00bb position_horizontal=\u00bbleft\u00bb position_vertical=\u00bbmiddle\u00bb gutter_size=\u00bb3&#8243; overlay_alpha=\u00bb50&#8243; shift_x=\u00bb0&#8243; shift_y=\u00bb0&#8243; shift_y_down=\u00bb0&#8243; z_index=\u00bb0&#8243; medium_width=\u00bb0&#8243; mobile_width=\u00bb0&#8243; width=\u00bb3\/4&#8243; column_width_pixel=\u00bb530&#8243;][vc_column_text uncode_shortcode_id=\u00bb186680&#8243;]Las toallitas h\u00famedas Moltex Pure &amp; Nature est\u00e1n dise\u00f1adas para limpiar y refrescar la piel de tu beb\u00e9 con total seguridad. Fabricadas con fibras 100% naturales.[\/vc_column_text][\/vc_column_inner][\/vc_row_inner][uncode_index el_id=\u00bbes-productos-wipes\u00bb index_type=\u00bbcarousel\u00bb loop=\u00bbsize:10|order_by:modified|post_type:page|tax_query:6356|taxonomy_count:10&#8243; carousel_lg=\u00bb4&#8243; carousel_md=\u00bb4&#8243; carousel_sm=\u00bb1&#8243; gutter_size=\u00bb2&#8243; page_items=\u00bbmedia|featured|onpost|original,title,text|excerpt\u00bb carousel_interval=\u00bb0&#8243; carousel_navspeed=\u00bb400&#8243; carousel_dots_mobile=\u00bbyes\u00bb stage_padding=\u00bb0&#8243; single_overlay_opacity=\u00bb50&#8243; single_overlay_anim=\u00bbno\u00bb single_padding=\u00bb1&#8243; single_text_reduced=\u00bbyes\u00bb single_title_dimension=\u00bbh4&#8243; single_border=\u00bbyes\u00bb custom_order=\u00bbyes\u00bb no_double_tap=\u00bbyes\u00bb order_ids=\u00bb5974,6175&#8243; el_class=\u00bbcarousel-overflow-visible wipes\u00bb uncode_shortcode_id=\u00bb204210&#8243;][\/vc_column][\/vc_row][vc_row row_height_percent=\u00bb0&#8243; override_padding=\u00bbyes\u00bb h_padding=\u00bb2&#8243; top_padding=\u00bb2&#8243; bottom_padding=\u00bb1&#8243; overlay_alpha=\u00bb50&#8243; gutter_size=\u00bb3&#8243; column_width_percent=\u00bb100&#8243; shift_y=\u00bb0&#8243; z_index=\u00bb0&#8243;][vc_column width=\u00bb1\/1&#8243;][vc_empty_space empty_h=\u00bb1&#8243;][\/vc_column][\/vc_row][vc_row][vc_column width=\u00bb1\/1&#8243;][uncode_block id=\u00bb7960&#8243;][\/vc_column][\/vc_row]<\/p>\n\n<\/div>","protected":false},"excerpt":{"rendered":"<p>[vc_row row_height_percent=\u00bb0&#8243; override_padding=\u00bbyes\u00bb h_padding=\u00bb2&#8243; top_padding=\u00bb1&#8243; bottom_padding=\u00bb1&#8243; overlay_alpha=\u00bb50&#8243; gutter_size=\u00bb2&#8243; column_width_percent=\u00bb100&#8243; shift_y=\u00bb0&#8243; z_index=\u00bb0&#8243;][vc_column column_width_use_pixel=\u00bbyes\u00bb align_horizontal=\u00bbalign_center\u00bb gutter_size=\u00bb2&#8243; overlay_alpha=\u00bb50&#8243; shift_x=\u00bb0&#8243; shift_y=\u00bb0&#8243; shift_y_down=\u00bb0&#8243; z_index=\u00bb0&#8243; medium_width=\u00bb0&#8243; [&hellip;]<\/p>\n","protected":false},"author":6,"featured_media":0,"parent":0,"menu_order":21,"comment_status":"closed","ping_status":"closed","template":"","meta":{"_acf_changed":false,"footnotes":""},"height":[],"weight":[],"class_list":["post-2793","page","type-page","status-publish","hentry"],"acf":[],"_links":{"self":[{"href":"https:\/\/www.moltexbaby.com\/es\/wp-json\/wp\/v2\/pages\/2793","targetHints":{"allow":["GET"]}}],"collection":[{"href":"https:\/\/www.moltexbaby.com\/es\/wp-json\/wp\/v2\/pages"}],"about":[{"href":"https:\/\/www.moltexbaby.com\/es\/wp-json\/wp\/v2\/types\/page"}],"author":[{"embeddable":true,"href":"https:\/\/www.moltexbaby.com\/es\/wp-json\/wp\/v2\/users\/6"}],"replies":[{"embeddable":true,"href":"https:\/\/www.moltexbaby.com\/es\/wp-json\/wp\/v2\/comments?post=2793"}],"version-history":[{"count":0,"href":"https:\/\/www.moltexbaby.com\/es\/wp-json\/wp\/v2\/pages\/2793\/revisions"}],"wp:attachment":[{"href":"https:\/\/www.moltexbaby.com\/es\/wp-json\/wp\/v2\/media?parent=2793"}],"wp:term":[{"taxonomy":"height","embeddable":true,"href":"https:\/\/www.moltexbaby.com\/es\/wp-json\/wp\/v2\/height?post=2793"},{"taxonomy":"weight","embeddable":true,"href":"https:\/\/www.moltexbaby.com\/es\/wp-json\/wp\/v2\/weight?post=2793"}],"curies":[{"name":"wp","href":"https:\/\/api.w.org\/{rel}","templated":true}]}}