{"id":3270,"date":"2020-07-13T09:04:33","date_gmt":"2020-07-13T09:04:33","guid":{"rendered":"https:\/\/www.moltexbaby.com\/?page_id=3270"},"modified":"2022-02-23T13:03:05","modified_gmt":"2022-02-23T13:03:05","slug":"t3-midi","status":"publish","type":"page","link":"https:\/\/www.moltexbaby.com\/es\/productos-premium-comfort\/t3-midi\/","title":{"rendered":"T3 Midi"},"content":{"rendered":"<div class=\"wpb-content-wrapper\"><p>[vc_row row_height_percent=\u00bb0&#8243; overlay_alpha=\u00bb50&#8243; gutter_size=\u00bb2&#8243; column_width_percent=\u00bb100&#8243; shift_y=\u00bb0&#8243; z_index=\u00bb0&#8243;][vc_column column_width_use_pixel=\u00bbyes\u00bb align_horizontal=\u00bbalign_center\u00bb gutter_size=\u00bb3&#8243; override_padding=\u00bbyes\u00bb column_padding=\u00bb3&#8243; back_color=\u00bbcolor-lxmt\u00bb overlay_alpha=\u00bb50&#8243; shift_x=\u00bb0&#8243; shift_y=\u00bb0&#8243; shift_y_down=\u00bb0&#8243; z_index=\u00bb0&#8243; medium_width=\u00bb0&#8243; mobile_width=\u00bb0&#8243; sticky=\u00bbyes\u00bb radius=\u00bbxl\u00bb width=\u00bb5\/12&#8243; column_width_pixel=\u00bb250&#8243;][uncode_list el_class=\u00bbtype-list\u00bb]<\/p>\n<ul>\n<li class=\"product-category\">pa\u00f1ales<\/li>\n<li class=\"midi\">T3 midi<\/li>\n<\/ul>\n<p>[\/uncode_list][vc_row_inner][vc_column_inner width=\u00bb1\/1&#8243;][vc_gallery el_id=\u00bbgallery-454102&#8243; type=\u00bbcarousel\u00bb medias=\u00bb3295,3303,3311&#8243; carousel_lg=\u00bb1&#8243; carousel_md=\u00bb1&#8243; carousel_sm=\u00bb1&#8243; thumb_size=\u00bbone-one\u00bb gutter_size=\u00bb3&#8243; media_items=\u00bbmedia|lightbox|original\u00bb carousel_v_align=\u00bbmiddle\u00bb carousel_interval=\u00bb3000&#8243; carousel_navspeed=\u00bb400&#8243; carousel_dots=\u00bbyes\u00bb carousel_dots_mobile=\u00bbyes\u00bb stage_padding=\u00bb0&#8243; single_overlay_opacity=\u00bb50&#8243; single_overlay_anim=\u00bbno\u00bb single_text_anim=\u00bbno\u00bb single_image_anim=\u00bbno\u00bb single_padding=\u00bb2&#8243; single_border=\u00bbyes\u00bb][\/vc_column_inner][\/vc_row_inner][\/vc_column][vc_column column_width_percent=\u00bb80&#8243; gutter_size=\u00bb2&#8243; overlay_alpha=\u00bb50&#8243; shift_x=\u00bb0&#8243; shift_y=\u00bb0&#8243; shift_y_down=\u00bb0&#8243; z_index=\u00bb0&#8243; medium_width=\u00bb0&#8243; mobile_width=\u00bb0&#8243; width=\u00bb7\/12&#8243; el_class=\u00bbbloc-product\u00bb][vc_empty_space empty_h=\u00bb2&#8243; mobile_visibility=\u00bbyes\u00bb][vc_row_inner row_inner_height_percent=\u00bb0&#8243; overlay_alpha=\u00bb50&#8243; equal_height=\u00bbyes\u00bb gutter_size=\u00bb3&#8243; shift_y=\u00bb0&#8243; z_index=\u00bb0&#8243;][vc_column_inner column_width_percent=\u00bb100&#8243; position_vertical=\u00bbmiddle\u00bb gutter_size=\u00bb3&#8243; overlay_alpha=\u00bb50&#8243; shift_x=\u00bb0&#8243; shift_y=\u00bb0&#8243; shift_y_down=\u00bb0&#8243; z_index=\u00bb0&#8243; medium_width=\u00bb0&#8243; mobile_width=\u00bb5&#8243; width=\u00bb1\/1&#8243;][vc_custom_heading heading_semantic=\u00bbh1&#8243;]T3 Midi[\/vc_custom_heading][\/vc_column_inner][\/vc_row_inner][vc_column_text]La talla\u202f3 Midi\u202fest\u00e1 especialmente dise\u00f1ada para beb\u00e9s entre 4 y 10 kg.<br \/>\nTu\u202fbeb\u00e9\u202fpuede estar\u202fempezando a gatear y si a\u00fan no es el caso\u2026 \u00c9ste es el momento de moverse un poco\u202fm\u00e1s, atrapar cosas e interactuar con lo que est\u00e1 al alcance de sus manos.<\/p>\n<p>Gracias\u202fal confort mejorado de nuestros pa\u00f1ales\u202fMoltex Premium\u202fComfort, tu beb\u00e9 podr\u00e1 disfrutar y moverse libremente.[\/vc_column_text][vc_button button_color=\u00bbcolor-293417&#8243; size=\u00bbbtn-lg\u00bb radius=\u00bbbtn-circle\u00bb border_width=\u00bb0&#8243; el_class=\u00bbbtn-full\u00bb link=\u00bburl:https%3A%2F%2Fwww.moltexbaby.com%2Fes%2Fcomprar|||\u00bb]comprar[\/vc_button][vc_empty_space empty_h=\u00bb2&#8243;][vc_custom_heading heading_semantic=\u00bbh4&#8243; text_size=\u00bbh4&#8243;]Tambi\u00e9n disponible en otras tallas:[\/vc_custom_heading][uncode_list el_class=\u00bbtype-list\u00bb]<\/p>\n<ul>\n<li class=\"maxi\">T4 maxi<\/li>\n<li class=\"junior\">T5 junior<\/li>\n<li class=\"XL\">T6 XL<\/li>\n<\/ul>\n<p>[\/uncode_list][vc_empty_space empty_h=\u00bb2&#8243;][vc_single_image media=\u00bb3055&#8243; media_width_percent=\u00bb100&#8243;][vc_empty_space empty_h=\u00bb2&#8243;][vc_custom_heading heading_semantic=\u00bbh4&#8243; text_size=\u00bbh3&#8243; text_weight=\u00bb400&#8243;]Caracter\u00edsticas[\/vc_custom_heading][vc_empty_space empty_h=\u00bb0&#8243;][vc_icon position=\u00bbleft\u00bb icon_image=\u00bb3075&#8243; icon_color=\u00bbcolor-wvjs\u00bb media_size=\u00bb60&#8243; text_size=\u00bbh4&#8243;]Gracias a una combinaci\u00f3n de nuestra tecnolog\u00eda de canal patentada con un sistema \u00fanico de sequedad instant\u00e1nea, ahora\u202flos\u202fpa\u00f1ales Moltex\u202fPremium\u202fComfort\u202fse secan hasta 2 veces m\u00e1s r\u00e1pido que el pa\u00f1al anterior[\/vc_icon][vc_empty_space empty_h=\u00bb0&#8243;][vc_icon position=\u00bbleft\u00bb icon_image=\u00bb3099&#8243; icon_color=\u00bbcolor-wvjs\u00bb media_size=\u00bb60&#8243; text_size=\u00bbh4&#8243;]Hasta 12h de protecci\u00f3n, para que tu beb\u00e9 pueda disfrutar c\u00f3modo y libremente[\/vc_icon][vc_empty_space empty_h=\u00bb0&#8243;][vc_icon position=\u00bbleft\u00bb icon_image=\u00bb7602&#8243; icon_color=\u00bbcolor-wvjs\u00bb media_size=\u00bb60&#8243; heading_semantic=\u00bbh4&#8243; text_size=\u00bbh4&#8243;]Las cubiertas internas y externas son hechas de materiales suaves[\/vc_icon][vc_empty_space empty_h=\u00bb0&#8243;][vc_icon position=\u00bbleft\u00bb icon_image=\u00bb7611&#8243; icon_color=\u00bbcolor-wvjs\u00bb media_size=\u00bb56&#8243; text_size=\u00bbh4&#8243;]Velo en contacto con la piel est\u00e1 dermatol\u00f3gicamente testado[\/vc_icon][vc_empty_space empty_h=\u00bb0&#8243;][vc_icon position=\u00bbleft\u00bb icon_image=\u00bb7578&#8243; icon_color=\u00bbcolor-wvjs\u00bb media_size=\u00bb60&#8243; text_size=\u00bbh4&#8243;]La cintura el\u00e1stica permitir\u00e1 que tu peque se sienta c\u00f3modo,\u202fcon un ajuste\u202fperfecto[\/vc_icon][vc_empty_space empty_h=\u00bb0&#8243;][vc_icon position=\u00bbleft\u00bb icon_image=\u00bb7594&#8243; icon_color=\u00bbcolor-wvjs\u00bb media_size=\u00bb60&#8243; text_size=\u00bbh4&#8243;]El\u202findicador de humedad\u202fte alertar\u00e1\u202fsobre la acumulaci\u00f3n de l\u00edquido,\u202ffacilit\u00e1ndote\u202fla vida y reduciendo el cambio innecesario de pa\u00f1ales[\/vc_icon][vc_empty_space empty_h=\u00bb0&#8243;][vc_custom_heading heading_semantic=\u00bbh4&#8243; text_size=\u00bbh3&#8243; text_weight=\u00bb400&#8243;]Nuestro dise\u00f1o en T3 Midi:[\/vc_custom_heading][vc_single_image media=\u00bb3287&#8243; media_width_percent=\u00bb100&#8243;][\/vc_column][\/vc_row][vc_row][vc_column width=\u00bb1\/1&#8243;][uncode_block id=\u00bb3275&#8243;][\/vc_column][\/vc_row]<\/p>\n<\/div>","protected":false},"excerpt":{"rendered":"<p>4-10 KG<\/p>\n","protected":false},"author":6,"featured_media":3295,"parent":3129,"menu_order":96,"comment_status":"closed","ping_status":"closed","template":"","meta":{"_acf_changed":false,"footnotes":""},"height":[6481],"weight":[6497],"class_list":["post-3270","page","type-page","status-publish","has-post-thumbnail","hentry","height-55-75-cm-es","weight-4-10-kg-es","page_category-panales"],"acf":[],"_links":{"self":[{"href":"https:\/\/www.moltexbaby.com\/es\/wp-json\/wp\/v2\/pages\/3270","targetHints":{"allow":["GET"]}}],"collection":[{"href":"https:\/\/www.moltexbaby.com\/es\/wp-json\/wp\/v2\/pages"}],"about":[{"href":"https:\/\/www.moltexbaby.com\/es\/wp-json\/wp\/v2\/types\/page"}],"author":[{"embeddable":true,"href":"https:\/\/www.moltexbaby.com\/es\/wp-json\/wp\/v2\/users\/6"}],"replies":[{"embeddable":true,"href":"https:\/\/www.moltexbaby.com\/es\/wp-json\/wp\/v2\/comments?post=3270"}],"version-history":[{"count":0,"href":"https:\/\/www.moltexbaby.com\/es\/wp-json\/wp\/v2\/pages\/3270\/revisions"}],"up":[{"embeddable":true,"href":"https:\/\/www.moltexbaby.com\/es\/wp-json\/wp\/v2\/pages\/3129"}],"wp:featuredmedia":[{"embeddable":true,"href":"https:\/\/www.moltexbaby.com\/es\/wp-json\/wp\/v2\/media\/3295"}],"wp:attachment":[{"href":"https:\/\/www.moltexbaby.com\/es\/wp-json\/wp\/v2\/media?parent=3270"}],"wp:term":[{"taxonomy":"height","embeddable":true,"href":"https:\/\/www.moltexbaby.com\/es\/wp-json\/wp\/v2\/height?post=3270"},{"taxonomy":"weight","embeddable":true,"href":"https:\/\/www.moltexbaby.com\/es\/wp-json\/wp\/v2\/weight?post=3270"}],"curies":[{"name":"wp","href":"https:\/\/api.w.org\/{rel}","templated":true}]}}