{"id":3536,"date":"2020-07-13T10:48:14","date_gmt":"2020-07-13T10:48:14","guid":{"rendered":"https:\/\/www.moltexbaby.com\/?page_id=3536"},"modified":"2020-11-25T11:36:41","modified_gmt":"2020-11-25T11:36:41","slug":"cambiador","status":"publish","type":"page","link":"https:\/\/www.moltexbaby.com\/es\/productos-premium-comfort\/cambiador\/","title":{"rendered":"Cambiador"},"content":{"rendered":"<div class=\"wpb-content-wrapper\"><p>[vc_row row_height_percent=\u00bb0&#8243; overlay_alpha=\u00bb50&#8243; gutter_size=\u00bb2&#8243; column_width_percent=\u00bb100&#8243; shift_y=\u00bb0&#8243; z_index=\u00bb0&#8243;][vc_column column_width_use_pixel=\u00bbyes\u00bb align_horizontal=\u00bbalign_center\u00bb gutter_size=\u00bb3&#8243; override_padding=\u00bbyes\u00bb column_padding=\u00bb3&#8243; back_color=\u00bbcolor-lxmt\u00bb overlay_alpha=\u00bb50&#8243; shift_x=\u00bb0&#8243; shift_y=\u00bb0&#8243; shift_y_down=\u00bb0&#8243; z_index=\u00bb0&#8243; medium_width=\u00bb0&#8243; mobile_width=\u00bb0&#8243; sticky=\u00bbyes\u00bb radius=\u00bbxl\u00bb width=\u00bb5\/12&#8243; column_width_pixel=\u00bb250&#8243;][uncode_list el_class=\u00bbtype-list\u00bb]<\/p>\n<ul>\n<li class=\"product-category\">Cambiador<\/li>\n<\/ul>\n<p>[\/uncode_list][vc_row_inner][vc_column_inner width=\u00bb1\/1&#8243;][vc_gallery el_id=\u00bbgallery-454102&#8243; type=\u00bbcarousel\u00bb medias=\u00bb3537&#8243; carousel_lg=\u00bb1&#8243; carousel_md=\u00bb1&#8243; carousel_sm=\u00bb1&#8243; thumb_size=\u00bbone-one\u00bb gutter_size=\u00bb3&#8243; media_items=\u00bbmedia|lightbox|original\u00bb carousel_v_align=\u00bbmiddle\u00bb carousel_interval=\u00bb3000&#8243; carousel_navspeed=\u00bb400&#8243; carousel_dots=\u00bbyes\u00bb carousel_dots_mobile=\u00bbyes\u00bb stage_padding=\u00bb0&#8243; single_overlay_opacity=\u00bb50&#8243; single_overlay_anim=\u00bbno\u00bb single_text_anim=\u00bbno\u00bb single_image_anim=\u00bbno\u00bb single_padding=\u00bb2&#8243; single_border=\u00bbyes\u00bb][\/vc_column_inner][\/vc_row_inner][\/vc_column][vc_column column_width_percent=\u00bb80&#8243; gutter_size=\u00bb2&#8243; overlay_alpha=\u00bb50&#8243; shift_x=\u00bb0&#8243; shift_y=\u00bb0&#8243; shift_y_down=\u00bb0&#8243; z_index=\u00bb0&#8243; medium_width=\u00bb0&#8243; mobile_width=\u00bb0&#8243; width=\u00bb7\/12&#8243; el_class=\u00bbbloc-product\u00bb][vc_empty_space empty_h=\u00bb2&#8243; mobile_visibility=\u00bbyes\u00bb][vc_row_inner row_inner_height_percent=\u00bb0&#8243; overlay_alpha=\u00bb50&#8243; equal_height=\u00bbyes\u00bb gutter_size=\u00bb3&#8243; shift_y=\u00bb0&#8243; z_index=\u00bb0&#8243;][vc_column_inner column_width_percent=\u00bb100&#8243; position_vertical=\u00bbmiddle\u00bb gutter_size=\u00bb3&#8243; overlay_alpha=\u00bb50&#8243; shift_x=\u00bb0&#8243; shift_y=\u00bb0&#8243; shift_y_down=\u00bb0&#8243; z_index=\u00bb0&#8243; medium_width=\u00bb0&#8243; mobile_width=\u00bb5&#8243; width=\u00bb1\/1&#8243;][vc_custom_heading heading_semantic=\u00bbh1&#8243;]Cambiador[\/vc_custom_heading][\/vc_column_inner][\/vc_row_inner][vc_column_text]El cambiador desechable Moltex Premium Comfort ofrece m\u00e1xima protecci\u00f3n a tu beb\u00e9, gracias a su capa exterior impermeable y su tejido interior extra suave, dermatol\u00f3gicamente testado para garantizar el cuidado de su piel. Muy pr\u00e1cticos de usar en cualquier lugar, podr\u00e1s cambiar a tu peque con total seguridad. Cambiar pa\u00f1ales se convertir\u00e1 en un momento de conexi\u00f3n entre tu beb\u00e9 y t\u00fa donde quieras que est\u00e9is.<\/p>\n<p>Medidas: 60&#215;60[\/vc_column_text][vc_button button_color=\u00bbcolor-293417&#8243; size=\u00bbbtn-lg\u00bb radius=\u00bbbtn-circle\u00bb border_width=\u00bb0&#8243; el_class=\u00bbbtn-full\u00bb link=\u00bburl:https%3A%2F%2Fwww.moltexbaby.com%2Fes%2Fcomprar|||\u00bb]comprar[\/vc_button][vc_empty_space empty_h=\u00bb2&#8243;][vc_single_image media=\u00bb3055&#8243; media_width_percent=\u00bb100&#8243;][vc_empty_space empty_h=\u00bb2&#8243;][vc_custom_heading heading_semantic=\u00bbh4&#8243; text_size=\u00bbh3&#8243; text_weight=\u00bb400&#8243;]Caracter\u00edsticas[\/vc_custom_heading][vc_empty_space empty_h=\u00bb0&#8243;][vc_icon position=\u00bbleft\u00bb icon=\u00bbfa fa-star\u00bb icon_color=\u00bbcolor-293417&#8243; text_size=\u00bbh4&#8243;]M\u00e1xima protecci\u00f3n con n\u00facleo absorbente que aisla la humedad[\/vc_icon][vc_empty_space empty_h=\u00bb0&#8243;][vc_icon position=\u00bbleft\u00bb icon=\u00bbfa fa-star\u00bb icon_color=\u00bbcolor-293417&#8243; text_size=\u00bbh4&#8243;]Capa externa impermeable que evita que se filtre el pis[\/vc_icon][vc_empty_space empty_h=\u00bb0&#8243;][vc_icon position=\u00bbleft\u00bb icon=\u00bbfa fa-star\u00bb icon_color=\u00bbcolor-293417&#8243; heading_semantic=\u00bbh4&#8243; text_size=\u00bbh4&#8243;]Tejido interior extra suave y dermatol\u00f3gicamente testado para mayor confort de tu beb\u00e9[\/vc_icon][vc_empty_space empty_h=\u00bb0&#8243;][vc_icon position=\u00bbleft\u00bb icon=\u00bbfa fa-star\u00bb icon_color=\u00bbcolor-293417&#8243; text_size=\u00bbh4&#8243;]Multi usos[\/vc_icon][vc_empty_space empty_h=\u00bb0&#8243;][vc_icon position=\u00bbleft\u00bb icon=\u00bbfa fa-star\u00bb icon_color=\u00bbcolor-293417&#8243; text_size=\u00bbh4&#8243;]Para usar en cualquier lugar[\/vc_icon][vc_empty_space empty_h=\u00bb0&#8243;][vc_icon position=\u00bbleft\u00bb icon=\u00bbfa fa-star\u00bb icon_color=\u00bbcolor-293417&#8243; text_size=\u00bbh4&#8243;]Testado dermatol\u00f3gicamente[\/vc_icon][vc_empty_space empty_h=\u00bb0&#8243;][vc_icon position=\u00bbleft\u00bb icon=\u00bbfa fa-star\u00bb icon_color=\u00bbcolor-293417&#8243; text_size=\u00bbh4&#8243;]Certificado PEFC \u2122 La celulosa que contiene este producto procede de bosques gestionados de forma sostenible y fuentes controladas[\/vc_icon][vc_empty_space empty_h=\u00bb0&#8243;][\/vc_column][\/vc_row][vc_row][vc_column width=\u00bb1\/1&#8243;][uncode_block id=\u00bb3275&#8243;][\/vc_column][\/vc_row]<\/p>\n<\/div>","protected":false},"excerpt":{"rendered":"<p>+20 KG<\/p>\n","protected":false},"author":6,"featured_media":3537,"parent":3129,"menu_order":87,"comment_status":"closed","ping_status":"closed","template":"","meta":{"_acf_changed":false,"footnotes":""},"height":[],"weight":[],"class_list":["post-3536","page","type-page","status-publish","has-post-thumbnail","hentry","page_category-underpad"],"acf":[],"_links":{"self":[{"href":"https:\/\/www.moltexbaby.com\/es\/wp-json\/wp\/v2\/pages\/3536","targetHints":{"allow":["GET"]}}],"collection":[{"href":"https:\/\/www.moltexbaby.com\/es\/wp-json\/wp\/v2\/pages"}],"about":[{"href":"https:\/\/www.moltexbaby.com\/es\/wp-json\/wp\/v2\/types\/page"}],"author":[{"embeddable":true,"href":"https:\/\/www.moltexbaby.com\/es\/wp-json\/wp\/v2\/users\/6"}],"replies":[{"embeddable":true,"href":"https:\/\/www.moltexbaby.com\/es\/wp-json\/wp\/v2\/comments?post=3536"}],"version-history":[{"count":0,"href":"https:\/\/www.moltexbaby.com\/es\/wp-json\/wp\/v2\/pages\/3536\/revisions"}],"up":[{"embeddable":true,"href":"https:\/\/www.moltexbaby.com\/es\/wp-json\/wp\/v2\/pages\/3129"}],"wp:featuredmedia":[{"embeddable":true,"href":"https:\/\/www.moltexbaby.com\/es\/wp-json\/wp\/v2\/media\/3537"}],"wp:attachment":[{"href":"https:\/\/www.moltexbaby.com\/es\/wp-json\/wp\/v2\/media?parent=3536"}],"wp:term":[{"taxonomy":"height","embeddable":true,"href":"https:\/\/www.moltexbaby.com\/es\/wp-json\/wp\/v2\/height?post=3536"},{"taxonomy":"weight","embeddable":true,"href":"https:\/\/www.moltexbaby.com\/es\/wp-json\/wp\/v2\/weight?post=3536"}],"curies":[{"name":"wp","href":"https:\/\/api.w.org\/{rel}","templated":true}]}}