{"id":5925,"date":"2020-07-16T09:49:46","date_gmt":"2020-07-16T09:49:46","guid":{"rendered":"https:\/\/www.moltexbaby.com\/?page_id=5925"},"modified":"2021-06-08T14:26:56","modified_gmt":"2021-06-08T14:26:56","slug":"aviso-legal","status":"publish","type":"page","link":"https:\/\/www.moltexbaby.com\/es\/aviso-legal\/","title":{"rendered":"Aviso Legal"},"content":{"rendered":"<div class=\"wpb-content-wrapper\"><p>[vc_row][vc_column][vc_column_text]<\/p>\n<h2>AVISO LEGAL<\/h2>\n<p>&nbsp;<\/p>\n<p><strong>Nombre de la entidad y f<\/strong><strong>orma jur\u00eddica de la entidad Ontex :<\/strong><\/p>\n<p>Moltex Baby-Hygiene GmbH<\/p>\n<p><strong>N\u00famero de registro:<\/strong><\/p>\n<p>HRB 5260<\/p>\n<p><strong>Domicilio social:<\/strong><\/p>\n<p>Robert-Bosch-Str. 8<br \/>\n56727 Mayen<\/p>\n<p>&nbsp;<\/p>\n<p><strong>C\u00f3digo o N\u00famero de Identificaci\u00f3n Fiscal:<\/strong>\u00a0DE248 670006<\/p>\n<p><strong>Correo electr\u00f3nico:<\/strong>\u00a0<a href=\"mailto:info@moltex.de\">info@moltex.de\u00a0<\/a><\/p>\n<p>&nbsp;<\/p>\n<p><strong>Director de publicaciones:<\/strong> Ay\u015feg\u00fcl \u00d6zcan, Marketing Manager Ontex Brands Europe<\/p>\n<p>&nbsp;<\/p>\n<p><strong>Alojamiento web:<\/strong><\/p>\n<p>WP Engine<br \/>\nIrongate House, 22-30 Duke\u2019s Place<br \/>\nLondon, EC3A 7LP United Kingdom[\/vc_column_text][\/vc_column][\/vc_row]<\/p>\n<\/div>","protected":false},"excerpt":{"rendered":"<p>[vc_row][vc_column][vc_column_text] AVISO LEGAL &nbsp; Nombre de la entidad y forma jur\u00eddica de la entidad Ontex : Moltex Baby-Hygiene GmbH N\u00famero [&hellip;]<\/p>\n","protected":false},"author":6,"featured_media":0,"parent":0,"menu_order":234,"comment_status":"closed","ping_status":"closed","template":"","meta":{"_acf_changed":false,"footnotes":""},"height":[],"weight":[],"class_list":["post-5925","page","type-page","status-publish","hentry"],"acf":[],"_links":{"self":[{"href":"https:\/\/www.moltexbaby.com\/es\/wp-json\/wp\/v2\/pages\/5925","targetHints":{"allow":["GET"]}}],"collection":[{"href":"https:\/\/www.moltexbaby.com\/es\/wp-json\/wp\/v2\/pages"}],"about":[{"href":"https:\/\/www.moltexbaby.com\/es\/wp-json\/wp\/v2\/types\/page"}],"author":[{"embeddable":true,"href":"https:\/\/www.moltexbaby.com\/es\/wp-json\/wp\/v2\/users\/6"}],"replies":[{"embeddable":true,"href":"https:\/\/www.moltexbaby.com\/es\/wp-json\/wp\/v2\/comments?post=5925"}],"version-history":[{"count":0,"href":"https:\/\/www.moltexbaby.com\/es\/wp-json\/wp\/v2\/pages\/5925\/revisions"}],"wp:attachment":[{"href":"https:\/\/www.moltexbaby.com\/es\/wp-json\/wp\/v2\/media?parent=5925"}],"wp:term":[{"taxonomy":"height","embeddable":true,"href":"https:\/\/www.moltexbaby.com\/es\/wp-json\/wp\/v2\/height?post=5925"},{"taxonomy":"weight","embeddable":true,"href":"https:\/\/www.moltexbaby.com\/es\/wp-json\/wp\/v2\/weight?post=5925"}],"curies":[{"name":"wp","href":"https:\/\/api.w.org\/{rel}","templated":true}]}}