{"id":5953,"date":"2020-07-16T10:38:05","date_gmt":"2020-07-16T10:38:05","guid":{"rendered":"https:\/\/www.moltexbaby.com\/?page_id=5953"},"modified":"2025-07-29T09:48:44","modified_gmt":"2025-07-29T09:48:44","slug":"t5-junior","status":"publish","type":"page","link":"https:\/\/www.moltexbaby.com\/es\/productos-pure-nature\/t5-junior\/","title":{"rendered":"T5 Junior"},"content":{"rendered":"<div class=\"wpb-content-wrapper\"><p>[vc_row row_height_percent=\u00bb0&#8243; overlay_alpha=\u00bb50&#8243; gutter_size=\u00bb2&#8243; column_width_percent=\u00bb100&#8243; shift_y=\u00bb0&#8243; z_index=\u00bb0&#8243;][vc_column column_width_use_pixel=\u00bbyes\u00bb align_horizontal=\u00bbalign_center\u00bb gutter_size=\u00bb3&#8243; override_padding=\u00bbyes\u00bb column_padding=\u00bb3&#8243; back_color=\u00bbcolor-lxmt\u00bb overlay_alpha=\u00bb50&#8243; radius=\u00bbxl\u00bb shift_x=\u00bb0&#8243; shift_y=\u00bb0&#8243; shift_y_down=\u00bb0&#8243; z_index=\u00bb0&#8243; medium_width=\u00bb0&#8243; mobile_width=\u00bb0&#8243; sticky=\u00bbyes\u00bb width=\u00bb5\/12&#8243; column_width_pixel=\u00bb250&#8243;][uncode_list el_class=\u00bbtype-list\u00bb]<\/p>\n<ul>\n<li class=\"product-category\">pa\u00f1ales<\/li>\n<li class=\"junior\">T5 junior<\/li>\n<\/ul>\n<p>[\/uncode_list][vc_row_inner limit_content=\u00bb\u00bb][vc_column_inner width=\u00bb1\/1&#8243;][vc_gallery el_id=\u00bbgallery-454102&#8243; type=\u00bbcarousel\u00bb medias=\u00bb24027,24016&#8243; carousel_lg=\u00bb1&#8243; carousel_md=\u00bb1&#8243; carousel_sm=\u00bb1&#8243; thumb_size=\u00bbone-one\u00bb gutter_size=\u00bb3&#8243; media_items=\u00bbmedia|lightbox|original\u00bb carousel_v_align=\u00bbmiddle\u00bb carousel_interval=\u00bb3000&#8243; carousel_navspeed=\u00bb400&#8243; carousel_dots=\u00bbyes\u00bb carousel_dots_mobile=\u00bbyes\u00bb stage_padding=\u00bb0&#8243; single_overlay_opacity=\u00bb50&#8243; single_overlay_anim=\u00bbno\u00bb single_text_anim=\u00bbno\u00bb single_image_anim=\u00bbno\u00bb single_padding=\u00bb2&#8243; single_border=\u00bbyes\u00bb uncode_shortcode_id=\u00bb265577&#8243;][\/vc_column_inner][\/vc_row_inner][\/vc_column][vc_column column_width_percent=\u00bb80&#8243; gutter_size=\u00bb2&#8243; overlay_alpha=\u00bb50&#8243; shift_x=\u00bb0&#8243; shift_y=\u00bb0&#8243; shift_y_down=\u00bb0&#8243; z_index=\u00bb0&#8243; medium_width=\u00bb0&#8243; mobile_width=\u00bb0&#8243; width=\u00bb7\/12&#8243; el_class=\u00bbbloc-product\u00bb][vc_empty_space empty_h=\u00bb2&#8243; mobile_visibility=\u00bbyes\u00bb][vc_row_inner row_inner_height_percent=\u00bb0&#8243; overlay_alpha=\u00bb50&#8243; equal_height=\u00bbyes\u00bb gutter_size=\u00bb3&#8243; shift_y=\u00bb0&#8243; z_index=\u00bb0&#8243; limit_content=\u00bb\u00bb][vc_column_inner column_width_percent=\u00bb100&#8243; position_vertical=\u00bbmiddle\u00bb gutter_size=\u00bb3&#8243; overlay_alpha=\u00bb50&#8243; shift_x=\u00bb0&#8243; shift_y=\u00bb0&#8243; shift_y_down=\u00bb0&#8243; z_index=\u00bb0&#8243; medium_width=\u00bb0&#8243; mobile_width=\u00bb5&#8243; width=\u00bb2\/3&#8243;][vc_custom_heading heading_semantic=\u00bbh1&#8243;]T5 Junior[\/vc_custom_heading][\/vc_column_inner][vc_column_inner column_width_percent=\u00bb100&#8243; position_vertical=\u00bbmiddle\u00bb gutter_size=\u00bb3&#8243; overlay_alpha=\u00bb50&#8243; shift_x=\u00bb0&#8243; shift_y=\u00bb0&#8243; shift_y_down=\u00bb0&#8243; z_index=\u00bb0&#8243; medium_width=\u00bb0&#8243; mobile_width=\u00bb3&#8243; width=\u00bb1\/3&#8243;][\/vc_column_inner][\/vc_row_inner][vc_column_text uncode_shortcode_id=\u00bb441377&#8243;]Los pa\u00f1ales talla 5 Junior est\u00e1n dise\u00f1ados para ni\u00f1os de 13\u202fa\u202f18\u202fkg.<br \/>\nParece que fue ayer cuando naci\u00f3\u202ftu hijo, pero el tiempo pasa muy deprisa&#8230; Le gusta jugar y descubrir la naturaleza.<\/p>\n<p>Nuestros\u202fdise\u00f1os\u202fmodernos est\u00e1n pensados para estimular\u202fsu\u202fcreatividad y\u202fsu\u202fimaginaci\u00f3n.<br \/>\nAdem\u00e1s, nuestros pa\u00f1ales ecol\u00f3gicos\u202fson fabricados con electricidad 100% verde, protegiendo\u202fno s\u00f3lo\u202fa tu beb\u00e9\u202fsino tambi\u00e9n el planeta.[\/vc_column_text][vc_button button_color=\u00bbcolor-849171&#8243; size=\u00bbbtn-lg\u00bb radius=\u00bbbtn-circle\u00bb border_width=\u00bb0&#8243; el_class=\u00bbbtn-full\u00bb link=\u00bburl:https%3A%2F%2Fwww.moltexbaby.com%2Fes%2Fcomprar|||\u00bb]comprar[\/vc_button][vc_empty_space empty_h=\u00bb2&#8243;][vc_custom_heading heading_semantic=\u00bbh4&#8243; text_size=\u00bbh4&#8243;]Tambi\u00e9n disponible en otras tallas:[\/vc_custom_heading][uncode_list el_class=\u00bbtype-list\u00bb]<\/p>\n<ul>\n<li class=\"XL\">T6 XL<\/li>\n<\/ul>\n<p>[\/uncode_list][uncode_block id=\u00bb12112&#8243; inside_column=\u00bbyes\u00bb][vc_empty_space empty_h=\u00bb2&#8243;][vc_single_image media=\u00bb1599&#8243; media_width_percent=\u00bb100&#8243;][vc_empty_space empty_h=\u00bb2&#8243;][vc_custom_heading heading_semantic=\u00bbh4&#8243; text_size=\u00bbh3&#8243; text_weight=\u00bb400&#8243;]Caracter\u00edsticas[\/vc_custom_heading][vc_empty_space empty_h=\u00bb0&#8243;][vc_icon position=\u00bbleft\u00bb icon_image=\u00bb1226&#8243; icon_color=\u00bbcolor-wvjs\u00bb media_size=\u00bb60&#8243; text_size=\u00bbh4&#8243; title=\u00bb<b>100%<\/b> origen natural\u00bb uncode_shortcode_id=\u00bb645635&#8243; icon_color_type=\u00bbuncode-palette\u00bb]La capa interior supersuave tiene un origen 100% natural[\/vc_icon][vc_empty_space empty_h=\u00bb0&#8243;][vc_icon position=\u00bbleft\u00bb icon_image=\u00bb1210&#8243; icon_color=\u00bbcolor-wvjs\u00bb media_size=\u00bb60&#8243; text_size=\u00bbh4&#8243; title=\u00bb<b>Confort<\/b> inmediato de la piel\u00bb]Gracias a la combinaci\u00f3n de nuestra tecnolog\u00eda de canal patentada con un sistema \u00fanico de secado instant\u00e1neo[\/vc_icon][vc_empty_space empty_h=\u00bb0&#8243;][vc_icon position=\u00bbleft\u00bb icon_image=\u00bb1178&#8243; icon_color=\u00bbcolor-wvjs\u00bb media_size=\u00bb60&#8243; text_size=\u00bbh4&#8243; title=\u00bb<b>Suave<\/b> para la piel\u00bb uncode_shortcode_id=\u00bb102370&#8243; icon_color_type=\u00bbuncode-palette\u00bb]Con ingredientes naturales libres de l\u00e1tex natural, lociones y fragancias[\/vc_icon][vc_empty_space empty_h=\u00bb0&#8243;][vc_icon position=\u00bbleft\u00bb icon_image=\u00bb1785&#8243; icon_color=\u00bbcolor-wvjs\u00bb media_size=\u00bb60&#8243; heading_semantic=\u00bbh4&#8243; text_size=\u00bbh4&#8243; title=\u00bb<b>Piel<\/b> fresca\u00bb]Gracias a los materiales transpirables que permiten la circulaci\u00f3n del aire[\/vc_icon][vc_empty_space empty_h=\u00bb0&#8243;][vc_icon position=\u00bbleft\u00bb icon_image=\u00bb1218&#8243; icon_color=\u00bbcolor-wvjs\u00bb media_size=\u00bb60&#8243; text_size=\u00bbh4&#8243; title=\u00bb<b>Totalmente<\/b> libre de cloro\u00bb]Celulosa con certificaci\u00f3n FSC\u00ae procedente de bosques de gesti\u00f3n sostenible[\/vc_icon][vc_empty_space empty_h=\u00bb0&#8243;][vc_icon position=\u00bbleft\u00bb icon_image=\u00bb1194&#8243; icon_color=\u00bbcolor-wvjs\u00bb media_size=\u00bb60&#8243; text_size=\u00bbh4&#8243; title=\u00bb<b>Algod\u00f3n<\/b> suave\u00bb uncode_shortcode_id=\u00bb154685&#8243; icon_color_type=\u00bbuncode-palette\u00bb]El sello de Cotton y Cotton Enhanced\u2122 (contiene algod\u00f3n) son marcas registradas de Cotton Incorporated. La cubierta exterior contiene al menos un 15% de algod\u00f3n org\u00e1nico s\u00faper suave[\/vc_icon][vc_empty_space empty_h=\u00bb0&#8243;][vc_icon position=\u00bbleft\u00bb icon_image=\u00bb1202&#8243; icon_color=\u00bbcolor-wvjs\u00bb media_size=\u00bb60&#8243; text_size=\u00bbh4&#8243; title=\u00bb<b>Dise\u00f1o<\/b> moderno\u00bb]Impreso con tintas no nocivas[\/vc_icon][vc_empty_space empty_h=\u00bb0&#8243;][vc_empty_space empty_h=\u00bb0&#8243;][vc_button button_color=\u00bbaccent\u00bb size=\u00bbbtn-lg\u00bb radius=\u00bbbtn-circle\u00bb outline=\u00bbyes\u00bb border_width=\u00bb0&#8243; el_class=\u00bbbtn-full\u00bb link=\u00bburl:..%2Fsustainability%2F%23certifications|||\u00bb]Saber m\u00e1s[\/vc_button][vc_empty_space empty_h=\u00bb2&#8243;][vc_custom_heading heading_semantic=\u00bbh4&#8243; text_size=\u00bbh3&#8243; text_weight=\u00bb400&#8243;]Nuestro dise\u00f1o en T5 Junior[\/vc_custom_heading][vc_single_image media=\u00bb1646&#8243; media_width_percent=\u00bb100&#8243;][\/vc_column][\/vc_row][vc_row][vc_column width=\u00bb1\/1&#8243;][uncode_block id=\u00bb3275&#8243;][\/vc_column][\/vc_row]<\/p>\n<\/div>","protected":false},"excerpt":{"rendered":"<p>13-18 KG<\/p>\n","protected":false},"author":6,"featured_media":24027,"parent":2793,"menu_order":79,"comment_status":"closed","ping_status":"closed","template":"","meta":{"_acf_changed":false,"footnotes":""},"height":[6482],"weight":[6501],"class_list":["post-5953","page","type-page","status-publish","has-post-thumbnail","hentry","height-65-100-cm-es","weight-13-18-kg-es","page_category-panales-pn"],"acf":[],"_links":{"self":[{"href":"https:\/\/www.moltexbaby.com\/es\/wp-json\/wp\/v2\/pages\/5953","targetHints":{"allow":["GET"]}}],"collection":[{"href":"https:\/\/www.moltexbaby.com\/es\/wp-json\/wp\/v2\/pages"}],"about":[{"href":"https:\/\/www.moltexbaby.com\/es\/wp-json\/wp\/v2\/types\/page"}],"author":[{"embeddable":true,"href":"https:\/\/www.moltexbaby.com\/es\/wp-json\/wp\/v2\/users\/6"}],"replies":[{"embeddable":true,"href":"https:\/\/www.moltexbaby.com\/es\/wp-json\/wp\/v2\/comments?post=5953"}],"version-history":[{"count":0,"href":"https:\/\/www.moltexbaby.com\/es\/wp-json\/wp\/v2\/pages\/5953\/revisions"}],"up":[{"embeddable":true,"href":"https:\/\/www.moltexbaby.com\/es\/wp-json\/wp\/v2\/pages\/2793"}],"wp:featuredmedia":[{"embeddable":true,"href":"https:\/\/www.moltexbaby.com\/es\/wp-json\/wp\/v2\/media\/24027"}],"wp:attachment":[{"href":"https:\/\/www.moltexbaby.com\/es\/wp-json\/wp\/v2\/media?parent=5953"}],"wp:term":[{"taxonomy":"height","embeddable":true,"href":"https:\/\/www.moltexbaby.com\/es\/wp-json\/wp\/v2\/height?post=5953"},{"taxonomy":"weight","embeddable":true,"href":"https:\/\/www.moltexbaby.com\/es\/wp-json\/wp\/v2\/weight?post=5953"}],"curies":[{"name":"wp","href":"https:\/\/api.w.org\/{rel}","templated":true}]}}