{"id":67,"date":"2020-06-08T10:30:05","date_gmt":"2020-06-08T10:30:05","guid":{"rendered":"http:\/\/www.moltexbaby.com\/club-moltex\/"},"modified":"2021-09-27T11:01:47","modified_gmt":"2021-09-27T11:01:47","slug":"club-moltex","status":"publish","type":"page","link":"https:\/\/www.moltexbaby.com\/es\/club-moltex\/","title":{"rendered":"Club Moltex"},"content":{"rendered":"<div class=\"wpb-content-wrapper\"><p>[vc_row row_height_percent=\u00bb0&#8243; back_image=\u00bb5633&#8243; back_repeat=\u00bbno-repeat\u00bb back_position=\u00bbcenter center\u00bb overlay_alpha=\u00bb50&#8243; gutter_size=\u00bb3&#8243; column_width_percent=\u00bb100&#8243; shift_y=\u00bb0&#8243; z_index=\u00bb0&#8243; back_size=\u00bb1100px\u00bb][vc_column column_width_percent=\u00bb64&#8243; align_horizontal=\u00bbalign_center\u00bb gutter_size=\u00bb3&#8243; overlay_alpha=\u00bb50&#8243; shift_x=\u00bb0&#8243; shift_y=\u00bb0&#8243; shift_y_down=\u00bb0&#8243; z_index=\u00bb0&#8243; medium_width=\u00bb0&#8243; mobile_width=\u00bb0&#8243; width=\u00bb1\/1&#8243;][vc_custom_heading subheading=\u00bb\u00a1Tu beb\u00e9 crece cada d\u00eda! Y Moltex est\u00e1 a tu lado, acompa\u00f1\u00e1ndote en este maravilloso camino e intentando que vuestra vida sea un poco m\u00e1s f\u00e1cil. Y no s\u00f3lo con productos para la higiene y el cuidado de tu peque\u00f1o, sino tambi\u00e9n con consejos de crianza ajustados a cada etapa de tu hijo o promociones exclusivas.\u00bb]Reg\u00edstrate en Club Moltex[\/vc_custom_heading][vc_empty_space empty_h=\u00bb1&#8243;][\/vc_column][\/vc_row][vc_row row_height_percent=\u00bb0&#8243; back_image=\u00bb5656&#8243; overlay_alpha=\u00bb50&#8243; gutter_size=\u00bb3&#8243; column_width_percent=\u00bb100&#8243; shift_y=\u00bb0&#8243; z_index=\u00bb0&#8243; desktop_visibility=\u00bbyes\u00bb medium_visibility=\u00bbyes\u00bb el_class=\u00bbbaby-bg\u00bb][vc_column width=\u00bb1\/1&#8243;][vc_empty_space empty_h=\u00bb5&#8243;][\/vc_column][\/vc_row][vc_row row_height_percent=\u00bb0&#8243; override_padding=\u00bbyes\u00bb h_padding=\u00bb2&#8243; top_padding=\u00bb3&#8243; bottom_padding=\u00bb3&#8243; back_color=\u00bbcolor-833138&#8243; back_image=\u00bb5656&#8243; back_repeat=\u00bbno-repeat\u00bb back_position=\u00bbleft bottom\u00bb overlay_alpha=\u00bb50&#8243; gutter_size=\u00bb4&#8243; column_width_percent=\u00bb100&#8243; shift_y=\u00bb0&#8243; z_index=\u00bb0&#8243; back_size=\u00bb400px\u00bb el_class=\u00bbbloc-contact\u00bb][vc_column width=\u00bb1\/3&#8243;][vc_custom_heading heading_semantic=\u00bbh3&#8243; text_size=\u00bbh3&#8243; text_weight=\u00bb400&#8243; subheading=\u00bbPara acceder a toda esta informaci\u00f3n directamente en tu correo electr\u00f3nico, \u00a1reg\u00edstrate ahora en Club Moltex! \u00a1Cada mes recibir\u00e1s un \u00fanico mail con todas estas ventajas!\u00bb][\/vc_custom_heading][vc_empty_space empty_h=\u00bb1&#8243; desktop_visibility=\u00bbyes\u00bb medium_visibility=\u00bbyes\u00bb][\/vc_column][vc_column width=\u00bb2\/3&#8243;]<script type=\"text\/javascript\">\n\/* <![CDATA[ *\/\nvar gform;gform||(document.addEventListener(\"gform_main_scripts_loaded\",function(){gform.scriptsLoaded=!0}),document.addEventListener(\"gform\/theme\/scripts_loaded\",function(){gform.themeScriptsLoaded=!0}),window.addEventListener(\"DOMContentLoaded\",function(){gform.domLoaded=!0}),gform={domLoaded:!1,scriptsLoaded:!1,themeScriptsLoaded:!1,isFormEditor:()=>\"function\"==typeof InitializeEditor,callIfLoaded:function(o){return!(!gform.domLoaded||!gform.scriptsLoaded||!gform.themeScriptsLoaded&&!gform.isFormEditor()||(gform.isFormEditor()&&console.warn(\"The use of gform.initializeOnLoaded() is deprecated in the form editor context and will be removed in Gravity Forms 3.1.\"),o(),0))},initializeOnLoaded:function(o){gform.callIfLoaded(o)||(document.addEventListener(\"gform_main_scripts_loaded\",()=>{gform.scriptsLoaded=!0,gform.callIfLoaded(o)}),document.addEventListener(\"gform\/theme\/scripts_loaded\",()=>{gform.themeScriptsLoaded=!0,gform.callIfLoaded(o)}),window.addEventListener(\"DOMContentLoaded\",()=>{gform.domLoaded=!0,gform.callIfLoaded(o)}))},hooks:{action:{},filter:{}},addAction:function(o,r,e,t){gform.addHook(\"action\",o,r,e,t)},addFilter:function(o,r,e,t){gform.addHook(\"filter\",o,r,e,t)},doAction:function(o){gform.doHook(\"action\",o,arguments)},applyFilters:function(o){return gform.doHook(\"filter\",o,arguments)},removeAction:function(o,r){gform.removeHook(\"action\",o,r)},removeFilter:function(o,r,e){gform.removeHook(\"filter\",o,r,e)},addHook:function(o,r,e,t,n){null==gform.hooks[o][r]&&(gform.hooks[o][r]=[]);var d=gform.hooks[o][r];null==n&&(n=r+\"_\"+d.length),gform.hooks[o][r].push({tag:n,callable:e,priority:t=null==t?10:t})},doHook:function(r,o,e){var t;if(e=Array.prototype.slice.call(e,1),null!=gform.hooks[r][o]&&((o=gform.hooks[r][o]).sort(function(o,r){return o.priority-r.priority}),o.forEach(function(o){\"function\"!=typeof(t=o.callable)&&(t=window[t]),\"action\"==r?t.apply(null,e):e[0]=t.apply(null,e)})),\"filter\"==r)return e[0]},removeHook:function(o,r,t,n){var e;null!=gform.hooks[o][r]&&(e=(e=gform.hooks[o][r]).filter(function(o,r,e){return!!(null!=n&&n!=o.tag||null!=t&&t!=o.priority)}),gform.hooks[o][r]=e)}});\n\/* ]]> *\/\n<\/script>\n\n                <div class='gf_browser_gecko gform_wrapper gravity-theme gform-theme--no-framework contact-form_wrapper clean-form_wrapper moltex-club_wrapper' data-form-theme='gravity-theme' data-form-index='0' id='gform_wrapper_6' ><div id='gf_6' class='gform_anchor' tabindex='-1'><\/div><form method='post' enctype='multipart\/form-data' target='gform_ajax_frame_6' id='gform_6' class='contact-form clean-form moltex-club' action='\/es\/wp-json\/wp\/v2\/pages\/67#gf_6' data-formid='6' novalidate>\n                        <div class='gform-body gform_body'><div id='gform_fields_6' class='gform_fields top_label form_sublabel_below description_below validation_below'><div id=\"field_6_1\" class=\"gfield gfield--type-text gfield--width-half half-field gfield_contains_required field_sublabel_below gfield--no-description field_description_below hidden_label field_validation_below gfield_visibility_visible\"  ><label class='gfield_label gform-field-label' for='input_6_1'>Nombre<span class=\"gfield_required\"><span class=\"gfield_required gfield_required_text\">(Obligatorio)<\/span><\/span><\/label><div class='ginput_container ginput_container_text'><input name='input_1' id='input_6_1' type='text' value='' class='large'    placeholder='Nombre *' aria-required=\"true\" aria-invalid=\"false\"   \/><\/div><\/div><div id=\"field_6_2\" class=\"gfield gfield--type-text gfield--width-half half-field gfield_contains_required field_sublabel_below gfield--no-description field_description_below hidden_label field_validation_below gfield_visibility_visible\"  ><label class='gfield_label gform-field-label' for='input_6_2'>Apellido<span class=\"gfield_required\"><span class=\"gfield_required gfield_required_text\">(Obligatorio)<\/span><\/span><\/label><div class='ginput_container ginput_container_text'><input name='input_2' id='input_6_2' type='text' value='' class='large'    placeholder='Apellido *' aria-required=\"true\" aria-invalid=\"false\"   \/><\/div><\/div><div id=\"field_6_4\" class=\"gfield gfield--type-select gfield--width-half half-field gfield_contains_required field_sublabel_below gfield--no-description field_description_below hidden_label field_validation_below gfield_visibility_visible\"  ><label class='gfield_label gform-field-label' for='input_6_4'>Pa\u00eds<span class=\"gfield_required\"><span class=\"gfield_required gfield_required_text\">(Obligatorio)<\/span><\/span><\/label><div class='ginput_container ginput_container_select'><select name='input_4' id='input_6_4' class='large gfield_select'    aria-required=\"true\" aria-invalid=\"false\" ><option value='' selected='selected' class='gf_placeholder'>Pa\u00eds *<\/option><option value='Espa\u00f1a' >Espa\u00f1a<\/option><option value='Portugal' >Portugal<\/option><\/select><\/div><\/div><div id=\"field_6_5\" class=\"gfield gfield--type-email gfield--width-half half-field gfield_contains_required field_sublabel_below gfield--no-description field_description_below hidden_label field_validation_below gfield_visibility_visible\"  ><label class='gfield_label gform-field-label' for='input_6_5'>Correo Electr\u00f3nico<span class=\"gfield_required\"><span class=\"gfield_required gfield_required_text\">(Obligatorio)<\/span><\/span><\/label><div class='ginput_container ginput_container_email'>\n                            <input name='input_5' id='input_6_5' type='email' value='' class='large'   placeholder='Correo Electr\u00f3nico *' aria-required=\"true\" aria-invalid=\"false\"  \/>\n                        <\/div><\/div><div id=\"field_6_6\" class=\"gfield gfield--type-date gfield--input-type-datepicker gfield--datepicker-no-icon flex-field gfield_contains_required field_sublabel_below gfield--no-description field_description_below field_validation_below gfield_visibility_visible\"  ><label class='gfield_label gform-field-label' for='input_6_6'>Fecha prevista de parto o cumplea\u00f1os del beb\u00e9:<span class=\"gfield_required\"><span class=\"gfield_required gfield_required_text\">(Obligatorio)<\/span><\/span><\/label><div class='ginput_container ginput_container_date'>\n                            <input name='input_6' id='input_6_6' type='text' value='' class='datepicker gform-datepicker dmy datepicker_no_icon gdatepicker-no-icon'   placeholder='dd\/mm\/aaaa' aria-describedby=\"input_6_6_date_format\" aria-invalid=\"false\" aria-required=\"true\"\/>\n                            <span id='input_6_6_date_format' class='screen-reader-text'>DD barra MM barra AAAA<\/span>\n                        <\/div>\n                        <input type='hidden' id='gforms_calendar_icon_input_6_6' class='gform_hidden' value='https:\/\/www.moltexbaby.com\/wp-content\/plugins\/gravityforms\/images\/datepicker\/datepicker.svg'\/><\/div><fieldset id=\"field_6_7\" class=\"gfield gfield--type-consent gfield--type-choice gfield_contains_required field_sublabel_below gfield--no-description field_description_below hidden_label field_validation_below gfield_visibility_visible\"  ><legend class='gfield_label gform-field-label gfield_label_before_complex' >Consent<span class=\"gfield_required\"><span class=\"gfield_required gfield_required_text\">(Obligatorio)<\/span><\/span><\/legend><div class='ginput_container ginput_container_consent'><input name='input_7.1' id='input_6_7_1' type='checkbox' value='1'   aria-required=\"true\" aria-invalid=\"false\"   \/> <label class=\"gform-field-label gform-field-label--type-inline gfield_consent_label\" for='input_6_7_1' >Al registrarse en el Club Moltex, acepta la <a href=\"\/es\/declaracion-de-privacidad\/\">Pol\u00edtica de privacidad<\/a>  y acepta que Moltex le env\u00ede informaci\u00f3n por correo electr\u00f3nico sobre promociones interesantes para otros productos y servicios. Siempre puede retirar su consentimiento o ejercer sus derechos de informaci\u00f3n, restricci\u00f3n, transportabilidad, rectificaci\u00f3n y eliminaci\u00f3n enviando un correo electr\u00f3nico. Si no desea recibir m\u00e1s nuestro bolet\u00edn, haga clic en \"cancelar suscripci\u00f3n\" debajo del bolet\u00edn.<span class=\"gfield_required gfield_required_text\">(Obligatorio)<\/span><\/label><input type='hidden' name='input_7.2' value='Al registrarse en el Club Moltex, acepta la &lt;a href=&quot;\/es\/declaracion-de-privacidad\/&quot;&gt;Pol\u00edtica de privacidad&lt;\/a&gt;  y acepta que Moltex le env\u00ede informaci\u00f3n por correo electr\u00f3nico sobre promociones interesantes para otros productos y servicios. Siempre puede retirar su consentimiento o ejercer sus derechos de informaci\u00f3n, restricci\u00f3n, transportabilidad, rectificaci\u00f3n y eliminaci\u00f3n enviando un correo electr\u00f3nico. Si no desea recibir m\u00e1s nuestro bolet\u00edn, haga clic en &quot;cancelar suscripci\u00f3n&quot; debajo del bolet\u00edn.' class='gform_hidden' \/><input type='hidden' name='input_7.3' value='3' class='gform_hidden' \/><\/div><\/fieldset><\/div><\/div>\n        <div class='gform-footer gform_footer top_label'> <input type='submit' id='gform_submit_button_6' class='gform_button button' onclick='gform.submission.handleButtonClick(this);' data-submission-type='submit' value='REG\u00cdSTRATE'  \/> <input type='hidden' name='gform_ajax' value='form_id=6&amp;title=&amp;description=&amp;tabindex=0&amp;theme=gravity-theme&amp;styles=[]&amp;hash=90cd2e22d9c08af354b755538447c668' \/>\n            <input type='hidden' class='gform_hidden' name='gform_submission_method' data-js='gform_submission_method_6' value='iframe' \/>\n            <input type='hidden' class='gform_hidden' name='gform_theme' data-js='gform_theme_6' id='gform_theme_6' value='gravity-theme' \/>\n            <input type='hidden' class='gform_hidden' name='gform_style_settings' data-js='gform_style_settings_6' id='gform_style_settings_6' value='[]' \/>\n            <input type='hidden' class='gform_hidden' name='is_submit_6' value='1' \/>\n            <input type='hidden' class='gform_hidden' name='gform_submit' value='6' \/>\n            \n            <input type='hidden' class='gform_hidden' name='gform_unique_id' value='' \/>\n            <input type='hidden' class='gform_hidden' name='state_6' value='WyJ7XCI3LjFcIjpcIjBjOTgyOWE0Zjg1MjY1MDhmNTNlMWE2NWM5NTRjYjY3XCIsXCI3LjJcIjpcIjUzNjQ3ODljM2ZkZDMxMmE4NDdlNThhNjdjN2VhZGUyXCIsXCI3LjNcIjpcIjI5NmE1ZWNjZDljN2YxMjkwOGMyMWYzNGMxYzk3MzRkXCJ9IiwiNWY0YTdhZTdhZjY0ZGU2YjMyY2I4ZjAzNmQxYmMzOGIiXQ==' \/>\n            <input type='hidden' autocomplete='off' class='gform_hidden' name='gform_target_page_number_6' id='gform_target_page_number_6' value='0' \/>\n            <input type='hidden' autocomplete='off' class='gform_hidden' name='gform_source_page_number_6' id='gform_source_page_number_6' value='1' \/>\n            <input type='hidden' name='gform_field_values' value='' \/>\n            \n        <\/div>\n                        <\/form>\n                        <\/div>\n\t\t                <iframe style='display:none;width:0px;height:0px;' src='about:blank' name='gform_ajax_frame_6' id='gform_ajax_frame_6' title='Este iframe contiene la l\u00f3gica necesaria para gestionar formularios con ajax activado.'><\/iframe>\n\t\t                <script type=\"text\/javascript\">\n\/* <![CDATA[ *\/\n gform.initializeOnLoaded( function() {gformInitSpinner( 6, 'https:\/\/www.moltexbaby.com\/wp-content\/plugins\/gravityforms\/images\/spinner.svg', true );jQuery('#gform_ajax_frame_6').on('load',function(){var contents = jQuery(this).contents().find('*').html();var is_postback = contents.indexOf('GF_AJAX_POSTBACK') >= 0;if(!is_postback){return;}var form_content = jQuery(this).contents().find('#gform_wrapper_6');var is_confirmation = jQuery(this).contents().find('#gform_confirmation_wrapper_6').length > 0;var is_redirect = contents.indexOf('gformRedirect(){') >= 0;var is_form = form_content.length > 0 && ! is_redirect && ! is_confirmation;var mt = parseInt(jQuery('html').css('margin-top'), 10) + parseInt(jQuery('body').css('margin-top'), 10) + 100;if(is_form){jQuery('#gform_wrapper_6').html(form_content.html());if(form_content.hasClass('gform_validation_error')){jQuery('#gform_wrapper_6').addClass('gform_validation_error');} else {jQuery('#gform_wrapper_6').removeClass('gform_validation_error');}setTimeout( function() { \/* delay the scroll by 50 milliseconds to fix a bug in chrome *\/ jQuery(document).scrollTop(jQuery('#gform_wrapper_6').offset().top - mt); }, 50 );if(window['gformInitDatepicker']) {gformInitDatepicker();}if(window['gformInitPriceFields']) {gformInitPriceFields();}var current_page = jQuery('#gform_source_page_number_6').val();gformInitSpinner( 6, 'https:\/\/www.moltexbaby.com\/wp-content\/plugins\/gravityforms\/images\/spinner.svg', true );jQuery(document).trigger('gform_page_loaded', [6, current_page]);window['gf_submitting_6'] = false;}else if(!is_redirect){var confirmation_content = jQuery(this).contents().find('.GF_AJAX_POSTBACK').html();if(!confirmation_content){confirmation_content = contents;}jQuery('#gform_wrapper_6').replaceWith(confirmation_content);jQuery(document).scrollTop(jQuery('#gf_6').offset().top - mt);jQuery(document).trigger('gform_confirmation_loaded', [6]);window['gf_submitting_6'] = false;wp.a11y.speak(jQuery('#gform_confirmation_message_6').text());}else{jQuery('#gform_6').append(contents);if(window['gformRedirect']) {gformRedirect();}}jQuery(document).trigger(\"gform_pre_post_render\", [{ formId: \"6\", currentPage: \"current_page\", abort: function() { this.preventDefault(); } }]);        if (event && event.defaultPrevented) {                return;        }        const gformWrapperDiv = document.getElementById( \"gform_wrapper_6\" );        if ( gformWrapperDiv ) {            const visibilitySpan = document.createElement( \"span\" );            visibilitySpan.id = \"gform_visibility_test_6\";            gformWrapperDiv.insertAdjacentElement( \"afterend\", visibilitySpan );        }        const visibilityTestDiv = document.getElementById( \"gform_visibility_test_6\" );        let postRenderFired = false;        function triggerPostRender() {            if ( postRenderFired ) {                return;            }            postRenderFired = true;            gform.core.triggerPostRenderEvents( 6, current_page );            if ( visibilityTestDiv ) {                visibilityTestDiv.parentNode.removeChild( visibilityTestDiv );            }        }        function debounce( func, wait, immediate ) {            var timeout;            return function() {                var context = this, args = arguments;                var later = function() {                    timeout = null;                    if ( !immediate ) func.apply( context, args );                };                var callNow = immediate && !timeout;                clearTimeout( timeout );                timeout = setTimeout( later, wait );                if ( callNow ) func.apply( context, args );            };        }        const debouncedTriggerPostRender = debounce( function() {            triggerPostRender();        }, 200 );        if ( visibilityTestDiv && visibilityTestDiv.offsetParent === null ) {            const observer = new MutationObserver( ( mutations ) => {                mutations.forEach( ( mutation ) => {                    if ( mutation.type === 'attributes' && visibilityTestDiv.offsetParent !== null ) {                        debouncedTriggerPostRender();                        observer.disconnect();                    }                });            });            observer.observe( document.body, {                attributes: true,                childList: false,                subtree: true,                attributeFilter: [ 'style', 'class' ],            });        } else {            triggerPostRender();        }    } );} ); \n\/* ]]> *\/\n<\/script>\n[\/vc_column][\/vc_row]<\/p>\n<\/div>","protected":false},"excerpt":{"rendered":"<p>[vc_row row_height_percent=\u00bb0&#8243; back_image=\u00bb5633&#8243; back_repeat=\u00bbno-repeat\u00bb back_position=\u00bbcenter center\u00bb overlay_alpha=\u00bb50&#8243; gutter_size=\u00bb3&#8243; column_width_percent=\u00bb100&#8243; shift_y=\u00bb0&#8243; z_index=\u00bb0&#8243; back_size=\u00bb1100px\u00bb][vc_column column_width_percent=\u00bb64&#8243; align_horizontal=\u00bbalign_center\u00bb gutter_size=\u00bb3&#8243; overlay_alpha=\u00bb50&#8243; shift_x=\u00bb0&#8243; shift_y=\u00bb0&#8243; shift_y_down=\u00bb0&#8243; z_index=\u00bb0&#8243; [&hellip;]<\/p>\n","protected":false},"author":6,"featured_media":0,"parent":0,"menu_order":247,"comment_status":"closed","ping_status":"closed","template":"","meta":{"_acf_changed":false,"footnotes":""},"height":[],"weight":[],"class_list":["post-67","page","type-page","status-publish","hentry"],"acf":[],"_links":{"self":[{"href":"https:\/\/www.moltexbaby.com\/es\/wp-json\/wp\/v2\/pages\/67","targetHints":{"allow":["GET"]}}],"collection":[{"href":"https:\/\/www.moltexbaby.com\/es\/wp-json\/wp\/v2\/pages"}],"about":[{"href":"https:\/\/www.moltexbaby.com\/es\/wp-json\/wp\/v2\/types\/page"}],"author":[{"embeddable":true,"href":"https:\/\/www.moltexbaby.com\/es\/wp-json\/wp\/v2\/users\/6"}],"replies":[{"embeddable":true,"href":"https:\/\/www.moltexbaby.com\/es\/wp-json\/wp\/v2\/comments?post=67"}],"version-history":[{"count":0,"href":"https:\/\/www.moltexbaby.com\/es\/wp-json\/wp\/v2\/pages\/67\/revisions"}],"wp:attachment":[{"href":"https:\/\/www.moltexbaby.com\/es\/wp-json\/wp\/v2\/media?parent=67"}],"wp:term":[{"taxonomy":"height","embeddable":true,"href":"https:\/\/www.moltexbaby.com\/es\/wp-json\/wp\/v2\/height?post=67"},{"taxonomy":"weight","embeddable":true,"href":"https:\/\/www.moltexbaby.com\/es\/wp-json\/wp\/v2\/weight?post=67"}],"curies":[{"name":"wp","href":"https:\/\/api.w.org\/{rel}","templated":true}]}}