{"id":10540,"date":"2020-10-07T16:49:30","date_gmt":"2020-10-07T16:49:30","guid":{"rendered":"https:\/\/www.moltexbaby.com\/?page_id=10540"},"modified":"2025-07-08T14:34:50","modified_gmt":"2025-07-08T14:34:50","slug":"lingettes-humides","status":"publish","type":"page","link":"https:\/\/www.moltexbaby.com\/fr\/produits\/lingettes\/lingettes-humides\/","title":{"rendered":"Lingettes humides"},"content":{"rendered":"<div class=\"wpb-content-wrapper\"><p>[vc_row row_height_percent=\u00a0\u00bb0&Prime; overlay_alpha=\u00a0\u00bb50&Prime; gutter_size=\u00a0\u00bb2&Prime; column_width_percent=\u00a0\u00bb100&Prime; shift_y=\u00a0\u00bb0&Prime; z_index=\u00a0\u00bb0&Prime; el_class=\u00a0\u00bbmb-icons-small\u00a0\u00bb][vc_column column_width_use_pixel=\u00a0\u00bbyes\u00a0\u00bb align_horizontal=\u00a0\u00bbalign_center\u00a0\u00bb gutter_size=\u00a0\u00bb3&Prime; override_padding=\u00a0\u00bbyes\u00a0\u00bb column_padding=\u00a0\u00bb3&Prime; back_color=\u00a0\u00bbcolor-lxmt\u00a0\u00bb overlay_alpha=\u00a0\u00bb50&Prime; radius=\u00a0\u00bbxl\u00a0\u00bb shift_x=\u00a0\u00bb0&Prime; shift_y=\u00a0\u00bb0&Prime; shift_y_down=\u00a0\u00bb0&Prime; z_index=\u00a0\u00bb0&Prime; medium_width=\u00a0\u00bb0&Prime; mobile_width=\u00a0\u00bb0&Prime; sticky=\u00a0\u00bbyes\u00a0\u00bb width=\u00a0\u00bb5\/12&Prime; column_width_pixel=\u00a0\u00bb250&Prime;][uncode_list el_class=\u00a0\u00bbtype-list\u00a0\u00bb]<\/p>\n<ul>\n<li class=\"product-category\">Lingettes<\/li>\n<\/ul>\n<p>[\/uncode_list][vc_row_inner limit_content=\u00a0\u00bb\u00a0\u00bb][vc_column_inner width=\u00a0\u00bb1\/1&Prime;][uncode_block id=\u00a0\u00bb23370&Prime; inside_column=\u00a0\u00bbyes\u00a0\u00bb][\/vc_column_inner][\/vc_row_inner][\/vc_column][vc_column column_width_percent=\u00a0\u00bb80&Prime; gutter_size=\u00a0\u00bb2&Prime; overlay_alpha=\u00a0\u00bb50&Prime; shift_x=\u00a0\u00bb0&Prime; shift_y=\u00a0\u00bb0&Prime; shift_y_down=\u00a0\u00bb0&Prime; z_index=\u00a0\u00bb0&Prime; medium_width=\u00a0\u00bb0&Prime; mobile_width=\u00a0\u00bb0&Prime; width=\u00a0\u00bb7\/12&Prime; el_class=\u00a0\u00bbbloc-product\u00a0\u00bb][vc_empty_space empty_h=\u00a0\u00bb2&Prime; mobile_visibility=\u00a0\u00bbyes\u00a0\u00bb][vc_row_inner row_inner_height_percent=\u00a0\u00bb0&Prime; overlay_alpha=\u00a0\u00bb50&Prime; equal_height=\u00a0\u00bbyes\u00a0\u00bb gutter_size=\u00a0\u00bb3&Prime; shift_y=\u00a0\u00bb0&Prime; z_index=\u00a0\u00bb0&Prime; limit_content=\u00a0\u00bb\u00a0\u00bb][vc_column_inner column_width_percent=\u00a0\u00bb100&Prime; position_vertical=\u00a0\u00bbmiddle\u00a0\u00bb gutter_size=\u00a0\u00bb3&Prime; overlay_alpha=\u00a0\u00bb50&Prime; shift_x=\u00a0\u00bb0&Prime; shift_y=\u00a0\u00bb0&Prime; shift_y_down=\u00a0\u00bb0&Prime; z_index=\u00a0\u00bb0&Prime; medium_width=\u00a0\u00bb0&Prime; mobile_width=\u00a0\u00bb5&Prime; width=\u00a0\u00bb2\/3&Prime;][vc_custom_heading heading_semantic=\u00a0\u00bbh1&Prime;]Lingettes humides[\/vc_custom_heading][\/vc_column_inner][\/vc_row_inner][vc_column_text]Les lingettes Moltex sont faites pour la peau d\u00e9licate de votre b\u00e9b\u00e9![\/vc_column_text][vc_empty_space empty_h=\u00a0\u00bb2&Prime;][vc_custom_heading heading_semantic=\u00a0\u00bbh4&Prime; text_size=\u00a0\u00bbh3&Prime; text_weight=\u00a0\u00bb400&Prime;]Composition[\/vc_custom_heading][vc_empty_space empty_h=\u00a0\u00bb0&Prime;][vc_icon position=\u00a0\u00bbleft\u00a0\u00bb icon_image=\u00a0\u00bb11196&Prime; icon_color=\u00a0\u00bbcolor-wvjs\u00a0\u00bb text_size=\u00a0\u00bbh4&Prime; title=\u00a0\u00bb<b>Une eau pure<\/b> \u00e0 99 %\u00a0\u00bb]Eau ultra-purifi\u00e9e[\/vc_icon][vc_empty_space empty_h=\u00a0\u00bb0&Prime;][vc_icon position=\u00a0\u00bbleft\u00a0\u00bb icon_image=\u00a0\u00bb1226&Prime; icon_color=\u00a0\u00bbcolor-wvjs\u00a0\u00bb media_size=\u00a0\u00bb60&Prime; text_size=\u00a0\u00bbh4&Prime; title=\u00a0\u00bb<b>100%<\/b> d&rsquo;origine naturelle\u00a0\u00bb]Fibres 100% d&rsquo;origine naturelle et biod\u00e9gradables[\/vc_icon][vc_empty_space empty_h=\u00a0\u00bb0&Prime;][vc_icon position=\u00a0\u00bbleft\u00a0\u00bb icon_image=\u00a0\u00bb11178&Prime; icon_color=\u00a0\u00bbcolor-wvjs\u00a0\u00bb media_size=\u00a0\u00bb60&Prime; text_size=\u00a0\u00bbh4&Prime; title=\u00a0\u00bb<b>0%<\/b> parfum, alcool\u00a0\u00bb]+ pH neutre pour prot\u00e9ger la peau des irritations cutan\u00e9es[\/vc_icon][vc_empty_space empty_h=\u00a0\u00bb0&Prime;][vc_icon position=\u00a0\u00bbleft\u00a0\u00bb icon_image=\u00a0\u00bb1178&Prime; icon_color=\u00a0\u00bbcolor-wvjs\u00a0\u00bb media_size=\u00a0\u00bb60&Prime; text_size=\u00a0\u00bbh4&Prime; title=\u00a0\u00bb<b>Peau<\/b> ultra sensible\u00a0\u00bb]Convient d\u00e8s la naissance[\/vc_icon][vc_empty_space empty_h=\u00a0\u00bb0&Prime;][vc_icon position=\u00a0\u00bbleft\u00a0\u00bb icon_image=\u00a0\u00bb10616&Prime; icon_color=\u00a0\u00bbcolor-wvjs\u00a0\u00bb media_size=\u00a0\u00bb60&Prime; text_size=\u00a0\u00bbh4&Prime; title=\u00a0\u00bb<b>Test\u00e9 <\/b> dermatologiquement\u00a0\u00bb][\/vc_icon][vc_empty_space empty_h=\u00a0\u00bb0&Prime;][vc_button button_color=\u00a0\u00bbaccent\u00a0\u00bb size=\u00a0\u00bbbtn-lg\u00a0\u00bb radius=\u00a0\u00bbbtn-circle\u00a0\u00bb outline=\u00a0\u00bbyes\u00a0\u00bb border_width=\u00a0\u00bb0&Prime; el_class=\u00a0\u00bbbtn-full\u00a0\u00bb link=\u00a0\u00bburl:%2Ffr%2Fdurabilite%2F%23certifications\u00a0\u00bb]En savoir plus[\/vc_button][vc_empty_space empty_h=\u00a0\u00bb2&Prime;][\/vc_column][\/vc_row]<\/p>\n<\/div>","protected":false},"excerpt":{"rendered":"<p>[vc_row row_height_percent=\u00a0\u00bb0&Prime; overlay_alpha=\u00a0\u00bb50&Prime; gutter_size=\u00a0\u00bb2&Prime; column_width_percent=\u00a0\u00bb100&Prime; shift_y=\u00a0\u00bb0&Prime; z_index=\u00a0\u00bb0&Prime; el_class=\u00a0\u00bbmb-icons-small\u00a0\u00bb][vc_column column_width_use_pixel=\u00a0\u00bbyes\u00a0\u00bb align_horizontal=\u00a0\u00bbalign_center\u00a0\u00bb gutter_size=\u00a0\u00bb3&Prime; override_padding=\u00a0\u00bbyes\u00a0\u00bb column_padding=\u00a0\u00bb3&Prime; back_color=\u00a0\u00bbcolor-lxmt\u00a0\u00bb overlay_alpha=\u00a0\u00bb50&Prime; radius=\u00a0\u00bbxl\u00a0\u00bb shift_x=\u00a0\u00bb0&Prime; shift_y=\u00a0\u00bb0&Prime; shift_y_down=\u00a0\u00bb0&Prime; z_index=\u00a0\u00bb0&Prime; [&hellip;]<\/p>\n","protected":false},"author":6,"featured_media":23349,"parent":11039,"menu_order":64,"comment_status":"closed","ping_status":"closed","template":"","meta":{"_acf_changed":false,"footnotes":""},"height":[],"weight":[],"class_list":["post-10540","page","type-page","status-publish","has-post-thumbnail","hentry","page_category-lingettes"],"acf":[],"_links":{"self":[{"href":"https:\/\/www.moltexbaby.com\/fr\/wp-json\/wp\/v2\/pages\/10540","targetHints":{"allow":["GET"]}}],"collection":[{"href":"https:\/\/www.moltexbaby.com\/fr\/wp-json\/wp\/v2\/pages"}],"about":[{"href":"https:\/\/www.moltexbaby.com\/fr\/wp-json\/wp\/v2\/types\/page"}],"author":[{"embeddable":true,"href":"https:\/\/www.moltexbaby.com\/fr\/wp-json\/wp\/v2\/users\/6"}],"replies":[{"embeddable":true,"href":"https:\/\/www.moltexbaby.com\/fr\/wp-json\/wp\/v2\/comments?post=10540"}],"version-history":[{"count":0,"href":"https:\/\/www.moltexbaby.com\/fr\/wp-json\/wp\/v2\/pages\/10540\/revisions"}],"up":[{"embeddable":true,"href":"https:\/\/www.moltexbaby.com\/fr\/wp-json\/wp\/v2\/pages\/11039"}],"wp:featuredmedia":[{"embeddable":true,"href":"https:\/\/www.moltexbaby.com\/fr\/wp-json\/wp\/v2\/media\/23349"}],"wp:attachment":[{"href":"https:\/\/www.moltexbaby.com\/fr\/wp-json\/wp\/v2\/media?parent=10540"}],"wp:term":[{"taxonomy":"height","embeddable":true,"href":"https:\/\/www.moltexbaby.com\/fr\/wp-json\/wp\/v2\/height?post=10540"},{"taxonomy":"weight","embeddable":true,"href":"https:\/\/www.moltexbaby.com\/fr\/wp-json\/wp\/v2\/weight?post=10540"}],"curies":[{"name":"wp","href":"https:\/\/api.w.org\/{rel}","templated":true}]}}