{"id":2816,"date":"2020-07-08T12:16:00","date_gmt":"2020-07-08T12:16:00","guid":{"rendered":"https:\/\/www.moltexbaby.com\/?page_id=2816"},"modified":"2025-07-08T14:49:20","modified_gmt":"2025-07-08T14:49:20","slug":"durabilite","status":"publish","type":"page","link":"https:\/\/www.moltexbaby.com\/fr\/durabilite\/","title":{"rendered":"Durabilit\u00e9"},"content":{"rendered":"<div class=\"wpb-content-wrapper\"><p>[vc_row row_height_percent=\u00a0\u00bb0&Prime; override_padding=\u00a0\u00bbyes\u00a0\u00bb h_padding=\u00a0\u00bb2&Prime; top_padding=\u00a0\u00bb1&Prime; bottom_padding=\u00a0\u00bb2&Prime; overlay_alpha=\u00a0\u00bb50&Prime; gutter_size=\u00a0\u00bb3&Prime; column_width_percent=\u00a0\u00bb100&Prime; shift_y=\u00a0\u00bb0&Prime; z_index=\u00a0\u00bb0&Prime;][vc_column column_width_use_pixel=\u00a0\u00bbyes\u00a0\u00bb align_horizontal=\u00a0\u00bbalign_center\u00a0\u00bb gutter_size=\u00a0\u00bb2&Prime; overlay_alpha=\u00a0\u00bb50&Prime; shift_x=\u00a0\u00bb0&Prime; shift_y=\u00a0\u00bb0&Prime; shift_y_down=\u00a0\u00bb0&Prime; z_index=\u00a0\u00bb0&Prime; medium_width=\u00a0\u00bb0&Prime; mobile_width=\u00a0\u00bb0&Prime; width=\u00a0\u00bb1\/1&Prime; column_width_pixel=\u00a0\u00bb840&Prime;][vc_custom_heading]Durabilit\u00e9[\/vc_custom_heading][vc_custom_heading text_color=\u00a0\u00bbcolor-wvjs\u00a0\u00bb heading_semantic=\u00a0\u00bbp\u00a0\u00bb text_size=\u00a0\u00bbh4&Prime; text_weight=\u00a0\u00bb400&Prime; uncode_shortcode_id=\u00a0\u00bb482244&Prime; text_color_type=\u00a0\u00bbuncode-palette\u00a0\u00bb]MOLTEX Pure &amp; Nature propose depuis longtemps des produits de soins pour b\u00e9b\u00e9 fiables et performants, sans risque pour la peau de votre b\u00e9b\u00e9 et respectueux de l&rsquo;environnement. S&rsquo;appuyant sur les derni\u00e8res technologies disponibles en mati\u00e8re de production et de contr\u00f4le de la qualit\u00e9, les couches Moltex Pure &amp; Nature sont fabriqu\u00e9es en Espagne et en R\u00e9publique Tch\u00e8que, en utilisant de l&rsquo;\u00e9lectricit\u00e9 100 % verte. Les deux usines sont certifi\u00e9es ISO14001 et 50001, ce qui t\u00e9moigne d&rsquo;une solide gestion de l&rsquo;environnement et de l&rsquo;\u00e9nergie.[\/vc_custom_heading][vc_empty_space empty_h=\u00a0\u00bb2&Prime;][vc_custom_heading text_color=\u00a0\u00bbcolor-wvjs\u00a0\u00bb heading_semantic=\u00a0\u00bbp\u00a0\u00bb text_size=\u00a0\u00bbh4&Prime; text_weight=\u00a0\u00bb400&Prime;]Ce n\u2019est qu\u2019ainsi que nous pourrons garantir aux g\u00e9n\u00e9rations futures, les petits h\u00e9ros en couche-culotte d\u2019aujourd\u2019hui et de demain, un avenir s\u00fbr sur le plan \u00e9cologique.[\/vc_custom_heading][vc_empty_space empty_h=\u00a0\u00bb2&Prime;][\/vc_column][\/vc_row][vc_row row_height_percent=\u00a0\u00bb0&Prime; override_padding=\u00a0\u00bbyes\u00a0\u00bb h_padding=\u00a0\u00bb2&Prime; top_padding=\u00a0\u00bb2&Prime; bottom_padding=\u00a0\u00bb2&Prime; back_image=\u00a0\u00bb871&Prime; overlay_alpha=\u00a0\u00bb20&Prime; gutter_size=\u00a0\u00bb3&Prime; column_width_percent=\u00a0\u00bb100&Prime; shift_y=\u00a0\u00bb0&Prime; z_index=\u00a0\u00bb0&Prime; back_size=\u00a0\u00bb1280px\u00a0\u00bb row_height_pixel=\u00a0\u00bb420&Prime;][vc_column column_width_percent=\u00a0\u00bb100&Prime; position_vertical=\u00a0\u00bbmiddle\u00a0\u00bb gutter_size=\u00a0\u00bb3&Prime; override_padding=\u00a0\u00bbyes\u00a0\u00bb column_padding=\u00a0\u00bb3&Prime; style=\u00a0\u00bblight\u00a0\u00bb overlay_alpha=\u00a0\u00bb0&Prime; radius=\u00a0\u00bblg\u00a0\u00bb shift_x=\u00a0\u00bb0&Prime; shift_y=\u00a0\u00bb0&Prime; shift_y_down=\u00a0\u00bb0&Prime; z_index=\u00a0\u00bb0&Prime; medium_width=\u00a0\u00bb0&Prime; mobile_width=\u00a0\u00bb0&Prime; width=\u00a0\u00bb1\/1&Prime;][vc_custom_heading text_font=\u00a0\u00bbfont-153194&Prime; text_size=\u00a0\u00bbh1&Prime;]\u201cLa nature est saine,<br \/>\net donc ma couche aussi\u201d[\/vc_custom_heading][\/vc_column][\/vc_row][vc_row row_height_percent=\u00a0\u00bb0&Prime; override_padding=\u00a0\u00bbyes\u00a0\u00bb h_padding=\u00a0\u00bb2&Prime; top_padding=\u00a0\u00bb2&Prime; bottom_padding=\u00a0\u00bb3&Prime; overlay_alpha=\u00a0\u00bb50&Prime; gutter_size=\u00a0\u00bb3&Prime; column_width_percent=\u00a0\u00bb100&Prime; shift_y=\u00a0\u00bb0&Prime; z_index=\u00a0\u00bb0&Prime;][vc_column width=\u00a0\u00bb1\/6&Prime;][\/vc_column][vc_column width=\u00a0\u00bb4\/6&Prime;][vc_column_text uncode_shortcode_id=\u00a0\u00bb151537&Prime;]En ce qui concerne l&rsquo;action climatique (SDG13), Ontex se concentre sur l&rsquo;efficacit\u00e9 \u00e9nerg\u00e9tique, les \u00e9nergies renouvelables et le soutien \u00e0 la r\u00e9silience climatique afin que ses activit\u00e9s puissent devenir neutres en carbone d&rsquo;ici 2030.[\/vc_column_text][vc_custom_heading heading_semantic=\u00a0\u00bbh3&Prime; text_size=\u00a0\u00bbh3&Prime; subheading=\u00a0\u00bbNous soulignons l&rsquo;importance de veiller \u00e0 ce que nos mati\u00e8res premi\u00e8res proviennent de sources \u00e9thiques, socialement acceptables et responsables. Nous utilisons une approche d&rsquo;audit social bas\u00e9e sur les risques pour garantir la conformit\u00e9 sociale de notre cha\u00eene d&rsquo;approvisionnement.\u00a0\u00bb]<span class=\"TextRun BCX0 SCXW116734457\" lang=\"FR\" xml:lang=\"FR\" data-contrast=\"auto\"><span class=\"NormalTextRun BCX0 SCXW116734457\">Approvisionnement \u00e9thique<\/span><\/span>[\/vc_custom_heading][vc_custom_heading heading_semantic=\u00a0\u00bbh3&Prime; text_size=\u00a0\u00bbh3&Prime; subheading=\u00a0\u00bbNos couches et culottes pour b\u00e9b\u00e9s Moltex sont produites dans des usines qui n&rsquo;utilisent que de l&rsquo;\u00e9lectricit\u00e9 verte.<\/p>\n<p>Les deux usines sont certifi\u00e9es ISO 14001 et 50001.<br \/>\nISO 14001 est une norme internationale qui d\u00e9finit les exigences d&rsquo;un syst\u00e8me de gestion de l&rsquo;environnement. Gr\u00e2ce \u00e0 ce syst\u00e8me, nous sommes en mesure d&rsquo;identifier et de contr\u00f4ler l&rsquo;impact de nos activit\u00e9s, produits et services sur l&rsquo;environnement et d&rsquo;am\u00e9liorer en permanence nos performances environnementales.<br \/>\nLa norme ISO 50001 fournit un cadre d&rsquo;exigences qui nous permet de d\u00e9velopper une politique d&rsquo;utilisation plus efficace de l&rsquo;\u00e9nergie et d&rsquo;am\u00e9liorer continuellement notre gestion de l&rsquo;\u00e9nergie.\u00a0\u00bb uncode_shortcode_id=\u00a0\u00bb176343&Prime; text_color_type=\u00a0\u00bbuncode-palette\u00a0\u00bb text_color_solid=\u00a0\u00bb#ff0000&Prime;]Gestion de l&rsquo;environnement et de l&rsquo;\u00e9nergie[\/vc_custom_heading][vc_custom_heading heading_semantic=\u00a0\u00bbh3&Prime; text_size=\u00a0\u00bbh3&Prime; subheading=\u00a0\u00bbLes employ\u00e9s de Moltex constituent naturellement la pierre angulaire et la force motrice de notre entreprise. Nous misons sur une approche de d\u00e9veloppement du personnel syst\u00e9matique et ax\u00e9e sur la pratique, ainsi que sur l\u2019encouragement et le soutien de la formation continue et des cours de perfectionnement. Nous mettons en relief l\u2019importance de promouvoir l\u2019am\u00e9lioration progressive de l\u2019\u00e9quilibre entre vie professionnelle et vie priv\u00e9e par des mesures efficaces. Il est \u00e9galement important pour nous de sensibiliser l\u2019ensemble de notre personnel aux valeurs du d\u00e9veloppement durable, et nous nous effor\u00e7ons de montrer le bon exemple. C\u2019est un processus qui ne peut se faire qu\u2019ensemble et petit \u00e0 petit. En outre, nous effectuons des audits sociaux de tierce partie (BSCI) dans nos usines afin de garantir des conditions de travail \u00e9quitables.\u00a0\u00bb]Nos employ\u00e9s, pierre angulaire et force motrice de Moltex[\/vc_custom_heading][vc_custom_heading heading_semantic=\u00a0\u00bbh3&Prime; text_size=\u00a0\u00bbh3&Prime; subheading=\u00a0\u00bble produit s&rsquo;est vu d\u00e9cern\u00e9 le label de qualit\u00e9 GREEN BRANDS et, ce, pour la troisi\u00e8me fois cons\u00e9cutive. Le label GREEN BRANDS est attribu\u00e9 aux marques qui contribuent de mani\u00e8re significative \u00e0 la protection de la nature et de l\u2019environnement. Les produits dot\u00e9s de ce label sont fabriqu\u00e9s dans le respect de l\u2019environnement et contribuent de mani\u00e8re coh\u00e9rente et responsable en faveur de la conservation des habitats et des ressources naturelles, de la pr\u00e9servation de la nature et d\u2019une qualit\u00e9 de vie durable. Ce label offre aux consommateurs une norme fiable et les guide dans le choix des produits.\u00a0\u00bb]<span class=\"TextRun BCX0 SCXW51142615\" lang=\"FR\" xml:lang=\"FR\" data-contrast=\"auto\"><span class=\"NormalTextRun BCX0 SCXW51142615\">Distinction de Moltex Pure &amp; Nature :<\/span><\/span>[\/vc_custom_heading][\/vc_column][vc_column width=\u00a0\u00bb1\/6&Prime;][\/vc_column][\/vc_row][vc_row][vc_column width=\u00a0\u00bb1\/1&Prime;][uncode_block id=\u00a0\u00bb1870&Prime;][\/vc_column][\/vc_row][vc_row row_height_percent=\u00a0\u00bb0&Prime; override_padding=\u00a0\u00bbyes\u00a0\u00bb h_padding=\u00a0\u00bb2&Prime; top_padding=\u00a0\u00bb3&Prime; bottom_padding=\u00a0\u00bb2&Prime; overlay_alpha=\u00a0\u00bb50&Prime; gutter_size=\u00a0\u00bb3&Prime; column_width_percent=\u00a0\u00bb100&Prime; shift_y=\u00a0\u00bb0&Prime; z_index=\u00a0\u00bb0&Prime;][vc_column width=\u00a0\u00bb1\/6&Prime;][\/vc_column][vc_column width=\u00a0\u00bb4\/6&Prime;][vc_custom_heading heading_semantic=\u00a0\u00bbh3&Prime; text_size=\u00a0\u00bbh3&Prime;]AllergyCertified[\/vc_custom_heading][vc_column_text]AllergyCertified est le label international garantissant un risque minimum d\u2019allergie cutan\u00e9e. Un toxicologue de l\u2019institut ind\u00e9pendant AllergyCertified effectue une \u00e9valuation approfondie des risques de tous les ingr\u00e9dients pr\u00e9sents dans le produit. Les produits chimiques interdits sont les ingr\u00e9dients reconnus comme allerg\u00e8nes, canc\u00e9rig\u00e8nes et les substances qui perturbent le syst\u00e8me reproducteur (perturbateurs endocriniens).<\/p>\n<p>Pour plus d\u2019informations, veuillez consulter le site <a href=\"http:\/\/allergycertified.com\/\">http:\/\/allergycertified.com\/\u00a0<\/a>[\/vc_column_text][vc_custom_heading heading_semantic=\u00a0\u00bbh3&Prime; text_size=\u00a0\u00bbh3&Prime; uncode_shortcode_id=\u00a0\u00bb154255&Prime;]LABEL DE QUALIT\u00c9 DERMATEST\u00ae [\/vc_custom_heading][vc_column_text]Les produits portant le label 5 \u00e9toiles sont test\u00e9s cliniquement par l\u2019institut ind\u00e9pendant DERMATEST\u00ae, qui garantit que nos produits ne causeront pas d\u2019irritations ou d\u2019allergies cutan\u00e9es \u00e0 court ou \u00e0 long terme. Les tests cliniques comprennent :<\/p>\n<p>\u2013 Des p\u00e9riodes d\u2019essai d\u2019au moins quatre semaines<\/p>\n<p>\u2013 L\u2019application du produit sur des zones d\u00e9finies de la peau<\/p>\n<p>\u2013 L\u2019\u00e9valuation des param\u00e8tres physiologiques de la peau<\/p>\n<p>\u2013 Un test \u00e9picutan\u00e9 final pour exclure un risque d\u2019allergie qui aurait pu se d\u00e9velopper pendant la p\u00e9riode d\u2019essai.<\/p>\n<p>Pour plus d\u2019informations, veuillez consulter le site : <a href=\"http:\/\/www.5-star-guarantee.de\/\">www.5-star-guarantee.de<\/a>[\/vc_column_text][vc_custom_heading heading_semantic=\u00a0\u00bbh3&Prime; text_size=\u00a0\u00bbh3&Prime; uncode_shortcode_id=\u00a0\u00bb620219&Prime;]OEKO-TEX\u00ae STANDARD 100[\/vc_custom_heading][vc_column_text uncode_shortcode_id=\u00a0\u00bb163076&Prime;]OEKO-TEX\u00ae STANDARD 100 est l\u2019un des labels les plus connus au monde qui permet de tester les produits pour d\u00e9tecter s\u2019ils contiennent des substances nocives.<\/p>\n<p>Au cours des tests, de nombreuses substances r\u00e9glement\u00e9es et non r\u00e9glement\u00e9es, qui peuvent \u00eatre nocives pour la sant\u00e9 humaine, sont prises en consid\u00e9ration. Dans plusieurs cas, les valeurs limites du STANDARD 100 d\u00e9passent les exigences nationales et internationales.<\/p>\n<p>Les b\u00e9b\u00e9s ont besoin d\u2019une protection particuli\u00e8re. C\u2019est pourquoi, dans la classe de produits I d\u2019OEKO-TEX\u00ae, les articles textiles pour b\u00e9b\u00e9s sont soumis aux crit\u00e8res les plus rigoureux, compte tenu de la peau sensible de b\u00e9b\u00e9. En outre, nos produits sont test\u00e9s et certifi\u00e9s selon les nouvelles exigences de l\u2019annexe 6, qui sont encore plus rigoureuses que celles de l\u2019annexe 4.<\/p>\n<p>Les produits Moltex sont test\u00e9s pour les substances nocives selon la Norme OEKO-TEX\u00ae STANDARD 100.<\/p>\n<p>Pour plus d\u2019informations, veuillez consulter le site: <a href=\"https:\/\/www.oeko-tex.com\/en\/our-standards\/standard-100-by-oeko-tex\">www.oeko-tex.com\/stardard100<\/a>[\/vc_column_text][vc_custom_heading heading_semantic=\u00a0\u00bbh3&Prime; text_size=\u00a0\u00bbh3&Prime;]Label Cotton enhanced\u2122[\/vc_custom_heading][vc_column_text]L\u2019enveloppe ext\u00e9rieure des couches Moltex est en coton de qualit\u00e9 sup\u00e9rieure.<\/p>\n<p>La marque Seal of Cotton permet aux consommateurs d\u2019identifier plus facilement les produits contenant du coton. Les marques Seal of Cotton et Cotton enhanced\u2122 sont la propri\u00e9t\u00e9 de l\u2019organisation \u00e0 but non lucratif Cotton Incorporated depuis 1973.<\/p>\n<p>Pour plus d\u2019informations, veuillez consulter le site : <a href=\"https:\/\/www.cottoninc.com\/\">www.cottoninc.com<\/a>[\/vc_column_text][vc_custom_heading heading_semantic=\u00a0\u00bbh3&Prime; text_size=\u00a0\u00bbh3&Prime;]Enveloppe ext\u00e9rieure en coton bio[\/vc_custom_heading][vc_column_text uncode_shortcode_id=\u00a0\u00bb156559&Prime;]La couche ext\u00e9rieure de nos couches est en coton biologique, produit et certifi\u00e9 selon des normes d&rsquo;agriculture biologique n&rsquo;autorisant pas l&rsquo;utilisation de produits chimiques toxiques ou d&rsquo;OGM (&#8230;). Cela permet de pr\u00e9server la sant\u00e9 des sols, des \u00e9cosyst\u00e8mes et des personnes.c[\/vc_column_text][vc_custom_heading heading_semantic=\u00a0\u00bbh3&Prime; text_size=\u00a0\u00bbh3&Prime; uncode_shortcode_id=\u00a0\u00bb149293&Prime;]Le voile int\u00e9rieur est 100% d&rsquo;origine\u00a0naturelle[\/vc_custom_heading][vc_column_text uncode_shortcode_id=\u00a0\u00bb114474&Prime;]L\u2019enveloppe int\u00e9rieure douce en contact avec la peau de votre b\u00e9b\u00e9 est 100% d\u2019origine naturelle.[\/vc_column_text][vc_custom_heading heading_semantic=\u00a0\u00bbh3&Prime; text_size=\u00a0\u00bbh3&Prime;]\u00c9colabel UE[\/vc_custom_heading][vc_column_text]Les couches dot\u00e9es du label \u00e9cologique officiel de l\u2019UE garantissent qu\u2019elles respectent les normes environnementales les plus rigoureuses tout au long de leur cycle de vie : de l\u2019extraction des mati\u00e8res premi\u00e8res \u00e0 la production, la distribution et l\u2019\u00e9limination. Le produit doit \u00e9galement r\u00e9pondre \u00e0 des crit\u00e8res de qualit\u00e9 et de performance stricts, permettant aux consommateurs de faire des choix \u00e9cologiques sans avoir \u00e0 faire de compromis sur la qualit\u00e9.<\/p>\n<p>Pour plus d\u2019informations, veuillez consulter le site: <a href=\"https:\/\/ec.europa.eu\/environment\/ecolabel\/\">https:\/\/ec.europa.eu\/environment\/ecolabel\/<\/a>[\/vc_column_text][vc_custom_heading heading_semantic=\u00a0\u00bbh3&Prime; text_size=\u00a0\u00bbh3&Prime;]Label FSC\u00ae[\/vc_custom_heading][vc_column_text]En choisissant des couches \u00e0 flocons (une mati\u00e8re \u00e0 base de p\u00e2te de bois) portant le label FSC\u00ae, vous contribuez \u00e0 la protection des for\u00eats du monde et \u00e0 la lutte contre la d\u00e9forestation. Le Forest Stewardship Council (FSC\u00ae) \u0153uvre \u00e0 la gestion responsable des for\u00eats dans le monde entier, selon des crit\u00e8res sociaux, \u00e9cologiques et \u00e9conomiques rigoureux.<\/p>\n<p>Site Web : <a href=\"https:\/\/fsc.org\/en\">https:\/\/fsc.org\/en<\/a>[\/vc_column_text][vc_custom_heading heading_semantic=\u00a0\u00bbh3&Prime; text_size=\u00a0\u00bbh3&Prime; uncode_shortcode_id=\u00a0\u00bb460710&Prime;]Le sac est compos\u00e9 \u00e0 100 % de mat\u00e9riaux recycl\u00e9s[\/vc_custom_heading][vc_column_text uncode_shortcode_id=\u00a0\u00bb329519&Prime;]Respect de la nature &#8211; l&#8217;emballage des produits Moltex Pure &amp; Nature est compos\u00e9 \u00e0 100 % de mat\u00e9riaux recycl\u00e9s.[\/vc_column_text][\/vc_column][vc_column width=\u00a0\u00bb1\/6&Prime;][\/vc_column][\/vc_row]<\/p>\n<\/div>","protected":false},"excerpt":{"rendered":"<p>[vc_row row_height_percent=\u00a0\u00bb0&Prime; override_padding=\u00a0\u00bbyes\u00a0\u00bb h_padding=\u00a0\u00bb2&Prime; top_padding=\u00a0\u00bb1&Prime; bottom_padding=\u00a0\u00bb2&Prime; overlay_alpha=\u00a0\u00bb50&Prime; gutter_size=\u00a0\u00bb3&Prime; column_width_percent=\u00a0\u00bb100&Prime; shift_y=\u00a0\u00bb0&Prime; z_index=\u00a0\u00bb0&Prime;][vc_column column_width_use_pixel=\u00a0\u00bbyes\u00a0\u00bb align_horizontal=\u00a0\u00bbalign_center\u00a0\u00bb gutter_size=\u00a0\u00bb2&Prime; overlay_alpha=\u00a0\u00bb50&Prime; shift_x=\u00a0\u00bb0&Prime; shift_y=\u00a0\u00bb0&Prime; shift_y_down=\u00a0\u00bb0&Prime; z_index=\u00a0\u00bb0&Prime; medium_width=\u00a0\u00bb0&Prime; [&hellip;]<\/p>\n","protected":false},"author":6,"featured_media":0,"parent":0,"menu_order":197,"comment_status":"closed","ping_status":"closed","template":"","meta":{"_acf_changed":false,"footnotes":""},"height":[],"weight":[],"class_list":["post-2816","page","type-page","status-publish","hentry"],"acf":[],"_links":{"self":[{"href":"https:\/\/www.moltexbaby.com\/fr\/wp-json\/wp\/v2\/pages\/2816","targetHints":{"allow":["GET"]}}],"collection":[{"href":"https:\/\/www.moltexbaby.com\/fr\/wp-json\/wp\/v2\/pages"}],"about":[{"href":"https:\/\/www.moltexbaby.com\/fr\/wp-json\/wp\/v2\/types\/page"}],"author":[{"embeddable":true,"href":"https:\/\/www.moltexbaby.com\/fr\/wp-json\/wp\/v2\/users\/6"}],"replies":[{"embeddable":true,"href":"https:\/\/www.moltexbaby.com\/fr\/wp-json\/wp\/v2\/comments?post=2816"}],"version-history":[{"count":0,"href":"https:\/\/www.moltexbaby.com\/fr\/wp-json\/wp\/v2\/pages\/2816\/revisions"}],"wp:attachment":[{"href":"https:\/\/www.moltexbaby.com\/fr\/wp-json\/wp\/v2\/media?parent=2816"}],"wp:term":[{"taxonomy":"height","embeddable":true,"href":"https:\/\/www.moltexbaby.com\/fr\/wp-json\/wp\/v2\/height?post=2816"},{"taxonomy":"weight","embeddable":true,"href":"https:\/\/www.moltexbaby.com\/fr\/wp-json\/wp\/v2\/weight?post=2816"}],"curies":[{"name":"wp","href":"https:\/\/api.w.org\/{rel}","templated":true}]}}