{"id":2823,"date":"2020-07-08T12:26:23","date_gmt":"2020-07-08T12:26:23","guid":{"rendered":"https:\/\/www.moltexbaby.com\/?page_id=2823"},"modified":"2021-06-08T15:35:01","modified_gmt":"2021-06-08T15:35:01","slug":"mention-legale","status":"publish","type":"page","link":"https:\/\/www.moltexbaby.com\/fr\/mention-legale\/","title":{"rendered":"Mention l\u00e9gale"},"content":{"rendered":"<div class=\"wpb-content-wrapper\"><p>[vc_row][vc_column][vc_column_text]<\/p>\n<h2>Mention l\u00e9gale<\/h2>\n<p><b>Nom et statut juridique de l\u2019entit\u00e9 Ontex\u00a0:<\/b><br \/>\nMoltex Baby-Hygiene GmbH<\/p>\n<p><b>Num\u00e9ro d\u2019enregistrement de la soci\u00e9t\u00e9\u00a0:<\/b><br \/>\nHRB 5260<\/p>\n<p><b>Si\u00e8ge social<\/b>\u00a0<b>:<\/b><br \/>\nRobert-Bosch-Str. 8<br \/>\n56727 Mayen (Allemagne)<\/p>\n<p><b>Num\u00e9ro de TVA<\/b>\u00a0<b>:<\/b>\u00a0DE248 670006<\/p>\n<p><b>E-mail<\/b>\u00a0<b>:<\/b>\u00a0<a href=\"mailto:info@moltex.de\">info@moltex.de\u00a0<\/a><\/p>\n<p><b>Directeur de publication<\/b>\u00a0<b>:<\/b> Ay\u015feg\u00fcl \u00d6zcan, Marketing Manager Ontex brands Europe<\/p>\n<p><b>H\u00e9bergeur Web<\/b>\u00a0<b>:<\/b><br \/>\nWP Engine<br \/>\nIrongate House, 22-30 Duke\u2019s Place<br \/>\nLondon, EC3A 7LP United Kingdom[\/vc_column_text][\/vc_column][\/vc_row]<\/p>\n<\/div>","protected":false},"excerpt":{"rendered":"<p>[vc_row][vc_column][vc_column_text] Mention l\u00e9gale Nom et statut juridique de l\u2019entit\u00e9 Ontex\u00a0: Moltex Baby-Hygiene GmbH Num\u00e9ro d\u2019enregistrement de la soci\u00e9t\u00e9\u00a0: HRB 5260 [&hellip;]<\/p>\n","protected":false},"author":6,"featured_media":0,"parent":0,"menu_order":234,"comment_status":"closed","ping_status":"closed","template":"","meta":{"_acf_changed":false,"footnotes":""},"height":[],"weight":[],"class_list":["post-2823","page","type-page","status-publish","hentry"],"acf":[],"_links":{"self":[{"href":"https:\/\/www.moltexbaby.com\/fr\/wp-json\/wp\/v2\/pages\/2823","targetHints":{"allow":["GET"]}}],"collection":[{"href":"https:\/\/www.moltexbaby.com\/fr\/wp-json\/wp\/v2\/pages"}],"about":[{"href":"https:\/\/www.moltexbaby.com\/fr\/wp-json\/wp\/v2\/types\/page"}],"author":[{"embeddable":true,"href":"https:\/\/www.moltexbaby.com\/fr\/wp-json\/wp\/v2\/users\/6"}],"replies":[{"embeddable":true,"href":"https:\/\/www.moltexbaby.com\/fr\/wp-json\/wp\/v2\/comments?post=2823"}],"version-history":[{"count":0,"href":"https:\/\/www.moltexbaby.com\/fr\/wp-json\/wp\/v2\/pages\/2823\/revisions"}],"wp:attachment":[{"href":"https:\/\/www.moltexbaby.com\/fr\/wp-json\/wp\/v2\/media?parent=2823"}],"wp:term":[{"taxonomy":"height","embeddable":true,"href":"https:\/\/www.moltexbaby.com\/fr\/wp-json\/wp\/v2\/height?post=2823"},{"taxonomy":"weight","embeddable":true,"href":"https:\/\/www.moltexbaby.com\/fr\/wp-json\/wp\/v2\/weight?post=2823"}],"curies":[{"name":"wp","href":"https:\/\/api.w.org\/{rel}","templated":true}]}}