{"id":2825,"date":"2020-07-08T12:35:37","date_gmt":"2020-07-08T12:35:37","guid":{"rendered":"https:\/\/www.moltexbaby.com\/?page_id=2825"},"modified":"2022-05-31T13:13:54","modified_gmt":"2022-05-31T13:13:54","slug":"politique-relative-aux-cookies","status":"publish","type":"page","link":"https:\/\/www.moltexbaby.com\/fr\/politique-relative-aux-cookies\/","title":{"rendered":"Politique relative aux cookies"},"content":{"rendered":"<div class=\"wpb-content-wrapper\"><p>[vc_row][vc_column width=\u00a0\u00bb1\/1&Prime;][vc_column_text uncode_shortcode_id=\u00a0\u00bb728031&Prime;]<\/p>\n<h1 class=\"entry-title\">POLITIQUE RELATIVE AUX COOKIES<\/h1>\n<p>Derni\u00e8re mise \u00e0 jour : 25\/06\/2020<\/p>\n<p>Ce site Web utilise des cookies. La pr\u00e9sente politique vous informe des finalit\u00e9s pour lesquelles Ontex Sant\u00e9 France utilise ces cookies et la mani\u00e8re dont vous pouvez les g\u00e9rer.<\/p>\n<p>&nbsp;<\/p>\n<p><strong>1. Qu\u2019est-ce qu\u2019un cookie?<\/strong><\/p>\n<p>Un \u00ab cookie \u00bb est un fichier de taille limit\u00e9e, g\u00e9n\u00e9ralement constitu\u00e9 de lettres et de chiffres, envoy\u00e9 par le serveur internet au fichier cookie du navigateur situ\u00e9 sur le disque dur de votre ordinateur (ou tout autre appareil reli\u00e9 \u00e0 Internet, tel qu\u2019un smartphone ou une tablette), lorsque vous consultez ce site Web.<br \/>\nUn cookie inclut g\u00e9n\u00e9ralement le nom du site Web dont il provient, sa dur\u00e9e de vie (dur\u00e9e pendant laquelle il reste sur votre appareil) et une valeur, qui est g\u00e9n\u00e9ralement un num\u00e9ro unique g\u00e9n\u00e9r\u00e9 de mani\u00e8re al\u00e9atoire.<\/p>\n<p>Deux types de cookies peuvent \u00eatre utilis\u00e9s : les cookies temporaires et les cookies permanents. Les cookies temporaires sont automatiquement supprim\u00e9s \u00e0 la fin de votre session de navigation. Les cookies permanents restent plus longtemps sur votre appareil, pendant la dur\u00e9e sp\u00e9cifique \u00e0 chaque cookie, et restent valables jusqu\u2019\u00e0 leur date d\u2019expiration (\u00e0 moins qu\u2019ils ne soient supprim\u00e9s par l\u2019utilisateur avant).<\/p>\n<p>Des cookies peuvent \u00eatre utilis\u00e9s par les serveurs web pour identifier et suivre les utilisateurs lorsqu\u2019ils naviguent sur diff\u00e9rentes pages d\u2019un site web et pour identifier les utilisateurs qui reviennent sur un site web.<\/p>\n<p>Les cookies ne contiennent pas d\u2019informations permettant de vous identifier personnellement mais certaines informations personnelles que la soci\u00e9t\u00e9 Ontex stocke vous concernant peuvent \u00eatre li\u00e9es aux informations stock\u00e9es dans des cookies et obtenues \u00e0 partir de ceux-ci. Pour davantage d\u2019informations sur le traitement de vos donn\u00e9es personnelles, veuillez consulter notre <a href=\"\/fr\/politique-de-confidentialite\/\">Politique de confidentialit\u00e9<\/a>.<\/p>\n<p><strong>2. Pour quelles finalit\u00e9s ce site Web utilise-t-il des cookies ?<\/strong><\/p>\n<p>De nombreux cookies de ce site Web ex\u00e9cutent des fonctions ou services essentiels que vous avez demand\u00e9s ou permettent d\u2019assurer la s\u00e9curit\u00e9, comme indiqu\u00e9 dans les tableaux ci-dessous.<\/p>\n<p>Ontex et ses fournisseurs de services peuvent utiliser des cookies afin de collecter des donn\u00e9es agr\u00e9g\u00e9es dans le but de garantir la bonne gestion de son site Web et d\u2019am\u00e9liorer la navigation sur son site Web. Nous pouvons utiliser de tels dispositifs pour suivre les informations sur nos syst\u00e8mes et identifier les cat\u00e9gories de visiteurs en fonction d\u2019\u00e9l\u00e9ments tels que l\u2019adresse IP, le domaine, le type de navigateur et les pages consult\u00e9es. Ces informations sont transmises \u00e0 nos webmasters qui les utilisent pour analyser le nombre de visiteurs dans diff\u00e9rentes parties du site Web et pour veiller \u00e0 ce que notre site Web soit une source d\u2019informations utile et efficace.<\/p>\n<p><strong>3. Quels types de cookies ce site Web utilise-t-il?<\/strong><\/p>\n<p>Les tableaux ci-dessous r\u00e9pertorie les diff\u00e9rents types de cookies utilis\u00e9s par Ontex sur ce site Web, ainsi que leur(s) finalit\u00e9(s) et leur dur\u00e9e de vie.<\/p>\n<p><em>1. Cookies d&rsquo;analyse<\/em>[\/vc_column_text][vc_raw_html]JTNDZGl2JTIwY2xhc3MlM0QlMjJjdXN0b20tY29va2llLXRhYmxlJTIyJTNFJTBBJTNDZGl2JTIwY2xhc3MlM0QlMjJjdXN0b20tY29va2llLWhlYWRlcnMlMjBjdXN0b20tY29va2llLXJvdyUyMiUzRSUwQSUzQ2RpdiUzRU5vbSUyMGR1JTIwY29va2llJTNDJTJGZGl2JTNFJTBBJTNDZGl2JTNFRmluYWxpdCVDMyVBOSUyMGR1JTIwY29va2llJTNDJTJGZGl2JTNFJTBBJTNDZGl2JTNFRHVyJUMzJUE5ZSUyMGR1JTIwY29va2llJTNDJTJGZGl2JTNFJTBBJTNDJTJGZGl2JTNFJTBBJTBBJTNDZGl2JTIwY2xhc3MlM0QlMjJjdXN0b20tY29va2llLXJvdyUyMiUzRSUwQSUzQ2RpdiUyMGNsYXNzJTNEJTIyY29va2llLW5hbWUlMjIlM0VfZ2ElM0MlMkZkaXYlM0UlMEElM0NkaXYlMjBjbGFzcyUzRCUyMmNvb2tpZS1wdXJwb3NlJTIyJTNFSWwlMjBzJTI3YWdpdCUyMGR1JTIwcHJpbmNpcGFsJTIwY29va2llJTIwdXRpbGlzJUMzJUE5JTIwcGFyJTIwR29vZ2xlJTIwQW5hbHl0aWNzLiUyMElsJTIwcGVybWV0JTIwJUMzJUEwJTIwdW4lMjBzZXJ2aWNlJTIwZGUlMjBkaXN0aW5ndWVyJTIwdW4lMjB1dGlsaXNhdGV1ciUyMGQlMjd1biUyMGF1dHJlJTIwZXQlMjBkdXJlJTIwMiUyMGFucy4lMjBJbCUyMGVzdCUyMHV0aWxpcyVDMyVBOSUyMHBhciUyMHRvdXQlMjBzaXRlJTIwcXVpJTIwaW1wbCVDMyVBOW1lbnRlJTIwR29vZ2xlJTIwQW5hbHl0aWNzJTJDJTIweSUyMGNvbXByaXMlMjBsZXMlMjBzZXJ2aWNlcyUyMEdvb2dsZS4lM0MlMkZkaXYlM0UlMEElM0NkaXYlMjBjbGFzcyUzRCUyMmNvb2tpZS1kdXJhdGlvbiUyMiUzRTIlMjBhbnMlM0MlMkZkaXYlM0UlMEElM0MlMkZkaXYlM0UlMEElMEElM0NkaXYlMjBjbGFzcyUzRCUyMmN1c3RvbS1jb29raWUtcm93JTIyJTNFJTBBJTNDZGl2JTIwY2xhc3MlM0QlMjJjb29raWUtbmFtZSUyMiUzRV9nYXQlM0MlMkZkaXYlM0UlMEElM0NkaXYlMjBjbGFzcyUzRCUyMmNvb2tpZS1wdXJwb3NlJTIyJTNFVXRpbGlzJUMzJUE5JTIwcG91ciUyMGxpbWl0ZXIlMjBsZSUyMHRhdXglMjBkZSUyMGRlbWFuZGUuJTIwU2klMjBHb29nbGUlMjBBbmFseXRpY3MlMjBlc3QlMjBkJUMzJUE5cGxveSVDMyVBOSUyMHZpYSUyMEdvb2dsZSUyMFRhZyUyME1hbmFnZXIlMkMlMjBjZSUyMGNvb2tpZSUyMHNlcmElMjBub21tJUMzJUE5JTIwX2RjX2d0bV8uJTNDJTJGZGl2JTNFJTBBJTNDZGl2JTIwY2xhc3MlM0QlMjJjb29raWUtZHVyYXRpb24lMjIlM0UxJTIwam91ciUzQyUyRmRpdiUzRSUwQSUzQyUyRmRpdiUzRSUwQSUwQSUzQ2RpdiUyMGNsYXNzJTNEJTIyY3VzdG9tLWNvb2tpZS1yb3clMjIlM0UlMEElM0NkaXYlMjBjbGFzcyUzRCUyMmNvb2tpZS1uYW1lJTIyJTNFX3V0bWIlM0MlMkZkaXYlM0UlMEElM0NkaXYlMjBjbGFzcyUzRCUyMmNvb2tpZS1wdXJwb3NlJTIyJTNFQ2UlMjBjb29raWUlMjBwZXJtZXQlMjBkZSUyMGNyJUMzJUE5ZXIlMjBldCUyMGRlJTIwcG91cnN1aXZyZSUyMHVuZSUyMHNlc3Npb24lMjBkJUUyJTgwJTk5dXRpbGlzYXRldXIuJTNDJTJGZGl2JTNFJTBBJTNDZGl2JTIwY2xhc3MlM0QlMjJjb29raWUtZHVyYXRpb24lMjIlM0VTZXNzaW9uJTNDJTJGZGl2JTNFJTBBJTNDJTJGZGl2JTNFJTBBJTBBJTBBJTNDZGl2JTIwY2xhc3MlM0QlMjJjdXN0b20tY29va2llLXJvdyUyMiUzRSUwQSUzQ2RpdiUyMGNsYXNzJTNEJTIyY29va2llLW5hbWUlMjIlM0VfdXRtYyUzQyUyRmRpdiUzRSUwQSUzQ2RpdiUyMGNsYXNzJTNEJTIyY29va2llLXB1cnBvc2UlMjIlM0VDZSUyMGNvb2tpZSUyMHBlcm1ldCUyMGRlJTIwZCVDMyVBOXRlcm1pbmVyJTIwc2klMjB1bmUlMjBub3V2ZWxsZSUyMHNlc3Npb24lMjBkb2l0JTIwJUMzJUFBdHJlJTIwb3UlMjBub24lMjBjciVDMyVBOSVDMyVBOWUlMjBwb3VyJTIwbCVFMiU4MCU5OXV0aWxpc2F0ZXVyLiUzQyUyRmRpdiUzRSUwQSUzQ2RpdiUyMGNsYXNzJTNEJTIyY29va2llLWR1cmF0aW9uJTIyJTNFU2Vzc2lvbiUzQyUyRmRpdiUzRSUwQSUzQyUyRmRpdiUzRSUwQSUwQSUzQ2RpdiUyMGNsYXNzJTNEJTIyY3VzdG9tLWNvb2tpZS1yb3clMjIlM0UlMEElM0NkaXYlMjBjbGFzcyUzRCUyMmNvb2tpZS1uYW1lJTIyJTNFX3V0bXQlM0MlMkZkaXYlM0UlMEElM0NkaXYlMjBjbGFzcyUzRCUyMmNvb2tpZS1wdXJwb3NlJTIyJTNFQ2UlMjBjb29raWUlMjBwZXJtZXQlMjBkJUUyJTgwJTk5aW5kaXF1ZXIlMjBsZSUyMHR5cGUlMjBkZSUyMGRlbWFuZGUuJTNDJTJGZGl2JTNFJTBBJTNDZGl2JTIwY2xhc3MlM0QlMjJjb29raWUtZHVyYXRpb24lMjIlM0VTZXNzaW9uJTNDJTJGZGl2JTNFJTBBJTNDJTJGZGl2JTNFJTBBJTBBJTNDZGl2JTIwY2xhc3MlM0QlMjJjdXN0b20tY29va2llLXJvdyUyMiUzRSUwQSUzQ2RpdiUyMGNsYXNzJTNEJTIyY29va2llLW5hbWUlMjIlM0VfdXRteiUzQyUyRmRpdiUzRSUwQSUzQ2RpdiUyMGNsYXNzJTNEJTIyY29va2llLXB1cnBvc2UlMjIlM0VDZSUyMGNvb2tpZSUyMHBlcm1ldCUyMGRlJTIwc3RvY2tlciUyMGxlJTIwdHlwZSUyMGQlRTIlODAlOTlvcmllbnRhdGlvbiUyMHV0aWxpcyVDMyVBOSUyMHBhciUyMGxlJTIwdmlzaXRldXIlMjBwb3VyJTIwYXR0ZWluZHJlJTIwdW4lMjBzaXRlJTIwV2ViLiUzQyUyRmRpdiUzRSUwQSUzQ2RpdiUyMGNsYXNzJTNEJTIyY29va2llLWR1cmF0aW9uJTIyJTNFNiUyMG1vaXMlM0MlMkZkaXYlM0UlMEElM0MlMkZkaXYlM0UlMEElM0MlMkZkaXYlM0U=[\/vc_raw_html][vc_column_text uncode_shortcode_id=\u00a0\u00bb189323&Prime;]<em>2. Cookies de performance<\/em>[\/vc_column_text][vc_raw_html]JTNDZGl2JTIwY2xhc3MlM0QlMjJjdXN0b20tY29va2llLXRhYmxlJTIyJTNFJTBBJTNDZGl2JTIwY2xhc3MlM0QlMjJjdXN0b20tY29va2llLWhlYWRlcnMlMjBjdXN0b20tY29va2llLXJvdyUyMiUzRSUwQSUzQ2RpdiUzRU5vbSUyMGR1JTIwY29va2llJTNDJTJGZGl2JTNFJTBBJTNDZGl2JTNFRmluYWxpdCVDMyVBOSUyMGR1JTIwY29va2llJTNDJTJGZGl2JTNFJTBBJTNDZGl2JTNFRHVyJUMzJUE5ZSUyMGR1JTIwY29va2llJTNDJTJGZGl2JTNFJTBBJTNDJTJGZGl2JTNFJTBBJTNDZGl2JTIwY2xhc3MlM0QlMjJjdXN0b20tY29va2llLXJvdyUyMiUzRSUwQSUzQ2RpdiUyMGNsYXNzJTNEJTIyY29va2llLW5hbWUlMjIlM0VfaGppZCUzQyUyRmRpdiUzRSUwQSUzQ2RpdiUyMGNsYXNzJTNEJTIyY29va2llLXB1cnBvc2UlMjIlM0VDb29raWUlMjBIb3RqYXIlMjBkJUMzJUE5ZmluaSUyMGxvcnNxdWUlMjBsZSUyMGNsaWVudCUyMGFjYyVDMyVBOGRlJTIwcG91ciUyMGxhJTIwcHJlbWklQzMlQThyZSUyMGZvaXMlMjAlQzMlQTAlMjB1bmUlMjBwYWdlJTIwYXZlYyUyMGxlJTIwc2NyaXB0JTIwSG90amFyLiUyMElsJTIwZXN0JTIwdXRpbGlzJUMzJUE5JTIwcG91ciUyMGNvbnNlcnZlciUyMGwlMjdJRCUyMHV0aWxpc2F0ZXVyJTIwSG90amFyJTJDJTIwdW5pcXVlJTIwJUMzJUEwJTIwY2UlMjBzaXRlJTIwc3VyJTIwbGUlMjBuYXZpZ2F0ZXVyLiUyMENlbGElMjBnYXJhbnRpdCUyMHF1ZSUyMGxlJTIwY29tcG9ydGVtZW50JTIwbG9ycyUyMGRlcyUyMHZpc2l0ZXMlMjB1bHQlQzMlQTlyaWV1cmVzJTIwc3VyJTIwbGUlMjBtJUMzJUFBbWUlMjBzaXRlJTIwc2VyYSUyMGF0dHJpYnUlQzMlQTklMjBhdSUyMG0lQzMlQUFtZSUyMElEJTIwdXRpbGlzYXRldXIuJTNDJTJGZGl2JTNFJTBBJTNDZGl2JTIwY2xhc3MlM0QlMjJjb29raWUtZHVyYXRpb24lMjIlM0UxJTIwYW4lM0MlMkZkaXYlM0UlMEElM0MlMkZkaXYlM0UlMEElMEElM0NkaXYlMjBjbGFzcyUzRCUyMmN1c3RvbS1jb29raWUtcm93JTIyJTNFJTBBJTNDZGl2JTIwY2xhc3MlM0QlMjJjb29raWUtbmFtZSUyMiUzRV9oalJlY29yZGluZ0VuYWJsZWQlM0MlMkZkaXYlM0UlMEElM0NkaXYlMjBjbGFzcyUzRCUyMmNvb2tpZS1wdXJwb3NlJTIyJTNFQ2VjaSUyMGVzdCUyMGFqb3V0JUMzJUE5JTIwbG9yc3F1JTI3dW4lMjBlbnJlZ2lzdHJlbWVudCUyMGQlQzMlQTltYXJyZSUyMGV0JTIwZXN0JTIwbHUlMjBsb3JzcXVlJTIwbGUlMjBtb2R1bGUlMjBkJTI3ZW5yZWdpc3RyZW1lbnQlMjBlc3QlMjBpbml0aWFsaXMlQzMlQTklMjBwb3VyJTIwdm9pciUyMHNpJTIwbCUyN3V0aWxpc2F0ZXVyJTIwZXN0JTIwZCVDMyVBOWolQzMlQTAlMjBkYW5zJTIwdW4lMjBlbnJlZ2lzdHJlbWVudCUyMGRhbnMlMjB1bmUlMjBzZXNzaW9uJTIwcGFydGljdWxpJUMzJUE4cmUuJTNDJTJGZGl2JTNFJTBBJTNDZGl2JTIwY2xhc3MlM0QlMjJjb29raWUtZHVyYXRpb24lMjIlM0VTZXNzaW9uJTNDJTJGZGl2JTNFJTBBJTNDJTJGZGl2JTNFJTBBJTBBJTNDZGl2JTIwY2xhc3MlM0QlMjJjdXN0b20tY29va2llLXJvdyUyMiUzRSUwQSUzQ2RpdiUyMGNsYXNzJTNEJTIyY29va2llLW5hbWUlMjIlM0VfaGpSZWNvcmRpbmdMYXN0QWN0aXZpdHklM0MlMkZkaXYlM0UlMEElM0NkaXYlMjBjbGFzcyUzRCUyMmNvb2tpZS1wdXJwb3NlJTIyJTNFQ2VsYSUyMGRldnJhaXQlMjAlQzMlQUF0cmUlMjB0cm91diVDMyVBOSUyMGRhbnMlMjBsZSUyMHN0b2NrYWdlJTIwZGUlMjBzZXNzaW9uJTIwJTI4cGFyJTIwb3Bwb3NpdGlvbiUyMGF1eCUyMGNvb2tpZXMlMjkuJTIwQ2VjaSUyMGVzdCUyMG1pcyUyMCVDMyVBMCUyMGpvdXIlMjBsb3JzcXUlMjd1biUyMGVucmVnaXN0cmVtZW50JTIwdXRpbGlzYXRldXIlMjBkJUMzJUE5bWFycmUlMjBldCUyMGxvcnNxdWUlMjBsZXMlMjBkb25uJUMzJUE5ZXMlMjBzb250JTIwZW52b3klQzMlQTllcyUyMHZpYSUyMFdlYlNvY2tldCUyMCUyOGwlMjd1dGlsaXNhdGV1ciUyMGVmZmVjdHVlJTIwdW5lJTIwYWN0aW9uJTIwcXVlJTIwSG90amFyJTIwZW5yZWdpc3RyZSUyOS4lM0MlMkZkaXYlM0UlMEElM0NkaXYlMjBjbGFzcyUzRCUyMmNvb2tpZS1kdXJhdGlvbiUyMiUzRVNlc3Npb24lM0MlMkZkaXYlM0UlMEElM0MlMkZkaXYlM0UlMEElMEElM0NkaXYlMjBjbGFzcyUzRCUyMmN1c3RvbS1jb29raWUtcm93JTIyJTNFJTBBJTNDZGl2JTIwY2xhc3MlM0QlMjJjb29raWUtbmFtZSUyMiUzRV9oakluY2x1ZGVkSW5QYWdldmlld1NhbXBsZSUzQyUyRmRpdiUzRSUwQSUzQ2RpdiUyMGNsYXNzJTNEJTIyY29va2llLXB1cnBvc2UlMjIlM0VDZSUyMGNvb2tpZSUyMGVzdCUyMGNvbmZpZ3VyJUMzJUE5JTIwcG91ciUyMGluZGlxdWVyJTIwJUMzJUEwJTIwSG90amFyJTIwc2klMjBjZXQlMjB1dGlsaXNhdGV1ciUyMGVzdCUyMGluY2x1cyUyMGRhbnMlMjBsJTI3JUMzJUE5Y2hhbnRpbGxvbm5hZ2UlMjBkZSUyMGRvbm4lQzMlQTllcyUyMGQlQzMlQTlmaW5pJTIwcGFyJTIwbGElMjBsaW1pdGUlMjBkZSUyMHBhZ2VzJTIwdnVlcyUyMGRlJTIwdm90cmUlMjBzaXRlLiUzQyUyRmRpdiUzRSUwQSUzQ2RpdiUyMGNsYXNzJTNEJTIyY29va2llLWR1cmF0aW9uJTIyJTNFMzAlMjBtaW51dGVzJTNDJTJGZGl2JTNFJTBBJTNDJTJGZGl2JTNFJTBBJTBBJTNDZGl2JTIwY2xhc3MlM0QlMjJjdXN0b20tY29va2llLXJvdyUyMiUzRSUwQSUzQ2RpdiUyMGNsYXNzJTNEJTIyY29va2llLW5hbWUlMjIlM0VfaGpJbmNsdWRlZEluUGFnZXZpZXdTYW1wbGUlM0MlMkZkaXYlM0UlMEElM0NkaXYlMjBjbGFzcyUzRCUyMmNvb2tpZS1wdXJwb3NlJTIyJTNFQ2UlMjBjb29raWUlMjBlc3QlMjBjb25maWd1ciVDMyVBOSUyMHBvdXIlMjBpbmRpcXVlciUyMCVDMyVBMCUyMEhvdGphciUyMHNpJTIwY2V0JTIwdXRpbGlzYXRldXIlMjBlc3QlMjBpbmNsdXMlMjBkYW5zJTIwbCUyNyVDMyVBOWNoYW50aWxsb25uYWdlJTIwZGUlMjBkb25uJUMzJUE5ZXMlMjBkJUMzJUE5ZmluaSUyMHBhciUyMGxhJTIwbGltaXRlJTIwZGUlMjBzZXNzaW9uJTIwcXVvdGlkaWVubmUlMjBkZSUyMHZvdHJlJTIwc2l0ZS4lM0MlMkZkaXYlM0UlMEElM0NkaXYlMjBjbGFzcyUzRCUyMmNvb2tpZS1kdXJhdGlvbiUyMiUzRVNlc3Npb24lM0MlMkZkaXYlM0UlMEElM0MlMkZkaXYlM0UlMEElMEElM0NkaXYlMjBjbGFzcyUzRCUyMmN1c3RvbS1jb29raWUtcm93JTIyJTNFJTBBJTNDZGl2JTIwY2xhc3MlM0QlMjJjb29raWUtbmFtZSUyMiUzRV9oakZpcnN0U2VlbiUzQyUyRmRpdiUzRSUwQSUzQ2RpdiUyMGNsYXNzJTNEJTIyY29va2llLXB1cnBvc2UlMjIlM0VDZWNpJTIwZXN0JTIwZCVDMyVBOWZpbmklMjBwb3VyJTIwaWRlbnRpZmllciUyMGxhJTIwcHJlbWklQzMlQThyZSUyMHNlc3Npb24lMjBkJTI3dW4lMjBub3V2ZWwlMjB1dGlsaXNhdGV1ci4lMjBJbCUyMHN0b2NrZSUyMHVuZSUyMHZhbGV1ciUyMHZyYWklMkZmYXV4JTJDJTIwaW5kaXF1YW50JTIwc2klMjBjJTI3JUMzJUE5dGFpdCUyMGxhJTIwcHJlbWklQzMlQThyZSUyMGZvaXMlMjBxdWUlMjBIb3RqYXIlMjB2b3lhaXQlMjBjZXQlMjB1dGlsaXNhdGV1ci4lMjBJbCUyMGVzdCUyMHV0aWxpcyVDMyVBOSUyMHBhciUyMGxlcyUyMGZpbHRyZXMlMjBkJTI3ZW5yZWdpc3RyZW1lbnQlMjBwb3VyJTIwaWRlbnRpZmllciUyMGxlcyUyMG5vdXZlbGxlcyUyMHNlc3Npb25zJTIwdXRpbGlzYXRldXIuJTNDJTJGZGl2JTNFJTBBJTNDZGl2JTIwY2xhc3MlM0QlMjJjb29raWUtZHVyYXRpb24lMjIlM0VTZXNzaW9uJTNDJTJGZGl2JTNFJTBBJTNDJTJGZGl2JTNFJTBBJTBBJTNDZGl2JTIwY2xhc3MlM0QlMjJjdXN0b20tY29va2llLXJvdyUyMiUzRSUwQSUzQ2RpdiUyMGNsYXNzJTNEJTIyY29va2llLW5hbWUlMjIlM0VfaGpSZWNvcmRpbmdFbmFibGVkJTNDJTJGZGl2JTNFJTBBJTNDZGl2JTIwY2xhc3MlM0QlMjJjb29raWUtcHVycG9zZSUyMiUzRUNlY2klMjBlc3QlMjBham91dCVDMyVBOSUyMGxvcnNxdSUyN3VuJTIwZW5yZWdpc3RyZW1lbnQlMjBkJUMzJUE5bWFycmUlMjBldCUyMGVzdCUyMGx1JTIwbG9yc3F1ZSUyMGxlJTIwbW9kdWxlJTIwZCUyN2VucmVnaXN0cmVtZW50JTIwZXN0JTIwaW5pdGlhbGlzJUMzJUE5JTIwcG91ciUyMHZvaXIlMjBzaSUyMGwlMjd1dGlsaXNhdGV1ciUyMGVzdCUyMGQlQzMlQTlqJUMzJUEwJTIwZGFucyUyMHVuJTIwZW5yZWdpc3RyZW1lbnQlMjBkYW5zJTIwdW5lJTIwc2Vzc2lvbiUyMHBhcnRpY3VsaSVDMyVBOHJlLiUzQyUyRmRpdiUzRSUwQSUzQ2RpdiUyMGNsYXNzJTNEJTIyY29va2llLWR1cmF0aW9uJTIyJTNFU2Vzc2lvbiUzQyUyRmRpdiUzRSUwQSUzQyUyRmRpdiUzRSUwQSUzQ2RpdiUyMGNsYXNzJTNEJTIyY3VzdG9tLWNvb2tpZS1yb3clMjIlM0UlMEElM0NkaXYlMjBjbGFzcyUzRCUyMmNvb2tpZS1uYW1lJTIyJTNFVmltZW8lMjB2aWRlbyUyMHBsYXllciUzQyUyRmRpdiUzRSUwQSUzQ2RpdiUyMGNsYXNzJTNEJTIyY29va2llLXB1cnBvc2UlMjIlM0VMZWN0ZXVyJTIwdmlkJUMzJUE5byUyMGludCVDMyVBOWdyYWJsZS4lMjBQb3VyJTIwcGx1cyUyMGQlMjdpbmZvcm1hdGlvbnMlMkMlMjBzJTI3aWwlMjB2b3VzJTIwcGxhJUMzJUFFdCUyMHZpc2l0ZXolMjBsYSUyMHBhZ2UlMjBkZSUyMCUzQ2ElMjB0YXJnZXQlM0QlMjJfYmxhbmslMjIlMjBocmVmJTNEJTIyaHR0cHMlM0ElMkYlMkZ2aW1lby5jb20lMkZjb29raWVfcG9saWN5JTIyJTNFVmltZW8uJTNDJTJGYSUzRSUzQyUyRmRpdiUzRSUwQSUzQ2RpdiUyMGNsYXNzJTNEJTIyY29va2llLWR1cmF0aW9uJTIyJTNFU2Vzc2lvbiUzQyUyRmRpdiUzRSUwQSUzQyUyRmRpdiUzRSUwQSUwQSUzQyUyRmRpdiUzRQ==[\/vc_raw_html][vc_column_text uncode_shortcode_id=\u00a0\u00bb732595&Prime;]<strong>4. Le site Web utilise-t-il des cookies de tiers?<\/strong><\/p>\n<p>Ontex fait appel \u00e0 un certain nombre de fournisseurs qui peuvent \u00e9galement ajouter des cookies sur votre appareil lorsque vous consultez le site Web dans le but de leur permettre d\u2019assurer leurs services. Dans ce cas, ces tiers sont responsables de traitement des donn\u00e9es qu\u2019ils collectent \u00e0 travers leur cookies. Si vous souhaitez de plus amples informations au sujet de ces cookies, afin de consentir \u00e0 leur installation ou\u00a0 \u00a0la proc\u00e9dure permettant de ne plus recevoir de tels cookies, veuillez vous reporter aux politiques de confidentialit\u00e9 des tiers r\u00e9pertori\u00e9s ci-dessous et \u00e0 la banni\u00e8re cookies disponible sur notre site qui vous permet d\u2019exercer vos choix :[\/vc_column_text][vc_raw_html]JTNDZGl2JTIwY2xhc3MlM0QlMjJjdXN0b20tY29va2llLXRhYmxlJTIyJTNFJTBBJTNDZGl2JTIwY2xhc3MlM0QlMjJjdXN0b20tY29va2llLWhlYWRlcnMlMjBjdXN0b20tY29va2llLXJvdyUyMiUzRSUwQSUzQ2RpdiUzRU5vbSUyMGR1JTIwY29va2llJTNDJTJGZGl2JTNFJTBBJTNDZGl2JTNFRmluYWxpdCVDMyVBOSUyMGR1JTIwY29va2llJTNDJTJGZGl2JTNFJTBBJTNDZGl2JTNFRHVyJUMzJUE5ZSUyMGR1JTIwY29va2llJTNDJTJGZGl2JTNFJTBBJTNDJTJGZGl2JTNFJTBBJTBBJTNDZGl2JTIwY2xhc3MlM0QlMjJjdXN0b20tY29va2llLXJvdyUyMiUzRSUwQSUzQ2RpdiUyMGNsYXNzJTNEJTIyY29va2llLW5hbWUlMjIlM0VTdWl2aSUyMGRlcyUyMGNvbnZlcnNpb25zJTIwR29vZ2xlJTIwQWRXb3JkcyUzQyUyRmRpdiUzRSUwQSUzQ2RpdiUyMGNsYXNzJTNEJTIyY29va2llLXB1cnBvc2UlMjIlM0VHb29nbGUlMjB1dGlsaXNlJTIwZGVzJTIwY29va2llcyUyMHBvdXIlMjBhaWRlciUyMGxlcyUyMHNvY2klQzMlQTl0JUMzJUE5cyUyMHF1aSUyMGFjaCVDMyVBOHRlbnQlMjBkZXMlMjBwdWJsaWNpdCVDMyVBOXMlMjBhdXByJUMzJUE4cyUyMGRlJTIwR29vZ2xlJTIwJUMzJUEwJTIwZCVDMyVBOXRlcm1pbmVyJTJDJTIwcGFybWklMjBsZSUyMG5vbWJyZSUyMGRlJTIwcGVyc29ubmVzJTIwYXlhbnQlMjBjbGlxdSVDMyVBOSUyMHN1ciUyMGxldXIlMjBwdWJsaWNpdCVDMyVBOSUyQyUyMGNvbWJpZW4lMjBmaW5pc3NlbnQlMjBwYXIlMjBhY2hldGVyJTIwbGV1cnMlMjBwcm9kdWl0cy4lMjBMZSUyMGNvb2tpZSUyMGRlJTIwc3VpdmklMjBkZXMlMjBjb252ZXJzaW9ucyUyMGVzdCUyMHVuaXF1ZW1lbnQlMjBham91dCVDMyVBOSUyMGF1JTIwbml2ZWF1JTIwZGUlMjB2b3RyZSUyMG5hdmlnYXRldXIlMjBsb3JzcXVlJTIwdm91cyUyMGNsaXF1ZXolMjBzdXIlMjB1bmUlMjBwdWJsaWNpdCVDMyVBOSUyMHB1YmxpJUMzJUE5ZSUyMHBhciUyMEdvb2dsZSUyMHBvdXIlMjBsYXF1ZWxsZSUyMGwlRTIlODAlOTlhbm5vbmNldXIlMjBhJTIwb3B0JUMzJUE5JTIwcG91ciUyMGxlJTIwc3VpdmklMjBkZXMlMjBjb252ZXJzaW9ucy4lMjBDZXMlMjBjb29raWVzJTIwbmUlMjBjb250aWVubmVudCUyMHBhcyUyMGQlRTIlODAlOTlpbmZvcm1hdGlvbnMlMjBwZXJtZXR0YW50JTIwZGUlMjB2b3VzJTIwaWRlbnRpZmllciUyMHBlcnNvbm5lbGxlbWVudC4lMjBTaSUyMGNlJTIwY29va2llJTIwbiVFMiU4MCU5OWVzdCUyMHBhcyUyMGVuY29yZSUyMGFycml2JUMzJUE5JTIwJUMzJUEwJTIwZXhwaXJhdGlvbiUyMGxvcnNxdWUlMjB2b3VzJTIwY29uc3VsdGV6JTIwY2VydGFpbmVzJTIwcGFnZXMlMjBkdSUyMHNpdGUlMjBXZWIlMjBkZSUyMGwlRTIlODAlOTlhbm5vbmNldXIlMkMlMjBjZWx1aS1jaSUyMHBvdXJyYSUyMGQlQzMlQTl0ZXJtaW5lciUyMHF1ZSUyMHZvdXMlMjBhdmV6JTIwYWNjJUMzJUE5ZCVDMyVBOSUyMCVDMyVBMCUyMGNldHRlJTIwcGFnZSUyMGVuJTIwY2xpcXVhbnQlMjBzdXIlMjBsYSUyMHB1YmxpY2l0JUMzJUE5LiUyMENoYXF1ZSUyMGFubm9uY2V1ciUyMHJlJUMzJUE3b2l0JTIwdW4lMjBjb29raWUlMjBkaWZmJUMzJUE5cmVudCUyQyUyMGxlcyUyMHNpdGVzJTIwV2ViJTIwZCVFMiU4MCU5OWFubm9uY2V1cnMlMjBuZSUyMHBhcnRhZ2VudCUyMGRvbmMlMjBhdWN1biUyMGNvb2tpZS4lMjBTaSUyMHZvdXMlMjBzb3VoYWl0ZXolMjBkJUMzJUE5c2FjdGl2ZXIlMjBsZXMlMjBjb29raWVzJTIwZGUlMjBzdWl2aSUyMGRlcyUyMGNvbnZlcnNpb25zJTJDJTIwdm91cyUyMHBvdXZleiUyMGNvbmZpZ3VyZXIlMjB2b3RyZSUyMG5hdmlnYXRldXIlMjBkZSUyMG1hbmklQzMlQThyZSUyMCVDMyVBMCUyMGNlJTIwcXVlJTIwbGVzJTIwY29va2llcyUyMHByb3ZlbmFudCUyMGR1JTIwZG9tYWluZSUyMGdvb2dsZWFkc2VydmljZXMuY29tJTIwc29pZW50JTIwYmxvcXUlQzMlQTlzLiUyMFZvdXMlMjBkZXZleiUyMCVDMyVBOWdhbGVtZW50JTIwZCVDMyVBOXNhY3RpdmVyJTIwdG91cyUyMGxlcyUyMGNvb2tpZXMlMjBwb3VyJTIwYW5udWxlciUyMGxlJTIwc3VpdmklMjBkZXMlMjBjb252ZXJzaW9ucyUyMG1vYmlsZS4lMjBJbCUyMG4lRTIlODAlOTlleGlzdGUlMjBlbiUyMGVmZmV0JTIwcGFzJTIwZGUlMjBwYXJhbSVDMyVBOHRyZXMlMjBwYXIlMjBkb21haW5lJTIwZGFucyUyMGxlcyUyMG5hdmlnYXRldXJzJTIwbW9iaWxlcyUyMGlPUyUyMGV0JTIwQW5kcm9pZCUyMHBvdXIlMjBsZSUyMG1vbWVudC4lMjBEZSUyMHBsdXMlMjBhbXBsZXMlMjBpbmZvcm1hdGlvbnMlMjAlQzMlQTAlMjBjZSUyMHN1amV0JTIwc29udCUyMGRpc3BvbmlibGVzJTIwc3VyJTIwJTNBJTIwJTJGJTJGd3d3Lmdvb2dsZS5jb20lMkZwcml2YWN5X2Fkcy5odG1sLiUzQyUyRmRpdiUzRSUwQSUzQ2RpdiUyMGNsYXNzJTNEJTIyY29va2llLWR1cmF0aW9uJTIyJTNFMzAlMjBqb3VycyUzQyUyRmRpdiUzRSUwQSUzQyUyRmRpdiUzRSUwQSUwQSUwQSUzQyUyRmRpdiUzRQ==[\/vc_raw_html][vc_column_text uncode_shortcode_id=\u00a0\u00bb416099&Prime;]Lorsque vous consultez le site Web, vous pouvez recevoir des cookies de domaines ou sites Web tiers si vous avez consenti \u00e0 ces cookies \u00e0 travers notre banni\u00e8re cookies. Ontex ne contr\u00f4le pas l\u2019ajout de ces cookies. Vous devez donc consulter la banni\u00e8re cookies pr\u00e9sente sur le site Web afin de faire votre choix apr\u00e8s consultation de la politique de confidentialit\u00e9 du \u00a0site Web du tiers concern\u00e9 pour plus d\u2019informations au sujet de ces cookies. Le tiers concern\u00e9 doit vous fournir des informations concernant les cookies ajout\u00e9s et obtenir votre autorisation avant d\u2019ajouter des cookies sur votre appareil.<\/p>\n<p><strong>5. Comment pouvez-vous g\u00e9rer les cookies utilis\u00e9s par le site Web?<\/strong><\/p>\n<p>Si vous avez consenti \u00e0 un cookie, vous pouvez retirer votre consentement \u00e0 tout moment.<\/p>\n<p>Plus pr\u00e9cis\u00e9ment, vous pouvez modifier vos param\u00e8tres de cookies en acc\u00e9dant au Centre de pr\u00e9f\u00e9rence pour les cookies ou \u00e0 la banni\u00e8re cookies accessible sur le Site Web.<\/p>\n<p>Si vous souhaitez vous opposez \u00e0 l\u2019utilisation de cookies par la banni\u00e8re cookies sur le site Web ou si vous souhaitez supprimer ou autoriser de nouveaux cookies sur votre appareil, vous pouvez \u00e9galement modifier les param\u00e8tres dans la banni\u00e8re cookies de mani\u00e8re \u00e0 bloquer les cookies ou \u00e0 vous alerter lorsque des cookies sont envoy\u00e9s \u00e0 votre appareil. Les cookies peuvent \u00eatre g\u00e9r\u00e9s de diff\u00e9rentes mani\u00e8res. Veuillez vous reporter aux consignes de la banni\u00e8re cookies . Pour les cookies qui le permettent, vous pouvez \u00e9galement utiliser \u00a0votre navigateur ou votre aide \u00e0 l\u2019\u00e9cran pour en savoir plus au sujet de la proc\u00e9dure de r\u00e9glage ou de modification des param\u00e8tres de votre navigateur sur :<\/p>\n<p>&#8211; Internet Explorer :\u00a0<a href=\"http:\/\/windows.microsoft.com\/en-US\/windows-vista\/How-to-manage-cookies-in-Internet-Explorer-9\">http:\/\/windows.microsoft.com\/en-US\/windows-vista\/How-to-manage-cookies-in-Internet-Explorer-9<\/a><br \/>\n&#8211; Chrome :\u00a0<a href=\"http:\/\/support.google.com\/chrome\/bin\/answer.py?hl=en-GB&amp;hlrm=nl&amp;answer=95647\">http:\/\/support.google.com\/chrome\/bin\/answer.py?hl=en-GB&amp;hlrm=nl&amp;answer=95647<\/a><br \/>\n&#8211; Firefox :\u00a0<a href=\"http:\/\/support.mozilla.org\/en-US\/kb\/enable-and-disable-cookies-website-preferences?s=cookies&amp;r=5&amp;as=s\">http:\/\/support.mozilla.org\/en-US\/kb\/enable-and-disable-cookies-website-preferences?s=cookies&amp;r=5&amp;as=s<\/a><br \/>\n&#8211; Safari :\u00a0<a href=\"http:\/\/support.apple.com\/kb\/PH5042\">http:\/\/support.apple.com\/kb\/PH5042<\/a><\/p>\n<p>Si vous d\u00e9sactivez les cookies n\u00e9cessaires au fonctionnement ou fonctionnels utilis\u00e9s par le site Web ou si vous supprimez ces cookies d\u2019ores et d\u00e9j\u00e0 install\u00e9s sur votre appareil par le site Web, cela peut avoir un impact lorsque vous naviguez sur le site Web (il est possible, par exemple, que vous ne puissiez pas consulter certaines parties du site Web ou recevoir des informations personnalis\u00e9es lorsque vous consultez le site Web).<\/p>\n<p><strong>6. Mise \u00e0 jour de la pr\u00e9sente Politique relative aux Cookies<\/strong><\/p>\n<p>Si Ontex apporte des modifications \u00e0 ses pratiques en mati\u00e8re de cookies, ces modifications seront int\u00e9gr\u00e9es \u00e0 une version mise \u00e0 jour de la pr\u00e9sente politique. Nous vous informerons \u00e9galement de ces modifications en mettant \u00e0 jour la date d\u2019entr\u00e9e en vigueur en haut de la pr\u00e9sente politique. Sans pr\u00e9judice de vos droits dans le cadre de la loi applicable, Ontex se r\u00e9serve le droit de modifier la pr\u00e9sente politique de temps en temps pour prendre en compte les avanc\u00e9es technologiques, les changements l\u00e9gaux et r\u00e9glementaires et les bonnes pratiques commerciales.<\/p>\n<p>Pour plus d\u2019information concernant vos donn\u00e9es personnelles et les conditions d\u2019exercice de vos droits, veuillez consulter la <a href=\"\/fr\/politique-de-confidentialite\/\">Politique de confidentialit\u00e9 de notre Site Web<\/a>.[\/vc_column_text][\/vc_column][\/vc_row]<\/p>\n<\/div>","protected":false},"excerpt":{"rendered":"<p>[vc_row][vc_column width=\u00a0\u00bb1\/1&Prime;][vc_column_text uncode_shortcode_id=\u00a0\u00bb728031&Prime;] POLITIQUE RELATIVE AUX COOKIES Derni\u00e8re mise \u00e0 jour : 25\/06\/2020 Ce site Web utilise des cookies. La [&hellip;]<\/p>\n","protected":false},"author":6,"featured_media":0,"parent":0,"menu_order":242,"comment_status":"closed","ping_status":"closed","template":"","meta":{"_acf_changed":false,"footnotes":""},"height":[],"weight":[],"class_list":["post-2825","page","type-page","status-publish","hentry"],"acf":[],"_links":{"self":[{"href":"https:\/\/www.moltexbaby.com\/fr\/wp-json\/wp\/v2\/pages\/2825","targetHints":{"allow":["GET"]}}],"collection":[{"href":"https:\/\/www.moltexbaby.com\/fr\/wp-json\/wp\/v2\/pages"}],"about":[{"href":"https:\/\/www.moltexbaby.com\/fr\/wp-json\/wp\/v2\/types\/page"}],"author":[{"embeddable":true,"href":"https:\/\/www.moltexbaby.com\/fr\/wp-json\/wp\/v2\/users\/6"}],"replies":[{"embeddable":true,"href":"https:\/\/www.moltexbaby.com\/fr\/wp-json\/wp\/v2\/comments?post=2825"}],"version-history":[{"count":0,"href":"https:\/\/www.moltexbaby.com\/fr\/wp-json\/wp\/v2\/pages\/2825\/revisions"}],"wp:attachment":[{"href":"https:\/\/www.moltexbaby.com\/fr\/wp-json\/wp\/v2\/media?parent=2825"}],"wp:term":[{"taxonomy":"height","embeddable":true,"href":"https:\/\/www.moltexbaby.com\/fr\/wp-json\/wp\/v2\/height?post=2825"},{"taxonomy":"weight","embeddable":true,"href":"https:\/\/www.moltexbaby.com\/fr\/wp-json\/wp\/v2\/weight?post=2825"}],"curies":[{"name":"wp","href":"https:\/\/api.w.org\/{rel}","templated":true}]}}