{"id":2832,"date":"2020-07-08T12:41:45","date_gmt":"2020-07-08T12:41:45","guid":{"rendered":"https:\/\/www.moltexbaby.com\/?page_id=2832"},"modified":"2020-12-07T23:36:18","modified_gmt":"2020-12-07T23:36:18","slug":"politique-de-confidentialite","status":"publish","type":"page","link":"https:\/\/www.moltexbaby.com\/fr\/politique-de-confidentialite\/","title":{"rendered":"Politique de confidentialit\u00e9"},"content":{"rendered":"<div class=\"wpb-content-wrapper\"><p>[vc_row][vc_column][vc_column_text]<\/p>\r\n<h2 class=\"wp-block-heading\">Politique de confidentialit\u00e9<\/h2>\r\n<p>Le respect de votre vie priv\u00e9e est important pour ONTEX. La pr\u00e9sente politique de confidentialit\u00e9 vous informe sur les modalit\u00e9s de traitement de vos donn\u00e9es personnelles et vos droits.<\/p>\r\n<ol>\r\n<li>Qui est le responsable du traitement de vos donn\u00e9es personnelles?<\/li>\r\n<li>Pour quelles finalit\u00e9s et sur quelle base juridique traitons-nous vos donn\u00e9es personnelles?<\/li>\r\n<li>Avec qui partageons-nous vos donn\u00e9es personnelles?<\/li>\r\n<li>Combien de temps conservons-nous vos donn\u00e9es personnelles?<\/li>\r\n<li>Quels sont vos droits?<\/li>\r\n<li>Contact et r\u00e9clamations<\/li>\r\n<li>Mise \u00e0 jour de la Politique de confidentialit\u00e9<\/li>\r\n<\/ol>\r\n<p>&nbsp;<\/p>\r\n<p><strong>1. Qui est le responsable du traitement de vos donn\u00e9es personnelles?<\/strong><\/p>\r\n<p>Ontex Sant\u00e9 France, soci\u00e9t\u00e9 par actions simplifi\u00e9e (SAS), dont le si\u00e8ge social se situe \u00e0 Quai du Rivage, Dourges (62119), et immatricul\u00e9e sous le num\u00e9ro 502 601 297 (RCS Arras), (\u00ab nous \u00bb ou \u00ab ONTEX \u00bb) est le responsable du traitement de vos donn\u00e9es personnelles.<\/p>\r\n<p>Veuillez noter que ce site Web contient des liens vers d\u2019autres sites web qui ne sont pas g\u00e9r\u00e9s par ONTEX, qui ne rel\u00e8vent pas de la responsabilit\u00e9 de la soci\u00e9t\u00e9 ONTEX et qui ne sont pas r\u00e9gis par la pr\u00e9sente politique. Vous devez consulter les sites web tiers concern\u00e9s et les politiques de confidentialit\u00e9 applicables pour plus d\u2019informations concernant la mani\u00e8re dont ils traitent vos donn\u00e9es personnelles.<\/p>\r\n<p><strong>2. Pour quelles finalit\u00e9s et sur quelle base juridique traitons-nous vos donn\u00e9es personnelles?<\/strong><\/p>\r\n<p>Nous traitons vos donn\u00e9es personnelles collect\u00e9es via le site Web accessible sous l\u2019adresse url suivante : www.moltexbaby.com pour les finalit\u00e9s suivantes, pour lesquelles nous avons \u00e0 chaque fois identifi\u00e9 la base juridique applicable.<\/p>\r\n<table width=\"100%\">\r\n<tbody>\r\n<tr>\r\n<td>\u00a0<\/td>\r\n<td><strong>Finalit\u00e9s pour lesquelles vos donn\u00e9es personnelles sont trait\u00e9es<\/strong><\/td>\r\n<td><strong>Base juridique du traitement de vos donn\u00e9es personnelles:<\/strong><\/td>\r\n<\/tr>\r\n<tr>\r\n<td>1<\/td>\r\n<td>Pour vous fournir les services ou les produits demand\u00e9s sur le site Web\u00a0(ex. : gestion des commandes, de la livraison, des factures et paiements).<\/td>\r\n<td>\r\n<p>Le traitement est n\u00e9cessaire pour l\u2019ex\u00e9cution du contrat conclu entre vous et ONTEX.<\/p>\r\n<\/td>\r\n<\/tr>\r\n<tr>\r\n<td>2<\/td>\r\n<td>Pour tenir notre comptabilit\u00e9.<\/td>\r\n<td>\r\n<p>Le traitement est n\u00e9cessaire au respect de nos obligations l\u00e9gales.<\/p>\r\n<\/td>\r\n<\/tr>\r\n<tr>\r\n<td>3<\/td>\r\n<td>Pour r\u00e9pondre \u00e0 vos demandes d\u2019information ou r\u00e9clamations.<\/td>\r\n<td>Le traitement repose sur votre consentement.<\/td>\r\n<\/tr>\r\n<tr>\r\n<td>4<\/td>\r\n<td>Pour r\u00e9pondre \u00e0 vos demandes d\u2019information ou r\u00e9clamations.<\/td>\r\n<td>\r\n<p>Nous consid\u00e9rons qu\u2019il est dans notre int\u00e9r\u00eat l\u00e9gitime de tenir nos clients inform\u00e9s de nos produits et services, d\u00e8s lors que cela nous permet de pr\u00e9server et d\u00e9velopper nos activit\u00e9s.<\/p>\r\n<p>Toutefois, lorsque la r\u00e8glementation applicable impose d\u2019obtenir votre consentement, nous nous reposerons sur votre consentement comme base juridique du traitement.<\/p>\r\n<\/td>\r\n<\/tr>\r\n<tr>\r\n<td>5<\/td>\r\n<td>Pour am\u00e9liorer le site Web et nos produits et services, nous pouvons \u00e9galement proc\u00e9der \u00e0 la r\u00e9alisation d\u2019enqu\u00eates de satisfaction et d\u2019\u00e9tudes tels que des sondages, des tests produits. Nous pouvons \u00e9galement proc\u00e9der \u00e0 la r\u00e9alisation de statistiques financi\u00e8res.<\/td>\r\n<td>Nous consid\u00e9rons qu\u2019il est dans notre int\u00e9r\u00eat l\u00e9gitime de nous assurer que nos produits et services r\u00e9pondent aux attentes de nos clients, afin de pr\u00e9server et d\u00e9velopper nos activit\u00e9s.<\/td>\r\n<\/tr>\r\n<tr>\r\n<td>6<\/td>\r\n<td>En tant que de besoin, pour assurer la gestion des r\u00e9clamations et plus g\u00e9n\u00e9ralement de tout contentieux.<\/td>\r\n<td>Le traitement repose sur notre int\u00e9r\u00eat l\u00e9gitime.<\/td>\r\n<\/tr>\r\n<\/tbody>\r\n<\/table>\r\n<p><strong>3. Avec qui partageons-nous vos donn\u00e9es personnelles?<\/strong><\/p>\r\n<p>Nous partageons vos donn\u00e9es personnelles collect\u00e9es via le site Web\u00a0avec des prestataires de services, pour les finalit\u00e9s d\u00e9crites \u00e0 l\u2019article 2 ci-dessus , comme la soci\u00e9t\u00e9 de transport, la soci\u00e9t\u00e9 logistique (le magasin), dans le cas auparavant l\u2019agence de marketing. Nous pouvons \u00e9galement partager vos donn\u00e9es personnelles avec les autorit\u00e9s, nos assureurs, avocats, auditeurs, etc. lorsque cela est n\u00e9cessaire aux fins de l&rsquo; int\u00e9r\u00eat l\u00e9gitime d\u2019ONTEX, dans la mesure admise par la loi applicable, ou encore lorsque cela est n\u00e9cessaire au respect d\u2019une obligation l\u00e9gale \u00e0 laquelle nous sommes soumis.<\/p>\r\n<p><strong>4. Combien de temps conservons-nous vos donn\u00e9es personnelles?<\/strong><\/p>\r\n<p>Nous conservons vos donn\u00e9es personnelles aussi longtemps que cela est n\u00e9cessaire pour la r\u00e9alisation des finalit\u00e9s indiqu\u00e9es \u00e0 l\u2019article 2 ci-dessus.\u00a0 Nous conservons vos donn\u00e9es personnelles pour la dur\u00e9e strictement n\u00e9cessaire \u00e0 l\u2019ex\u00e9cution du contrat que nous avons avec vous.<\/p>\r\n<p>Nous conservons\u00a0 \u00e9galement vos donn\u00e9es personnelles utilis\u00e9es \u00e0 des fins de prospection commerciale ou de gestion de la relation commerciale pendant un d\u00e9lai\u00a0 de trois ans \u00e0 compter de votre dernier contact avec Ontex.<\/p>\r\n<p>En outre, nous pouvons conserver certaines de vos donn\u00e9es personnelles en archivage interm\u00e9diaire pour une dur\u00e9e plus importante, notamment lorsque nous y sommes tenus au titre d\u2019une obligation l\u00e9gale ou encore lorsque ces donn\u00e9es sont n\u00e9cessaires pour \u00e9tablir la preuve d\u2019un droit ou d\u2019un contrat afin de r\u00e9pondre aux obligations comptables et fiscales \u00a0Dans ce cas, vos donn\u00e9es personnelles seront archiv\u00e9es et conserv\u00e9es pour la dur\u00e9e impos\u00e9e par la r\u00e8glementation applicable, ou pendant la dur\u00e9e de la prescription l\u00e9gale applicable.<\/p>\r\n<p>Lorsque vos donn\u00e9es personnelles ne seront plus n\u00e9cessaires, nous veillerons \u00e0 ce qu\u2019elles soient soit supprim\u00e9es ou anonymis\u00e9es.<\/p>\r\n<p><strong>5. Quels sont vos droits?<\/strong><\/p>\r\n<p>Vous b\u00e9n\u00e9ficiez d\u2019un certain nombre de droits sur vos donn\u00e9es personnelles. Chacun de ces droits est plus amplement d\u00e9taill\u00e9 ci-dessous :<br \/>\u00a0\u00a0\u00a0\u00a0\u2022\u00a0Retrait du consentement. Vous pouvez r\u00e9voquer \u00e0 tout moment, votre consentement \u00e0 tout traitement de vos donn\u00e9es personnelles fond\u00e9 sur votre consentement.<br \/>\u00a0\u00a0\u00a0\u00a0\u2022\u00a0Acc\u00e8s. Vous pouvez nous demander de confirmer si nous traitons vos donn\u00e9es personnelles et, le cas \u00e9ch\u00e9ant, vous informer des caract\u00e9ristiques du traitement de vos donn\u00e9es personnelles, vous permettre d\u2019y acc\u00e9der et en obtenir une copie.<br \/>\u00a0\u00a0\u00a0\u00a0\u2022\u00a0Rectification. Vous pouvez nous demander de rectifier ou compl\u00e9ter vos donn\u00e9es personnelles si elles sont incorrectes ou incompl\u00e8tes, le cas \u00e9ch\u00e9ant.<br \/>\u00a0\u00a0\u00a0\u00a0\u2022\u00a0Effacement. Vous pouvez nous demander d\u2019effacer vos donn\u00e9es personnelles lorsqu\u2019elles ne sont plus n\u00e9cessaires au regard des finalit\u00e9s pour lesquelles elles ont \u00e9t\u00e9 collect\u00e9es, dans les cas suivants : lorsque vous avez r\u00e9voqu\u00e9 votre consentement \u00e0 la suite de l\u2019exercice de votre droit d\u2019opposition ; lorsqu\u2019elles ont fait l\u2019objet d\u2019un traitement ill\u00e9gal ; ou pour respecter une obligation l\u00e9gale. Nous ne sommes pas tenus de donner suite \u00e0 votre demande d&rsquo;effacement de vos donn\u00e9es personnelles notamment si leur traitement est n\u00e9cessaire au respect d\u2019une obligation l\u00e9gale ou \u00e0 la constatation, l\u2019exercice ou la d\u00e9fense de droits en justice.<br \/>\u00a0\u00a0\u00a0\u00a0\u2022\u00a0Limitation. Vous pouvez nous demander de limiter le traitement de vos donn\u00e9es personnelles (c\u2019est-\u00e0-dire de les conserver sans les utiliser) : lorsque leur exactitude est contest\u00e9e ; lorsque leur traitement est illicite mais que vous ne voulez pas qu\u2019elles soient supprim\u00e9es ; lorsqu\u2019elles sont encore n\u00e9cessaires pour la constatation, l\u2019exercice ou la d\u00e9fense de droits en justice ; lorsque nous v\u00e9rifions l\u2019existence de motifs imp\u00e9rieux dans le cadre de l&rsquo;exercice de votre droit d&rsquo;opposition. Nous pouvons continuer d\u2019utiliser vos donn\u00e9es personnelles \u00e0 la suite d\u2019une demande de restriction : avec votre consentement ; pour la constatation, l\u2019exercice ou la d\u00e9fense de droits en justice; ou pour prot\u00e9ger les droits de toute autre personne physique ou morale.<br \/>\u00a0\u00a0\u00a0\u00a0\u2022\u00a0Portabilit\u00e9. Vous pouvez nous demander de vous fournir vos donn\u00e9es personnelles dans un format structur\u00e9, couramment utilis\u00e9 et lisible par une machine, ou vous pouvez demander qu\u2019elles soient transmises directement \u00e0 un autre responsable de traitement, mais uniquement si le traitement est fond\u00e9 sur votre consentement ou sur l\u2019ex\u00e9cution d\u2019un contrat conclu avec vous et que le traitement est automatis\u00e9.<br \/>\u00a0\u00a0\u00a0\u00a0\u2022\u00a0H\u00e9ritage num\u00e9rique. Vous avez le droit de d\u00e9finir des directives (g\u00e9n\u00e9rales ou sp\u00e9cifiques) relatives au sort de vos donn\u00e9es \u00e0 caract\u00e8re personnel apr\u00e8s votre mort.<br \/>\u00a0\u00a0\u00a0\u00a0\u2022\u00a0Opposition au d\u00e9marchage. Si vous nous fournissez votre num\u00e9ro de t\u00e9l\u00e9phone mais ne souhaitez pas faire l&rsquo;objet de prospection commerciale par voie t\u00e9l\u00e9phonique, vous pouvez gratuitement vous inscrire sur la liste d&rsquo;opposition au d\u00e9marchage t\u00e9l\u00e9phonique Bloctel :\u00a0http:\/\/www.bloctel.gouv.fr<br \/>\u00a0\u00a0\u00a0\u00a0\u2022\u00a0Opposition au traitement de donn\u00e9es personnelles fond\u00e9 sur l\u2019int\u00e9r\u00eat l\u00e9gitime. Vous pouvez vous opposer \u00e0 tout traitement de vos donn\u00e9es personnelles qui est bas\u00e9 sur notre \u00ab int\u00e9r\u00eat l\u00e9gitime \u00bb (cf. article 2) si vous estimez que vos droits et libert\u00e9s fondamentaux sont plus importants que nos int\u00e9r\u00eats l\u00e9gitimes. Votre droit d&rsquo;opposition pourra toutefois \u00eatre limit\u00e9 si nous avons la possibilit\u00e9 de vous apporter la preuve que nos int\u00e9r\u00eats l\u00e9gitimes imp\u00e9rieux pr\u00e9valent.<br \/>\u00a0\u00a0\u00a0\u00a0\u2022\u00a0Opposition au traitement des donn\u00e9es personnelles pour des finalit\u00e9s de prospection. Vous pouvez vous opposer \u00e0 tout moment au traitement de vos donn\u00e9es personnelles \u00e0 des fins de prospection.<\/p>\r\n<p>Vous avez \u00e9galement le droit d\u2019introduire une r\u00e9clamation aupr\u00e8s de l\u2019autorit\u00e9 de contr\u00f4le comp\u00e9tente relative au traitement de vos donn\u00e9es personnelles. En France, l\u2019autorit\u00e9 de contr\u00f4le pour la protection des donn\u00e9es \u00e0 caract\u00e8re personnel est la CNIL (<a href=\"https:\/\/www.cnil.fr\/\">https:\/\/www.cnil.fr\/<\/a>).<\/p>\r\n<p><strong>6. Contact et r\u00e9clamations<\/strong><\/p>\r\n<p>Pour toute question ou r\u00e9clamation concernant la protection de vos donn\u00e9es personnelles collect\u00e9es via le site Web, vous pouvez nous contacter aux coordonn\u00e9es suivantes :\u00a0<a href=\"mailto:dataprotection.france@ontexglobal.com\">dataprotection.france@ontexglobal.com<\/a><\/p>\r\n<p>Vous pouvez \u00e9galement contacter notre D\u00e9l\u00e9gu\u00e9 \u00e0 la Protection des Donn\u00e9es Personnelles aux coordonn\u00e9es suivantes :\u00a0<a href=\"mailto:dataprotection.france@ontexglobal.com\">dataprotection.france@ontexglobal.com<\/a><\/p>\r\n<p><strong>7. Mise \u00e0 jour de la Politique de confidentialit\u00e9<\/strong><\/p>\r\n<p>La politique de confidentialit\u00e9 est applicable \u00e0 compter du 15\/06\/2020.<\/p>\r\n<p>Si ONTEX apporte des modifications \u00e0 ses pratiques en mati\u00e8re de protection des donn\u00e9es, ces modifications seront int\u00e9gr\u00e9es \u00e0 une version mise \u00e0 jour de la pr\u00e9sente politique. Nous vous informerons \u00e9galement de ces modifications en mettant \u00e0 jour la date d\u2019entr\u00e9e en vigueur ici en haut de la pr\u00e9sente politique. Sans pr\u00e9judice de vos droits dans le cadre de la loi applicable, ONTEX se r\u00e9serve le droit de modifier la pr\u00e9sente politique de temps en temps pour prendre en compte les avanc\u00e9es technologiques, les changements l\u00e9gaux et r\u00e9glementaires et les bonnes pratiques commerciales.<\/p>\r\n<p>[\/vc_column_text][\/vc_column][\/vc_row]<\/p><\/div>","protected":false},"excerpt":{"rendered":"<p>[vc_row][vc_column][vc_column_text] Politique de confidentialit\u00e9 Le respect de votre vie priv\u00e9e est important pour ONTEX. La pr\u00e9sente politique de confidentialit\u00e9 vous [&hellip;]<\/p>\n","protected":false},"author":6,"featured_media":0,"parent":0,"menu_order":37,"comment_status":"closed","ping_status":"closed","template":"","meta":{"_acf_changed":false,"footnotes":""},"height":[],"weight":[],"class_list":["post-2832","page","type-page","status-publish","hentry"],"acf":[],"_links":{"self":[{"href":"https:\/\/www.moltexbaby.com\/fr\/wp-json\/wp\/v2\/pages\/2832","targetHints":{"allow":["GET"]}}],"collection":[{"href":"https:\/\/www.moltexbaby.com\/fr\/wp-json\/wp\/v2\/pages"}],"about":[{"href":"https:\/\/www.moltexbaby.com\/fr\/wp-json\/wp\/v2\/types\/page"}],"author":[{"embeddable":true,"href":"https:\/\/www.moltexbaby.com\/fr\/wp-json\/wp\/v2\/users\/6"}],"replies":[{"embeddable":true,"href":"https:\/\/www.moltexbaby.com\/fr\/wp-json\/wp\/v2\/comments?post=2832"}],"version-history":[{"count":0,"href":"https:\/\/www.moltexbaby.com\/fr\/wp-json\/wp\/v2\/pages\/2832\/revisions"}],"wp:attachment":[{"href":"https:\/\/www.moltexbaby.com\/fr\/wp-json\/wp\/v2\/media?parent=2832"}],"wp:term":[{"taxonomy":"height","embeddable":true,"href":"https:\/\/www.moltexbaby.com\/fr\/wp-json\/wp\/v2\/height?post=2832"},{"taxonomy":"weight","embeddable":true,"href":"https:\/\/www.moltexbaby.com\/fr\/wp-json\/wp\/v2\/weight?post=2832"}],"curies":[{"name":"wp","href":"https:\/\/api.w.org\/{rel}","templated":true}]}}