{"id":5674,"date":"2020-07-15T16:52:57","date_gmt":"2020-07-15T16:52:57","guid":{"rendered":"https:\/\/www.moltexbaby.com\/?page_id=5674"},"modified":"2025-07-08T09:40:47","modified_gmt":"2025-07-08T09:40:47","slug":"accueil-2","status":"publish","type":"page","link":"https:\/\/www.moltexbaby.com\/fr\/","title":{"rendered":"Accueil"},"content":{"rendered":"<div class=\"wpb-content-wrapper\"><p>[vc_row row_height_percent=\u00a0\u00bb0&Prime; override_padding=\u00a0\u00bbyes\u00a0\u00bb h_padding=\u00a0\u00bb2&Prime; top_padding=\u00a0\u00bb2&Prime; bottom_padding=\u00a0\u00bb3&Prime; overlay_alpha=\u00a0\u00bb50&Prime; gutter_size=\u00a0\u00bb4&Prime; column_width_percent=\u00a0\u00bb100&Prime; shift_y=\u00a0\u00bb0&Prime; z_index=\u00a0\u00bb0&Prime; el_class=\u00a0\u00bbpadding-side-mobile\u00a0\u00bb][vc_column column_width_percent=\u00a0\u00bb100&Prime; gutter_size=\u00a0\u00bb1&Prime; overlay_alpha=\u00a0\u00bb20&Prime; shift_x=\u00a0\u00bb0&Prime; shift_y=\u00a0\u00bb0&Prime; shift_y_down=\u00a0\u00bb0&Prime; z_index=\u00a0\u00bb0&Prime; medium_width=\u00a0\u00bb0&Prime; mobile_width=\u00a0\u00bb0&Prime; width=\u00a0\u00bb1\/3&Prime;][vc_single_image media=\u00a0\u00bb294&Prime; media_width_percent=\u00a0\u00bb100&Prime;][vc_custom_heading heading_semantic=\u00a0\u00bbh3&Prime; text_size=\u00a0\u00bbh3&Prime; sub_reduced=\u00a0\u00bbyes\u00a0\u00bb subheading=\u00a0\u00bb0 % de chlore, de latex ou de lotion<br \/>\nProduit test\u00e9 pour d\u00e9tecter les substances nocives\u00a0\u00bb]<span class=\"text-accent-color\">Pure<\/span>[\/vc_custom_heading][vc_empty_space empty_h=\u00a0\u00bb2&Prime; desktop_visibility=\u00a0\u00bbyes\u00a0\u00bb medium_visibility=\u00a0\u00bbyes\u00a0\u00bb][\/vc_column][vc_column column_width_percent=\u00a0\u00bb100&Prime; gutter_size=\u00a0\u00bb1&Prime; overlay_alpha=\u00a0\u00bb50&Prime; shift_x=\u00a0\u00bb0&Prime; shift_y=\u00a0\u00bb0&Prime; shift_y_down=\u00a0\u00bb0&Prime; z_index=\u00a0\u00bb0&Prime; medium_width=\u00a0\u00bb0&Prime; mobile_width=\u00a0\u00bb0&Prime; width=\u00a0\u00bb1\/3&Prime;][vc_single_image media=\u00a0\u00bb337&Prime; media_width_percent=\u00a0\u00bb100&Prime;][vc_custom_heading heading_semantic=\u00a0\u00bbh3&Prime; text_size=\u00a0\u00bbh3&Prime; sub_reduced=\u00a0\u00bbyes\u00a0\u00bb subheading=\u00a0\u00bbEn coton doux et biologique<br \/>\nEnveloppe int\u00e9rieure 100% d&rsquo;origine naturelle\u00a0\u00bb uncode_shortcode_id=\u00a0\u00bb145062&Prime; text_color_type=\u00a0\u00bbuncode-palette\u00a0\u00bb text_color_solid=\u00a0\u00bb#ff0000&Prime;]<span class=\"text-accent-color\">D\u00e9licate<\/span>[\/vc_custom_heading][vc_empty_space empty_h=\u00a0\u00bb2&Prime; desktop_visibility=\u00a0\u00bbyes\u00a0\u00bb medium_visibility=\u00a0\u00bbyes\u00a0\u00bb][\/vc_column][vc_column column_width_percent=\u00a0\u00bb100&Prime; gutter_size=\u00a0\u00bb1&Prime; overlay_alpha=\u00a0\u00bb50&Prime; shift_x=\u00a0\u00bb0&Prime; shift_y=\u00a0\u00bb0&Prime; shift_y_down=\u00a0\u00bb0&Prime; z_index=\u00a0\u00bb0&Prime; medium_width=\u00a0\u00bb0&Prime; mobile_width=\u00a0\u00bb0&Prime; width=\u00a0\u00bb1\/3&Prime;][vc_single_image media=\u00a0\u00bb329&Prime; media_width_percent=\u00a0\u00bb100&Prime;][vc_custom_heading heading_semantic=\u00a0\u00bbh3&Prime; text_size=\u00a0\u00bbh3&Prime; sub_reduced=\u00a0\u00bbyes\u00a0\u00bb subheading=\u00a0\u00bbFabriqu\u00e9e \u00e0 base d&rsquo;\u00e9lectricit\u00e9 100 % verte<br \/>\nSacs constitu\u00e9s \u00e0 100% de plastique recycl\u00e9\u00a0\u00bb uncode_shortcode_id=\u00a0\u00bb125259&Prime; text_color_type=\u00a0\u00bbuncode-palette\u00a0\u00bb text_color_solid=\u00a0\u00bb#ff0000&Prime;]<span class=\"text-accent-color\">Ecologique<\/span>[\/vc_custom_heading][vc_empty_space empty_h=\u00a0\u00bb2&Prime; desktop_visibility=\u00a0\u00bbyes\u00a0\u00bb medium_visibility=\u00a0\u00bbyes\u00a0\u00bb][\/vc_column][\/vc_row][vc_row row_height_percent=\u00a0\u00bb0&Prime; override_padding=\u00a0\u00bbyes\u00a0\u00bb h_padding=\u00a0\u00bb2&Prime; top_padding=\u00a0\u00bb3&Prime; bottom_padding=\u00a0\u00bb2&Prime; back_color=\u00a0\u00bbcolor-790432&Prime; back_image=\u00a0\u00bb738&Prime; back_position=\u00a0\u00bbcenter top\u00a0\u00bb overlay_alpha=\u00a0\u00bb50&Prime; gutter_size=\u00a0\u00bb3&Prime; column_width_percent=\u00a0\u00bb100&Prime; shift_y=\u00a0\u00bb0&Prime; z_index=\u00a0\u00bb0&Prime; back_size=\u00a0\u00bb1300px\u00a0\u00bb el_class=\u00a0\u00bbbg-green\u00a0\u00bb][vc_column width=\u00a0\u00bb1\/1&Prime;][vc_empty_space empty_h=\u00a0\u00bb0&Prime; mobile_visibility=\u00a0\u00bbyes\u00a0\u00bb][vc_row_inner row_inner_height_percent=\u00a0\u00bb0&Prime; overlay_alpha=\u00a0\u00bb50&Prime; equal_height=\u00a0\u00bbyes\u00a0\u00bb gutter_size=\u00a0\u00bb3&Prime; shift_y=\u00a0\u00bb0&Prime; z_index=\u00a0\u00bb0&Prime; limit_content=\u00a0\u00bb\u00a0\u00bb][vc_column_inner column_width_percent=\u00a0\u00bb100&Prime; position_vertical=\u00a0\u00bbbottom\u00a0\u00bb align_horizontal=\u00a0\u00bbalign_center\u00a0\u00bb gutter_size=\u00a0\u00bb2&Prime; back_color=\u00a0\u00bbcolor-xsdn\u00a0\u00bb overlay_alpha=\u00a0\u00bb50&Prime; radius=\u00a0\u00bbxl\u00a0\u00bb shift_x=\u00a0\u00bb0&Prime; shift_y=\u00a0\u00bb0&Prime; shift_y_down=\u00a0\u00bb0&Prime; z_index=\u00a0\u00bb0&Prime; medium_width=\u00a0\u00bb0&Prime; mobile_width=\u00a0\u00bb0&Prime; width=\u00a0\u00bb1\/2&Prime; el_class=\u00a0\u00bbmobile-padding\u00a0\u00bb][vc_single_image media=\u00a0\u00bb23315&Prime; media_width_use_pixel=\u00a0\u00bbyes\u00a0\u00bb alignment=\u00a0\u00bbcenter\u00a0\u00bb media_width_pixel=\u00a0\u00bb240&Prime; uncode_shortcode_id=\u00a0\u00bb183957&Prime;][vc_custom_heading sub_reduced=\u00a0\u00bbyes\u00a0\u00bb]Couches[\/vc_custom_heading][uncode_list el_class=\u00a0\u00bbtype-list\u00a0\u00bb]<\/p>\n<ul>\n<li class=\"newborn\">newborn<\/li>\n<li class=\"mini\">mini<\/li>\n<li class=\"midi\">midi<\/li>\n<li class=\"maxi\">MAXI<\/li>\n<li class=\"junior\">junior<\/li>\n<li class=\"xl\">XL<\/li>\n<\/ul>\n<p>[\/uncode_list][vc_empty_space empty_h=\u00a0\u00bb0&Prime;][vc_button button_color=\u00a0\u00bbaccent\u00a0\u00bb size=\u00a0\u00bbbtn-lg\u00a0\u00bb radius=\u00a0\u00bbbtn-circle\u00a0\u00bb outline=\u00a0\u00bbyes\u00a0\u00bb border_width=\u00a0\u00bb0&Prime; link=\u00a0\u00bburl:https%3A%2F%2Fwww.moltexbaby.com%2Ffr%2Fproduits%2F%23diapers|||\u00a0\u00bb]Voir toutes les couches[\/vc_button][\/vc_column_inner][vc_column_inner column_width_percent=\u00a0\u00bb100&Prime; position_vertical=\u00a0\u00bbbottom\u00a0\u00bb align_horizontal=\u00a0\u00bbalign_center\u00a0\u00bb gutter_size=\u00a0\u00bb2&Prime; back_color=\u00a0\u00bbcolor-xsdn\u00a0\u00bb overlay_alpha=\u00a0\u00bb50&Prime; radius=\u00a0\u00bbxl\u00a0\u00bb shift_x=\u00a0\u00bb0&Prime; shift_y=\u00a0\u00bb0&Prime; shift_y_down=\u00a0\u00bb0&Prime; z_index=\u00a0\u00bb0&Prime; medium_width=\u00a0\u00bb0&Prime; mobile_width=\u00a0\u00bb0&Prime; width=\u00a0\u00bb1\/2&Prime;][vc_single_image media=\u00a0\u00bb23337&Prime; media_width_use_pixel=\u00a0\u00bbyes\u00a0\u00bb alignment=\u00a0\u00bbcenter\u00a0\u00bb media_width_pixel=\u00a0\u00bb204&Prime; uncode_shortcode_id=\u00a0\u00bb203359&Prime;][vc_custom_heading sub_reduced=\u00a0\u00bbyes\u00a0\u00bb]Culottes[\/vc_custom_heading][uncode_list el_class=\u00a0\u00bbtype-list\u00a0\u00bb]<\/p>\n<ul>\n<li class=\"maxi\">MAXI<\/li>\n<li class=\"junior\">junior<\/li>\n<li class=\"xl\">XL<\/li>\n<\/ul>\n<p>[\/uncode_list][vc_empty_space empty_h=\u00a0\u00bb0&Prime;][vc_button button_color=\u00a0\u00bbaccent\u00a0\u00bb size=\u00a0\u00bbbtn-lg\u00a0\u00bb radius=\u00a0\u00bbbtn-circle\u00a0\u00bb outline=\u00a0\u00bbyes\u00a0\u00bb border_width=\u00a0\u00bb0&Prime; link=\u00a0\u00bburl:https%3A%2F%2Fwww.moltexbaby.com%2Ffr%2Fproduits%2F%23pants|||\u00a0\u00bb]Voir toutes les culottes[\/vc_button][\/vc_column_inner][\/vc_row_inner][vc_empty_space empty_h=\u00a0\u00bb0&Prime; desktop_visibility=\u00a0\u00bbyes\u00a0\u00bb medium_visibility=\u00a0\u00bbyes\u00a0\u00bb][vc_single_image media=\u00a0\u00bb355&Prime; media_width_use_pixel=\u00a0\u00bbyes\u00a0\u00bb alignment=\u00a0\u00bbcenter\u00a0\u00bb media_width_pixel=\u00a0\u00bb177&Prime; el_class=\u00a0\u00bbmobile-hidden\u00a0\u00bb][\/vc_column][\/vc_row][vc_row row_height_percent=\u00a0\u00bb0&Prime; override_padding=\u00a0\u00bbyes\u00a0\u00bb h_padding=\u00a0\u00bb2&Prime; top_padding=\u00a0\u00bb2&Prime; bottom_padding=\u00a0\u00bb0&Prime; overlay_alpha=\u00a0\u00bb50&Prime; gutter_size=\u00a0\u00bb3&Prime; column_width_percent=\u00a0\u00bb100&Prime; shift_y=\u00a0\u00bb0&Prime; z_index=\u00a0\u00bb0&Prime;][vc_column width=\u00a0\u00bb1\/1&Prime;][vc_empty_space empty_h=\u00a0\u00bb2&Prime; mobile_visibility=\u00a0\u00bbyes\u00a0\u00bb][vc_custom_heading sub_reduced=\u00a0\u00bbyes\u00a0\u00bb]Conseils[\/vc_custom_heading][\/vc_column][\/vc_row][vc_row row_height_percent=\u00a0\u00bb0&Prime; override_padding=\u00a0\u00bbyes\u00a0\u00bb h_padding=\u00a0\u00bb2&Prime; top_padding=\u00a0\u00bb2&Prime; bottom_padding=\u00a0\u00bb2&Prime; overlay_alpha=\u00a0\u00bb50&Prime; gutter_size=\u00a0\u00bb3&Prime; column_width_percent=\u00a0\u00bb100&Prime; shift_y=\u00a0\u00bb0&Prime; z_index=\u00a0\u00bb0&Prime;][vc_column width=\u00a0\u00bb7\/12&Prime;][uncode_index el_id=\u00a0\u00bbindex-mb-main\u00a0\u00bb loop=\u00a0\u00bbsize:1|order_by:date|post_type:post\u00a0\u00bb screen_lg=\u00a0\u00bb1000&Prime; screen_md=\u00a0\u00bb600&Prime; screen_sm=\u00a0\u00bb480&Prime; gutter_size=\u00a0\u00bb0&Prime; post_items=\u00a0\u00bbmedia|featured|onpost|original,title,text|excerpt|170,category|nobg|relative|hide-icon\u00a0\u00bb single_width=\u00a0\u00bb12&Prime; images_size=\u00a0\u00bbsixteen-nine\u00a0\u00bb single_shape=\u00a0\u00bbround\u00a0\u00bb radius=\u00a0\u00bbxl\u00a0\u00bb single_overlay_opacity=\u00a0\u00bb50&Prime; single_overlay_anim=\u00a0\u00bbno\u00a0\u00bb single_padding=\u00a0\u00bb1&Prime; single_text_reduced=\u00a0\u00bbyes\u00a0\u00bb single_title_dimension=\u00a0\u00bbh4&Prime; single_border=\u00a0\u00bbyes\u00a0\u00bb items=\u00a0\u00bbeyIzN19pIjp7InNpbmdsZV93aWR0aCI6IjYifX0=\u00a0\u00bb][vc_empty_space empty_h=\u00a0\u00bb2&Prime; desktop_visibility=\u00a0\u00bbyes\u00a0\u00bb medium_visibility=\u00a0\u00bbyes\u00a0\u00bb][\/vc_column][vc_column width=\u00a0\u00bb5\/12&Prime;][uncode_index el_id=\u00a0\u00bbindex-261159-FR\u00a0\u00bb loop=\u00a0\u00bbsize:3|order_by:date|post_type:post|taxonomy_count:10&Prime; screen_lg=\u00a0\u00bb1000&Prime; screen_md=\u00a0\u00bb600&Prime; screen_sm=\u00a0\u00bb480&Prime; gutter_size=\u00a0\u00bb3&Prime; post_items=\u00a0\u00bbmedia|featured|onpost|original,title,category|nobg|relative|hide-icon\u00a0\u00bb single_text=\u00a0\u00bblateral\u00a0\u00bb single_width=\u00a0\u00bb12&Prime; images_size=\u00a0\u00bbfour-three\u00a0\u00bb single_image_size=\u00a0\u00bb5&Prime; single_shape=\u00a0\u00bbround\u00a0\u00bb radius=\u00a0\u00bbxl\u00a0\u00bb single_overlay_opacity=\u00a0\u00bb50&Prime; single_overlay_anim=\u00a0\u00bbno\u00a0\u00bb single_padding=\u00a0\u00bb2&Prime; single_text_reduced=\u00a0\u00bbyes\u00a0\u00bb single_title_dimension=\u00a0\u00bbh4&Prime; single_border=\u00a0\u00bbyes\u00a0\u00bb items=\u00a0\u00bbeyIzN19pIjp7InNpbmdsZV93aWR0aCI6IjYifX0=\u00a0\u00bb offset=\u00a0\u00bb1&Prime;][\/vc_column][\/vc_row][vc_row row_height_percent=\u00a0\u00bb0&Prime; override_padding=\u00a0\u00bbyes\u00a0\u00bb h_padding=\u00a0\u00bb2&Prime; top_padding=\u00a0\u00bb2&Prime; bottom_padding=\u00a0\u00bb3&Prime; overlay_alpha=\u00a0\u00bb50&Prime; gutter_size=\u00a0\u00bb3&Prime; column_width_percent=\u00a0\u00bb100&Prime; shift_y=\u00a0\u00bb0&Prime; z_index=\u00a0\u00bb0&Prime;][vc_column column_width_percent=\u00a0\u00bb100&Prime; align_horizontal=\u00a0\u00bbalign_center\u00a0\u00bb gutter_size=\u00a0\u00bb3&Prime; overlay_alpha=\u00a0\u00bb50&Prime; shift_x=\u00a0\u00bb0&Prime; shift_y=\u00a0\u00bb0&Prime; shift_y_down=\u00a0\u00bb0&Prime; z_index=\u00a0\u00bb0&Prime; medium_width=\u00a0\u00bb0&Prime; mobile_width=\u00a0\u00bb0&Prime; width=\u00a0\u00bb1\/1&Prime;][vc_button button_color=\u00a0\u00bbaccent\u00a0\u00bb size=\u00a0\u00bbbtn-lg\u00a0\u00bb radius=\u00a0\u00bbbtn-circle\u00a0\u00bb outline=\u00a0\u00bbyes\u00a0\u00bb border_width=\u00a0\u00bb0&Prime; link=\u00a0\u00bburl:https%3A%2F%2Fwww.moltexbaby.com%2Ffr%2Fconseils%2F|title:Advice||\u00a0\u00bb]Consuler tous les conseils[\/vc_button][vc_empty_space empty_h=\u00a0\u00bb2&Prime; mobile_visibility=\u00a0\u00bbyes\u00a0\u00bb][\/vc_column][\/vc_row][vc_row][vc_column width=\u00a0\u00bb1\/1&Prime;][uncode_block id=\u00a0\u00bb1870&Prime;][\/vc_column][\/vc_row][vc_row row_height_percent=\u00a0\u00bb0&Prime; overlay_alpha=\u00a0\u00bb50&Prime; gutter_size=\u00a0\u00bb3&Prime; column_width_percent=\u00a0\u00bb100&Prime; shift_y=\u00a0\u00bb0&Prime; z_index=\u00a0\u00bb0&Prime; mobile_visibility=\u00a0\u00bbyes\u00a0\u00bb][vc_column width=\u00a0\u00bb1\/1&Prime;][vc_empty_space empty_h=\u00a0\u00bb2&Prime;][\/vc_column][\/vc_row][vc_row row_height_percent=\u00a0\u00bb0&Prime; back_image=\u00a0\u00bb1902&Prime; back_repeat=\u00a0\u00bbno-repeat\u00a0\u00bb back_position=\u00a0\u00bbleft bottom\u00a0\u00bb overlay_alpha=\u00a0\u00bb50&Prime; gutter_size=\u00a0\u00bb3&Prime; column_width_percent=\u00a0\u00bb100&Prime; shift_y=\u00a0\u00bb0&Prime; z_index=\u00a0\u00bb0&Prime; front_end_with_slider=\u00a0\u00bbtrue\u00a0\u00bb back_size=\u00a0\u00bbinherit\u00a0\u00bb el_class=\u00a0\u00bbtestimonial\u00a0\u00bb][vc_column width=\u00a0\u00bb1\/1&Prime;][uncode_slider slider_interval=\u00a0\u00bb0&Prime; slider_navspeed=\u00a0\u00bb400&Prime; slider_loop=\u00a0\u00bbyes\u00a0\u00bb slider_hide_dots=\u00a0\u00bbyes\u00a0\u00bb][vc_row_inner row_inner_height_percent=\u00a0\u00bb0&Prime; overlay_alpha=\u00a0\u00bb50&Prime; equal_height=\u00a0\u00bbyes\u00a0\u00bb gutter_size=\u00a0\u00bb3&Prime; shift_y=\u00a0\u00bb0&Prime; z_index=\u00a0\u00bb0&Prime; limit_content=\u00a0\u00bbyes\u00a0\u00bb front_end_with_slider=\u00a0\u00bbtrue\u00a0\u00bb][vc_column_inner width=\u00a0\u00bb1\/2&Prime;][vc_single_image media=\u00a0\u00bb1818&Prime; media_width_percent=\u00a0\u00bb100&Prime;][\/vc_column_inner][vc_column_inner column_width_percent=\u00a0\u00bb100&Prime; position_vertical=\u00a0\u00bbmiddle\u00a0\u00bb gutter_size=\u00a0\u00bb3&Prime; back_image=\u00a0\u00bb1844&Prime; back_repeat=\u00a0\u00bbno-repeat\u00a0\u00bb back_position=\u00a0\u00bbcenter center\u00a0\u00bb overlay_alpha=\u00a0\u00bb50&Prime; shift_x=\u00a0\u00bb0&Prime; shift_y=\u00a0\u00bb0&Prime; shift_y_down=\u00a0\u00bb0&Prime; z_index=\u00a0\u00bb0&Prime; medium_width=\u00a0\u00bb0&Prime; mobile_width=\u00a0\u00bb0&Prime; width=\u00a0\u00bb1\/2&Prime; back_size=\u00a0\u00bbcontain\u00a0\u00bb][vc_column_text]S\u00fbr et pur ! Quand je l\u2019ai vu pour la premi\u00e8re fois en rayons, j\u2019ai pris un paquet et ai d\u00e9couvert que la couche ne contenait aucune substances nocive, \u00e9tait certifi\u00e9 contre les allergies, ce qui garantissait un minimum de risques de faire une allergie. C\u2019\u00e9tait cliniquement prouv\u00e9. Je suis confiante que la couche respecte la peau de ma fille.[\/vc_column_text][vc_custom_heading text_color=\u00a0\u00bbaccent\u00a0\u00bb heading_semantic=\u00a0\u00bbp\u00a0\u00bb text_font=\u00a0\u00bbfont-719727&Prime; text_size=\u00a0\u00bb\u00a0\u00bb text_weight=\u00a0\u00bb800&Prime;]Maman de Maria &#8211; 9 mois[\/vc_custom_heading][\/vc_column_inner][\/vc_row_inner][vc_row_inner row_inner_height_percent=\u00a0\u00bb0&Prime; overlay_alpha=\u00a0\u00bb50&Prime; equal_height=\u00a0\u00bbyes\u00a0\u00bb gutter_size=\u00a0\u00bb3&Prime; shift_y=\u00a0\u00bb0&Prime; z_index=\u00a0\u00bb0&Prime; limit_content=\u00a0\u00bbyes\u00a0\u00bb front_end_with_slider=\u00a0\u00bbtrue\u00a0\u00bb][vc_column_inner width=\u00a0\u00bb1\/2&Prime;][vc_single_image media=\u00a0\u00bb3030&Prime; media_width_percent=\u00a0\u00bb100&Prime;][\/vc_column_inner][vc_column_inner column_width_percent=\u00a0\u00bb100&Prime; position_vertical=\u00a0\u00bbmiddle\u00a0\u00bb gutter_size=\u00a0\u00bb3&Prime; back_image=\u00a0\u00bb1844&Prime; back_repeat=\u00a0\u00bbno-repeat\u00a0\u00bb back_position=\u00a0\u00bbcenter center\u00a0\u00bb overlay_alpha=\u00a0\u00bb50&Prime; shift_x=\u00a0\u00bb0&Prime; shift_y=\u00a0\u00bb0&Prime; shift_y_down=\u00a0\u00bb0&Prime; z_index=\u00a0\u00bb0&Prime; medium_width=\u00a0\u00bb0&Prime; mobile_width=\u00a0\u00bb0&Prime; width=\u00a0\u00bb1\/2&Prime; back_size=\u00a0\u00bbcontain\u00a0\u00bb][vc_column_text uncode_shortcode_id=\u00a0\u00bb383114&Prime;]Nous avons \u00e9t\u00e9 surpris de trouver une couche fabriqu\u00e9e avec 100% d&rsquo;\u00e9lectricit\u00e9 verte, dont la fabrication est respectueuse de l&rsquo;environnement. C&rsquo;est s\u00fbr pour la peau de notre b\u00e9b\u00e9 mais aussi s\u00fbr pour la plan\u00e8te.[\/vc_column_text][vc_custom_heading text_color=\u00a0\u00bbaccent\u00a0\u00bb heading_semantic=\u00a0\u00bbp\u00a0\u00bb text_font=\u00a0\u00bbfont-719727&Prime; text_size=\u00a0\u00bb\u00a0\u00bb text_weight=\u00a0\u00bb800&Prime;]Parents de deux enfants &#8211; 6 mois &amp; 2 ans[\/vc_custom_heading][\/vc_column_inner][\/vc_row_inner][vc_row_inner row_inner_height_percent=\u00a0\u00bb0&Prime; overlay_alpha=\u00a0\u00bb50&Prime; equal_height=\u00a0\u00bbyes\u00a0\u00bb gutter_size=\u00a0\u00bb3&Prime; shift_y=\u00a0\u00bb0&Prime; z_index=\u00a0\u00bb0&Prime; limit_content=\u00a0\u00bbyes\u00a0\u00bb front_end_with_slider=\u00a0\u00bbtrue\u00a0\u00bb][vc_column_inner width=\u00a0\u00bb1\/2&Prime;][vc_single_image media=\u00a0\u00bb3038&Prime; media_width_percent=\u00a0\u00bb100&Prime;][\/vc_column_inner][vc_column_inner column_width_percent=\u00a0\u00bb100&Prime; position_vertical=\u00a0\u00bbmiddle\u00a0\u00bb gutter_size=\u00a0\u00bb3&Prime; back_image=\u00a0\u00bb1844&Prime; back_repeat=\u00a0\u00bbno-repeat\u00a0\u00bb back_position=\u00a0\u00bbcenter center\u00a0\u00bb overlay_alpha=\u00a0\u00bb50&Prime; shift_x=\u00a0\u00bb0&Prime; shift_y=\u00a0\u00bb0&Prime; shift_y_down=\u00a0\u00bb0&Prime; z_index=\u00a0\u00bb0&Prime; medium_width=\u00a0\u00bb0&Prime; mobile_width=\u00a0\u00bb0&Prime; width=\u00a0\u00bb1\/2&Prime; back_size=\u00a0\u00bbcontain\u00a0\u00bb][vc_column_text uncode_shortcode_id=\u00a0\u00bb117083&Prime;]Un confort naturel ! En tant que maman \u00e0 la recherche de plus de naturalit\u00e9, j&rsquo;ai d\u00e9couvert cette marque qui offre jusqu&rsquo;\u00e0 12 heures de maintien au sec avec \u00e0 sa couche int\u00e9rieure super douce et d&rsquo;origine 100% naturelle. C&rsquo;est litt\u00e9ralement ce que je recherchais et j&rsquo;en suis tr\u00e8s satisfaite, mon b\u00e9b\u00e9 aussi.[\/vc_column_text][vc_custom_heading text_color=\u00a0\u00bbaccent\u00a0\u00bb heading_semantic=\u00a0\u00bbp\u00a0\u00bb text_font=\u00a0\u00bbfont-719727&Prime; text_size=\u00a0\u00bb\u00a0\u00bb text_weight=\u00a0\u00bb800&Prime;]Maman de Lucie &#8211; 1,5 ans[\/vc_custom_heading][\/vc_column_inner][\/vc_row_inner][\/uncode_slider][vc_empty_space empty_h=\u00a0\u00bb2&Prime; mobile_visibility=\u00a0\u00bbyes\u00a0\u00bb][\/vc_column][\/vc_row]<\/p>\n<\/div>","protected":false},"excerpt":{"rendered":"<p>[vc_row row_height_percent=\u00a0\u00bb0&Prime; override_padding=\u00a0\u00bbyes\u00a0\u00bb h_padding=\u00a0\u00bb2&Prime; top_padding=\u00a0\u00bb2&Prime; bottom_padding=\u00a0\u00bb3&Prime; overlay_alpha=\u00a0\u00bb50&Prime; gutter_size=\u00a0\u00bb4&Prime; column_width_percent=\u00a0\u00bb100&Prime; shift_y=\u00a0\u00bb0&Prime; z_index=\u00a0\u00bb0&Prime; el_class=\u00a0\u00bbpadding-side-mobile\u00a0\u00bb][vc_column column_width_percent=\u00a0\u00bb100&Prime; gutter_size=\u00a0\u00bb1&Prime; overlay_alpha=\u00a0\u00bb20&Prime; shift_x=\u00a0\u00bb0&Prime; shift_y=\u00a0\u00bb0&Prime; shift_y_down=\u00a0\u00bb0&Prime; z_index=\u00a0\u00bb0&Prime; medium_width=\u00a0\u00bb0&Prime; [&hellip;]<\/p>\n","protected":false},"author":6,"featured_media":0,"parent":0,"menu_order":188,"comment_status":"closed","ping_status":"closed","template":"","meta":{"_acf_changed":false,"footnotes":""},"height":[],"weight":[],"class_list":["post-5674","page","type-page","status-publish","hentry"],"acf":[],"_links":{"self":[{"href":"https:\/\/www.moltexbaby.com\/fr\/wp-json\/wp\/v2\/pages\/5674","targetHints":{"allow":["GET"]}}],"collection":[{"href":"https:\/\/www.moltexbaby.com\/fr\/wp-json\/wp\/v2\/pages"}],"about":[{"href":"https:\/\/www.moltexbaby.com\/fr\/wp-json\/wp\/v2\/types\/page"}],"author":[{"embeddable":true,"href":"https:\/\/www.moltexbaby.com\/fr\/wp-json\/wp\/v2\/users\/6"}],"replies":[{"embeddable":true,"href":"https:\/\/www.moltexbaby.com\/fr\/wp-json\/wp\/v2\/comments?post=5674"}],"version-history":[{"count":0,"href":"https:\/\/www.moltexbaby.com\/fr\/wp-json\/wp\/v2\/pages\/5674\/revisions"}],"wp:attachment":[{"href":"https:\/\/www.moltexbaby.com\/fr\/wp-json\/wp\/v2\/media?parent=5674"}],"wp:term":[{"taxonomy":"height","embeddable":true,"href":"https:\/\/www.moltexbaby.com\/fr\/wp-json\/wp\/v2\/height?post=5674"},{"taxonomy":"weight","embeddable":true,"href":"https:\/\/www.moltexbaby.com\/fr\/wp-json\/wp\/v2\/weight?post=5674"}],"curies":[{"name":"wp","href":"https:\/\/api.w.org\/{rel}","templated":true}]}}