{"id":5761,"date":"2020-07-15T21:14:02","date_gmt":"2020-07-15T21:14:02","guid":{"rendered":"https:\/\/www.moltexbaby.com\/?page_id=5761"},"modified":"2025-08-11T11:21:38","modified_gmt":"2025-08-11T11:21:38","slug":"newborn","status":"publish","type":"page","link":"https:\/\/www.moltexbaby.com\/fr\/produits\/couches\/newborn\/","title":{"rendered":"Newborn"},"content":{"rendered":"<div class=\"wpb-content-wrapper\"><p>[vc_row row_height_percent=\u00a0\u00bb0&Prime; overlay_alpha=\u00a0\u00bb50&Prime; gutter_size=\u00a0\u00bb2&Prime; column_width_percent=\u00a0\u00bb100&Prime; shift_y=\u00a0\u00bb0&Prime; z_index=\u00a0\u00bb0&Prime;][vc_column column_width_use_pixel=\u00a0\u00bbyes\u00a0\u00bb align_horizontal=\u00a0\u00bbalign_center\u00a0\u00bb gutter_size=\u00a0\u00bb3&Prime; override_padding=\u00a0\u00bbyes\u00a0\u00bb column_padding=\u00a0\u00bb3&Prime; back_color=\u00a0\u00bbcolor-lxmt\u00a0\u00bb overlay_alpha=\u00a0\u00bb50&Prime; radius=\u00a0\u00bbxl\u00a0\u00bb shift_x=\u00a0\u00bb0&Prime; shift_y=\u00a0\u00bb0&Prime; shift_y_down=\u00a0\u00bb0&Prime; z_index=\u00a0\u00bb0&Prime; medium_width=\u00a0\u00bb0&Prime; mobile_width=\u00a0\u00bb0&Prime; sticky=\u00a0\u00bbyes\u00a0\u00bb width=\u00a0\u00bb5\/12&Prime; column_width_pixel=\u00a0\u00bb250&Prime;][uncode_list el_class=\u00a0\u00bbtype-list\u00a0\u00bb]<\/p>\n<ul>\n<li class=\"product-category\">Couches<\/li>\n<li class=\"newborn\">newborn<\/li>\n<\/ul>\n<p>[\/uncode_list][vc_row_inner limit_content=\u00a0\u00bb\u00a0\u00bb][vc_column_inner width=\u00a0\u00bb1\/1&Prime;][vc_gallery el_id=\u00a0\u00bbgallery-454102&Prime; type=\u00a0\u00bbcarousel\u00a0\u00bb medias=\u00a0\u00bb24134,24145&Prime; carousel_lg=\u00a0\u00bb1&Prime; carousel_md=\u00a0\u00bb1&Prime; carousel_sm=\u00a0\u00bb1&Prime; thumb_size=\u00a0\u00bbone-one\u00a0\u00bb gutter_size=\u00a0\u00bb3&Prime; media_items=\u00a0\u00bbmedia|lightbox|original\u00a0\u00bb carousel_v_align=\u00a0\u00bbmiddle\u00a0\u00bb carousel_interval=\u00a0\u00bb3000&Prime; carousel_navspeed=\u00a0\u00bb400&Prime; carousel_dots=\u00a0\u00bbyes\u00a0\u00bb carousel_dots_mobile=\u00a0\u00bbyes\u00a0\u00bb stage_padding=\u00a0\u00bb0&Prime; single_overlay_opacity=\u00a0\u00bb50&Prime; single_overlay_anim=\u00a0\u00bbno\u00a0\u00bb single_text_anim=\u00a0\u00bbno\u00a0\u00bb single_image_anim=\u00a0\u00bbno\u00a0\u00bb single_padding=\u00a0\u00bb2&Prime; single_border=\u00a0\u00bbyes\u00a0\u00bb uncode_shortcode_id=\u00a0\u00bb110801&Prime;][\/vc_column_inner][\/vc_row_inner][\/vc_column][vc_column column_width_percent=\u00a0\u00bb80&Prime; gutter_size=\u00a0\u00bb2&Prime; overlay_alpha=\u00a0\u00bb50&Prime; shift_x=\u00a0\u00bb0&Prime; shift_y=\u00a0\u00bb0&Prime; shift_y_down=\u00a0\u00bb0&Prime; z_index=\u00a0\u00bb0&Prime; medium_width=\u00a0\u00bb0&Prime; mobile_width=\u00a0\u00bb0&Prime; width=\u00a0\u00bb7\/12&Prime; el_class=\u00a0\u00bbbloc-product\u00a0\u00bb][vc_empty_space empty_h=\u00a0\u00bb2&Prime; mobile_visibility=\u00a0\u00bbyes\u00a0\u00bb][vc_row_inner row_inner_height_percent=\u00a0\u00bb0&Prime; overlay_alpha=\u00a0\u00bb50&Prime; equal_height=\u00a0\u00bbyes\u00a0\u00bb gutter_size=\u00a0\u00bb3&Prime; shift_y=\u00a0\u00bb0&Prime; z_index=\u00a0\u00bb0&Prime; limit_content=\u00a0\u00bb\u00a0\u00bb][vc_column_inner column_width_percent=\u00a0\u00bb100&Prime; position_vertical=\u00a0\u00bbmiddle\u00a0\u00bb gutter_size=\u00a0\u00bb3&Prime; overlay_alpha=\u00a0\u00bb50&Prime; shift_x=\u00a0\u00bb0&Prime; shift_y=\u00a0\u00bb0&Prime; shift_y_down=\u00a0\u00bb0&Prime; z_index=\u00a0\u00bb0&Prime; medium_width=\u00a0\u00bb0&Prime; mobile_width=\u00a0\u00bb5&Prime; width=\u00a0\u00bb2\/3&Prime;][vc_custom_heading heading_semantic=\u00a0\u00bbh1&Prime;]Newborn[\/vc_custom_heading][\/vc_column_inner][vc_column_inner column_width_percent=\u00a0\u00bb100&Prime; position_vertical=\u00a0\u00bbmiddle\u00a0\u00bb gutter_size=\u00a0\u00bb3&Prime; overlay_alpha=\u00a0\u00bb50&Prime; shift_x=\u00a0\u00bb0&Prime; shift_y=\u00a0\u00bb0&Prime; shift_y_down=\u00a0\u00bb0&Prime; z_index=\u00a0\u00bb0&Prime; medium_width=\u00a0\u00bb0&Prime; mobile_width=\u00a0\u00bb3&Prime; width=\u00a0\u00bb1\/3&Prime;][vc_single_image media=\u00a0\u00bb1244&Prime; media_width_use_pixel=\u00a0\u00bbyes\u00a0\u00bb alignment=\u00a0\u00bbright\u00a0\u00bb media_width_pixel=\u00a0\u00bb60&Prime;][\/vc_column_inner][\/vc_row_inner][vc_column_text uncode_shortcode_id=\u00a0\u00bb328484&Prime;]Nos produits Newborn sont con\u00e7us pour les b\u00e9b\u00e9s pesant entre 2 et 5 kgs.<br \/>\nToutes nos f\u00e9licitations\u00a0! Le petit tr\u00e9sor que vous attendiez avec impatience est enfin arriv\u00e9\u00a0! Vous allez cr\u00e9er un lien avec votre b\u00e9b\u00e9 et savourer chaque instant.<br \/>\nN\u00e9anmoins, le voyage de votre petit ange fut loin d\u2019\u00eatre un long fleuve tranquille. Sa peau est fragile et nos couches \u00e9cologiques vont l\u2019envelopper dans un voile de surface tr\u00e8s doux 100% d\u2019origine naturelle et une couche ext\u00e9rieure contenant du coton biologique.[\/vc_column_text][vc_empty_space empty_h=\u00a0\u00bb2&Prime;][vc_custom_heading heading_semantic=\u00a0\u00bbh4&Prime; text_size=\u00a0\u00bbh4&Prime;]Aussi disponible dans les tailles suivantes :[\/vc_custom_heading][uncode_list el_class=\u00a0\u00bbtype-list\u00a0\u00bb]<\/p>\n<ul>\n<li class=\"mini\">mini<\/li>\n<li class=\"midi\">midi<\/li>\n<li class=\"maxi\">maxi<\/li>\n<li class=\"junior\">junior<\/li>\n<li class=\"XL\">XL<\/li>\n<\/ul>\n<p>[\/uncode_list][uncode_block id=\u00a0\u00bb12083&Prime; inside_column=\u00a0\u00bbyes\u00a0\u00bb][vc_empty_space empty_h=\u00a0\u00bb2&Prime;][vc_single_image media=\u00a0\u00bb1631&Prime; media_width_percent=\u00a0\u00bb100&Prime;][vc_empty_space empty_h=\u00a0\u00bb2&Prime;][vc_custom_heading heading_semantic=\u00a0\u00bbh4&Prime; text_size=\u00a0\u00bbh3&Prime; text_weight=\u00a0\u00bb400&Prime;]Composition[\/vc_custom_heading][vc_empty_space empty_h=\u00a0\u00bb0&Prime;][vc_icon position=\u00a0\u00bbleft\u00a0\u00bb icon_image=\u00a0\u00bb1226&Prime; icon_color=\u00a0\u00bbcolor-wvjs\u00a0\u00bb media_size=\u00a0\u00bb60&Prime; text_size=\u00a0\u00bbh4&Prime; title=\u00a0\u00bb<b>100%<\/b> d&rsquo;origine naturelle\u00a0\u00bb uncode_shortcode_id=\u00a0\u00bb553967&Prime; icon_color_type=\u00a0\u00bbuncode-palette\u00a0\u00bb]Enveloppe int\u00e9rieure super douce 100% d&rsquo;origine naturelle[\/vc_icon][vc_empty_space empty_h=\u00a0\u00bb0&Prime;][vc_icon position=\u00a0\u00bbleft\u00a0\u00bb icon_image=\u00a0\u00bb1210&Prime; icon_color=\u00a0\u00bbcolor-wvjs\u00a0\u00bb media_size=\u00a0\u00bb60&Prime; text_size=\u00a0\u00bbh4&Prime; title=\u00a0\u00bb<b>Confort <\/b> imm\u00e9diat pour la peau\u00a0\u00bb uncode_shortcode_id=\u00a0\u00bb185451&Prime; icon_color_type=\u00a0\u00bbuncode-palette\u00a0\u00bb]Gr\u00e2ce \u00e0 la combinaison de notre technologie de canal brevet\u00e9e avec un syst\u00e8me de mise au sec instantan\u00e9 unique[\/vc_icon][vc_empty_space empty_h=\u00a0\u00bb0&Prime;][vc_icon position=\u00a0\u00bbleft\u00a0\u00bb icon_image=\u00a0\u00bb1178&Prime; icon_color=\u00a0\u00bbcolor-wvjs\u00a0\u00bb media_size=\u00a0\u00bb60&Prime; text_size=\u00a0\u00bbh4&Prime; title=\u00a0\u00bb<b>Doux<\/b> avec la peau\u00a0\u00bb]Avec des ingr\u00e9dients naturels exempts de latex naturel, de lotion et de parfums[\/vc_icon][vc_empty_space empty_h=\u00a0\u00bb0&Prime;][vc_icon position=\u00a0\u00bbleft\u00a0\u00bb icon_image=\u00a0\u00bb1785&Prime; icon_color=\u00a0\u00bbcolor-wvjs\u00a0\u00bb media_size=\u00a0\u00bb60&Prime; heading_semantic=\u00a0\u00bbh4&Prime; text_size=\u00a0\u00bbh4&Prime; title=\u00a0\u00bb<b>Peau <\/b> respect\u00e9e\u00a0\u00bb uncode_shortcode_id=\u00a0\u00bb158908&Prime; icon_color_type=\u00a0\u00bbuncode-palette\u00a0\u00bb]Gr\u00e2ce aux mat\u00e9riaux respirants qui aident \u00e0 faire circuler l&rsquo;air[\/vc_icon][vc_empty_space empty_h=\u00a0\u00bb0&Prime;][vc_icon position=\u00a0\u00bbleft\u00a0\u00bb icon_image=\u00a0\u00bb1218&Prime; icon_color=\u00a0\u00bbcolor-wvjs\u00a0\u00bb media_size=\u00a0\u00bb60&Prime; text_size=\u00a0\u00bbh4&Prime; title=\u00a0\u00bb<b>100%<\/b> sans chlore\u00a0\u00bb uncode_shortcode_id=\u00a0\u00bb106319&Prime; icon_color_type=\u00a0\u00bbuncode-palette\u00a0\u00bb]Fibres de cellulose certifi\u00e9es FSC\u00ae provenant de for\u00eats g\u00e9r\u00e9es de mani\u00e8re responsable[\/vc_icon][vc_empty_space empty_h=\u00a0\u00bb0&Prime;][vc_icon position=\u00a0\u00bbleft\u00a0\u00bb icon_image=\u00a0\u00bb1194&Prime; icon_color=\u00a0\u00bbcolor-wvjs\u00a0\u00bb media_size=\u00a0\u00bb60&Prime; text_size=\u00a0\u00bbh4&Prime; title=\u00a0\u00bb<b>Coton<\/b> doux\u00a0\u00bb]Les marques \u00ab Seal of Cotton \u00bb et \u00ab cotton enhanced\u2122 \u00bb appartiennent \u00e0 Cotton Incorporated. L\u2019enveloppe ext\u00e9rieure de la couche contient 15 % de coton biologique ultra doux.[\/vc_icon][vc_empty_space empty_h=\u00a0\u00bb0&Prime;][vc_icon position=\u00a0\u00bbleft\u00a0\u00bb icon_image=\u00a0\u00bb1202&Prime; icon_color=\u00a0\u00bbcolor-wvjs\u00a0\u00bb media_size=\u00a0\u00bb60&Prime; text_size=\u00a0\u00bbh4&Prime; title=\u00a0\u00bb<b>Design<\/b> moderne\u00a0\u00bb]<\/p>\n<div class=\"compo-accordion-item active\">\n<div class=\"compo-accordion-content\">\n<div class=\"compo-accordion-des\">imprim\u00e9 avec des encres \u00e9cologiques<\/div>\n<\/div>\n<\/div>\n<p>[\/vc_icon][vc_empty_space empty_h=\u00a0\u00bb0&Prime;][vc_button button_color=\u00a0\u00bbaccent\u00a0\u00bb size=\u00a0\u00bbbtn-lg\u00a0\u00bb radius=\u00a0\u00bbbtn-circle\u00a0\u00bb outline=\u00a0\u00bbyes\u00a0\u00bb border_width=\u00a0\u00bb0&Prime; el_class=\u00a0\u00bbbtn-full\u00a0\u00bb link=\u00a0\u00bburl:..%2Fsustainability%2F%23certifications|||\u00a0\u00bb]En savoir plus[\/vc_button][vc_empty_space empty_h=\u00a0\u00bb2&Prime;][vc_custom_heading heading_semantic=\u00a0\u00bbh4&Prime; text_size=\u00a0\u00bbh3&Prime; text_weight=\u00a0\u00bb400&Prime;]Design unique[\/vc_custom_heading][vc_single_image media=\u00a0\u00bb1679&Prime; media_width_percent=\u00a0\u00bb100&Prime;][\/vc_column][\/vc_row]<\/p>\n<\/div>","protected":false},"excerpt":{"rendered":"<p>2-5 KG<\/p>\n","protected":false},"author":6,"featured_media":24134,"parent":5786,"menu_order":1,"comment_status":"closed","ping_status":"closed","template":"","meta":{"_acf_changed":false,"footnotes":""},"height":[],"weight":[],"class_list":["post-5761","page","type-page","status-publish","has-post-thumbnail","hentry","page_category-couches"],"acf":[],"_links":{"self":[{"href":"https:\/\/www.moltexbaby.com\/fr\/wp-json\/wp\/v2\/pages\/5761","targetHints":{"allow":["GET"]}}],"collection":[{"href":"https:\/\/www.moltexbaby.com\/fr\/wp-json\/wp\/v2\/pages"}],"about":[{"href":"https:\/\/www.moltexbaby.com\/fr\/wp-json\/wp\/v2\/types\/page"}],"author":[{"embeddable":true,"href":"https:\/\/www.moltexbaby.com\/fr\/wp-json\/wp\/v2\/users\/6"}],"replies":[{"embeddable":true,"href":"https:\/\/www.moltexbaby.com\/fr\/wp-json\/wp\/v2\/comments?post=5761"}],"version-history":[{"count":0,"href":"https:\/\/www.moltexbaby.com\/fr\/wp-json\/wp\/v2\/pages\/5761\/revisions"}],"up":[{"embeddable":true,"href":"https:\/\/www.moltexbaby.com\/fr\/wp-json\/wp\/v2\/pages\/5786"}],"wp:featuredmedia":[{"embeddable":true,"href":"https:\/\/www.moltexbaby.com\/fr\/wp-json\/wp\/v2\/media\/24134"}],"wp:attachment":[{"href":"https:\/\/www.moltexbaby.com\/fr\/wp-json\/wp\/v2\/media?parent=5761"}],"wp:term":[{"taxonomy":"height","embeddable":true,"href":"https:\/\/www.moltexbaby.com\/fr\/wp-json\/wp\/v2\/height?post=5761"},{"taxonomy":"weight","embeddable":true,"href":"https:\/\/www.moltexbaby.com\/fr\/wp-json\/wp\/v2\/weight?post=5761"}],"curies":[{"name":"wp","href":"https:\/\/api.w.org\/{rel}","templated":true}]}}