{"id":5779,"date":"2020-07-10T21:47:04","date_gmt":"2020-07-10T21:47:04","guid":{"rendered":"https:\/\/www.moltexbaby.com\/?page_id=5779"},"modified":"2025-07-29T10:08:47","modified_gmt":"2025-07-29T10:08:47","slug":"junior","status":"publish","type":"page","link":"https:\/\/www.moltexbaby.com\/fr\/produits\/culottes\/junior\/","title":{"rendered":"Junior"},"content":{"rendered":"<div class=\"wpb-content-wrapper\"><p>[vc_row row_height_percent=\u00a0\u00bb0&Prime; overlay_alpha=\u00a0\u00bb50&Prime; gutter_size=\u00a0\u00bb2&Prime; column_width_percent=\u00a0\u00bb100&Prime; shift_y=\u00a0\u00bb0&Prime; z_index=\u00a0\u00bb0&Prime;][vc_column column_width_use_pixel=\u00a0\u00bbyes\u00a0\u00bb align_horizontal=\u00a0\u00bbalign_center\u00a0\u00bb gutter_size=\u00a0\u00bb3&Prime; override_padding=\u00a0\u00bbyes\u00a0\u00bb column_padding=\u00a0\u00bb3&Prime; back_color=\u00a0\u00bbcolor-lxmt\u00a0\u00bb overlay_alpha=\u00a0\u00bb50&Prime; radius=\u00a0\u00bbxl\u00a0\u00bb shift_x=\u00a0\u00bb0&Prime; shift_y=\u00a0\u00bb0&Prime; shift_y_down=\u00a0\u00bb0&Prime; z_index=\u00a0\u00bb0&Prime; medium_width=\u00a0\u00bb0&Prime; mobile_width=\u00a0\u00bb0&Prime; sticky=\u00a0\u00bbyes\u00a0\u00bb width=\u00a0\u00bb5\/12&Prime; column_width_pixel=\u00a0\u00bb250&Prime;][uncode_list el_class=\u00a0\u00bbtype-list\u00a0\u00bb]<\/p>\n<ul>\n<li class=\"product-category\">Culottes<\/li>\n<li class=\"junior\">junior<\/li>\n<\/ul>\n<p>[\/uncode_list][vc_row_inner limit_content=\u00a0\u00bb\u00a0\u00bb][vc_column_inner width=\u00a0\u00bb1\/1&Prime;][vc_gallery el_id=\u00a0\u00bbgallery-454102&Prime; type=\u00a0\u00bbcarousel\u00a0\u00bb medias=\u00a0\u00bb24096,24085&Prime; carousel_lg=\u00a0\u00bb1&Prime; carousel_md=\u00a0\u00bb1&Prime; carousel_sm=\u00a0\u00bb1&Prime; thumb_size=\u00a0\u00bbone-one\u00a0\u00bb gutter_size=\u00a0\u00bb3&Prime; media_items=\u00a0\u00bbmedia|lightbox|original\u00a0\u00bb carousel_v_align=\u00a0\u00bbmiddle\u00a0\u00bb carousel_interval=\u00a0\u00bb3000&Prime; carousel_navspeed=\u00a0\u00bb400&Prime; carousel_dots=\u00a0\u00bbyes\u00a0\u00bb carousel_dots_mobile=\u00a0\u00bbyes\u00a0\u00bb stage_padding=\u00a0\u00bb0&Prime; single_overlay_opacity=\u00a0\u00bb50&Prime; single_overlay_anim=\u00a0\u00bbno\u00a0\u00bb single_text_anim=\u00a0\u00bbno\u00a0\u00bb single_image_anim=\u00a0\u00bbno\u00a0\u00bb single_padding=\u00a0\u00bb2&Prime; single_border=\u00a0\u00bbyes\u00a0\u00bb uncode_shortcode_id=\u00a0\u00bb194779&Prime;][\/vc_column_inner][\/vc_row_inner][\/vc_column][vc_column column_width_percent=\u00a0\u00bb80&Prime; gutter_size=\u00a0\u00bb2&Prime; overlay_alpha=\u00a0\u00bb50&Prime; shift_x=\u00a0\u00bb0&Prime; shift_y=\u00a0\u00bb0&Prime; shift_y_down=\u00a0\u00bb0&Prime; z_index=\u00a0\u00bb0&Prime; medium_width=\u00a0\u00bb0&Prime; mobile_width=\u00a0\u00bb0&Prime; width=\u00a0\u00bb7\/12&Prime; el_class=\u00a0\u00bbbloc-product\u00a0\u00bb][vc_empty_space empty_h=\u00a0\u00bb2&Prime; mobile_visibility=\u00a0\u00bbyes\u00a0\u00bb][vc_row_inner row_inner_height_percent=\u00a0\u00bb0&Prime; overlay_alpha=\u00a0\u00bb50&Prime; equal_height=\u00a0\u00bbyes\u00a0\u00bb gutter_size=\u00a0\u00bb3&Prime; shift_y=\u00a0\u00bb0&Prime; z_index=\u00a0\u00bb0&Prime; limit_content=\u00a0\u00bb\u00a0\u00bb][vc_column_inner column_width_percent=\u00a0\u00bb100&Prime; position_vertical=\u00a0\u00bbmiddle\u00a0\u00bb gutter_size=\u00a0\u00bb3&Prime; overlay_alpha=\u00a0\u00bb50&Prime; shift_x=\u00a0\u00bb0&Prime; shift_y=\u00a0\u00bb0&Prime; shift_y_down=\u00a0\u00bb0&Prime; z_index=\u00a0\u00bb0&Prime; medium_width=\u00a0\u00bb0&Prime; mobile_width=\u00a0\u00bb5&Prime; width=\u00a0\u00bb2\/3&Prime;][vc_custom_heading heading_semantic=\u00a0\u00bbh1&Prime;]Junior[\/vc_custom_heading][\/vc_column_inner][vc_column_inner column_width_percent=\u00a0\u00bb100&Prime; position_vertical=\u00a0\u00bbmiddle\u00a0\u00bb gutter_size=\u00a0\u00bb3&Prime; overlay_alpha=\u00a0\u00bb50&Prime; shift_x=\u00a0\u00bb0&Prime; shift_y=\u00a0\u00bb0&Prime; shift_y_down=\u00a0\u00bb0&Prime; z_index=\u00a0\u00bb0&Prime; medium_width=\u00a0\u00bb0&Prime; mobile_width=\u00a0\u00bb3&Prime; width=\u00a0\u00bb1\/3&Prime;][vc_single_image media=\u00a0\u00bb1244&Prime; media_width_use_pixel=\u00a0\u00bbyes\u00a0\u00bb alignment=\u00a0\u00bbright\u00a0\u00bb media_width_pixel=\u00a0\u00bb60&Prime;][\/vc_column_inner][\/vc_row_inner][vc_column_text]Les tailles Junior sont cr\u00e9\u00e9es pour les jeunes enfants de 9 \u00e0 14 kgs.<\/p>\n<p>Combien de fois avez-vous entendu \u00ab\u00a0ils grandissent trop vite\u00a0\u00bb\u00a0?<\/p>\n<p>Nos culottes \u00e9co peuvent \u00eatre le meilleur compagnon de votre enfant dans sa croissance. Notre design moderne facilite le moment du change pour les parents et l\u2019enfant, en combinant s\u00e9curit\u00e9 et praticit\u00e9 en 3 \u00e9tapes\u00a0: enfiler, \u00e9tirer et d\u00e9chirer.[\/vc_column_text][vc_empty_space empty_h=\u00a0\u00bb2&Prime;][vc_custom_heading heading_semantic=\u00a0\u00bbh4&Prime; text_size=\u00a0\u00bbh4&Prime;]Aussi disponibles dans d&rsquo;autres tailles :[\/vc_custom_heading][uncode_list el_class=\u00a0\u00bbtype-list\u00a0\u00bb]<\/p>\n<ul>\n<li class=\"xl\">XL<\/li>\n<\/ul>\n<p>[\/uncode_list][uncode_block id=\u00a0\u00bb12131&Prime; inside_column=\u00a0\u00bbyes\u00a0\u00bb][vc_empty_space empty_h=\u00a0\u00bb2&Prime;][vc_single_image media=\u00a0\u00bb1599&Prime; media_width_percent=\u00a0\u00bb100&Prime;][vc_empty_space empty_h=\u00a0\u00bb2&Prime;][vc_custom_heading heading_semantic=\u00a0\u00bbh4&Prime; text_size=\u00a0\u00bbh3&Prime; text_weight=\u00a0\u00bb400&Prime;]Composition[\/vc_custom_heading][vc_empty_space empty_h=\u00a0\u00bb0&Prime;][vc_icon position=\u00a0\u00bbleft\u00a0\u00bb icon_image=\u00a0\u00bb1226&Prime; icon_color=\u00a0\u00bbcolor-wvjs\u00a0\u00bb media_size=\u00a0\u00bb60&Prime; text_size=\u00a0\u00bbh4&Prime; title=\u00a0\u00bb<b>100%<\/b> d&rsquo;origine naturelle\u00a0\u00bb uncode_shortcode_id=\u00a0\u00bb204822&Prime; icon_color_type=\u00a0\u00bbuncode-palette\u00a0\u00bb]Enveloppe int\u00e9rieure super douce 100% d&rsquo;origine naturelle[\/vc_icon][vc_empty_space empty_h=\u00a0\u00bb0&Prime;][vc_icon position=\u00a0\u00bbleft\u00a0\u00bb icon_image=\u00a0\u00bb1210&Prime; icon_color=\u00a0\u00bbcolor-wvjs\u00a0\u00bb media_size=\u00a0\u00bb60&Prime; text_size=\u00a0\u00bbh4&Prime; title=\u00a0\u00bb<b>Comfort <\/b> imm\u00e9diat pour la peau\u00a0\u00bb]Gr\u00e2ce \u00e0 la combinaison de notre technologie de canal brevet\u00e9e avec un syst\u00e8me de mise au sec instantan\u00e9 unique[\/vc_icon][vc_empty_space empty_h=\u00a0\u00bb0&Prime;][vc_icon position=\u00a0\u00bbleft\u00a0\u00bb icon_image=\u00a0\u00bb1178&Prime; icon_color=\u00a0\u00bbcolor-wvjs\u00a0\u00bb media_size=\u00a0\u00bb60&Prime; text_size=\u00a0\u00bbh4&Prime; title=\u00a0\u00bb<b>Doux<\/b> avec la peau\u00a0\u00bb]Avec des ingr\u00e9dients naturels exempts de latex naturel, de lotion et de parfums[\/vc_icon][vc_empty_space empty_h=\u00a0\u00bb0&Prime;][vc_icon position=\u00a0\u00bbleft\u00a0\u00bb icon_image=\u00a0\u00bb1218&Prime; icon_color=\u00a0\u00bbcolor-wvjs\u00a0\u00bb media_size=\u00a0\u00bb60&Prime; text_size=\u00a0\u00bbh4&Prime; title=\u00a0\u00bb<b>100%<\/b> sans chlore\u00a0\u00bb]P\u00e2te en flocons certifi\u00e9e FSC\u00ae provenant de for\u00eats g\u00e9r\u00e9es de mani\u00e8re responsable[\/vc_icon][vc_empty_space empty_h=\u00a0\u00bb0&Prime;][vc_icon position=\u00a0\u00bbleft\u00a0\u00bb icon_image=\u00a0\u00bb1202&Prime; icon_color=\u00a0\u00bbcolor-wvjs\u00a0\u00bb media_size=\u00a0\u00bb60&Prime; text_size=\u00a0\u00bbh4&Prime; title=\u00a0\u00bb<b>Design<\/b> moderne\u00a0\u00bb]<\/p>\n<div class=\"compo-accordion-item active\">\n<div class=\"compo-accordion-content\">\n<div class=\"compo-accordion-des\">imprim\u00e9 avec des encres \u00e9cologiques<\/div>\n<\/div>\n<\/div>\n<p>[\/vc_icon][vc_empty_space empty_h=\u00a0\u00bb0&Prime;][vc_icon position=\u00a0\u00bbleft\u00a0\u00bb icon_image=\u00a0\u00bb1194&Prime; icon_color=\u00a0\u00bbcolor-wvjs\u00a0\u00bb media_size=\u00a0\u00bb60&Prime; text_size=\u00a0\u00bbh4&Prime; title=\u00a0\u00bb<b>Coton<\/b> doux\u00a0\u00bb]Les marques \u00ab Seal of Cotton \u00bb et \u00ab cotton enhanced\u2122 \u00bb appartiennent \u00e0 Cotton Incorporated. L\u2019enveloppe ext\u00e9rieure de la couche contient 15 % de coton biologique ultra doux.[\/vc_icon][vc_empty_space empty_h=\u00a0\u00bb0&Prime;][vc_icon position=\u00a0\u00bbleft\u00a0\u00bb icon_image=\u00a0\u00bb1186&Prime; icon_color=\u00a0\u00bbcolor-wvjs\u00a0\u00bb media_size=\u00a0\u00bb60&Prime; text_size=\u00a0\u00bbh4&Prime; title=\u00a0\u00bb<b>Ajustement<\/b> comfortable\u00a0\u00bb]Enti\u00e8rement extensible et facile \u00e0 changer, notre culotte \u00e9cologique fournira l&rsquo;ind\u00e9pendance dont votre enfant a besoin[\/vc_icon][vc_empty_space empty_h=\u00a0\u00bb0&Prime;][vc_button button_color=\u00a0\u00bbaccent\u00a0\u00bb size=\u00a0\u00bbbtn-lg\u00a0\u00bb radius=\u00a0\u00bbbtn-circle\u00a0\u00bb outline=\u00a0\u00bbyes\u00a0\u00bb border_width=\u00a0\u00bb0&Prime; el_class=\u00a0\u00bbbtn-full\u00a0\u00bb link=\u00a0\u00bburl:..%2Fsustainability%2F%23certifications|||\u00a0\u00bb]En savoir plus[\/vc_button][vc_empty_space empty_h=\u00a0\u00bb2&Prime;][vc_custom_heading heading_semantic=\u00a0\u00bbh4&Prime; text_size=\u00a0\u00bbh3&Prime; text_weight=\u00a0\u00bb400&Prime;]Design unique[\/vc_custom_heading][vc_single_image media=\u00a0\u00bb1718&Prime; media_width_percent=\u00a0\u00bb100&Prime;][\/vc_column][\/vc_row]<\/p>\n<\/div>","protected":false},"excerpt":{"rendered":"<p>11-25 KG<\/p>\n","protected":false},"author":6,"featured_media":24096,"parent":5788,"menu_order":155,"comment_status":"closed","ping_status":"closed","template":"","meta":{"_acf_changed":false,"footnotes":""},"height":[],"weight":[],"class_list":["post-5779","page","type-page","status-publish","has-post-thumbnail","hentry","page_category-culottes"],"acf":[],"_links":{"self":[{"href":"https:\/\/www.moltexbaby.com\/fr\/wp-json\/wp\/v2\/pages\/5779","targetHints":{"allow":["GET"]}}],"collection":[{"href":"https:\/\/www.moltexbaby.com\/fr\/wp-json\/wp\/v2\/pages"}],"about":[{"href":"https:\/\/www.moltexbaby.com\/fr\/wp-json\/wp\/v2\/types\/page"}],"author":[{"embeddable":true,"href":"https:\/\/www.moltexbaby.com\/fr\/wp-json\/wp\/v2\/users\/6"}],"replies":[{"embeddable":true,"href":"https:\/\/www.moltexbaby.com\/fr\/wp-json\/wp\/v2\/comments?post=5779"}],"version-history":[{"count":0,"href":"https:\/\/www.moltexbaby.com\/fr\/wp-json\/wp\/v2\/pages\/5779\/revisions"}],"up":[{"embeddable":true,"href":"https:\/\/www.moltexbaby.com\/fr\/wp-json\/wp\/v2\/pages\/5788"}],"wp:featuredmedia":[{"embeddable":true,"href":"https:\/\/www.moltexbaby.com\/fr\/wp-json\/wp\/v2\/media\/24096"}],"wp:attachment":[{"href":"https:\/\/www.moltexbaby.com\/fr\/wp-json\/wp\/v2\/media?parent=5779"}],"wp:term":[{"taxonomy":"height","embeddable":true,"href":"https:\/\/www.moltexbaby.com\/fr\/wp-json\/wp\/v2\/height?post=5779"},{"taxonomy":"weight","embeddable":true,"href":"https:\/\/www.moltexbaby.com\/fr\/wp-json\/wp\/v2\/weight?post=5779"}],"curies":[{"name":"wp","href":"https:\/\/api.w.org\/{rel}","templated":true}]}}