{"id":10920,"date":"2020-10-20T15:48:36","date_gmt":"2020-10-20T15:48:36","guid":{"rendered":"https:\/\/www.moltexbaby.com\/?page_id=10920"},"modified":"2025-07-08T09:43:05","modified_gmt":"2025-07-08T09:43:05","slug":"homepage","status":"publish","type":"page","link":"https:\/\/www.moltexbaby.com\/hu\/","title":{"rendered":"Homepage"},"content":{"rendered":"<div class=\"wpb-content-wrapper\"><p>[vc_row row_height_percent=&#8221;0&#8243; override_padding=&#8221;yes&#8221; h_padding=&#8221;2&#8243; top_padding=&#8221;2&#8243; bottom_padding=&#8221;3&#8243; overlay_alpha=&#8221;50&#8243; gutter_size=&#8221;4&#8243; column_width_percent=&#8221;100&#8243; shift_y=&#8221;0&#8243; z_index=&#8221;0&#8243; el_class=&#8221;padding-side-mobile&#8221;][vc_column column_width_percent=&#8221;100&#8243; gutter_size=&#8221;1&#8243; overlay_alpha=&#8221;20&#8243; shift_x=&#8221;0&#8243; shift_y=&#8221;0&#8243; shift_y_down=&#8221;0&#8243; z_index=&#8221;0&#8243; medium_width=&#8221;0&#8243; mobile_width=&#8221;0&#8243; width=&#8221;1\/3&#8243;][vc_single_image media=&#8221;294&#8243; media_width_percent=&#8221;100&#8243;][vc_custom_heading heading_semantic=&#8221;h3&#8243; text_size=&#8221;h3&#8243; sub_reduced=&#8221;yes&#8221; subheading=&#8221;0% kl\u00f3r, latex,<br \/>\ntest\u00e1pol\u00f3 K\u00e1rosanyagokra tesztelve&#8221;]<span style=\"color: #bdcf9b;\"><span class=\"TextRun SCXW238843544 BCX0\" lang=\"HU\" xml:lang=\"HU\" data-contrast=\"none\"><span class=\"NormalTextRun SCXW238843544 BCX0\">Tiszta <\/span><\/span><\/span>vagyok[\/vc_custom_heading][vc_empty_space empty_h=&#8221;2&#8243; desktop_visibility=&#8221;yes&#8221; medium_visibility=&#8221;yes&#8221;][\/vc_column][vc_column column_width_percent=&#8221;100&#8243; gutter_size=&#8221;1&#8243; overlay_alpha=&#8221;50&#8243; shift_x=&#8221;0&#8243; shift_y=&#8221;0&#8243; shift_y_down=&#8221;0&#8243; z_index=&#8221;0&#8243; medium_width=&#8221;0&#8243; mobile_width=&#8221;0&#8243; width=&#8221;1\/3&#8243;][vc_single_image media=&#8221;337&#8243; media_width_percent=&#8221;100&#8243;][vc_custom_heading heading_semantic=&#8221;h3&#8243; text_size=&#8221;h3&#8243; sub_reduced=&#8221;yes&#8221; subheading=&#8221;Puha, organikus pamutb\u00f3l,<br \/>\n100% term\u00e9szetes eredet\u0171 bels\u0151 r\u00e9teg&#8221; uncode_shortcode_id=&#8221;120623&#8243; text_color_type=&#8221;uncode-palette&#8221; text_color_solid=&#8221;#ff0000&#8243;]<span class=\"text-accent-color\"><span class=\"TextRun SCXW152366697 BCX0\" lang=\"HU\" xml:lang=\"HU\" data-contrast=\"none\"><span class=\"NormalTextRun SCXW152366697 BCX0\">Selymes <\/span><\/span><\/span>vagyok[\/vc_custom_heading][vc_empty_space empty_h=&#8221;2&#8243; desktop_visibility=&#8221;yes&#8221; medium_visibility=&#8221;yes&#8221;][\/vc_column][vc_column column_width_percent=&#8221;100&#8243; gutter_size=&#8221;1&#8243; overlay_alpha=&#8221;50&#8243; shift_x=&#8221;0&#8243; shift_y=&#8221;0&#8243; shift_y_down=&#8221;0&#8243; z_index=&#8221;0&#8243; medium_width=&#8221;0&#8243; mobile_width=&#8221;0&#8243; width=&#8221;1\/3&#8243;][vc_single_image media=&#8221;329&#8243; media_width_percent=&#8221;100&#8243;][vc_custom_heading heading_semantic=&#8221;h3&#8243; text_size=&#8221;h3&#8243; sub_reduced=&#8221;yes&#8221; subheading=&#8221;100%-ban z\u00f6ld \u00e1ram el\u0151\u00e1ll\u00edtva<br \/>\nA t\u00e1ska 100%-ban \u00fajrahasznos\u00edtott anyag&#8221; uncode_shortcode_id=&#8221;248735&#8243; text_color_type=&#8221;uncode-palette&#8221; text_color_solid=&#8221;#ff0000&#8243;]<span class=\"text-accent-color\"><span class=\"TextRun SCXW26031937 BCX0\" lang=\"HU\" xml:lang=\"HU\" data-contrast=\"none\"><span class=\"NormalTextRun SCXW26031937 BCX0\">K\u00f6rnyezetbar\u00e1t<\/span><\/span><\/span><span class=\"TextRun SCXW26031937 BCX0\" lang=\"HU\" xml:lang=\"HU\" data-contrast=\"none\"><span class=\"NormalTextRun SCXW26031937 BCX0\">\u00a0vagyok<\/span><\/span><span class=\"EOP SCXW26031937 BCX0\" data-ccp-props=\"{&quot;201341983&quot;:0,&quot;335559740&quot;:276}\">\u00a0<\/span>[\/vc_custom_heading][vc_empty_space empty_h=&#8221;2&#8243; desktop_visibility=&#8221;yes&#8221; medium_visibility=&#8221;yes&#8221;][\/vc_column][\/vc_row][vc_row row_height_percent=&#8221;0&#8243; override_padding=&#8221;yes&#8221; h_padding=&#8221;2&#8243; top_padding=&#8221;3&#8243; bottom_padding=&#8221;2&#8243; back_color=&#8221;color-790432&#8243; back_image=&#8221;738&#8243; back_position=&#8221;center top&#8221; overlay_alpha=&#8221;50&#8243; gutter_size=&#8221;3&#8243; column_width_percent=&#8221;100&#8243; shift_y=&#8221;0&#8243; z_index=&#8221;0&#8243; back_size=&#8221;1300px&#8221; el_class=&#8221;bg-green&#8221;][vc_column width=&#8221;1\/1&#8243;][vc_empty_space empty_h=&#8221;0&#8243; mobile_visibility=&#8221;yes&#8221;][vc_row_inner row_inner_height_percent=&#8221;0&#8243; overlay_alpha=&#8221;50&#8243; equal_height=&#8221;yes&#8221; gutter_size=&#8221;3&#8243; shift_y=&#8221;0&#8243; z_index=&#8221;0&#8243; limit_content=&#8221;&#8221;][vc_column_inner column_width_percent=&#8221;100&#8243; position_vertical=&#8221;bottom&#8221; align_horizontal=&#8221;align_center&#8221; gutter_size=&#8221;2&#8243; back_color=&#8221;color-xsdn&#8221; overlay_alpha=&#8221;50&#8243; radius=&#8221;xl&#8221; shift_x=&#8221;0&#8243; shift_y=&#8221;0&#8243; shift_y_down=&#8221;0&#8243; z_index=&#8221;0&#8243; medium_width=&#8221;0&#8243; mobile_width=&#8221;0&#8243; width=&#8221;1\/2&#8243; el_class=&#8221;mobile-padding&#8221;][vc_single_image media=&#8221;23317&#8243; media_width_use_pixel=&#8221;yes&#8221; alignment=&#8221;center&#8221; media_width_pixel=&#8221;240&#8243; uncode_shortcode_id=&#8221;740027&#8243;][vc_custom_heading sub_reduced=&#8221;yes&#8221;]Pelenk\u00e1k[\/vc_custom_heading][uncode_list el_class=&#8221;type-list&#8221;]<\/p>\n<ul>\n<li class=\"newborn\">newborn<\/li>\n<li class=\"mini\">mini<\/li>\n<li class=\"midi\">midi<\/li>\n<li class=\"maxi\">MAXI<\/li>\n<li class=\"junior\">junior<\/li>\n<li class=\"xl\">XL<\/li>\n<\/ul>\n<p>[\/uncode_list][vc_empty_space empty_h=&#8221;0&#8243;][vc_button button_color=&#8221;accent&#8221; size=&#8221;btn-lg&#8221; radius=&#8221;btn-circle&#8221; outline=&#8221;yes&#8221; border_width=&#8221;0&#8243; link=&#8221;url:https%3A%2F%2Fwww.moltexbaby.com%2Fhu%2Ftermekek%2F%23diapers&#8221;]Az \u00f6sszes pelenka megtekint\u00e9se[\/vc_button][\/vc_column_inner][vc_column_inner column_width_percent=&#8221;100&#8243; position_vertical=&#8221;bottom&#8221; align_horizontal=&#8221;align_center&#8221; gutter_size=&#8221;2&#8243; back_color=&#8221;color-xsdn&#8221; overlay_alpha=&#8221;50&#8243; radius=&#8221;xl&#8221; shift_x=&#8221;0&#8243; shift_y=&#8221;0&#8243; shift_y_down=&#8221;0&#8243; z_index=&#8221;0&#8243; medium_width=&#8221;0&#8243; mobile_width=&#8221;0&#8243; width=&#8221;1\/2&#8243;][vc_single_image media=&#8221;23339&#8243; media_width_use_pixel=&#8221;yes&#8221; alignment=&#8221;center&#8221; media_width_pixel=&#8221;204&#8243; uncode_shortcode_id=&#8221;891900&#8243;][vc_custom_heading sub_reduced=&#8221;yes&#8221;]<span class=\"TextRun SCXW7262486 BCX0\" lang=\"HU\" xml:lang=\"HU\" data-contrast=\"none\"><span class=\"NormalTextRun SCXW7262486 BCX0\">Bugyipelenka<\/span><\/span>[\/vc_custom_heading][uncode_list el_class=&#8221;type-list&#8221;]<\/p>\n<ul>\n<li class=\"maxi\">MAXI<\/li>\n<li class=\"junior\">junior<\/li>\n<li class=\"xl\">XL<\/li>\n<\/ul>\n<p>[\/uncode_list][vc_empty_space empty_h=&#8221;0&#8243;][vc_button button_color=&#8221;accent&#8221; size=&#8221;btn-lg&#8221; radius=&#8221;btn-circle&#8221; outline=&#8221;yes&#8221; border_width=&#8221;0&#8243; link=&#8221;url:https%3A%2F%2Fwww.moltexbaby.com%2Fhu%2Ftermekek%2F%23pants&#8221;]Az \u00f6sszes pelenkanadr\u00e1g megtekint\u00e9se[\/vc_button][\/vc_column_inner][\/vc_row_inner][vc_empty_space empty_h=&#8221;0&#8243; desktop_visibility=&#8221;yes&#8221; medium_visibility=&#8221;yes&#8221;][vc_single_image media=&#8221;355&#8243; media_width_use_pixel=&#8221;yes&#8221; alignment=&#8221;center&#8221; media_width_pixel=&#8221;177&#8243; el_class=&#8221;mobile-hidden&#8221;][\/vc_column][\/vc_row][vc_row row_height_percent=&#8221;0&#8243; override_padding=&#8221;yes&#8221; h_padding=&#8221;2&#8243; top_padding=&#8221;2&#8243; bottom_padding=&#8221;0&#8243; overlay_alpha=&#8221;50&#8243; gutter_size=&#8221;3&#8243; column_width_percent=&#8221;100&#8243; shift_y=&#8221;0&#8243; z_index=&#8221;0&#8243;][vc_column width=&#8221;1\/1&#8243;][vc_empty_space empty_h=&#8221;2&#8243; mobile_visibility=&#8221;yes&#8221;][vc_custom_heading sub_reduced=&#8221;yes&#8221;]J\u00f3tan\u00e1csok[\/vc_custom_heading][\/vc_column][\/vc_row][vc_row row_height_percent=&#8221;0&#8243; override_padding=&#8221;yes&#8221; h_padding=&#8221;2&#8243; top_padding=&#8221;2&#8243; bottom_padding=&#8221;2&#8243; overlay_alpha=&#8221;50&#8243; gutter_size=&#8221;3&#8243; column_width_percent=&#8221;100&#8243; shift_y=&#8221;0&#8243; z_index=&#8221;0&#8243;][vc_column width=&#8221;7\/12&#8243;][uncode_index el_id=&#8221;home-hu-feed&#8221; loop=&#8221;size:1|order_by:date|post_type:post&#8221; screen_lg=&#8221;1000&#8243; screen_md=&#8221;600&#8243; screen_sm=&#8221;480&#8243; gutter_size=&#8221;0&#8243; post_items=&#8221;media|featured|onpost|original,title,text|excerpt|170,category|nobg|relative|hide-icon&#8221; single_width=&#8221;12&#8243; images_size=&#8221;sixteen-nine&#8221; single_shape=&#8221;round&#8221; radius=&#8221;xl&#8221; single_overlay_opacity=&#8221;50&#8243; single_overlay_anim=&#8221;no&#8221; single_padding=&#8221;1&#8243; single_text_reduced=&#8221;yes&#8221; single_title_dimension=&#8221;h4&#8243; single_border=&#8221;yes&#8221; items=&#8221;eyIzN19pIjp7InNpbmdsZV93aWR0aCI6IjYifX0=&#8221;][vc_empty_space empty_h=&#8221;2&#8243; desktop_visibility=&#8221;yes&#8221; medium_visibility=&#8221;yes&#8221;][\/vc_column][vc_column width=&#8221;5\/12&#8243;][uncode_index el_id=&#8221;home-hu-subfeed&#8221; loop=&#8221;size:3|order_by:date|post_type:post&#8221; screen_lg=&#8221;1000&#8243; screen_md=&#8221;600&#8243; screen_sm=&#8221;480&#8243; gutter_size=&#8221;3&#8243; post_items=&#8221;media|featured|onpost|original,title,category|nobg|relative|hide-icon&#8221; single_text=&#8221;lateral&#8221; single_width=&#8221;12&#8243; images_size=&#8221;four-three&#8221; single_image_size=&#8221;5&#8243; single_shape=&#8221;round&#8221; radius=&#8221;xl&#8221; single_overlay_opacity=&#8221;50&#8243; single_overlay_anim=&#8221;no&#8221; single_padding=&#8221;2&#8243; single_text_reduced=&#8221;yes&#8221; single_title_dimension=&#8221;h4&#8243; single_border=&#8221;yes&#8221; items=&#8221;eyIzN19pIjp7InNpbmdsZV93aWR0aCI6IjYifX0=&#8221; offset=&#8221;1&#8243;][\/vc_column][\/vc_row][vc_row row_height_percent=&#8221;0&#8243; override_padding=&#8221;yes&#8221; h_padding=&#8221;2&#8243; top_padding=&#8221;2&#8243; bottom_padding=&#8221;3&#8243; overlay_alpha=&#8221;50&#8243; gutter_size=&#8221;3&#8243; column_width_percent=&#8221;100&#8243; shift_y=&#8221;0&#8243; z_index=&#8221;0&#8243;][vc_column column_width_percent=&#8221;100&#8243; align_horizontal=&#8221;align_center&#8221; gutter_size=&#8221;3&#8243; overlay_alpha=&#8221;50&#8243; shift_x=&#8221;0&#8243; shift_y=&#8221;0&#8243; shift_y_down=&#8221;0&#8243; z_index=&#8221;0&#8243; medium_width=&#8221;0&#8243; mobile_width=&#8221;0&#8243; width=&#8221;1\/1&#8243;][vc_button button_color=&#8221;accent&#8221; size=&#8221;btn-lg&#8221; radius=&#8221;btn-circle&#8221; outline=&#8221;yes&#8221; border_width=&#8221;0&#8243; link=&#8221;url:https%3A%2F%2Fwww.moltexbaby.com%2Fhu%2Fjotanacsok%2F|title:Advice&#8221;]Az \u00f6sszes tan\u00e1csad\u00f3i t\u00e9mak\u00f6r megtekint\u00e9se[\/vc_button][vc_empty_space empty_h=&#8221;2&#8243; mobile_visibility=&#8221;yes&#8221;][\/vc_column][\/vc_row][vc_row][vc_column width=&#8221;1\/1&#8243;][uncode_block id=&#8221;1870&#8243;][\/vc_column][\/vc_row][vc_row row_height_percent=&#8221;0&#8243; overlay_alpha=&#8221;50&#8243; gutter_size=&#8221;3&#8243; column_width_percent=&#8221;100&#8243; shift_y=&#8221;0&#8243; z_index=&#8221;0&#8243; mobile_visibility=&#8221;yes&#8221;][vc_column width=&#8221;1\/1&#8243;][vc_empty_space empty_h=&#8221;2&#8243;][\/vc_column][\/vc_row][vc_row row_height_percent=&#8221;0&#8243; back_image=&#8221;1902&#8243; back_repeat=&#8221;no-repeat&#8221; back_position=&#8221;left bottom&#8221; overlay_alpha=&#8221;50&#8243; gutter_size=&#8221;3&#8243; column_width_percent=&#8221;100&#8243; shift_y=&#8221;0&#8243; z_index=&#8221;0&#8243; front_end_with_slider=&#8221;true&#8221; back_size=&#8221;inherit&#8221; el_class=&#8221;testimonial&#8221;][vc_column width=&#8221;1\/1&#8243;][uncode_slider slider_interval=&#8221;0&#8243; slider_navspeed=&#8221;400&#8243; slider_loop=&#8221;yes&#8221; slider_hide_dots=&#8221;yes&#8221;][vc_row_inner row_inner_height_percent=&#8221;0&#8243; overlay_alpha=&#8221;50&#8243; equal_height=&#8221;yes&#8221; gutter_size=&#8221;3&#8243; shift_y=&#8221;0&#8243; z_index=&#8221;0&#8243; limit_content=&#8221;yes&#8221; front_end_with_slider=&#8221;true&#8221;][vc_column_inner width=&#8221;1\/2&#8243;][vc_single_image media=&#8221;1818&#8243; media_width_percent=&#8221;100&#8243;][\/vc_column_inner][vc_column_inner column_width_percent=&#8221;100&#8243; position_vertical=&#8221;middle&#8221; gutter_size=&#8221;3&#8243; back_image=&#8221;17368&#8243; back_repeat=&#8221;no-repeat&#8221; back_position=&#8221;center center&#8221; overlay_alpha=&#8221;50&#8243; shift_x=&#8221;0&#8243; shift_y=&#8221;0&#8243; shift_y_down=&#8221;0&#8243; z_index=&#8221;0&#8243; medium_width=&#8221;0&#8243; mobile_width=&#8221;0&#8243; width=&#8221;1\/2&#8243; back_size=&#8221;contain&#8221;][vc_column_text]Biztons\u00e1gos \u00e9s tiszta! Amikor el\u0151sz\u00f6r l\u00e1ttam a polcon, megfogtam a csomagot \u00e9s akkor l\u00e1ttam, hogy a pelenka mentes minden k\u00e1ros anyagt\u00f3l, Allergiatan\u00fas\u00edtv\u00e1nnyal rendelkezik, amely garant\u00e1lja, hogy az allergi\u00e1s reakci\u00f3k a minim\u00e1lis szinten maradnak \u00e9s klinikailag is be van vizsg\u00e1lva. Biztos vagyok benne, hogy a kisl\u00e1nyom b\u0151re sz\u00e1m\u00e1ra megk\u00f6nnyebb\u00fcl\u00e9st ny\u00fajt.[\/vc_column_text][vc_custom_heading text_color=&#8221;accent&#8221; heading_semantic=&#8221;p&#8221; text_font=&#8221;font-719727&#8243; text_size=&#8221;&#8221; text_weight=&#8221;800&#8243;]\u2014 A 9 h\u00f3napos Maria \u00e9desanyja[\/vc_custom_heading][\/vc_column_inner][\/vc_row_inner][vc_row_inner row_inner_height_percent=&#8221;0&#8243; overlay_alpha=&#8221;50&#8243; equal_height=&#8221;yes&#8221; gutter_size=&#8221;3&#8243; shift_y=&#8221;0&#8243; z_index=&#8221;0&#8243; limit_content=&#8221;yes&#8221; front_end_with_slider=&#8221;true&#8221;][vc_column_inner width=&#8221;1\/2&#8243;][vc_single_image media=&#8221;3030&#8243; media_width_percent=&#8221;100&#8243;][\/vc_column_inner][vc_column_inner column_width_percent=&#8221;100&#8243; position_vertical=&#8221;middle&#8221; gutter_size=&#8221;3&#8243; back_image=&#8221;17368&#8243; back_repeat=&#8221;no-repeat&#8221; back_position=&#8221;center center&#8221; overlay_alpha=&#8221;50&#8243; shift_x=&#8221;0&#8243; shift_y=&#8221;0&#8243; shift_y_down=&#8221;0&#8243; z_index=&#8221;0&#8243; medium_width=&#8221;0&#8243; mobile_width=&#8221;0&#8243; width=&#8221;1\/2&#8243; back_size=&#8221;contain&#8221;][vc_column_text uncode_shortcode_id=&#8221;130253&#8243;]Le voltunk ny\u0171g\u00f6zve, hogy v\u00e9gre tal\u00e1ltunk egy olyan pelenk\u00e1t, amely 100%-ban z\u00f6ld \u00e1ram felhaszn\u00e1l\u00e1s\u00e1val, a term\u00e9szetet a legmesszebbmen\u0151kig tiszteletben tartva k\u00e9sz\u00fclt. Ugyanolyan biztons\u00e1gos a bab\u00e1nk b\u0151r\u00e9nek, mint a term\u00e9szet sz\u00e1m\u00e1ra is! \u2014 6 h\u00f3napos \u00e9s 2 \u00e9ves gyermekek sz\u00fclei[\/vc_column_text][vc_custom_heading text_color=&#8221;accent&#8221; heading_semantic=&#8221;p&#8221; text_font=&#8221;font-719727&#8243; text_size=&#8221;&#8221; text_weight=&#8221;800&#8243;]K\u00e9t &#8211; 6 h\u00f3napos \u00e9s 2 \u00e9ves sz\u00fcl\u0151k[\/vc_custom_heading][\/vc_column_inner][\/vc_row_inner][vc_row_inner row_inner_height_percent=&#8221;0&#8243; overlay_alpha=&#8221;50&#8243; equal_height=&#8221;yes&#8221; gutter_size=&#8221;3&#8243; shift_y=&#8221;0&#8243; z_index=&#8221;0&#8243; limit_content=&#8221;yes&#8221; front_end_with_slider=&#8221;true&#8221;][vc_column_inner width=&#8221;1\/2&#8243;][vc_single_image media=&#8221;3038&#8243; media_width_percent=&#8221;100&#8243;][\/vc_column_inner][vc_column_inner column_width_percent=&#8221;100&#8243; position_vertical=&#8221;middle&#8221; gutter_size=&#8221;3&#8243; back_image=&#8221;17368&#8243; back_repeat=&#8221;no-repeat&#8221; back_position=&#8221;center center&#8221; overlay_alpha=&#8221;50&#8243; shift_x=&#8221;0&#8243; shift_y=&#8221;0&#8243; shift_y_down=&#8221;0&#8243; z_index=&#8221;0&#8243; medium_width=&#8221;0&#8243; mobile_width=&#8221;0&#8243; width=&#8221;1\/2&#8243; back_size=&#8221;contain&#8221;][vc_column_text uncode_shortcode_id=&#8221;549967&#8243;]Naturalny komfort! Jako mama, kt\u00f3ra poszukuje naturalnych produkt\u00f3w, pozna\u0142am mark\u0119, kt\u00f3ra zapewnia ochron\u0119 przez nawet 12 godzin dzi\u0119ki supermi\u0119kkiej i w 100% pochodzenia naturalnego warstwie wewn\u0119trznej. W\u0142a\u015bnie tego szuka\u0142am. Jestem bardzo zadowolona, tak samo jak moje dziecko.[\/vc_column_text][vc_custom_heading text_color=&#8221;accent&#8221; heading_semantic=&#8221;p&#8221; text_font=&#8221;font-719727&#8243; text_size=&#8221;&#8221; text_weight=&#8221;800&#8243;]\u2014 A 1,5 \u00e9ves Lucy \u00e9desanyja[\/vc_custom_heading][\/vc_column_inner][\/vc_row_inner][\/uncode_slider][vc_empty_space empty_h=&#8221;2&#8243; mobile_visibility=&#8221;yes&#8221;][\/vc_column][\/vc_row]<\/p>\n<\/div>","protected":false},"excerpt":{"rendered":"<p>[vc_row row_height_percent=&#8221;0&#8243; override_padding=&#8221;yes&#8221; h_padding=&#8221;2&#8243; top_padding=&#8221;2&#8243; bottom_padding=&#8221;3&#8243; overlay_alpha=&#8221;50&#8243; gutter_size=&#8221;4&#8243; column_width_percent=&#8221;100&#8243; shift_y=&#8221;0&#8243; z_index=&#8221;0&#8243; el_class=&#8221;padding-side-mobile&#8221;][vc_column column_width_percent=&#8221;100&#8243; gutter_size=&#8221;1&#8243; overlay_alpha=&#8221;20&#8243; shift_x=&#8221;0&#8243; shift_y=&#8221;0&#8243; shift_y_down=&#8221;0&#8243; z_index=&#8221;0&#8243; medium_width=&#8221;0&#8243; [&hellip;]<\/p>\n","protected":false},"author":6,"featured_media":0,"parent":0,"menu_order":188,"comment_status":"closed","ping_status":"closed","template":"","meta":{"_acf_changed":false,"footnotes":""},"height":[],"weight":[],"class_list":["post-10920","page","type-page","status-publish","hentry"],"acf":[],"_links":{"self":[{"href":"https:\/\/www.moltexbaby.com\/hu\/wp-json\/wp\/v2\/pages\/10920","targetHints":{"allow":["GET"]}}],"collection":[{"href":"https:\/\/www.moltexbaby.com\/hu\/wp-json\/wp\/v2\/pages"}],"about":[{"href":"https:\/\/www.moltexbaby.com\/hu\/wp-json\/wp\/v2\/types\/page"}],"author":[{"embeddable":true,"href":"https:\/\/www.moltexbaby.com\/hu\/wp-json\/wp\/v2\/users\/6"}],"replies":[{"embeddable":true,"href":"https:\/\/www.moltexbaby.com\/hu\/wp-json\/wp\/v2\/comments?post=10920"}],"version-history":[{"count":0,"href":"https:\/\/www.moltexbaby.com\/hu\/wp-json\/wp\/v2\/pages\/10920\/revisions"}],"wp:attachment":[{"href":"https:\/\/www.moltexbaby.com\/hu\/wp-json\/wp\/v2\/media?parent=10920"}],"wp:term":[{"taxonomy":"height","embeddable":true,"href":"https:\/\/www.moltexbaby.com\/hu\/wp-json\/wp\/v2\/height?post=10920"},{"taxonomy":"weight","embeddable":true,"href":"https:\/\/www.moltexbaby.com\/hu\/wp-json\/wp\/v2\/weight?post=10920"}],"curies":[{"name":"wp","href":"https:\/\/api.w.org\/{rel}","templated":true}]}}