{"id":10955,"date":"2020-10-20T16:56:12","date_gmt":"2020-10-20T16:56:12","guid":{"rendered":"https:\/\/www.moltexbaby.com\/?page_id=10955"},"modified":"2025-07-08T14:47:13","modified_gmt":"2025-07-08T14:47:13","slug":"fenntarthatosag","status":"publish","type":"page","link":"https:\/\/www.moltexbaby.com\/hu\/fenntarthatosag\/","title":{"rendered":"Fenntarthat\u00f3s\u00e1g"},"content":{"rendered":"<div class=\"wpb-content-wrapper\"><p>[vc_row row_height_percent=&#8221;0&#8243; override_padding=&#8221;yes&#8221; h_padding=&#8221;2&#8243; top_padding=&#8221;1&#8243; bottom_padding=&#8221;2&#8243; overlay_alpha=&#8221;50&#8243; gutter_size=&#8221;3&#8243; column_width_percent=&#8221;100&#8243; shift_y=&#8221;0&#8243; z_index=&#8221;0&#8243;][vc_column column_width_use_pixel=&#8221;yes&#8221; align_horizontal=&#8221;align_center&#8221; gutter_size=&#8221;2&#8243; overlay_alpha=&#8221;50&#8243; shift_x=&#8221;0&#8243; shift_y=&#8221;0&#8243; shift_y_down=&#8221;0&#8243; z_index=&#8221;0&#8243; medium_width=&#8221;0&#8243; mobile_width=&#8221;0&#8243; width=&#8221;1\/1&#8243; column_width_pixel=&#8221;840&#8243;][vc_custom_heading]Fenntarthat\u00f3s\u00e1g[\/vc_custom_heading][vc_custom_heading text_color=&#8221;color-wvjs&#8221; heading_semantic=&#8221;p&#8221; text_size=&#8221;h4&#8243; text_weight=&#8221;400&#8243; uncode_shortcode_id=&#8221;176989&#8243; text_color_type=&#8221;uncode-palette&#8221;]A MOLTEX Pure &amp; Nature nagy m\u00faltra tekint vissza a megb\u00edzhat\u00f3 \u00e9s nagy teljes\u00edtm\u00e9ny\u0171 baba\u00e1pol\u00e1si term\u00e9kek k\u00edn\u00e1lat\u00e1ban, amelyek biztons\u00e1gosak a baba b\u0151r\u00e9re \u00e9s k\u00f6rnyezetbar\u00e1tak. A leg\u00fajabb el\u00e9rhet\u0151 gy\u00e1rt\u00e1si \u00e9s min\u0151s\u00e9g-ellen\u0151rz\u00e9si technol\u00f3gi\u00e1kat kihaszn\u00e1lva a Moltex Pure &amp; Nature pelenk\u00e1kat Spanyolorsz\u00e1gban \u00e9s Csehorsz\u00e1gban gy\u00e1rtj\u00e1k, 100%-ban z\u00f6ld \u00e1ram felhaszn\u00e1l\u00e1s\u00e1val. Mindk\u00e9t \u00fczem ISO14001 \u00e9s 50001 tan\u00fas\u00edtv\u00e1nnyal rendelkezik, amely bizony\u00edtja a szil\u00e1rd k\u00f6rnyezet- \u00e9s energiagazd\u00e1lkod\u00e1st.[\/vc_custom_heading][vc_empty_space empty_h=&#8221;0&#8243;][vc_custom_heading text_color=&#8221;color-wvjs&#8221; heading_semantic=&#8221;p&#8221; text_size=&#8221;h4&#8243; text_weight=&#8221;400&#8243;]Csak \u00edgy tudjuk biztos\u00edtani a k\u00f6vetkez\u0151 gener\u00e1ci\u00f3k \u2014 a ma \u00e9s a holnap pelenk\u00e1s h\u0151seinek \u2014 k\u00f6rnyezetv\u00e9delmi biztons\u00e1g\u00e1t.[\/vc_custom_heading][vc_empty_space empty_h=&#8221;2&#8243;][\/vc_column][\/vc_row][vc_row row_height_percent=&#8221;0&#8243; override_padding=&#8221;yes&#8221; h_padding=&#8221;2&#8243; top_padding=&#8221;2&#8243; bottom_padding=&#8221;2&#8243; back_image=&#8221;871&#8243; overlay_alpha=&#8221;20&#8243; gutter_size=&#8221;3&#8243; column_width_percent=&#8221;100&#8243; shift_y=&#8221;0&#8243; z_index=&#8221;0&#8243; back_size=&#8221;1280px&#8221; row_height_pixel=&#8221;420&#8243;][vc_column column_width_percent=&#8221;100&#8243; position_vertical=&#8221;middle&#8221; gutter_size=&#8221;3&#8243; override_padding=&#8221;yes&#8221; column_padding=&#8221;3&#8243; style=&#8221;light&#8221; overlay_alpha=&#8221;0&#8243; radius=&#8221;lg&#8221; shift_x=&#8221;0&#8243; shift_y=&#8221;0&#8243; shift_y_down=&#8221;0&#8243; z_index=&#8221;0&#8243; medium_width=&#8221;0&#8243; mobile_width=&#8221;0&#8243; width=&#8221;1\/1&#8243;][vc_custom_heading text_font=&#8221;font-153194&#8243; text_size=&#8221;h1&#8243;]\u201eA k\u00f6rnyezet-<br \/>\n\u00e9s bababar\u00e1t pelenk\u00e1m\u201d[\/vc_custom_heading][\/vc_column][\/vc_row][vc_row row_height_percent=&#8221;0&#8243; override_padding=&#8221;yes&#8221; h_padding=&#8221;2&#8243; top_padding=&#8221;2&#8243; bottom_padding=&#8221;3&#8243; overlay_alpha=&#8221;50&#8243; gutter_size=&#8221;3&#8243; column_width_percent=&#8221;100&#8243; shift_y=&#8221;0&#8243; z_index=&#8221;0&#8243;][vc_column width=&#8221;1\/6&#8243;][\/vc_column][vc_column width=&#8221;4\/6&#8243;][vc_custom_heading heading_semantic=&#8221;h3&#8243; text_size=&#8221;h3&#8243; subheading=&#8221;Hangs\u00falyozzuk annak fontoss\u00e1g\u00e1t, hogy nyersanyagaink etikailag, t\u00e1rsadalmilag elfogadhat\u00f3 \u00e9s felel\u0151s forr\u00e1sokb\u00f3l sz\u00e1rmazzanak. Kock\u00e1zat alap\u00fa t\u00e1rsadalmi fel\u00fclvizsg\u00e1latot alkalmazunk a t\u00e1rsadalmi megfelel\u00e9s biztos\u00edt\u00e1s\u00e1ra az ell\u00e1t\u00e1si l\u00e1ncban.&#8221;]Etikai forr\u00e1sok[\/vc_custom_heading][vc_custom_heading heading_semantic=&#8221;h3&#8243; text_size=&#8221;h3&#8243; subheading=&#8221;Moltex babapelenk\u00e1ink \u00e9s nadr\u00e1gjaink eur\u00f3pai gy\u00e1rt\u00f3\u00fczemekben, kiz\u00e1r\u00f3lag z\u00f6ld\u00e1ram felhaszn\u00e1l\u00e1s\u00e1val k\u00e9sz\u00fclnek.<\/p>\n<p>Ezek az \u00fczemek ISO14001 \u00e9s ISO50001 tan\u00fas\u00edtv\u00e1nnyal rendelkeznek.<br \/>\nAz ISO 14001 egy nemzetk\u00f6zileg elfogadott szabv\u00e1ny, amely meghat\u00e1rozza a k\u00f6rnyezetir\u00e1ny\u00edt\u00e1si rendszer k\u00f6vetelm\u00e9nyeit. Ezzel a k\u00f6rnyezetv\u00e9delmi rendszerrel k\u00e9pesek vagyunk azonos\u00edtani \u00e9s ellen\u0151rizni tev\u00e9kenys\u00e9geink, term\u00e9keink \u00e9s szolg\u00e1ltat\u00e1saink k\u00f6rnyezeti hat\u00e1sait, \u00e9s folyamatosan jav\u00edtjuk k\u00f6rnyezeti teljes\u00edtm\u00e9ny\u00fcnket.<br \/>\nAz ISO 50001 szabv\u00e1ny olyan k\u00f6vetelm\u00e9nyrendszert ad, amely lehet\u0151v\u00e9 teszi sz\u00e1munkra a hat\u00e9konyabb energiafelhaszn\u00e1l\u00e1s politik\u00e1j\u00e1nak kialak\u00edt\u00e1s\u00e1t \u00e9s energiagazd\u00e1lkod\u00e1sunk folyamatos fejleszt\u00e9s\u00e9t.&#8221; uncode_shortcode_id=&#8221;112067&#8243; text_color_type=&#8221;uncode-palette&#8221; text_color_solid=&#8221;#ff0000&#8243;]K\u00f6rnyezet- \u00e9s energiagazd\u00e1lkod\u00e1s[\/vc_custom_heading][vc_custom_heading heading_semantic=&#8221;h3&#8243; text_size=&#8221;h3&#8243; subheading=&#8221;Term\u00e9szetesen a Moltex munkav\u00e1llal\u00f3i jelentik c\u00e9g\u00fcnk sz\u00edv\u00e9t \u00e9s lelk\u00e9t. Rendszeralap\u00fa, gyakorlati munkav\u00e1llal\u00f3i fejleszt\u00e9st alkalmazunk \u00e9s t\u00e1mogatjuk a munkav\u00e1llal\u00f3k folyamatos k\u00e9pz\u00e9s\u00e9t \u00e9s tov\u00e1bbk\u00e9pz\u00e9s\u00e9t is. Fontosnak tartjuk a munka-mag\u00e1n\u00e9let egyens\u00faly\u00e1ban a progressz\u00edv fejleszt\u00e9sek alkalmaz\u00e1s\u00e1t hat\u00e9kony int\u00e9zked\u00e9sek \u00fatj\u00e1n. Az is fontos sz\u00e1munkra, hogy az \u00f6sszes munkav\u00e1llal\u00f3n\u00e1l n\u00f6velj\u00fck a fenntarthat\u00f3s\u00e1g \u00e9rt\u00e9keire val\u00f3 \u00e9rz\u00e9kenys\u00e9get, ez\u00e9rt mi magunk j\u00e1runk el\u0151l a j\u00f3 p\u00e9ld\u00e1val. Ez egy olyan folyamat, amit csak egy\u00fctt, apr\u00e1nk\u00e9nt vihet\u00fcnk v\u00e9ghez. Ezen t\u00falmen\u0151en harmadik f\u00e9l \u00e1ltal v\u00e1llalati t\u00e1rsadalmi felel\u0151ss\u00e9gv\u00e1llal\u00e1st (BSCI) v\u00e9gez\u00fcnk \u00fczemeinkben az igazs\u00e1gos munkak\u00f6r\u00fclm\u00e9nyek biztos\u00edt\u00e1sa \u00e9rdek\u00e9ben.&#8221;]Munkav\u00e1llal\u00f3ink: a Moltex sz\u00edve \u00e9s lelke[\/vc_custom_heading][vc_custom_heading heading_semantic=&#8221;h3&#8243; text_size=&#8221;h3&#8243; subheading=&#8221;A Moltex Pure &amp; Nature elismer\u00e9se: zsin\u00f3rban harmadszorra is elnyerte a Z\u00d6LD M\u00c1RK\u00c1K `{`GREEN BRANDS`}` min\u0151s\u00e9gi b\u00e9lyeg\u00e9t. A Z\u00d6LD M\u00c1RK\u00c1K olyan term\u00e9km\u00e1rk\u00e1kat csoportos\u00edtanak, amelyek a term\u00e9szet \u00e9s a k\u00f6rnyezet v\u00e9delm\u00e9hez jelent\u0151s er\u0151fesz\u00edt\u00e9sekkel j\u00e1rulnak hozz\u00e1. K\u00f6rnyezeti szempontb\u00f3l biztons\u00e1gos m\u00f3don t\u00f6rt\u00e9nik a gy\u00e1rt\u00e1s, folyamatosan odafigyelve arra, hogy a term\u00e9szetes \u00e9l\u0151helyek \u00e9s er\u0151forr\u00e1sok megmarad\u00e1s\u00e1t el\u0151seg\u00edts\u00fck, valamint hozz\u00e1j\u00e1ruljunk a k\u00f6rnyezet v\u00e9delm\u00e9hez \u00e9s a fenntarthat\u00f3 \u00e9letmin\u0151s\u00e9ghez. A pecs\u00e9t a fogyaszt\u00f3k sz\u00e1m\u00e1ra megb\u00edzhat\u00f3 alapot ny\u00fajt \u00e9s seg\u00edt t\u00e1j\u00e9koz\u00f3dni a term\u00e9kv\u00e1laszt\u00e1s sor\u00e1n.&#8221;]A Moltex elismer\u00e9se[\/vc_custom_heading][\/vc_column][vc_column width=&#8221;1\/6&#8243;][\/vc_column][\/vc_row][vc_row][vc_column width=&#8221;1\/1&#8243;][uncode_block id=&#8221;1870&#8243;][\/vc_column][\/vc_row][vc_row row_height_percent=&#8221;0&#8243; override_padding=&#8221;yes&#8221; h_padding=&#8221;2&#8243; top_padding=&#8221;3&#8243; bottom_padding=&#8221;2&#8243; overlay_alpha=&#8221;50&#8243; gutter_size=&#8221;3&#8243; column_width_percent=&#8221;100&#8243; shift_y=&#8221;0&#8243; z_index=&#8221;0&#8243;][vc_column width=&#8221;1\/6&#8243;][\/vc_column][vc_column width=&#8221;4\/6&#8243;][vc_custom_heading heading_semantic=&#8221;h3&#8243; text_size=&#8221;h3&#8243;]Allerg\u00e9n tan\u00fas\u00edtv\u00e1ny[\/vc_custom_heading][vc_column_text]Az AllergyCertified nemzetk\u00f6zi tan\u00fas\u00edtv\u00e1ny garant\u00e1lja, hogy a term\u00e9k b\u0151rallerg\u00e9n anyagokat minim\u00e1lis szinten tartalmaz csup\u00e1n. Az AllergyCertified f\u00fcggetlen int\u00e9zet toxikol\u00f3gusa a term\u00e9kben tal\u00e1lhat\u00f3 valamennyi \u00f6sszetev\u0151vel kapcsolatban elv\u00e9gzi a kock\u00e1zatelemz\u00e9st. A tiltott anyagok k\u00f6z\u00f6tt szerepelnek az allerg\u00e9n, karcinog\u00e9n \u00e9s a reprodukci\u00f3s rendszerre k\u00e1ros anyagok (endokrin k\u00e1ros anyagok).<\/p>\n<p>Tov\u00e1bbi inform\u00e1ci\u00f3: <a href=\"http:\/\/allergycertified.com\/\">http:\/\/allergycertified.com\/<\/a>[\/vc_column_text][vc_custom_heading heading_semantic=&#8221;h3&#8243; text_size=&#8221;h3&#8243; uncode_shortcode_id=&#8221;899668&#8243;]DERMATEST\u00ae MIN\u0150S\u00c9GI T\u00d6M\u00cdT\u00c9S[\/vc_custom_heading][vc_column_text]Az 5 csillagos b\u00e9lyeggel ell\u00e1tott term\u00e9keket a f\u00fcggetlen DERMATEST\u00ae int\u00e9zet tesztelte, amely a legmagasabb szinten garant\u00e1lja, hogy a term\u00e9keink nem okoznak b\u0151rirrit\u00e1ci\u00f3t \u00e9s allergi\u00e1t sem r\u00f6vid-, sem hossz\u00fa t\u00e1von. A klinikai teszt az al\u00e1bbiakra terjed ki:<\/p>\n<p>\u2013 Legal\u00e1bb n\u00e9gyhetes tesztperi\u00f3dus<\/p>\n<p>\u2013 Haszn\u00e1lat a b\u0151r el\u0151re defini\u00e1lt r\u00e9szein<\/p>\n<p>\u2013 A b\u0151r fiziol\u00f3gi\u00e1s param\u00e9tereinek m\u00e9r\u00e9se<\/p>\n<p>\u2013 A befejez\u0151 tapaszteszt kiz\u00e1rja az \u00f6sszes olyan allergi\u00e1t, amely a pr\u00f3baperi\u00f3dus sor\u00e1n fejl\u0151dhetett ki<\/p>\n<p>Tov\u00e1bbi inform\u00e1ci\u00f3: <a href=\"http:\/\/www.5-star-guarantee.de\/\">www.5-star-guarantee.de<\/a>[\/vc_column_text][vc_custom_heading heading_semantic=&#8221;h3&#8243; text_size=&#8221;h3&#8243; uncode_shortcode_id=&#8221;175755&#8243;]OEKO-TEX\u00ae STANDARD 100[\/vc_custom_heading][vc_column_text uncode_shortcode_id=&#8221;600363&#8243;]OEKO-TEX\u00ae STANDARD 100 a vil\u00e1g egyik legismertebb b\u00e9lyege a k\u00e1rosanyagokra tesztelt term\u00e9kek k\u00f6r\u00e9ben.<\/p>\n<p>A tesztel\u00e9s sor\u00e1n sz\u00e1mos, az emberi eg\u00e9szs\u00e9gre k\u00e1ros, szab\u00e1lyozott \u00e9s nem szab\u00e1lyozott anyagot m\u00e9rnek. A STANDARD 100 \u00e9rt\u00e9kei sz\u00e1mos esetben szigor\u00fabbak a nemzeti \u00e9s nemzetk\u00f6zi k\u00f6vetelm\u00e9nyekn\u00e9l.<\/p>\n<p>A csecsem\u0151knek k\u00fcl\u00f6nleges v\u00e9delemre van sz\u00fcks\u00e9g\u00fck.<\/p>\n<p>A Moltex term\u00e9keit az OEKO-TEX\u00ae Standard 100 el\u0151\u00edr\u00e1sainak megfelel\u0151en tesztelt\u00e9k.<\/p>\n<p>Tov\u00e1bbi inform\u00e1ci\u00f3: <a href=\"https:\/\/www.oeko-tex.com\/en\/our-standards\/standard-100-by-oeko-tex\">www.oeko-tex.com\/stardard100<\/a>[\/vc_column_text][vc_custom_heading heading_semantic=&#8221;h3&#8243; text_size=&#8221;h3&#8243;]Cotton enhanced\u2122 [pamut er\u0151s\u00edt\u00e9ssel\u2122][\/vc_custom_heading][vc_column_text]A Moltex pelenk\u00e1inak k\u00fcls\u0151 r\u00e9tege pr\u00e9mium pamut felhaszn\u00e1l\u00e1s\u00e1val k\u00e9sz\u00fcl.<\/p>\n<p>A Seal of Cotton [pamut b\u00e9lyeg] v\u00e9djegy v\u00e1s\u00e1rl\u00f3ink sz\u00e1m\u00e1ra k\u00f6nnyebben azonos\u00edthat\u00f3v\u00e1 teszi a pamutot tartalmaz\u00f3 term\u00e9keket. A Seal of Cotton \u00e9s a cotton enhanced\u2122 v\u00e9djegyeket a Cotton Incorporated nonprofit szervezet 1973 \u00f3ta birtokolja.<\/p>\n<p>Tov\u00e1bbi inform\u00e1ci\u00f3: <a href=\"https:\/\/eur03.safelinks.protection.outlook.com\/?url=http%3A%2F%2Fwww.cottoninc.com&amp;data=02%7C01%7Caysegul.elsan%40ontexglobal.com%7C5bd692f5dcd24ffc227c08d75628acf3%7C64bafdc27e8d424f8875cb971d94ae00%7C0%7C0%7C637072605007831296&amp;sdata=5PF6jmnQ2ACopAiYPG0PC3aYfF%2FQarp9nZ4cC%2F%2Bb1U0%3D&amp;reserved=0\">www.cottoninc.com<\/a>[\/vc_column_text][vc_custom_heading heading_semantic=&#8221;h3&#8243; text_size=&#8221;h3&#8243; subheading=&#8221;Pelenk\u00e1nk k\u00fcls\u0151 r\u00e9tege biopamutot tartalmaz, amelyet biomez\u0151gazdas\u00e1gi szabv\u00e1nyok szerint \u00e1ll\u00edtanak el\u0151 \u00e9s tan\u00fas\u00edtottak, \u00e9s nem engedik meg a m\u00e9rgez\u0151 vegyszerek vagy GMO-k haszn\u00e1lat\u00e1t (&#8230;). Ez seg\u00edt fenntartani a talajok, az \u00f6kosziszt\u00e9m\u00e1k \u00e9s az emberek eg\u00e9szs\u00e9g\u00e9t.&#8221; uncode_shortcode_id=&#8221;963417&#8243;]Organikus pamut a k\u00fcls\u0151 r\u00e9tegben[\/vc_custom_heading][vc_custom_heading heading_semantic=&#8221;h3&#8243; text_size=&#8221;h3&#8243; subheading=&#8221;A bab\u00e1d b\u0151r\u00e9vel \u00e9rintkez\u0151 bels\u0151 fel\u00fclet 100%-ban meg\u00fajul\u00f3, cukorn\u00e1d- \u00e9s kukorica alap\u00fa anyagb\u00f3l van.&#8221; uncode_shortcode_id=&#8221;134522&#8243;]100%-ban term\u00e9szetes eredet\u0171 bels\u0151 r\u00e9teg[\/vc_custom_heading][vc_custom_heading heading_semantic=&#8221;h3&#8243; text_size=&#8221;h3&#8243;]EU \u00f6kotan\u00fas\u00edtv\u00e1ny[\/vc_custom_heading][vc_column_text]A hivatalos EU \u00f6kotan\u00fas\u00edtv\u00e1nnyal ell\u00e1tott pelenk\u00e1k teljes \u00e9letciklusuk sor\u00e1n eleget tesznek a legszigor\u00fabb k\u00f6rnyezetv\u00e9delmi szabv\u00e1nyoknak: a nyersanyag kinyer\u00e9s\u00e9t\u0151l kezdve a termel\u00e9sen \u00e9s a sz\u00e1ll\u00edt\u00e1son kereszt\u00fcl az \u00e1rtalmatlan\u00edt\u00e1sig. A term\u00e9knek a teljes\u00edtm\u00e9nyre vonatkoz\u00f3an is szigor\u00fa felt\u00e9teleknek kell megfelelnie, el\u0151seg\u00edtve ezzel a fogyaszt\u00f3k k\u00f6rnyezettudatos, min\u0151s\u00e9gi kompromisszumokat nem ig\u00e9nyl\u0151 v\u00e1laszt\u00e1sait.<\/p>\n<p>Tov\u00e1bbi inform\u00e1ci\u00f3: <a href=\"https:\/\/eur03.safelinks.protection.outlook.com\/?url=https%3A%2F%2Fec.europa.eu%2Fenvironment%2Fecolabel%2F&amp;data=02%7C01%7Caysegul.elsan%40ontexglobal.com%7C5bd692f5dcd24ffc227c08d75628acf3%7C64bafdc27e8d424f8875cb971d94ae00%7C0%7C0%7C637072605007811310&amp;sdata=c15vj%2F%2BKgMu4qU4vlfU6mV%2FOGH2y6sd4jbA6Eez8W5o%3D&amp;reserved=0\">https:\/\/ec.europa.eu\/environment\/ecolabel\/<\/a>[\/vc_column_text][vc_custom_heading heading_semantic=&#8221;h3&#8243; text_size=&#8221;h3&#8243;]FSC\u00ae[\/vc_custom_heading][vc_column_text]Az FSC\u00ae b\u00e9lyeggel ell\u00e1tott t\u00f6m\u0151anyagot (farostb\u00f3l k\u00e9sz\u00fclt) tartalmaz\u00f3 pelenka v\u00e1laszt\u00e1s\u00e1val a vil\u00e1g erdeinek is seg\u00edtesz \u00e9s teszel az erd\u0151irt\u00e1s ellen. A Forest Stewardship Council (FSC\u00ae) a felel\u0151ss\u00e9gteljes erd\u0151gazd\u00e1lkod\u00e1s vil\u00e1gszint\u0171 elterjeszt\u00e9s\u00e9re t\u00f6rekszik, a szigor\u00fa t\u00e1rsadalmi, \u00f6kol\u00f3giai \u00e9s gazdas\u00e1gi felt\u00e9telrendszerek ment\u00e9n.<\/p>\n<p>Honlap: <a href=\"https:\/\/eur03.safelinks.protection.outlook.com\/?url=https%3A%2F%2Ffsc.org%2Fen&amp;data=02%7C01%7Caysegul.elsan%40ontexglobal.com%7C5bd692f5dcd24ffc227c08d75628acf3%7C64bafdc27e8d424f8875cb971d94ae00%7C0%7C0%7C637072605007821303&amp;sdata=SAjdsec%2FNgcbYlWFL7xDrnvUyvVMJk9XGqPJgoKmpxs%3D&amp;reserved=0\">https:\/\/fsc.org\/en<\/a>[\/vc_column_text][vc_custom_heading heading_semantic=&#8221;h3&#8243; text_size=&#8221;h3&#8243; uncode_shortcode_id=&#8221;440662&#8243;]A t\u00e1ska 100%-ban \u00fajrahasznos\u00edtott anyagokb\u00f3l k\u00e9sz\u00fclt[\/vc_custom_heading][vc_column_text uncode_shortcode_id=&#8221;175015&#8243;]A term\u00e9szet tisztelete \u2013 a Moltex Pure &amp; Nature term\u00e9kek csomagol\u00e1sa 100%-ban \u00fajrahasznos\u00edtott anyagokb\u00f3l k\u00e9sz\u00fclt.[\/vc_column_text][\/vc_column][vc_column width=&#8221;1\/6&#8243;][\/vc_column][\/vc_row]<\/p>\n<\/div>","protected":false},"excerpt":{"rendered":"<p>[vc_row row_height_percent=&#8221;0&#8243; override_padding=&#8221;yes&#8221; h_padding=&#8221;2&#8243; top_padding=&#8221;1&#8243; bottom_padding=&#8221;2&#8243; overlay_alpha=&#8221;50&#8243; gutter_size=&#8221;3&#8243; column_width_percent=&#8221;100&#8243; shift_y=&#8221;0&#8243; z_index=&#8221;0&#8243;][vc_column column_width_use_pixel=&#8221;yes&#8221; align_horizontal=&#8221;align_center&#8221; gutter_size=&#8221;2&#8243; overlay_alpha=&#8221;50&#8243; shift_x=&#8221;0&#8243; shift_y=&#8221;0&#8243; shift_y_down=&#8221;0&#8243; z_index=&#8221;0&#8243; medium_width=&#8221;0&#8243; [&hellip;]<\/p>\n","protected":false},"author":6,"featured_media":0,"parent":0,"menu_order":197,"comment_status":"closed","ping_status":"closed","template":"","meta":{"_acf_changed":false,"footnotes":""},"height":[],"weight":[],"class_list":["post-10955","page","type-page","status-publish","hentry"],"acf":[],"_links":{"self":[{"href":"https:\/\/www.moltexbaby.com\/hu\/wp-json\/wp\/v2\/pages\/10955","targetHints":{"allow":["GET"]}}],"collection":[{"href":"https:\/\/www.moltexbaby.com\/hu\/wp-json\/wp\/v2\/pages"}],"about":[{"href":"https:\/\/www.moltexbaby.com\/hu\/wp-json\/wp\/v2\/types\/page"}],"author":[{"embeddable":true,"href":"https:\/\/www.moltexbaby.com\/hu\/wp-json\/wp\/v2\/users\/6"}],"replies":[{"embeddable":true,"href":"https:\/\/www.moltexbaby.com\/hu\/wp-json\/wp\/v2\/comments?post=10955"}],"version-history":[{"count":0,"href":"https:\/\/www.moltexbaby.com\/hu\/wp-json\/wp\/v2\/pages\/10955\/revisions"}],"wp:attachment":[{"href":"https:\/\/www.moltexbaby.com\/hu\/wp-json\/wp\/v2\/media?parent=10955"}],"wp:term":[{"taxonomy":"height","embeddable":true,"href":"https:\/\/www.moltexbaby.com\/hu\/wp-json\/wp\/v2\/height?post=10955"},{"taxonomy":"weight","embeddable":true,"href":"https:\/\/www.moltexbaby.com\/hu\/wp-json\/wp\/v2\/weight?post=10955"}],"curies":[{"name":"wp","href":"https:\/\/api.w.org\/{rel}","templated":true}]}}