{"id":11000,"date":"2020-10-20T17:44:10","date_gmt":"2020-10-20T17:44:10","guid":{"rendered":"https:\/\/www.moltexbaby.com\/?page_id=11000"},"modified":"2025-08-11T11:23:12","modified_gmt":"2025-08-11T11:23:12","slug":"ujszulott-nadragpelenka-2-5-kg","status":"publish","type":"page","link":"https:\/\/www.moltexbaby.com\/hu\/termekek\/pelenkak\/ujszulott-nadragpelenka-2-5-kg\/","title":{"rendered":"\u00dajsz\u00fcl\u00f6tt nadr\u00e1gpelenka"},"content":{"rendered":"<div class=\"wpb-content-wrapper\"><p>[vc_row row_height_percent=&#8221;0&#8243; overlay_alpha=&#8221;50&#8243; gutter_size=&#8221;2&#8243; column_width_percent=&#8221;100&#8243; shift_y=&#8221;0&#8243; z_index=&#8221;0&#8243;][vc_column column_width_use_pixel=&#8221;yes&#8221; align_horizontal=&#8221;align_center&#8221; gutter_size=&#8221;3&#8243; override_padding=&#8221;yes&#8221; column_padding=&#8221;3&#8243; back_color=&#8221;color-lxmt&#8221; overlay_alpha=&#8221;50&#8243; radius=&#8221;xl&#8221; shift_x=&#8221;0&#8243; shift_y=&#8221;0&#8243; shift_y_down=&#8221;0&#8243; z_index=&#8221;0&#8243; medium_width=&#8221;0&#8243; mobile_width=&#8221;0&#8243; sticky=&#8221;yes&#8221; width=&#8221;5\/12&#8243; column_width_pixel=&#8221;250&#8243;][uncode_list el_class=&#8221;type-list&#8221;]<\/p>\n<ul>\n<li class=\"product-category\">Pelenk\u00e1k<\/li>\n<li class=\"newborn\">newborn<\/li>\n<\/ul>\n<p>[\/uncode_list][vc_row_inner limit_content=&#8221;&#8221;][vc_column_inner width=&#8221;1\/1&#8243;][vc_gallery el_id=&#8221;gallery-454102&#8243; type=&#8221;carousel&#8221; medias=&#8221;24136,24147&#8243; carousel_lg=&#8221;1&#8243; carousel_md=&#8221;1&#8243; carousel_sm=&#8221;1&#8243; thumb_size=&#8221;one-one&#8221; gutter_size=&#8221;3&#8243; media_items=&#8221;media|lightbox|original&#8221; carousel_v_align=&#8221;middle&#8221; carousel_interval=&#8221;3000&#8243; carousel_navspeed=&#8221;400&#8243; carousel_dots=&#8221;yes&#8221; carousel_dots_mobile=&#8221;yes&#8221; stage_padding=&#8221;0&#8243; single_overlay_opacity=&#8221;50&#8243; single_overlay_anim=&#8221;no&#8221; single_text_anim=&#8221;no&#8221; single_image_anim=&#8221;no&#8221; single_padding=&#8221;2&#8243; single_border=&#8221;yes&#8221; uncode_shortcode_id=&#8221;603741&#8243;][\/vc_column_inner][\/vc_row_inner][\/vc_column][vc_column column_width_percent=&#8221;80&#8243; gutter_size=&#8221;2&#8243; overlay_alpha=&#8221;50&#8243; shift_x=&#8221;0&#8243; shift_y=&#8221;0&#8243; shift_y_down=&#8221;0&#8243; z_index=&#8221;0&#8243; medium_width=&#8221;0&#8243; mobile_width=&#8221;0&#8243; width=&#8221;7\/12&#8243; el_class=&#8221;bloc-product&#8221;][vc_empty_space empty_h=&#8221;2&#8243; mobile_visibility=&#8221;yes&#8221;][vc_row_inner row_inner_height_percent=&#8221;0&#8243; overlay_alpha=&#8221;50&#8243; equal_height=&#8221;yes&#8221; gutter_size=&#8221;3&#8243; shift_y=&#8221;0&#8243; z_index=&#8221;0&#8243; limit_content=&#8221;&#8221;][vc_column_inner column_width_percent=&#8221;100&#8243; position_vertical=&#8221;middle&#8221; gutter_size=&#8221;3&#8243; overlay_alpha=&#8221;50&#8243; shift_x=&#8221;0&#8243; shift_y=&#8221;0&#8243; shift_y_down=&#8221;0&#8243; z_index=&#8221;0&#8243; medium_width=&#8221;0&#8243; mobile_width=&#8221;5&#8243; width=&#8221;2\/3&#8243;][vc_custom_heading heading_semantic=&#8221;h1&#8243;]\u00dajsz\u00fcl\u00f6tt[\/vc_custom_heading][\/vc_column_inner][vc_column_inner column_width_percent=&#8221;100&#8243; position_vertical=&#8221;middle&#8221; gutter_size=&#8221;3&#8243; overlay_alpha=&#8221;50&#8243; shift_x=&#8221;0&#8243; shift_y=&#8221;0&#8243; shift_y_down=&#8221;0&#8243; z_index=&#8221;0&#8243; medium_width=&#8221;0&#8243; mobile_width=&#8221;3&#8243; width=&#8221;1\/3&#8243;][vc_single_image media=&#8221;1244&#8243; media_width_use_pixel=&#8221;yes&#8221; alignment=&#8221;right&#8221; media_width_pixel=&#8221;60&#8243;][\/vc_column_inner][\/vc_row_inner][vc_column_text uncode_shortcode_id=&#8221;984293&#8243;]Az \u00fajsz\u00fcl\u00f6tt m\u00e9ret\u0171 2-5 kg k\u00f6z\u00f6tti bab\u00e1knak k\u00e9sz\u00fclnek.<\/p>\n<p>Gratul\u00e1lunk! A kis j\u00f6vev\u00e9nyt, akire olyan sok\u00e1ig v\u00e1rt\u00e1l, v\u00e9gre a karjaidba z\u00e1rhatod. A gyermekeddel kialakul\u00f3 szoros kapcsolat minden pillanatot meg fog \u00e9des\u00edteni.<\/p>\n<p>Nem is sz\u00f3lva arr\u00f3l, hogy milyen hossz\u00fa utaz\u00e1s volt ez az apr\u00f3s\u00e1gnak. A b\u0151re rendk\u00edv\u00fcl \u00e9rz\u00e9keny, ez\u00e9rt \u00f6ko pelenk\u00e1nk organikus pamuttal \u00e9s 100%-ban term\u00e9szetes eredet\u0171 szuper puha bels\u0151 r\u00e9teg (\u00fajsz\u00fcl\u00f6tt m\u00e9ret).[\/vc_column_text][vc_empty_space empty_h=&#8221;2&#8243;][vc_custom_heading heading_semantic=&#8221;h4&#8243; text_size=&#8221;h4&#8243;]M\u00e1s m\u00e9retekben is kaphat\u00f3:[\/vc_custom_heading][uncode_list el_class=&#8221;type-list&#8221;]<\/p>\n<ul>\n<li class=\"mini\">mini<\/li>\n<li class=\"midi\">midi<\/li>\n<li class=\"maxi\">maxi<\/li>\n<li class=\"junior\">junior<\/li>\n<li class=\"XL\">XL<\/li>\n<\/ul>\n<p>[\/uncode_list][vc_empty_space empty_h=&#8221;2&#8243;][vc_single_image media=&#8221;1631&#8243; media_width_percent=&#8221;100&#8243;][vc_empty_space empty_h=&#8221;2&#8243;][vc_custom_heading heading_semantic=&#8221;h4&#8243; text_size=&#8221;h3&#8243; text_weight=&#8221;400&#8243;]\u00d6sszetev\u0151k[\/vc_custom_heading][vc_empty_space empty_h=&#8221;0&#8243;][vc_icon position=&#8221;left&#8221; icon_image=&#8221;1226&#8243; icon_color=&#8221;color-wvjs&#8221; media_size=&#8221;60&#8243; text_size=&#8221;h4&#8243; title=&#8221;<b>100%<\/b>-ban term\u00e9szetes eredet\u0171&#8221; uncode_shortcode_id=&#8221;140197&#8243; icon_color_type=&#8221;uncode-palette&#8221;]Szuper puha bels\u0151 h\u00e9j 100%-ban term\u00e9szetes eredet\u0171[\/vc_icon][vc_empty_space empty_h=&#8221;0&#8243;][vc_icon position=&#8221;left&#8221; icon_image=&#8221;1210&#8243; icon_color=&#8221;color-wvjs&#8221; media_size=&#8221;60&#8243; text_size=&#8221;h4&#8243; title=&#8221;<b>Komfortos<\/b> tapint\u00e1s&#8221;]K\u00f6sz\u00f6nhet\u0151en az egyed\u00fcl\u00e1ll\u00f3, azonnali sz\u00e1razs\u00e1got ny\u00fajt\u00f3, szabadalmaztatott nedvess\u00e9g elvezet\u0151 rendszernek[\/vc_icon][vc_empty_space empty_h=&#8221;0&#8243;][vc_icon position=&#8221;left&#8221; icon_image=&#8221;1178&#8243; icon_color=&#8221;color-wvjs&#8221; media_size=&#8221;60&#8243; text_size=&#8221;h4&#8243; title=&#8221;<b>Gyeng\u00e9d<\/b> a b\u0151rh\u00f6z&#8221;]term\u00e9szetes \u00f6sszetev\u0151inek k\u00f6sz\u00f6nhet\u0151en, melyek nem tartalmaznak term\u00e9szetes latexet, kr\u00e9met \u00e9s illatanyagokat[\/vc_icon][vc_empty_space empty_h=&#8221;0&#8243;][vc_icon position=&#8221;left&#8221; icon_image=&#8221;1785&#8243; icon_color=&#8221;color-wvjs&#8221; media_size=&#8221;60&#8243; heading_semantic=&#8221;h4&#8243; text_size=&#8221;h4&#8243; title=&#8221;<b>Friss<\/b> b\u0151r&#8221;]K\u00f6sz\u00f6nhet\u0151en a l\u00e9legz\u0151 anyagoknak, amelyek megk\u00f6nny\u00edtik a szell\u0151z\u00e9st[\/vc_icon][vc_empty_space empty_h=&#8221;0&#8243;][vc_icon position=&#8221;left&#8221; icon_image=&#8221;1218&#8243; icon_color=&#8221;color-wvjs&#8221; media_size=&#8221;60&#8243; text_size=&#8221;h4&#8243; title=&#8221;<b>Teljesen<\/b> kl\u00f3rmentes&#8221;]FSC\u00ae tan\u00fas\u00edtv\u00e1nnyal ell\u00e1tott habos\u00edtott sz\u00edv\u00f3r\u00e9teg felel\u0151s erd\u00e9szetb\u0151l[\/vc_icon][vc_empty_space empty_h=&#8221;0&#8243;][vc_icon position=&#8221;left&#8221; icon_image=&#8221;1194&#8243; icon_color=&#8221;color-wvjs&#8221; media_size=&#8221;60&#8243; text_size=&#8221;h4&#8243; title=&#8221;<b>Puha<\/b> pamut&#8221;]A Seal of Cotton \u00e9s a pamualap\u00fa \u2122 a Cotton Incorporated v\u00e9djegye. A k\u00fcls\u0151 r\u00e9teg 15% szuperpuha organikus pamutot tartalmaz[\/vc_icon][vc_empty_space empty_h=&#8221;0&#8243;][vc_icon position=&#8221;left&#8221; icon_image=&#8221;1202&#8243; icon_color=&#8221;color-wvjs&#8221; media_size=&#8221;60&#8243; text_size=&#8221;h4&#8243; title=&#8221;<b>Modern<\/b> diz\u00e1jn&#8221;]biztons\u00e1gos tint\u00e1val nyomtatva[\/vc_icon][vc_empty_space empty_h=&#8221;0&#8243;][vc_empty_space empty_h=&#8221;0&#8243;][vc_button button_color=&#8221;accent&#8221; size=&#8221;btn-lg&#8221; radius=&#8221;btn-circle&#8221; outline=&#8221;yes&#8221; border_width=&#8221;0&#8243; el_class=&#8221;btn-full&#8221; link=&#8221;url:..%2Fsustainability%2F%23certifications|||&#8221;]Tudj meg t\u00f6bbet[\/vc_button][vc_empty_space empty_h=&#8221;2&#8243;][vc_custom_heading heading_semantic=&#8221;h4&#8243; text_size=&#8221;h3&#8243; text_weight=&#8221;400&#8243;]Egyedi tervez\u00e9s[\/vc_custom_heading][vc_single_image media=&#8221;1679&#8243; media_width_percent=&#8221;100&#8243;][\/vc_column][\/vc_row]<\/p>\n<\/div>","protected":false},"excerpt":{"rendered":"<p>2-5 KG<\/p>\n","protected":false},"author":6,"featured_media":24136,"parent":10926,"menu_order":1,"comment_status":"closed","ping_status":"closed","template":"","meta":{"_acf_changed":false,"footnotes":""},"height":[],"weight":[],"class_list":["post-11000","page","type-page","status-publish","has-post-thumbnail","hentry","page_category-pelenkak"],"acf":[],"_links":{"self":[{"href":"https:\/\/www.moltexbaby.com\/hu\/wp-json\/wp\/v2\/pages\/11000","targetHints":{"allow":["GET"]}}],"collection":[{"href":"https:\/\/www.moltexbaby.com\/hu\/wp-json\/wp\/v2\/pages"}],"about":[{"href":"https:\/\/www.moltexbaby.com\/hu\/wp-json\/wp\/v2\/types\/page"}],"author":[{"embeddable":true,"href":"https:\/\/www.moltexbaby.com\/hu\/wp-json\/wp\/v2\/users\/6"}],"replies":[{"embeddable":true,"href":"https:\/\/www.moltexbaby.com\/hu\/wp-json\/wp\/v2\/comments?post=11000"}],"version-history":[{"count":0,"href":"https:\/\/www.moltexbaby.com\/hu\/wp-json\/wp\/v2\/pages\/11000\/revisions"}],"up":[{"embeddable":true,"href":"https:\/\/www.moltexbaby.com\/hu\/wp-json\/wp\/v2\/pages\/10926"}],"wp:featuredmedia":[{"embeddable":true,"href":"https:\/\/www.moltexbaby.com\/hu\/wp-json\/wp\/v2\/media\/24136"}],"wp:attachment":[{"href":"https:\/\/www.moltexbaby.com\/hu\/wp-json\/wp\/v2\/media?parent=11000"}],"wp:term":[{"taxonomy":"height","embeddable":true,"href":"https:\/\/www.moltexbaby.com\/hu\/wp-json\/wp\/v2\/height?post=11000"},{"taxonomy":"weight","embeddable":true,"href":"https:\/\/www.moltexbaby.com\/hu\/wp-json\/wp\/v2\/weight?post=11000"}],"curies":[{"name":"wp","href":"https:\/\/api.w.org\/{rel}","templated":true}]}}