{"id":11015,"date":"2020-10-20T17:58:06","date_gmt":"2020-10-20T17:58:06","guid":{"rendered":"https:\/\/www.moltexbaby.com\/?page_id=11015"},"modified":"2025-07-29T10:38:03","modified_gmt":"2025-07-29T10:38:03","slug":"junior-bugyipelenka-11-25-kg","status":"publish","type":"page","link":"https:\/\/www.moltexbaby.com\/hu\/termekek\/ujszulottek\/junior-bugyipelenka-11-25-kg\/","title":{"rendered":"Junior Bugyipelenka 11-25 kg"},"content":{"rendered":"<div class=\"wpb-content-wrapper\"><p>[vc_row row_height_percent=&#8221;0&#8243; overlay_alpha=&#8221;50&#8243; gutter_size=&#8221;2&#8243; column_width_percent=&#8221;100&#8243; shift_y=&#8221;0&#8243; z_index=&#8221;0&#8243;][vc_column column_width_use_pixel=&#8221;yes&#8221; align_horizontal=&#8221;align_center&#8221; gutter_size=&#8221;3&#8243; override_padding=&#8221;yes&#8221; column_padding=&#8221;3&#8243; back_color=&#8221;color-lxmt&#8221; overlay_alpha=&#8221;50&#8243; radius=&#8221;xl&#8221; shift_x=&#8221;0&#8243; shift_y=&#8221;0&#8243; shift_y_down=&#8221;0&#8243; z_index=&#8221;0&#8243; medium_width=&#8221;0&#8243; mobile_width=&#8221;0&#8243; sticky=&#8221;yes&#8221; width=&#8221;5\/12&#8243; column_width_pixel=&#8221;250&#8243;][uncode_list el_class=&#8221;type-list&#8221;]<\/p>\n<ul>\n<li class=\"product-category\">Bugyipelenka<\/li>\n<li class=\"junior\">junior<\/li>\n<\/ul>\n<p>[\/uncode_list][vc_row_inner limit_content=&#8221;&#8221;][vc_column_inner width=&#8221;1\/1&#8243;][vc_gallery el_id=&#8221;gallery-454102&#8243; type=&#8221;carousel&#8221; medias=&#8221;24076,24098,24087&#8243; carousel_lg=&#8221;1&#8243; carousel_md=&#8221;1&#8243; carousel_sm=&#8221;1&#8243; thumb_size=&#8221;one-one&#8221; gutter_size=&#8221;3&#8243; media_items=&#8221;media|lightbox|original&#8221; carousel_v_align=&#8221;middle&#8221; carousel_interval=&#8221;3000&#8243; carousel_navspeed=&#8221;400&#8243; carousel_dots=&#8221;yes&#8221; carousel_dots_mobile=&#8221;yes&#8221; stage_padding=&#8221;0&#8243; single_overlay_opacity=&#8221;50&#8243; single_overlay_anim=&#8221;no&#8221; single_text_anim=&#8221;no&#8221; single_image_anim=&#8221;no&#8221; single_padding=&#8221;2&#8243; single_border=&#8221;yes&#8221; uncode_shortcode_id=&#8221;942296&#8243;][\/vc_column_inner][\/vc_row_inner][\/vc_column][vc_column column_width_percent=&#8221;80&#8243; gutter_size=&#8221;2&#8243; overlay_alpha=&#8221;50&#8243; shift_x=&#8221;0&#8243; shift_y=&#8221;0&#8243; shift_y_down=&#8221;0&#8243; z_index=&#8221;0&#8243; medium_width=&#8221;0&#8243; mobile_width=&#8221;0&#8243; width=&#8221;7\/12&#8243; el_class=&#8221;bloc-product&#8221;][vc_empty_space empty_h=&#8221;2&#8243; mobile_visibility=&#8221;yes&#8221;][vc_row_inner row_inner_height_percent=&#8221;0&#8243; overlay_alpha=&#8221;50&#8243; equal_height=&#8221;yes&#8221; gutter_size=&#8221;3&#8243; shift_y=&#8221;0&#8243; z_index=&#8221;0&#8243; limit_content=&#8221;&#8221;][vc_column_inner column_width_percent=&#8221;100&#8243; position_vertical=&#8221;middle&#8221; gutter_size=&#8221;3&#8243; overlay_alpha=&#8221;50&#8243; shift_x=&#8221;0&#8243; shift_y=&#8221;0&#8243; shift_y_down=&#8221;0&#8243; z_index=&#8221;0&#8243; medium_width=&#8221;0&#8243; mobile_width=&#8221;5&#8243; width=&#8221;2\/3&#8243;][vc_custom_heading heading_semantic=&#8221;h1&#8243;]Junior[\/vc_custom_heading][\/vc_column_inner][vc_column_inner column_width_percent=&#8221;100&#8243; position_vertical=&#8221;middle&#8221; gutter_size=&#8221;3&#8243; overlay_alpha=&#8221;50&#8243; shift_x=&#8221;0&#8243; shift_y=&#8221;0&#8243; shift_y_down=&#8221;0&#8243; z_index=&#8221;0&#8243; medium_width=&#8221;0&#8243; mobile_width=&#8221;3&#8243; width=&#8221;1\/3&#8243;][vc_single_image media=&#8221;1244&#8243; media_width_use_pixel=&#8221;yes&#8221; alignment=&#8221;right&#8221; media_width_pixel=&#8221;60&#8243;][\/vc_column_inner][\/vc_row_inner][vc_column_text]A Junior term\u00e9kek a 9-14 kg k\u00f6z\u00f6tti bab\u00e1knak k\u00e9sz\u00fclnek.<\/p>\n<p>H\u00e1nyszor hallottad m\u00e1r, hogy \u201eolyan gyorsan feln\u0151nek\u201d?<\/p>\n<p>\u00d6ko bugyipelenk\u00e1ink a lehet\u0151 legjobb k\u00eds\u00e9r\u0151i gyermeked felcsepered\u00e9s\u00e9nek. A modern diz\u00e1jnnak k\u00f6sz\u00f6nhet\u0151en a pelenkacsere a sz\u00fcl\u0151k \u00e9s a gyermek sz\u00e1m\u00e1ra is egyszer\u0171bb, mivel a biztons\u00e1got \u00e9s a praktikumot h\u00e1rom egyszer\u0171 l\u00e9p\u00e9sben kombin\u00e1lja: Csak h\u00fazd sz\u00e9t, h\u00fazd fel, v\u00e9g\u00fcl pedig h\u00fazd le.[\/vc_column_text][vc_empty_space empty_h=&#8221;2&#8243;][vc_custom_heading heading_semantic=&#8221;h4&#8243; text_size=&#8221;h4&#8243;]M\u00e1s m\u00e9retekben is kaphat\u00f3:[\/vc_custom_heading][uncode_list el_class=&#8221;type-list&#8221;]<\/p>\n<ul>\n<li class=\"xl\">XL<\/li>\n<\/ul>\n<p>[\/uncode_list][vc_empty_space empty_h=&#8221;2&#8243;][vc_single_image media=&#8221;1599&#8243; media_width_percent=&#8221;100&#8243;][vc_empty_space empty_h=&#8221;2&#8243;][vc_custom_heading heading_semantic=&#8221;h4&#8243; text_size=&#8221;h3&#8243; text_weight=&#8221;400&#8243;]\u00d6sszetev\u0151k[\/vc_custom_heading][vc_empty_space empty_h=&#8221;0&#8243;][vc_icon position=&#8221;left&#8221; icon_image=&#8221;1226&#8243; icon_color=&#8221;color-wvjs&#8221; media_size=&#8221;60&#8243; text_size=&#8221;h4&#8243; title=&#8221;<b>100%<\/b>-ban term\u00e9szetes eredet\u0171&#8221; uncode_shortcode_id=&#8221;173522&#8243; icon_color_type=&#8221;uncode-palette&#8221;]Szuper puha bels\u0151 h\u00e9j 100%-ban term\u00e9szetes eredet\u0171[\/vc_icon][vc_empty_space empty_h=&#8221;0&#8243;][vc_icon position=&#8221;left&#8221; icon_image=&#8221;1210&#8243; icon_color=&#8221;color-wvjs&#8221; media_size=&#8221;60&#8243; text_size=&#8221;h4&#8243; title=&#8221;<b>Komfortos<\/b> tapint\u00e1s&#8221;]K\u00f6sz\u00f6nhet\u0151en az egyed\u00fcl\u00e1ll\u00f3, azonnali sz\u00e1razs\u00e1got ny\u00fajt\u00f3, szabadalmaztatott nedvess\u00e9g elvezet\u0151 rendszernek[\/vc_icon][vc_empty_space empty_h=&#8221;0&#8243;][vc_icon position=&#8221;left&#8221; icon_image=&#8221;1178&#8243; icon_color=&#8221;color-wvjs&#8221; media_size=&#8221;60&#8243; text_size=&#8221;h4&#8243; title=&#8221;<b>Gyeng\u00e9d<\/b> a b\u0151rh\u00f6z&#8221;]term\u00e9szetes \u00f6sszetev\u0151inek k\u00f6sz\u00f6nhet\u0151en, melyek nem tartalmaznak term\u00e9szetes latexet, kr\u00e9met \u00e9s illatanyagokat[\/vc_icon][vc_empty_space empty_h=&#8221;0&#8243;][vc_icon position=&#8221;left&#8221; icon_image=&#8221;1218&#8243; icon_color=&#8221;color-wvjs&#8221; media_size=&#8221;60&#8243; text_size=&#8221;h4&#8243; title=&#8221;<b>Teljesen<\/b> kl\u00f3rmentes&#8221;]FSC\u00ae tan\u00fas\u00edtv\u00e1nnyal ell\u00e1tott habos\u00edtott sz\u00edv\u00f3r\u00e9teg felel\u0151s erd\u00e9szetb\u0151l[\/vc_icon][vc_empty_space empty_h=&#8221;0&#8243;][vc_icon position=&#8221;left&#8221; icon_image=&#8221;1202&#8243; icon_color=&#8221;color-wvjs&#8221; media_size=&#8221;60&#8243; text_size=&#8221;h4&#8243; title=&#8221;<b>Modern<\/b> diz\u00e1jn&#8221;]biztons\u00e1gos tint\u00e1val nyomtatva[\/vc_icon][vc_empty_space empty_h=&#8221;0&#8243;][vc_icon position=&#8221;left&#8221; icon_image=&#8221;1194&#8243; icon_color=&#8221;color-wvjs&#8221; media_size=&#8221;60&#8243; text_size=&#8221;h4&#8243; title=&#8221;<b>Puha<\/b> pamut&#8221;]A Seal of Cotton \u00e9s a pamualap\u00fa \u2122 a Cotton Incorporated v\u00e9djegye. A k\u00fcls\u0151 r\u00e9teg 15% szuperpuha organikus pamutot tartalmaz[\/vc_icon][vc_empty_space empty_h=&#8221;0&#8243;][vc_icon position=&#8221;left&#8221; icon_image=&#8221;1186&#8243; icon_color=&#8221;color-wvjs&#8221; media_size=&#8221;60&#8243; text_size=&#8221;h4&#8243; title=&#8221;<b>360<\/b> comfi fit&#8221;]Rugalmas teljesk\u00f6r\u0171 gum\u00edroz\u00e1sa r\u00e9v\u00e9n t\u00f6k\u00e9letesen illeszkedik \u00e9s rendk\u00edv\u00fcl k\u00f6nny\u0171 lecser\u00e9lni. A Moltex \u00d6KO Bugyipelenka garant\u00e1lja a szabads\u00e1g\u00e9rzetet, amire a bab\u00e1nak sz\u00fcks\u00e9ge van.[\/vc_icon][vc_empty_space empty_h=&#8221;0&#8243;][vc_button button_color=&#8221;accent&#8221; size=&#8221;btn-lg&#8221; radius=&#8221;btn-circle&#8221; outline=&#8221;yes&#8221; border_width=&#8221;0&#8243; el_class=&#8221;btn-full&#8221; link=&#8221;url:..%2Fsustainability%2F%23certifications|||&#8221;]Tudj meg t\u00f6bbet[\/vc_button][vc_empty_space empty_h=&#8221;2&#8243;][vc_custom_heading heading_semantic=&#8221;h4&#8243; text_size=&#8221;h3&#8243; text_weight=&#8221;400&#8243;]Egyedi tervez\u00e9s[\/vc_custom_heading][vc_single_image media=&#8221;1718&#8243; media_width_percent=&#8221;100&#8243;][\/vc_column][\/vc_row]<\/p>\n<\/div>","protected":false},"excerpt":{"rendered":"<p>11-25 KG<\/p>\n","protected":false},"author":6,"featured_media":24098,"parent":10927,"menu_order":155,"comment_status":"closed","ping_status":"closed","template":"","meta":{"_acf_changed":false,"footnotes":""},"height":[],"weight":[],"class_list":["post-11015","page","type-page","status-publish","has-post-thumbnail","hentry","page_category-ujszulottek"],"acf":[],"_links":{"self":[{"href":"https:\/\/www.moltexbaby.com\/hu\/wp-json\/wp\/v2\/pages\/11015","targetHints":{"allow":["GET"]}}],"collection":[{"href":"https:\/\/www.moltexbaby.com\/hu\/wp-json\/wp\/v2\/pages"}],"about":[{"href":"https:\/\/www.moltexbaby.com\/hu\/wp-json\/wp\/v2\/types\/page"}],"author":[{"embeddable":true,"href":"https:\/\/www.moltexbaby.com\/hu\/wp-json\/wp\/v2\/users\/6"}],"replies":[{"embeddable":true,"href":"https:\/\/www.moltexbaby.com\/hu\/wp-json\/wp\/v2\/comments?post=11015"}],"version-history":[{"count":0,"href":"https:\/\/www.moltexbaby.com\/hu\/wp-json\/wp\/v2\/pages\/11015\/revisions"}],"up":[{"embeddable":true,"href":"https:\/\/www.moltexbaby.com\/hu\/wp-json\/wp\/v2\/pages\/10927"}],"wp:featuredmedia":[{"embeddable":true,"href":"https:\/\/www.moltexbaby.com\/hu\/wp-json\/wp\/v2\/media\/24098"}],"wp:attachment":[{"href":"https:\/\/www.moltexbaby.com\/hu\/wp-json\/wp\/v2\/media?parent=11015"}],"wp:term":[{"taxonomy":"height","embeddable":true,"href":"https:\/\/www.moltexbaby.com\/hu\/wp-json\/wp\/v2\/height?post=11015"},{"taxonomy":"weight","embeddable":true,"href":"https:\/\/www.moltexbaby.com\/hu\/wp-json\/wp\/v2\/weight?post=11015"}],"curies":[{"name":"wp","href":"https:\/\/api.w.org\/{rel}","templated":true}]}}