{"id":3686,"date":"2020-07-13T11:23:35","date_gmt":"2020-07-13T11:23:35","guid":{"rendered":"https:\/\/www.moltexbaby.com\/?page_id=3686"},"modified":"2022-05-31T13:16:08","modified_gmt":"2022-05-31T13:16:08","slug":"informativa-sui-cookie","status":"publish","type":"page","link":"https:\/\/www.moltexbaby.com\/it\/informativa-sui-cookie\/","title":{"rendered":"Informativa sui Cookie"},"content":{"rendered":"<div class=\"wpb-content-wrapper\"><p>[vc_row][vc_column width=&#8221;1\/1&#8243;][vc_column_text uncode_shortcode_id=&#8221;137395&#8243;]<\/p>\n<h1 class=\"entry-title\">POLITICA DEI COOKIE<\/h1>\n<p>Ultimo aggiornamento : 25\/06\/2020<\/p>\n<p>Questo sito utilizza i cookie. Questa politica ti informa degli scopi per i quali Ontex Sant\u00e9 France utilizza questi cookie e come puoi gestirli.<\/p>\n<p>&nbsp;<\/p>\n<p><strong>1.Cos&#8217;\u00e8 un cookie?<\/strong><\/p>\n<p>Un &#8220;cookie&#8221; \u00e8 un file di dimensioni limitate, generalmente costituito da lettere e numeri, inviato dal server web al file cookie del browser che si trova sul disco rigido del tuo computer (o di qualsiasi altro dispositivo connesso a Internet, come uno smartphone o un tablet), quando visiti questo sito web.<br \/>\nUn cookie in genere include il nome del sito Web da cui proviene, la sua durata (per quanto tempo rimane sul tuo dispositivo) e un valore, che di solito \u00e8 un numero univoco generato casualmente.<\/p>\n<p>Possono essere utilizzati due tipi di cookie: cookie temporanei e cookie permanenti. I cookie temporanei vengono automaticamente cancellati al termine della tua sessione di navigazione. I cookie persistenti rimangono sul tuo dispositivo pi\u00f9 a lungo, per la durata specifica di ciascun cookie, e restano validi fino alla loro data di scadenza (a meno che non vengano eliminati prima dall&#8217;utente).<\/p>\n<p>I cookie possono essere utilizzati dai server web per identificare e tracciare gli utenti mentre navigano attraverso diverse pagine di un sito web e per identificare gli utenti che tornano su un sito web.<\/p>\n<p>I cookie non contengono informazioni che ti identificano personalmente, ma alcune informazioni personali che Ontex memorizza su di te potrebbero essere collegate a informazioni memorizzate e ottenute dai cookie. Per maggiori informazioni sul trattamento dei tuoi dati personali, ti invitiamo a consultare il ns <a href=\"\/it\/informativa-privacy\/\">Informativa Privacy<\/a>.<\/p>\n<p><strong>2.Per quali scopi questo sito utilizza i cookie?<\/strong><\/p>\n<p>Molti cookie su questo sito Web svolgono funzioni o servizi essenziali che hai richiesto o aiutano a garantire la sicurezza, come mostrato nelle tabelle seguenti.<\/p>\n<p>Ontex e i suoi fornitori di servizi possono utilizzare i cookie per raccogliere dati aggregati per garantire la corretta gestione del proprio sito web e per migliorare la navigazione sul proprio sito web. Potremmo utilizzare tali dispositivi per tracciare le informazioni sui nostri sistemi e identificare categorie di visitatori in base a cose come indirizzo IP, dominio, tipo di browser e pagine visualizzate. Queste informazioni vengono trasmesse ai nostri webmaster che le utilizzano per analizzare il numero di visitatori in diverse parti del sito Web e per garantire che il nostro sito Web sia una fonte di informazioni utile ed efficace.<\/p>\n<p><strong>3. Quali tipi di cookie utilizza questo sito Web?<\/strong><\/p>\n<p>Le tabelle seguenti elencano i diversi tipi di cookie utilizzati da Ontex su questo sito Web, nonch\u00e9 le loro finalit\u00e0 e durata.<\/p>\n<p><em>1. Cookie analitici<\/em>[\/vc_column_text][vc_raw_html]JTNDZGl2JTIwY2xhc3MlM0QlMjJjdXN0b20tY29va2llLXRhYmxlJTIyJTNFJTBBJTNDZGl2JTIwY2xhc3MlM0QlMjJjdXN0b20tY29va2llLWhlYWRlcnMlMjBjdXN0b20tY29va2llLXJvdyUyMiUzRSUwQSUzQ2RpdiUzRU5vbWUlMjBkZWwlMjBjb29raWUlM0MlMkZkaXYlM0UlMEElM0NkaXYlM0VTY29wbyUyMGRlbCUyMGNvb2tpZSUzQyUyRmRpdiUzRSUwQSUzQ2RpdiUzRUR1cmF0YSUyMGRlbCUyMGNvb2tpZSUzQyUyRmRpdiUzRSUwQSUzQyUyRmRpdiUzRSUwQSUwQSUzQ2RpdiUyMGNsYXNzJTNEJTIyY3VzdG9tLWNvb2tpZS1yb3clMjIlM0UlMEElM0NkaXYlMjBjbGFzcyUzRCUyMmNvb2tpZS1uYW1lJTIyJTNFX2dhJTNDJTJGZGl2JTNFJTBBJTNDZGl2JTIwY2xhc3MlM0QlMjJjb29raWUtcHVycG9zZSUyMiUzRVF1ZXN0byUyMCVDMyVBOCUyMGlsJTIwY29va2llJTIwcHJpbmNpcGFsZSUyMHV0aWxpenphdG8lMjBkYSUyMEdvb2dsZSUyMEFuYWx5dGljcy4lMjBDb25zZW50ZSUyMGElMjB1biUyMHNlcnZpemlvJTIwZGklMjBkaXN0aW5ndWVyZSUyMHVuJTIwdXRlbnRlJTIwZGElMjB1biUyMGFsdHJvJTIwZSUyMGR1cmElMjAyJTIwYW5uaS4lMjBWaWVuZSUyMHV0aWxpenphdG8lMjBkYSUyMHF1YWxzaWFzaSUyMHNpdG8lMjBjaGUlMjBpbXBsZW1lbnRhJTIwR29vZ2xlJTIwQW5hbHl0aWNzJTJDJTIwaW5jbHVzaSUyMGklMjBzZXJ2aXppJTIwZGklMjBHb29nbGUuJTNDJTJGZGl2JTNFJTBBJTNDZGl2JTIwY2xhc3MlM0QlMjJjb29raWUtZHVyYXRpb24lMjIlM0UyJTIwYW5uaSUzQyUyRmRpdiUzRSUwQSUzQyUyRmRpdiUzRSUwQSUwQSUzQ2RpdiUyMGNsYXNzJTNEJTIyY3VzdG9tLWNvb2tpZS1yb3clMjIlM0UlMEElM0NkaXYlMjBjbGFzcyUzRCUyMmNvb2tpZS1uYW1lJTIyJTNFX2dhdCUzQyUyRmRpdiUzRSUwQSUzQ2RpdiUyMGNsYXNzJTNEJTIyY29va2llLXB1cnBvc2UlMjIlM0VVdGlsaXp6YXRvJTIwcGVyJTIwbGltaXRhcmUlMjBpbCUyMHRhc3NvJTIwZGklMjByaWNoaWVzdGEuJTIwU2UlMjBHb29nbGUlMjBBbmFseXRpY3MlMjB2aWVuZSUyMGRpc3RyaWJ1aXRvJTIwdHJhbWl0ZSUyMEdvb2dsZSUyMFRhZyUyME1hbmFnZXIlMkMlMjBxdWVzdG8lMjBjb29raWUlMjB2ZXJyJUMzJUEwJTIwZGVub21pbmF0byUyMF9kY19ndG1fLiUzQyUyRmRpdiUzRSUwQSUzQ2RpdiUyMGNsYXNzJTNEJTIyY29va2llLWR1cmF0aW9uJTIyJTNFMSUyMGdpb3JubyUzQyUyRmRpdiUzRSUwQSUzQyUyRmRpdiUzRSUwQSUwQSUzQ2RpdiUyMGNsYXNzJTNEJTIyY3VzdG9tLWNvb2tpZS1yb3clMjIlM0UlMEElM0NkaXYlMjBjbGFzcyUzRCUyMmNvb2tpZS1uYW1lJTIyJTNFX3V0bWIlM0MlMkZkaXYlM0UlMEElM0NkaXYlMjBjbGFzcyUzRCUyMmNvb2tpZS1wdXJwb3NlJTIyJTNFcXVlc3RvJTIwY29va2llJTIwdmllbmUlMjB1dGlsaXp6YXRvJTIwcGVyJTIwY3JlYXJlJTIwZSUyMGNvbnRpbnVhcmUlMjB1bmElMjBzZXNzaW9uZSUyMHV0ZW50ZS4lM0MlMkZkaXYlM0UlMEElM0NkaXYlMjBjbGFzcyUzRCUyMmNvb2tpZS1kdXJhdGlvbiUyMiUzRVNlc3Npb25lJTNDJTJGZGl2JTNFJTBBJTNDJTJGZGl2JTNFJTBBJTBBJTBBJTNDZGl2JTIwY2xhc3MlM0QlMjJjdXN0b20tY29va2llLXJvdyUyMiUzRSUwQSUzQ2RpdiUyMGNsYXNzJTNEJTIyY29va2llLW5hbWUlMjIlM0VfdXRtYyUzQyUyRmRpdiUzRSUwQSUzQ2RpdiUyMGNsYXNzJTNEJTIyY29va2llLXB1cnBvc2UlMjIlM0VRdWVzdG8lMjBjb29raWUlMjB2aWVuZSUyMHV0aWxpenphdG8lMjBwZXIlMjBkZXRlcm1pbmFyZSUyMHNlJTIwZGV2ZSUyMGVzc2VyZSUyMGNyZWF0YSUyMG8lMjBtZW5vJTIwdW5hJTIwbnVvdmElMjBzZXNzaW9uZSUyMHBlciUyMGwlMjd1dGVudGUlM0MlMkZkaXYlM0UlMEElM0NkaXYlMjBjbGFzcyUzRCUyMmNvb2tpZS1kdXJhdGlvbiUyMiUzRVNlc3Npb25lJTNDJTJGZGl2JTNFJTBBJTNDJTJGZGl2JTNFJTBBJTBBJTNDZGl2JTIwY2xhc3MlM0QlMjJjdXN0b20tY29va2llLXJvdyUyMiUzRSUwQSUzQ2RpdiUyMGNsYXNzJTNEJTIyY29va2llLW5hbWUlMjIlM0VfdXRtdCUzQyUyRmRpdiUzRSUwQSUzQ2RpdiUyMGNsYXNzJTNEJTIyY29va2llLXB1cnBvc2UlMjIlM0VRdWVzdG8lMjBjb29raWUlMjB2aWVuZSUyMHV0aWxpenphdG8lMjBwZXIlMjBpbmRpY2FyZSUyMGlsJTIwdGlwbyUyMGRpJTIwcmljaGllc3RhLiUzQyUyRmRpdiUzRSUwQSUzQ2RpdiUyMGNsYXNzJTNEJTIyY29va2llLWR1cmF0aW9uJTIyJTNFU2Vzc2lvbmUlM0MlMkZkaXYlM0UlMEElM0MlMkZkaXYlM0UlMEElMEElM0NkaXYlMjBjbGFzcyUzRCUyMmN1c3RvbS1jb29raWUtcm93JTIyJTNFJTBBJTNDZGl2JTIwY2xhc3MlM0QlMjJjb29raWUtbmFtZSUyMiUzRV91dG16JTNDJTJGZGl2JTNFJTBBJTNDZGl2JTIwY2xhc3MlM0QlMjJjb29raWUtcHVycG9zZSUyMiUzRVF1ZXN0byUyMGNvb2tpZSUyMHZpZW5lJTIwdXRpbGl6emF0byUyMHBlciUyMG1lbW9yaXp6YXJlJTIwaWwlMjB0aXBvJTIwZGklMjBvcmllbnRhbWVudG8lMjB1dGlsaXp6YXRvJTIwZGFsJTIwdmlzaXRhdG9yZSUyMHBlciUyMHJhZ2dpdW5nZXJlJTIwdW4lMjBzaXRvJTIwd2ViLiUzQyUyRmRpdiUzRSUwQSUzQ2RpdiUyMGNsYXNzJTNEJTIyY29va2llLWR1cmF0aW9uJTIyJTNFNiUyMG1lc2klM0MlMkZkaXYlM0UlMEElM0MlMkZkaXYlM0UlMEElM0MlMkZkaXYlM0U=[\/vc_raw_html][vc_column_text uncode_shortcode_id=&#8221;571761&#8243;]<em>2. Cookie di prestazione<\/em>[\/vc_column_text][vc_raw_html]JTNDZGl2JTIwY2xhc3MlM0QlMjJjdXN0b20tY29va2llLXRhYmxlJTIyJTNFJTBBJTNDZGl2JTIwY2xhc3MlM0QlMjJjdXN0b20tY29va2llLWhlYWRlcnMlMjBjdXN0b20tY29va2llLXJvdyUyMiUzRSUwQSUzQ2RpdiUzRU5vbWUlMjBkZWwlMjBjb29raWUlM0MlMkZkaXYlM0UlMEElM0NkaXYlM0VTY29wbyUyMGRlbCUyMGNvb2tpZSUzQyUyRmRpdiUzRSUwQSUzQ2RpdiUzRUR1cmF0YSUyMGRlbCUyMGNvb2tpZSUzQyUyRmRpdiUzRSUwQSUzQyUyRmRpdiUzRSUwQSUwQSUwQSUzQ2RpdiUyMGNsYXNzJTNEJTIyY3VzdG9tLWNvb2tpZS1yb3clMjIlM0UlMEElM0NkaXYlMjBjbGFzcyUzRCUyMmNvb2tpZS1uYW1lJTIyJTNFX2hqaWQlM0MlMkZkaXYlM0UlMEElM0NkaXYlMjBjbGFzcyUzRCUyMmNvb2tpZS1wdXJwb3NlJTIyJTNFQ29va2llJTIwSG90amFyJTIwaW1wb3N0YXRvJTIwcXVhbmRvJTIwaWwlMjBjbGllbnRlJTIwYWNjZWRlJTIwcGVyJTIwbGElMjBwcmltYSUyMHZvbHRhJTIwYSUyMHVuYSUyMHBhZ2luYSUyMGNvbiUyMGxvJTIwc2NyaXB0JTIwSG90amFyLiUyMFZpZW5lJTIwdXRpbGl6emF0byUyMHBlciUyMG1lbW9yaXp6YXJlJTIwbCUyN0lEJTIwdXRlbnRlJTIwSG90amFyJTIwdW5pdm9jbyUyMHBlciUyMHF1ZXN0byUyMHNpdG8lMjBuZWwlMjBicm93c2VyLiUyMENpJUMzJUIyJTIwZ2FyYW50aXNjZSUyMGNoZSUyMGlsJTIwY29tcG9ydGFtZW50byUyMG5lbGxlJTIwdmlzaXRlJTIwc3VjY2Vzc2l2ZSUyMGFsbG8lMjBzdGVzc28lMjBzaXRvJTIwdmVuZ2ElMjBhdHRyaWJ1aXRvJTIwYWxsbyUyMHN0ZXNzbyUyMElEJTIwdXRlbnRlLiUzQyUyRmRpdiUzRSUwQSUzQ2RpdiUyMGNsYXNzJTNEJTIyY29va2llLWR1cmF0aW9uJTIyJTNFMSUyMGFubm8lM0MlMkZkaXYlM0UlMEElM0MlMkZkaXYlM0UlMEElMEElM0NkaXYlMjBjbGFzcyUzRCUyMmN1c3RvbS1jb29raWUtcm93JTIyJTNFJTBBJTNDZGl2JTIwY2xhc3MlM0QlMjJjb29raWUtbmFtZSUyMiUzRV9oalJlY29yZGluZ0VuYWJsZWQlM0MlMkZkaXYlM0UlMEElM0NkaXYlMjBjbGFzcyUzRCUyMmNvb2tpZS1wdXJwb3NlJTIyJTNFUXVlc3RvJTIwdmllbmUlMjBhZ2dpdW50byUyMHF1YW5kbyUyMHVuYSUyMHJlZ2lzdHJhemlvbmUlMjBpbml6aWElMjBlJTIwdmllbmUlMjByaXByb2RvdHRhJTIwcXVhbmRvJTIwaWwlMjBtb2R1bG8lMjBkaSUyMHJlZ2lzdHJhemlvbmUlMjB2aWVuZSUyMGluaXppYWxpenphdG8lMjBwZXIlMjB2ZWRlcmUlMjBzZSUyMGwlMjd1dGVudGUlMjAlQzMlQTglMjBnaSVDMyVBMCUyMGluJTIwdW5hJTIwcmVnaXN0cmF6aW9uZSUyMGluJTIwdW5hJTIwcGFydGljb2xhcmUlMjBzZXNzaW9uZS4lM0MlMkZkaXYlM0UlMEElM0NkaXYlMjBjbGFzcyUzRCUyMmNvb2tpZS1kdXJhdGlvbiUyMiUzRVNlc3Npb25lJTNDJTJGZGl2JTNFJTBBJTNDJTJGZGl2JTNFJTBBJTBBJTNDZGl2JTIwY2xhc3MlM0QlMjJjdXN0b20tY29va2llLXJvdyUyMiUzRSUwQSUzQ2RpdiUyMGNsYXNzJTNEJTIyY29va2llLW5hbWUlMjIlM0VfaGpSZWNvcmRpbmdMYXN0QWN0aXZpdHklM0MlMkZkaXYlM0UlMEElM0NkaXYlMjBjbGFzcyUzRCUyMmNvb2tpZS1wdXJwb3NlJTIyJTNFUXVlc3RvJTIwZG92cmViYmUlMjBlc3NlcmUlMjB0cm92YXRvJTIwbmVsbGElMjBtZW1vcml6emF6aW9uZSUyMGRlbGxhJTIwc2Vzc2lvbmUlMjAlMjhhbCUyMGNvbnRyYXJpbyUyMGRlaSUyMGNvb2tpZSUyOS4lMjBWaWVuZSUyMGFnZ2lvcm5hdG8lMjBhbGwlMjdhdnZpbyUyMGRpJTIwdW5hJTIwcmVnaXN0cmF6aW9uZSUyMHV0ZW50ZSUyMGUlMjBxdWFuZG8lMjBpJTIwZGF0aSUyMHZlbmdvbm8lMjBpbnZpYXRpJTIwdHJhbWl0ZSUyMFdlYlNvY2tldCUyMCUyOGwlMjd1dGVudGUlMjBlc2VndWUlMjB1biUyN2F6aW9uZSUyMGNoZSUyMEhvdGphciUyMHN0YSUyMHJlZ2lzdHJhbmRvJTI5LiUzQyUyRmRpdiUzRSUwQSUzQ2RpdiUyMGNsYXNzJTNEJTIyY29va2llLWR1cmF0aW9uJTIyJTNFU2Vzc2lvbmUlM0MlMkZkaXYlM0UlMEElM0MlMkZkaXYlM0UlMEElMEElM0NkaXYlMjBjbGFzcyUzRCUyMmN1c3RvbS1jb29raWUtcm93JTIyJTNFJTBBJTNDZGl2JTIwY2xhc3MlM0QlMjJjb29raWUtbmFtZSUyMiUzRV9oakluY2x1ZGVkSW5QYWdldmlld1NhbXBsZSUzQyUyRmRpdiUzRSUwQSUzQ2RpdiUyMGNsYXNzJTNEJTIyY29va2llLXB1cnBvc2UlMjIlM0VRdWVzdG8lMjBjb29raWUlMjAlQzMlQTglMjBpbXBvc3RhdG8lMjBwZXIlMjBjb211bmljYXJlJTIwYSUyMEhvdGphciUyMHNlJTIwcXVlc3RvJTIwdXRlbnRlJTIwJUMzJUE4JTIwaW5jbHVzbyUyMG5lbCUyMGNhbXBpb25hbWVudG8lMjBkZWklMjBkYXRpJTIwZGVmaW5pdG8lMjBkYWwlMjBsaW1pdGUlMjBkaSUyMHZpc3VhbGl6emF6aW9uZSUyMGRlbGxhJTIwcGFnaW5hJTIwZGVsJTIwdHVvJTIwc2l0by4lM0MlMkZkaXYlM0UlMEElM0NkaXYlMjBjbGFzcyUzRCUyMmNvb2tpZS1kdXJhdGlvbiUyMiUzRTMwJTIwbWludXRpJTNDJTJGZGl2JTNFJTBBJTNDJTJGZGl2JTNFJTBBJTBBJTNDZGl2JTIwY2xhc3MlM0QlMjJjdXN0b20tY29va2llLXJvdyUyMiUzRSUwQSUzQ2RpdiUyMGNsYXNzJTNEJTIyY29va2llLW5hbWUlMjIlM0VfaGpJbmNsdWRlZEluUGFnZXZpZXdTYW1wbGUlM0MlMkZkaXYlM0UlMEElM0NkaXYlMjBjbGFzcyUzRCUyMmNvb2tpZS1wdXJwb3NlJTIyJTNFUXVlc3RvJTIwY29va2llJTIwJUMzJUE4JTIwaW1wb3N0YXRvJTIwcGVyJTIwY29tdW5pY2FyZSUyMGElMjBIb3RqYXIlMjBzZSUyMHF1ZXN0byUyMHV0ZW50ZSUyMCVDMyVBOCUyMGluY2x1c28lMjBuZWwlMjBjYW1waW9uYW1lbnRvJTIwZGVpJTIwZGF0aSUyMGRlZmluaXRvJTIwZGFsJTIwbGltaXRlJTIwZGklMjBzZXNzaW9uZSUyMGdpb3JuYWxpZXJhJTIwZGVsJTIwdHVvJTIwc2l0by4lM0MlMkZkaXYlM0UlMEElM0NkaXYlMjBjbGFzcyUzRCUyMmNvb2tpZS1kdXJhdGlvbiUyMiUzRVNlc3Npb25lJTNDJTJGZGl2JTNFJTBBJTNDJTJGZGl2JTNFJTBBJTBBJTNDZGl2JTIwY2xhc3MlM0QlMjJjdXN0b20tY29va2llLXJvdyUyMiUzRSUwQSUzQ2RpdiUyMGNsYXNzJTNEJTIyY29va2llLW5hbWUlMjIlM0VfaGpGaXJzdFNlZW4lM0MlMkZkaXYlM0UlMEElM0NkaXYlMjBjbGFzcyUzRCUyMmNvb2tpZS1wdXJwb3NlJTIyJTNFUXVlc3RvJTIwJUMzJUE4JTIwaW1wb3N0YXRvJTIwcGVyJTIwaWRlbnRpZmljYXJlJTIwbGElMjBwcmltYSUyMHNlc3Npb25lJTIwZGklMjB1biUyMG51b3ZvJTIwdXRlbnRlLiUyME1lbW9yaXp6YSUyMHVuJTIwdmFsb3JlJTIwdmVybyUyRmZhbHNvJTJDJTIwaW5kaWNhbmRvJTIwc2UlMjBxdWVzdGElMjAlQzMlQTglMjBzdGF0YSUyMGxhJTIwcHJpbWElMjB2b2x0YSUyMGNoZSUyMEhvdGphciUyMGhhJTIwdmlzdG8lMjBxdWVzdG8lMjB1dGVudGUuJTIwVmllbmUlMjB1dGlsaXp6YXRvJTIwZGFpJTIwZmlsdHJpJTIwZGklMjByZWdpc3RyYXppb25lJTIwcGVyJTIwaWRlbnRpZmljYXJlJTIwbnVvdmUlMjBzZXNzaW9uaSUyMHV0ZW50ZS4lM0MlMkZkaXYlM0UlMEElM0NkaXYlMjBjbGFzcyUzRCUyMmNvb2tpZS1kdXJhdGlvbiUyMiUzRVNlc3Npb25lJTNDJTJGZGl2JTNFJTBBJTNDJTJGZGl2JTNFJTBBJTBBJTNDZGl2JTIwY2xhc3MlM0QlMjJjdXN0b20tY29va2llLXJvdyUyMiUzRSUwQSUzQ2RpdiUyMGNsYXNzJTNEJTIyY29va2llLW5hbWUlMjIlM0VfaGpSZWNvcmRpbmdFbmFibGVkJTNDJTJGZGl2JTNFJTBBJTNDZGl2JTIwY2xhc3MlM0QlMjJjb29raWUtcHVycG9zZSUyMiUzRVF1ZXN0byUyMHZpZW5lJTIwYWdnaXVudG8lMjBxdWFuZG8lMjB1bmElMjByZWdpc3RyYXppb25lJTIwaW5pemlhJTIwZSUyMHZpZW5lJTIwcmlwcm9kb3R0YSUyMHF1YW5kbyUyMGlsJTIwbW9kdWxvJTIwZGklMjByZWdpc3RyYXppb25lJTIwdmllbmUlMjBpbml6aWFsaXp6YXRvJTIwcGVyJTIwdmVkZXJlJTIwc2UlMjBsJTI3dXRlbnRlJTIwJUMzJUE4JTIwZ2klQzMlQTAlMjBpbiUyMHVuYSUyMHJlZ2lzdHJhemlvbmUlMjBpbiUyMHVuYSUyMHBhcnRpY29sYXJlJTIwc2Vzc2lvbmUuJTNDJTJGZGl2JTNFJTBBJTNDZGl2JTIwY2xhc3MlM0QlMjJjb29raWUtZHVyYXRpb24lMjIlM0VTZXNzaW9uZSUzQyUyRmRpdiUzRSUwQSUzQyUyRmRpdiUzRSUwQSUzQ2RpdiUyMGNsYXNzJTNEJTIyY3VzdG9tLWNvb2tpZS1yb3clMjIlM0UlMEElM0NkaXYlMjBjbGFzcyUzRCUyMmNvb2tpZS1uYW1lJTIyJTNFVmltZW8lMjB2aWRlbyUyMHBsYXllciUzQyUyRmRpdiUzRSUwQSUzQ2RpdiUyMGNsYXNzJTNEJTIyY29va2llLXB1cnBvc2UlMjIlM0VMZXR0b3JlJTIwdmlkZW8lMjBpbmNvcnBvcmFiaWxlLiUyMFBlciUyMHVsdGVyaW9yaSUyMGluZm9ybWF6aW9uaSUyQyUyMHZpc2l0YXJlJTIwbGElMjBwYWdpbmElMjBkaSUyMCUyMCUzQ2ElMjB0YXJnZXQlM0QlMjJfYmxhbmslMjIlMjBocmVmJTNEJTIyaHR0cHMlM0ElMkYlMkZ2aW1lby5jb20lMkZjb29raWVfcG9saWN5JTIyJTNFVmltZW8uJTNDJTJGYSUzRSUzQyUyRmRpdiUzRSUwQSUzQ2RpdiUyMGNsYXNzJTNEJTIyY29va2llLWR1cmF0aW9uJTIyJTNFU2Vzc2lvbmUlM0MlMkZkaXYlM0UlMEElM0MlMkZkaXYlM0UlMEElMEElM0MlMkZkaXYlM0U=[\/vc_raw_html][vc_column_text uncode_shortcode_id=&#8221;167935&#8243;]<strong>4. Il sito utilizza cookie di terze parti?<\/strong><\/p>\n<p>Ontex utilizza una serie di fornitori che possono anche inserire cookie sul tuo dispositivo quando visiti il sito Web allo scopo di consentire loro di fornire i propri servizi. In questo caso, queste terze parti sono responsabili del trattamento dei dati che raccolgono tramite i loro cookie. Se desideri maggiori informazioni su questi cookie, al fine di acconsentire alla loro installazione o alla procedura per negare il consenso alla ricezione di tali cookie, ti invitiamo a fare riferimento alle informative privacy delle terze parti elencate di seguito e al cookie banner disponibile sul nostro sito che consente tu per esercitare le tue scelte:[\/vc_column_text][vc_raw_html]JTNDZGl2JTIwY2xhc3MlM0QlMjJjdXN0b20tY29va2llLXRhYmxlJTIyJTNFJTBBJTNDZGl2JTIwY2xhc3MlM0QlMjJjdXN0b20tY29va2llLWhlYWRlcnMlMjBjdXN0b20tY29va2llLXJvdyUyMiUzRSUwQSUzQ2RpdiUzRU5vbWUlMjBkZWwlMjBjb29raWUlM0MlMkZkaXYlM0UlMEElM0NkaXYlM0VTY29wbyUyMGRlbCUyMGNvb2tpZSUzQyUyRmRpdiUzRSUwQSUzQ2RpdiUzRUR1cmF0YSUyMGRlbCUyMGNvb2tpZSUzQyUyRmRpdiUzRSUwQSUzQyUyRmRpdiUzRSUwQSUwQSUzQ2RpdiUyMGNsYXNzJTNEJTIyY3VzdG9tLWNvb2tpZS1yb3clMjIlM0UlMEElM0NkaXYlMjBjbGFzcyUzRCUyMmNvb2tpZS1uYW1lJTIyJTNFTW9uaXRvcmFnZ2lvJTIwZGVsbGUlMjBjb252ZXJzaW9uaSUyMGRpJTIwR29vZ2xlJTIwQWRXb3JkcyUzQyUyRmRpdiUzRSUwQSUzQ2RpdiUyMGNsYXNzJTNEJTIyY29va2llLXB1cnBvc2UlMjIlM0VHb29nbGUlMjB1dGlsaXp6YSUyMGklMjBjb29raWUlMjBwZXIlMjBhaXV0YXJlJTIwbGUlMjBhemllbmRlJTIwY2hlJTIwYWNxdWlzdGFubyUyMGFubnVuY2klMjBwdWJibGljaXRhcmklMjBkYSUyMEdvb2dsZSUyMGElMjBkZXRlcm1pbmFyZSUyMHF1YW50ZSUyMGRlbGxlJTIwcGVyc29uZSUyMGNoZSUyMGZhbm5vJTIwY2xpYyUyMHN1bCUyMGxvcm8lMjBhbm51bmNpbyUyMGZpbmlzY29ubyUyMHBlciUyMGFjcXVpc3RhcmUlMjBpJTIwbG9ybyUyMHByb2RvdHRpLiUyMElsJTIwY29va2llJTIwZGklMjBtb25pdG9yYWdnaW8lMjBkZWxsZSUyMGNvbnZlcnNpb25pJTIwdmllbmUlMjBhZ2dpdW50byUyMGFsJTIwdHVvJTIwYnJvd3NlciUyMHNvbG8lMjBxdWFuZG8lMjBmYWklMjBjbGljJTIwc3UlMjB1biUyMGFubnVuY2lvJTIwcHViYmxpY2F0byUyMGRhJTIwR29vZ2xlJTIwcGVyJTIwaWwlMjBxdWFsZSUyMGwlMjdpbnNlcnppb25pc3RhJTIwaGElMjBvcHRhdG8lMjBwZXIlMjBpbCUyMG1vbml0b3JhZ2dpbyUyMGRlbGxlJTIwY29udmVyc2lvbmkuJTIwUXVlc3RpJTIwY29va2llJTIwbm9uJTIwY29udGVuZ29ubyUyMGluZm9ybWF6aW9uaSUyMGNoZSUyMHRpJTIwaWRlbnRpZmljYW5vJTIwcGVyc29uYWxtZW50ZS4lMjBTZSUyMHF1ZXN0byUyMGNvb2tpZSUyMG5vbiUyMCVDMyVBOCUyMGFuY29yYSUyMHNjYWR1dG8lMjBxdWFuZG8lMjB2aXNpdGklMjBkZXRlcm1pbmF0ZSUyMHBhZ2luZSUyMGRlbCUyMHNpdG8lMjBXZWIlMjBkZWxsJTI3aW5zZXJ6aW9uaXN0YSUyQyUyMGwlMjdpbnNlcnppb25pc3RhJTIwc2FyJUMzJUEwJTIwaW4lMjBncmFkbyUyMGRpJTIwZGV0ZXJtaW5hcmUlMjBjaGUlMjBoYWklMjByYWdnaXVudG8lMjBxdWVzdGElMjBwYWdpbmElMjBmYWNlbmRvJTIwY2xpYyUyMHN1bGwlMjdhbm51bmNpby4lMjBPZ25pJTIwaW5zZXJ6aW9uaXN0YSUyMHJpY2V2ZSUyMHVuJTIwY29va2llJTIwZGl2ZXJzbyUyQyUyMHF1aW5kaSUyMGklMjBzaXRpJTIwd2ViJTIwZGVnbGklMjBpbnNlcnppb25pc3RpJTIwbm9uJTIwY29uZGl2aWRvbm8lMjBhbGN1biUyMGNvb2tpZS4lMjBTZSUyMGRlc2lkZXJpJTIwZGlzYWJpbGl0YXJlJTIwaSUyMGNvb2tpZSUyMHBlciUyMGlsJTIwbW9uaXRvcmFnZ2lvJTIwZGVsbGUlMjBjb252ZXJzaW9uaSUyQyUyMHB1b2klMjBjb25maWd1cmFyZSUyMGlsJTIwdHVvJTIwYnJvd3NlciUyMGluJTIwbW9kbyUyMGRhJTIwYmxvY2NhcmUlMjBpJTIwY29va2llJTIwZGFsJTIwZG9taW5pbyUyMGdvb2dsZWFkc2VydmljZXMuY29tLiUyMCVDMyU4OCUyMGlub2x0cmUlMjBuZWNlc3NhcmlvJTIwZGlzYWJpbGl0YXJlJTIwdHV0dGklMjBpJTIwY29va2llJTIwcGVyJTIwZGlzYXR0aXZhcmUlMjBpbCUyMG1vbml0b3JhZ2dpbyUyMGRlbGxlJTIwY29udmVyc2lvbmklMjBzdSUyMGRpc3Bvc2l0aXZpJTIwbW9iaWxpLiUyMEluJTIwZWZmZXR0aSUyQyUyMGFsJTIwbW9tZW50byUyMG5vbiUyMGNpJTIwc29ubyUyMGltcG9zdGF6aW9uaSUyMHBlciUyMGRvbWluaW8lMjBuZWklMjBicm93c2VyJTIwbW9iaWxpJTIwaU9TJTIwZSUyMEFuZHJvaWQuJTIwTWFnZ2lvcmklMjBpbmZvcm1hemlvbmklMjBpbiUyMG1lcml0byUyMHNvbm8lMjBkaXNwb25pYmlsaSUyMHN1JTNBJTIwJTJGJTJGd3d3Lmdvb2dsZS5jb20lMkZwcml2YWN5X2Fkcy5odG1sLiUzQyUyRmRpdiUzRSUwQSUzQ2RpdiUyMGNsYXNzJTNEJTIyY29va2llLWR1cmF0aW9uJTIyJTNFMzAlMjBnaW9ybmklM0MlMkZkaXYlM0UlMEElM0MlMkZkaXYlM0UlMEElMEElMEElM0MlMkZkaXYlM0U=[\/vc_raw_html][vc_column_text uncode_shortcode_id=&#8221;166241&#8243;]Quando visiti il sito web, potresti ricevere cookie da domini o siti web di terze parti se hai acconsentito a questi cookie tramite il nostro banner cookie. Ontex non controlla l&#8217;impostazione di questi cookie. Ti consigliamo quindi di consultare il banner sui cookie presente sul sito per effettuare la tua scelta dopo aver consultato la privacy policy del sito terzo di riferimento per maggiori informazioni su questi cookie. La terza parte interessata deve fornirti informazioni sui cookie aggiunti e ottenere la tua autorizzazione prima di aggiungere cookie al tuo dispositivo.<\/p>\n<p><strong>5. Come puoi gestire i cookie utilizzati dal sito?<\/strong><\/p>\n<p>Se hai acconsentito a un cookie, puoi revocare il tuo consenso in qualsiasi momento.<\/p>\n<p>In particolare, puoi modificare le tue impostazioni sui cookie accedendo al Centro Preferenze sui Cookie o al banner dei cookie accessibile sul Sito.<\/p>\n<p>Se desideri opporti all&#8217;uso dei cookie da parte del banner cookie presente sul sito o se desideri eliminare o consentire nuovi cookie sul tuo dispositivo, puoi anche modificare le impostazioni nel banner cookie per bloccare i cookie o per avvisarti quando i cookie vengono inviati al tuo dispositivo. I cookie possono essere gestiti in diversi modi. Si prega di fare riferimento alle istruzioni del banner dei cookie. Per i cookie che lo consentono, puoi anche utilizzare il tuo browser o la guida su schermo per saperne di pi\u00f9 su come regolare o modificare le impostazioni del tuo browser all&#8217;indirizzo:<\/p>\n<p>&#8211; Internet Explorer :\u00a0<a href=\"http:\/\/windows.microsoft.com\/en-US\/windows-vista\/How-to-manage-cookies-in-Internet-Explorer-9\">http:\/\/windows.microsoft.com\/en-US\/windows-vista\/How-to-manage-cookies-in-Internet-Explorer-9<\/a><br \/>\n&#8211; Chrome :\u00a0<a href=\"http:\/\/support.google.com\/chrome\/bin\/answer.py?hl=en-GB&amp;hlrm=nl&amp;answer=95647\">http:\/\/support.google.com\/chrome\/bin\/answer.py?hl=en-GB&amp;hlrm=nl&amp;answer=95647<\/a><br \/>\n&#8211; Firefox :\u00a0<a href=\"http:\/\/support.mozilla.org\/en-US\/kb\/enable-and-disable-cookies-website-preferences?s=cookies&amp;r=5&amp;as=s\">http:\/\/support.mozilla.org\/en-US\/kb\/enable-and-disable-cookies-website-preferences?s=cookies&amp;r=5&amp;as=s<\/a><br \/>\n&#8211; Safari :\u00a0<a href=\"http:\/\/support.apple.com\/kb\/PH5042\">http:\/\/support.apple.com\/kb\/PH5042<\/a><\/p>\n<p>Se disabiliti i cookie necessari al funzionamento o funzionali utilizzati dal sito o se elimini questi cookie gi\u00e0 installati sul tuo dispositivo dal sito, ci\u00f2 potrebbe avere un impatto quando navighi sul sito (\u00e8 possibile, ad esempio, che tu potrebbe non essere in grado di visualizzare alcune parti del sito Web o ricevere informazioni personalizzate quando si visita il sito Web).<\/p>\n<p><strong>6. Aggiornamento di questa politica sui cookie?<\/strong><\/p>\n<p>Se Ontex apporta modifiche alle sue pratiche relative ai cookie, tali modifiche verranno incorporate in una versione aggiornata di questa politica. Ti informeremo anche di tali modifiche aggiornando la data di entrata in vigore nella parte superiore di questa politica. Fatti salvi i tuoi diritti ai sensi della legge applicabile, Ontex si riserva il diritto di modificare questa politica di volta in volta per tenere conto dei progressi tecnologici, dei cambiamenti legali e normativi e delle buone pratiche commerciali.<\/p>\n<p>Per maggiori informazioni sui tuoi dati personali e sulle condizioni per esercitare i tuoi diritti, ti invitiamo a consultare il <a href=\"\/it\/informativa-privacy\/\">Informativa Privacy<\/a>.[\/vc_column_text][\/vc_column][\/vc_row]<\/p>\n<\/div>","protected":false},"excerpt":{"rendered":"<p>[vc_row][vc_column width=&#8221;1\/1&#8243;][vc_column_text uncode_shortcode_id=&#8221;137395&#8243;] POLITICA DEI COOKIE Ultimo aggiornamento : 25\/06\/2020 Questo sito utilizza i cookie. Questa politica ti informa degli [&hellip;]<\/p>\n","protected":false},"author":6,"featured_media":0,"parent":0,"menu_order":242,"comment_status":"closed","ping_status":"closed","template":"","meta":{"_acf_changed":false,"footnotes":""},"height":[],"weight":[],"class_list":["post-3686","page","type-page","status-publish","hentry"],"acf":[],"_links":{"self":[{"href":"https:\/\/www.moltexbaby.com\/it\/wp-json\/wp\/v2\/pages\/3686","targetHints":{"allow":["GET"]}}],"collection":[{"href":"https:\/\/www.moltexbaby.com\/it\/wp-json\/wp\/v2\/pages"}],"about":[{"href":"https:\/\/www.moltexbaby.com\/it\/wp-json\/wp\/v2\/types\/page"}],"author":[{"embeddable":true,"href":"https:\/\/www.moltexbaby.com\/it\/wp-json\/wp\/v2\/users\/6"}],"replies":[{"embeddable":true,"href":"https:\/\/www.moltexbaby.com\/it\/wp-json\/wp\/v2\/comments?post=3686"}],"version-history":[{"count":0,"href":"https:\/\/www.moltexbaby.com\/it\/wp-json\/wp\/v2\/pages\/3686\/revisions"}],"wp:attachment":[{"href":"https:\/\/www.moltexbaby.com\/it\/wp-json\/wp\/v2\/media?parent=3686"}],"wp:term":[{"taxonomy":"height","embeddable":true,"href":"https:\/\/www.moltexbaby.com\/it\/wp-json\/wp\/v2\/height?post=3686"},{"taxonomy":"weight","embeddable":true,"href":"https:\/\/www.moltexbaby.com\/it\/wp-json\/wp\/v2\/weight?post=3686"}],"curies":[{"name":"wp","href":"https:\/\/api.w.org\/{rel}","templated":true}]}}