{"id":3724,"date":"2020-07-13T14:18:16","date_gmt":"2020-07-13T14:18:16","guid":{"rendered":"https:\/\/www.moltexbaby.com\/?page_id=3724"},"modified":"2021-06-08T14:30:59","modified_gmt":"2021-06-08T14:30:59","slug":"nota-legale","status":"publish","type":"page","link":"https:\/\/www.moltexbaby.com\/it\/nota-legale\/","title":{"rendered":"Nota legale"},"content":{"rendered":"<div class=\"wpb-content-wrapper\"><p>[vc_row][vc_column][vc_column_text]<\/p>\n<h2>Nota legale<\/h2>\n<p><strong>Nome della societ\u00e0, <\/strong><strong>Forma giuridica dell\u2019entit\u00e0 Ontex :<\/strong><\/p>\n<p>Moltex Baby-Hygiene GmbH<\/p>\n<p><strong>Numero di registrazione CCIAA:<\/strong><\/p>\n<p>HRB 5260<\/p>\n<p><strong>Sede legale::<\/strong><\/p>\n<p>Robert-Bosch-Str. 8<br \/>\n56727 Mayen<\/p>\n<p>&nbsp;<\/p>\n<p><strong>P.IVA:<\/strong>\u00a0DE248 670006<\/p>\n<p><strong>E-mail:<\/strong>\u00a0<a href=\"mailto:info@moltex.de\">info@moltex.de\u00a0<\/a><\/p>\n<p>&nbsp;<\/p>\n<p><strong>Responsabile pubblicazioni<\/strong>: Ay\u015feg\u00fcl \u00d6zcan, Marketing Manager Ontex Brands Europe<\/p>\n<p>&nbsp;<\/p>\n<p><strong>Web host:<\/strong><\/p>\n<p>WP Engine<br \/>\nIrongate House, 22-30 Duke\u2019s Place<br \/>\nLondon, EC3A 7LP United Kingdom[\/vc_column_text][\/vc_column][\/vc_row]<\/p>\n<\/div>","protected":false},"excerpt":{"rendered":"<p>[vc_row][vc_column][vc_column_text] Nota legale Nome della societ\u00e0, Forma giuridica dell\u2019entit\u00e0 Ontex : Moltex Baby-Hygiene GmbH Numero di registrazione CCIAA: HRB 5260 [&hellip;]<\/p>\n","protected":false},"author":6,"featured_media":0,"parent":0,"menu_order":234,"comment_status":"closed","ping_status":"closed","template":"","meta":{"_acf_changed":false,"footnotes":""},"height":[],"weight":[],"class_list":["post-3724","page","type-page","status-publish","hentry"],"acf":[],"_links":{"self":[{"href":"https:\/\/www.moltexbaby.com\/it\/wp-json\/wp\/v2\/pages\/3724","targetHints":{"allow":["GET"]}}],"collection":[{"href":"https:\/\/www.moltexbaby.com\/it\/wp-json\/wp\/v2\/pages"}],"about":[{"href":"https:\/\/www.moltexbaby.com\/it\/wp-json\/wp\/v2\/types\/page"}],"author":[{"embeddable":true,"href":"https:\/\/www.moltexbaby.com\/it\/wp-json\/wp\/v2\/users\/6"}],"replies":[{"embeddable":true,"href":"https:\/\/www.moltexbaby.com\/it\/wp-json\/wp\/v2\/comments?post=3724"}],"version-history":[{"count":0,"href":"https:\/\/www.moltexbaby.com\/it\/wp-json\/wp\/v2\/pages\/3724\/revisions"}],"wp:attachment":[{"href":"https:\/\/www.moltexbaby.com\/it\/wp-json\/wp\/v2\/media?parent=3724"}],"wp:term":[{"taxonomy":"height","embeddable":true,"href":"https:\/\/www.moltexbaby.com\/it\/wp-json\/wp\/v2\/height?post=3724"},{"taxonomy":"weight","embeddable":true,"href":"https:\/\/www.moltexbaby.com\/it\/wp-json\/wp\/v2\/weight?post=3724"}],"curies":[{"name":"wp","href":"https:\/\/api.w.org\/{rel}","templated":true}]}}