{"id":3228,"date":"2020-07-10T21:34:20","date_gmt":"2020-07-10T21:34:20","guid":{"rendered":"https:\/\/www.moltexbaby.com\/?page_id=3228"},"modified":"2025-07-08T14:46:27","modified_gmt":"2025-07-08T14:46:27","slug":"zrownowazony-rozwoj","status":"publish","type":"page","link":"https:\/\/www.moltexbaby.com\/pl\/zrownowazony-rozwoj\/","title":{"rendered":"Zr\u00f3wnowa\u017cony rozw\u00f3j"},"content":{"rendered":"<div class=\"wpb-content-wrapper\"><p>[vc_row row_height_percent=&#8221;0&#8243; override_padding=&#8221;yes&#8221; h_padding=&#8221;2&#8243; top_padding=&#8221;1&#8243; bottom_padding=&#8221;2&#8243; overlay_alpha=&#8221;50&#8243; gutter_size=&#8221;3&#8243; column_width_percent=&#8221;100&#8243; shift_y=&#8221;0&#8243; z_index=&#8221;0&#8243;][vc_column column_width_use_pixel=&#8221;yes&#8221; align_horizontal=&#8221;align_center&#8221; gutter_size=&#8221;2&#8243; overlay_alpha=&#8221;50&#8243; shift_x=&#8221;0&#8243; shift_y=&#8221;0&#8243; shift_y_down=&#8221;0&#8243; z_index=&#8221;0&#8243; medium_width=&#8221;0&#8243; mobile_width=&#8221;0&#8243; width=&#8221;1\/1&#8243; column_width_pixel=&#8221;840&#8243;][vc_custom_heading]Zr\u00f3wnowa\u017cony rozw\u00f3j[\/vc_custom_heading][vc_custom_heading text_color=&#8221;color-wvjs&#8221; heading_semantic=&#8221;p&#8221; text_size=&#8221;h4&#8243; text_weight=&#8221;400&#8243; uncode_shortcode_id=&#8221;120476&#8243; text_color_type=&#8221;uncode-palette&#8221;]MOLTEX Pure &amp; Nature posiada wieloletnie do\u015bwiadczenie w oferowaniu niezawodnych i skutecznych produkt\u00f3w do opieki nad dzie\u0107mi, kt\u00f3re s\u0105 bezpieczne dla sk\u00f3ry dziecka i przyjazne dla \u015brodowiska. Produkty MOLTEX Pure &amp; Nature s\u0105 wytwarzane wy\u0142\u0105cznie w Hiszpania i Republice Czeskiej, z wykorzystaniem najnowszych dost\u0119pnych technologii produkcji i kontroli jako\u015bci, przy u\u017cyciu ca\u0142kowicie czystej energii elektrycznej, co gwarantuje bezpiecze\u0144stwo i wydajno\u015b\u0107 wyrobu.[\/vc_custom_heading][vc_empty_space empty_h=&#8221;2&#8243;][vc_custom_heading text_color=&#8221;color-wvjs&#8221; heading_semantic=&#8221;p&#8221; text_size=&#8221;h4&#8243; text_weight=&#8221;400&#8243; uncode_shortcode_id=&#8221;602199&#8243; text_color_type=&#8221;uncode-palette&#8221;]Tylko w ten spos\u00f3b mo\u017cemy zapewni\u0107 nast\u0119pnym pokoleniom \u2014 ma\u0142ym koneserom pieluch dnia dzisiejszego i jutrzejszego \u2014 ekologicznie bezpieczn\u0105 przysz\u0142o\u015b\u0107.[\/vc_custom_heading][vc_empty_space empty_h=&#8221;2&#8243;][\/vc_column][\/vc_row][vc_row row_height_percent=&#8221;0&#8243; override_padding=&#8221;yes&#8221; h_padding=&#8221;2&#8243; top_padding=&#8221;2&#8243; bottom_padding=&#8221;2&#8243; back_image=&#8221;871&#8243; overlay_alpha=&#8221;20&#8243; gutter_size=&#8221;3&#8243; column_width_percent=&#8221;100&#8243; shift_y=&#8221;0&#8243; z_index=&#8221;0&#8243; back_size=&#8221;1280px&#8221; row_height_pixel=&#8221;420&#8243;][vc_column column_width_percent=&#8221;100&#8243; position_vertical=&#8221;middle&#8221; gutter_size=&#8221;3&#8243; override_padding=&#8221;yes&#8221; column_padding=&#8221;3&#8243; style=&#8221;light&#8221; overlay_alpha=&#8221;0&#8243; radius=&#8221;lg&#8221; shift_x=&#8221;0&#8243; shift_y=&#8221;0&#8243; shift_y_down=&#8221;0&#8243; z_index=&#8221;0&#8243; medium_width=&#8221;0&#8243; mobile_width=&#8221;0&#8243; width=&#8221;1\/1&#8243;][vc_custom_heading text_font=&#8221;font-153194&#8243; text_size=&#8221;h1&#8243;]\u201c<span class=\"TextRun SCXW239212420 BCX0\" lang=\"PL-PL\" xml:lang=\"PL-PL\" data-contrast=\"auto\"><span class=\"NormalTextRun SCXW239212420 BCX0\">Naturalne jak sama przyroda<\/span><\/span><span class=\"EOP SCXW239212420 BCX0\" data-ccp-props=\"{&quot;201341983&quot;:0,&quot;335559739&quot;:160,&quot;335559740&quot;:259}\">\u00a0<\/span>\u201d[\/vc_custom_heading][\/vc_column][\/vc_row][vc_row row_height_percent=&#8221;0&#8243; override_padding=&#8221;yes&#8221; h_padding=&#8221;2&#8243; top_padding=&#8221;2&#8243; bottom_padding=&#8221;3&#8243; overlay_alpha=&#8221;50&#8243; gutter_size=&#8221;3&#8243; column_width_percent=&#8221;100&#8243; shift_y=&#8221;0&#8243; z_index=&#8221;0&#8243;][vc_column width=&#8221;1\/6&#8243;][\/vc_column][vc_column width=&#8221;4\/6&#8243;][vc_column_text uncode_shortcode_id=&#8221;861521&#8243;]<span data-contrast=\"none\">Maj\u0105c na uwadze cele zr\u00f3wnowa\u017conego rozwoju w zakresie dzia\u0142ania w dziedzinie klimatu (SDG13)<\/span><span data-contrast=\"none\">Ontex<\/span><span data-contrast=\"none\">\u00a0skupia si\u0119 na rozwa\u017cnym wykorzystywaniu energii, energii odnawialnej, oraz wspieraniu dzia\u0142a\u0144 na rzecz ochrony klimatu tak, aby ich dzia\u0142alno\u015b\u0107 sta\u0142a si\u0119 ca\u0142kowicie wolna od\u00a0<\/span><span data-contrast=\"none\">emisji CO<\/span><span data-contrast=\"none\">2 do roku 2030.<\/span><span data-ccp-props=\"{&quot;201341983&quot;:0,&quot;335559739&quot;:160,&quot;335559740&quot;:259}\">\u00a0<\/span>[\/vc_column_text][vc_custom_heading heading_semantic=&#8221;h3&#8243; text_size=&#8221;h3&#8243; subheading=&#8221;Dok\u0142adamy stara\u0144, by zagwarantowa\u0107, \u017ce nasze surowce pochodz\u0105 z etycznych, spo\u0142ecznie akceptowanych i odpowiedzialnych \u017ar\u00f3de\u0142.<br \/>\nKorzystamy z audyt\u00f3w spo\u0142ecznych polegaj\u0105cych na analizie ryzyka, aby zapewni\u0107 w naszym \u0142a\u0144cuchu dostaw wykorzystanie wy\u0142\u0105cznie materia\u0142\u00f3w odpowiedzialnych spo\u0142ecznie.&#8221;]<span class=\"TextRun SCXW145214004 BCX0\" lang=\"PL-PL\" xml:lang=\"PL-PL\" data-contrast=\"auto\"><span class=\"NormalTextRun SCXW145214004 BCX0\">Etyczne \u017ar\u00f3d\u0142a<\/span><\/span><span class=\"EOP SCXW145214004 BCX0\" data-ccp-props=\"{&quot;201341983&quot;:0,&quot;335559739&quot;:160,&quot;335559740&quot;:259}\">\u00a0<\/span>[\/vc_custom_heading][vc_custom_heading heading_semantic=&#8221;h3&#8243; text_size=&#8221;h3&#8243; subheading=&#8221;Nasze pieluszki i pieluchomajtki MOLTEX s\u0105 produkowane w europejskich zak\u0142adach produkcyjnych przy u\u017cyciu wy\u0142\u0105cznie ekologicznej energii.<\/p>\n<p>Fabryki s\u0105 dostosowane do najnowszych standard\u00f3w i posiadaj\u0105 certyfikaty ISO14001 oraz ISO50001.<br \/>\nISO14001 o mi\u0119dzynarodowa norma okre\u015blaj\u0105ca wymagania dotycz\u0105ce systemu zarz\u0105dzania \u015brodowiskiem. Dzi\u0119ki temu systemowi ochrony \u015brodowiska jeste\u015bmy w stanie identyfikowa\u0107 i kontrolowa\u0107 wp\u0142yw naszych dzia\u0142a\u0144, produkt\u00f3w i us\u0142ug na \u015brodowisko oraz stale podnosi\u0107 nasze wyniki w zakresie ochrony \u015brodowiska.<br \/>\nNorma ISO 50001 okre\u015bla wymagania, kt\u00f3re umo\u017cliwiaj\u0105 nam opracowanie polityki bardziej efektywnego wykorzystania energii i ci\u0105g\u0142e doskonalenie zarz\u0105dzania energi\u0105.&#8221; uncode_shortcode_id=&#8221;159048&#8243; text_color_type=&#8221;uncode-palette&#8221; text_color_solid=&#8221;#ff0000&#8243;]Odpowiedzialne zarz\u0105dzanie \u015brodowiskiem i energi\u0105 [\/vc_custom_heading][vc_custom_heading heading_semantic=&#8221;h3&#8243; text_size=&#8221;h3&#8243; subheading=&#8221;Nasi pracownicy s\u0105 naturalnie sercem i si\u0142\u0105 nap\u0119dow\u0105 firmy. Opieramy si\u0119 na systematycznym, zorientowanym na praktyk\u0119 podej\u015bciu do rozwoju pracownik\u00f3w, jak r\u00f3wnie\u017c na dzia\u0142aniach szkoleniowych i nieustannym kszta\u0142ceniu. Podkre\u015blamy znaczenie promowania stopniowej poprawy r\u00f3wnowagi mi\u0119dzy prac\u0105 a \u017cyciem prywatnym poprzez skuteczne dzia\u0142ania. Wa\u017cne jest dla nas r\u00f3wnie\u017c podnoszenie \u015bwiadomo\u015bci znaczenia zr\u00f3wnowa\u017conego rozwoju w\u015br\u00f3d ca\u0142ego personelu, a my oczywi\u015bcie staramy si\u0119 dawa\u0107 dobry przyk\u0142ad. Jest to proces, kt\u00f3ry mo\u017ce by\u0107 przeprowadzony tylko razem i ma\u0142ymi krokami. Dodatkowo, aby zapewni\u0107 dobre warunki pracy w naszych fabrykach przeprowadzamy niezale\u017cne, zewn\u0119trzne audyty spo\u0142eczne (BSCI).&#8221;]<span class=\"TextRun BCX0 SCXW153709185\" lang=\"PL-PL\" xml:lang=\"PL-PL\" data-contrast=\"auto\"><span class=\"NormalTextRun BCX0 SCXW153709185\">Serce i si\u0142a nap\u0119dowa: nasi pracownicy<\/span><\/span>[\/vc_custom_heading][vc_custom_heading heading_semantic=&#8221;h3&#8243; text_size=&#8221;h3&#8243; subheading=&#8221;przyznanie po raz trzeci z rz\u0119du znaku jako\u015bci GREEN BRANDS. GREEN BRANDS to marki, kt\u00f3re wnosz\u0105 istotny wk\u0142ad w przyrod\u0119 i \u015brodowisko naturalne. S\u0105 one produkowane w spos\u00f3b bezpieczny dla \u015brodowiska i dzia\u0142aj\u0105 konsekwentnie oraz odpowiedzialnie na rzecz ochrony siedlisk i zasob\u00f3w naturalnych, a tak\u017ce ochrony przyrody i zr\u00f3wnowa\u017conej jako\u015bci \u017cycia. Znak ten zapewnia konsumentom niezawodny standard i pomoc w orientacji przy wyborze produkt\u00f3w.&#8221;]<span class=\"TextRun BCX0 SCXW127329403\" lang=\"PL-PL\" xml:lang=\"PL-PL\" data-contrast=\"auto\"><span class=\"NormalTextRun BCX0 SCXW127329403\">Wyr\u00f3\u017cnienie dla Moltex Pure &amp; Nature:<\/span><\/span>[\/vc_custom_heading][\/vc_column][vc_column width=&#8221;1\/6&#8243;][\/vc_column][\/vc_row][vc_row][vc_column width=&#8221;1\/1&#8243;][uncode_block id=&#8221;1870&#8243;][\/vc_column][\/vc_row][vc_row row_height_percent=&#8221;0&#8243; override_padding=&#8221;yes&#8221; h_padding=&#8221;2&#8243; top_padding=&#8221;3&#8243; bottom_padding=&#8221;2&#8243; overlay_alpha=&#8221;50&#8243; gutter_size=&#8221;3&#8243; column_width_percent=&#8221;100&#8243; shift_y=&#8221;0&#8243; z_index=&#8221;0&#8243;][vc_column width=&#8221;1\/6&#8243;][\/vc_column][vc_column width=&#8221;4\/6&#8243;][vc_custom_heading heading_semantic=&#8221;h3&#8243; text_size=&#8221;h3&#8243;]AllergyCertified[\/vc_custom_heading][vc_column_text]AllergyCertified to mi\u0119dzynarodowy znak gwarantuj\u0105cy minimalne ryzyko wyst\u0105pienia alergii sk\u00f3rnej. Toksykolog z niezale\u017cnego instytutu AllergyCertified dokona\u0142 szczeg\u00f3\u0142owej oceny ryzyka wszystkich sk\u0142adnik\u00f3w obecnych w produkcie. Niedozwolone substancje chemiczne to sk\u0142adniki, o kt\u00f3rych wiadomo, \u017ce s\u0105 uczulaj\u0105ce, rakotw\u00f3rcze i zaburzaj\u0105 uk\u0142ad rozrodczy (substancje zaburzaj\u0105ce gospodark\u0119 hormonaln\u0105).<\/p>\n<p>Wi\u0119cej informacji: <a href=\"http:\/\/allergycertified.com\/\">http:\/\/allergycertified.com\/\u00a0<\/a>[\/vc_column_text][vc_custom_heading heading_semantic=&#8221;h3&#8243; text_size=&#8221;h3&#8243; uncode_shortcode_id=&#8221;380097&#8243;]Znak jako\u015bci DERMATEST\u00ae[\/vc_custom_heading][vc_column_text]Produkty opatrzone symbolem z 5 gwiazdkami s\u0105 testowane klinicznie przez niezale\u017cny instytut DERMATEST\u00ae , kt\u00f3ry zapewnia najwy\u017cszy poziom pewno\u015bci, \u017ce nasze produkty nie spowoduj\u0105 podra\u017cnie\u0144 lub alergii sk\u00f3ry w kr\u00f3tkim lub d\u0142ugim okresie.<\/p>\n<p>\u2014 Okres pr\u00f3bny wynosz\u0105cy co najmniej cztery tygodnie<\/p>\n<p>\u2014 Stosowanie na okre\u015blone obszary sk\u00f3ry<\/p>\n<p>\u2014 Pomiar parametr\u00f3w fizjologicznych sk\u00f3ry<\/p>\n<p>\u2014 Ko\u0144cowy test p\u0142atkowy w celu wykluczenia alergii, kt\u00f3ra mog\u0142a wyst\u0105pi\u0107 w okresie pr\u00f3bnym<\/p>\n<p>Aby uzyska\u0107 wi\u0119cej informacji: <a href=\"http:\/\/www.5-star-guarantee.de\/\">www.5-star-guarantee.de<\/a>[\/vc_column_text][vc_custom_heading heading_semantic=&#8221;h3&#8243; text_size=&#8221;h3&#8243; uncode_shortcode_id=&#8221;210275&#8243;]OEKO-TEX\u00ae STANDARD 100[\/vc_custom_heading][vc_column_text uncode_shortcode_id=&#8221;134689&#8243;]OEKO-TEX\u00ae STANDARD 100 jest jedn\u0105 z najbardziej znanych na \u015bwiecie etykiet umieszczanych na produktach testowanych pod k\u0105tem obecno\u015bci substancji szkodliwych.<\/p>\n<p>W badaniach brane s\u0105 pod uwag\u0119 liczne substancje regulowane i nieregulowane, kt\u00f3re mog\u0105 by\u0107 szkodliwe dla zdrowia cz\u0142owieka. W wielu przypadkach warto\u015bci graniczne dla STANDARD 100 wykraczaj\u0105 poza wymogi krajowe i mi\u0119dzynarodowe.<\/p>\n<p>Dzieci potrzebuj\u0105 specjalnej ochrony. W zwi\u0105zku z tym produkty dzieci\u0119ce \u201eKlasy I\u201d OEKO-TEX\u00ae spe\u0142niaj\u0105 najsurowsze kryteria dostosowane do wra\u017cliwej sk\u00f3ry dziecka. Ponadto nasze produkty s\u0105 badane i certyfikowane zgodnie z rozszerzonymi wymogami \u201eZa\u0142\u0105cznika 6\u201d, kt\u00f3ry jest jeszcze bardziej rygorystyczny w por\u00f3wnaniu z wymogami \u201eZa\u0142\u0105cznika 4\u201d.<\/p>\n<p>Produkty Moltex testowane s\u0105 na obecno\u015b\u0107 szkodliwych substancji zgodnie ze OEKO-TEX\u00ae STANDARD 100.<\/p>\n<p>Aby uzyska\u0107 wi\u0119cej informacji: <a href=\"https:\/\/www.oeko-tex.com\/en\/our-standards\/standard-100-by-oeko-tex\">www.oeko-tex.com\/stardard100<\/a>[\/vc_column_text][vc_custom_heading heading_semantic=&#8221;h3&#8243; text_size=&#8221;h3&#8243;]Cotton enhanced\u2122[\/vc_custom_heading][vc_column_text]Pieluchy Moltex s\u0105 wykonane z najwy\u017cszej jako\u015bci bawe\u0142ny w warstwie zewn\u0119trznej.<\/p>\n<p>Znak towarowy \u201eSeal of Cotton\u201d u\u0142atwia konsumentom identyfikacj\u0119 produkt\u00f3w zawieraj\u0105cych bawe\u0142n\u0119. Znaki Seal of Cotton oraz cotton enhanced\u2122 s\u0105 w\u0142asno\u015bci\u0105 organizacji non-profit Cotton Incorporated od 1973 roku.<\/p>\n<p>Aby uzyska\u0107 wi\u0119cej informacji:\u00a0 <a href=\"https:\/\/www.cottoninc.com\/\">www.cottoninc.com<\/a>[\/vc_column_text][vc_custom_heading heading_semantic=&#8221;h3&#8243; text_size=&#8221;h3&#8243;]Bawe\u0142na organiczna w warstwie zewn\u0119trznej[\/vc_custom_heading][vc_column_text uncode_shortcode_id=&#8221;866361&#8243;]Stosujemy bawe\u0142n\u0119 ekologiczn\u0105, kt\u00f3ra jest produkowana i certyfikowana zgodnie z ekologicznymi normami rolniczymi, kt\u00f3re nie pozwalaj\u0105 na stosowanie toksycznych chemikali\u00f3w ani GMO (&#8230;). Jej produkcja sprzyja zdrowiu gleb, ekosystem\u00f3w i ludzi.[\/vc_column_text][vc_custom_heading heading_semantic=&#8221;h3&#8243; text_size=&#8221;h3&#8243; uncode_shortcode_id=&#8221;212380&#8243;]Warstwa wewn\u0119trzna w 100% pochodzenia naturalnego[\/vc_custom_heading][vc_column_text uncode_shortcode_id=&#8221;255684&#8243;]Mi\u0119kka warstwa wewn\u0119trzna maj\u0105ca kontakt ze sk\u00f3r\u0105 Twojego dziecka wykonana jest w 100% z surowc\u00f3w pochodzenia naturalnego.[\/vc_column_text][vc_custom_heading heading_semantic=&#8221;h3&#8243; text_size=&#8221;h3&#8243;]Oznakowanie ekologiczne UE[\/vc_custom_heading][vc_column_text]Pieluchy wyr\u00f3\u017cnione oficjalnym oznakowaniem ekologicznym UE gwarantuj\u0105 spe\u0142nienie wysokich standard\u00f3w \u015brodowiskowych przez ca\u0142y cykl \u017cycia: od wydobycia surowc\u00f3w, poprzez produkcj\u0119 i dystrybucj\u0119, a\u017c po utylizacj\u0119. Produkt musi r\u00f3wnie\u017c spe\u0142nia\u0107 surowe kryteria jako\u015bci i wydajno\u015bci, pomagaj\u0105c konsumentom dokonywa\u0107 \u015bwiadomych wybor\u00f3w bez kompromis\u00f3w.<\/p>\n<p>Wi\u0119cej informacji: <a href=\"https:\/\/ec.europa.eu\/environment\/ecolabel\/\">https:\/\/ec.europa.eu\/environment\/ecolabel\/<\/a>[\/vc_column_text][vc_custom_heading heading_semantic=&#8221;h3&#8243; text_size=&#8221;h3&#8243;]FSC\u00ae[\/vc_custom_heading][vc_column_text]Wybieraj\u0105c pieluchy zawieraj\u0105ce celuloz\u0119 (materia\u0142 wykonany z pulpy drzewnej) z etykiet\u0105 FSC\u00ae, pomagasz dba\u0107 o lasy na \u015bwiecie i walczy\u0107 z wylesianiem. Forest Stewardship Council (FSC\u00ae) d\u0105\u017cy do odpowiedzialnego zarz\u0105dzania lasami na ca\u0142ym \u015bwiecie, zgodnie z surowymi kryteriami spo\u0142ecznymi, ekologicznymi i ekonomicznymi.<\/p>\n<p>Strona internetowa: <a href=\"https:\/\/fsc.org\/en\">https:\/\/fsc.org\/en<\/a>[\/vc_column_text][vc_custom_heading heading_semantic=&#8221;h3&#8243; text_size=&#8221;h3&#8243; uncode_shortcode_id=&#8221;204770&#8243;]Opakowania wykonane w 100% z materia\u0142u pochodz\u0105cego z recyklingu[\/vc_custom_heading][vc_column_text uncode_shortcode_id=&#8221;153871&#8243;]Szacunek do Natury &#8211; opakowania produkt\u00f3w MOLTEX Pure &amp; Nature zosta\u0142y wykonane w 100% z materia\u0142u pochodz\u0105cego z recyklingu.[\/vc_column_text][\/vc_column][vc_column width=&#8221;1\/6&#8243;][\/vc_column][\/vc_row]<\/p>\n<\/div>","protected":false},"excerpt":{"rendered":"<p>[vc_row row_height_percent=&#8221;0&#8243; override_padding=&#8221;yes&#8221; h_padding=&#8221;2&#8243; top_padding=&#8221;1&#8243; bottom_padding=&#8221;2&#8243; overlay_alpha=&#8221;50&#8243; gutter_size=&#8221;3&#8243; column_width_percent=&#8221;100&#8243; shift_y=&#8221;0&#8243; z_index=&#8221;0&#8243;][vc_column column_width_use_pixel=&#8221;yes&#8221; align_horizontal=&#8221;align_center&#8221; gutter_size=&#8221;2&#8243; overlay_alpha=&#8221;50&#8243; shift_x=&#8221;0&#8243; shift_y=&#8221;0&#8243; shift_y_down=&#8221;0&#8243; z_index=&#8221;0&#8243; medium_width=&#8221;0&#8243; [&hellip;]<\/p>\n","protected":false},"author":6,"featured_media":0,"parent":0,"menu_order":197,"comment_status":"closed","ping_status":"closed","template":"","meta":{"_acf_changed":false,"footnotes":""},"height":[],"weight":[],"class_list":["post-3228","page","type-page","status-publish","hentry"],"acf":[],"_links":{"self":[{"href":"https:\/\/www.moltexbaby.com\/pl\/wp-json\/wp\/v2\/pages\/3228","targetHints":{"allow":["GET"]}}],"collection":[{"href":"https:\/\/www.moltexbaby.com\/pl\/wp-json\/wp\/v2\/pages"}],"about":[{"href":"https:\/\/www.moltexbaby.com\/pl\/wp-json\/wp\/v2\/types\/page"}],"author":[{"embeddable":true,"href":"https:\/\/www.moltexbaby.com\/pl\/wp-json\/wp\/v2\/users\/6"}],"replies":[{"embeddable":true,"href":"https:\/\/www.moltexbaby.com\/pl\/wp-json\/wp\/v2\/comments?post=3228"}],"version-history":[{"count":0,"href":"https:\/\/www.moltexbaby.com\/pl\/wp-json\/wp\/v2\/pages\/3228\/revisions"}],"wp:attachment":[{"href":"https:\/\/www.moltexbaby.com\/pl\/wp-json\/wp\/v2\/media?parent=3228"}],"wp:term":[{"taxonomy":"height","embeddable":true,"href":"https:\/\/www.moltexbaby.com\/pl\/wp-json\/wp\/v2\/height?post=3228"},{"taxonomy":"weight","embeddable":true,"href":"https:\/\/www.moltexbaby.com\/pl\/wp-json\/wp\/v2\/weight?post=3228"}],"curies":[{"name":"wp","href":"https:\/\/api.w.org\/{rel}","templated":true}]}}