{"id":5755,"date":"2020-07-15T21:03:12","date_gmt":"2020-07-15T21:03:12","guid":{"rendered":"https:\/\/www.moltexbaby.com\/?page_id=5755"},"modified":"2025-07-29T10:29:24","modified_gmt":"2025-07-29T10:29:24","slug":"produkty","status":"publish","type":"page","link":"https:\/\/www.moltexbaby.com\/pl\/produkty\/","title":{"rendered":"Produkty"},"content":{"rendered":"<div class=\"wpb-content-wrapper\"><p>[vc_row row_height_percent=&#8221;0&#8243; override_padding=&#8221;yes&#8221; h_padding=&#8221;2&#8243; top_padding=&#8221;1&#8243; bottom_padding=&#8221;1&#8243; overlay_alpha=&#8221;50&#8243; gutter_size=&#8221;2&#8243; column_width_percent=&#8221;100&#8243; shift_y=&#8221;0&#8243; z_index=&#8221;0&#8243;][vc_column column_width_use_pixel=&#8221;yes&#8221; align_horizontal=&#8221;align_center&#8221; gutter_size=&#8221;2&#8243; overlay_alpha=&#8221;50&#8243; shift_x=&#8221;0&#8243; shift_y=&#8221;0&#8243; shift_y_down=&#8221;0&#8243; z_index=&#8221;0&#8243; medium_width=&#8221;0&#8243; mobile_width=&#8221;0&#8243; width=&#8221;1\/1&#8243; column_width_pixel=&#8221;820&#8243;][vc_custom_heading]Produkty[\/vc_custom_heading][vc_custom_heading text_color=&#8221;color-wvjs&#8221; heading_semantic=&#8221;p&#8221; text_size=&#8221;h4&#8243; text_weight=&#8221;400&#8243;]<span class=\"TextRun BCX0 SCXW174670060\" lang=\"PL-PL\" xml:lang=\"PL-PL\" data-contrast=\"auto\"><span class=\"NormalTextRun BCX0 SCXW174670060\">Produkty MOLTEX Pure &amp; Nature s\u0105 wytwarzane w 100% przy u\u017cyciu czystej energii, z u\u017cyciem mi\u0119kkiej warstwy wewn\u0119trznej\u00a0<\/span><\/span><span class=\"TextRun BCX0 SCXW174670060\" lang=\"PL-PL\" xml:lang=\"PL-PL\" data-contrast=\"none\"><span class=\"NormalTextRun BCX0 SCXW174670060\">pochodzenia ro\u015blinnego<\/span><\/span><span class=\"TextRun BCX0 SCXW174670060\" lang=\"PL-PL\" xml:lang=\"PL-PL\" data-contrast=\"auto\"><span class=\"NormalTextRun BCX0 SCXW174670060\">, a tak<\/span><\/span><span class=\"TextRun BCX0 SCXW174670060\" lang=\"PL-PL\" xml:lang=\"PL-PL\" data-contrast=\"auto\"><span class=\"NormalTextRun BCX0 SCXW174670060\">\u017ce w 100% bez dodatku szkodliwych substancji<\/span><\/span><span class=\"TextRun BCX0 SCXW174670060\" lang=\"PL-PL\" xml:lang=\"PL-PL\" data-contrast=\"auto\"><span class=\"NormalTextRun BCX0 SCXW174670060\">, dzi\u0119ki czemu s\u0105 bezpieczne dla sk\u00f3ry Twojego dziecka i przyjazne dla \u015brodowiska.<\/span><\/span>[\/vc_custom_heading][vc_empty_space empty_h=&#8221;2&#8243;][\/vc_column][\/vc_row][vc_row row_height_percent=&#8221;0&#8243; override_padding=&#8221;yes&#8221; h_padding=&#8221;2&#8243; top_padding=&#8221;2&#8243; bottom_padding=&#8221;2&#8243; back_image=&#8221;1274&#8243; back_repeat=&#8221;no-repeat&#8221; back_position=&#8221;left top&#8221; overlay_alpha=&#8221;50&#8243; gutter_size=&#8221;3&#8243; column_width_percent=&#8221;100&#8243; shift_y=&#8221;0&#8243; z_index=&#8221;0&#8243; back_size=&#8221;300px&#8221; row_name=&#8221;diapers&#8221;][vc_column width=&#8221;1\/1&#8243;][vc_custom_heading text_size=&#8221;h3&#8243; text_weight=&#8221;400&#8243;]Pieluchy[\/vc_custom_heading][uncode_index el_id=&#8221;index-156007D&#8221; index_type=&#8221;carousel&#8221; loop=&#8221;size:10|order_by:modified|post_type:page|tax_query:2136|taxonomy_count:10&#8243; carousel_lg=&#8221;4&#8243; carousel_md=&#8221;4&#8243; carousel_sm=&#8221;1&#8243; gutter_size=&#8221;2&#8243; page_items=&#8221;media|featured|onpost|original,title,text|excerpt&#8221; carousel_interval=&#8221;0&#8243; carousel_navspeed=&#8221;400&#8243; carousel_nav=&#8221;yes&#8221; carousel_nav_mobile=&#8221;yes&#8221; carousel_dots_mobile=&#8221;yes&#8221; stage_padding=&#8221;0&#8243; single_overlay_opacity=&#8221;50&#8243; single_overlay_anim=&#8221;no&#8221; single_padding=&#8221;1&#8243; single_text_reduced=&#8221;yes&#8221; single_title_dimension=&#8221;h4&#8243; single_border=&#8221;yes&#8221; custom_order=&#8221;yes&#8221; no_double_tap=&#8221;yes&#8221; order_ids=&#8221;6666,6663,6660,6656,6669,6653&#8243; el_class=&#8221;carousel-overflow-visible diapers&#8221;][\/vc_column][\/vc_row][vc_row row_height_percent=&#8221;0&#8243; override_padding=&#8221;yes&#8221; h_padding=&#8221;2&#8243; top_padding=&#8221;2&#8243; bottom_padding=&#8221;1&#8243; overlay_alpha=&#8221;50&#8243; gutter_size=&#8221;3&#8243; column_width_percent=&#8221;100&#8243; shift_y=&#8221;0&#8243; z_index=&#8221;0&#8243;][vc_column width=&#8221;1\/1&#8243;][vc_empty_space empty_h=&#8221;2&#8243;][\/vc_column][\/vc_row][vc_row row_height_percent=&#8221;0&#8243; override_padding=&#8221;yes&#8221; h_padding=&#8221;2&#8243; top_padding=&#8221;2&#8243; bottom_padding=&#8221;2&#8243; back_image=&#8221;1274&#8243; back_repeat=&#8221;no-repeat&#8221; back_position=&#8221;left top&#8221; overlay_alpha=&#8221;50&#8243; gutter_size=&#8221;3&#8243; column_width_percent=&#8221;100&#8243; shift_y=&#8221;0&#8243; z_index=&#8221;0&#8243; back_size=&#8221;300px&#8221; row_name=&#8221;pants&#8221;][vc_column width=&#8221;1\/1&#8243;][vc_custom_heading text_size=&#8221;h3&#8243; text_weight=&#8221;400&#8243;]Pieluchomajtki[\/vc_custom_heading][uncode_index el_id=&#8221;index-156007pants&#8221; index_type=&#8221;carousel&#8221; loop=&#8221;size:10|order_by:date|post_type:page|tax_query:2137|taxonomy_count:10&#8243; carousel_lg=&#8221;4&#8243; carousel_md=&#8221;4&#8243; carousel_sm=&#8221;1&#8243; thumb_size=&#8221;one-one&#8221; gutter_size=&#8221;2&#8243; page_items=&#8221;media|featured|onpost|original,title,text|excerpt&#8221; carousel_interval=&#8221;3000&#8243; carousel_navspeed=&#8221;400&#8243; carousel_nav=&#8221;yes&#8221; carousel_nav_mobile=&#8221;yes&#8221; carousel_dots=&#8221;yes&#8221; carousel_dots_mobile=&#8221;yes&#8221; stage_padding=&#8221;0&#8243; single_overlay_opacity=&#8221;50&#8243; single_overlay_anim=&#8221;no&#8221; single_padding=&#8221;1&#8243; single_text_reduced=&#8221;yes&#8221; single_title_dimension=&#8221;h4&#8243; single_border=&#8221;yes&#8221; no_double_tap=&#8221;yes&#8221; el_class=&#8221;pants&#8221; uncode_shortcode_id=&#8221;205931&#8243;][\/vc_column][\/vc_row][vc_row row_height_percent=&#8221;0&#8243; override_padding=&#8221;yes&#8221; h_padding=&#8221;2&#8243; top_padding=&#8221;2&#8243; bottom_padding=&#8221;1&#8243; overlay_alpha=&#8221;50&#8243; gutter_size=&#8221;3&#8243; column_width_percent=&#8221;100&#8243; shift_y=&#8221;0&#8243; z_index=&#8221;0&#8243;][vc_column width=&#8221;1\/1&#8243;][vc_empty_space empty_h=&#8221;2&#8243;][\/vc_column][\/vc_row][vc_row row_height_percent=&#8221;0&#8243; override_padding=&#8221;yes&#8221; h_padding=&#8221;2&#8243; top_padding=&#8221;2&#8243; bottom_padding=&#8221;2&#8243; back_image=&#8221;1274&#8243; back_repeat=&#8221;no-repeat&#8221; back_position=&#8221;left top&#8221; overlay_alpha=&#8221;50&#8243; gutter_size=&#8221;3&#8243; column_width_percent=&#8221;100&#8243; shift_y=&#8221;0&#8243; z_index=&#8221;0&#8243; back_size=&#8221;300px&#8221; row_name=&#8221;Chusteczki-nawil\u017cane&#8221;][vc_column width=&#8221;1\/1&#8243;][vc_custom_heading text_size=&#8221;h3&#8243; text_weight=&#8221;400&#8243;]Chusteczki nawil\u017cane[\/vc_custom_heading][uncode_index el_id=&#8221;pl-products-wipes&#8221; index_type=&#8221;carousel&#8221; loop=&#8221;size:10|order_by:date|post_type:page|tax_query:6349&#8243; carousel_lg=&#8221;4&#8243; carousel_md=&#8221;4&#8243; carousel_sm=&#8221;1&#8243; gutter_size=&#8221;2&#8243; page_items=&#8221;media|featured|onpost|original,title,text|excerpt&#8221; carousel_interval=&#8221;3000&#8243; carousel_navspeed=&#8221;400&#8243; carousel_dots=&#8221;yes&#8221; carousel_dots_mobile=&#8221;yes&#8221; stage_padding=&#8221;0&#8243; single_overlay_opacity=&#8221;50&#8243; single_overlay_anim=&#8221;no&#8221; single_padding=&#8221;1&#8243; single_text_reduced=&#8221;yes&#8221; single_title_dimension=&#8221;h4&#8243; single_border=&#8221;yes&#8221; no_double_tap=&#8221;yes&#8221; el_class=&#8221;wipes&#8221;][\/vc_column][\/vc_row]<\/p>\n<\/div>","protected":false},"excerpt":{"rendered":"<p>[vc_row row_height_percent=&#8221;0&#8243; override_padding=&#8221;yes&#8221; h_padding=&#8221;2&#8243; top_padding=&#8221;1&#8243; bottom_padding=&#8221;1&#8243; overlay_alpha=&#8221;50&#8243; gutter_size=&#8221;2&#8243; column_width_percent=&#8221;100&#8243; shift_y=&#8221;0&#8243; z_index=&#8221;0&#8243;][vc_column column_width_use_pixel=&#8221;yes&#8221; align_horizontal=&#8221;align_center&#8221; gutter_size=&#8221;2&#8243; overlay_alpha=&#8221;50&#8243; shift_x=&#8221;0&#8243; shift_y=&#8221;0&#8243; shift_y_down=&#8221;0&#8243; z_index=&#8221;0&#8243; medium_width=&#8221;0&#8243; [&hellip;]<\/p>\n","protected":false},"author":6,"featured_media":0,"parent":0,"menu_order":21,"comment_status":"closed","ping_status":"closed","template":"","meta":{"_acf_changed":false,"footnotes":""},"height":[],"weight":[],"class_list":["post-5755","page","type-page","status-publish","hentry"],"acf":[],"_links":{"self":[{"href":"https:\/\/www.moltexbaby.com\/pl\/wp-json\/wp\/v2\/pages\/5755","targetHints":{"allow":["GET"]}}],"collection":[{"href":"https:\/\/www.moltexbaby.com\/pl\/wp-json\/wp\/v2\/pages"}],"about":[{"href":"https:\/\/www.moltexbaby.com\/pl\/wp-json\/wp\/v2\/types\/page"}],"author":[{"embeddable":true,"href":"https:\/\/www.moltexbaby.com\/pl\/wp-json\/wp\/v2\/users\/6"}],"replies":[{"embeddable":true,"href":"https:\/\/www.moltexbaby.com\/pl\/wp-json\/wp\/v2\/comments?post=5755"}],"version-history":[{"count":0,"href":"https:\/\/www.moltexbaby.com\/pl\/wp-json\/wp\/v2\/pages\/5755\/revisions"}],"wp:attachment":[{"href":"https:\/\/www.moltexbaby.com\/pl\/wp-json\/wp\/v2\/media?parent=5755"}],"wp:term":[{"taxonomy":"height","embeddable":true,"href":"https:\/\/www.moltexbaby.com\/pl\/wp-json\/wp\/v2\/height?post=5755"},{"taxonomy":"weight","embeddable":true,"href":"https:\/\/www.moltexbaby.com\/pl\/wp-json\/wp\/v2\/weight?post=5755"}],"curies":[{"name":"wp","href":"https:\/\/api.w.org\/{rel}","templated":true}]}}