{"id":6669,"date":"2020-07-19T18:22:33","date_gmt":"2020-07-19T18:22:33","guid":{"rendered":"https:\/\/www.moltexbaby.com\/?page_id=6669"},"modified":"2025-08-11T12:16:23","modified_gmt":"2025-08-11T12:16:23","slug":"junior","status":"publish","type":"page","link":"https:\/\/www.moltexbaby.com\/pl\/produkty\/pieluchy\/junior\/","title":{"rendered":"Junior"},"content":{"rendered":"<div class=\"wpb-content-wrapper\"><p>[vc_row row_height_percent=&#8221;0&#8243; overlay_alpha=&#8221;50&#8243; gutter_size=&#8221;2&#8243; column_width_percent=&#8221;100&#8243; shift_y=&#8221;0&#8243; z_index=&#8221;0&#8243;][vc_column column_width_use_pixel=&#8221;yes&#8221; align_horizontal=&#8221;align_center&#8221; gutter_size=&#8221;3&#8243; override_padding=&#8221;yes&#8221; column_padding=&#8221;3&#8243; back_color=&#8221;color-lxmt&#8221; overlay_alpha=&#8221;50&#8243; radius=&#8221;xl&#8221; shift_x=&#8221;0&#8243; shift_y=&#8221;0&#8243; shift_y_down=&#8221;0&#8243; z_index=&#8221;0&#8243; medium_width=&#8221;0&#8243; mobile_width=&#8221;0&#8243; sticky=&#8221;yes&#8221; width=&#8221;5\/12&#8243; column_width_pixel=&#8221;250&#8243;][uncode_list el_class=&#8221;type-list&#8221;]<\/p>\n<ul>\n<li class=\"product-category\">pieluchy<\/li>\n<li class=\"junior\">junior<\/li>\n<\/ul>\n<p>[\/uncode_list][vc_row_inner limit_content=&#8221;&#8221;][vc_column_inner width=&#8221;1\/1&#8243;][vc_gallery el_id=&#8221;gallery-454102&#8243; type=&#8221;carousel&#8221; medias=&#8221;24230,24241&#8243; carousel_lg=&#8221;1&#8243; carousel_md=&#8221;1&#8243; carousel_sm=&#8221;1&#8243; thumb_size=&#8221;one-one&#8221; gutter_size=&#8221;3&#8243; media_items=&#8221;media|lightbox|original&#8221; carousel_v_align=&#8221;middle&#8221; carousel_interval=&#8221;3000&#8243; carousel_navspeed=&#8221;400&#8243; carousel_dots=&#8221;yes&#8221; carousel_dots_mobile=&#8221;yes&#8221; stage_padding=&#8221;0&#8243; single_overlay_opacity=&#8221;50&#8243; single_overlay_anim=&#8221;no&#8221; single_text_anim=&#8221;no&#8221; single_image_anim=&#8221;no&#8221; single_padding=&#8221;2&#8243; single_border=&#8221;yes&#8221; uncode_shortcode_id=&#8221;160901&#8243;][\/vc_column_inner][\/vc_row_inner][\/vc_column][vc_column column_width_percent=&#8221;80&#8243; gutter_size=&#8221;2&#8243; overlay_alpha=&#8221;50&#8243; shift_x=&#8221;0&#8243; shift_y=&#8221;0&#8243; shift_y_down=&#8221;0&#8243; z_index=&#8221;0&#8243; medium_width=&#8221;0&#8243; mobile_width=&#8221;0&#8243; width=&#8221;7\/12&#8243; el_class=&#8221;bloc-product&#8221;][vc_empty_space empty_h=&#8221;2&#8243; mobile_visibility=&#8221;yes&#8221;][vc_row_inner row_inner_height_percent=&#8221;0&#8243; overlay_alpha=&#8221;50&#8243; equal_height=&#8221;yes&#8221; gutter_size=&#8221;3&#8243; shift_y=&#8221;0&#8243; z_index=&#8221;0&#8243; limit_content=&#8221;&#8221;][vc_column_inner column_width_percent=&#8221;100&#8243; position_vertical=&#8221;middle&#8221; gutter_size=&#8221;3&#8243; overlay_alpha=&#8221;50&#8243; shift_x=&#8221;0&#8243; shift_y=&#8221;0&#8243; shift_y_down=&#8221;0&#8243; z_index=&#8221;0&#8243; medium_width=&#8221;0&#8243; mobile_width=&#8221;5&#8243; width=&#8221;2\/3&#8243;][vc_custom_heading heading_semantic=&#8221;h1&#8243;]Junior[\/vc_custom_heading][\/vc_column_inner][vc_column_inner column_width_percent=&#8221;100&#8243; position_vertical=&#8221;middle&#8221; gutter_size=&#8221;3&#8243; overlay_alpha=&#8221;50&#8243; shift_x=&#8221;0&#8243; shift_y=&#8221;0&#8243; shift_y_down=&#8221;0&#8243; z_index=&#8221;0&#8243; medium_width=&#8221;0&#8243; mobile_width=&#8221;3&#8243; width=&#8221;1\/3&#8243;][vc_single_image media=&#8221;1244&#8243; media_width_use_pixel=&#8221;yes&#8221; alignment=&#8221;right&#8221; media_width_pixel=&#8221;60&#8243;][\/vc_column_inner][\/vc_row_inner][vc_column_text uncode_shortcode_id=&#8221;551611&#8243;]<span data-contrast=\"auto\">Pieluchy Junior s\u0105 przeznaczone dla dzieci wa\u017c\u0105cych od 11 do 16 kg.<\/span><span data-ccp-props=\"{&quot;201341983&quot;:0,&quot;335559739&quot;:160,&quot;335559740&quot;:259}\">\u00a0<\/span><\/p>\n<p><span data-contrast=\"auto\">Masz wra\u017cenie, \u017ce Twoje dziecko urodzi\u0142o si\u0119 wczoraj, ale czas p\u0142ynie bardzo szybko\u2026<\/span><span data-ccp-props=\"{&quot;201341983&quot;:0,&quot;335559739&quot;:160,&quot;335559740&quot;:259}\">\u00a0<\/span><\/p>\n<p><span data-contrast=\"auto\">\u0141\u0105cz\u0105c praktyczno\u015b\u0107 i bezpiecze\u0144stwo, nasze ekologiczne\u00a0<\/span><span data-contrast=\"none\">pieluszki<\/span><span data-contrast=\"none\">\u00a0<\/span><span data-contrast=\"auto\">b\u0119d\u0105 towarzyszy\u0107 Twojemu dziecku w jego rozwoju. Nasze nowoczesne wzornictwo pobudzi jego kreatywno\u015b\u0107 i wyobra\u017ani\u0119.<\/span><span data-ccp-props=\"{&quot;201341983&quot;:0,&quot;335559739&quot;:160,&quot;335559740&quot;:259}\">\u00a0<\/span>[\/vc_column_text][vc_empty_space empty_h=&#8221;2&#8243;][vc_custom_heading heading_semantic=&#8221;h4&#8243; text_size=&#8221;h4&#8243;]Dost\u0119pne r\u00f3wnie\u017c w innych rozmiarach:[\/vc_custom_heading][uncode_list el_class=&#8221;type-list&#8221;]<\/p>\n<ul>\n<li class=\"XL\">XL<\/li>\n<\/ul>\n<p>[\/uncode_list][uncode_block id=&#8221;12101&#8243; inside_column=&#8221;yes&#8221;][vc_empty_space empty_h=&#8221;2&#8243;][vc_single_image media=&#8221;1599&#8243; media_width_percent=&#8221;100&#8243;][vc_empty_space empty_h=&#8221;2&#8243;][vc_custom_heading heading_semantic=&#8221;h4&#8243; text_size=&#8221;h3&#8243; text_weight=&#8221;400&#8243;]Zobacz[\/vc_custom_heading][vc_empty_space empty_h=&#8221;0&#8243;][vc_icon position=&#8221;left&#8221; icon_image=&#8221;1226&#8243; icon_color=&#8221;color-wvjs&#8221; media_size=&#8221;60&#8243; text_size=&#8221;h4&#8243; title=&#8221;<b>100%<\/b> ze sk\u0142adnik\u00f3w pochodzenia naturalnego&#8221; uncode_shortcode_id=&#8221;834447&#8243; icon_color_type=&#8221;uncode-palette&#8221;]Supermi\u0119kka warstwa wewn\u0119trzna pochodz\u0105ca w 100% ze sk\u0142adnik\u00f3w pochodzenia naturalnego[\/vc_icon][vc_empty_space empty_h=&#8221;0&#8243;][vc_icon position=&#8221;left&#8221; icon_image=&#8221;1210&#8243; icon_color=&#8221;color-wvjs&#8221; media_size=&#8221;60&#8243; text_size=&#8221;h4&#8243; title=&#8221;<b>Natychmiastowy <\/b> komfort sk\u00f3ry&#8221;]<span class=\"TextRun Underlined SCXW31026228 BCX0\" lang=\"PL-PL\" xml:lang=\"PL-PL\" data-contrast=\"none\"><span class=\"NormalTextRun SCXW31026228 BCX0\">dzi\u0119ki po\u0142\u0105czeniu naszej opatentowanej technologii kanalik\u00f3w\u00a0 z unikaln\u0105 warstw\u0105 ch\u0142onn\u0105 Instant Dry<\/span><\/span>[\/vc_icon][vc_empty_space empty_h=&#8221;0&#8243;][vc_icon position=&#8221;left&#8221; icon_image=&#8221;1178&#8243; icon_color=&#8221;color-wvjs&#8221; media_size=&#8221;60&#8243; text_size=&#8221;h4&#8243; title=&#8221;<b>\u0141agodne<\/b> dla sk\u00f3ry&#8221;]<span class=\"TextRun SCXW62307692 BCX0\" lang=\"PL-PL\" xml:lang=\"PL-PL\" data-contrast=\"auto\"><span class=\"NormalTextRun SCXW62307692 BCX0\">z naturalnych sk\u0142adnik\u00f3w, bez dodatku lateksu, balsam\u00f3w i substancji zapachowych<\/span><\/span><span class=\"EOP SCXW62307692 BCX0\" data-ccp-props=\"{&quot;201341983&quot;:0,&quot;335551550&quot;:2,&quot;335551620&quot;:2,&quot;335559740&quot;:259}\">\u00a0<\/span>[\/vc_icon][vc_empty_space empty_h=&#8221;0&#8243;][vc_icon position=&#8221;left&#8221; icon_image=&#8221;1785&#8243; icon_color=&#8221;color-wvjs&#8221; media_size=&#8221;60&#8243; text_size=&#8221;h4&#8243; title=&#8221;<b>Sucha<\/b> i \u015bwie\u017ca sk\u00f3ra&#8221;]<span class=\"TextRun SCXW16102525 BCX0\" lang=\"PL-PL\" xml:lang=\"PL-PL\" data-contrast=\"auto\"><span class=\"NormalTextRun SCXW16102525 BCX0\">zi\u0119ki ulepszonej i cie\u0144szej o 20% warstwie wewn\u0119trznej w po\u0142\u0105czeniu z oddychaj\u0105cymi materia\u0142ami<\/span><\/span>[\/vc_icon][vc_empty_space empty_h=&#8221;0&#8243;][vc_icon position=&#8221;left&#8221; icon_image=&#8221;1218&#8243; icon_color=&#8221;color-wvjs&#8221; media_size=&#8221;60&#8243; text_size=&#8221;h4&#8243; title=&#8221;<b>Ca\u0142kowicie<\/b> wolne od chloru&#8221;]<span class=\"TextRun SCXW135592971 BCX0\" lang=\"PL-PL\" xml:lang=\"PL-PL\" data-contrast=\"auto\"><span class=\"NormalTextRun SCXW135592971 BCX0\">pulpa celulozowa z certyfikatem FSC\u00ae z odpowiedzialnie zarz\u0105dzanych las\u00f3w<\/span><\/span>[\/vc_icon][vc_empty_space empty_h=&#8221;0&#8243;][vc_icon position=&#8221;left&#8221; icon_image=&#8221;1194&#8243; icon_color=&#8221;color-wvjs&#8221; media_size=&#8221;60&#8243; text_size=&#8221;h4&#8243; title=&#8221;<b>Mi\u0119kka<\/b> bawe\u0142na&#8221;]<span class=\"TextRun SCXW158251171 BCX0\" lang=\"PL-PL\" xml:lang=\"PL-PL\" data-contrast=\"auto\"><span class=\"NormalTextRun SCXW158251171 BCX0\">Znaki Seal of Cotton oraz cotton enhanced \u2122 s\u0105 znakami towarowymi Cotton Incorporated. Zewn\u0119trzna warstwa zawiera 15 % supermi\u0119kkiej bawe\u0142ny organicznej<\/span><\/span>[\/vc_icon][vc_empty_space empty_h=&#8221;0&#8243;][vc_icon position=&#8221;left&#8221; icon_image=&#8221;1202&#8243; icon_color=&#8221;color-wvjs&#8221; media_size=&#8221;60&#8243; text_size=&#8221;h4&#8243; title=&#8221;<b>Nowoczesny<\/b> design&#8221;]<span class=\"TextRun SCXW2883182 BCX0\" lang=\"PL-PL\" xml:lang=\"PL-PL\" data-contrast=\"auto\"><span class=\"NormalTextRun SCXW2883182 BCX0\">nadruk wykonywany bezpiecznymi farbami<\/span><\/span>[\/vc_icon][vc_empty_space empty_h=&#8221;0&#8243;][vc_button button_color=&#8221;accent&#8221; size=&#8221;btn-lg&#8221; radius=&#8221;btn-circle&#8221; outline=&#8221;yes&#8221; border_width=&#8221;0&#8243; el_class=&#8221;btn-full&#8221; link=&#8221;url:..%2Fsustainability%2F%23certifications|||&#8221;]Dowiedz si\u0119 wi\u0119cej[\/vc_button][vc_empty_space empty_h=&#8221;2&#8243;][vc_custom_heading heading_semantic=&#8221;h4&#8243; text_size=&#8221;h3&#8243; text_weight=&#8221;400&#8243;]Unikalny design[\/vc_custom_heading][vc_single_image media=&#8221;1639&#8243; media_width_percent=&#8221;100&#8243;][\/vc_column][\/vc_row]<\/p>\n<\/div>","protected":false},"excerpt":{"rendered":"<p>11-16 KG<\/p>\n","protected":false},"author":6,"featured_media":24222,"parent":5811,"menu_order":5,"comment_status":"closed","ping_status":"closed","template":"","meta":{"_acf_changed":false,"footnotes":""},"height":[],"weight":[],"class_list":["post-6669","page","type-page","status-publish","has-post-thumbnail","hentry","page_category-pieluchy"],"acf":[],"_links":{"self":[{"href":"https:\/\/www.moltexbaby.com\/pl\/wp-json\/wp\/v2\/pages\/6669","targetHints":{"allow":["GET"]}}],"collection":[{"href":"https:\/\/www.moltexbaby.com\/pl\/wp-json\/wp\/v2\/pages"}],"about":[{"href":"https:\/\/www.moltexbaby.com\/pl\/wp-json\/wp\/v2\/types\/page"}],"author":[{"embeddable":true,"href":"https:\/\/www.moltexbaby.com\/pl\/wp-json\/wp\/v2\/users\/6"}],"replies":[{"embeddable":true,"href":"https:\/\/www.moltexbaby.com\/pl\/wp-json\/wp\/v2\/comments?post=6669"}],"version-history":[{"count":0,"href":"https:\/\/www.moltexbaby.com\/pl\/wp-json\/wp\/v2\/pages\/6669\/revisions"}],"up":[{"embeddable":true,"href":"https:\/\/www.moltexbaby.com\/pl\/wp-json\/wp\/v2\/pages\/5811"}],"wp:featuredmedia":[{"embeddable":true,"href":"https:\/\/www.moltexbaby.com\/pl\/wp-json\/wp\/v2\/media\/24222"}],"wp:attachment":[{"href":"https:\/\/www.moltexbaby.com\/pl\/wp-json\/wp\/v2\/media?parent=6669"}],"wp:term":[{"taxonomy":"height","embeddable":true,"href":"https:\/\/www.moltexbaby.com\/pl\/wp-json\/wp\/v2\/height?post=6669"},{"taxonomy":"weight","embeddable":true,"href":"https:\/\/www.moltexbaby.com\/pl\/wp-json\/wp\/v2\/weight?post=6669"}],"curies":[{"name":"wp","href":"https:\/\/api.w.org\/{rel}","templated":true}]}}