{"id":10643,"date":"2020-10-07T20:29:33","date_gmt":"2020-10-07T20:29:33","guid":{"rendered":"https:\/\/www.moltexbaby.com\/?page_id=10643"},"modified":"2025-07-08T14:25:53","modified_gmt":"2025-07-08T14:25:53","slug":"toalhitas-moltex","status":"publish","type":"page","link":"https:\/\/www.moltexbaby.com\/pt-pt\/produtos-pure-nature\/toalhitas\/toalhitas-moltex\/","title":{"rendered":"Toalhitas"},"content":{"rendered":"<div class=\"wpb-content-wrapper\"><p>[vc_row row_height_percent=&#8221;0&#8243; overlay_alpha=&#8221;50&#8243; gutter_size=&#8221;2&#8243; column_width_percent=&#8221;100&#8243; shift_y=&#8221;0&#8243; z_index=&#8221;0&#8243; el_class=&#8221;mb-icons-small&#8221;][vc_column column_width_use_pixel=&#8221;yes&#8221; align_horizontal=&#8221;align_center&#8221; gutter_size=&#8221;3&#8243; override_padding=&#8221;yes&#8221; column_padding=&#8221;3&#8243; back_color=&#8221;color-lxmt&#8221; overlay_alpha=&#8221;50&#8243; radius=&#8221;xl&#8221; shift_x=&#8221;0&#8243; shift_y=&#8221;0&#8243; shift_y_down=&#8221;0&#8243; z_index=&#8221;0&#8243; medium_width=&#8221;0&#8243; mobile_width=&#8221;0&#8243; sticky=&#8221;yes&#8221; width=&#8221;5\/12&#8243; column_width_pixel=&#8221;250&#8243;][uncode_list el_class=&#8221;type-list&#8221;]<\/p>\n<ul>\n<li class=\"product-category\">toalhitas<\/li>\n<\/ul>\n<p>[\/uncode_list][vc_row_inner limit_content=&#8221;&#8221;][vc_column_inner width=&#8221;1\/1&#8243;][uncode_block id=&#8221;23373&#8243; inside_column=&#8221;yes&#8221;][\/vc_column_inner][\/vc_row_inner][\/vc_column][vc_column column_width_percent=&#8221;80&#8243; gutter_size=&#8221;2&#8243; overlay_alpha=&#8221;50&#8243; shift_x=&#8221;0&#8243; shift_y=&#8221;0&#8243; shift_y_down=&#8221;0&#8243; z_index=&#8221;0&#8243; medium_width=&#8221;0&#8243; mobile_width=&#8221;0&#8243; width=&#8221;7\/12&#8243; el_class=&#8221;bloc-product&#8221;][vc_empty_space empty_h=&#8221;2&#8243; mobile_visibility=&#8221;yes&#8221;][vc_row_inner row_inner_height_percent=&#8221;0&#8243; overlay_alpha=&#8221;50&#8243; equal_height=&#8221;yes&#8221; gutter_size=&#8221;3&#8243; shift_y=&#8221;0&#8243; z_index=&#8221;0&#8243; limit_content=&#8221;&#8221;][vc_column_inner column_width_percent=&#8221;100&#8243; position_vertical=&#8221;middle&#8221; gutter_size=&#8221;3&#8243; overlay_alpha=&#8221;50&#8243; shift_x=&#8221;0&#8243; shift_y=&#8221;0&#8243; shift_y_down=&#8221;0&#8243; z_index=&#8221;0&#8243; medium_width=&#8221;0&#8243; mobile_width=&#8221;5&#8243; width=&#8221;2\/3&#8243;][vc_custom_heading heading_semantic=&#8221;h1&#8243;]Toalhitas[\/vc_custom_heading][\/vc_column_inner][\/vc_row_inner][vc_column_text]As toalhitas de beb\u00e9 Moltex Pure &amp; Nature s\u00e3o feitas para a pele delicada do seu beb\u00e9.[\/vc_column_text][vc_button button_color=&#8221;color-849171&#8243; size=&#8221;btn-lg&#8221; radius=&#8221;btn-circle&#8221; hover_fx=&#8221;full-colored&#8221; outline=&#8221;yes&#8221; border_width=&#8221;0&#8243; width=&#8221;185&#8243;]Comprar[\/vc_button][vc_empty_space empty_h=&#8221;2&#8243;][vc_single_image media=&#8221;10717&#8243; media_width_percent=&#8221;30&#8243;][vc_empty_space empty_h=&#8221;2&#8243;][vc_empty_space empty_h=&#8221;2&#8243;][vc_custom_heading heading_semantic=&#8221;h4&#8243; text_size=&#8221;h3&#8243; text_weight=&#8221;400&#8243;]Caracteristicas[\/vc_custom_heading][vc_empty_space empty_h=&#8221;0&#8243;][vc_icon position=&#8221;left&#8221; icon_image=&#8221;11200&#8243; icon_color=&#8221;color-wvjs&#8221; text_size=&#8221;h4&#8243; title=&#8221;<b>99%<\/b> \u00e1gua pura&#8221;]\u00c1gua ultra purificada[\/vc_icon][vc_empty_space empty_h=&#8221;0&#8243;][vc_icon position=&#8221;left&#8221; icon_image=&#8221;1226&#8243; icon_color=&#8221;color-wvjs&#8221; media_size=&#8221;60&#8243; text_size=&#8221;h4&#8243; title=&#8221;<b>100%<\/b> origem natural&#8221; uncode_shortcode_id=&#8221;162390&#8243; icon_color_type=&#8221;uncode-palette&#8221;]Fibras 100% naturais[\/vc_icon][vc_empty_space empty_h=&#8221;0&#8243;][vc_icon position=&#8221;left&#8221; icon_image=&#8221;11182&#8243; icon_color=&#8221;color-wvjs&#8221; media_size=&#8221;50&#8243; text_size=&#8221;h4&#8243; title=&#8221;<b>0%<\/b> perfume e \u00e1lcool&#8221;]+ph neutro para proteger a pele de irrita\u00e7\u00f5es.[\/vc_icon][vc_empty_space empty_h=&#8221;0&#8243;][vc_icon position=&#8221;left&#8221; icon_image=&#8221;1178&#8243; icon_color=&#8221;color-wvjs&#8221; media_size=&#8221;60&#8243; text_size=&#8221;h4&#8243; title=&#8221;Pele <b>Ultra<\/b> sens\u00edvel&#8221;]Aptas para usar desde o nascimento[\/vc_icon][vc_empty_space empty_h=&#8221;0&#8243;][vc_icon position=&#8221;left&#8221; icon_image=&#8221;10616&#8243; icon_color=&#8221;color-wvjs&#8221; media_size=&#8221;60&#8243; text_size=&#8221;h4&#8243; title=&#8221;<b>Dermatologicamente<\/b> testado&#8221;][\/vc_icon][vc_empty_space empty_h=&#8221;0&#8243;][vc_button button_color=&#8221;accent&#8221; size=&#8221;btn-lg&#8221; radius=&#8221;btn-circle&#8221; outline=&#8221;yes&#8221; border_width=&#8221;0&#8243; el_class=&#8221;btn-full&#8221; link=&#8221;url:https%3A%2F%2Fwww.moltexbaby.com%2Fes%2Fsostenibilidad%2F|||&#8221;]Saber mais[\/vc_button][vc_empty_space empty_h=&#8221;2&#8243;][\/vc_column][\/vc_row][vc_row][vc_column][vc_column_text][\/vc_column_text][\/vc_column][\/vc_row]<\/p>\n<\/div>","protected":false},"excerpt":{"rendered":"<p>[vc_row row_height_percent=&#8221;0&#8243; overlay_alpha=&#8221;50&#8243; gutter_size=&#8221;2&#8243; column_width_percent=&#8221;100&#8243; shift_y=&#8221;0&#8243; z_index=&#8221;0&#8243; el_class=&#8221;mb-icons-small&#8221;][vc_column column_width_use_pixel=&#8221;yes&#8221; align_horizontal=&#8221;align_center&#8221; gutter_size=&#8221;3&#8243; override_padding=&#8221;yes&#8221; column_padding=&#8221;3&#8243; back_color=&#8221;color-lxmt&#8221; overlay_alpha=&#8221;50&#8243; radius=&#8221;xl&#8221; shift_x=&#8221;0&#8243; shift_y=&#8221;0&#8243; shift_y_down=&#8221;0&#8243; z_index=&#8221;0&#8243; [&hellip;]<\/p>\n","protected":false},"author":6,"featured_media":23355,"parent":11049,"menu_order":64,"comment_status":"closed","ping_status":"closed","template":"","meta":{"_acf_changed":false,"footnotes":""},"height":[],"weight":[],"class_list":["post-10643","page","type-page","status-publish","has-post-thumbnail","hentry","page_category-toalhitas"],"acf":[],"_links":{"self":[{"href":"https:\/\/www.moltexbaby.com\/pt-pt\/wp-json\/wp\/v2\/pages\/10643","targetHints":{"allow":["GET"]}}],"collection":[{"href":"https:\/\/www.moltexbaby.com\/pt-pt\/wp-json\/wp\/v2\/pages"}],"about":[{"href":"https:\/\/www.moltexbaby.com\/pt-pt\/wp-json\/wp\/v2\/types\/page"}],"author":[{"embeddable":true,"href":"https:\/\/www.moltexbaby.com\/pt-pt\/wp-json\/wp\/v2\/users\/6"}],"replies":[{"embeddable":true,"href":"https:\/\/www.moltexbaby.com\/pt-pt\/wp-json\/wp\/v2\/comments?post=10643"}],"version-history":[{"count":0,"href":"https:\/\/www.moltexbaby.com\/pt-pt\/wp-json\/wp\/v2\/pages\/10643\/revisions"}],"up":[{"embeddable":true,"href":"https:\/\/www.moltexbaby.com\/pt-pt\/wp-json\/wp\/v2\/pages\/11049"}],"wp:featuredmedia":[{"embeddable":true,"href":"https:\/\/www.moltexbaby.com\/pt-pt\/wp-json\/wp\/v2\/media\/23355"}],"wp:attachment":[{"href":"https:\/\/www.moltexbaby.com\/pt-pt\/wp-json\/wp\/v2\/media?parent=10643"}],"wp:term":[{"taxonomy":"height","embeddable":true,"href":"https:\/\/www.moltexbaby.com\/pt-pt\/wp-json\/wp\/v2\/height?post=10643"},{"taxonomy":"weight","embeddable":true,"href":"https:\/\/www.moltexbaby.com\/pt-pt\/wp-json\/wp\/v2\/weight?post=10643"}],"curies":[{"name":"wp","href":"https:\/\/api.w.org\/{rel}","templated":true}]}}