{"id":3702,"date":"2020-07-13T12:05:37","date_gmt":"2020-07-13T12:05:37","guid":{"rendered":"https:\/\/www.moltexbaby.com\/?page_id=3702"},"modified":"2022-05-31T13:18:40","modified_gmt":"2022-05-31T13:18:40","slug":"politica-relativa-aos-cookies","status":"publish","type":"page","link":"https:\/\/www.moltexbaby.com\/pt-pt\/politica-relativa-aos-cookies\/","title":{"rendered":"POL\u00cdTICA RELATIVA AOS COOKIES"},"content":{"rendered":"<div class=\"wpb-content-wrapper\"><p>[vc_row][vc_column width=&#8221;1\/1&#8243;][vc_column_text uncode_shortcode_id=&#8221;763977&#8243;]<\/p>\n<h1 class=\"entry-title\">POL\u00cdTICA DE COOKIES<\/h1>\n<p>Last update : 25\/06\/2020<\/p>\n<p>Este site usa cookies. Esta pol\u00edtica informa sobre as finalidades para as quais a Ontex Sant\u00e9 France usa esses cookies e como voc\u00ea pode gerenci\u00e1-los.<\/p>\n<p>&nbsp;<\/p>\n<p><strong>1.O que \u00e9 um cookie?<\/strong><\/p>\n<p>Um &#8220;cookie&#8221; \u00e9 um arquivo de tamanho limitado, geralmente composto por letras e n\u00fameros, enviado pelo servidor web para o arquivo de cookies do navegador localizado no disco r\u00edgido do seu computador (ou qualquer outro dispositivo conectado \u00e0 Internet, como um smartphone ou tablet), quando voc\u00ea visita este site.<br \/>\nUm cookie normalmente inclui o nome do site de onde vem, sua vida \u00fatil (quanto tempo permanece no seu dispositivo) e um valor, que geralmente \u00e9 um n\u00famero \u00fanico gerado aleatoriamente.<\/p>\n<p>Dois tipos de cookies podem ser usados: cookies tempor\u00e1rios e cookies permanentes. Os cookies tempor\u00e1rios s\u00e3o exclu\u00eddos automaticamente no final da sua sess\u00e3o de navega\u00e7\u00e3o. Os cookies persistentes permanecem no seu dispositivo por mais tempo, pela dura\u00e7\u00e3o espec\u00edfica de cada cookie, e permanecem v\u00e1lidos at\u00e9 a data de expira\u00e7\u00e3o (a menos que sejam exclu\u00eddos pelo usu\u00e1rio antes).<\/p>\n<p>Os cookies podem ser usados por servidores da web para identificar e rastrear usu\u00e1rios enquanto navegam por diferentes p\u00e1ginas de um site e para identificar usu\u00e1rios que retornam a um site.<\/p>\n<p>Os cookies n\u00e3o cont\u00eam informa\u00e7\u00f5es que o identifiquem pessoalmente, mas algumas informa\u00e7\u00f5es pessoais que a Ontex armazena sobre voc\u00ea podem estar vinculadas a informa\u00e7\u00f5es armazenadas e obtidas de cookies. Para mais informa\u00e7\u00f5es sobre o tratamento dos seus dados pessoais, consulte o nosso <a href=\"\/pt-pt\/declaracao-de-privacidade\/\">Declara\u00e7\u00e3o de privacidade<\/a>.<\/p>\n<p><strong>2.Para que finalidades este site utiliza cookies?<\/strong><\/p>\n<p>Muitos cookies neste site executam fun\u00e7\u00f5es ou servi\u00e7os essenciais que voc\u00ea solicitou ou ajudam a garantir a seguran\u00e7a, conforme mostrado nas tabelas abaixo.<\/p>\n<p>A Ontex e os seus prestadores de servi\u00e7os podem utilizar cookies para recolher dados agregados para assegurar a gest\u00e3o adequada do seu website e para melhorar a navega\u00e7\u00e3o no seu website. Podemos usar esses dispositivos para rastrear informa\u00e7\u00f5es em nossos sistemas e identificar categorias de visitantes com base em itens como endere\u00e7o IP, dom\u00ednio, tipo de navegador e p\u00e1ginas visualizadas. Esta informa\u00e7\u00e3o \u00e9 transmitida aos nossos webmasters que a utilizam para analisar o n\u00famero de visitantes de diferentes partes do website e para assegurar que o nosso website \u00e9 uma fonte de informa\u00e7\u00e3o \u00fatil e eficaz.<\/p>\n<p><strong>3. Que tipos de cookies este site usa?<\/strong><\/p>\n<p>As tabelas abaixo listam os diferentes tipos de cookies utilizados pela Ontex neste site, bem como a(s) sua(s) finalidade(s) e dura\u00e7\u00e3o.<\/p>\n<p><em>1. Cookies anal\u00edticos<\/em>[\/vc_column_text][vc_raw_html]JTNDZGl2JTIwY2xhc3MlM0QlMjJjdXN0b20tY29va2llLXRhYmxlJTIyJTNFJTBBJTNDZGl2JTIwY2xhc3MlM0QlMjJjdXN0b20tY29va2llLWhlYWRlcnMlMjBjdXN0b20tY29va2llLXJvdyUyMiUzRSUwQSUzQ2RpdiUzRU5vbWUlMjBkbyUyMGNvb2tpZSUzQyUyRmRpdiUzRSUwQSUzQ2RpdiUzRU9iamV0aXZvJTIwZG8lMjBjb29raWUlM0MlMkZkaXYlM0UlMEElM0NkaXYlM0VEdXJhJUMzJUE3JUMzJUEzbyUyMGRvJTIwY29va2llJTNDJTJGZGl2JTNFJTBBJTNDJTJGZGl2JTNFJTBBJTBBJTNDZGl2JTIwY2xhc3MlM0QlMjJjdXN0b20tY29va2llLXJvdyUyMiUzRSUwQSUzQ2RpdiUyMGNsYXNzJTNEJTIyY29va2llLW5hbWUlMjIlM0VfZ2ElM0MlMkZkaXYlM0UlMEElM0NkaXYlMjBjbGFzcyUzRCUyMmNvb2tpZS1wdXJwb3NlJTIyJTNFRXN0ZSUyMCVDMyVBOSUyMG8lMjBwcmluY2lwYWwlMjBjb29raWUlMjB1dGlsaXphZG8lMjBwZWxvJTIwR29vZ2xlJTIwQW5hbHl0aWNzLiUyMFBlcm1pdGUlMjBxdWUlMjB1bSUyMHNlcnZpJUMzJUE3byUyMGRpZmVyZW5jaWUlMjB1bSUyMHVzdSVDMyVBMXJpbyUyMGRvJTIwb3V0cm8lMjBlJTIwdGVtJTIwZHVyYSVDMyVBNyVDMyVBM28lMjBkZSUyMDIlMjBhbm9zLiUyMCVDMyU4OSUyMHVzYWRvJTIwcG9yJTIwcXVhbHF1ZXIlMjBzaXRlJTIwcXVlJTIwaW1wbGVtZW50ZSUyMG8lMjBHb29nbGUlMjBBbmFseXRpY3MlMkMlMjBpbmNsdWluZG8lMjBvcyUyMHNlcnZpJUMzJUE3b3MlMjBkbyUyMEdvb2dsZS4lM0MlMkZkaXYlM0UlMEElM0NkaXYlMjBjbGFzcyUzRCUyMmNvb2tpZS1kdXJhdGlvbiUyMiUzRTIlMjBhbm9zJTNDJTJGZGl2JTNFJTBBJTNDJTJGZGl2JTNFJTBBJTBBJTNDZGl2JTIwY2xhc3MlM0QlMjJjdXN0b20tY29va2llLXJvdyUyMiUzRSUwQSUzQ2RpdiUyMGNsYXNzJTNEJTIyY29va2llLW5hbWUlMjIlM0VfZ2F0JTNDJTJGZGl2JTNFJTBBJTNDZGl2JTIwY2xhc3MlM0QlMjJjb29raWUtcHVycG9zZSUyMiUzRVVzYWRvJTIwcGFyYSUyMGxpbWl0YXIlMjBhJTIwdGF4YSUyMGRlJTIwc29saWNpdGElQzMlQTclQzMlQTNvLiUyMFNlJTIwbyUyMEdvb2dsZSUyMEFuYWx5dGljcyUyMGZvciUyMGltcGxhbnRhZG8lMjBwb3IlMjBtZWlvJTIwZG8lMjBHb29nbGUlMjBUYWclMjBNYW5hZ2VyJTJDJTIwZXNzZSUyMGNvb2tpZSUyMHNlciVDMyVBMSUyMG5vbWVhZG8lMjBfZGNfZ3RtXy4lM0MlMkZkaXYlM0UlMEElM0NkaXYlMjBjbGFzcyUzRCUyMmNvb2tpZS1kdXJhdGlvbiUyMiUzRTElMjBkaWElM0MlMkZkaXYlM0UlMEElM0MlMkZkaXYlM0UlMEElMEElM0NkaXYlMjBjbGFzcyUzRCUyMmN1c3RvbS1jb29raWUtcm93JTIyJTNFJTBBJTNDZGl2JTIwY2xhc3MlM0QlMjJjb29raWUtbmFtZSUyMiUzRV91dG1iJTNDJTJGZGl2JTNFJTBBJTNDZGl2JTIwY2xhc3MlM0QlMjJjb29raWUtcHVycG9zZSUyMiUzRUVzdGUlMjBjb29raWUlMjAlQzMlQTklMjB1c2FkbyUyMHBhcmElMjBjcmlhciUyMGUlMjBjb250aW51YXIlMjB1bWElMjBzZXNzJUMzJUEzbyUyMGRlJTIwdXN1JUMzJUExcmlvLiUzQyUyRmRpdiUzRSUwQSUzQ2RpdiUyMGNsYXNzJTNEJTIyY29va2llLWR1cmF0aW9uJTIyJTNFU2VzcyVDMyVBM28lM0MlMkZkaXYlM0UlMEElM0MlMkZkaXYlM0UlMEElMEElMEElM0NkaXYlMjBjbGFzcyUzRCUyMmN1c3RvbS1jb29raWUtcm93JTIyJTNFJTBBJTNDZGl2JTIwY2xhc3MlM0QlMjJjb29raWUtbmFtZSUyMiUzRV91dG1jJTNDJTJGZGl2JTNFJTBBJTNDZGl2JTIwY2xhc3MlM0QlMjJjb29raWUtcHVycG9zZSUyMiUzRUVzdGUlMjBjb29raWUlMjAlQzMlQTklMjB1c2FkbyUyMHBhcmElMjBkZXRlcm1pbmFyJTIwc2UlMjB1bWElMjBub3ZhJTIwc2VzcyVDMyVBM28lMjBkZXZlJTIwb3UlMjBuJUMzJUEzbyUyMHNlciUyMGNyaWFkYSUyMHBhcmElMjBvJTIwdXN1JUMzJUExcmlvLiUzQyUyRmRpdiUzRSUwQSUzQ2RpdiUyMGNsYXNzJTNEJTIyY29va2llLWR1cmF0aW9uJTIyJTNFU2VzcyVDMyVBM28lM0MlMkZkaXYlM0UlMEElM0MlMkZkaXYlM0UlMEElMEElM0NkaXYlMjBjbGFzcyUzRCUyMmN1c3RvbS1jb29raWUtcm93JTIyJTNFJTBBJTNDZGl2JTIwY2xhc3MlM0QlMjJjb29raWUtbmFtZSUyMiUzRV91dG10JTNDJTJGZGl2JTNFJTBBJTNDZGl2JTIwY2xhc3MlM0QlMjJjb29raWUtcHVycG9zZSUyMiUzRUVzdGUlMjBjb29raWUlMjAlQzMlQTklMjB1c2FkbyUyMHBhcmElMjBpbmRpY2FyJTIwbyUyMHRpcG8lMjBkZSUyMHNvbGljaXRhJUMzJUE3JUMzJUEzby4lM0MlMkZkaXYlM0UlMEElM0NkaXYlMjBjbGFzcyUzRCUyMmNvb2tpZS1kdXJhdGlvbiUyMiUzRVNlc3MlQzMlQTNvJTNDJTJGZGl2JTNFJTBBJTNDJTJGZGl2JTNFJTBBJTBBJTNDZGl2JTIwY2xhc3MlM0QlMjJjdXN0b20tY29va2llLXJvdyUyMiUzRSUwQSUzQ2RpdiUyMGNsYXNzJTNEJTIyY29va2llLW5hbWUlMjIlM0VfdXRteiUzQyUyRmRpdiUzRSUwQSUzQ2RpdiUyMGNsYXNzJTNEJTIyY29va2llLXB1cnBvc2UlMjIlM0VFc3RlJTIwY29va2llJTIwJUMzJUE5JTIwdXNhZG8lMjBwYXJhJTIwYXJtYXplbmFyJTIwbyUyMHRpcG8lMjBkZSUyMG9yaWVudGElQzMlQTclQzMlQTNvJTIwdXNhZGElMjBwZWxvJTIwdmlzaXRhbnRlJTIwcGFyYSUyMGFjZXNzYXIlMjB1bSUyMHNpdGUuJTNDJTJGZGl2JTNFJTBBJTNDZGl2JTIwY2xhc3MlM0QlMjJjb29raWUtZHVyYXRpb24lMjIlM0U2JTIwbWVzZXMlM0MlMkZkaXYlM0UlMEElM0MlMkZkaXYlM0UlMEElM0MlMkZkaXYlM0UlMEE=[\/vc_raw_html][vc_column_text uncode_shortcode_id=&#8221;103382&#8243;]<em>2. Cookies de desempenho<\/em>[\/vc_column_text][vc_raw_html]JTNDZGl2JTIwY2xhc3MlM0QlMjJjdXN0b20tY29va2llLXRhYmxlJTIyJTNFJTBBJTNDZGl2JTIwY2xhc3MlM0QlMjJjdXN0b20tY29va2llLWhlYWRlcnMlMjBjdXN0b20tY29va2llLXJvdyUyMiUzRSUwQSUzQ2RpdiUzRU5vbWUlMjBkbyUyMGNvb2tpZSUzQyUyRmRpdiUzRSUwQSUzQ2RpdiUzRU9iamV0aXZvJTIwZG8lMjBjb29raWUlM0MlMkZkaXYlM0UlMEElM0NkaXYlM0VEdXJhJUMzJUE3JUMzJUEzbyUyMGRvJTIwY29va2llJTNDJTJGZGl2JTNFJTBBJTNDJTJGZGl2JTNFJTBBJTBBJTBBJTNDZGl2JTIwY2xhc3MlM0QlMjJjdXN0b20tY29va2llLXJvdyUyMiUzRSUwQSUzQ2RpdiUyMGNsYXNzJTNEJTIyY29va2llLW5hbWUlMjIlM0VfaGppZCUzQyUyRmRpdiUzRSUwQSUzQ2RpdiUyMGNsYXNzJTNEJTIyY29va2llLXB1cnBvc2UlMjIlM0VDb29raWUlMjBIb3RqYXIlMjBkZWZpbmlkbyUyMHF1YW5kbyUyMG8lMjBjbGllbnRlJTIwYWNlc3NhJTIwcGVsYSUyMHByaW1laXJhJTIwdmV6JTIwdW1hJTIwcCVDMyVBMWdpbmElMjBjb20lMjBvJTIwc2NyaXB0JTIwSG90amFyLiUyMEVsZSUyMCVDMyVBOSUyMHVzYWRvJTIwcGFyYSUyMGFybWF6ZW5hciUyMG8lMjBJRCUyMGRvJTIwdXN1JUMzJUExcmlvJTIwSG90amFyJTIwZXhjbHVzaXZvJTIwcGFyYSUyMGVzdGUlMjBzaXRlJTIwbm8lMjBuYXZlZ2Fkb3IuJTIwSXNzbyUyMGdhcmFudGUlMjBxdWUlMjBvJTIwY29tcG9ydGFtZW50byUyMGVtJTIwdmlzaXRhcyUyMHN1YnNlcXVlbnRlcyUyMGFvJTIwbWVzbW8lMjBzaXRlJTIwc2VqYSUyMGF0cmlidSVDMyVBRGRvJTIwYW8lMjBtZXNtbyUyMElEJTIwZGUlMjB1c3UlQzMlQTFyaW8uJTNDJTJGZGl2JTNFJTBBJTNDZGl2JTIwY2xhc3MlM0QlMjJjb29raWUtZHVyYXRpb24lMjIlM0UxJTIwYW5vJTNDJTJGZGl2JTNFJTBBJTNDJTJGZGl2JTNFJTBBJTBBJTNDZGl2JTIwY2xhc3MlM0QlMjJjdXN0b20tY29va2llLXJvdyUyMiUzRSUwQSUzQ2RpdiUyMGNsYXNzJTNEJTIyY29va2llLW5hbWUlMjIlM0VfaGpSZWNvcmRpbmdFbmFibGVkJTNDJTJGZGl2JTNFJTBBJTNDZGl2JTIwY2xhc3MlM0QlMjJjb29raWUtcHVycG9zZSUyMiUzRUlzc28lMjAlQzMlQTklMjBhZGljaW9uYWRvJTIwcXVhbmRvJTIwdW1hJTIwZ3JhdmElQzMlQTclQzMlQTNvJTIwJUMzJUE5JTIwaW5pY2lhZGElMjBlJTIwcmVwcm9kdXolMjBxdWFuZG8lMjBvJTIwbSVDMyVCM2R1bG8lMjBkZSUyMGdyYXZhJUMzJUE3JUMzJUEzbyUyMCVDMyVBOSUyMGluaWNpYWxpemFkbyUyMHBhcmElMjB2ZXIlMjBzZSUyMG8lMjB1c3UlQzMlQTFyaW8lMjBqJUMzJUExJTIwZXN0JUMzJUExJTIwZW0lMjB1bWElMjBncmF2YSVDMyVBNyVDMyVBM28lMjBlbSUyMHVtYSUyMGRldGVybWluYWRhJTIwc2VzcyVDMyVBM28uJTNDJTJGZGl2JTNFJTBBJTNDZGl2JTIwY2xhc3MlM0QlMjJjb29raWUtZHVyYXRpb24lMjIlM0VTZXNpJUMzJUIzbiUzQyUyRmRpdiUzRSUwQSUzQyUyRmRpdiUzRSUwQSUwQSUzQ2RpdiUyMGNsYXNzJTNEJTIyY3VzdG9tLWNvb2tpZS1yb3clMjIlM0UlMEElM0NkaXYlMjBjbGFzcyUzRCUyMmNvb2tpZS1uYW1lJTIyJTNFX2hqUmVjb3JkaW5nTGFzdEFjdGl2aXR5JTNDJTJGZGl2JTNFJTBBJTNDZGl2JTIwY2xhc3MlM0QlMjJjb29raWUtcHVycG9zZSUyMiUzRUlzc28lMjBkZXZlJTIwc2VyJTIwZW5jb250cmFkbyUyMG5vJTIwYXJtYXplbmFtZW50byUyMGRhJTIwc2VzcyVDMyVBM28lMjAlMjhlbSUyMG9wb3NpJUMzJUE3JUMzJUEzbyUyMGFvcyUyMGNvb2tpZXMlMjkuJTIwSXNzbyUyMCVDMyVBOSUyMGF0dWFsaXphZG8lMjBxdWFuZG8lMjB1bWElMjBncmF2YSVDMyVBNyVDMyVBM28lMjBkbyUyMHVzdSVDMyVBMXJpbyUyMCVDMyVBOSUyMGluaWNpYWRhJTIwZSUyMHF1YW5kbyUyMG9zJTIwZGFkb3MlMjBzJUMzJUEzbyUyMGVudmlhZG9zJTIwdmlhJTIwV2ViU29ja2V0JTIwJTI4byUyMHVzdSVDMyVBMXJpbyUyMGV4ZWN1dGElMjB1bWElMjBhJUMzJUE3JUMzJUEzbyUyMHF1ZSUyMG8lMjBIb3RqYXIlMjBlc3QlQzMlQTElMjBncmF2YW5kbyUyOS4lM0MlMkZkaXYlM0UlMEElM0NkaXYlMjBjbGFzcyUzRCUyMmNvb2tpZS1kdXJhdGlvbiUyMiUzRVNlc3MlQzMlQTNvJTNDJTJGZGl2JTNFJTBBJTNDJTJGZGl2JTNFJTBBJTBBJTNDZGl2JTIwY2xhc3MlM0QlMjJjdXN0b20tY29va2llLXJvdyUyMiUzRSUwQSUzQ2RpdiUyMGNsYXNzJTNEJTIyY29va2llLW5hbWUlMjIlM0VfaGpJbmNsdWRlZEluUGFnZXZpZXdTYW1wbGUlM0MlMkZkaXYlM0UlMEElM0NkaXYlMjBjbGFzcyUzRCUyMmNvb2tpZS1wdXJwb3NlJTIyJTNFRXN0ZSUyMGNvb2tpZSUyMCVDMyVBOSUyMGNvbmZpZ3VyYWRvJTIwcGFyYSUyMGluZm9ybWFyJTIwYW8lMjBIb3RqYXIlMjBzZSUyMGVzdGUlMjB1c3UlQzMlQTFyaW8lMjBlc3QlQzMlQTElMjBpbmNsdSVDMyVBRGRvJTIwbmElMjBhbW9zdHJhZ2VtJTIwZGUlMjBkYWRvcyUyMGRlZmluaWRhJTIwcGVsbyUyMGxpbWl0ZSUyMGRlJTIwdmlzdWFsaXphJUMzJUE3JUMzJUI1ZXMlMjBkZSUyMHAlQzMlQTFnaW5hJTIwZG8lMjBzZXUlMjBzaXRlLiUzQyUyRmRpdiUzRSUwQSUzQ2RpdiUyMGNsYXNzJTNEJTIyY29va2llLWR1cmF0aW9uJTIyJTNFMzAlMjBtaW51dG9zJTNDJTJGZGl2JTNFJTBBJTNDJTJGZGl2JTNFJTBBJTBBJTNDZGl2JTIwY2xhc3MlM0QlMjJjdXN0b20tY29va2llLXJvdyUyMiUzRSUwQSUzQ2RpdiUyMGNsYXNzJTNEJTIyY29va2llLW5hbWUlMjIlM0VfaGpJbmNsdWRlZEluUGFnZXZpZXdTYW1wbGUlM0MlMkZkaXYlM0UlMEElM0NkaXYlMjBjbGFzcyUzRCUyMmNvb2tpZS1wdXJwb3NlJTIyJTNFRXN0ZSUyMGNvb2tpZSUyMCVDMyVBOSUyMGNvbmZpZ3VyYWRvJTIwcGFyYSUyMGluZm9ybWFyJTIwYW8lMjBIb3RqYXIlMjBzZSUyMGVzdGUlMjB1c3UlQzMlQTFyaW8lMjBlc3QlQzMlQTElMjBpbmNsdSVDMyVBRGRvJTIwbmElMjBhbW9zdHJhZ2VtJTIwZGUlMjBkYWRvcyUyMGRlZmluaWRhJTIwcGVsbyUyMGxpbWl0ZSUyMGRpJUMzJUExcmlvJTIwZGUlMjBzZXNzJUMzJUI1ZXMlMjBkbyUyMHNldSUyMHNpdGUuJTNDJTJGZGl2JTNFJTBBJTNDZGl2JTIwY2xhc3MlM0QlMjJjb29raWUtZHVyYXRpb24lMjIlM0VTZXNzJUMzJUEzbyUzQyUyRmRpdiUzRSUwQSUzQyUyRmRpdiUzRSUwQSUwQSUzQ2RpdiUyMGNsYXNzJTNEJTIyY3VzdG9tLWNvb2tpZS1yb3clMjIlM0UlMEElM0NkaXYlMjBjbGFzcyUzRCUyMmNvb2tpZS1uYW1lJTIyJTNFX2hqRmlyc3RTZWVuJTNDJTJGZGl2JTNFJTBBJTNDZGl2JTIwY2xhc3MlM0QlMjJjb29raWUtcHVycG9zZSUyMiUzRUlzc28lMjAlQzMlQTklMjBkZWZpbmlkbyUyMHBhcmElMjBpZGVudGlmaWNhciUyMGElMjBwcmltZWlyYSUyMHNlc3MlQzMlQTNvJTIwZGUlMjB1bSUyMG5vdm8lMjB1c3UlQzMlQTFyaW8uJTIwRWxlJTIwYXJtYXplbmElMjB1bSUyMHZhbG9yJTIwdmVyZGFkZWlybyUyRmZhbHNvJTJDJTIwaW5kaWNhbmRvJTIwc2UlMjBlc3RhJTIwZm9pJTIwYSUyMHByaW1laXJhJTIwdmV6JTIwcXVlJTIwbyUyMEhvdGphciUyMHZpdSUyMGVzc2UlMjB1c3UlQzMlQTFyaW8uJTIwRWxlJTIwJUMzJUE5JTIwdXNhZG8lMjBwb3IlMjBmaWx0cm9zJTIwZGUlMjByZWdpc3RybyUyMHBhcmElMjBpZGVudGlmaWNhciUyMG5vdmFzJTIwc2VzcyVDMyVCNWVzJTIwZGUlMjB1c3UlQzMlQTFyaW8uJTNDJTJGZGl2JTNFJTBBJTNDZGl2JTIwY2xhc3MlM0QlMjJjb29raWUtZHVyYXRpb24lMjIlM0VTZXNzJUMzJUEzbyUzQyUyRmRpdiUzRSUwQSUzQyUyRmRpdiUzRSUwQSUwQSUzQ2RpdiUyMGNsYXNzJTNEJTIyY3VzdG9tLWNvb2tpZS1yb3clMjIlM0UlMEElM0NkaXYlMjBjbGFzcyUzRCUyMmNvb2tpZS1uYW1lJTIyJTNFX2hqUmVjb3JkaW5nRW5hYmxlZCUzQyUyRmRpdiUzRSUwQSUzQ2RpdiUyMGNsYXNzJTNEJTIyY29va2llLXB1cnBvc2UlMjIlM0VJc3NvJTIwJUMzJUE5JTIwYWRpY2lvbmFkbyUyMHF1YW5kbyUyMHVtYSUyMGdyYXZhJUMzJUE3JUMzJUEzbyUyMCVDMyVBOSUyMGluaWNpYWRhJTIwZSUyMHJlcHJvZHV6JTIwcXVhbmRvJTIwbyUyMG0lQzMlQjNkdWxvJTIwZGUlMjBncmF2YSVDMyVBNyVDMyVBM28lMjAlQzMlQTklMjBpbmljaWFsaXphZG8lMjBwYXJhJTIwdmVyJTIwc2UlMjBvJTIwdXN1JUMzJUExcmlvJTIwaiVDMyVBMSUyMGVzdCVDMyVBMSUyMGVtJTIwdW1hJTIwZ3JhdmElQzMlQTclQzMlQTNvJTIwZW0lMjB1bWElMjBkZXRlcm1pbmFkYSUyMHNlc3MlQzMlQTNvLiUzQyUyRmRpdiUzRSUwQSUzQ2RpdiUyMGNsYXNzJTNEJTIyY29va2llLWR1cmF0aW9uJTIyJTNFU2VzcyVDMyVBM28lM0MlMkZkaXYlM0UlMEElM0MlMkZkaXYlM0UlMEElM0NkaXYlMjBjbGFzcyUzRCUyMmN1c3RvbS1jb29raWUtcm93JTIyJTNFJTBBJTNDZGl2JTIwY2xhc3MlM0QlMjJjb29raWUtbmFtZSUyMiUzRVZpbWVvJTIwdmlkZW8lMjBwbGF5ZXIlM0MlMkZkaXYlM0UlMEElM0NkaXYlMjBjbGFzcyUzRCUyMmNvb2tpZS1wdXJwb3NlJTIyJTNFUmVwcm9kdXRvciUyMGRlJTIwdiVDMyVBRGRlbyUyMGluY29ycG9yJUMzJUExdmVsLiUyMFBhcmElMjBtYWlzJTIwaW5mb3JtYSVDMyVBNyVDMyVCNWVzJTJDJTIwdmlzaXRlJTIwYSUyMHAlQzMlQTFnaW5hJTIwZGUlMjAlMjAlM0NhJTIwdGFyZ2V0JTNEJTIyX2JsYW5rJTIyJTIwaHJlZiUzRCUyMmh0dHBzJTNBJTJGJTJGdmltZW8uY29tJTJGY29va2llX3BvbGljeSUyMiUzRVZpbWVvLiUzQyUyRmElM0UlM0MlMkZkaXYlM0UlMEElM0NkaXYlMjBjbGFzcyUzRCUyMmNvb2tpZS1kdXJhdGlvbiUyMiUzRVNlc3MlQzMlQTNvJTNDJTJGZGl2JTNFJTBBJTNDJTJGZGl2JTNFJTBBJTBBJTNDJTJGZGl2JTNF[\/vc_raw_html][vc_column_text uncode_shortcode_id=&#8221;212729&#8243;]<br \/>\n<strong>4. O site usa cookies de terceiros?<\/strong><\/p>\n<p>A Ontex usa v\u00e1rios fornecedores que tamb\u00e9m podem colocar cookies no seu dispositivo quando voc\u00ea visita o site com o objetivo de permitir que eles forne\u00e7am seus servi\u00e7os. Nesse caso, esses terceiros s\u00e3o respons\u00e1veis pelo processamento dos dados que coletam por meio de seus cookies. Se pretender obter mais informa\u00e7\u00f5es sobre estes cookies, de forma a consentir a sua instala\u00e7\u00e3o ou o procedimento para optar por n\u00e3o receber tais cookies, consulte as pol\u00edticas de privacidade dos terceiros listados abaixo e o banner de cookies dispon\u00edvel no nosso site que permite voc\u00ea exercite suas escolhas:[\/vc_column_text][vc_raw_html]JTNDZGl2JTIwY2xhc3MlM0QlMjJjdXN0b20tY29va2llLXRhYmxlJTIyJTNFJTBBJTNDZGl2JTIwY2xhc3MlM0QlMjJjdXN0b20tY29va2llLWhlYWRlcnMlMjBjdXN0b20tY29va2llLXJvdyUyMiUzRSUwQSUzQ2RpdiUzRU5vbWUlMjBkbyUyMGNvb2tpZSUzQyUyRmRpdiUzRSUwQSUzQ2RpdiUzRU9iamV0aXZvJTIwZG8lMjBjb29raWUlM0MlMkZkaXYlM0UlMEElM0NkaXYlM0VEdXJhJUMzJUE3JUMzJUEzbyUyMGRvJTIwY29va2llJTNDJTJGZGl2JTNFJTBBJTNDJTJGZGl2JTNFJTBBJTBBJTNDZGl2JTIwY2xhc3MlM0QlMjJjdXN0b20tY29va2llLXJvdyUyMiUzRSUwQSUzQ2RpdiUyMGNsYXNzJTNEJTIyY29va2llLW5hbWUlMjIlM0VHb29nbGUlMjBBZFdvcmRzJTIwQ29udmVyc2lvbiUyMFRyYWNraW5nJTNDJTJGZGl2JTNFJTBBJTNDZGl2JTIwY2xhc3MlM0QlMjJjb29raWUtcHVycG9zZSUyMiUzRU8lMjBHb29nbGUlMjB1c2ElMjBjb29raWVzJTIwcGFyYSUyMGFqdWRhciUyMGFzJTIwZW1wcmVzYXMlMjBxdWUlMjBjb21wcmFtJTIwYW4lQzMlQkFuY2lvcyUyMGRvJTIwR29vZ2xlJTIwYSUyMGRldGVybWluYXIlMjBxdWFudGFzJTIwcGVzc29hcyUyMHF1ZSUyMGNsaWNhbSUyMGVtJTIwc2V1cyUyMGFuJUMzJUJBbmNpb3MlMjBhY2FiYW0lMjBjb21wcmFuZG8lMjBzZXVzJTIwcHJvZHV0b3MuJTIwTyUyMGNvb2tpZSUyMGRlJTIwYWNvbXBhbmhhbWVudG8lMjBkZSUyMGNvbnZlcnMlQzMlQjVlcyUyMHMlQzMlQjMlMjAlQzMlQTklMjBhZGljaW9uYWRvJTIwYW8lMjBzZXUlMjBuYXZlZ2Fkb3IlMjBxdWFuZG8lMjB2b2MlQzMlQUElMjBjbGljYSUyMGVtJTIwdW0lMjBhbiVDMyVCQW5jaW8lMjBwdWJsaWNhZG8lMjBwZWxvJTIwR29vZ2xlJTIwcGFyYSUyMG8lMjBxdWFsJTIwbyUyMGFudW5jaWFudGUlMjBvcHRvdSUyMHBlbG8lMjBhY29tcGFuaGFtZW50byUyMGRlJTIwY29udmVycyVDMyVCNWVzLiUyMEVzc2VzJTIwY29va2llcyUyMG4lQzMlQTNvJTIwY29udCVDMyVBQW0lMjBpbmZvcm1hJUMzJUE3JUMzJUI1ZXMlMjBxdWUlMjBvJTIwaWRlbnRpZmlxdWVtJTIwcGVzc29hbG1lbnRlLiUyMFNlJTIwZXN0ZSUyMGNvb2tpZSUyMGFpbmRhJTIwbiVDMyVBM28lMjB0aXZlciUyMGV4cGlyYWRvJTIwcXVhbmRvJTIwdm9jJUMzJUFBJTIwdmlzaXRhciUyMGRldGVybWluYWRhcyUyMHAlQzMlQTFnaW5hcyUyMGRvJTIwc2l0ZSUyMGRvJTIwYW51bmNpYW50ZSUyQyUyMG8lMjBhbnVuY2lhbnRlJTIwcG9kZXIlQzMlQTElMjBkZXRlcm1pbmFyJTIwcXVlJTIwdm9jJUMzJUFBJTIwY2hlZ291JTIwYSUyMGVzdGElMjBwJUMzJUExZ2luYSUyMGNsaWNhbmRvJTIwbm8lMjBhbiVDMyVCQW5jaW8uJTIwQ2FkYSUyMGFudW5jaWFudGUlMjByZWNlYmUlMjB1bSUyMGNvb2tpZSUyMGRpZmVyZW50ZSUyQyUyMHBvcnRhbnRvJTJDJTIwb3MlMjBzaXRlcyUyMGRvcyUyMGFudW5jaWFudGVzJTIwbiVDMyVBM28lMjBjb21wYXJ0aWxoYW0lMjBuZW5odW0lMjBjb29raWUuJTIwU2UlMjB2b2MlQzMlQUElMjBkZXNlamElMjBkZXNhdGl2YXIlMjBvcyUyMGNvb2tpZXMlMjBkZSUyMHJhc3RyZWFtZW50byUyMGRlJTIwY29udmVycyVDMyVBM28lMkMlMjBwb2RlJTIwY29uZmlndXJhciUyMHNldSUyMG5hdmVnYWRvciUyMHBhcmElMjBibG9xdWVhciUyMGNvb2tpZXMlMjBkbyUyMGRvbSVDMyVBRG5pbyUyMGdvb2dsZWFkc2VydmljZXMuY29tLiUyMFZvYyVDMyVBQSUyMHRhbWIlQzMlQTltJTIwZGV2ZSUyMGRlc2F0aXZhciUyMHRvZG9zJTIwb3MlMjBjb29raWVzJTIwcGFyYSUyMGRlc2F0aXZhciUyMG8lMjBhY29tcGFuaGFtZW50byUyMGRlJTIwY29udmVycyVDMyVCNWVzJTIwZW0lMjBkaXNwb3NpdGl2b3MlMjBtJUMzJUIzdmVpcy4lMjBEZSUyMGZhdG8lMkMlMjBuJUMzJUEzbyUyMGglQzMlQTElMjBjb25maWd1cmElQzMlQTclQzMlQjVlcyUyMHBvciUyMGRvbSVDMyVBRG5pbyUyMG5vcyUyMG5hdmVnYWRvcmVzJTIwbSVDMyVCM3ZlaXMlMjBpT1MlMjBlJTIwQW5kcm9pZCUyMG5vJTIwbW9tZW50by4lMjBNYWlzJTIwaW5mb3JtYSVDMyVBNyVDMyVCNWVzJTIwc29icmUlMjBpc3NvJTIwZXN0JUMzJUEzbyUyMGRpc3BvbiVDMyVBRHZlaXMlMjBlbSUzQSUyMCUyRiUyRnd3dy5nb29nbGUuY29tJTJGcHJpdmFjeV9hZHMuaHRtbC4lM0MlMkZkaXYlM0UlMEElM0NkaXYlMjBjbGFzcyUzRCUyMmNvb2tpZS1kdXJhdGlvbiUyMiUzRTMwJTIwZGlhcyUzQyUyRmRpdiUzRSUwQSUzQyUyRmRpdiUzRSUwQSUwQSUwQSUzQyUyRmRpdiUzRQ==[\/vc_raw_html][vc_column_text uncode_shortcode_id=&#8221;671755&#8243;]Ao visitar o site, voc\u00ea pode receber cookies de dom\u00ednios ou sites de terceiros se tiver consentido com esses cookies por meio de nosso banner de cookies. A Ontex n\u00e3o controla a configura\u00e7\u00e3o desses cookies. Dever\u00e1, portanto, consultar o banner de cookies presente no site para poder fazer a sua escolha ap\u00f3s consultar a pol\u00edtica de privacidade do site de terceiros relevante para obter mais informa\u00e7\u00f5es sobre estes cookies. O terceiro relevante deve fornecer informa\u00e7\u00f5es sobre os cookies adicionados e obter sua permiss\u00e3o antes de adicionar cookies ao seu dispositivo.<\/p>\n<p><strong>5. Como voc\u00ea pode gerenciar os cookies usados pelo site?<\/strong><\/p>\n<p>Se voc\u00ea consentiu com um cookie, voc\u00ea pode retirar seu consentimento a qualquer momento.<\/p>\n<p>Especificamente, voc\u00ea pode alterar suas configura\u00e7\u00f5es de cookies acessando o Cookie Preference Center ou o banner de cookies acess\u00edvel no site.<\/p>\n<p>Se voc\u00ea deseja se opor ao uso de cookies pelo banner de cookies no site ou se deseja excluir ou permitir novos cookies em seu dispositivo, tamb\u00e9m pode alterar as configura\u00e7\u00f5es no banner de cookies para bloquear cookies ou alert\u00e1-lo quando cookies s\u00e3o enviados para o seu dispositivo. Os cookies podem ser gerenciados de diferentes maneiras. Consulte as instru\u00e7\u00f5es do banner de cookies. Para cookies que permitem isso, voc\u00ea tamb\u00e9m pode usar seu navegador ou a ajuda na tela para saber mais sobre como ajustar ou alterar as configura\u00e7\u00f5es do seu navegador em:<\/p>\n<p>&#8211; Internet Explorer :\u00a0<a href=\"http:\/\/windows.microsoft.com\/en-US\/windows-vista\/How-to-manage-cookies-in-Internet-Explorer-9\">http:\/\/windows.microsoft.com\/en-US\/windows-vista\/How-to-manage-cookies-in-Internet-Explorer-9<\/a><br \/>\n&#8211; Chrome :\u00a0<a href=\"http:\/\/support.google.com\/chrome\/bin\/answer.py?hl=en-GB&amp;hlrm=nl&amp;answer=95647\">http:\/\/support.google.com\/chrome\/bin\/answer.py?hl=en-GB&amp;hlrm=nl&amp;answer=95647<\/a><br \/>\n&#8211; Firefox :\u00a0<a href=\"http:\/\/support.mozilla.org\/en-US\/kb\/enable-and-disable-cookies-website-preferences?s=cookies&amp;r=5&amp;as=s\">http:\/\/support.mozilla.org\/en-US\/kb\/enable-and-disable-cookies-website-preferences?s=cookies&amp;r=5&amp;as=s<\/a><br \/>\n&#8211; Safari :\u00a0<a href=\"http:\/\/support.apple.com\/kb\/PH5042\">http:\/\/support.apple.com\/kb\/PH5042<\/a><\/p>\n<p>Se voc\u00ea desabilitar os cookies necess\u00e1rios para o funcionamento ou funcional usado pelo site ou se voc\u00ea excluir esses cookies j\u00e1 instalados em seu dispositivo pelo site, isso pode ter um impacto quando voc\u00ea navega no site (\u00e9 poss\u00edvel, por exemplo, que voc\u00ea pode n\u00e3o conseguir visualizar certas partes do site ou receber informa\u00e7\u00f5es personalizadas quando voc\u00ea visita o site).<\/p>\n<p><strong>6. Atualiza\u00e7\u00e3o desta Pol\u00edtica de Cookies<\/strong><\/p>\n<p>Se a Ontex fizer altera\u00e7\u00f5es em suas pr\u00e1ticas de cookies, essas altera\u00e7\u00f5es ser\u00e3o incorporadas a uma vers\u00e3o atualizada desta pol\u00edtica. Tamb\u00e9m o notificaremos sobre tais altera\u00e7\u00f5es atualizando a data efetiva na parte superior desta pol\u00edtica. Sem preju\u00edzo dos seus direitos ao abrigo da lei aplic\u00e1vel, a Ontex reserva-se o direito de modificar esta pol\u00edtica de tempos a tempos para ter em conta os avan\u00e7os tecnol\u00f3gicos, altera\u00e7\u00f5es legais e regulamentares e boas pr\u00e1ticas comerciais.<\/p>\n<p>Para mais informa\u00e7\u00f5es sobre os seus dados pessoais e as condi\u00e7\u00f5es de exerc\u00edcio dos seus direitos, consulte o <a href=\"\/pt-pt\/declaracao-de-privacidade\/\">Declara\u00e7\u00e3o de privacidade<\/a>.[\/vc_column_text][\/vc_column][\/vc_row]<\/p>\n<\/div>","protected":false},"excerpt":{"rendered":"<p>[vc_row][vc_column width=&#8221;1\/1&#8243;][vc_column_text uncode_shortcode_id=&#8221;763977&#8243;] POL\u00cdTICA DE COOKIES Last update : 25\/06\/2020 Este site usa cookies. Esta pol\u00edtica informa sobre as finalidades [&hellip;]<\/p>\n","protected":false},"author":6,"featured_media":0,"parent":0,"menu_order":242,"comment_status":"closed","ping_status":"closed","template":"","meta":{"_acf_changed":false,"footnotes":""},"height":[],"weight":[],"class_list":["post-3702","page","type-page","status-publish","hentry"],"acf":[],"_links":{"self":[{"href":"https:\/\/www.moltexbaby.com\/pt-pt\/wp-json\/wp\/v2\/pages\/3702","targetHints":{"allow":["GET"]}}],"collection":[{"href":"https:\/\/www.moltexbaby.com\/pt-pt\/wp-json\/wp\/v2\/pages"}],"about":[{"href":"https:\/\/www.moltexbaby.com\/pt-pt\/wp-json\/wp\/v2\/types\/page"}],"author":[{"embeddable":true,"href":"https:\/\/www.moltexbaby.com\/pt-pt\/wp-json\/wp\/v2\/users\/6"}],"replies":[{"embeddable":true,"href":"https:\/\/www.moltexbaby.com\/pt-pt\/wp-json\/wp\/v2\/comments?post=3702"}],"version-history":[{"count":0,"href":"https:\/\/www.moltexbaby.com\/pt-pt\/wp-json\/wp\/v2\/pages\/3702\/revisions"}],"wp:attachment":[{"href":"https:\/\/www.moltexbaby.com\/pt-pt\/wp-json\/wp\/v2\/media?parent=3702"}],"wp:term":[{"taxonomy":"height","embeddable":true,"href":"https:\/\/www.moltexbaby.com\/pt-pt\/wp-json\/wp\/v2\/height?post=3702"},{"taxonomy":"weight","embeddable":true,"href":"https:\/\/www.moltexbaby.com\/pt-pt\/wp-json\/wp\/v2\/weight?post=3702"}],"curies":[{"name":"wp","href":"https:\/\/api.w.org\/{rel}","templated":true}]}}