{"id":3742,"date":"2020-07-13T14:30:54","date_gmt":"2020-07-13T14:30:54","guid":{"rendered":"https:\/\/www.moltexbaby.com\/?page_id=3742"},"modified":"2021-06-08T15:30:00","modified_gmt":"2021-06-08T15:30:00","slug":"aviso-legal","status":"publish","type":"page","link":"https:\/\/www.moltexbaby.com\/pt-pt\/aviso-legal\/","title":{"rendered":"AVISO LEGAL"},"content":{"rendered":"<div class=\"wpb-content-wrapper\"><p>[vc_row][vc_column][vc_column_text]<\/p>\n<h2>Aviso legal<\/h2>\n<p><strong>Nome da entidade, <\/strong><strong>Forma legal da entidade da Ontex :<\/strong><\/p>\n<p>Moltex Baby-Hygiene GmbH<\/p>\n<p><strong>N\u00famero de registro:<\/strong><\/p>\n<p>HRB 5260<\/p>\n<p><strong>Escrit\u00f3rio registrado:<\/strong><\/p>\n<p>Robert-Bosch-Str. 8<br \/>\n56727 Mayen<\/p>\n<p>&nbsp;<\/p>\n<p><strong>N\u00famero de IVA:<\/strong>\u00a0DE248 670006<\/p>\n<p><strong>E-mail:<\/strong>\u00a0<a href=\"mailto:info@moltex.de\">info@moltex.de\u00a0<\/a><\/p>\n<p><strong>Diretor de Publica\u00e7\u00f5es<\/strong>: Ay\u015feg\u00fcl \u00d6zcan, Marketing Manager Ontex Brands Europe<\/p>\n<p>&nbsp;<\/p>\n<p><strong>Host do site:<\/strong><\/p>\n<p>WP Engine<br \/>\nIrongate House, 22-30 Duke\u2019s Place<br \/>\nLondon, EC3A 7LP United Kingdom[\/vc_column_text][\/vc_column][\/vc_row]<\/p>\n<\/div>","protected":false},"excerpt":{"rendered":"<p>[vc_row][vc_column][vc_column_text] Aviso legal Nome da entidade, Forma legal da entidade da Ontex : Moltex Baby-Hygiene GmbH N\u00famero de registro: HRB [&hellip;]<\/p>\n","protected":false},"author":6,"featured_media":0,"parent":0,"menu_order":234,"comment_status":"closed","ping_status":"closed","template":"","meta":{"_acf_changed":false,"footnotes":""},"height":[],"weight":[],"class_list":["post-3742","page","type-page","status-publish","hentry"],"acf":[],"_links":{"self":[{"href":"https:\/\/www.moltexbaby.com\/pt-pt\/wp-json\/wp\/v2\/pages\/3742","targetHints":{"allow":["GET"]}}],"collection":[{"href":"https:\/\/www.moltexbaby.com\/pt-pt\/wp-json\/wp\/v2\/pages"}],"about":[{"href":"https:\/\/www.moltexbaby.com\/pt-pt\/wp-json\/wp\/v2\/types\/page"}],"author":[{"embeddable":true,"href":"https:\/\/www.moltexbaby.com\/pt-pt\/wp-json\/wp\/v2\/users\/6"}],"replies":[{"embeddable":true,"href":"https:\/\/www.moltexbaby.com\/pt-pt\/wp-json\/wp\/v2\/comments?post=3742"}],"version-history":[{"count":0,"href":"https:\/\/www.moltexbaby.com\/pt-pt\/wp-json\/wp\/v2\/pages\/3742\/revisions"}],"wp:attachment":[{"href":"https:\/\/www.moltexbaby.com\/pt-pt\/wp-json\/wp\/v2\/media?parent=3742"}],"wp:term":[{"taxonomy":"height","embeddable":true,"href":"https:\/\/www.moltexbaby.com\/pt-pt\/wp-json\/wp\/v2\/height?post=3742"},{"taxonomy":"weight","embeddable":true,"href":"https:\/\/www.moltexbaby.com\/pt-pt\/wp-json\/wp\/v2\/weight?post=3742"}],"curies":[{"name":"wp","href":"https:\/\/api.w.org\/{rel}","templated":true}]}}