{"id":7180,"date":"2020-07-22T21:38:02","date_gmt":"2020-07-22T21:38:02","guid":{"rendered":"https:\/\/www.moltexbaby.com\/?page_id=7180"},"modified":"2020-08-13T17:27:34","modified_gmt":"2020-08-13T17:27:34","slug":"conselhos-animados","status":"publish","type":"page","link":"https:\/\/www.moltexbaby.com\/pt-pt\/conselhos-animados\/","title":{"rendered":"Conselhos Animados"},"content":{"rendered":"<div class=\"wpb-content-wrapper\"><p>[vc_row row_height_percent=&#8221;0&#8243; override_padding=&#8221;yes&#8221; h_padding=&#8221;2&#8243; top_padding=&#8221;1&#8243; bottom_padding=&#8221;2&#8243; overlay_alpha=&#8221;50&#8243; gutter_size=&#8221;3&#8243; column_width_percent=&#8221;100&#8243; shift_y=&#8221;0&#8243; z_index=&#8221;0&#8243;][vc_column column_width_use_pixel=&#8221;yes&#8221; align_horizontal=&#8221;align_center&#8221; gutter_size=&#8221;2&#8243; overlay_alpha=&#8221;50&#8243; shift_x=&#8221;0&#8243; shift_y=&#8221;0&#8243; shift_y_down=&#8221;0&#8243; z_index=&#8221;0&#8243; medium_width=&#8221;0&#8243; mobile_width=&#8221;0&#8243; width=&#8221;1\/1&#8243; column_width_pixel=&#8221;730&#8243;][vc_custom_heading]Conselhos\u00a0Animados[\/vc_custom_heading][vc_custom_heading heading_semantic=&#8221;p&#8221; text_size=&#8221;&#8221; text_weight=&#8221;400&#8243; text_color=&#8221;color-wvjs&#8221;]<span class=\"TextRun SCXW236091503 BCX0\" lang=\"PT-BR\" xml:lang=\"PT-BR\" data-contrast=\"auto\"><span class=\"NormalTextRun SCXW236091503 BCX0\">A<\/span><\/span><span class=\"TextRun SCXW236091503 BCX0\" lang=\"PT-BR\" xml:lang=\"PT-BR\" data-contrast=\"auto\"><span class=\"NormalTextRun SCXW236091503 BCX0\">\u00a0Moltex est\u00e1 ao teu lado, a te acompanhar em este maravilhoso caminho\u00a0<\/span><\/span><span class=\"TextRun SCXW236091503 BCX0\" lang=\"PT-BR\" xml:lang=\"PT-BR\" data-contrast=\"auto\"><span class=\"NormalTextRun SCXW236091503 BCX0\">que \u00e9 o crescimento do teu beb\u00e9.\u00a0<\/span><\/span><span class=\"TextRun SCXW236091503 BCX0\" lang=\"PT-BR\" xml:lang=\"PT-BR\" data-contrast=\"auto\"><span class=\"NormalTextRun SCXW236091503 BCX0\">N\u00e3o s\u00f3\u00a0<\/span><\/span><span class=\"TextRun SCXW236091503 BCX0\" lang=\"PT-BR\" xml:lang=\"PT-BR\" data-contrast=\"auto\"><span class=\"NormalTextRun SCXW236091503 BCX0\">com produtos de higiene, mas tamb\u00e9m com conselhos ajustados a cada fase do\u00a0<\/span><\/span><span class=\"TextRun SCXW236091503 BCX0\" lang=\"PT-BR\" xml:lang=\"PT-BR\" data-contrast=\"auto\"><span class=\"NormalTextRun SCXW236091503 BCX0\">teu filho. Em nossos\u00a0<\/span><\/span><span class=\"TextRun SCXW236091503 BCX0\" lang=\"PT-BR\" xml:lang=\"PT-BR\" data-contrast=\"auto\"><span class=\"NormalTextRun SCXW236091503 BCX0\">C<\/span><\/span><span class=\"TextRun SCXW236091503 BCX0\" lang=\"PT-BR\" xml:lang=\"PT-BR\" data-contrast=\"auto\"><span class=\"NormalTextRun SCXW236091503 BCX0\">on<\/span><\/span><span class=\"TextRun SCXW236091503 BCX0\" lang=\"PT-BR\" xml:lang=\"PT-BR\" data-contrast=\"auto\"><span class=\"NormalTextRun SCXW236091503 BCX0\">selhos<\/span><\/span><span class=\"TextRun SCXW236091503 BCX0\" lang=\"PT-BR\" xml:lang=\"PT-BR\" data-contrast=\"auto\"><span class=\"NormalTextRun SCXW236091503 BCX0\">\u00a0<\/span><\/span><span class=\"TextRun SCXW236091503 BCX0\" lang=\"PT-BR\" xml:lang=\"PT-BR\" data-contrast=\"auto\"><span class=\"NormalTextRun SCXW236091503 BCX0\">A<\/span><\/span><span class=\"TextRun SCXW236091503 BCX0\" lang=\"PT-BR\" xml:lang=\"PT-BR\" data-contrast=\"auto\"><span class=\"NormalTextRun SCXW236091503 BCX0\">nimados, podes\u00a0<\/span><\/span><span class=\"TextRun SCXW236091503 BCX0\" lang=\"PT-BR\" xml:lang=\"PT-BR\" data-contrast=\"auto\"><span class=\"NormalTextRun SCXW236091503 BCX0\">fazer download de e-books, infografias ou assistir\u00a0<\/span><\/span><span class=\"TextRun SCXW236091503 BCX0\" lang=\"PT-BR\" xml:lang=\"PT-BR\" data-contrast=\"auto\"><span class=\"NormalTextRun SCXW236091503 BCX0\">a\u00a0<\/span><\/span><span class=\"TextRun SCXW236091503 BCX0\" lang=\"PT-BR\" xml:lang=\"PT-BR\" data-contrast=\"auto\"><span class=\"NormalTextRun SCXW236091503 BCX0\">v\u00eddeos para tirar\u00a0<\/span><\/span><span class=\"TextRun SCXW236091503 BCX0\" lang=\"PT-BR\" xml:lang=\"PT-BR\" data-contrast=\"auto\"><span class=\"NormalTextRun SCXW236091503 BCX0\">t<\/span><\/span><span class=\"TextRun SCXW236091503 BCX0\" lang=\"PT-BR\" xml:lang=\"PT-BR\" data-contrast=\"auto\"><span class=\"NormalTextRun SCXW236091503 BCX0\">uas d\u00favidas sobre o desenvolvimento do teu pequeno<\/span><\/span><span class=\"TextRun SCXW236091503 BCX0\" lang=\"PT-BR\" xml:lang=\"PT-BR\" data-contrast=\"auto\"><span class=\"NormalTextRun SCXW236091503 BCX0\">\u00a0em cada etapa.\u00a0<\/span><\/span><span class=\"EOP SCXW236091503 BCX0\" data-ccp-props=\"{&quot;201341983&quot;:0,&quot;335559739&quot;:160,&quot;335559740&quot;:259}\">\u00a0<\/span>[\/vc_custom_heading][vc_empty_space empty_h=&#8221;2&#8243; mobile_visibility=&#8221;yes&#8221;][\/vc_column][\/vc_row][vc_row][vc_column width=&#8221;1\/1&#8243;][vc_custom_heading text_size=&#8221;h3&#8243;]Infograf\u00edas[\/vc_custom_heading][\/vc_column][\/vc_row][vc_row row_height_percent=&#8221;0&#8243; overlay_alpha=&#8221;50&#8243; gutter_size=&#8221;3&#8243; column_width_percent=&#8221;100&#8243; shift_y=&#8221;0&#8243; z_index=&#8221;0&#8243;][vc_column column_width_percent=&#8221;100&#8243; gutter_size=&#8221;1&#8243; overlay_alpha=&#8221;50&#8243; shift_x=&#8221;0&#8243; shift_y=&#8221;0&#8243; shift_y_down=&#8221;0&#8243; z_index=&#8221;0&#8243; medium_width=&#8221;0&#8243; mobile_width=&#8221;0&#8243; width=&#8221;1\/4&#8243;][vc_single_image media=&#8221;7206&#8243; media_width_percent=&#8221;100&#8243; alignment=&#8221;center&#8221;][vc_custom_heading heading_semantic=&#8221;h3&#8243; text_size=&#8221;h4&#8243; sub_reduced=&#8221;yes&#8221; subheading=&#8221;Tem chegado o momento de deixar de usar a fralda? Se pensas que teu filho est\u00e1 pronto para controlar seus esf\u00edncteres e come\u00e7ar usar a casa do banho, mas t\u00fa n\u00e3o sabes como fazer, continua esses conselhos.&#8221;]Pronto para parar de usar a fralda?[\/vc_custom_heading][vc_button button_color=&#8221;color-293417&#8243; size=&#8221;btn-link&#8221; outline=&#8221;yes&#8221; text_skin=&#8221;yes&#8221; border_width=&#8221;0&#8243; icon_position=&#8221;right&#8221; icon=&#8221;fa fa-download3&#8243; el_class=&#8221;download-btn&#8221; link=&#8221;url:https%3A%2F%2Fwww.moltexbaby.com%2Fwp-content%2Fuploads%2F2020%2F07%2Farchivo-1592556215-scaled.jpg|||&#8221; media_lightbox=&#8221;7288&#8243;]DESCARGAR[\/vc_button][\/vc_column][vc_column column_width_percent=&#8221;100&#8243; gutter_size=&#8221;1&#8243; overlay_alpha=&#8221;50&#8243; shift_x=&#8221;0&#8243; shift_y=&#8221;0&#8243; shift_y_down=&#8221;0&#8243; z_index=&#8221;0&#8243; medium_width=&#8221;0&#8243; mobile_width=&#8221;0&#8243; width=&#8221;1\/4&#8243;][vc_single_image media=&#8221;7214&#8243; media_width_percent=&#8221;100&#8243; alignment=&#8221;center&#8221;][vc_custom_heading heading_semantic=&#8221;h3&#8243; text_size=&#8221;h4&#8243; sub_reduced=&#8221;yes&#8221; subheading=&#8221;A alimenta\u00e7\u00e3o complementaria \u00e9 o processo pelo qual se oferecem ao lactente alimentos distintos da leite materna ou de f\u00f3rmula. Nos \u00faltimos anos as recomenda\u00e7\u00f5es t\u00eam mudado bastante, pelo que \u00e9 normal ter d\u00favidas.&#8221;]Introdu\u00e7\u00e3o de alimentos por idade[\/vc_custom_heading][vc_button button_color=&#8221;color-293417&#8243; size=&#8221;btn-link&#8221; outline=&#8221;yes&#8221; text_skin=&#8221;yes&#8221; border_width=&#8221;0&#8243; icon_position=&#8221;right&#8221; icon=&#8221;fa fa-download3&#8243; el_class=&#8221;download-btn&#8221; link=&#8221;url:https%3A%2F%2Fwww.moltexbaby.com%2Fwp-content%2Fuploads%2F2020%2F07%2Farchivo-1592556110-scaled.jpg|||&#8221; media_lightbox=&#8221;7280&#8243;]DESCARGAR[\/vc_button][\/vc_column][vc_column column_width_percent=&#8221;100&#8243; gutter_size=&#8221;1&#8243; overlay_alpha=&#8221;50&#8243; shift_x=&#8221;0&#8243; shift_y=&#8221;0&#8243; shift_y_down=&#8221;0&#8243; z_index=&#8221;0&#8243; medium_width=&#8221;0&#8243; mobile_width=&#8221;0&#8243; width=&#8221;1\/4&#8243;][vc_single_image media=&#8221;7222&#8243; media_width_percent=&#8221;100&#8243; alignment=&#8221;center&#8221;][vc_custom_heading heading_semantic=&#8221;h3&#8243; text_size=&#8221;h4&#8243; sub_reduced=&#8221;yes&#8221; subheading=&#8221;Aunque es normal que los padres, sobre todo primerizos, se preocupen en cuanto detecten algo raro en la salud de su hijo y quieran salir corriendo para el hospital, lo cierto es que solo se recomienda ir a urgencias en ciertos casos.&#8221;]\u00bfCu\u00e1ndo llevar a un beb\u00e9 a urgencias?[\/vc_custom_heading][vc_button button_color=&#8221;color-293417&#8243; size=&#8221;btn-link&#8221; outline=&#8221;yes&#8221; text_skin=&#8221;yes&#8221; border_width=&#8221;0&#8243; icon_position=&#8221;right&#8221; icon=&#8221;fa fa-download3&#8243; el_class=&#8221;download-btn&#8221; link=&#8221;url:https%3A%2F%2Fwww.moltexbaby.com%2Fwp-content%2Fuploads%2F2020%2F07%2Farchivo-1592556026.jpg|||&#8221; media_lightbox=&#8221;7272&#8243;]DESCARGAR[\/vc_button][\/vc_column][vc_column column_width_percent=&#8221;100&#8243; gutter_size=&#8221;1&#8243; overlay_alpha=&#8221;50&#8243; shift_x=&#8221;0&#8243; shift_y=&#8221;0&#8243; shift_y_down=&#8221;0&#8243; z_index=&#8221;0&#8243; medium_width=&#8221;0&#8243; mobile_width=&#8221;0&#8243; width=&#8221;1\/4&#8243;][vc_single_image media=&#8221;7230&#8243; media_width_percent=&#8221;100&#8243; alignment=&#8221;center&#8221;][vc_custom_heading heading_semantic=&#8221;h3&#8243; text_size=&#8221;h4&#8243; sub_reduced=&#8221;yes&#8221; subheading=&#8221;La alimentaci\u00f3n complementaria es proceso por el cual se ofrecen al lactante alimentos distintos de la leche materna o de f\u00f3rmula. En los \u00faltimos a\u00f1os las recomendaciones han cambiado, por lo que es normal que tengas dudas.&#8221;]Introducci\u00f3n de alimentos por edad[\/vc_custom_heading][vc_button button_color=&#8221;color-293417&#8243; size=&#8221;btn-link&#8221; outline=&#8221;yes&#8221; text_skin=&#8221;yes&#8221; border_width=&#8221;0&#8243; icon_position=&#8221;right&#8221; icon=&#8221;fa fa-download3&#8243; el_class=&#8221;download-btn&#8221; link=&#8221;url:https%3A%2F%2Fwww.moltexbaby.com%2Fwp-content%2Fuploads%2F2020%2F07%2Farchivo-1592309234.jpg|||&#8221; media_lightbox=&#8221;7264&#8243;]DESCARGAR[\/vc_button][\/vc_column][\/vc_row][vc_row row_height_percent=&#8221;0&#8243; overlay_alpha=&#8221;50&#8243; gutter_size=&#8221;3&#8243; column_width_percent=&#8221;100&#8243; shift_y=&#8221;0&#8243; z_index=&#8221;0&#8243;][vc_column column_width_percent=&#8221;100&#8243; gutter_size=&#8221;1&#8243; overlay_alpha=&#8221;50&#8243; shift_x=&#8221;0&#8243; shift_y=&#8221;0&#8243; shift_y_down=&#8221;0&#8243; z_index=&#8221;0&#8243; medium_width=&#8221;0&#8243; mobile_width=&#8221;0&#8243; width=&#8221;1\/4&#8243;][vc_single_image media=&#8221;7238&#8243; media_width_percent=&#8221;100&#8243; alignment=&#8221;center&#8221;][vc_custom_heading heading_semantic=&#8221;h3&#8243; text_size=&#8221;h4&#8243; sub_reduced=&#8221;yes&#8221; subheading=&#8221;Comienza su segundo a\u00f1o de vida, un a\u00f1o muy importante en su desarrollo en el que aprender\u00e1 a andar bien, correr, hablar y relacionarse. Estos son algunos consejos esenciales para esta etapa.&#8221;]Consejos para el segundo a\u00f1o de vida[\/vc_custom_heading][vc_button button_color=&#8221;color-293417&#8243; size=&#8221;btn-link&#8221; outline=&#8221;yes&#8221; text_skin=&#8221;yes&#8221; border_width=&#8221;0&#8243; icon_position=&#8221;right&#8221; icon=&#8221;fa fa-download3&#8243; el_class=&#8221;download-btn&#8221; link=&#8221;url:https%3A%2F%2Fwww.moltexbaby.com%2Fwp-content%2Fuploads%2F2020%2F07%2Farchivo-1592309197.jpg|||&#8221; media_lightbox=&#8221;7256&#8243;]DESCARGAR[\/vc_button][\/vc_column][vc_column column_width_percent=&#8221;100&#8243; gutter_size=&#8221;1&#8243; overlay_alpha=&#8221;50&#8243; shift_x=&#8221;0&#8243; shift_y=&#8221;0&#8243; shift_y_down=&#8221;0&#8243; z_index=&#8221;0&#8243; medium_width=&#8221;0&#8243; mobile_width=&#8221;0&#8243; width=&#8221;1\/4&#8243;][vc_single_image media=&#8221;7246&#8243; media_width_percent=&#8221;100&#8243; alignment=&#8221;center&#8221;][vc_custom_heading heading_semantic=&#8221;h3&#8243; text_size=&#8221;h4&#8243; sub_reduced=&#8221;yes&#8221; subheading=&#8221;El primer a\u00f1o de vida es muy importante para el desarrollo y crecimiento del beb\u00e9. En esta infograf\u00eda te damos los consejos m\u00e1s importantes que debes seguir en este primer a\u00f1o. \u00a1Dec\u00e1rgatela gratis!&#8221;]Consejos para el primer a\u00f1o de vida[\/vc_custom_heading][vc_button button_color=&#8221;color-293417&#8243; size=&#8221;btn-link&#8221; outline=&#8221;yes&#8221; text_skin=&#8221;yes&#8221; border_width=&#8221;0&#8243; icon_position=&#8221;right&#8221; icon=&#8221;fa fa-download3&#8243; el_class=&#8221;download-btn&#8221; link=&#8221;url:https%3A%2F%2Fwww.moltexbaby.com%2Fwp-content%2Fuploads%2F2020%2F07%2Farchivo-1592309156-scaled.jpg|||&#8221; media_lightbox=&#8221;7296&#8243;]DESCARGAR[\/vc_button][\/vc_column][\/vc_row][vc_row][vc_column column_width_percent=&#8221;100&#8243; align_horizontal=&#8221;align_center&#8221; gutter_size=&#8221;3&#8243; overlay_alpha=&#8221;50&#8243; shift_x=&#8221;0&#8243; shift_y=&#8221;0&#8243; shift_y_down=&#8221;0&#8243; z_index=&#8221;0&#8243; medium_width=&#8221;0&#8243; mobile_width=&#8221;0&#8243; width=&#8221;1\/1&#8243;][vc_button button_color=&#8221;color-293417&#8243; radius=&#8221;btn-circle&#8221; outline=&#8221;yes&#8221; border_width=&#8221;0&#8243; link=&#8221;url:https%3A%2F%2Fwww.moltexbaby.com%2Fpt-pt%2Fconselhos-animados%2Finfografias%2F|title:Videos||&#8221;]Ver todas as infografias[\/vc_button][\/vc_column][\/vc_row][vc_row][vc_column width=&#8221;1\/1&#8243;][vc_empty_space empty_h=&#8221;2&#8243;][vc_custom_heading text_size=&#8221;h3&#8243;]Ebooks[\/vc_custom_heading][\/vc_column][\/vc_row][vc_row row_height_percent=&#8221;0&#8243; override_padding=&#8221;yes&#8221; h_padding=&#8221;2&#8243; top_padding=&#8221;1&#8243; bottom_padding=&#8221;2&#8243; overlay_alpha=&#8221;50&#8243; gutter_size=&#8221;3&#8243; column_width_percent=&#8221;100&#8243; shift_y=&#8221;0&#8243; z_index=&#8221;0&#8243;][vc_column column_width_use_pixel=&#8221;yes&#8221; align_horizontal=&#8221;align_center&#8221; gutter_size=&#8221;2&#8243; overlay_alpha=&#8221;50&#8243; shift_x=&#8221;0&#8243; shift_y=&#8221;0&#8243; shift_y_down=&#8221;0&#8243; z_index=&#8221;0&#8243; medium_width=&#8221;0&#8243; mobile_width=&#8221;3&#8243; width=&#8221;1\/6&#8243; column_width_pixel=&#8221;730&#8243;][vc_single_image media=&#8221;2423&#8243; media_width_percent=&#8221;100&#8243; shape=&#8221;img-round&#8221; radius=&#8221;lg&#8221;][\/vc_column][vc_column column_width_percent=&#8221;100&#8243; gutter_size=&#8221;3&#8243; overlay_alpha=&#8221;50&#8243; shift_x=&#8221;0&#8243; shift_y=&#8221;0&#8243; shift_y_down=&#8221;0&#8243; z_index=&#8221;0&#8243; medium_width=&#8221;0&#8243; mobile_width=&#8221;5&#8243; width=&#8221;4\/6&#8243;][vc_custom_heading heading_semantic=&#8221;h3&#8243; text_size=&#8221;h4&#8243; sub_reduced=&#8221;yes&#8221; subheading=&#8221;A higiene e o cuidado do beb\u00e9 s\u00e3o fundamentais para manter um boa sa\u00fade e um bom desenvolvimento. O banho, a troca da fralda ou o cuidado da pele s\u00e3o algumas das medidas higi\u00eanicas que deves adoptar.&#8221;]Higiene e cuidados do rec\u00e9m nascido[\/vc_custom_heading][\/vc_column][vc_column column_width_percent=&#8221;100&#8243; position_vertical=&#8221;middle&#8221; gutter_size=&#8221;3&#8243; overlay_alpha=&#8221;50&#8243; shift_x=&#8221;0&#8243; shift_y=&#8221;0&#8243; shift_y_down=&#8221;0&#8243; z_index=&#8221;0&#8243; medium_width=&#8221;0&#8243; align_mobile=&#8221;align_center_mobile&#8221; mobile_width=&#8221;0&#8243; width=&#8221;1\/6&#8243;][vc_button button_color=&#8221;color-293417&#8243; size=&#8221;btn-link&#8221; outline=&#8221;yes&#8221; text_skin=&#8221;yes&#8221; border_width=&#8221;0&#8243; icon_position=&#8221;right&#8221; icon=&#8221;fa fa-download3&#8243; el_class=&#8221;download-btn&#8221; link=&#8221;url:https%3A%2F%2Fwww.moltexbaby.com%2Fwp-content%2Fuploads%2F2020%2F07%2Farchivo-1592480777-1.pdf|||&#8221; media_lightbox=&#8221;7330&#8243;]DESCARGAR[\/vc_button][\/vc_column][\/vc_row][vc_row row_height_percent=&#8221;0&#8243; override_padding=&#8221;yes&#8221; h_padding=&#8221;2&#8243; top_padding=&#8221;1&#8243; bottom_padding=&#8221;2&#8243; overlay_alpha=&#8221;50&#8243; gutter_size=&#8221;3&#8243; column_width_percent=&#8221;100&#8243; shift_y=&#8221;0&#8243; z_index=&#8221;0&#8243;][vc_column column_width_use_pixel=&#8221;yes&#8221; align_horizontal=&#8221;align_center&#8221; gutter_size=&#8221;2&#8243; overlay_alpha=&#8221;50&#8243; shift_x=&#8221;0&#8243; shift_y=&#8221;0&#8243; shift_y_down=&#8221;0&#8243; z_index=&#8221;0&#8243; medium_width=&#8221;0&#8243; mobile_width=&#8221;3&#8243; width=&#8221;1\/6&#8243; column_width_pixel=&#8221;730&#8243;][vc_single_image media=&#8221;2439&#8243; media_width_percent=&#8221;100&#8243; alignment=&#8221;center&#8221; shape=&#8221;img-round&#8221; radius=&#8221;lg&#8221;][\/vc_column][vc_column column_width_percent=&#8221;100&#8243; gutter_size=&#8221;3&#8243; overlay_alpha=&#8221;50&#8243; shift_x=&#8221;0&#8243; shift_y=&#8221;0&#8243; shift_y_down=&#8221;0&#8243; z_index=&#8221;0&#8243; medium_width=&#8221;0&#8243; mobile_width=&#8221;5&#8243; width=&#8221;4\/6&#8243;][vc_custom_heading heading_semantic=&#8221;h3&#8243; text_size=&#8221;h4&#8243; sub_reduced=&#8221;yes&#8221; subheading=&#8221;La enuresis infantil es la micci\u00f3n involuntaria en ni\u00f1os de m\u00e1s de 5 a\u00f1os durante al menos 3 o 4 veces al mes. En menores de 5 a\u00f1os se considera algo normal y no supone un problema. Si tu hijo tiene m\u00e1s de esta edad hay muchas cosas que puedes hacer para ayudarle.&#8221;]Enuresis infantil. Mi hijo moja la cama[\/vc_custom_heading][\/vc_column][vc_column column_width_percent=&#8221;100&#8243; position_vertical=&#8221;middle&#8221; gutter_size=&#8221;3&#8243; overlay_alpha=&#8221;50&#8243; shift_x=&#8221;0&#8243; shift_y=&#8221;0&#8243; shift_y_down=&#8221;0&#8243; z_index=&#8221;0&#8243; medium_width=&#8221;0&#8243; align_mobile=&#8221;align_center_mobile&#8221; mobile_width=&#8221;0&#8243; width=&#8221;1\/6&#8243;][vc_button button_color=&#8221;color-293417&#8243; size=&#8221;btn-link&#8221; outline=&#8221;yes&#8221; text_skin=&#8221;yes&#8221; border_width=&#8221;0&#8243; icon_position=&#8221;right&#8221; icon=&#8221;fa fa-download3&#8243; el_class=&#8221;download-btn&#8221; link=&#8221;url:https%3A%2F%2Fwww.moltexbaby.com%2Fwp-content%2Fuploads%2F2020%2F07%2Farchivo-1592569088-1.pdf|||&#8221; media_lightbox=&#8221;7338&#8243;]DESCARGAR[\/vc_button][\/vc_column][\/vc_row][vc_row row_height_percent=&#8221;0&#8243; override_padding=&#8221;yes&#8221; h_padding=&#8221;2&#8243; top_padding=&#8221;1&#8243; bottom_padding=&#8221;2&#8243; overlay_alpha=&#8221;50&#8243; gutter_size=&#8221;3&#8243; column_width_percent=&#8221;100&#8243; shift_y=&#8221;0&#8243; z_index=&#8221;0&#8243;][vc_column column_width_use_pixel=&#8221;yes&#8221; align_horizontal=&#8221;align_center&#8221; gutter_size=&#8221;2&#8243; overlay_alpha=&#8221;50&#8243; shift_x=&#8221;0&#8243; shift_y=&#8221;0&#8243; shift_y_down=&#8221;0&#8243; z_index=&#8221;0&#8243; medium_width=&#8221;0&#8243; mobile_width=&#8221;3&#8243; width=&#8221;1\/6&#8243; column_width_pixel=&#8221;730&#8243;][vc_single_image media=&#8221;2422&#8243; media_width_percent=&#8221;100&#8243; alignment=&#8221;center&#8221; shape=&#8221;img-round&#8221; radius=&#8221;lg&#8221;][\/vc_column][vc_column column_width_percent=&#8221;100&#8243; gutter_size=&#8221;3&#8243; overlay_alpha=&#8221;50&#8243; shift_x=&#8221;0&#8243; shift_y=&#8221;0&#8243; shift_y_down=&#8221;0&#8243; z_index=&#8221;0&#8243; medium_width=&#8221;0&#8243; mobile_width=&#8221;5&#8243; width=&#8221;4\/6&#8243;][vc_custom_heading heading_semantic=&#8221;h3&#8243; text_size=&#8221;h4&#8243; sub_reduced=&#8221;yes&#8221; subheading=&#8221;Os h\u00e1bitos de higiene n\u00e3o s\u00f3 ajudam a evitar alguma doen\u00e7as, tamb\u00e9m favorecem a aceita\u00e7\u00e3o social. \u00c9 fundamental ensinar a nossos filhos quais s\u00e3o os principais h\u00e1bitos de higiene que devem fazer.&#8221;]Como ensinar h\u00e1bitos de higiene e autonomia para a crian\u00e7a[\/vc_custom_heading][\/vc_column][vc_column column_width_percent=&#8221;100&#8243; position_vertical=&#8221;middle&#8221; gutter_size=&#8221;3&#8243; overlay_alpha=&#8221;50&#8243; shift_x=&#8221;0&#8243; shift_y=&#8221;0&#8243; shift_y_down=&#8221;0&#8243; z_index=&#8221;0&#8243; medium_width=&#8221;0&#8243; align_mobile=&#8221;align_center_mobile&#8221; mobile_width=&#8221;0&#8243; width=&#8221;1\/6&#8243;][vc_button button_color=&#8221;color-293417&#8243; size=&#8221;btn-link&#8221; outline=&#8221;yes&#8221; text_skin=&#8221;yes&#8221; border_width=&#8221;0&#8243; icon_position=&#8221;right&#8221; icon=&#8221;fa fa-download3&#8243; el_class=&#8221;download-btn&#8221; link=&#8221;url:https%3A%2F%2Fwww.moltexbaby.com%2Fwp-content%2Fuploads%2F2020%2F07%2Farchivo-1592569088-1.pdf|||&#8221; media_lightbox=&#8221;7313&#8243;]DESCARGAR[\/vc_button][\/vc_column][\/vc_row][vc_row][vc_column column_width_percent=&#8221;100&#8243; align_horizontal=&#8221;align_center&#8221; gutter_size=&#8221;3&#8243; overlay_alpha=&#8221;50&#8243; shift_x=&#8221;0&#8243; shift_y=&#8221;0&#8243; shift_y_down=&#8221;0&#8243; z_index=&#8221;0&#8243; medium_width=&#8221;0&#8243; mobile_width=&#8221;0&#8243; width=&#8221;1\/1&#8243;][vc_button button_color=&#8221;color-293417&#8243; radius=&#8221;btn-circle&#8221; outline=&#8221;yes&#8221; border_width=&#8221;0&#8243; link=&#8221;url:https%3A%2F%2Fwww.moltexbaby.com%2Fpt-pt%2Fconselhos-animados%2Febooks%2F|title:Videos||&#8221;]Ver todos os e-books[\/vc_button][\/vc_column][\/vc_row]<\/p>\n<\/div>","protected":false},"excerpt":{"rendered":"<p>[vc_row row_height_percent=&#8221;0&#8243; override_padding=&#8221;yes&#8221; h_padding=&#8221;2&#8243; top_padding=&#8221;1&#8243; bottom_padding=&#8221;2&#8243; overlay_alpha=&#8221;50&#8243; gutter_size=&#8221;3&#8243; column_width_percent=&#8221;100&#8243; shift_y=&#8221;0&#8243; z_index=&#8221;0&#8243;][vc_column column_width_use_pixel=&#8221;yes&#8221; align_horizontal=&#8221;align_center&#8221; gutter_size=&#8221;2&#8243; overlay_alpha=&#8221;50&#8243; shift_x=&#8221;0&#8243; shift_y=&#8221;0&#8243; shift_y_down=&#8221;0&#8243; z_index=&#8221;0&#8243; medium_width=&#8221;0&#8243; [&hellip;]<\/p>\n","protected":false},"author":6,"featured_media":0,"parent":0,"menu_order":25,"comment_status":"closed","ping_status":"closed","template":"","meta":{"_acf_changed":false,"footnotes":""},"height":[],"weight":[],"class_list":["post-7180","page","type-page","status-publish","hentry"],"acf":[],"_links":{"self":[{"href":"https:\/\/www.moltexbaby.com\/pt-pt\/wp-json\/wp\/v2\/pages\/7180","targetHints":{"allow":["GET"]}}],"collection":[{"href":"https:\/\/www.moltexbaby.com\/pt-pt\/wp-json\/wp\/v2\/pages"}],"about":[{"href":"https:\/\/www.moltexbaby.com\/pt-pt\/wp-json\/wp\/v2\/types\/page"}],"author":[{"embeddable":true,"href":"https:\/\/www.moltexbaby.com\/pt-pt\/wp-json\/wp\/v2\/users\/6"}],"replies":[{"embeddable":true,"href":"https:\/\/www.moltexbaby.com\/pt-pt\/wp-json\/wp\/v2\/comments?post=7180"}],"version-history":[{"count":0,"href":"https:\/\/www.moltexbaby.com\/pt-pt\/wp-json\/wp\/v2\/pages\/7180\/revisions"}],"wp:attachment":[{"href":"https:\/\/www.moltexbaby.com\/pt-pt\/wp-json\/wp\/v2\/media?parent=7180"}],"wp:term":[{"taxonomy":"height","embeddable":true,"href":"https:\/\/www.moltexbaby.com\/pt-pt\/wp-json\/wp\/v2\/height?post=7180"},{"taxonomy":"weight","embeddable":true,"href":"https:\/\/www.moltexbaby.com\/pt-pt\/wp-json\/wp\/v2\/weight?post=7180"}],"curies":[{"name":"wp","href":"https:\/\/api.w.org\/{rel}","templated":true}]}}