{"id":7186,"date":"2020-07-23T08:00:31","date_gmt":"2020-07-23T08:00:31","guid":{"rendered":"https:\/\/www.moltexbaby.com\/?page_id=7186"},"modified":"2020-12-17T08:25:09","modified_gmt":"2020-12-17T08:25:09","slug":"infografias","status":"publish","type":"page","link":"https:\/\/www.moltexbaby.com\/pt-pt\/conselhos-animados\/infografias\/","title":{"rendered":"Infografias"},"content":{"rendered":"<div class=\"wpb-content-wrapper\"><p>[vc_row row_height_percent=&#8221;0&#8243; override_padding=&#8221;yes&#8221; h_padding=&#8221;2&#8243; top_padding=&#8221;1&#8243; bottom_padding=&#8221;2&#8243; overlay_alpha=&#8221;50&#8243; gutter_size=&#8221;3&#8243; column_width_percent=&#8221;100&#8243; shift_y=&#8221;0&#8243; z_index=&#8221;0&#8243;][vc_column column_width_use_pixel=&#8221;yes&#8221; align_horizontal=&#8221;align_center&#8221; gutter_size=&#8221;2&#8243; overlay_alpha=&#8221;50&#8243; shift_x=&#8221;0&#8243; shift_y=&#8221;0&#8243; shift_y_down=&#8221;0&#8243; z_index=&#8221;0&#8243; medium_width=&#8221;0&#8243; mobile_width=&#8221;0&#8243; width=&#8221;1\/1&#8243; column_width_pixel=&#8221;730&#8243;][vc_custom_heading]<span class=\"TextRun BCX0 SCXW72473682\" lang=\"PT-BR\" xml:lang=\"PT-BR\" data-contrast=\"auto\"><span class=\"NormalTextRun BCX0 SCXW72473682\">infografias<\/span><\/span>[\/vc_custom_heading][\/vc_column][\/vc_row][vc_row row_height_percent=&#8221;0&#8243; overlay_alpha=&#8221;50&#8243; gutter_size=&#8221;3&#8243; column_width_percent=&#8221;100&#8243; shift_y=&#8221;0&#8243; z_index=&#8221;0&#8243;][vc_column column_width_percent=&#8221;100&#8243; gutter_size=&#8221;1&#8243; overlay_alpha=&#8221;50&#8243; shift_x=&#8221;0&#8243; shift_y=&#8221;0&#8243; shift_y_down=&#8221;0&#8243; z_index=&#8221;0&#8243; medium_width=&#8221;0&#8243; mobile_width=&#8221;0&#8243; width=&#8221;1\/4&#8243;][vc_single_image media=&#8221;7206&#8243; media_width_percent=&#8221;100&#8243; alignment=&#8221;center&#8221;][vc_custom_heading heading_semantic=&#8221;h3&#8243; text_size=&#8221;h4&#8243; sub_reduced=&#8221;yes&#8221; subheading=&#8221;Tem chegado o momento de deixar de usar a fralda? Se pensas que teu filho est\u00e1 pronto para controlar seus esf\u00edncteres e come\u00e7ar usar a casa do banho, mas t\u00fa n\u00e3o sabes como fazer, continua esses conselhos.&#8221;]Pronto para parar de usar a fralda?[\/vc_custom_heading][vc_button button_color=&#8221;color-293417&#8243; size=&#8221;btn-link&#8221; outline=&#8221;yes&#8221; text_skin=&#8221;yes&#8221; border_width=&#8221;0&#8243; icon_position=&#8221;right&#8221; icon=&#8221;fa fa-download3&#8243; el_class=&#8221;download-btn&#8221; link=&#8221;url:https%3A%2F%2Fwww.moltexbaby.com%2Fwp-content%2Fuploads%2F2020%2F07%2Farchivo-1592556215-scaled.jpg|||&#8221; media_lightbox=&#8221;7288&#8243;]DESCARGAR[\/vc_button][\/vc_column][vc_column column_width_percent=&#8221;100&#8243; gutter_size=&#8221;1&#8243; overlay_alpha=&#8221;50&#8243; shift_x=&#8221;0&#8243; shift_y=&#8221;0&#8243; shift_y_down=&#8221;0&#8243; z_index=&#8221;0&#8243; medium_width=&#8221;0&#8243; mobile_width=&#8221;0&#8243; width=&#8221;1\/4&#8243;][vc_single_image media=&#8221;7214&#8243; media_width_percent=&#8221;100&#8243; alignment=&#8221;center&#8221;][vc_custom_heading heading_semantic=&#8221;h3&#8243; text_size=&#8221;h4&#8243; sub_reduced=&#8221;yes&#8221; subheading=&#8221;A alimenta\u00e7\u00e3o complementaria \u00e9 o processo pelo qual se oferecem ao lactente alimentos distintos da leite materna ou de f\u00f3rmula. Nos \u00faltimos anos as recomenda\u00e7\u00f5es t\u00eam mudado bastante, pelo que \u00e9 normal ter d\u00favidas.&#8221;]Introdu\u00e7\u00e3o de alimentos por idade[\/vc_custom_heading][vc_button button_color=&#8221;color-293417&#8243; size=&#8221;btn-link&#8221; outline=&#8221;yes&#8221; text_skin=&#8221;yes&#8221; border_width=&#8221;0&#8243; icon_position=&#8221;right&#8221; icon=&#8221;fa fa-download3&#8243; el_class=&#8221;download-btn&#8221; link=&#8221;url:https%3A%2F%2Fwww.moltexbaby.com%2Fwp-content%2Fuploads%2F2020%2F07%2Farchivo-1592556110-scaled.jpg|||&#8221; media_lightbox=&#8221;7280&#8243;]DESCARGAR[\/vc_button][\/vc_column][vc_column column_width_percent=&#8221;100&#8243; gutter_size=&#8221;1&#8243; overlay_alpha=&#8221;50&#8243; shift_x=&#8221;0&#8243; shift_y=&#8221;0&#8243; shift_y_down=&#8221;0&#8243; z_index=&#8221;0&#8243; medium_width=&#8221;0&#8243; mobile_width=&#8221;0&#8243; width=&#8221;1\/4&#8243;][vc_single_image media=&#8221;7222&#8243; media_width_percent=&#8221;100&#8243; alignment=&#8221;center&#8221;][vc_custom_heading heading_semantic=&#8221;h3&#8243; text_size=&#8221;h4&#8243; sub_reduced=&#8221;yes&#8221; subheading=&#8221;A pele do beb\u00e9 \u00e9 mais delicada do que a pele do adulto porque \u00e9 mais fina e muito sens\u00edvel \u00e0 toxicidade de ingredientes que existem em algunas cremes, unguentos e pomadas. Ali\u00e1s, praticamente n\u00e3o tem \u00aclme hidrolip\u00eddico, a capa de \u00e1gua e gordura que sirve como sistema de defesa contra a desidrata\u00e7\u00e3o.&#8221;]Como cuidar a pele do beb\u00e9?[\/vc_custom_heading][vc_button button_color=&#8221;color-293417&#8243; size=&#8221;btn-link&#8221; outline=&#8221;yes&#8221; text_skin=&#8221;yes&#8221; border_width=&#8221;0&#8243; icon_position=&#8221;right&#8221; icon=&#8221;fa fa-download3&#8243; el_class=&#8221;download-btn&#8221; link=&#8221;url:https%3A%2F%2Fwww.moltexbaby.com%2Fwp-content%2Fuploads%2F2020%2F07%2Farchivo-1592556026.jpg|||&#8221; media_lightbox=&#8221;7272&#8243;]DESCARGAR[\/vc_button][\/vc_column][vc_column column_width_percent=&#8221;100&#8243; gutter_size=&#8221;1&#8243; overlay_alpha=&#8221;50&#8243; shift_x=&#8221;0&#8243; shift_y=&#8221;0&#8243; shift_y_down=&#8221;0&#8243; z_index=&#8221;0&#8243; medium_width=&#8221;0&#8243; mobile_width=&#8221;0&#8243; width=&#8221;1\/4&#8243;][vc_single_image media=&#8221;7230&#8243; media_width_percent=&#8221;100&#8243; alignment=&#8221;center&#8221;][vc_custom_heading heading_semantic=&#8221;h3&#8243; text_size=&#8221;h4&#8243; sub_reduced=&#8221;yes&#8221; subheading=&#8221;\u00c9 importante que escolhas uma boa faralda para teu \u00aclho n\u00e3o s\u00f3 para que esteja confort\u00e1vel e durma bem, tamb\u00e9m para evitar a pele do traseiro avermelhada. Sabes o que deves ter em considera\u00e7\u00e3o quando vai comparar uma fralda?&#8221;]Chaves para escolher a fralda adequada[\/vc_custom_heading][vc_button button_color=&#8221;color-293417&#8243; size=&#8221;btn-link&#8221; outline=&#8221;yes&#8221; text_skin=&#8221;yes&#8221; border_width=&#8221;0&#8243; icon_position=&#8221;right&#8221; icon=&#8221;fa fa-download3&#8243; el_class=&#8221;download-btn&#8221; link=&#8221;url:https%3A%2F%2Fwww.moltexbaby.com%2Fwp-content%2Fuploads%2F2020%2F07%2Farchivo-1592309234.jpg|||&#8221; media_lightbox=&#8221;7264&#8243;]DESCARGAR[\/vc_button][\/vc_column][\/vc_row][vc_row][vc_column width=&#8221;1\/4&#8243;][vc_single_image media=&#8221;12449&#8243; media_width_percent=&#8221;100&#8243; alignment=&#8221;center&#8221;][vc_custom_heading heading_semantic=&#8221;h3&#8243; text_size=&#8221;h4&#8243; sub_reduced=&#8221;yes&#8221; subheading=&#8221;Trocar a fralda as primeiras vezes do teu rec\u00e9m-nascido pode ser muito complicado, por\u00e9m \u00e9 mais f\u00e1cil do que parece se sigues estes 5 passos.&#8221;]Como trocar a fralda em 5 passos[\/vc_custom_heading][vc_button button_color=&#8221;color-293417&#8243; size=&#8221;btn-link&#8221; outline=&#8221;yes&#8221; text_skin=&#8221;yes&#8221; border_width=&#8221;0&#8243; icon_position=&#8221;right&#8221; icon=&#8221;fa fa-download3&#8243; el_class=&#8221;download-btn&#8221; link=&#8221;url:https%3A%2F%2Fwww.moltexbaby.com%2Fwp-content%2Fuploads%2F2020%2F07%2Farchivo-1592309197.jpg|||&#8221; media_lightbox=&#8221;7256&#8243;]DESCARGAR[\/vc_button][\/vc_column][vc_column width=&#8221;1\/4&#8243;][vc_single_image media=&#8221;7246&#8243; media_width_percent=&#8221;100&#8243; alignment=&#8221;center&#8221;][vc_custom_heading heading_semantic=&#8221;h3&#8243; text_size=&#8221;h4&#8243; sub_reduced=&#8221;yes&#8221; subheading=&#8221;\u00c9 muito habitual nos beb\u00e9s, e na maioria dos casos \u00e9 consequ\u00eancia da irrita\u00e7\u00e3o da pele por causa da humidade, as mudan\u00e7as no pH da pele, o dano pelas prote\u00ednas resultantes das evacua\u00e7\u00f5es ou a infe\u00e7\u00e3o secund\u00e1ria.&#8221;]Como evitar a dermatite da fralda[\/vc_custom_heading][vc_button button_color=&#8221;color-293417&#8243; size=&#8221;btn-link&#8221; outline=&#8221;yes&#8221; text_skin=&#8221;yes&#8221; border_width=&#8221;0&#8243; icon_position=&#8221;right&#8221; icon=&#8221;fa fa-download3&#8243; el_class=&#8221;download-btn&#8221; link=&#8221;url:https%3A%2F%2Fwww.moltexbaby.com%2Fwp-content%2Fuploads%2F2020%2F07%2Farchivo-1592309156-scaled.jpg|||&#8221; media_lightbox=&#8221;7296&#8243;]DESCARGAR[\/vc_button][\/vc_column][vc_column width=&#8221;1\/4&#8243;][vc_single_image media=&#8221;12459&#8243; media_width_percent=&#8221;100&#8243; alignment=&#8221;center&#8221;][vc_custom_heading heading_semantic=&#8221;h3&#8243; text_size=&#8221;h4&#8243; sub_reduced=&#8221;yes&#8221; subheading=&#8221;A fralda ecol\u00f3gica \u00e9 a melhor alternativa para cuidar a pele do teu beb\u00e9 e, ao mesmo tempo, do meio ambiente. \u00c9 bom descobrires essas fraldas!&#8221;]O que \u00e9 uma fralda ecol\u00f3gica?[\/vc_custom_heading][vc_button button_color=&#8221;color-293417&#8243; size=&#8221;btn-link&#8221; outline=&#8221;yes&#8221; text_skin=&#8221;yes&#8221; border_width=&#8221;0&#8243; icon_position=&#8221;right&#8221; icon=&#8221;fa fa-download3&#8243; el_class=&#8221;download-btn&#8221; link=&#8221;url:https%3A%2F%2Fwww.moltexbaby.com%2Fwp-content%2Fuploads%2F2020%2F07%2Farchivo-1592309156-scaled.jpg|||&#8221; media_lightbox=&#8221;12468&#8243;]DESCARGAR[\/vc_button][\/vc_column][vc_column width=&#8221;1\/4&#8243;][vc_single_image media=&#8221;12478&#8243; media_width_percent=&#8221;100&#8243; alignment=&#8221;center&#8221;][vc_custom_heading heading_semantic=&#8221;h3&#8243; text_size=&#8221;h4&#8243; sub_reduced=&#8221;yes&#8221; subheading=&#8221;A enurese ou incontin\u00eancia urin\u00e1ria \u00e9 a persist\u00eancia de mic\u00e7\u00e3o sem controle al\u00e9m da idade na qual se alcan\u00e7a o controle da bexiga. Pode ser diurna ou noturna.&#8221;]Por que aparece a enurese em crian\u00e7as e qual \u00e9 seu tratamento?[\/vc_custom_heading][vc_button button_color=&#8221;color-293417&#8243; size=&#8221;btn-link&#8221; outline=&#8221;yes&#8221; text_skin=&#8221;yes&#8221; border_width=&#8221;0&#8243; icon_position=&#8221;right&#8221; icon=&#8221;fa fa-download3&#8243; el_class=&#8221;download-btn&#8221; link=&#8221;url:https%3A%2F%2Fwww.moltexbaby.com%2Fwp-content%2Fuploads%2F2020%2F07%2Farchivo-1592309156-scaled.jpg|||&#8221; media_lightbox=&#8221;12487&#8243;]DESCARGAR[\/vc_button][\/vc_column][\/vc_row][vc_row][vc_column width=&#8221;1\/4&#8243;][vc_single_image media=&#8221;12497&#8243; media_width_percent=&#8221;100&#8243; alignment=&#8221;center&#8221;][vc_custom_heading heading_semantic=&#8221;h3&#8243; text_size=&#8221;h4&#8243; sub_reduced=&#8221;yes&#8221; subheading=&#8221;A regra das 3 R da ecologia ensina princ\u00edpios b\u00e1sicos para cuidar ao meio ambiente: Reduzir, Reutilizar e Reciclar. Como explicar para as crian\u00e7as?&#8221;]As 3 R da ecologia[\/vc_custom_heading][vc_button button_color=&#8221;color-293417&#8243; size=&#8221;btn-link&#8221; outline=&#8221;yes&#8221; text_skin=&#8221;yes&#8221; border_width=&#8221;0&#8243; icon_position=&#8221;right&#8221; icon=&#8221;fa fa-download3&#8243; el_class=&#8221;download-btn&#8221; link=&#8221;url:https%3A%2F%2Fwww.moltexbaby.com%2Fwp-content%2Fuploads%2F2020%2F07%2Farchivo-1592309197.jpg|||&#8221; media_lightbox=&#8221;12506&#8243;]DESCARGAR[\/vc_button][\/vc_column][vc_column width=&#8221;1\/4&#8243;][vc_single_image media=&#8221;13105&#8243; media_width_percent=&#8221;100&#8243; alignment=&#8221;center&#8221;][vc_custom_heading heading_semantic=&#8221;h3&#8243; text_size=&#8221;h4&#8243; sub_reduced=&#8221;yes&#8221; subheading=&#8221;J\u00e1 ouviu falar do Baby Led Weaning, mas n\u00e3o sabe o que \u00e9 ou em que consiste? Aqui est\u00e3o as principais ideias sobre esta forma de alimenta\u00e7\u00e3o dirigida pelo beb\u00e9.&#8221;]Baby Led Weaning[\/vc_custom_heading][vc_button button_color=&#8221;color-293417&#8243; size=&#8221;btn-link&#8221; outline=&#8221;yes&#8221; text_skin=&#8221;yes&#8221; border_width=&#8221;0&#8243; icon_position=&#8221;right&#8221; icon=&#8221;fa fa-download3&#8243; el_class=&#8221;download-btn&#8221; link=&#8221;url:https%3A%2F%2Fwww.moltexbaby.com%2Fwp-content%2Fuploads%2F2020%2F07%2Farchivo-1592309197.jpg|||&#8221; media_lightbox=&#8221;13116&#8243;]DESCARGAR[\/vc_button][\/vc_column][vc_column width=&#8221;1\/4&#8243;][\/vc_column][vc_column width=&#8221;1\/4&#8243;][\/vc_column][\/vc_row]<\/p>\n<\/div>","protected":false},"excerpt":{"rendered":"<p>[vc_row row_height_percent=&#8221;0&#8243; override_padding=&#8221;yes&#8221; h_padding=&#8221;2&#8243; top_padding=&#8221;1&#8243; bottom_padding=&#8221;2&#8243; overlay_alpha=&#8221;50&#8243; gutter_size=&#8221;3&#8243; column_width_percent=&#8221;100&#8243; shift_y=&#8221;0&#8243; z_index=&#8221;0&#8243;][vc_column column_width_use_pixel=&#8221;yes&#8221; align_horizontal=&#8221;align_center&#8221; gutter_size=&#8221;2&#8243; overlay_alpha=&#8221;50&#8243; shift_x=&#8221;0&#8243; shift_y=&#8221;0&#8243; shift_y_down=&#8221;0&#8243; z_index=&#8221;0&#8243; medium_width=&#8221;0&#8243; [&hellip;]<\/p>\n","protected":false},"author":6,"featured_media":0,"parent":7180,"menu_order":23,"comment_status":"closed","ping_status":"closed","template":"","meta":{"_acf_changed":false,"footnotes":""},"height":[],"weight":[],"class_list":["post-7186","page","type-page","status-publish","hentry"],"acf":[],"_links":{"self":[{"href":"https:\/\/www.moltexbaby.com\/pt-pt\/wp-json\/wp\/v2\/pages\/7186","targetHints":{"allow":["GET"]}}],"collection":[{"href":"https:\/\/www.moltexbaby.com\/pt-pt\/wp-json\/wp\/v2\/pages"}],"about":[{"href":"https:\/\/www.moltexbaby.com\/pt-pt\/wp-json\/wp\/v2\/types\/page"}],"author":[{"embeddable":true,"href":"https:\/\/www.moltexbaby.com\/pt-pt\/wp-json\/wp\/v2\/users\/6"}],"replies":[{"embeddable":true,"href":"https:\/\/www.moltexbaby.com\/pt-pt\/wp-json\/wp\/v2\/comments?post=7186"}],"version-history":[{"count":0,"href":"https:\/\/www.moltexbaby.com\/pt-pt\/wp-json\/wp\/v2\/pages\/7186\/revisions"}],"up":[{"embeddable":true,"href":"https:\/\/www.moltexbaby.com\/pt-pt\/wp-json\/wp\/v2\/pages\/7180"}],"wp:attachment":[{"href":"https:\/\/www.moltexbaby.com\/pt-pt\/wp-json\/wp\/v2\/media?parent=7186"}],"wp:term":[{"taxonomy":"height","embeddable":true,"href":"https:\/\/www.moltexbaby.com\/pt-pt\/wp-json\/wp\/v2\/height?post=7186"},{"taxonomy":"weight","embeddable":true,"href":"https:\/\/www.moltexbaby.com\/pt-pt\/wp-json\/wp\/v2\/weight?post=7186"}],"curies":[{"name":"wp","href":"https:\/\/api.w.org\/{rel}","templated":true}]}}