{"id":7381,"date":"2020-07-23T22:04:22","date_gmt":"2020-07-23T22:04:22","guid":{"rendered":"https:\/\/www.moltexbaby.com\/?page_id=7381"},"modified":"2020-12-11T16:38:40","modified_gmt":"2020-12-11T16:38:40","slug":"muda-fraldas","status":"publish","type":"page","link":"https:\/\/www.moltexbaby.com\/pt-pt\/produtos-premium-comfort\/muda-fraldas\/","title":{"rendered":"Muda-fraldas"},"content":{"rendered":"<div class=\"wpb-content-wrapper\"><p>[vc_row row_height_percent=&#8221;0&#8243; overlay_alpha=&#8221;50&#8243; gutter_size=&#8221;2&#8243; column_width_percent=&#8221;100&#8243; shift_y=&#8221;0&#8243; z_index=&#8221;0&#8243;][vc_column column_width_use_pixel=&#8221;yes&#8221; align_horizontal=&#8221;align_center&#8221; gutter_size=&#8221;3&#8243; override_padding=&#8221;yes&#8221; column_padding=&#8221;3&#8243; back_color=&#8221;color-lxmt&#8221; overlay_alpha=&#8221;50&#8243; shift_x=&#8221;0&#8243; shift_y=&#8221;0&#8243; shift_y_down=&#8221;0&#8243; z_index=&#8221;0&#8243; medium_width=&#8221;0&#8243; mobile_width=&#8221;0&#8243; sticky=&#8221;yes&#8221; radius=&#8221;xl&#8221; width=&#8221;5\/12&#8243; column_width_pixel=&#8221;250&#8243;][uncode_list el_class=&#8221;type-list&#8221;]<\/p>\n<ul>\n<li class=\"product-category\">Muda-fraldas<\/li>\n<\/ul>\n<p>[\/uncode_list][vc_row_inner limit_content=&#8221;&#8221;][vc_column_inner width=&#8221;1\/1&#8243;][vc_gallery el_id=&#8221;gallery-454102&#8243; type=&#8221;carousel&#8221; medias=&#8221;3537&#8243; carousel_lg=&#8221;1&#8243; carousel_md=&#8221;1&#8243; carousel_sm=&#8221;1&#8243; thumb_size=&#8221;one-one&#8221; gutter_size=&#8221;3&#8243; media_items=&#8221;media|lightbox|original&#8221; carousel_v_align=&#8221;middle&#8221; carousel_interval=&#8221;3000&#8243; carousel_navspeed=&#8221;400&#8243; carousel_dots=&#8221;yes&#8221; carousel_dots_mobile=&#8221;yes&#8221; stage_padding=&#8221;0&#8243; single_overlay_opacity=&#8221;50&#8243; single_overlay_anim=&#8221;no&#8221; single_text_anim=&#8221;no&#8221; single_image_anim=&#8221;no&#8221; single_padding=&#8221;2&#8243; single_border=&#8221;yes&#8221;][\/vc_column_inner][\/vc_row_inner][\/vc_column][vc_column column_width_percent=&#8221;80&#8243; gutter_size=&#8221;2&#8243; overlay_alpha=&#8221;50&#8243; shift_x=&#8221;0&#8243; shift_y=&#8221;0&#8243; shift_y_down=&#8221;0&#8243; z_index=&#8221;0&#8243; medium_width=&#8221;0&#8243; mobile_width=&#8221;0&#8243; width=&#8221;7\/12&#8243; el_class=&#8221;bloc-product&#8221;][vc_empty_space empty_h=&#8221;2&#8243; mobile_visibility=&#8221;yes&#8221;][vc_row_inner row_inner_height_percent=&#8221;0&#8243; overlay_alpha=&#8221;50&#8243; equal_height=&#8221;yes&#8221; gutter_size=&#8221;3&#8243; shift_y=&#8221;0&#8243; z_index=&#8221;0&#8243; limit_content=&#8221;&#8221;][vc_column_inner column_width_percent=&#8221;100&#8243; position_vertical=&#8221;middle&#8221; gutter_size=&#8221;3&#8243; overlay_alpha=&#8221;50&#8243; shift_x=&#8221;0&#8243; shift_y=&#8221;0&#8243; shift_y_down=&#8221;0&#8243; z_index=&#8221;0&#8243; medium_width=&#8221;0&#8243; mobile_width=&#8221;5&#8243; width=&#8221;1\/1&#8243;][vc_custom_heading heading_semantic=&#8221;h1&#8243;]<span class=\"TextRun SCXW86047069 BCX0\" lang=\"ES-ES\" xml:lang=\"ES-ES\" data-contrast=\"auto\"><span class=\"NormalTextRun SCXW86047069 BCX0\" data-ccp-charstyle=\"spellingerror\">Muda-<\/span><\/span><span class=\"TextRun SCXW86047069 BCX0\" lang=\"ES-ES\" xml:lang=\"ES-ES\" data-contrast=\"auto\"><span class=\"NormalTextRun SpellingErrorV2 SCXW86047069 BCX0\" data-ccp-charstyle=\"spellingerror\">fraldas<\/span><\/span>[\/vc_custom_heading][\/vc_column_inner][\/vc_row_inner][vc_column_text]<span data-contrast=\"auto\">O muda-fraldas<\/span><span data-contrast=\"auto\">\u00a0Moltex Premium\u202f<\/span><span data-contrast=\"auto\">Comfort<\/span><span data-contrast=\"auto\">\u202f<\/span><span data-contrast=\"auto\">oferece prote\u00e7\u00e3o m\u00e1xima ao\u00a0<\/span><span data-contrast=\"auto\">t<\/span><span data-contrast=\"auto\">eu beb<\/span><span data-contrast=\"auto\">\u00e9<\/span><span data-contrast=\"auto\">, gra\u00e7as \u00e0 sua camada externa imperme\u00e1vel e seu tecido interno extra macio, testado dermatologicamente para garantir o cuidado\u00a0<\/span><span data-contrast=\"auto\">com a<\/span><span data-contrast=\"auto\">\u00a0pele. Muito pr\u00e1tico de usar em qualquer\u00a0<\/span><span data-contrast=\"auto\">s\u00edtio<\/span><span data-contrast=\"auto\">,\u00a0<\/span><span data-contrast=\"auto\">tu<\/span><span data-contrast=\"auto\">\u00a0pode<\/span><span data-contrast=\"auto\">s<\/span><span data-contrast=\"auto\">\u00a0<\/span><span data-contrast=\"auto\">trocar<\/span><span data-contrast=\"auto\">\u00a0teu<\/span><span data-contrast=\"auto\">\u00a0beb<\/span><span data-contrast=\"auto\">\u00e9<\/span><span data-contrast=\"auto\">\u00a0com total seguran\u00e7a.\u00a0<\/span><span data-contrast=\"auto\">Mudar<\/span><span data-contrast=\"auto\">\u00a0fraldas se tornar\u00e1 um momento de conex\u00e3o entre\u00a0<\/span><span data-contrast=\"auto\">teu beb\u00e9<\/span><span data-contrast=\"auto\">\u00a0e\u00a0<\/span><span data-contrast=\"auto\">tu<\/span><span data-contrast=\"auto\">\u00a0onde quer que esteja<\/span><span data-contrast=\"auto\">m<\/span><span data-contrast=\"auto\">.<\/span><span data-ccp-props=\"{&quot;134233117&quot;:true,&quot;134233118&quot;:true,&quot;201341983&quot;:0,&quot;335559740&quot;:240}\">\u00a0<\/span><\/p>\n<p><span data-contrast=\"auto\">Medidas: 60&#215;60<\/span><span data-ccp-props=\"{&quot;134233117&quot;:true,&quot;134233118&quot;:true,&quot;201341983&quot;:0,&quot;335559740&quot;:240}\">\u00a0<\/span>[\/vc_column_text][vc_button button_color=&#8221;color-293417&#8243; size=&#8221;btn-lg&#8221; radius=&#8221;btn-circle&#8221; border_width=&#8221;0&#8243; el_class=&#8221;btn-full&#8221; link=&#8221;url:https%3A%2F%2Fwww.moltexbaby.com%2Fpt-pt%2Fcompra%2F|||&#8221;]comprar[\/vc_button][vc_empty_space empty_h=&#8221;2&#8243;][vc_single_image media=&#8221;3055&#8243; media_width_percent=&#8221;100&#8243;][vc_empty_space empty_h=&#8221;2&#8243;][vc_custom_heading heading_semantic=&#8221;h4&#8243; text_size=&#8221;h3&#8243; text_weight=&#8221;400&#8243;]<span class=\"TextRun SCXW82666584 BCX0\" lang=\"ES-ES\" xml:lang=\"ES-ES\" data-contrast=\"auto\"><span class=\"NormalTextRun SCXW82666584 BCX0\" data-ccp-charstyle=\"spellingerror\" data-ccp-charstyle-defn=\"{&quot;ObjectId&quot;:&quot;24d102cf-3a9e-419b-b6d5-99bf05c79e73|51&quot;,&quot;Properties&quot;:[134233614,&quot;true&quot;,201340122,&quot;1&quot;,469775450,&quot;spellingerror&quot;,469778129,&quot;spellingerror&quot;],&quot;ClassId&quot;:1179649}\">Caracter\u00edsticas<\/span><\/span><span class=\"EOP SCXW82666584 BCX0\" data-ccp-props=\"{&quot;134233117&quot;:true,&quot;134233118&quot;:true,&quot;201341983&quot;:0,&quot;335559740&quot;:240}\">\u00a0<\/span>[\/vc_custom_heading][vc_empty_space empty_h=&#8221;0&#8243;][vc_icon position=&#8221;left&#8221; icon=&#8221;fa fa-star&#8221; icon_color=&#8221;color-293417&#8243; text_size=&#8221;h4&#8243;]<span class=\"TextRun SCXW101979859 BCX0\" lang=\"PT-BR\" xml:lang=\"PT-BR\" data-contrast=\"auto\"><span class=\"NormalTextRun SCXW101979859 BCX0\" data-ccp-charstyle=\"normaltextrun\" data-ccp-charstyle-defn=\"{&quot;ObjectId&quot;:&quot;24d102cf-3a9e-419b-b6d5-99bf05c79e73|52&quot;,&quot;Properties&quot;:[134233614,&quot;true&quot;,201340122,&quot;1&quot;,469775450,&quot;normaltextrun&quot;,469778129,&quot;normaltextrun&quot;],&quot;ClassId&quot;:1179649}\">Prote\u00e7\u00e3o m\u00e1xima com n\u00facleo absorvente que isola a umidade<\/span><\/span><span class=\"EOP SCXW101979859 BCX0\" data-ccp-props=\"{&quot;134233117&quot;:true,&quot;134233118&quot;:true,&quot;201341983&quot;:0,&quot;335559740&quot;:240}\">\u00a0<\/span>[\/vc_icon][vc_empty_space empty_h=&#8221;0&#8243;][vc_icon position=&#8221;left&#8221; icon=&#8221;fa fa-star&#8221; icon_color=&#8221;color-293417&#8243; text_size=&#8221;h4&#8243;]<span class=\"TextRun SCXW49561673 BCX0\" lang=\"PT-BR\" xml:lang=\"PT-BR\" data-contrast=\"auto\"><span class=\"NormalTextRun SCXW49561673 BCX0\" data-ccp-charstyle=\"normaltextrun\" data-ccp-charstyle-defn=\"{&quot;ObjectId&quot;:&quot;24d102cf-3a9e-419b-b6d5-99bf05c79e73|52&quot;,&quot;Properties&quot;:[134233614,&quot;true&quot;,201340122,&quot;1&quot;,469775450,&quot;normaltextrun&quot;,469778129,&quot;normaltextrun&quot;],&quot;ClassId&quot;:1179649}\">Camada externa imperme\u00e1vel que evita o vazamento do xixi<\/span><\/span><span class=\"EOP SCXW49561673 BCX0\" data-ccp-props=\"{&quot;134233117&quot;:true,&quot;134233118&quot;:true,&quot;201341983&quot;:0,&quot;335559740&quot;:240}\">\u00a0<\/span>[\/vc_icon][vc_empty_space empty_h=&#8221;0&#8243;][vc_icon position=&#8221;left&#8221; icon=&#8221;fa fa-star&#8221; icon_color=&#8221;color-293417&#8243; heading_semantic=&#8221;h4&#8243; text_size=&#8221;h4&#8243;]<span class=\"TextRun SCXW129301261 BCX0\" lang=\"PT-BR\" xml:lang=\"PT-BR\" data-contrast=\"auto\"><span class=\"NormalTextRun SCXW129301261 BCX0\" data-ccp-charstyle=\"normaltextrun\" data-ccp-charstyle-defn=\"{&quot;ObjectId&quot;:&quot;24d102cf-3a9e-419b-b6d5-99bf05c79e73|52&quot;,&quot;Properties&quot;:[134233614,&quot;true&quot;,201340122,&quot;1&quot;,469775450,&quot;normaltextrun&quot;,469778129,&quot;normaltextrun&quot;],&quot;ClassId&quot;:1179649}\">Tecido interno extra macio e dermatologicamente testado para o conforto do <\/span><\/span><span class=\"TextRun SCXW129301261 BCX0\" lang=\"PT-BR\" xml:lang=\"PT-BR\" data-contrast=\"auto\"><span class=\"NormalTextRun SCXW129301261 BCX0\" data-ccp-charstyle=\"normaltextrun\">teu beb\u00e9<\/span><\/span><span class=\"EOP SCXW129301261 BCX0\" data-ccp-props=\"{&quot;134233117&quot;:true,&quot;134233118&quot;:true,&quot;201341983&quot;:0,&quot;335559740&quot;:240}\">\u00a0<\/span>[\/vc_icon][vc_empty_space empty_h=&#8221;0&#8243;][vc_icon position=&#8221;left&#8221; icon=&#8221;fa fa-star&#8221; icon_color=&#8221;color-293417&#8243; text_size=&#8221;h4&#8243;]<span class=\"TextRun SCXW47020100 BCX0\" lang=\"PT-BR\" xml:lang=\"PT-BR\" data-contrast=\"auto\"><span class=\"NormalTextRun SCXW47020100 BCX0\" data-ccp-charstyle=\"normaltextrun\" data-ccp-charstyle-defn=\"{&quot;ObjectId&quot;:&quot;24d102cf-3a9e-419b-b6d5-99bf05c79e73|52&quot;,&quot;Properties&quot;:[134233614,&quot;true&quot;,201340122,&quot;1&quot;,469775450,&quot;normaltextrun&quot;,469778129,&quot;normaltextrun&quot;],&quot;ClassId&quot;:1179649}\">Multiuso<\/span><\/span>[\/vc_icon][vc_empty_space empty_h=&#8221;0&#8243;][vc_icon position=&#8221;left&#8221; icon=&#8221;fa fa-star&#8221; icon_color=&#8221;color-293417&#8243; text_size=&#8221;h4&#8243;]<span class=\"TextRun SCXW239101710 BCX0\" lang=\"PT-BR\" xml:lang=\"PT-BR\" data-contrast=\"auto\"><span class=\"NormalTextRun SCXW239101710 BCX0\" data-ccp-charstyle=\"normaltextrun\" data-ccp-charstyle-defn=\"{&quot;ObjectId&quot;:&quot;24d102cf-3a9e-419b-b6d5-99bf05c79e73|52&quot;,&quot;Properties&quot;:[134233614,&quot;true&quot;,201340122,&quot;1&quot;,469775450,&quot;normaltextrun&quot;,469778129,&quot;normaltextrun&quot;],&quot;ClassId&quot;:1179649}\">Para uso em qualquer lugar<\/span><\/span><span class=\"EOP SCXW239101710 BCX0\" data-ccp-props=\"{&quot;134233117&quot;:true,&quot;134233118&quot;:true,&quot;201341983&quot;:0,&quot;335559740&quot;:240}\">\u00a0<\/span>[\/vc_icon][vc_empty_space empty_h=&#8221;0&#8243;][vc_icon position=&#8221;left&#8221; icon=&#8221;fa fa-star&#8221; icon_color=&#8221;color-293417&#8243; text_size=&#8221;h4&#8243;]<span class=\"TextRun SCXW254096364 BCX0\" lang=\"PT-BR\" xml:lang=\"PT-BR\" data-contrast=\"auto\"><span class=\"NormalTextRun SCXW254096364 BCX0\" data-ccp-charstyle=\"normaltextrun\" data-ccp-charstyle-defn=\"{&quot;ObjectId&quot;:&quot;24d102cf-3a9e-419b-b6d5-99bf05c79e73|52&quot;,&quot;Properties&quot;:[134233614,&quot;true&quot;,201340122,&quot;1&quot;,469775450,&quot;normaltextrun&quot;,469778129,&quot;normaltextrun&quot;],&quot;ClassId&quot;:1179649}\">Testado dermatologicamente<\/span><\/span><span class=\"EOP SCXW254096364 BCX0\" data-ccp-props=\"{&quot;201341983&quot;:0,&quot;335559739&quot;:160,&quot;335559740&quot;:259}\">\u00a0<\/span>[\/vc_icon][vc_empty_space empty_h=&#8221;0&#8243;][vc_icon position=&#8221;left&#8221; icon=&#8221;fa fa-star&#8221; icon_color=&#8221;color-293417&#8243; text_size=&#8221;h4&#8243;]<span class=\"TextRun SCXW109883898 BCX0\" lang=\"PT-BR\" xml:lang=\"PT-BR\" data-contrast=\"auto\"><span class=\"NormalTextRun SCXW109883898 BCX0\" data-ccp-charstyle=\"normaltextrun\">C<\/span><\/span><span class=\"TextRun SCXW109883898 BCX0\" lang=\"PT-BR\" xml:lang=\"PT-BR\" data-contrast=\"auto\"><span class=\"NormalTextRun SCXW109883898 BCX0\" data-ccp-charstyle=\"normaltextrun\">ertificado PEFC \u2122 A celulose contida neste produto \u00e9 proveniente de florestas gerenciadas de forma sustent\u00e1vel e fontes controladas<\/span><\/span>[\/vc_icon][vc_empty_space empty_h=&#8221;0&#8243;][\/vc_column][\/vc_row][vc_row][vc_column width=&#8221;1\/1&#8243;][uncode_block id=&#8221;3275&#8243;][\/vc_column][\/vc_row]<\/p>\n<\/div>","protected":false},"excerpt":{"rendered":"<p>+20 KG<\/p>\n","protected":false},"author":6,"featured_media":3544,"parent":7355,"menu_order":87,"comment_status":"closed","ping_status":"closed","template":"","meta":{"_acf_changed":false,"footnotes":""},"height":[],"weight":[],"class_list":["post-7381","page","type-page","status-publish","has-post-thumbnail","hentry","page_category-muda-fraldas"],"acf":[],"_links":{"self":[{"href":"https:\/\/www.moltexbaby.com\/pt-pt\/wp-json\/wp\/v2\/pages\/7381","targetHints":{"allow":["GET"]}}],"collection":[{"href":"https:\/\/www.moltexbaby.com\/pt-pt\/wp-json\/wp\/v2\/pages"}],"about":[{"href":"https:\/\/www.moltexbaby.com\/pt-pt\/wp-json\/wp\/v2\/types\/page"}],"author":[{"embeddable":true,"href":"https:\/\/www.moltexbaby.com\/pt-pt\/wp-json\/wp\/v2\/users\/6"}],"replies":[{"embeddable":true,"href":"https:\/\/www.moltexbaby.com\/pt-pt\/wp-json\/wp\/v2\/comments?post=7381"}],"version-history":[{"count":0,"href":"https:\/\/www.moltexbaby.com\/pt-pt\/wp-json\/wp\/v2\/pages\/7381\/revisions"}],"up":[{"embeddable":true,"href":"https:\/\/www.moltexbaby.com\/pt-pt\/wp-json\/wp\/v2\/pages\/7355"}],"wp:featuredmedia":[{"embeddable":true,"href":"https:\/\/www.moltexbaby.com\/pt-pt\/wp-json\/wp\/v2\/media\/3544"}],"wp:attachment":[{"href":"https:\/\/www.moltexbaby.com\/pt-pt\/wp-json\/wp\/v2\/media?parent=7381"}],"wp:term":[{"taxonomy":"height","embeddable":true,"href":"https:\/\/www.moltexbaby.com\/pt-pt\/wp-json\/wp\/v2\/height?post=7381"},{"taxonomy":"weight","embeddable":true,"href":"https:\/\/www.moltexbaby.com\/pt-pt\/wp-json\/wp\/v2\/weight?post=7381"}],"curies":[{"name":"wp","href":"https:\/\/api.w.org\/{rel}","templated":true}]}}