{"id":7391,"date":"2020-07-29T22:38:26","date_gmt":"2020-07-29T22:38:26","guid":{"rendered":"https:\/\/www.moltexbaby.com\/?page_id=7391"},"modified":"2020-11-25T14:16:52","modified_gmt":"2020-11-25T14:16:52","slug":"t5-junior","status":"publish","type":"page","link":"https:\/\/www.moltexbaby.com\/pt-pt\/produtos-premium-comfort\/t5-junior\/","title":{"rendered":"T5 Junior"},"content":{"rendered":"<div class=\"wpb-content-wrapper\"><p>[vc_row row_height_percent=&#8221;0&#8243; overlay_alpha=&#8221;50&#8243; gutter_size=&#8221;2&#8243; column_width_percent=&#8221;100&#8243; shift_y=&#8221;0&#8243; z_index=&#8221;0&#8243;][vc_column column_width_use_pixel=&#8221;yes&#8221; align_horizontal=&#8221;align_center&#8221; gutter_size=&#8221;3&#8243; override_padding=&#8221;yes&#8221; column_padding=&#8221;3&#8243; back_color=&#8221;color-lxmt&#8221; overlay_alpha=&#8221;50&#8243; shift_x=&#8221;0&#8243; shift_y=&#8221;0&#8243; shift_y_down=&#8221;0&#8243; z_index=&#8221;0&#8243; medium_width=&#8221;0&#8243; mobile_width=&#8221;0&#8243; sticky=&#8221;yes&#8221; radius=&#8221;xl&#8221; width=&#8221;5\/12&#8243; column_width_pixel=&#8221;250&#8243;][uncode_list el_class=&#8221;type-list&#8221;]<\/p>\n<ul>\n<li class=\"product-category\">fraldas<\/li>\n<li class=\"junior\">T5 junior<\/li>\n<\/ul>\n<p>[\/uncode_list][vc_row_inner limit_content=&#8221;&#8221;][vc_column_inner width=&#8221;1\/1&#8243;][vc_gallery el_id=&#8221;gallery-454102&#8243; type=&#8221;carousel&#8221; medias=&#8221;3392,3400,3408&#8243; carousel_lg=&#8221;1&#8243; carousel_md=&#8221;1&#8243; carousel_sm=&#8221;1&#8243; thumb_size=&#8221;one-one&#8221; gutter_size=&#8221;3&#8243; media_items=&#8221;media|lightbox|original&#8221; carousel_v_align=&#8221;middle&#8221; carousel_interval=&#8221;3000&#8243; carousel_navspeed=&#8221;400&#8243; carousel_dots=&#8221;yes&#8221; carousel_dots_mobile=&#8221;yes&#8221; stage_padding=&#8221;0&#8243; single_overlay_opacity=&#8221;50&#8243; single_overlay_anim=&#8221;no&#8221; single_text_anim=&#8221;no&#8221; single_image_anim=&#8221;no&#8221; single_padding=&#8221;2&#8243; single_border=&#8221;yes&#8221;][\/vc_column_inner][\/vc_row_inner][\/vc_column][vc_column column_width_percent=&#8221;80&#8243; gutter_size=&#8221;2&#8243; overlay_alpha=&#8221;50&#8243; shift_x=&#8221;0&#8243; shift_y=&#8221;0&#8243; shift_y_down=&#8221;0&#8243; z_index=&#8221;0&#8243; medium_width=&#8221;0&#8243; mobile_width=&#8221;0&#8243; width=&#8221;7\/12&#8243; el_class=&#8221;bloc-product&#8221;][vc_empty_space empty_h=&#8221;2&#8243; mobile_visibility=&#8221;yes&#8221;][vc_row_inner row_inner_height_percent=&#8221;0&#8243; overlay_alpha=&#8221;50&#8243; equal_height=&#8221;yes&#8221; gutter_size=&#8221;3&#8243; shift_y=&#8221;0&#8243; z_index=&#8221;0&#8243; limit_content=&#8221;&#8221;][vc_column_inner column_width_percent=&#8221;100&#8243; position_vertical=&#8221;middle&#8221; gutter_size=&#8221;3&#8243; overlay_alpha=&#8221;50&#8243; shift_x=&#8221;0&#8243; shift_y=&#8221;0&#8243; shift_y_down=&#8221;0&#8243; z_index=&#8221;0&#8243; medium_width=&#8221;0&#8243; mobile_width=&#8221;5&#8243; width=&#8221;1\/1&#8243;][vc_custom_heading heading_semantic=&#8221;h1&#8243;]T5 Junior[\/vc_custom_heading][\/vc_column_inner][\/vc_row_inner][vc_column_text]<span data-contrast=\"auto\">O tamanho 5 Junior \u00e9 <\/span><span data-contrast=\"auto\">desenhado<\/span><span data-contrast=\"auto\">\u00a0especialmente para be<\/span><span data-contrast=\"auto\">b\u00e9<\/span><span data-contrast=\"auto\">s entre 13 e 18 kg.<\/span><span data-ccp-props=\"{&quot;201341983&quot;:0,&quot;335559739&quot;:160,&quot;335559740&quot;:259}\">\u00a0<\/span><\/p>\n<p><span data-contrast=\"auto\">Parece que\u00a0<\/span><span data-contrast=\"auto\">t<\/span><span data-contrast=\"auto\">eu\u00a0<\/span><span data-contrast=\"auto\">pequeno\u00a0<\/span><span data-contrast=\"auto\">nasceu ontem, mas o tempo voa muito r\u00e1pido&#8230; Eles gostam de brincar e descobrir, s\u00e3o ativos e felizes.<\/span><span data-contrast=\"auto\">\u00a0<\/span><span data-contrast=\"auto\">N\u00e3o perca nossos designs modernos nas fraldas Moltex Premium Comfort! Nosso\u00a0<\/span><span data-contrast=\"auto\">ursinho<\/span><span data-contrast=\"auto\">\u00a0Vito acompanhar\u00e1\u00a0<\/span><span data-contrast=\"auto\">t<\/span><span data-contrast=\"auto\">eu beb<\/span><span data-contrast=\"auto\">\u00e9<\/span><span data-contrast=\"auto\">\u00a0em seu desenvolvimento para estimular sua criatividade e imagina\u00e7\u00e3o.<\/span><span data-ccp-props=\"{&quot;201341983&quot;:0,&quot;335559739&quot;:160,&quot;335559740&quot;:259}\">\u00a0<\/span>[\/vc_column_text][vc_button button_color=&#8221;color-293417&#8243; size=&#8221;btn-lg&#8221; radius=&#8221;btn-circle&#8221; border_width=&#8221;0&#8243; el_class=&#8221;btn-full&#8221; link=&#8221;url:https%3A%2F%2Fwww.moltexbaby.com%2Fpt-pt%2Fcompra%2F|||&#8221;]comprar[\/vc_button][vc_empty_space empty_h=&#8221;2&#8243;][vc_custom_heading heading_semantic=&#8221;h4&#8243; text_size=&#8221;h4&#8243;]<span class=\"TextRun SCXW263779811 BCX0\" lang=\"PT-BR\" xml:lang=\"PT-BR\" data-contrast=\"auto\"><span class=\"NormalTextRun SCXW263779811 BCX0\">Tamb\u00e9m dispon\u00edvel em outros tamanhos:<\/span><\/span>[\/vc_custom_heading][uncode_list el_class=&#8221;type-list&#8221;]<\/p>\n<ul>\n<li class=\"XL\">T6 XL<\/li>\n<\/ul>\n<p>[\/uncode_list][vc_empty_space empty_h=&#8221;2&#8243;][vc_single_image media=&#8221;3055&#8243; media_width_percent=&#8221;100&#8243;][vc_empty_space empty_h=&#8221;2&#8243;][vc_custom_heading heading_semantic=&#8221;h4&#8243; text_size=&#8221;h3&#8243; text_weight=&#8221;400&#8243;]Caracteristicas[\/vc_custom_heading][vc_empty_space empty_h=&#8221;0&#8243;][vc_icon position=&#8221;left&#8221; icon_image=&#8221;3075&#8243; icon_color=&#8221;color-wvjs&#8221; media_size=&#8221;60&#8243; text_size=&#8221;h4&#8243;]Gra\u00e7as a uma combina\u00e7\u00e3o de nossa tecnologia patenteada de canal com um sistema exclusivo de secagem instant\u00e2nea, as fraldas Moltex Premium Comfort agora secam at\u00e9 2 vezes mais r\u00e1pido que nossa fralda anterior[\/vc_icon][vc_empty_space empty_h=&#8221;0&#8243;][vc_icon position=&#8221;left&#8221; icon_image=&#8221;3099&#8243; icon_color=&#8221;color-wvjs&#8221; media_size=&#8221;60&#8243; text_size=&#8221;h4&#8243;]At\u00e9 12 horas de prote\u00e7\u00e3o, para que\u00a0teu beb\u00e9\u00a0possa\u00a0aproveitar\u00a0de forma confort\u00e1vel e\u00a0livre[\/vc_icon][vc_empty_space empty_h=&#8221;0&#8243;][vc_icon position=&#8221;left&#8221; icon_image=&#8221;7609&#8243; icon_color=&#8221;color-wvjs&#8221; media_size=&#8221;60&#8243; heading_semantic=&#8221;h4&#8243; text_size=&#8221;h4&#8243;]As\u00a0coberturas\u00a0interna e externa s\u00e3o feitas de materiais macios\u00a0[\/vc_icon][vc_empty_space empty_h=&#8221;0&#8243;][vc_icon position=&#8221;left&#8221; icon_image=&#8221;7618&#8243; icon_color=&#8221;color-wvjs&#8221; media_size=&#8221;56&#8243; text_size=&#8221;h4&#8243;]O\u00a0tecido\u00a0em contato com a pele \u00e9 testado\u00a0dermatologicamente[\/vc_icon][vc_empty_space empty_h=&#8221;0&#8243;][vc_icon position=&#8221;left&#8221; icon_image=&#8221;7585&#8243; icon_color=&#8221;color-wvjs&#8221; media_size=&#8221;60&#8243; text_size=&#8221;h4&#8243;]A cintura el\u00e1stica permite\u00a0que o\u00a0teu\u00a0pequeno\u00a0se sinta confort\u00e1vel, com um ajuste perfeito\u00a0da fralda ao corpo[\/vc_icon][vc_empty_space empty_h=&#8221;0&#8243;][vc_icon position=&#8221;left&#8221; icon_image=&#8221;7601&#8243; icon_color=&#8221;color-wvjs&#8221; media_size=&#8221;60&#8243; text_size=&#8221;h4&#8243;]O indicador de umidade\u00a0te\u00a0alerta sobre o ac\u00famulo de l\u00edquidos, facilitando\u00a0tua vida e reduzindo trocas desnecess\u00e1rias de fraldas\u00a0[\/vc_icon][vc_empty_space empty_h=&#8221;0&#8243;][vc_custom_heading heading_semantic=&#8221;h4&#8243; text_size=&#8221;h3&#8243; text_weight=&#8221;400&#8243;]<span class=\"TextRun SCXW21469175 BCX0\" lang=\"EN-GB\" xml:lang=\"EN-GB\" data-contrast=\"auto\"><span class=\"NormalTextRun SpellingErrorV2 SCXW21469175 BCX0\">Nosso<\/span><\/span><span class=\"TextRun SCXW21469175 BCX0\" lang=\"EN-GB\" xml:lang=\"EN-GB\" data-contrast=\"auto\"><span class=\"NormalTextRun SCXW21469175 BCX0\">\u00a0<\/span><\/span><span class=\"TextRun SCXW21469175 BCX0\" lang=\"EN-GB\" xml:lang=\"EN-GB\" data-contrast=\"auto\"><span class=\"NormalTextRun SCXW21469175 BCX0\">design\u00a0<\/span><\/span><span class=\"TextRun SCXW21469175 BCX0\" lang=\"EN-GB\" xml:lang=\"EN-GB\" data-contrast=\"auto\"><span class=\"NormalTextRun SCXW21469175 BCX0\">en<\/span><\/span><span class=\"TextRun SCXW21469175 BCX0\" lang=\"EN-GB\" xml:lang=\"EN-GB\" data-contrast=\"auto\"><span class=\"NormalTextRun SCXW21469175 BCX0\"> T5 Junior:<\/span><\/span>[\/vc_custom_heading][vc_single_image media=&#8221;3384&#8243; media_width_percent=&#8221;100&#8243;][\/vc_column][\/vc_row][vc_row][vc_column width=&#8221;1\/1&#8243;][uncode_block id=&#8221;3275&#8243;][\/vc_column][\/vc_row]<\/p>\n<\/div>","protected":false},"excerpt":{"rendered":"<p>13-18 KG<\/p>\n","protected":false},"author":6,"featured_media":3399,"parent":7355,"menu_order":92,"comment_status":"closed","ping_status":"closed","template":"","meta":{"_acf_changed":false,"footnotes":""},"height":[6447],"weight":[6500],"class_list":["post-7391","page","type-page","status-publish","has-post-thumbnail","hentry","height-95-115-cm-pt-pt","weight-13-18-kg-pt-pt","page_category-fraldas"],"acf":[],"_links":{"self":[{"href":"https:\/\/www.moltexbaby.com\/pt-pt\/wp-json\/wp\/v2\/pages\/7391","targetHints":{"allow":["GET"]}}],"collection":[{"href":"https:\/\/www.moltexbaby.com\/pt-pt\/wp-json\/wp\/v2\/pages"}],"about":[{"href":"https:\/\/www.moltexbaby.com\/pt-pt\/wp-json\/wp\/v2\/types\/page"}],"author":[{"embeddable":true,"href":"https:\/\/www.moltexbaby.com\/pt-pt\/wp-json\/wp\/v2\/users\/6"}],"replies":[{"embeddable":true,"href":"https:\/\/www.moltexbaby.com\/pt-pt\/wp-json\/wp\/v2\/comments?post=7391"}],"version-history":[{"count":0,"href":"https:\/\/www.moltexbaby.com\/pt-pt\/wp-json\/wp\/v2\/pages\/7391\/revisions"}],"up":[{"embeddable":true,"href":"https:\/\/www.moltexbaby.com\/pt-pt\/wp-json\/wp\/v2\/pages\/7355"}],"wp:featuredmedia":[{"embeddable":true,"href":"https:\/\/www.moltexbaby.com\/pt-pt\/wp-json\/wp\/v2\/media\/3399"}],"wp:attachment":[{"href":"https:\/\/www.moltexbaby.com\/pt-pt\/wp-json\/wp\/v2\/media?parent=7391"}],"wp:term":[{"taxonomy":"height","embeddable":true,"href":"https:\/\/www.moltexbaby.com\/pt-pt\/wp-json\/wp\/v2\/height?post=7391"},{"taxonomy":"weight","embeddable":true,"href":"https:\/\/www.moltexbaby.com\/pt-pt\/wp-json\/wp\/v2\/weight?post=7391"}],"curies":[{"name":"wp","href":"https:\/\/api.w.org\/{rel}","templated":true}]}}