{"id":7407,"date":"2020-07-25T23:48:34","date_gmt":"2020-07-25T23:48:34","guid":{"rendered":"https:\/\/www.moltexbaby.com\/?page_id=7407"},"modified":"2025-07-29T09:54:57","modified_gmt":"2025-07-29T09:54:57","slug":"t5-junior","status":"publish","type":"page","link":"https:\/\/www.moltexbaby.com\/pt-pt\/produtos-pure-nature\/t5-junior\/","title":{"rendered":"T5 Junior"},"content":{"rendered":"<div class=\"wpb-content-wrapper\"><p>[vc_row row_height_percent=&#8221;0&#8243; overlay_alpha=&#8221;50&#8243; gutter_size=&#8221;2&#8243; column_width_percent=&#8221;100&#8243; shift_y=&#8221;0&#8243; z_index=&#8221;0&#8243;][vc_column column_width_use_pixel=&#8221;yes&#8221; align_horizontal=&#8221;align_center&#8221; gutter_size=&#8221;3&#8243; override_padding=&#8221;yes&#8221; column_padding=&#8221;3&#8243; back_color=&#8221;color-lxmt&#8221; overlay_alpha=&#8221;50&#8243; shift_x=&#8221;0&#8243; shift_y=&#8221;0&#8243; shift_y_down=&#8221;0&#8243; z_index=&#8221;0&#8243; medium_width=&#8221;0&#8243; mobile_width=&#8221;0&#8243; sticky=&#8221;yes&#8221; radius=&#8221;xl&#8221; width=&#8221;5\/12&#8243; column_width_pixel=&#8221;250&#8243;][uncode_list el_class=&#8221;type-list&#8221;]<\/p>\n<ul>\n<li class=\"product-category\">Fraldas<\/li>\n<li class=\"junior\">T5 junior<\/li>\n<\/ul>\n<p>[\/uncode_list][vc_row_inner limit_content=&#8221;&#8221;][vc_column_inner width=&#8221;1\/1&#8243;][vc_gallery el_id=&#8221;gallery-454102&#8243; type=&#8221;carousel&#8221; medias=&#8221;7838,7846,7830&#8243; carousel_lg=&#8221;1&#8243; carousel_md=&#8221;1&#8243; carousel_sm=&#8221;1&#8243; thumb_size=&#8221;one-one&#8221; gutter_size=&#8221;3&#8243; media_items=&#8221;media|lightbox|original&#8221; carousel_v_align=&#8221;middle&#8221; carousel_interval=&#8221;3000&#8243; carousel_navspeed=&#8221;400&#8243; carousel_dots=&#8221;yes&#8221; carousel_dots_mobile=&#8221;yes&#8221; stage_padding=&#8221;0&#8243; single_overlay_opacity=&#8221;50&#8243; single_overlay_anim=&#8221;no&#8221; single_text_anim=&#8221;no&#8221; single_image_anim=&#8221;no&#8221; single_padding=&#8221;2&#8243; single_border=&#8221;yes&#8221;][\/vc_column_inner][\/vc_row_inner][\/vc_column][vc_column column_width_percent=&#8221;80&#8243; gutter_size=&#8221;2&#8243; overlay_alpha=&#8221;50&#8243; shift_x=&#8221;0&#8243; shift_y=&#8221;0&#8243; shift_y_down=&#8221;0&#8243; z_index=&#8221;0&#8243; medium_width=&#8221;0&#8243; mobile_width=&#8221;0&#8243; width=&#8221;7\/12&#8243; el_class=&#8221;bloc-product&#8221;][vc_empty_space empty_h=&#8221;2&#8243; mobile_visibility=&#8221;yes&#8221;][vc_row_inner row_inner_height_percent=&#8221;0&#8243; overlay_alpha=&#8221;50&#8243; equal_height=&#8221;yes&#8221; gutter_size=&#8221;3&#8243; shift_y=&#8221;0&#8243; z_index=&#8221;0&#8243; limit_content=&#8221;&#8221;][vc_column_inner column_width_percent=&#8221;100&#8243; position_vertical=&#8221;middle&#8221; gutter_size=&#8221;3&#8243; overlay_alpha=&#8221;50&#8243; shift_x=&#8221;0&#8243; shift_y=&#8221;0&#8243; shift_y_down=&#8221;0&#8243; z_index=&#8221;0&#8243; medium_width=&#8221;0&#8243; mobile_width=&#8221;5&#8243; width=&#8221;2\/3&#8243;][vc_custom_heading heading_semantic=&#8221;h1&#8243;]T5 Junior[\/vc_custom_heading][\/vc_column_inner][vc_column_inner column_width_percent=&#8221;100&#8243; position_vertical=&#8221;middle&#8221; gutter_size=&#8221;3&#8243; overlay_alpha=&#8221;50&#8243; shift_x=&#8221;0&#8243; shift_y=&#8221;0&#8243; shift_y_down=&#8221;0&#8243; z_index=&#8221;0&#8243; medium_width=&#8221;0&#8243; mobile_width=&#8221;3&#8243; width=&#8221;1\/3&#8243;][vc_single_image media=&#8221;1244&#8243; media_width_use_pixel=&#8221;yes&#8221; alignment=&#8221;right&#8221; media_width_pixel=&#8221;60&#8243;][\/vc_column_inner][\/vc_row_inner][vc_column_text uncode_shortcode_id=&#8221;325115&#8243;]<span data-contrast=\"auto\">As fraldas tamanho 5 Junior s\u00e3o concebidas para crian\u00e7as entre os 1<\/span><span data-contrast=\"auto\">3<\/span><span data-contrast=\"auto\">\u00a0e os\u00a0<\/span><span data-contrast=\"auto\">18<\/span><span data-contrast=\"auto\">\u00a0kg.<\/span><span data-ccp-props=\"{&quot;201341983&quot;:0,&quot;335559739&quot;:160,&quot;335559740&quot;:360}\">\u00a0<\/span><\/p>\n<p><span data-contrast=\"auto\">Parece que ainda foi ontem que o\u00a0<\/span><span data-contrast=\"auto\">t<\/span><span data-contrast=\"auto\">eu filho nasceu, mas o tempo passa t\u00e3o depressa\u2026 Eles gostam de brincar e partir \u00e0 descoberta na natureza<\/span><span data-contrast=\"auto\">.\u00a0<\/span><span data-contrast=\"auto\">N<\/span><span data-contrast=\"auto\">ossos designs modernos s\u00e3o desenvolvidos para estimular a criatividade e imagina\u00e7\u00e3o.<\/span><span data-contrast=\"auto\">\u00a0<\/span><span data-ccp-props=\"{&quot;201341983&quot;:0,&quot;335559739&quot;:160,&quot;335559740&quot;:360}\">\u00a0<\/span><\/p>\n<p><span data-contrast=\"auto\">Al\u00e9m disso, as\u00a0<\/span><span data-contrast=\"auto\">nossas fraldas ecol\u00f3gicas s\u00e3o elaboradas a partir de eletricidade 100% verde<\/span><span data-contrast=\"auto\">,\u00a0<\/span><span data-contrast=\"auto\">protegendo n\u00e3o s\u00f3 teu<\/span><span data-contrast=\"auto\"> beb\u00e9 mas tamb\u00e9m o planeta.<\/span>[\/vc_column_text][vc_button button_color=&#8221;color-849171&#8243; size=&#8221;btn-lg&#8221; radius=&#8221;btn-circle&#8221; border_width=&#8221;0&#8243; el_class=&#8221;btn-full&#8221; link=&#8221;url:https%3A%2F%2Fwww.moltexbaby.com%2Fes%2Fcomprar|||&#8221;]comprar[\/vc_button][vc_empty_space empty_h=&#8221;2&#8243;][vc_custom_heading heading_semantic=&#8221;h4&#8243; text_size=&#8221;h4&#8243;]Tambi\u00e9n disponible en otras tallas:[\/vc_custom_heading][uncode_list el_class=&#8221;type-list&#8221;]<\/p>\n<ul>\n<li class=\"xl\">T6 XL<\/li>\n<\/ul>\n<p>[\/uncode_list][uncode_block id=&#8221;12122&#8243; inside_column=&#8221;yes&#8221;][vc_empty_space empty_h=&#8221;2&#8243;][vc_single_image media=&#8221;3726&#8243; media_width_use_pixel=&#8221;yes&#8221; media_width_pixel=&#8221;190&#8243;][vc_empty_space empty_h=&#8221;2&#8243;][vc_custom_heading heading_semantic=&#8221;h4&#8243; text_size=&#8221;h3&#8243; text_weight=&#8221;400&#8243;]Caracteristicas[\/vc_custom_heading][vc_empty_space empty_h=&#8221;0&#8243;][vc_icon position=&#8221;left&#8221; icon_image=&#8221;1226&#8243; icon_color=&#8221;color-wvjs&#8221; media_size=&#8221;60&#8243; text_size=&#8221;h4&#8243; title=&#8221;<b>100%<\/b> de origem natural&#8221; uncode_shortcode_id=&#8221;138473&#8243; icon_color_type=&#8221;uncode-palette&#8221;]<span class=\"TextRun SCXW141656311 BCX0\" lang=\"PT\" xml:lang=\"PT\" data-contrast=\"auto\"><span class=\"NormalTextRun SCXW141656311 BCX0\">C<\/span><\/span><span class=\"TextRun SCXW141656311 BCX0\" lang=\"PT\" xml:lang=\"PT\" data-contrast=\"auto\"><span class=\"NormalTextRun SCXW141656311 BCX0\">amada interior supermacia derivada de milho e cana-de-a\u00e7\u00facar sustent\u00e1veis<\/span><\/span>[\/vc_icon][vc_empty_space empty_h=&#8221;0&#8243;][vc_icon position=&#8221;left&#8221; icon_image=&#8221;1210&#8243; icon_color=&#8221;color-wvjs&#8221; media_size=&#8221;60&#8243; text_size=&#8221;h4&#8243; title=&#8221;<b>Conforto<\/b> imediato da pele&#8221;]<span class=\"TextRun SCXW166322464 BCX0\" lang=\"PT\" xml:lang=\"PT\" data-contrast=\"auto\"><span class=\"NormalTextRun SCXW166322464 BCX0\">Gra\u00e7as \u00e0 combina\u00e7\u00e3o de nossa tecnologia de canal patenteada com um sistema de secagem instant\u00e2nea exclusivo<\/span><\/span>[\/vc_icon][vc_empty_space empty_h=&#8221;0&#8243;][vc_icon position=&#8221;left&#8221; icon_image=&#8221;1178&#8243; icon_color=&#8221;color-wvjs&#8221; media_size=&#8221;60&#8243; text_size=&#8221;h4&#8243; title=&#8221;<b>Suave<\/b> para a pele&#8221;]<span class=\"TextRun SCXW8583821 BCX0\" lang=\"PT\" xml:lang=\"PT\" data-contrast=\"auto\"><span class=\"NormalTextRun SCXW8583821 BCX0\">com ingredientes naturais isentos de l\u00e1tex natural, lo\u00e7\u00e3o e fragr\u00e2ncias<\/span><\/span><span class=\"EOP SCXW8583821 BCX0\" data-ccp-props=\"{&quot;201341983&quot;:0,&quot;335559740&quot;:259}\">\u00a0<\/span>[\/vc_icon][vc_empty_space empty_h=&#8221;0&#8243;][vc_icon position=&#8221;left&#8221; icon_image=&#8221;1785&#8243; icon_color=&#8221;color-wvjs&#8221; media_size=&#8221;60&#8243; heading_semantic=&#8221;h4&#8243; text_size=&#8221;h4&#8243; title=&#8221;<b>Pele<\/b> fresca&#8221;]Gra\u00e7as a materiais respir\u00e1veis que facilitam a circula\u00e7\u00e3o de ar[\/vc_icon][vc_empty_space empty_h=&#8221;0&#8243;][vc_icon position=&#8221;left&#8221; icon_image=&#8221;1218&#8243; icon_color=&#8221;color-wvjs&#8221; media_size=&#8221;60&#8243; text_size=&#8221;h4&#8243; title=&#8221;<b>Completamente<\/b> isento de cloro&#8221;]<span class=\"TextRun SCXW64275953 BCX0\" lang=\"PT\" xml:lang=\"PT\" data-contrast=\"auto\"><span class=\"NormalTextRun SCXW64275953 BCX0\">Celulose proveniente de florestas geridas de forma respons\u00e1vel e certificada pela FSC\u00ae<\/span><\/span>[\/vc_icon][vc_empty_space empty_h=&#8221;0&#8243;][vc_icon position=&#8221;left&#8221; icon_image=&#8221;1194&#8243; icon_color=&#8221;color-wvjs&#8221; media_size=&#8221;60&#8243; text_size=&#8221;h4&#8243; title=&#8221;<b>Algod\u00e3o<\/b> macio&#8221;]<span class=\"TextRun SCXW115934894 BCX0\" lang=\"PT-BR\" xml:lang=\"PT-BR\" data-contrast=\"auto\"><span class=\"NormalTextRun SCXW115934894 BCX0\">Os selos\u00a0<\/span><\/span><span class=\"TextRun SCXW115934894 BCX0\" lang=\"PT-BR\" xml:lang=\"PT-BR\" data-contrast=\"auto\"><span class=\"NormalTextRun SpellingErrorV2 SCXW115934894 BCX0\">algodao<\/span><\/span><span class=\"TextRun SCXW115934894 BCX0\" lang=\"PT-BR\" xml:lang=\"PT-BR\" data-contrast=\"auto\"><span class=\"NormalTextRun SCXW115934894 BCX0\">\u00a0<\/span><\/span><span class=\"TextRun SCXW115934894 BCX0\" lang=\"PT-BR\" xml:lang=\"PT-BR\" data-contrast=\"auto\"><span class=\"NormalTextRun SCXW115934894 BCX0\">e\u00a0<\/span><\/span><span class=\"TextRun SCXW115934894 BCX0\" lang=\"PT-BR\" xml:lang=\"PT-BR\" data-contrast=\"auto\"><span class=\"NormalTextRun SpellingErrorV2 SCXW115934894 BCX0\">C<\/span><\/span><span class=\"TextRun SCXW115934894 BCX0\" lang=\"PT-BR\" xml:lang=\"PT-BR\" data-contrast=\"auto\"><span class=\"NormalTextRun SpellingErrorV2 SCXW115934894 BCX0\">otton<\/span><\/span><span class=\"TextRun SCXW115934894 BCX0\" lang=\"PT-BR\" xml:lang=\"PT-BR\" data-contrast=\"auto\"><span class=\"NormalTextRun SCXW115934894 BCX0\">\u00a0<\/span><\/span><span class=\"TextRun SCXW115934894 BCX0\" lang=\"PT-BR\" xml:lang=\"PT-BR\" data-contrast=\"auto\"><span class=\"NormalTextRun SpellingErrorV2 SCXW115934894 BCX0\">E<\/span><\/span><span class=\"TextRun SCXW115934894 BCX0\" lang=\"PT-BR\" xml:lang=\"PT-BR\" data-contrast=\"auto\"><span class=\"NormalTextRun SpellingErrorV2 SCXW115934894 BCX0\">nhanced<\/span><\/span><span class=\"TextRun SCXW115934894 BCX0\" lang=\"PT-BR\" xml:lang=\"PT-BR\" data-contrast=\"auto\"><span class=\"NormalTextRun SCXW115934894 BCX0\">\u2122 s\u00e3o marcas da\u00a0<\/span><\/span><span class=\"TextRun SCXW115934894 BCX0\" lang=\"PT-BR\" xml:lang=\"PT-BR\" data-contrast=\"auto\"><span class=\"NormalTextRun SpellingErrorV2 SCXW115934894 BCX0\">Cotton<\/span><\/span><span class=\"TextRun SCXW115934894 BCX0\" lang=\"PT-BR\" xml:lang=\"PT-BR\" data-contrast=\"auto\"><span class=\"NormalTextRun SCXW115934894 BCX0\">\u00a0<\/span><\/span><span class=\"TextRun SCXW115934894 BCX0\" lang=\"PT-BR\" xml:lang=\"PT-BR\" data-contrast=\"auto\"><span class=\"NormalTextRun SpellingErrorV2 SCXW115934894 BCX0\">Incorporated<\/span><\/span><span class=\"TextRun SCXW115934894 BCX0\" lang=\"PT-BR\" xml:lang=\"PT-BR\" data-contrast=\"auto\"><span class=\"NormalTextRun SCXW115934894 BCX0\">.\u00a0<\/span><\/span><span class=\"TextRun SCXW115934894 BCX0\" lang=\"PT\" xml:lang=\"PT\" data-contrast=\"auto\"><span class=\"NormalTextRun SCXW115934894 BCX0\">A camada exterior cont\u00e9m ao menos 15% de algod\u00e3o org\u00e2nico supermacio<\/span><\/span><span class=\"EOP SCXW115934894 BCX0\" data-ccp-props=\"{&quot;201341983&quot;:0,&quot;335551550&quot;:6,&quot;335551620&quot;:6,&quot;335559739&quot;:160,&quot;335559740&quot;:257}\">\u00a0<\/span>[\/vc_icon][vc_empty_space empty_h=&#8221;0&#8243;][vc_icon position=&#8221;left&#8221; icon_image=&#8221;1202&#8243; icon_color=&#8221;color-wvjs&#8221; media_size=&#8221;60&#8243; text_size=&#8221;h4&#8243; title=&#8221;<b>Design<\/b> Moderno&#8221;]<span class=\"TextRun SCXW18440087 BCX0\" lang=\"PT\" xml:lang=\"PT\" data-contrast=\"auto\"><span class=\"NormalTextRun SCXW18440087 BCX0\">\u00a0I<\/span><\/span><span class=\"TextRun SCXW18440087 BCX0\" lang=\"PT\" xml:lang=\"PT\" data-contrast=\"auto\"><span class=\"NormalTextRun SCXW18440087 BCX0\">mpresso com tintas seguras<\/span><\/span>[\/vc_icon][vc_empty_space empty_h=&#8221;0&#8243;][vc_button button_color=&#8221;accent&#8221; size=&#8221;btn-lg&#8221; radius=&#8221;btn-circle&#8221; outline=&#8221;yes&#8221; border_width=&#8221;0&#8243; el_class=&#8221;btn-full&#8221; link=&#8221;url:..%2Fsustainability%2F%23certifications|||&#8221;]Sabe mais[\/vc_button][vc_empty_space empty_h=&#8221;2&#8243;][vc_custom_heading heading_semantic=&#8221;h4&#8243; text_size=&#8221;h3&#8243; text_weight=&#8221;400&#8243;]<span class=\"TextRun SCXW21469175 BCX0\" lang=\"EN-GB\" xml:lang=\"EN-GB\" data-contrast=\"auto\"><span class=\"NormalTextRun SpellingErrorV2 SCXW21469175 BCX0\">Nosso<\/span><\/span><span class=\"TextRun SCXW21469175 BCX0\" lang=\"EN-GB\" xml:lang=\"EN-GB\" data-contrast=\"auto\"><span class=\"NormalTextRun SCXW21469175 BCX0\">\u00a0<\/span><\/span><span class=\"TextRun SCXW21469175 BCX0\" lang=\"EN-GB\" xml:lang=\"EN-GB\" data-contrast=\"auto\"><span class=\"NormalTextRun SCXW21469175 BCX0\">design\u00a0<\/span><\/span><span class=\"TextRun SCXW21469175 BCX0\" lang=\"EN-GB\" xml:lang=\"EN-GB\" data-contrast=\"auto\"><span class=\"NormalTextRun SCXW21469175 BCX0\">en<\/span><\/span><span class=\"TextRun SCXW21469175 BCX0\" lang=\"EN-GB\" xml:lang=\"EN-GB\" data-contrast=\"auto\"><span class=\"NormalTextRun SCXW21469175 BCX0\"> T5 Junior:<\/span><\/span>[\/vc_custom_heading][vc_single_image media=&#8221;12248&#8243; media_width_percent=&#8221;100&#8243;][\/vc_column][\/vc_row][vc_row][vc_column width=&#8221;1\/1&#8243;][uncode_block id=&#8221;3275&#8243;][\/vc_column][\/vc_row]<\/p>\n<\/div>","protected":false},"excerpt":{"rendered":"<p>13-18 KG<\/p>\n","protected":false},"author":6,"featured_media":24037,"parent":6955,"menu_order":75,"comment_status":"closed","ping_status":"closed","template":"","meta":{"_acf_changed":false,"footnotes":""},"height":[6447],"weight":[],"class_list":["post-7407","page","type-page","status-publish","has-post-thumbnail","hentry","height-95-115-cm-pt-pt","page_category-fraldas-pn"],"acf":[],"_links":{"self":[{"href":"https:\/\/www.moltexbaby.com\/pt-pt\/wp-json\/wp\/v2\/pages\/7407","targetHints":{"allow":["GET"]}}],"collection":[{"href":"https:\/\/www.moltexbaby.com\/pt-pt\/wp-json\/wp\/v2\/pages"}],"about":[{"href":"https:\/\/www.moltexbaby.com\/pt-pt\/wp-json\/wp\/v2\/types\/page"}],"author":[{"embeddable":true,"href":"https:\/\/www.moltexbaby.com\/pt-pt\/wp-json\/wp\/v2\/users\/6"}],"replies":[{"embeddable":true,"href":"https:\/\/www.moltexbaby.com\/pt-pt\/wp-json\/wp\/v2\/comments?post=7407"}],"version-history":[{"count":0,"href":"https:\/\/www.moltexbaby.com\/pt-pt\/wp-json\/wp\/v2\/pages\/7407\/revisions"}],"up":[{"embeddable":true,"href":"https:\/\/www.moltexbaby.com\/pt-pt\/wp-json\/wp\/v2\/pages\/6955"}],"wp:featuredmedia":[{"embeddable":true,"href":"https:\/\/www.moltexbaby.com\/pt-pt\/wp-json\/wp\/v2\/media\/24037"}],"wp:attachment":[{"href":"https:\/\/www.moltexbaby.com\/pt-pt\/wp-json\/wp\/v2\/media?parent=7407"}],"wp:term":[{"taxonomy":"height","embeddable":true,"href":"https:\/\/www.moltexbaby.com\/pt-pt\/wp-json\/wp\/v2\/height?post=7407"},{"taxonomy":"weight","embeddable":true,"href":"https:\/\/www.moltexbaby.com\/pt-pt\/wp-json\/wp\/v2\/weight?post=7407"}],"curies":[{"name":"wp","href":"https:\/\/api.w.org\/{rel}","templated":true}]}}