{"id":20181,"date":"2022-05-05T13:52:49","date_gmt":"2022-05-05T13:52:49","guid":{"rendered":"https:\/\/www.moltexbaby.com\/?page_id=20181"},"modified":"2022-08-09T20:06:34","modified_gmt":"2022-08-09T20:06:34","slug":"pelena","status":"publish","type":"page","link":"https:\/\/www.moltexbaby.com\/sq\/pelena\/","title":{"rendered":"Pelena"},"content":{"rendered":"<div class=\"wpb-content-wrapper\"><p>[vc_row row_height_percent=&#8221;0&#8243; overlay_alpha=&#8221;50&#8243; gutter_size=&#8221;2&#8243; column_width_percent=&#8221;100&#8243; shift_y=&#8221;0&#8243; z_index=&#8221;0&#8243;][vc_column column_width_use_pixel=&#8221;yes&#8221; align_horizontal=&#8221;align_center&#8221; gutter_size=&#8221;3&#8243; override_padding=&#8221;yes&#8221; column_padding=&#8221;3&#8243; back_color=&#8221;color-lxmt&#8221; overlay_alpha=&#8221;50&#8243; shift_x=&#8221;0&#8243; shift_y=&#8221;0&#8243; shift_y_down=&#8221;0&#8243; z_index=&#8221;0&#8243; medium_width=&#8221;0&#8243; mobile_width=&#8221;0&#8243; sticky=&#8221;yes&#8221; radius=&#8221;xl&#8221; width=&#8221;5\/12&#8243; uncode_shortcode_id=&#8221;699260&#8243; back_color_type=&#8221;uncode-palette&#8221; column_width_pixel=&#8221;320px&#8221;][vc_gallery el_id=&#8221;carousel-albanian-top&#8221; type=&#8221;carousel&#8221; medias=&#8221;20294,20316,20305,20327,20338,20349,20360,20371&#8243; carousel_lg=&#8221;1&#8243; carousel_md=&#8221;1&#8243; carousel_sm=&#8221;1&#8243; thumb_size=&#8221;one-one&#8221; gutter_size=&#8221;3&#8243; media_items=&#8221;media|lightbox|original&#8221; carousel_v_align=&#8221;middle&#8221; carousel_interval=&#8221;0&#8243; carousel_navspeed=&#8221;400&#8243; carousel_loop=&#8221;yes&#8221; carousel_nav=&#8221;yes&#8221; carousel_nav_mobile=&#8221;yes&#8221; carousel_dots=&#8221;yes&#8221; carousel_dots_mobile=&#8221;yes&#8221; stage_padding=&#8221;0&#8243; single_overlay_opacity=&#8221;50&#8243; single_overlay_anim=&#8221;no&#8221; single_text_anim=&#8221;no&#8221; single_image_anim=&#8221;no&#8221; single_padding=&#8221;2&#8243; single_border=&#8221;yes&#8221; uncode_shortcode_id=&#8221;397441&#8243; el_class=&#8221;mtx-slider show-pagination mtx-product-carousel&#8221;][\/vc_column][vc_column column_width_percent=&#8221;80&#8243; gutter_size=&#8221;2&#8243; overlay_alpha=&#8221;50&#8243; shift_x=&#8221;0&#8243; shift_y=&#8221;0&#8243; shift_y_down=&#8221;0&#8243; z_index=&#8221;0&#8243; medium_width=&#8221;0&#8243; mobile_width=&#8221;0&#8243; width=&#8221;7\/12&#8243; el_class=&#8221;mtx-product-block&#8221; uncode_shortcode_id=&#8221;169675&#8243;][vc_empty_space empty_h=&#8221;2&#8243; mobile_visibility=&#8221;yes&#8221;][vc_row_inner row_inner_height_percent=&#8221;0&#8243; back_image=&#8221;20730&#8243; back_repeat=&#8221;no-repeat&#8221; back_position=&#8221;right center&#8221; overlay_alpha=&#8221;50&#8243; equal_height=&#8221;yes&#8221; gutter_size=&#8221;3&#8243; shift_y=&#8221;0&#8243; z_index=&#8221;0&#8243; uncode_shortcode_id=&#8221;141123&#8243; el_class=&#8221;sq-bg-heading&#8221; back_size=&#8221;contain&#8221;][vc_column_inner column_width_percent=&#8221;100&#8243; position_vertical=&#8221;middle&#8221; gutter_size=&#8221;3&#8243; overlay_alpha=&#8221;50&#8243; shift_x=&#8221;0&#8243; shift_y=&#8221;0&#8243; shift_y_down=&#8221;0&#8243; z_index=&#8221;0&#8243; medium_width=&#8221;0&#8243; mobile_width=&#8221;5&#8243; width=&#8221;1\/1&#8243;][vc_custom_heading heading_semantic=&#8221;h1&#8243; uncode_shortcode_id=&#8221;193351&#8243;]P\u00ebrshkrimi[\/vc_custom_heading][\/vc_column_inner][\/vc_row_inner][vc_column_text uncode_shortcode_id=&#8221;139863&#8243;]Moltex Ekstra T\u00eb Thata &#8211; kjo \u00ebsht\u00eb zgjidhja m\u00eb e mir\u00eb p\u00ebr prind\u00ebrit<\/p>\n<p>Pelenat kan\u00eb kanale me thithje t\u00eb shpejt\u00eb, jan\u00eb super fleksib\u00ebl, si edhe me mbrojtje t\u00eb dyfisht\u00eb p\u00ebr rrjedhjet.<br \/>\nFoshnja \u00ebsht\u00eb e garantuar se do t\u00eb jet\u00eb e that\u00eb dhe do ndihet rehat.[\/vc_column_text][vc_empty_space empty_h=&#8221;2&#8243;][vc_custom_heading heading_semantic=&#8221;h4&#8243; text_size=&#8221;h4&#8243; uncode_shortcode_id=&#8221;189852&#8243;]Ofrohet n\u00eb masa t\u00eb ndryshme :[\/vc_custom_heading][uncode_list el_class=&#8221;type-list&#8221; uncode_shortcode_id=&#8221;156605&#8243;]<\/p>\n<ul class=\"mtx-info-buttons\">\n<li id=\"mtx-mini\" class=\"mini\">MINI<\/li>\n<li id=\"mtx-midi\" class=\"midi\">midi<\/li>\n<li id=\"mtx-maxi\" class=\"maxi\">maxi<\/li>\n<li id=\"mtx-junior\" class=\"junior\">junior<\/li>\n<li id=\"mtx-xl\" class=\"XL\">XL<\/li>\n<\/ul>\n<p>[\/uncode_list][vc_column_text uncode_shortcode_id=&#8221;151739&#8243; el_id=&#8221;mtx-mini-description&#8221; el_class=&#8221;button-description&#8221;]Produktet Mini jan\u00eb projektuar p\u00ebr foshnja nga 3 deri 8 kg, 36 cop\u00eb p\u00ebr pako.<\/p>\n<p>Foshnja juaj po rritet dhe \u00ebsht\u00eb b\u00ebr\u00eb tashm\u00eb disa jav\u00ebsh. Ata fillojn\u00eb t\u00eb zbulojn\u00eb bot\u00ebn p\u00ebrreth dhe stimulohen m\u00eb shum\u00eb nga ato \u00e7ka gjenden aty pran\u00eb tyre. Pelenat Ekstra T\u00eb Thata Moltex T\u00eb Ajrueshme kan\u00eb kanale thith\u00ebse, fal\u00eb t\u00eb cilave f\u00ebmija ka mbrojtje deri n\u00eb 12 or\u00eb. Fal\u00eb form\u00ebs anatomike t\u00eb pelen\u00ebs, ato marrin form\u00ebn e trupit t\u00eb foshnj\u00ebs, duke mund\u00ebsuar l\u00ebvizje t\u00eb lirshme. Panelet elastike an\u00ebsore sigurojn\u00eb p\u00ebrshtatje optimale n\u00eb stomakun tuaj. Barrierat mbrojt\u00ebse brenda pelen\u00ebs sjellin mbrojtje shtes\u00eb.[\/vc_column_text][vc_column_text uncode_shortcode_id=&#8221;784822&#8243; el_id=&#8221;mtx-midi-description&#8221; el_class=&#8221;button-description&#8221;]Produktet MIDI jan\u00eb projektuar p\u00ebr f\u00ebmij\u00eb nga 6 deri 10 kg, 32 ose 64 cop\u00eb p\u00ebr pako..<\/p>\n<p>Foshnja juaj mund ket\u00eb t\u00eb filluar t\u00eb ec\u00eb k\u00ebmbadoras&#8230; \u00cbsht\u00eb koha t\u00eb l\u00ebviz\u00eb, kap\u00eb dhe bashk\u00ebveproj\u00eb me ato q\u00eb ka p\u00ebrreth, fal\u00eb pelenave tona t\u00eb testuara dermatologjikisht, t\u00eb formuluara p\u00ebr t\u00eb qen\u00eb delikate n\u00eb l\u00ebkur\u00eb me p\u00ebrb\u00ebr\u00ebs t\u00eb but\u00eb dhe delikat\u00eb q\u00eb nuk p\u00ebrmbajn\u00eb lateks natyror, locione dhe aromatizues.[\/vc_column_text][vc_column_text uncode_shortcode_id=&#8221;989082&#8243; el_id=&#8221;mtx-maxi-description&#8221; el_class=&#8221;button-description&#8221;]Produktet Maxi jan\u00eb projektuar p\u00ebr foshnja nga 9 deri 14 kg, 30 ose 60 cop\u00eb p\u00ebr pako.<\/p>\n<p>Deri te k\u00ebmb\u00ebt! Foshnja juaj po vazhdon t\u00eb rritet dhe \u00ebsht\u00eb pran\u00eb festimit t\u00eb dit\u00eblindjes s\u00eb par\u00eb. Foshnjat mund t\u00eb nisin t\u00eb ecin p\u00ebrgjat\u00eb mureve ose mobiljeve p\u00ebr t\u00eb shkuar edhe m\u00eb tej. Fal\u00eb modeleve tona moderne, stimulohet krijimtaria dhe imagjinata e foshnj\u00ebs. \u00c7far\u00eb p\u00ebrvoje! Pelenat tona t\u00eb buta dhe elastike nuk e acarojn\u00eb l\u00ebkur\u00ebn e foshnj\u00ebs dhe l\u00ebvizja e f\u00ebmij\u00ebs \u00ebsht\u00eb e lirshme. Pelenat tona sjellin rehati dhe siguri t\u00eb m\u00ebtejshme gjat\u00eb hapave t\u00eb par\u00eb.[\/vc_column_text][vc_column_text uncode_shortcode_id=&#8221;199826&#8243; el_id=&#8221;mtx-junior-description&#8221; el_class=&#8221;button-description&#8221;]Pelenat Junior jan\u00eb projektuar p\u00ebr f\u00ebmij\u00eb nga 11 deri 16 kg, 26 ose 52 cop\u00eb p\u00ebr pako.<\/p>\n<p>Duket sikur f\u00ebmija juaj ka lindur dje, por koha fluturon kaq shpejt&#8230; F\u00ebmij\u00ebve u p\u00eblqen t\u00eb luajn\u00eb dhe t\u00eb eksplorojn\u00eb n\u00eb natyr\u00eb&#8230; Fal\u00eb modeleve tona moderne, stimulohet krijimtaria dhe imagjinata e tyre. \u00c7far\u00eb p\u00ebrvoje! Pelenat tona do t\u00eb sjellin rehati dhe siguri t\u00eb m\u00ebtejshme n\u00eb rrug\u00ebtimin e tyre.[\/vc_column_text][vc_column_text uncode_shortcode_id=&#8221;146117&#8243; el_id=&#8221;mtx-xl-description&#8221; el_class=&#8221;button-description&#8221;]Pelenat XL jan\u00eb projektuar p\u00ebr f\u00ebmij\u00eb nga 15 kg e lart, 28 cop\u00eb p\u00ebr pako.<\/p>\n<p>Foshnja juaj nuk \u00ebsht\u00eb m\u00eb bebe tani! Kopshti po afron. F\u00ebmija juaj ka lirin\u00eb t\u00eb g\u00ebzoj\u00eb \u00e7do \u00e7ast n\u00eb rehati t\u00eb natyrshme.[\/vc_column_text][vc_empty_space empty_h=&#8221;2&#8243;][vc_single_image media=&#8221;20203&#8243; media_width_percent=&#8221;100&#8243; uncode_shortcode_id=&#8221;521664&#8243;][vc_empty_space empty_h=&#8221;2&#8243;][vc_custom_heading heading_semantic=&#8221;h4&#8243; text_size=&#8221;h3&#8243; text_weight=&#8221;400&#8243; uncode_shortcode_id=&#8221;125872&#8243;]P\u00ebrb\u00ebrja[\/vc_custom_heading][vc_icon position=&#8221;left&#8221; icon_image=&#8221;20226&#8243; icon_color=&#8221;color-wvjs&#8221; media_size=&#8221;60&#8243; text_size=&#8221;h4&#8243; uncode_shortcode_id=&#8221;959047&#8243; icon_color_type=&#8221;uncode-palette&#8221;]<strong>Kanale thith\u00ebse me tharje t\u00eb shpejt\u00eb<\/strong><br \/>\nThithja e shpejt\u00eb e b\u00ebn l\u00ebkur\u00ebn t\u00eb ndihet e that\u00eb[\/vc_icon][vc_icon position=&#8221;left&#8221; icon_image=&#8221;20215&#8243; icon_color=&#8221;color-wvjs&#8221; media_size=&#8221;60&#8243; text_size=&#8221;h4&#8243; uncode_shortcode_id=&#8221;766423&#8243; icon_color_type=&#8221;uncode-palette&#8221;]<strong>Deri n\u00eb 12 or\u00eb mbrojtje<\/strong><br \/>\nGjum\u00eb i qet\u00eb nat\u00ebn[\/vc_icon][vc_icon position=&#8221;left&#8221; icon_image=&#8221;20248&#8243; icon_color=&#8221;color-wvjs&#8221; media_size=&#8221;60&#8243; heading_semantic=&#8221;h4&#8243; text_size=&#8221;h4&#8243; uncode_shortcode_id=&#8221;205332&#8243; icon_color_type=&#8221;uncode-palette&#8221;]<strong>Mbrojtje e dyfisht\u00eb p\u00ebr rrjedhjet<\/strong><br \/>\nNuk ka rrjedhje jasht\u00eb pelen\u00ebs fal\u00eb mbrojtjes me penges\u00eb dyan\u00ebshe[\/vc_icon][vc_icon position=&#8221;left&#8221; icon_image=&#8221;20259&#8243; icon_color=&#8221;color-wvjs&#8221; media_size=&#8221;60&#8243; text_size=&#8221;h4&#8243; uncode_shortcode_id=&#8221;170664&#8243; icon_color_type=&#8221;uncode-palette&#8221;]<strong>Rehati optimale n\u00eb elasticitet <\/strong><br \/>\nOfron nj\u00eb p\u00ebrshtatje t\u00eb rehatshme p\u00ebr pelen\u00ebn.[\/vc_icon][vc_icon position=&#8221;left&#8221; icon_image=&#8221;20237&#8243; icon_color=&#8221;color-wvjs&#8221; media_size=&#8221;60&#8243; text_size=&#8221;h4&#8243; uncode_shortcode_id=&#8221;874594&#8243; icon_color_type=&#8221;uncode-palette&#8221;]<strong>Dermatologjikisht i testuar<\/strong><br \/>\nNuk shkakton acarim t\u00eb l\u00ebkur\u00ebs apo alergji[\/vc_icon][vc_empty_space empty_h=&#8221;2&#8243;][vc_button button_color=&#8221;color-293417&#8243; size=&#8221;btn-lg&#8221; radius=&#8221;btn-circle&#8221; outline=&#8221;yes&#8221; border_width=&#8221;0&#8243; scale_mobile=&#8221;no&#8221; link=&#8221;url:%23&#8243; button_color_type=&#8221;uncode-palette&#8221; uncode_shortcode_id=&#8221;636507&#8243; el_class=&#8221;mtx-full-mobile&#8221;]M\u00ebso m\u00eb shum\u00eb[\/vc_button][vc_empty_space empty_h=&#8221;4&#8243;][vc_custom_heading heading_semantic=&#8221;h4&#8243; text_size=&#8221;h3&#8243; text_weight=&#8221;400&#8243; uncode_shortcode_id=&#8221;100175&#8243;]Model unik[\/vc_custom_heading][vc_empty_space empty_h=&#8221;2&#8243;][vc_gallery el_id=&#8221;carousel-albanian-bottom&#8221; type=&#8221;carousel&#8221; medias=&#8221;20510,20521,20532,20543,20554&#8243; carousel_lg=&#8221;1&#8243; carousel_md=&#8221;1&#8243; carousel_sm=&#8221;1&#8243; gutter_size=&#8221;3&#8243; media_items=&#8221;media|lightbox|original&#8221; carousel_v_align=&#8221;middle&#8221; carousel_interval=&#8221;0&#8243; carousel_navspeed=&#8221;400&#8243; carousel_loop=&#8221;yes&#8221; carousel_nav=&#8221;yes&#8221; carousel_nav_mobile=&#8221;yes&#8221; carousel_dots=&#8221;yes&#8221; carousel_dots_mobile=&#8221;yes&#8221; stage_padding=&#8221;0&#8243; single_overlay_opacity=&#8221;50&#8243; single_overlay_anim=&#8221;no&#8221; single_text_anim=&#8221;no&#8221; single_image_anim=&#8221;no&#8221; single_padding=&#8221;2&#8243; single_border=&#8221;yes&#8221; uncode_shortcode_id=&#8221;638022&#8243; el_class=&#8221;mtx-product-carousel mtx-slider show-pagination&#8221;][\/vc_column][\/vc_row][vc_row row_height_percent=&#8221;0&#8243; override_padding=&#8221;yes&#8221; h_padding=&#8221;0&#8243; top_padding=&#8221;0&#8243; bottom_padding=&#8221;0&#8243; overlay_alpha=&#8221;50&#8243; gutter_size=&#8221;3&#8243; column_width_percent=&#8221;100&#8243; shift_y=&#8221;0&#8243; z_index=&#8221;0&#8243; uncode_shortcode_id=&#8221;220746&#8243;][vc_column width=&#8221;1\/1&#8243;][vc_raw_js]JTNDc2NyaXB0JTIwdHlwZSUzRCUyMnRleHQlMkZqYXZhc2NyaXB0JTIyJTNFJTIwJTBBalF1ZXJ5JTI4JTIwJTI3Lm10eC1pbmZvLWJ1dHRvbnMlMjBsaSUyNyUyMCUyOS5jbGljayUyOGZ1bmN0aW9uJTIwJTI4JTI5JTIwJTdCJTBBalF1ZXJ5JTI4JTI3Lm10eC1pbmZvLWJ1dHRvbnMlMjBsaSUyNyUyOS5yZW1vdmVDbGFzcyUyOCUyN2FjdGl2ZSUyNyUyOSUzQiUwQWpRdWVyeSUyOHRoaXMlMjkuYWRkQ2xhc3MlMjglMjdhY3RpdmUlMjclMjklM0IlMEFqUXVlcnklMjglMjcuYnV0dG9uLWRlc2NyaXB0aW9uJTI3JTI5LmhpZGUlMjglMjklM0IlMEFjb25zdCUyMGJ1dHRvbklkJTIwJTNEJTIwalF1ZXJ5JTI4dGhpcyUyOS5hdHRyJTI4JTI3aWQlMjclMjklM0IlMEFjb25zdCUyMGRlc2NyaXB0aW9uQmxvY2tJZCUyMCUzRCUyMGJ1dHRvbklkJTIwJTJCJTIwJTI3LWRlc2NyaXB0aW9uJTI3JTNCJTBBalF1ZXJ5JTI4JTI3JTIzJTI3JTIwJTJCJTIwZGVzY3JpcHRpb25CbG9ja0lkJTI5LnNsaWRlRG93biUyOCUyMCUyMnNsb3clMjIlMjAlMjklM0IlMEElN0QlMjklM0IlMEElMEElMEElMjAlM0MlMkZzY3JpcHQlM0U=[\/vc_raw_js][\/vc_column][\/vc_row]<\/p>\n<\/div>","protected":false},"excerpt":{"rendered":"<p>[vc_row row_height_percent=&#8221;0&#8243; overlay_alpha=&#8221;50&#8243; gutter_size=&#8221;2&#8243; column_width_percent=&#8221;100&#8243; shift_y=&#8221;0&#8243; z_index=&#8221;0&#8243;][vc_column column_width_use_pixel=&#8221;yes&#8221; align_horizontal=&#8221;align_center&#8221; gutter_size=&#8221;3&#8243; override_padding=&#8221;yes&#8221; column_padding=&#8221;3&#8243; back_color=&#8221;color-lxmt&#8221; overlay_alpha=&#8221;50&#8243; shift_x=&#8221;0&#8243; shift_y=&#8221;0&#8243; shift_y_down=&#8221;0&#8243; z_index=&#8221;0&#8243; medium_width=&#8221;0&#8243; mobile_width=&#8221;0&#8243; [&hellip;]<\/p>\n","protected":false},"author":13,"featured_media":0,"parent":0,"menu_order":21,"comment_status":"closed","ping_status":"closed","template":"","meta":{"_acf_changed":false,"footnotes":""},"height":[],"weight":[],"class_list":["post-20181","page","type-page","status-publish","hentry"],"acf":[],"_links":{"self":[{"href":"https:\/\/www.moltexbaby.com\/sq\/wp-json\/wp\/v2\/pages\/20181","targetHints":{"allow":["GET"]}}],"collection":[{"href":"https:\/\/www.moltexbaby.com\/sq\/wp-json\/wp\/v2\/pages"}],"about":[{"href":"https:\/\/www.moltexbaby.com\/sq\/wp-json\/wp\/v2\/types\/page"}],"author":[{"embeddable":true,"href":"https:\/\/www.moltexbaby.com\/sq\/wp-json\/wp\/v2\/users\/13"}],"replies":[{"embeddable":true,"href":"https:\/\/www.moltexbaby.com\/sq\/wp-json\/wp\/v2\/comments?post=20181"}],"version-history":[{"count":0,"href":"https:\/\/www.moltexbaby.com\/sq\/wp-json\/wp\/v2\/pages\/20181\/revisions"}],"wp:attachment":[{"href":"https:\/\/www.moltexbaby.com\/sq\/wp-json\/wp\/v2\/media?parent=20181"}],"wp:term":[{"taxonomy":"height","embeddable":true,"href":"https:\/\/www.moltexbaby.com\/sq\/wp-json\/wp\/v2\/height?post=20181"},{"taxonomy":"weight","embeddable":true,"href":"https:\/\/www.moltexbaby.com\/sq\/wp-json\/wp\/v2\/weight?post=20181"}],"curies":[{"name":"wp","href":"https:\/\/api.w.org\/{rel}","templated":true}]}}