{"id":20185,"date":"2022-05-05T13:59:08","date_gmt":"2022-05-05T13:59:08","guid":{"rendered":"https:\/\/www.moltexbaby.com\/?page_id=20185"},"modified":"2022-05-31T10:29:10","modified_gmt":"2022-05-31T10:29:10","slug":"kushtet-e-perdorimit","status":"publish","type":"page","link":"https:\/\/www.moltexbaby.com\/sq\/kushtet-e-perdorimit\/","title":{"rendered":"Kushtet e p\u00ebrdorimit"},"content":{"rendered":"<div class=\"wpb-content-wrapper\"><p>[vc_row][vc_column width=&#8221;1\/1&#8243;][vc_column_text uncode_shortcode_id=&#8221;207721&#8243;]<\/p>\n<h2>Kushtet e p\u00ebrdorimit<\/h2>\n<p><strong>Pasqyra e l\u00ebnd\u00ebs<\/strong><br \/>\n\u2013 Pranimi dhe modifikimi i &#8220;Kushteve t\u00eb p\u00ebrdorimit&#8221;<br \/>\n\u2013 Qasja n\u00eb uebsajt \u2013 L\u00ebnda e uebsajtit<br \/>\n\u2013 P\u00ebrdorimi i uebsajtit<br \/>\n\u2013 T\u00eb drejtat e pron\u00ebsis\u00eb intelektuale<br \/>\n\u2013 Linqet e uebsajteve dhe sh\u00ebrbimeve t\u00eb pal\u00ebve t\u00eb treta<br \/>\n\u2013 Koh\u00ebzgjatja dhe nd\u00ebrprerja<br \/>\n\u2013 P\u00ebrgjegj\u00ebsia<br \/>\n\u2013 T\u00eb p\u00ebrgjithshme<br \/>\n\u2013 Ligji n\u00eb fuqi \u2013 Zgjidhja e mosmarr\u00ebveshjeve<\/p>\n<p><strong>Pranimi dhe modifikimi i &#8220;Kushteve t\u00eb p\u00ebrdorimit&#8221;<\/strong><\/p>\n<p>Me k\u00ebto kushte p\u00ebrdorimi (&#8220;Kushtet e p\u00ebrdorimit&#8221;) p\u00ebrcaktohet kuadri ligjor q\u00eb rregullon qasjen dhe p\u00ebrdorimin e uebsajtit &#8220;Moltexbaby.com&#8221; (&#8220;uebsajti&#8221;), i cili \u00ebsht\u00eb pron\u00eb e kompanis\u00eb kompanis\u00eb &#8220;Moltex Baby-Hygiene GmbH&#8221;, me num\u00ebr regjistrimi t\u00eb biznesit &#8220;HRB 11699&#8221; dhe me adres\u00eb n\u00eb: Robert-Bosch-Str. 8 \u2013 56727 Mayen, (\u201cOntex\u201d ose \u201cne\u201d), dhe p\u00ebrdoret nga kjo kompani.<\/p>\n<p>Qasja n\u00eb uebsajt dhe p\u00ebrdorimi i tij kusht\u00ebzohen nga pranimi nga ana juaj i &#8220;Kushteve t\u00eb p\u00ebrdorimit&#8221;, t\u00eb cilat jan\u00eb n\u00eb fuqi n\u00eb momentin kur ju e p\u00ebrdorni k\u00ebt\u00eb uebsajt dhe q\u00eb mund t\u00eb ndryshojn\u00eb nga kompania &#8220;Ontex&#8221; [shqipto: onteks] n\u00eb \u00e7do koh\u00eb. N\u00eb k\u00ebt\u00eb kuptim, duke iu qasur uebsajtit dhe duke e p\u00ebrdorur at\u00eb, ju pranoni automatikisht q\u00eb t\u00eb respektoni &#8220;Kushtet e p\u00ebrdorimit&#8221; dhe, p\u00ebr pasoj\u00eb, \u00e7do modifikim q\u00eb ka qen\u00eb n\u00eb fuqi n\u00eb momentin kur ju i jeni qasur uebsajtit ose e keni p\u00ebrdorur at\u00eb, dhe jeni dakord q\u00eb ky pranim t\u00eb ket\u00eb vler\u00eb ligjore t\u00eb nj\u00ebjt\u00eb me pranimin e shprehur me shkrim. N\u00eb rast se ju nuk bini dakord me &#8220;Kushtet e p\u00ebrdorimit&#8221;, ju nuk duhet t&#8217;i qaseni uebsajtit dhe as ta p\u00ebrdorni at\u00eb. P\u00ebrpara se ta p\u00ebrdorni uebsajtin, jeni t\u00eb lutur t\u00eb lexoni me kujdes &#8220;Kushtet e p\u00ebrdorimit&#8221; dhe &#8220;Politik\u00ebn e privat\u00ebsis\u00eb&#8221;, t\u00eb cilat mund t&#8217;i gjeni k\u00ebtu. Ju rekomandojm\u00eb t\u00eb lexoni &#8220;Kushtet e p\u00ebrdorimit&#8221; sa her\u00eb q\u00eb i qaseni uebsajtit.<\/p>\n<p><strong>Qasja n\u00eb uebsajt \u2013 L\u00ebnda e uebsajtit<\/strong><\/p>\n<p>Me kusht q\u00eb uebsajti t\u00eb p\u00ebrdoret n\u00eb p\u00ebrputhshm\u00ebri t\u00eb p\u00ebrsosur me &#8220;Kushtet e p\u00ebrdorimit&#8221;, ne ju pajisim me t\u00eb drejt\u00ebn personale, joekskluzive, t\u00eb patransferueshme dhe t\u00eb t\u00ebrheqshme p\u00ebr t\u00eb pasur qasje n\u00eb l\u00ebnd\u00ebn e uebsajtit (&#8220;l\u00ebnda&#8221;) dhe p\u00ebr ta p\u00ebrdorur at\u00eb vet\u00ebm me q\u00ebllim p\u00ebrdorimin e uebsajtit n\u00eb p\u00ebrputhje me &#8220;Kushtet e p\u00ebrdorimit&#8221;. T\u00eb gjitha t\u00eb drejtat e tjera p\u00ebrjashtohen n\u00eb m\u00ebnyr\u00eb t\u00eb shprehur.<\/p>\n<p>Kompania &#8220;Ontex&#8221; rezervon t\u00eb drejt\u00ebn p\u00ebr t\u00eb shtuar, fshir\u00eb ose modifikuar l\u00ebnd\u00ebn (n\u00eb m\u00ebnyr\u00eb t\u00eb p\u00ebrkohshme ose t\u00eb p\u00ebrhershme), t\u00eb bllokoj\u00eb qasjen n\u00eb uebsajt ose ta heq\u00eb nga linja uebsajtin n\u00eb \u00e7do koh\u00eb, pa njoftim paraprak, me q\u00ebllim q\u00eb t\u00eb mir\u00ebmbaj\u00eb dhe\/ose p\u00ebrmir\u00ebsoj\u00eb dhe\/ose modifikoj\u00eb uebsajtin<br \/>\nJu e kuptoni se mund ta p\u00ebrdorni uebsajtin vet\u00ebm n\u00ebse pajisja juaj lidhet me internetin. Tarifat e lidhjes ose qasjes, t\u00eb cilat ju ngarkohen p\u00ebr shkak t\u00eb p\u00ebrdorimit t\u00eb uebsajtit, jan\u00eb subjekt i kushteve me t\u00eb cilat ju keni r\u00ebn\u00eb dakord me ofruesin tuaj t\u00eb sh\u00ebrbimit t\u00eb internetit ose me operatorin tuaj t\u00eb telefonis\u00eb celulare. Ju jeni i vet\u00ebdijsh\u00ebm p\u00ebr rreziqet q\u00eb ndodhen n\u00eb vet\u00eb natyr\u00ebn e p\u00ebrdorimit t\u00eb internetit, duke p\u00ebrfshir\u00eb, por duke mos u kufizuar vet\u00ebm n\u00eb, rreziqet q\u00eb kan\u00eb t\u00eb b\u00ebjn\u00eb me mosdisponueshm\u00ebrin\u00eb e uebsajtit, mosruajtjen e konfidencialitetit ose humbjen e integritetit t\u00eb t\u00eb dh\u00ebnave t\u00eb transmetuara, sulmet e mundshme me viruse etj. Kompania &#8220;Ontex&#8221; b\u00ebn maksimumin p\u00ebr t\u00eb parandaluar \u00e7do sulm me virus n\u00eb uebsajt. Megjithat\u00eb, kompania &#8220;Ontex&#8221; nuk mund t\u00eb garantoj\u00eb munges\u00ebn e plot\u00eb t\u00eb viruseve dhe as nuk mund t\u00eb marr\u00eb p\u00ebrsip\u00ebr p\u00ebrgjegj\u00ebsi n\u00eb lidhje me k\u00ebt\u00eb. Ju rekomandojm\u00eb t\u00eb merrni masat e nevojshme p\u00ebrpara se ta p\u00ebrdorni uebsajtin dhe\/ose para se t\u00eb shkarkoni informacione nga uebsajti.<\/p>\n<p>N\u00eb rast se vendosni t\u00eb regjistroheni n\u00eb uebsajt, ju bini dakord q\u00eb t\u00eb mos e shp\u00ebrndani te pal\u00ebt e treta fjal\u00ebkalimin, t\u00eb dh\u00ebnat e llogaris\u00eb suaj dhe t\u00eb dh\u00ebnat q\u00eb sh\u00ebrbejn\u00eb p\u00ebr t\u00eb hyr\u00eb n\u00eb uebsajt. Llogaria juaj \u00ebsht\u00eb personale, prandaj p\u00ebr \u00e7do person fizik mund t\u00eb ket\u00eb vet\u00ebm nj\u00eb llogari. \u00cbsht\u00eb p\u00ebrgjegj\u00ebsia juaj t&#8217;i mbani sekret fjal\u00ebkalimin dhe t\u00eb dh\u00ebnat rreth llogaris\u00eb suaj. Ju jeni p\u00ebrgjegj\u00ebs p\u00ebr t\u00eb gjitha veprimtarit\u00eb q\u00eb kryhen n\u00eb kuad\u00ebr t\u00eb t\u00eb dh\u00ebnave tuaja t\u00eb hyrjes n\u00eb uebsajt, duke p\u00ebrdorur llogarin\u00eb ose pas qasjes suaj n\u00eb uebsajt.<\/p>\n<p><strong>P\u00ebrdorimi i uebsajtit<\/strong><\/p>\n<p>Ju nuk duhet t\u00eb qaseni n\u00eb uebsajt dhe as ta p\u00ebrdorni at\u00eb n\u00eb nj\u00eb m\u00ebnyr\u00eb q\u00eb mund t\u00eb d\u00ebmtoj\u00eb, \u00e7aktivizoj\u00eb, mbingarkoj\u00eb ose kompromentoj\u00eb llogarit\u00eb, sistemet e IT-s\u00eb ose rrjetet e kompanis\u00eb &#8220;Ontex&#8221;. Ju nuk duhet t\u00eb provoni t\u00eb hyni n\u00eb llogarit\u00eb, sistemet e IT-s\u00eb ose rrjetet e kompanis\u00eb &#8220;Ontex&#8221; pa pasur autorizim. Ju nuk duhet t\u00eb p\u00ebrpiqeni t\u00eb p\u00ebrdorni robot\u00ebt e eksplorimit t\u00eb rrjetit [web crawlers], mjete skrapimi [scraping tools] dhe mjete t\u00eb tjera t\u00eb automatizuara p\u00ebr t&#8217;iu qasur uebsajtit ose llogarive, sistemeve t\u00eb IT-s\u00eb ose rrjeteve t\u00eb kompanis\u00eb &#8220;Ontex&#8221; pa autorizim. Ju nuk duhet t&#8217;i qaseni, shkarkoni, p\u00ebrdorni ose eksportoni uebsajtin ose l\u00ebnd\u00ebn n\u00eb asnj\u00eb m\u00ebnyr\u00eb me t\u00eb cil\u00ebn cenohen rregulloret ose legjislacioni p\u00ebr eksportimin ose me t\u00eb cil\u00ebn cenohen rregulloret ose legjislacioni tjet\u00ebr n\u00eb fuqi.<\/p>\n<p>Pa kufizim, ju nuk duhet (i) t\u00eb modifikoni, riprodhoni, p\u00ebrfaq\u00ebsoni, p\u00ebrshtatni dhe\/ose p\u00ebrktheni t\u00eb gjith\u00eb ose nj\u00eb pjes\u00eb t\u00eb uebsajtit dhe\/ose l\u00ebnd\u00ebs; (ii) t\u00eb krijoni ekstrakt t\u00eb t\u00eb gjith\u00eb uebsajtit ose t\u00eb nj\u00eb pjese t\u00eb tij; dhe (iii) as t\u00eb publikoni dhe\/ose p\u00ebrdorni l\u00ebnd\u00ebn n\u00eb ndonj\u00eb uebsajt, medie ose rrjet (dhe as nuk mund t\u00eb autorizoni ndonj\u00eb pal\u00eb t\u00eb tret\u00eb q\u00eb ta veproj\u00eb k\u00ebshtu).<\/p>\n<p>N\u00ebse ju ftojn\u00eb t\u00eb publikoni materiale n\u00eb uebsajt (dometh\u00ebn\u00eb, por duke mos u kufizuar vet\u00ebm n\u00eb, komente p\u00ebr produktet ose sh\u00ebrbimet q\u00eb ofron kompania &#8220;Ontex&#8221;) (&#8220;publikimi&#8221; ose &#8220;publikimet&#8221;), ju garantoni se (i) ju mbani t\u00eb gjitha licencat, t\u00eb drejtat, marr\u00ebveshjet dhe autorizimet e nevojshme p\u00ebr t\u00eb p\u00ebrdorur dhe p\u00ebr t\u00eb autorizuar kompanin\u00eb &#8220;Ontex&#8221; q\u00eb t\u00eb p\u00ebrdor\u00eb t\u00eb gjitha t\u00eb drejtat e autorit, t\u00eb drejtat e mark\u00ebs tregtare dhe \u00e7do t\u00eb drejt\u00eb tjet\u00ebr pron\u00ebsie q\u00eb zbatohet p\u00ebr publikimet, dhe (iii) keni marr\u00eb miratimin me shkrim t\u00eb t\u00eb gjith\u00eb personave fizik\u00eb t\u00eb identifikuesh\u00ebm, p\u00ebr \u00e7do publikim, p\u00ebr t\u00eb p\u00ebrdorur emrat dhe imazhet e tyre p\u00ebrkat\u00ebse n\u00eb publikimin n\u00eb fjal\u00eb. Ju pranoni se nuk do t\u00eb d\u00ebrgoni publikime q\u00eb mund t\u00eb jen\u00eb t\u00eb paligjshme, imorale, t\u00eb turpshme, shpif\u00ebse, k\u00ebrc\u00ebnuese, pornografike, pedofilike, revizioniste (mohimi i Holokaustit), k\u00ebrc\u00ebnuese, urryese, raciste, abuzive, nxit\u00ebse t\u00eb urrejtjes politike ose raciste, ksenofobe, shkel\u00ebse t\u00eb ndonj\u00eb ligji ose rregulle t\u00eb detyrueshme ose q\u00eb jan\u00eb t\u00eb pap\u00ebrshtatshme n\u00eb \u00e7do m\u00ebnyr\u00eb tjet\u00ebr. Duke publikuar publikime n\u00eb uebsajt, ju i jepni kompanis\u00eb &#8220;Ontex&#8221; t\u00eb drejt\u00ebn p\u00ebr t\u00eb p\u00ebrdorur, riprodhuar dhe p\u00ebrfaq\u00ebsuar publikimet, n\u00eb m\u00ebnyr\u00eb t\u00eb plot\u00eb ose t\u00eb pjesshme, pa pages\u00eb, p\u00ebr p\u00ebrfitim t\u00eb t\u00eb gjith\u00eb bot\u00ebs, p\u00ebr t\u00eb gjitha kauzat, gjat\u00eb koh\u00ebzgjatjes ligjore t\u00eb mbrojtjes s\u00eb t\u00eb drejtave t\u00eb pron\u00ebsis\u00eb intelektuale q\u00eb kan\u00eb t\u00eb b\u00ebjn\u00eb me k\u00ebto publikime, me q\u00ebllim q\u00eb t\u00eb p\u00ebrmbushen nevojat e uebsajtit dhe t\u00eb promovohet uebsajti n\u00eb fjal\u00eb, dometh\u00ebn\u00eb p\u00ebr q\u00ebllime reklamimi ose tregtare.<\/p>\n<p><strong>T\u00eb drejtat e pron\u00ebsis\u00eb intelektuale<\/strong><\/p>\n<p>Uebsajti dhe l\u00ebnda e tij, si dhe e drejta e autorit dhe t\u00eb drejtat q\u00eb kan\u00eb t\u00eb b\u00ebjn\u00eb me mark\u00ebn tregtare, emrat tregtar\u00eb, vizatimet, imazhet, bazat e t\u00eb dh\u00ebnave, informacionet, t\u00eb dh\u00ebnat, tekstet, tingujt, fotografit\u00eb dhe grafik\u00ebt dhe t\u00eb gjitha kodet burimore, softuer\u00ebt dhe l\u00ebnd\u00ebt e tjera, jan\u00eb pron\u00eb e kompanis\u00eb &#8220;Ontex&#8221; ose e licencuesve t\u00eb saj dhe mbrohen me t\u00eb drejtat e pron\u00ebsis\u00eb intelektuale dhe me t\u00eb drejtat e tjera t\u00eb pron\u00ebsis\u00eb intelektuale n\u00eb nivel komb\u00ebtar dhe nd\u00ebrkomb\u00ebtar, duke p\u00ebrfshir\u00eb, por duke mos u kufizuar vet\u00ebm n\u00eb, t\u00eb drejtat e autorit dhe t\u00eb drejtat e nd\u00ebrlidhura me to, t\u00eb drejtat q\u00eb kan\u00eb t\u00eb b\u00ebjn\u00eb me bazat e t\u00eb dh\u00ebnave, modelet, markat dhe emrat tregtar\u00eb, patentat etj. Ju angazhoheni t\u00eb mos shfaqni ose p\u00ebrdorni logon ose markat e kompanis\u00eb &#8220;Ontex&#8221; n\u00eb asnj\u00eb m\u00ebnyr\u00eb pa marr\u00eb paraprakisht miratimin ton\u00eb me shkrim.<\/p>\n<p>Fakti q\u00eb ju i qaseni uebsajtit dhe\/ose l\u00ebnd\u00ebs dhe e p\u00ebrdorni at\u00eb nuk duhet t\u00eb interpretohet n\u00eb asnj\u00eb m\u00ebnyr\u00eb sikur ne po ju pajisim me licenc\u00eb p\u00ebr cil\u00ebndo prej k\u00ebtyre t\u00eb drejtave t\u00eb pron\u00ebsis\u00eb intelektuale. Ne rezervojm\u00eb t\u00eb gjitha t\u00eb drejtat q\u00eb kan\u00eb t\u00eb b\u00ebjn\u00eb me uebsajtin dhe l\u00ebnd\u00ebn, t\u00eb cilat nuk u jan\u00eb dh\u00ebn\u00eb juve n\u00eb m\u00ebnyr\u00eb t\u00eb shprehur.<\/p>\n<p>Ju mund ta p\u00ebrdorni uebsajtin ose l\u00ebnd\u00ebn e tij vet\u00ebm n\u00eb p\u00ebrputhje me &#8220;Kushtet e p\u00ebrdorimit&#8221;.<\/p>\n<p>N\u00ebse ju p\u00ebrdorni l\u00ebnd\u00ebn e uebsajtit ose elementet q\u00eb jan\u00eb pron\u00eb e kompanis\u00eb &#8220;Ontex&#8221; ose p\u00ebr t\u00eb cilat ajo mban licenc\u00eb, pa autorizimin e kompanis\u00eb &#8220;Ontex&#8221; ose n\u00eb nj\u00eb m\u00ebnyr\u00eb q\u00eb nuk p\u00ebrligjet nga &#8220;Kushtet e p\u00ebrdorimit&#8221;, ju mund t\u00eb cenoni t\u00eb drejtat tona t\u00eb pron\u00ebsis\u00eb intelektuale ose t\u00eb drejtat e pron\u00ebsis\u00eb intelektuale t\u00eb pal\u00ebve t\u00eb treta, duke p\u00ebrfshir\u00eb, por duke mos u kufizuar vet\u00ebm n\u00eb, t\u00eb drejtat e autorit dhe t\u00eb drejtat e nd\u00ebrlidhura me to, t\u00eb drejtat q\u00eb kan\u00eb t\u00eb b\u00ebjn\u00eb me bazat e t\u00eb dh\u00ebnave, dizajn\u00ebt dhe modelet, shenjat tregtare dhe markat tregtare, patentat dhe t\u00eb drejtat e tjera. N\u00eb raste t\u00eb tilla, ne rezervojm\u00eb t\u00eb drejt\u00ebn e plot\u00eb q\u00eb t&#8217;ua heqim automatikisht t\u00eb drejt\u00ebn tuaj p\u00ebr t&#8217;iu qasur uebsajtit dhe t\u00eb marrim \u00e7do mas\u00eb q\u00eb e gjykojm\u00eb t\u00eb p\u00ebrshtatshme p\u00ebr t\u00eb parandaluar, pezulluar ose p\u00ebrfituar kompensim p\u00ebr shkeljen e t\u00eb drejtave t\u00eb pron\u00ebsis\u00eb intelektuale. Asnj\u00eb e drejt\u00eb tjet\u00ebr e \u00e7far\u00ebdo lloji nuk u jepet si licenc\u00eb, nuk iu atribuohet dhe nuk iu transmetohet n\u00eb ndonj\u00eb m\u00ebnyr\u00eb tjet\u00ebr personave q\u00eb i qasen uebsajtit dhe\/ose p\u00ebrdornin l\u00ebnd\u00ebn.<br \/>\nLinqet e uebsajteve dhe sh\u00ebrbimeve t\u00eb pal\u00ebve t\u00eb treta<\/p>\n<p>Uebsajti p\u00ebrmban hiperlinqe q\u00eb t\u00eb \u00e7ojn\u00eb n\u00eb uebsajte t\u00eb tjera, t\u00eb cilat p\u00ebrdoren nga pal\u00eb t\u00eb treta, dhe n\u00eb burime t\u00eb tjera informacioni. K\u00ebto linqe dhe burime informacioni jepen p\u00ebr q\u00ebllime informimi. K\u00ebto uebsajte dhe informacionet q\u00eb ato p\u00ebrmbajn\u00eb nuk menaxhohen dhe as nuk kontrollohen nga kompania &#8220;Ontex&#8221;. Meqen\u00ebse ne nuk kemi kurrfar\u00eb kontrolli mbi k\u00ebto sh\u00ebrbime, ju pranoni dhe jeni dakord q\u00eb ne nuk jemi p\u00ebrgjegj\u00ebs (i) p\u00ebr disponueshm\u00ebrin\u00eb, l\u00ebnd\u00ebn, sakt\u00ebsin\u00eb, cil\u00ebsin\u00eb, reklamat dhe produktet q\u00eb kan\u00eb t\u00eb b\u00ebjn\u00eb me k\u00ebto sh\u00ebrbime t\u00eb jashtme dhe me \u00e7do element tjet\u00ebr t\u00eb disponuesh\u00ebm q\u00eb ka t\u00eb b\u00ebj\u00eb me k\u00ebto sh\u00ebrbime ose q\u00eb ofrohet p\u00ebrmes k\u00ebtyre sh\u00ebrbimeve, (ii) p\u00ebr mbrojtjen e t\u00eb dh\u00ebnave personale ose t\u00eb \u00e7do praktike tjet\u00ebr n\u00eb k\u00ebto uebsajte.<\/p>\n<p><strong>Koh\u00ebzgjatja dhe nd\u00ebrprerja<\/strong><\/p>\n<p>&#8220;Kushtet e p\u00ebrdorimit&#8221; vazhdojn\u00eb t\u00eb mbeten n\u00eb fuqi midis jush dhe nesh p\u00ebr aq koh\u00eb sa ju e p\u00ebrdorni uebsajtin.<br \/>\nN\u00eb rast se ne gjykojm\u00eb se p\u00ebrdorimi nga ana juaj i uebsajtit \u00ebsht\u00eb i paligjsh\u00ebm dhe\/ose i paautorizuar, dhe\/ose n\u00eb shkelje t\u00eb &#8220;Kushteve t\u00eb p\u00ebrdorimit&#8221;, ne rezervojm\u00eb t\u00eb drejt\u00ebn e plot\u00eb p\u00ebr t\u00eb zbatuar \u00e7do procedur\u00eb, dometh\u00ebn\u00eb t\u00eb nisim procedura ligjore, ashtu si\u00e7 e shohim t\u00eb nevojshme, dhe t\u00eb nd\u00ebrpresim qasjen tuaj n\u00eb uebsajt.<\/p>\n<p><strong>P\u00ebrgjegj\u00ebsia<\/strong><\/p>\n<p>T\u00eb dh\u00ebnat q\u00eb komunikohen n\u00eb uebsajt kan\u00eb t\u00eb b\u00ebjn\u00eb kryesisht me veprimtarit\u00eb e kompanis\u00eb &#8220;Ontex&#8221; n\u00eb fush\u00ebn e marketingut ose me t\u00eb dh\u00ebnat e saj financiare dhe\/ose ato t\u00eb kompanive t\u00eb saj t\u00eb nd\u00ebrlidhura. K\u00ebto t\u00eb dh\u00ebna jepen p\u00ebr q\u00ebllime informimi dhe nuk duhet t\u00eb interpretohen si angazhim n\u00eb em\u00ebr t\u00eb kompanis\u00eb &#8220;Ontex&#8221; dhe\/ose kompanive t\u00eb saj an\u00ebtare.<\/p>\n<p>Ju do t\u00eb jeni i vetmi person p\u00ebrgjegj\u00ebs p\u00ebr p\u00ebrdorimin e uebsajtit dhe p\u00ebr \u00e7do vendim q\u00eb merret n\u00eb lidhje me baz\u00ebn e t\u00eb dh\u00ebnave dhe\/ose informacionet q\u00eb mban uebsajti.<\/p>\n<p><strong>T\u00eb p\u00ebrgjithshme<\/strong><\/p>\n<p>&#8220;Kushtet e p\u00ebrdorimit&#8221; p\u00ebrb\u00ebjn\u00eb gjith\u00eb marr\u00ebveshjen midis jush dhe nesh n\u00eb lidhje me tem\u00ebn e k\u00ebtij dokumenti dhe z\u00ebvend\u00ebsojn\u00eb termat dhe kushtet e \u00e7do komunikimi tjet\u00ebr dhe\/ose reklame n\u00eb lidhje me uebsajtin.<\/p>\n<p>N\u00eb rast se ndonj\u00eb dispozit\u00eb e &#8220;Kushteve t\u00eb p\u00ebrdorimit&#8221; deklarohet e paligjshme, e pavlefshme ose e pazbatueshme nga ndonj\u00eb autoritet ose organ kompetent gjyq\u00ebsor, pavlefshm\u00ebria e asaj dispozite nuk cenon vlefshm\u00ebrin\u00eb e dispozitave t\u00eb tjera t\u00eb &#8220;Kushteve t\u00eb p\u00ebrdorimit&#8221;, t\u00eb cilat mbeten n\u00eb fuqi.<br \/>\nMosrespektimi nga ana e nj\u00eb pale e ndonj\u00eb t\u00eb drejte ose dispozite t\u00eb k\u00ebtyre &#8220;Kushteve p\u00ebrdorimi&#8221; nuk p\u00ebrb\u00ebn heqje dor\u00eb nga ajo e drejt\u00eb ose dispozit\u00eb.<br \/>\nJu angazhoheni t\u00eb d\u00ebmshp\u00ebrbleni, mbroni dhe mbani t\u00eb pacenuar kompanin\u00eb &#8220;Ontex&#8221; dhe p\u00ebrfaq\u00ebsuesit, drejtor\u00ebt, punonj\u00ebsit, n\u00ebnkontraktor\u00ebt dhe agjent\u00ebt e saj nga pasojat e \u00e7do k\u00ebrkese, padie, procedure, d\u00ebmi dhe kostoje q\u00eb vjen si pasoj\u00eb e cenimit t\u00eb &#8220;Kushteve t\u00eb p\u00ebrdorimit&#8221; nga ana juaj.<br \/>\n&#8220;Kushtet e p\u00ebrdorimit&#8221; rregullohen me ligjet e Gjermanis\u00eb.<\/p>\n<p>N\u00eb rast t\u00eb ndonj\u00eb mosmarr\u00ebveshjeje, ju mund ta d\u00ebrgoni pretendimin tuaj n\u00ebp\u00ebrmjet &#8220;Pjes\u00ebs s\u00eb kontaktit&#8221; t\u00eb k\u00ebtij uebsajti, me q\u00ebllim q\u00eb t\u00eb p\u00ebrpiqemi t\u00eb gjejm\u00eb nj\u00eb zgjidhje miq\u00ebsore p\u00ebr mosmarr\u00ebveshjen.<\/p>\n<p>Gjithashtu, ju mund t\u00eb b\u00ebni rekurs te sh\u00ebrbimi n\u00eb internet p\u00ebr zgjidhjen e mosmarr\u00ebveshjeve, i cili ofrohet nga Komisioni Evropian, n\u00eb p\u00ebrputhje me nenin 14 t\u00eb Rregullores (BE) nr. 524\/2013. K\u00ebt\u00eb platform\u00eb mund ta hapni duke klikuar n\u00eb linkun: https:\/\/webgate.ec.europa.eu\/odr\/<\/p>\n<p>\u00c7do mosmarr\u00ebveshje q\u00eb ka t\u00eb b\u00ebj\u00eb me p\u00ebrfundimin, vlefshm\u00ebrin\u00eb, interpretimin, ekzekutimin ose nd\u00ebrprerjen e &#8220;Kushteve t\u00eb p\u00ebrdorimit&#8221; i n\u00ebnshtrohet juridiksionit t\u00eb gjykatave (i) t\u00eb vendit t\u00eb kompanis\u00eb &#8220;Ontex&#8221;; ose (ii) vendit tuaj; ose (iii) vendndodhjes ku ofrohet sh\u00ebrbimi i qasjes n\u00eb uebsajt.[\/vc_column_text][\/vc_column][\/vc_row]<\/p>\n<\/div>","protected":false},"excerpt":{"rendered":"<p>[vc_row][vc_column width=&#8221;1\/1&#8243;][vc_column_text uncode_shortcode_id=&#8221;207721&#8243;] Kushtet e p\u00ebrdorimit Pasqyra e l\u00ebnd\u00ebs \u2013 Pranimi dhe modifikimi i &#8220;Kushteve t\u00eb p\u00ebrdorimit&#8221; \u2013 Qasja n\u00eb [&hellip;]<\/p>\n","protected":false},"author":13,"featured_media":0,"parent":0,"menu_order":225,"comment_status":"closed","ping_status":"closed","template":"","meta":{"_acf_changed":false,"footnotes":""},"height":[],"weight":[],"class_list":["post-20185","page","type-page","status-publish","hentry"],"acf":[],"_links":{"self":[{"href":"https:\/\/www.moltexbaby.com\/sq\/wp-json\/wp\/v2\/pages\/20185","targetHints":{"allow":["GET"]}}],"collection":[{"href":"https:\/\/www.moltexbaby.com\/sq\/wp-json\/wp\/v2\/pages"}],"about":[{"href":"https:\/\/www.moltexbaby.com\/sq\/wp-json\/wp\/v2\/types\/page"}],"author":[{"embeddable":true,"href":"https:\/\/www.moltexbaby.com\/sq\/wp-json\/wp\/v2\/users\/13"}],"replies":[{"embeddable":true,"href":"https:\/\/www.moltexbaby.com\/sq\/wp-json\/wp\/v2\/comments?post=20185"}],"version-history":[{"count":0,"href":"https:\/\/www.moltexbaby.com\/sq\/wp-json\/wp\/v2\/pages\/20185\/revisions"}],"wp:attachment":[{"href":"https:\/\/www.moltexbaby.com\/sq\/wp-json\/wp\/v2\/media?parent=20185"}],"wp:term":[{"taxonomy":"height","embeddable":true,"href":"https:\/\/www.moltexbaby.com\/sq\/wp-json\/wp\/v2\/height?post=20185"},{"taxonomy":"weight","embeddable":true,"href":"https:\/\/www.moltexbaby.com\/sq\/wp-json\/wp\/v2\/weight?post=20185"}],"curies":[{"name":"wp","href":"https:\/\/api.w.org\/{rel}","templated":true}]}}